{"id":566,"date":"2024-03-16T09:47:13","date_gmt":"2024-03-16T09:47:13","guid":{"rendered":"https:\/\/floratiara.com\/?post_type=product&#038;p=566"},"modified":"2025-03-04T04:42:42","modified_gmt":"2025-03-04T04:42:42","slug":"lumoava-morsiamen-kukka-otsapanta","status":"publish","type":"product","link":"https:\/\/floratiara.com\/fi\/p\/lumoava-morsiamen-kukka-otsapanta\/","title":{"rendered":"Elysian Garden pioni ruusu Kukka kruunu"},"content":{"rendered":"<p>Syleile ajatonta kauneutta meid\u00e4n Elysian Garden Flower Crown, huipulla kukka eleganssia. Huolellisesti k\u00e4sity\u00f6n\u00e4 valmistetut pionit, ruusut ja pikkuruiset kukat, jotka kietoutuvat reheviin lehtiin ja herkkiin marja-aksentteihin, odottavat tehostamaan erityist\u00e4 p\u00e4iv\u00e4\u00e4si. T\u00e4ydellinen h\u00e4ihin tai mihin tahansa juhlaan, t\u00e4m\u00e4 kruunu viimeistelee ilmeesi ripauksella omituisuutta ja glamouria. Korosta kampauksesi taideteokseksi t\u00e4ll\u00e4 lumoavalla lis\u00e4varusteella ja vaali sen her\u00e4tt\u00e4mi\u00e4 muistoja. Hemmottele itsesi armollisella ja vieh\u00e4tt\u00e4v\u00e4ll\u00e4 tavalla, jonka vain hieno kukkakruunumme voi tarjota - se on ehdoton valinta jokaiseen ikimuistoiseen tilaisuuteen.<\/p><p>Koostumus: valkoisia ja vaaleanpunaisia pioneita, vaaleanpunaisia ruusuja, valkoisia kukkia, vihreit\u00e4 lehti\u00e4, valkoisia marjoja.<\/p>","protected":false},"excerpt":{"rendered":"<div style=\"width: 90%;text-align: left;margin: auto\"><p style=\"text-align:center\"><b>\ud83d\udc51 K\u00e4dest\u00e4mme p\u00e4\u00e4h\u00e4si<\/b><br \/><i>Ylellinen kukka kruunut jokaiseen tilaisuuteen<\/i><\/p><ul><li>\u2702\ufe0f Crafted with Care in the Heart of <b>Suomi<\/b><\/li><li><b>\ud83d\udc90 Koostumus: valkoisia ja vaaleanpunaisia pioneita, vaaleanpunaisia ruusuja, valkoisia kukkia, vihreit\u00e4 lehti\u00e4, valkoisia marjoja.<\/b><\/li><\/ul><\/div>","protected":false},"featured_media":565,"template":"","meta":[],"product_brand":[],"product_cat":[61,60,73,59],"product_tag":[],"class_list":{"0":"post-566","1":"product","2":"type-product","3":"status-publish","4":"has-post-thumbnail","6":"product_cat-bridesmaid-floral-headpiece","7":"product_cat-floral-headpiece-flower-girl","8":"product_cat-pink-floral-headpiece","9":"product_cat-bridal-floral-headpiece","11":"first","12":"instock","13":"shipping-taxable","14":"purchasable","15":"product-type-simple"},"yoast_head":"<!-- This site is optimized with the Yoast SEO plugin v25.9 - https:\/\/yoast.com\/wordpress\/plugins\/seo\/ -->\n<title>Elysian Garden Peony Rose Flower Crown - Flora Tiara<\/title>\n<meta name=\"description\" content=\"Unique and beautiful: Shop our Elysian Garden Peony Rose Flower Crown. Premium high quality headpiece to make the occasion unforgettable.\" \/>\n<meta name=\"robots\" content=\"index, follow, max-snippet:-1, max-image-preview:large, max-video-preview:-1\" \/>\n<link rel=\"canonical\" href=\"https:\/\/floratiara.com\/fi\/p\/lumoava-morsiamen-kukka-otsapanta\/\" \/>\n<meta property=\"og:locale\" content=\"fi_FI\" \/>\n<meta property=\"og:type\" content=\"article\" \/>\n<meta property=\"og:title\" content=\"Elysian Garden Peony Rose Flower Crown - Flora Tiara\" \/>\n<meta property=\"og:description\" content=\"Unique and beautiful: Shop our Elysian Garden Peony Rose Flower Crown. Premium high quality headpiece to make the occasion unforgettable.\" \/>\n<meta property=\"og:url\" content=\"https:\/\/floratiara.com\/fi\/p\/lumoava-morsiamen-kukka-otsapanta\/\" \/>\n<meta property=\"og:site_name\" content=\"Flora Tiara\" \/>\n<meta property=\"article:modified_time\" content=\"2025-03-04T04:42:42+00:00\" \/>\n<meta property=\"og:image\" content=\"https:\/\/floratiara.com\/wp-content\/uploads\/2024\/03\/S769c0703974c43619e2706bad04abfccm.webp\" \/>\n\t<meta property=\"og:image:width\" content=\"1500\" \/>\n\t<meta property=\"og:image:height\" content=\"1500\" \/>\n\t<meta property=\"og:image:type\" content=\"image\/webp\" \/>\n<meta name=\"twitter:card\" content=\"summary_large_image\" \/>\n<meta name=\"twitter:label1\" content=\"Arvioitu lukuaika\" \/>\n\t<meta name=\"twitter:data1\" content=\"5 minuuttia\" \/>\n<script type=\"application\/ld+json\" class=\"yoast-schema-graph\">{\"@context\":\"https:\/\/schema.org\",\"@graph\":[{\"@type\":\"WebPage\",\"@id\":\"https:\/\/floratiara.com\/p\/enchanting-bridal-floral-headband\/\",\"url\":\"https:\/\/floratiara.com\/p\/enchanting-bridal-floral-headband\/\",\"name\":\"Elysian Garden Peony Rose Flower Crown - Flora Tiara\",\"isPartOf\":{\"@id\":\"https:\/\/floratiara.com\/#website\"},\"primaryImageOfPage\":{\"@id\":\"https:\/\/floratiara.com\/p\/enchanting-bridal-floral-headband\/#primaryimage\"},\"image\":{\"@id\":\"https:\/\/floratiara.com\/p\/enchanting-bridal-floral-headband\/#primaryimage\"},\"thumbnailUrl\":\"https:\/\/floratiara.com\/wp-content\/uploads\/2024\/03\/S769c0703974c43619e2706bad04abfccm.webp\",\"datePublished\":\"2024-03-16T09:47:13+00:00\",\"dateModified\":\"2025-03-04T04:42:42+00:00\",\"description\":\"Unique and beautiful: Shop our Elysian Garden Peony Rose Flower Crown. Premium high quality headpiece to make the occasion unforgettable.\",\"breadcrumb\":{\"@id\":\"https:\/\/floratiara.com\/p\/enchanting-bridal-floral-headband\/#breadcrumb\"},\"inLanguage\":\"fi\",\"potentialAction\":[{\"@type\":\"ReadAction\",\"target\":[\"https:\/\/floratiara.com\/p\/enchanting-bridal-floral-headband\/\"]}]},{\"@type\":\"ImageObject\",\"inLanguage\":\"fi\",\"@id\":\"https:\/\/floratiara.com\/p\/enchanting-bridal-floral-headband\/#primaryimage\",\"url\":\"https:\/\/floratiara.com\/wp-content\/uploads\/2024\/03\/S769c0703974c43619e2706bad04abfccm.webp\",\"contentUrl\":\"https:\/\/floratiara.com\/wp-content\/uploads\/2024\/03\/S769c0703974c43619e2706bad04abfccm.webp\",\"width\":1500,\"height\":1500},{\"@type\":\"BreadcrumbList\",\"@id\":\"https:\/\/floratiara.com\/p\/enchanting-bridal-floral-headband\/#breadcrumb\",\"itemListElement\":[{\"@type\":\"ListItem\",\"position\":1,\"name\":\"Home\",\"item\":\"https:\/\/floratiara.com\/\"},{\"@type\":\"ListItem\",\"position\":2,\"name\":\"Shop\",\"item\":\"https:\/\/floratiara.com\/shop\/\"},{\"@type\":\"ListItem\",\"position\":3,\"name\":\"Elysian Garden Peony Rose Flower Crown\"}]},{\"@type\":\"WebSite\",\"@id\":\"https:\/\/floratiara.com\/#website\",\"url\":\"https:\/\/floratiara.com\/\",\"name\":\"Flora Tiara\",\"description\":\"\",\"publisher\":{\"@id\":\"https:\/\/floratiara.com\/#organization\"},\"potentialAction\":[{\"@type\":\"SearchAction\",\"target\":{\"@type\":\"EntryPoint\",\"urlTemplate\":\"https:\/\/floratiara.com\/?s={search_term_string}\"},\"query-input\":{\"@type\":\"PropertyValueSpecification\",\"valueRequired\":true,\"valueName\":\"search_term_string\"}}],\"inLanguage\":\"fi\"},{\"@type\":\"Organization\",\"@id\":\"https:\/\/floratiara.com\/#organization\",\"name\":\"Flora Tiara\",\"url\":\"https:\/\/floratiara.com\/\",\"logo\":{\"@type\":\"ImageObject\",\"inLanguage\":\"fi\",\"@id\":\"https:\/\/floratiara.com\/#\/schema\/logo\/image\/\",\"url\":\"https:\/\/floratiara.com\/wp-content\/uploads\/2024\/03\/flora-tiara-logo.png\",\"contentUrl\":\"https:\/\/floratiara.com\/wp-content\/uploads\/2024\/03\/flora-tiara-logo.png\",\"width\":1024,\"height\":274,\"caption\":\"Flora Tiara\"},\"image\":{\"@id\":\"https:\/\/floratiara.com\/#\/schema\/logo\/image\/\"}}]}<\/script>\n<!-- \/ Yoast SEO plugin. -->","yoast_head_json":{"title":"Elysian Garden pioni ruusu kukka kruunu - Flora Tiara","description":"Ainutlaatuinen ja kaunis: Elysian Garden Pioni Ruusu Kukka Kruunu. Premium korkealaatuinen p\u00e4\u00e4hine, joka tekee tilaisuudesta unohtumattoman.","robots":{"index":"index","follow":"follow","max-snippet":"max-snippet:-1","max-image-preview":"max-image-preview:large","max-video-preview":"max-video-preview:-1"},"canonical":"https:\/\/floratiara.com\/fi\/p\/lumoava-morsiamen-kukka-otsapanta\/","og_locale":"fi_FI","og_type":"article","og_title":"Elysian Garden Peony Rose Flower Crown - Flora Tiara","og_description":"Unique and beautiful: Shop our Elysian Garden Peony Rose Flower Crown. Premium high quality headpiece to make the occasion unforgettable.","og_url":"https:\/\/floratiara.com\/fi\/p\/lumoava-morsiamen-kukka-otsapanta\/","og_site_name":"Flora Tiara","article_modified_time":"2025-03-04T04:42:42+00:00","og_image":[{"width":1500,"height":1500,"url":"https:\/\/floratiara.com\/wp-content\/uploads\/2024\/03\/S769c0703974c43619e2706bad04abfccm.webp","type":"image\/webp"}],"twitter_card":"summary_large_image","twitter_misc":{"Arvioitu lukuaika":"5 minuuttia"},"schema":{"@context":"https:\/\/schema.org","@graph":[{"@type":"WebPage","@id":"https:\/\/floratiara.com\/p\/enchanting-bridal-floral-headband\/","url":"https:\/\/floratiara.com\/p\/enchanting-bridal-floral-headband\/","name":"Elysian Garden pioni ruusu kukka kruunu - Flora Tiara","isPartOf":{"@id":"https:\/\/floratiara.com\/#website"},"primaryImageOfPage":{"@id":"https:\/\/floratiara.com\/p\/enchanting-bridal-floral-headband\/#primaryimage"},"image":{"@id":"https:\/\/floratiara.com\/p\/enchanting-bridal-floral-headband\/#primaryimage"},"thumbnailUrl":"https:\/\/floratiara.com\/wp-content\/uploads\/2024\/03\/S769c0703974c43619e2706bad04abfccm.webp","datePublished":"2024-03-16T09:47:13+00:00","dateModified":"2025-03-04T04:42:42+00:00","description":"Ainutlaatuinen ja kaunis: Elysian Garden Pioni Ruusu Kukka Kruunu. Premium korkealaatuinen p\u00e4\u00e4hine, joka tekee tilaisuudesta unohtumattoman.","breadcrumb":{"@id":"https:\/\/floratiara.com\/p\/enchanting-bridal-floral-headband\/#breadcrumb"},"inLanguage":"fi","potentialAction":[{"@type":"ReadAction","target":["https:\/\/floratiara.com\/p\/enchanting-bridal-floral-headband\/"]}]},{"@type":"ImageObject","inLanguage":"fi","@id":"https:\/\/floratiara.com\/p\/enchanting-bridal-floral-headband\/#primaryimage","url":"https:\/\/floratiara.com\/wp-content\/uploads\/2024\/03\/S769c0703974c43619e2706bad04abfccm.webp","contentUrl":"https:\/\/floratiara.com\/wp-content\/uploads\/2024\/03\/S769c0703974c43619e2706bad04abfccm.webp","width":1500,"height":1500},{"@type":"BreadcrumbList","@id":"https:\/\/floratiara.com\/p\/enchanting-bridal-floral-headband\/#breadcrumb","itemListElement":[{"@type":"ListItem","position":1,"name":"Home","item":"https:\/\/floratiara.com\/"},{"@type":"ListItem","position":2,"name":"Shop","item":"https:\/\/floratiara.com\/shop\/"},{"@type":"ListItem","position":3,"name":"Elysian Garden Peony Rose Flower Crown"}]},{"@type":"WebSite","@id":"https:\/\/floratiara.com\/#website","url":"https:\/\/floratiara.com\/","name":"Flora Tiara","description":"","publisher":{"@id":"https:\/\/floratiara.com\/#organization"},"potentialAction":[{"@type":"SearchAction","target":{"@type":"EntryPoint","urlTemplate":"https:\/\/floratiara.com\/?s={search_term_string}"},"query-input":{"@type":"PropertyValueSpecification","valueRequired":true,"valueName":"search_term_string"}}],"inLanguage":"fi"},{"@type":"Organization","@id":"https:\/\/floratiara.com\/#organization","name":"Flora Tiara","url":"https:\/\/floratiara.com\/","logo":{"@type":"ImageObject","inLanguage":"fi","@id":"https:\/\/floratiara.com\/#\/schema\/logo\/image\/","url":"https:\/\/floratiara.com\/wp-content\/uploads\/2024\/03\/flora-tiara-logo.png","contentUrl":"https:\/\/floratiara.com\/wp-content\/uploads\/2024\/03\/flora-tiara-logo.png","width":1024,"height":274,"caption":"Flora Tiara"},"image":{"@id":"https:\/\/floratiara.com\/#\/schema\/logo\/image\/"}}]}},"_links":{"self":[{"href":"https:\/\/floratiara.com\/fi\/wp-json\/wp\/v2\/product\/566","targetHints":{"allow":["GET"]}}],"collection":[{"href":"https:\/\/floratiara.com\/fi\/wp-json\/wp\/v2\/product"}],"about":[{"href":"https:\/\/floratiara.com\/fi\/wp-json\/wp\/v2\/types\/product"}],"wp:featuredmedia":[{"embeddable":true,"href":"https:\/\/floratiara.com\/fi\/wp-json\/wp\/v2\/media\/565"}],"wp:attachment":[{"href":"https:\/\/floratiara.com\/fi\/wp-json\/wp\/v2\/media?parent=566"}],"wp:term":[{"taxonomy":"product_brand","embeddable":true,"href":"https:\/\/floratiara.com\/fi\/wp-json\/wp\/v2\/product_brand?post=566"},{"taxonomy":"product_cat","embeddable":true,"href":"https:\/\/floratiara.com\/fi\/wp-json\/wp\/v2\/product_cat?post=566"},{"taxonomy":"product_tag","embeddable":true,"href":"https:\/\/floratiara.com\/fi\/wp-json\/wp\/v2\/product_tag?post=566"}],"curies":[{"name":"wp","href":"https:\/\/api.w.org\/{rel}","templated":true}]}}