{"id":603,"date":"2024-03-16T10:24:07","date_gmt":"2024-03-16T10:24:07","guid":{"rendered":"https:\/\/floratiara.com\/?post_type=product&#038;p=603"},"modified":"2025-07-22T03:50:46","modified_gmt":"2025-07-22T03:50:46","slug":"haat-kukka-otsapanta-lisavaruste","status":"publish","type":"product","link":"https:\/\/floratiara.com\/fi\/p\/haat-kukka-otsapanta-lisavaruste\/","title":{"rendered":"Elegantti persikka &amp; viininpunainen kukka kruunu"},"content":{"rendered":"<p>T\u00e4yt\u00e4 erityiset hetket ajattomalla eleganssilla kiehtovalla kukkakruunullamme, jota koristavat rehev\u00e4t persikkaiset ja viininpunaiset ruusut sek\u00e4 vehre\u00e4t vihre\u00e4t marjat. T\u00e4m\u00e4 ylellinen p\u00e4\u00e4hine on t\u00e4ydellinen lis\u00e4 mihin tahansa morsius- tai juhla-asuun, ja se kohottaa ulkon\u00e4k\u00f6\u00e4si sen lumoavalla v\u00e4ripaletilla. Kruunu on suunniteltu huolellisesti kest\u00e4v\u00e4\u00e4 kauneutta ja monipuolista muotoilua varten, mik\u00e4 takaa, ett\u00e4 se tyydytt\u00e4\u00e4 toiveesi tyylikk\u00e4\u00e4st\u00e4, kukkaisesta korostuksesta joka tilanteessa. Olipa kyse sitten h\u00e4ist\u00e4 tai festivaaleista, kukkakruunumme on lippusi upeaan, kukkien s\u00e4vytt\u00e4m\u00e4\u00e4n l\u00e4sn\u00e4oloon, joka j\u00e4tt\u00e4\u00e4 pysyv\u00e4n vaikutuksen.<\/p><p>Koostumus: persikka ja viininpunainen keinoruusu, vihre\u00e4t keinomarjat.<\/p>","protected":false},"excerpt":{"rendered":"<div style=\"width: 90%;text-align: left;margin: auto\"><p style=\"text-align:center\"><b>\ud83d\udc51 K\u00e4dest\u00e4mme p\u00e4\u00e4h\u00e4si<\/b><br \/><i>Ylellinen kukka kruunut jokaiseen tilaisuuteen<\/i><\/p><ul><li>\u2702\ufe0f Crafted with Care in the Heart of <b>Suomi<\/b><\/li><li><b>\ud83d\udc90 Koostumus: persikka ja viininpunainen keinoruusu, vihre\u00e4t keinomarjat.<\/b><\/li><\/ul><\/div>","protected":false},"featured_media":602,"template":"","meta":[],"product_brand":[],"product_cat":[68],"product_tag":[],"class_list":{"0":"post-603","1":"product","2":"type-product","3":"status-publish","4":"has-post-thumbnail","6":"product_cat-floral-headpiece-headband","8":"first","9":"instock","10":"shipping-taxable","11":"purchasable","12":"product-type-simple"},"yoast_head":"<!-- This site is optimized with the Yoast SEO plugin v25.9 - https:\/\/yoast.com\/wordpress\/plugins\/seo\/ -->\n<title>Elegant Peach &amp; Burgundy Flower Crown - Flora Tiara<\/title>\n<meta name=\"description\" content=\"Unique and beautiful: Shop our Elegant Peach &amp; Burgundy Flower Crown. Premium high quality headpiece to make the occasion unforgettable.\" \/>\n<meta name=\"robots\" content=\"index, follow, max-snippet:-1, max-image-preview:large, max-video-preview:-1\" \/>\n<link rel=\"canonical\" href=\"https:\/\/floratiara.com\/fi\/p\/haat-kukka-otsapanta-lisavaruste\/\" \/>\n<meta property=\"og:locale\" content=\"fi_FI\" \/>\n<meta property=\"og:type\" content=\"article\" \/>\n<meta property=\"og:title\" content=\"Elegant Peach &amp; Burgundy Flower Crown - Flora Tiara\" \/>\n<meta property=\"og:description\" content=\"Unique and beautiful: Shop our Elegant Peach &amp; Burgundy Flower Crown. Premium high quality headpiece to make the occasion unforgettable.\" \/>\n<meta property=\"og:url\" content=\"https:\/\/floratiara.com\/fi\/p\/haat-kukka-otsapanta-lisavaruste\/\" \/>\n<meta property=\"og:site_name\" content=\"Flora Tiara\" \/>\n<meta property=\"article:modified_time\" content=\"2025-07-22T03:50:46+00:00\" \/>\n<meta property=\"og:image\" content=\"https:\/\/floratiara.com\/wp-content\/uploads\/2024\/03\/Sc1e8c7ee585f4df0bb3f90b45e734f7b1.webp\" \/>\n\t<meta property=\"og:image:width\" content=\"1000\" \/>\n\t<meta property=\"og:image:height\" content=\"1000\" \/>\n\t<meta property=\"og:image:type\" content=\"image\/webp\" \/>\n<meta name=\"twitter:card\" content=\"summary_large_image\" \/>\n<meta name=\"twitter:label1\" content=\"Arvioitu lukuaika\" \/>\n\t<meta name=\"twitter:data1\" content=\"1 minuutti\" \/>\n<script type=\"application\/ld+json\" class=\"yoast-schema-graph\">{\"@context\":\"https:\/\/schema.org\",\"@graph\":[{\"@type\":\"WebPage\",\"@id\":\"https:\/\/floratiara.com\/p\/wedding-floral-headband-accessory\/\",\"url\":\"https:\/\/floratiara.com\/p\/wedding-floral-headband-accessory\/\",\"name\":\"Elegant Peach &amp; Burgundy Flower Crown - Flora Tiara\",\"isPartOf\":{\"@id\":\"https:\/\/floratiara.com\/#website\"},\"primaryImageOfPage\":{\"@id\":\"https:\/\/floratiara.com\/p\/wedding-floral-headband-accessory\/#primaryimage\"},\"image\":{\"@id\":\"https:\/\/floratiara.com\/p\/wedding-floral-headband-accessory\/#primaryimage\"},\"thumbnailUrl\":\"https:\/\/floratiara.com\/wp-content\/uploads\/2024\/03\/Sc1e8c7ee585f4df0bb3f90b45e734f7b1.webp\",\"datePublished\":\"2024-03-16T10:24:07+00:00\",\"dateModified\":\"2025-07-22T03:50:46+00:00\",\"description\":\"Unique and beautiful: Shop our Elegant Peach &amp; Burgundy Flower Crown. Premium high quality headpiece to make the occasion unforgettable.\",\"breadcrumb\":{\"@id\":\"https:\/\/floratiara.com\/p\/wedding-floral-headband-accessory\/#breadcrumb\"},\"inLanguage\":\"fi\",\"potentialAction\":[{\"@type\":\"ReadAction\",\"target\":[\"https:\/\/floratiara.com\/p\/wedding-floral-headband-accessory\/\"]}]},{\"@type\":\"ImageObject\",\"inLanguage\":\"fi\",\"@id\":\"https:\/\/floratiara.com\/p\/wedding-floral-headband-accessory\/#primaryimage\",\"url\":\"https:\/\/floratiara.com\/wp-content\/uploads\/2024\/03\/Sc1e8c7ee585f4df0bb3f90b45e734f7b1.webp\",\"contentUrl\":\"https:\/\/floratiara.com\/wp-content\/uploads\/2024\/03\/Sc1e8c7ee585f4df0bb3f90b45e734f7b1.webp\",\"width\":1000,\"height\":1000},{\"@type\":\"BreadcrumbList\",\"@id\":\"https:\/\/floratiara.com\/p\/wedding-floral-headband-accessory\/#breadcrumb\",\"itemListElement\":[{\"@type\":\"ListItem\",\"position\":1,\"name\":\"Home\",\"item\":\"https:\/\/floratiara.com\/\"},{\"@type\":\"ListItem\",\"position\":2,\"name\":\"Shop\",\"item\":\"https:\/\/floratiara.com\/shop\/\"},{\"@type\":\"ListItem\",\"position\":3,\"name\":\"Elegant Peach &amp; Burgundy Flower Crown\"}]},{\"@type\":\"WebSite\",\"@id\":\"https:\/\/floratiara.com\/#website\",\"url\":\"https:\/\/floratiara.com\/\",\"name\":\"Flora Tiara\",\"description\":\"\",\"publisher\":{\"@id\":\"https:\/\/floratiara.com\/#organization\"},\"potentialAction\":[{\"@type\":\"SearchAction\",\"target\":{\"@type\":\"EntryPoint\",\"urlTemplate\":\"https:\/\/floratiara.com\/?s={search_term_string}\"},\"query-input\":{\"@type\":\"PropertyValueSpecification\",\"valueRequired\":true,\"valueName\":\"search_term_string\"}}],\"inLanguage\":\"fi\"},{\"@type\":\"Organization\",\"@id\":\"https:\/\/floratiara.com\/#organization\",\"name\":\"Flora Tiara\",\"url\":\"https:\/\/floratiara.com\/\",\"logo\":{\"@type\":\"ImageObject\",\"inLanguage\":\"fi\",\"@id\":\"https:\/\/floratiara.com\/#\/schema\/logo\/image\/\",\"url\":\"https:\/\/floratiara.com\/wp-content\/uploads\/2024\/03\/flora-tiara-logo.png\",\"contentUrl\":\"https:\/\/floratiara.com\/wp-content\/uploads\/2024\/03\/flora-tiara-logo.png\",\"width\":1024,\"height\":274,\"caption\":\"Flora Tiara\"},\"image\":{\"@id\":\"https:\/\/floratiara.com\/#\/schema\/logo\/image\/\"}}]}<\/script>\n<!-- \/ Yoast SEO plugin. -->","yoast_head_json":{"title":"Elegantti persikka ja viininpunainen kukkakruunu - Flora Tiara","description":"Ainutlaatuinen ja kaunis: Osta Elegantti Persikka &amp; Burgundy Flower Crown. Premium korkealaatuinen p\u00e4\u00e4hine, joka tekee tilaisuudesta unohtumattoman.","robots":{"index":"index","follow":"follow","max-snippet":"max-snippet:-1","max-image-preview":"max-image-preview:large","max-video-preview":"max-video-preview:-1"},"canonical":"https:\/\/floratiara.com\/fi\/p\/haat-kukka-otsapanta-lisavaruste\/","og_locale":"fi_FI","og_type":"article","og_title":"Elegant Peach &amp; Burgundy Flower Crown - Flora Tiara","og_description":"Unique and beautiful: Shop our Elegant Peach &amp; Burgundy Flower Crown. Premium high quality headpiece to make the occasion unforgettable.","og_url":"https:\/\/floratiara.com\/fi\/p\/haat-kukka-otsapanta-lisavaruste\/","og_site_name":"Flora Tiara","article_modified_time":"2025-07-22T03:50:46+00:00","og_image":[{"width":1000,"height":1000,"url":"https:\/\/floratiara.com\/wp-content\/uploads\/2024\/03\/Sc1e8c7ee585f4df0bb3f90b45e734f7b1.webp","type":"image\/webp"}],"twitter_card":"summary_large_image","twitter_misc":{"Arvioitu lukuaika":"1 minuutti"},"schema":{"@context":"https:\/\/schema.org","@graph":[{"@type":"WebPage","@id":"https:\/\/floratiara.com\/p\/wedding-floral-headband-accessory\/","url":"https:\/\/floratiara.com\/p\/wedding-floral-headband-accessory\/","name":"Elegantti persikka ja viininpunainen kukkakruunu - Flora Tiara","isPartOf":{"@id":"https:\/\/floratiara.com\/#website"},"primaryImageOfPage":{"@id":"https:\/\/floratiara.com\/p\/wedding-floral-headband-accessory\/#primaryimage"},"image":{"@id":"https:\/\/floratiara.com\/p\/wedding-floral-headband-accessory\/#primaryimage"},"thumbnailUrl":"https:\/\/floratiara.com\/wp-content\/uploads\/2024\/03\/Sc1e8c7ee585f4df0bb3f90b45e734f7b1.webp","datePublished":"2024-03-16T10:24:07+00:00","dateModified":"2025-07-22T03:50:46+00:00","description":"Ainutlaatuinen ja kaunis: Osta Elegantti Persikka &amp; Burgundy Flower Crown. Premium korkealaatuinen p\u00e4\u00e4hine, joka tekee tilaisuudesta unohtumattoman.","breadcrumb":{"@id":"https:\/\/floratiara.com\/p\/wedding-floral-headband-accessory\/#breadcrumb"},"inLanguage":"fi","potentialAction":[{"@type":"ReadAction","target":["https:\/\/floratiara.com\/p\/wedding-floral-headband-accessory\/"]}]},{"@type":"ImageObject","inLanguage":"fi","@id":"https:\/\/floratiara.com\/p\/wedding-floral-headband-accessory\/#primaryimage","url":"https:\/\/floratiara.com\/wp-content\/uploads\/2024\/03\/Sc1e8c7ee585f4df0bb3f90b45e734f7b1.webp","contentUrl":"https:\/\/floratiara.com\/wp-content\/uploads\/2024\/03\/Sc1e8c7ee585f4df0bb3f90b45e734f7b1.webp","width":1000,"height":1000},{"@type":"BreadcrumbList","@id":"https:\/\/floratiara.com\/p\/wedding-floral-headband-accessory\/#breadcrumb","itemListElement":[{"@type":"ListItem","position":1,"name":"Home","item":"https:\/\/floratiara.com\/"},{"@type":"ListItem","position":2,"name":"Shop","item":"https:\/\/floratiara.com\/shop\/"},{"@type":"ListItem","position":3,"name":"Elegant Peach &amp; Burgundy Flower Crown"}]},{"@type":"WebSite","@id":"https:\/\/floratiara.com\/#website","url":"https:\/\/floratiara.com\/","name":"Flora Tiara","description":"","publisher":{"@id":"https:\/\/floratiara.com\/#organization"},"potentialAction":[{"@type":"SearchAction","target":{"@type":"EntryPoint","urlTemplate":"https:\/\/floratiara.com\/?s={search_term_string}"},"query-input":{"@type":"PropertyValueSpecification","valueRequired":true,"valueName":"search_term_string"}}],"inLanguage":"fi"},{"@type":"Organization","@id":"https:\/\/floratiara.com\/#organization","name":"Flora Tiara","url":"https:\/\/floratiara.com\/","logo":{"@type":"ImageObject","inLanguage":"fi","@id":"https:\/\/floratiara.com\/#\/schema\/logo\/image\/","url":"https:\/\/floratiara.com\/wp-content\/uploads\/2024\/03\/flora-tiara-logo.png","contentUrl":"https:\/\/floratiara.com\/wp-content\/uploads\/2024\/03\/flora-tiara-logo.png","width":1024,"height":274,"caption":"Flora Tiara"},"image":{"@id":"https:\/\/floratiara.com\/#\/schema\/logo\/image\/"}}]}},"_links":{"self":[{"href":"https:\/\/floratiara.com\/fi\/wp-json\/wp\/v2\/product\/603","targetHints":{"allow":["GET"]}}],"collection":[{"href":"https:\/\/floratiara.com\/fi\/wp-json\/wp\/v2\/product"}],"about":[{"href":"https:\/\/floratiara.com\/fi\/wp-json\/wp\/v2\/types\/product"}],"wp:featuredmedia":[{"embeddable":true,"href":"https:\/\/floratiara.com\/fi\/wp-json\/wp\/v2\/media\/602"}],"wp:attachment":[{"href":"https:\/\/floratiara.com\/fi\/wp-json\/wp\/v2\/media?parent=603"}],"wp:term":[{"taxonomy":"product_brand","embeddable":true,"href":"https:\/\/floratiara.com\/fi\/wp-json\/wp\/v2\/product_brand?post=603"},{"taxonomy":"product_cat","embeddable":true,"href":"https:\/\/floratiara.com\/fi\/wp-json\/wp\/v2\/product_cat?post=603"},{"taxonomy":"product_tag","embeddable":true,"href":"https:\/\/floratiara.com\/fi\/wp-json\/wp\/v2\/product_tag?post=603"}],"curies":[{"name":"wp","href":"https:\/\/api.w.org\/{rel}","templated":true}]}}