{"id":660,"date":"2024-03-16T10:30:43","date_gmt":"2024-03-16T10:30:43","guid":{"rendered":"https:\/\/floratiara.com\/?post_type=product&#038;p=660"},"modified":"2025-07-22T03:50:46","modified_gmt":"2025-07-22T03:50:46","slug":"kukka-hiuspanta-puutarha-tyyli-lisavaruste","status":"publish","type":"product","link":"https:\/\/floratiara.com\/fi\/p\/kukka-hiuspanta-puutarha-tyyli-lisavaruste\/","title":{"rendered":"Boheemi kukkakruunu - H\u00e4\u00e4t &amp; taidokas valokuvaus"},"content":{"rendered":"<p>Syleile eleganssia boheemilla kukkakruunullamme, mestariteoksella, joka huokuu armoa kaikkein rakkaimpiin hetkiin. Jokainen huolellisesti valittu kukka yhdist\u00e4\u00e4 henke\u00e4salpaavan v\u00e4rivalikoiman, joka ulottuu ranunculuksen virkist\u00e4v\u00e4st\u00e4 vihre\u00e4st\u00e4 orkidean syv\u00e4\u00e4n viininpunaiseen. Sen mukava istuvuus sopii mihin tahansa kampaukseen, ja se takaa, ett\u00e4 erotut kaikista h\u00e4ist\u00e4 tai puutarhajuhlista. Ihanteellinen niille, jotka haluavat vangita luonnon kauneuden ytimen, t\u00e4m\u00e4 ylellinen p\u00e4\u00e4hine ei ole pelkk\u00e4 asuste; se on portti syd\u00e4mien valloittamiseen ja puutarhan lumouksen ilment\u00e4miseen jokaisella k\u00e4ytt\u00f6kerralla.<\/p><p>Koostumus: limenvihre\u00e4 ranunculus, oranssit ruusut, valkoinen freesia, vaalean persikkaiset neilikat, viininpunaiset orkideat, vaaleanpunaiset snapdragonit.<\/p>","protected":false},"excerpt":{"rendered":"<div style=\"width: 90%;text-align: left;margin: auto\"><p style=\"text-align:center\"><b>\ud83d\udc51 K\u00e4dest\u00e4mme p\u00e4\u00e4h\u00e4si<\/b><br \/><i>Ylellinen kukka kruunut jokaiseen tilaisuuteen<\/i><\/p><ul><li>\u2702\ufe0f Crafted with Care in the Heart of <b>Suomi<\/b><\/li><li><b>\ud83d\udc90 Koostumus: limenvihre\u00e4 ranunculus, oranssit ruusut, valkoinen freesia, vaalean persikkaiset neilikat, viininpunaiset orkideat, vaaleanpunaiset snapdragonit.<\/b><\/li><\/ul><\/div>","protected":false},"featured_media":659,"template":"","meta":[],"product_brand":[],"product_cat":[68],"product_tag":[],"class_list":{"0":"post-660","1":"product","2":"type-product","3":"status-publish","4":"has-post-thumbnail","6":"product_cat-floral-headpiece-headband","8":"first","9":"instock","10":"shipping-taxable","11":"purchasable","12":"product-type-simple"},"yoast_head":"<!-- This site is optimized with the Yoast SEO plugin v25.9 - https:\/\/yoast.com\/wordpress\/plugins\/seo\/ -->\n<title>Bohemian Flower Crown - Wedding &amp; Artful Photography - Flora Tiara<\/title>\n<meta name=\"description\" content=\"Unique and beautiful: Shop our Bohemian Flower Crown - Wedding &amp; Artful Photography. Premium high quality headpiece to make the occasion unforgettable.\" \/>\n<meta name=\"robots\" content=\"index, follow, max-snippet:-1, max-image-preview:large, max-video-preview:-1\" \/>\n<link rel=\"canonical\" href=\"https:\/\/floratiara.com\/fi\/p\/kukka-hiuspanta-puutarha-tyyli-lisavaruste\/\" \/>\n<meta property=\"og:locale\" content=\"fi_FI\" \/>\n<meta property=\"og:type\" content=\"article\" \/>\n<meta property=\"og:title\" content=\"Bohemian Flower Crown - Wedding &amp; Artful Photography - Flora Tiara\" \/>\n<meta property=\"og:description\" content=\"Unique and beautiful: Shop our Bohemian Flower Crown - Wedding &amp; Artful Photography. Premium high quality headpiece to make the occasion unforgettable.\" \/>\n<meta property=\"og:url\" content=\"https:\/\/floratiara.com\/fi\/p\/kukka-hiuspanta-puutarha-tyyli-lisavaruste\/\" \/>\n<meta property=\"og:site_name\" content=\"Flora Tiara\" \/>\n<meta property=\"article:modified_time\" content=\"2025-07-22T03:50:46+00:00\" \/>\n<meta property=\"og:image\" content=\"https:\/\/floratiara.com\/wp-content\/uploads\/2024\/03\/S57b6ed593c1f43809f30e3dbf3b29065V.webp\" \/>\n\t<meta property=\"og:image:width\" content=\"900\" \/>\n\t<meta property=\"og:image:height\" content=\"900\" \/>\n\t<meta property=\"og:image:type\" content=\"image\/webp\" \/>\n<meta name=\"twitter:card\" content=\"summary_large_image\" \/>\n<meta name=\"twitter:label1\" content=\"Arvioitu lukuaika\" \/>\n\t<meta name=\"twitter:data1\" content=\"1 minuutti\" \/>\n<script type=\"application\/ld+json\" class=\"yoast-schema-graph\">{\"@context\":\"https:\/\/schema.org\",\"@graph\":[{\"@type\":\"WebPage\",\"@id\":\"https:\/\/floratiara.com\/p\/floral-hairband-garden-style-accessory\/\",\"url\":\"https:\/\/floratiara.com\/p\/floral-hairband-garden-style-accessory\/\",\"name\":\"Bohemian Flower Crown - Wedding &amp; Artful Photography - Flora Tiara\",\"isPartOf\":{\"@id\":\"https:\/\/floratiara.com\/#website\"},\"primaryImageOfPage\":{\"@id\":\"https:\/\/floratiara.com\/p\/floral-hairband-garden-style-accessory\/#primaryimage\"},\"image\":{\"@id\":\"https:\/\/floratiara.com\/p\/floral-hairband-garden-style-accessory\/#primaryimage\"},\"thumbnailUrl\":\"https:\/\/floratiara.com\/wp-content\/uploads\/2024\/03\/S57b6ed593c1f43809f30e3dbf3b29065V.webp\",\"datePublished\":\"2024-03-16T10:30:43+00:00\",\"dateModified\":\"2025-07-22T03:50:46+00:00\",\"description\":\"Unique and beautiful: Shop our Bohemian Flower Crown - Wedding &amp; Artful Photography. Premium high quality headpiece to make the occasion unforgettable.\",\"breadcrumb\":{\"@id\":\"https:\/\/floratiara.com\/p\/floral-hairband-garden-style-accessory\/#breadcrumb\"},\"inLanguage\":\"fi\",\"potentialAction\":[{\"@type\":\"ReadAction\",\"target\":[\"https:\/\/floratiara.com\/p\/floral-hairband-garden-style-accessory\/\"]}]},{\"@type\":\"ImageObject\",\"inLanguage\":\"fi\",\"@id\":\"https:\/\/floratiara.com\/p\/floral-hairband-garden-style-accessory\/#primaryimage\",\"url\":\"https:\/\/floratiara.com\/wp-content\/uploads\/2024\/03\/S57b6ed593c1f43809f30e3dbf3b29065V.webp\",\"contentUrl\":\"https:\/\/floratiara.com\/wp-content\/uploads\/2024\/03\/S57b6ed593c1f43809f30e3dbf3b29065V.webp\",\"width\":900,\"height\":900},{\"@type\":\"BreadcrumbList\",\"@id\":\"https:\/\/floratiara.com\/p\/floral-hairband-garden-style-accessory\/#breadcrumb\",\"itemListElement\":[{\"@type\":\"ListItem\",\"position\":1,\"name\":\"Home\",\"item\":\"https:\/\/floratiara.com\/\"},{\"@type\":\"ListItem\",\"position\":2,\"name\":\"Shop\",\"item\":\"https:\/\/floratiara.com\/shop\/\"},{\"@type\":\"ListItem\",\"position\":3,\"name\":\"Bohemian Flower Crown &#8211; Wedding &amp; Artful Photography\"}]},{\"@type\":\"WebSite\",\"@id\":\"https:\/\/floratiara.com\/#website\",\"url\":\"https:\/\/floratiara.com\/\",\"name\":\"Flora Tiara\",\"description\":\"\",\"publisher\":{\"@id\":\"https:\/\/floratiara.com\/#organization\"},\"potentialAction\":[{\"@type\":\"SearchAction\",\"target\":{\"@type\":\"EntryPoint\",\"urlTemplate\":\"https:\/\/floratiara.com\/?s={search_term_string}\"},\"query-input\":{\"@type\":\"PropertyValueSpecification\",\"valueRequired\":true,\"valueName\":\"search_term_string\"}}],\"inLanguage\":\"fi\"},{\"@type\":\"Organization\",\"@id\":\"https:\/\/floratiara.com\/#organization\",\"name\":\"Flora Tiara\",\"url\":\"https:\/\/floratiara.com\/\",\"logo\":{\"@type\":\"ImageObject\",\"inLanguage\":\"fi\",\"@id\":\"https:\/\/floratiara.com\/#\/schema\/logo\/image\/\",\"url\":\"https:\/\/floratiara.com\/wp-content\/uploads\/2024\/03\/flora-tiara-logo.png\",\"contentUrl\":\"https:\/\/floratiara.com\/wp-content\/uploads\/2024\/03\/flora-tiara-logo.png\",\"width\":1024,\"height\":274,\"caption\":\"Flora Tiara\"},\"image\":{\"@id\":\"https:\/\/floratiara.com\/#\/schema\/logo\/image\/\"}}]}<\/script>\n<!-- \/ Yoast SEO plugin. -->","yoast_head_json":{"title":"Boheemi kukkakruunu - H\u00e4\u00e4t &amp; taidokas valokuvaus - Flora Tiara","description":"Ainutlaatuinen ja kaunis: H\u00e4\u00e4t &amp; taidokas valokuvaus. Premium korkealaatuinen p\u00e4\u00e4hine, joka tekee tilaisuudesta unohtumattoman.","robots":{"index":"index","follow":"follow","max-snippet":"max-snippet:-1","max-image-preview":"max-image-preview:large","max-video-preview":"max-video-preview:-1"},"canonical":"https:\/\/floratiara.com\/fi\/p\/kukka-hiuspanta-puutarha-tyyli-lisavaruste\/","og_locale":"fi_FI","og_type":"article","og_title":"Bohemian Flower Crown - Wedding &amp; Artful Photography - Flora Tiara","og_description":"Unique and beautiful: Shop our Bohemian Flower Crown - Wedding &amp; Artful Photography. Premium high quality headpiece to make the occasion unforgettable.","og_url":"https:\/\/floratiara.com\/fi\/p\/kukka-hiuspanta-puutarha-tyyli-lisavaruste\/","og_site_name":"Flora Tiara","article_modified_time":"2025-07-22T03:50:46+00:00","og_image":[{"width":900,"height":900,"url":"https:\/\/floratiara.com\/wp-content\/uploads\/2024\/03\/S57b6ed593c1f43809f30e3dbf3b29065V.webp","type":"image\/webp"}],"twitter_card":"summary_large_image","twitter_misc":{"Arvioitu lukuaika":"1 minuutti"},"schema":{"@context":"https:\/\/schema.org","@graph":[{"@type":"WebPage","@id":"https:\/\/floratiara.com\/p\/floral-hairband-garden-style-accessory\/","url":"https:\/\/floratiara.com\/p\/floral-hairband-garden-style-accessory\/","name":"Boheemi kukkakruunu - H\u00e4\u00e4t &amp; taidokas valokuvaus - Flora Tiara","isPartOf":{"@id":"https:\/\/floratiara.com\/#website"},"primaryImageOfPage":{"@id":"https:\/\/floratiara.com\/p\/floral-hairband-garden-style-accessory\/#primaryimage"},"image":{"@id":"https:\/\/floratiara.com\/p\/floral-hairband-garden-style-accessory\/#primaryimage"},"thumbnailUrl":"https:\/\/floratiara.com\/wp-content\/uploads\/2024\/03\/S57b6ed593c1f43809f30e3dbf3b29065V.webp","datePublished":"2024-03-16T10:30:43+00:00","dateModified":"2025-07-22T03:50:46+00:00","description":"Ainutlaatuinen ja kaunis: H\u00e4\u00e4t &amp; taidokas valokuvaus. Premium korkealaatuinen p\u00e4\u00e4hine, joka tekee tilaisuudesta unohtumattoman.","breadcrumb":{"@id":"https:\/\/floratiara.com\/p\/floral-hairband-garden-style-accessory\/#breadcrumb"},"inLanguage":"fi","potentialAction":[{"@type":"ReadAction","target":["https:\/\/floratiara.com\/p\/floral-hairband-garden-style-accessory\/"]}]},{"@type":"ImageObject","inLanguage":"fi","@id":"https:\/\/floratiara.com\/p\/floral-hairband-garden-style-accessory\/#primaryimage","url":"https:\/\/floratiara.com\/wp-content\/uploads\/2024\/03\/S57b6ed593c1f43809f30e3dbf3b29065V.webp","contentUrl":"https:\/\/floratiara.com\/wp-content\/uploads\/2024\/03\/S57b6ed593c1f43809f30e3dbf3b29065V.webp","width":900,"height":900},{"@type":"BreadcrumbList","@id":"https:\/\/floratiara.com\/p\/floral-hairband-garden-style-accessory\/#breadcrumb","itemListElement":[{"@type":"ListItem","position":1,"name":"Home","item":"https:\/\/floratiara.com\/"},{"@type":"ListItem","position":2,"name":"Shop","item":"https:\/\/floratiara.com\/shop\/"},{"@type":"ListItem","position":3,"name":"Bohemian Flower Crown &#8211; Wedding &amp; Artful Photography"}]},{"@type":"WebSite","@id":"https:\/\/floratiara.com\/#website","url":"https:\/\/floratiara.com\/","name":"Flora Tiara","description":"","publisher":{"@id":"https:\/\/floratiara.com\/#organization"},"potentialAction":[{"@type":"SearchAction","target":{"@type":"EntryPoint","urlTemplate":"https:\/\/floratiara.com\/?s={search_term_string}"},"query-input":{"@type":"PropertyValueSpecification","valueRequired":true,"valueName":"search_term_string"}}],"inLanguage":"fi"},{"@type":"Organization","@id":"https:\/\/floratiara.com\/#organization","name":"Flora Tiara","url":"https:\/\/floratiara.com\/","logo":{"@type":"ImageObject","inLanguage":"fi","@id":"https:\/\/floratiara.com\/#\/schema\/logo\/image\/","url":"https:\/\/floratiara.com\/wp-content\/uploads\/2024\/03\/flora-tiara-logo.png","contentUrl":"https:\/\/floratiara.com\/wp-content\/uploads\/2024\/03\/flora-tiara-logo.png","width":1024,"height":274,"caption":"Flora Tiara"},"image":{"@id":"https:\/\/floratiara.com\/#\/schema\/logo\/image\/"}}]}},"_links":{"self":[{"href":"https:\/\/floratiara.com\/fi\/wp-json\/wp\/v2\/product\/660","targetHints":{"allow":["GET"]}}],"collection":[{"href":"https:\/\/floratiara.com\/fi\/wp-json\/wp\/v2\/product"}],"about":[{"href":"https:\/\/floratiara.com\/fi\/wp-json\/wp\/v2\/types\/product"}],"wp:featuredmedia":[{"embeddable":true,"href":"https:\/\/floratiara.com\/fi\/wp-json\/wp\/v2\/media\/659"}],"wp:attachment":[{"href":"https:\/\/floratiara.com\/fi\/wp-json\/wp\/v2\/media?parent=660"}],"wp:term":[{"taxonomy":"product_brand","embeddable":true,"href":"https:\/\/floratiara.com\/fi\/wp-json\/wp\/v2\/product_brand?post=660"},{"taxonomy":"product_cat","embeddable":true,"href":"https:\/\/floratiara.com\/fi\/wp-json\/wp\/v2\/product_cat?post=660"},{"taxonomy":"product_tag","embeddable":true,"href":"https:\/\/floratiara.com\/fi\/wp-json\/wp\/v2\/product_tag?post=660"}],"curies":[{"name":"wp","href":"https:\/\/api.w.org\/{rel}","templated":true}]}}