{"id":688,"date":"2024-03-16T10:35:53","date_gmt":"2024-03-16T10:35:53","guid":{"rendered":"https:\/\/floratiara.com\/?post_type=product&#038;p=688"},"modified":"2025-03-04T04:42:50","modified_gmt":"2025-03-04T04:42:50","slug":"norsunluu-vaaleanpunainen-ruusu-kukka-sormus","status":"publish","type":"product","link":"https:\/\/floratiara.com\/fi\/p\/norsunluu-vaaleanpunainen-ruusu-kukka-sormus\/","title":{"rendered":"Tyylik\u00e4s p\u00f6lyinen vaaleanpunainen ruusu kukka kruunu otsanauha"},"content":{"rendered":"<p>Korosta tyyli\u00e4si lumoavalla ruusukukkakruunullamme,k\u00e4sity\u00f6n\u00e4 tehdyll\u00e4 ihmeell\u00e4, jossa norsunluun s\u00e4vyjen rauhallisuus yhdistyy p\u00f6lyisen vaaleanpunaisen hillittyyn eleganssiin. T\u00e4ydellinen erityistilaisuuksiin, se tuo ripauksen oudon hienostuneisuutta mihin tahansa asuun. Sen monipuolinen pitsinauha kiinnittyy \u00e4\u00e4rimm\u00e4isen mukavasti ja lupaa olla mukana juhlissasi \u00e4\u00e4rimm\u00e4isen tyylikk\u00e4\u00e4sti. Tee luonnollista romantiikkaa osoittava lausunto t\u00e4ll\u00e4 hienolla lis\u00e4varusteella - ihanteellinen t\u00e4ydennys boheemeihin unelmiisi. Syleile vieh\u00e4tyst\u00e4 ja tee t\u00e4st\u00e4 kukkakruunusta vaatekaappisi kruunaava jalokivi.<\/p><p>Koostumus: norsunluun v\u00e4riset kangaskukat, p\u00f6lyisen vaaleanpunaiset ruusut, pienet norsunluun v\u00e4riset silmut, pitsinauha.<\/p>","protected":false},"excerpt":{"rendered":"<div style=\"width: 90%;text-align: left;margin: auto\"><p style=\"text-align:center\"><b>\ud83d\udc51 K\u00e4dest\u00e4mme p\u00e4\u00e4h\u00e4si<\/b><br \/><i>Ylellinen kukka kruunut jokaiseen tilaisuuteen<\/i><\/p><ul><li>\u2702\ufe0f Crafted with Care in the Heart of <b>Suomi<\/b><\/li><li><b>\ud83d\udc90 Koostumus: norsunluun v\u00e4riset kangaskukat, p\u00f6lyisen vaaleanpunaiset ruusut, pienet norsunluun v\u00e4riset silmut, pitsinauha.<\/b><\/li><\/ul><\/div>","protected":false},"featured_media":687,"template":"","meta":[],"product_brand":[],"product_cat":[80],"product_tag":[],"class_list":{"0":"post-688","1":"product","2":"type-product","3":"status-publish","4":"has-post-thumbnail","6":"product_cat-toddler-flower-crown","8":"first","9":"instock","10":"shipping-taxable","11":"purchasable","12":"product-type-simple"},"yoast_head":"<!-- This site is optimized with the Yoast SEO plugin v25.9 - https:\/\/yoast.com\/wordpress\/plugins\/seo\/ -->\n<title>Elegant Dusty Pink Rose Flower Crown Headband - Flora Tiara<\/title>\n<meta name=\"description\" content=\"Unique and beautiful: Shop our Elegant Dusty Pink Rose Flower Crown Headband. Premium high quality headpiece to make the occasion unforgettable.\" \/>\n<meta name=\"robots\" content=\"index, follow, max-snippet:-1, max-image-preview:large, max-video-preview:-1\" \/>\n<link rel=\"canonical\" href=\"https:\/\/floratiara.com\/fi\/p\/norsunluu-vaaleanpunainen-ruusu-kukka-sormus\/\" \/>\n<meta property=\"og:locale\" content=\"fi_FI\" \/>\n<meta property=\"og:type\" content=\"article\" \/>\n<meta property=\"og:title\" content=\"Elegant Dusty Pink Rose Flower Crown Headband - Flora Tiara\" \/>\n<meta property=\"og:description\" content=\"Unique and beautiful: Shop our Elegant Dusty Pink Rose Flower Crown Headband. Premium high quality headpiece to make the occasion unforgettable.\" \/>\n<meta property=\"og:url\" content=\"https:\/\/floratiara.com\/fi\/p\/norsunluu-vaaleanpunainen-ruusu-kukka-sormus\/\" \/>\n<meta property=\"og:site_name\" content=\"Flora Tiara\" \/>\n<meta property=\"article:modified_time\" content=\"2025-03-04T04:42:50+00:00\" \/>\n<meta property=\"og:image\" content=\"https:\/\/floratiara.com\/wp-content\/uploads\/2024\/03\/S7637aad187934dc6b91f54eef69be7c5X.webp\" \/>\n\t<meta property=\"og:image:width\" content=\"800\" \/>\n\t<meta property=\"og:image:height\" content=\"800\" \/>\n\t<meta property=\"og:image:type\" content=\"image\/webp\" \/>\n<meta name=\"twitter:card\" content=\"summary_large_image\" \/>\n<script type=\"application\/ld+json\" class=\"yoast-schema-graph\">{\"@context\":\"https:\/\/schema.org\",\"@graph\":[{\"@type\":\"WebPage\",\"@id\":\"https:\/\/floratiara.com\/p\/ivory-pink-rose-floral-circlet\/\",\"url\":\"https:\/\/floratiara.com\/p\/ivory-pink-rose-floral-circlet\/\",\"name\":\"Elegant Dusty Pink Rose Flower Crown Headband - Flora Tiara\",\"isPartOf\":{\"@id\":\"https:\/\/floratiara.com\/#website\"},\"primaryImageOfPage\":{\"@id\":\"https:\/\/floratiara.com\/p\/ivory-pink-rose-floral-circlet\/#primaryimage\"},\"image\":{\"@id\":\"https:\/\/floratiara.com\/p\/ivory-pink-rose-floral-circlet\/#primaryimage\"},\"thumbnailUrl\":\"https:\/\/floratiara.com\/wp-content\/uploads\/2024\/03\/S7637aad187934dc6b91f54eef69be7c5X.webp\",\"datePublished\":\"2024-03-16T10:35:53+00:00\",\"dateModified\":\"2025-03-04T04:42:50+00:00\",\"description\":\"Unique and beautiful: Shop our Elegant Dusty Pink Rose Flower Crown Headband. Premium high quality headpiece to make the occasion unforgettable.\",\"breadcrumb\":{\"@id\":\"https:\/\/floratiara.com\/p\/ivory-pink-rose-floral-circlet\/#breadcrumb\"},\"inLanguage\":\"fi\",\"potentialAction\":[{\"@type\":\"ReadAction\",\"target\":[\"https:\/\/floratiara.com\/p\/ivory-pink-rose-floral-circlet\/\"]}]},{\"@type\":\"ImageObject\",\"inLanguage\":\"fi\",\"@id\":\"https:\/\/floratiara.com\/p\/ivory-pink-rose-floral-circlet\/#primaryimage\",\"url\":\"https:\/\/floratiara.com\/wp-content\/uploads\/2024\/03\/S7637aad187934dc6b91f54eef69be7c5X.webp\",\"contentUrl\":\"https:\/\/floratiara.com\/wp-content\/uploads\/2024\/03\/S7637aad187934dc6b91f54eef69be7c5X.webp\",\"width\":800,\"height\":800},{\"@type\":\"BreadcrumbList\",\"@id\":\"https:\/\/floratiara.com\/p\/ivory-pink-rose-floral-circlet\/#breadcrumb\",\"itemListElement\":[{\"@type\":\"ListItem\",\"position\":1,\"name\":\"Home\",\"item\":\"https:\/\/floratiara.com\/\"},{\"@type\":\"ListItem\",\"position\":2,\"name\":\"Shop\",\"item\":\"https:\/\/floratiara.com\/shop\/\"},{\"@type\":\"ListItem\",\"position\":3,\"name\":\"Elegant Dusty Pink Rose Flower Crown Headband\"}]},{\"@type\":\"WebSite\",\"@id\":\"https:\/\/floratiara.com\/#website\",\"url\":\"https:\/\/floratiara.com\/\",\"name\":\"Flora Tiara\",\"description\":\"\",\"publisher\":{\"@id\":\"https:\/\/floratiara.com\/#organization\"},\"potentialAction\":[{\"@type\":\"SearchAction\",\"target\":{\"@type\":\"EntryPoint\",\"urlTemplate\":\"https:\/\/floratiara.com\/?s={search_term_string}\"},\"query-input\":{\"@type\":\"PropertyValueSpecification\",\"valueRequired\":true,\"valueName\":\"search_term_string\"}}],\"inLanguage\":\"fi\"},{\"@type\":\"Organization\",\"@id\":\"https:\/\/floratiara.com\/#organization\",\"name\":\"Flora Tiara\",\"url\":\"https:\/\/floratiara.com\/\",\"logo\":{\"@type\":\"ImageObject\",\"inLanguage\":\"fi\",\"@id\":\"https:\/\/floratiara.com\/#\/schema\/logo\/image\/\",\"url\":\"https:\/\/floratiara.com\/wp-content\/uploads\/2024\/03\/flora-tiara-logo.png\",\"contentUrl\":\"https:\/\/floratiara.com\/wp-content\/uploads\/2024\/03\/flora-tiara-logo.png\",\"width\":1024,\"height\":274,\"caption\":\"Flora Tiara\"},\"image\":{\"@id\":\"https:\/\/floratiara.com\/#\/schema\/logo\/image\/\"}}]}<\/script>\n<!-- \/ Yoast SEO plugin. -->","yoast_head_json":{"title":"Elegantti p\u00f6lyisen vaaleanpunainen ruusu kukka kruunu otsanauha - Flora Tiara","description":"Ainutlaatuinen ja kaunis: Osta Elegantti p\u00f6lyinen vaaleanpunainen ruusu kukka kruunu otsanauha. Premium korkealaatuinen p\u00e4\u00e4hine, joka tekee tilaisuudesta unohtumattoman.","robots":{"index":"index","follow":"follow","max-snippet":"max-snippet:-1","max-image-preview":"max-image-preview:large","max-video-preview":"max-video-preview:-1"},"canonical":"https:\/\/floratiara.com\/fi\/p\/norsunluu-vaaleanpunainen-ruusu-kukka-sormus\/","og_locale":"fi_FI","og_type":"article","og_title":"Elegant Dusty Pink Rose Flower Crown Headband - Flora Tiara","og_description":"Unique and beautiful: Shop our Elegant Dusty Pink Rose Flower Crown Headband. Premium high quality headpiece to make the occasion unforgettable.","og_url":"https:\/\/floratiara.com\/fi\/p\/norsunluu-vaaleanpunainen-ruusu-kukka-sormus\/","og_site_name":"Flora Tiara","article_modified_time":"2025-03-04T04:42:50+00:00","og_image":[{"width":800,"height":800,"url":"https:\/\/floratiara.com\/wp-content\/uploads\/2024\/03\/S7637aad187934dc6b91f54eef69be7c5X.webp","type":"image\/webp"}],"twitter_card":"summary_large_image","schema":{"@context":"https:\/\/schema.org","@graph":[{"@type":"WebPage","@id":"https:\/\/floratiara.com\/p\/ivory-pink-rose-floral-circlet\/","url":"https:\/\/floratiara.com\/p\/ivory-pink-rose-floral-circlet\/","name":"Elegantti p\u00f6lyisen vaaleanpunainen ruusu kukka kruunu otsanauha - Flora Tiara","isPartOf":{"@id":"https:\/\/floratiara.com\/#website"},"primaryImageOfPage":{"@id":"https:\/\/floratiara.com\/p\/ivory-pink-rose-floral-circlet\/#primaryimage"},"image":{"@id":"https:\/\/floratiara.com\/p\/ivory-pink-rose-floral-circlet\/#primaryimage"},"thumbnailUrl":"https:\/\/floratiara.com\/wp-content\/uploads\/2024\/03\/S7637aad187934dc6b91f54eef69be7c5X.webp","datePublished":"2024-03-16T10:35:53+00:00","dateModified":"2025-03-04T04:42:50+00:00","description":"Ainutlaatuinen ja kaunis: Osta Elegantti p\u00f6lyinen vaaleanpunainen ruusu kukka kruunu otsanauha. Premium korkealaatuinen p\u00e4\u00e4hine, joka tekee tilaisuudesta unohtumattoman.","breadcrumb":{"@id":"https:\/\/floratiara.com\/p\/ivory-pink-rose-floral-circlet\/#breadcrumb"},"inLanguage":"fi","potentialAction":[{"@type":"ReadAction","target":["https:\/\/floratiara.com\/p\/ivory-pink-rose-floral-circlet\/"]}]},{"@type":"ImageObject","inLanguage":"fi","@id":"https:\/\/floratiara.com\/p\/ivory-pink-rose-floral-circlet\/#primaryimage","url":"https:\/\/floratiara.com\/wp-content\/uploads\/2024\/03\/S7637aad187934dc6b91f54eef69be7c5X.webp","contentUrl":"https:\/\/floratiara.com\/wp-content\/uploads\/2024\/03\/S7637aad187934dc6b91f54eef69be7c5X.webp","width":800,"height":800},{"@type":"BreadcrumbList","@id":"https:\/\/floratiara.com\/p\/ivory-pink-rose-floral-circlet\/#breadcrumb","itemListElement":[{"@type":"ListItem","position":1,"name":"Home","item":"https:\/\/floratiara.com\/"},{"@type":"ListItem","position":2,"name":"Shop","item":"https:\/\/floratiara.com\/shop\/"},{"@type":"ListItem","position":3,"name":"Elegant Dusty Pink Rose Flower Crown Headband"}]},{"@type":"WebSite","@id":"https:\/\/floratiara.com\/#website","url":"https:\/\/floratiara.com\/","name":"Flora Tiara","description":"","publisher":{"@id":"https:\/\/floratiara.com\/#organization"},"potentialAction":[{"@type":"SearchAction","target":{"@type":"EntryPoint","urlTemplate":"https:\/\/floratiara.com\/?s={search_term_string}"},"query-input":{"@type":"PropertyValueSpecification","valueRequired":true,"valueName":"search_term_string"}}],"inLanguage":"fi"},{"@type":"Organization","@id":"https:\/\/floratiara.com\/#organization","name":"Flora Tiara","url":"https:\/\/floratiara.com\/","logo":{"@type":"ImageObject","inLanguage":"fi","@id":"https:\/\/floratiara.com\/#\/schema\/logo\/image\/","url":"https:\/\/floratiara.com\/wp-content\/uploads\/2024\/03\/flora-tiara-logo.png","contentUrl":"https:\/\/floratiara.com\/wp-content\/uploads\/2024\/03\/flora-tiara-logo.png","width":1024,"height":274,"caption":"Flora Tiara"},"image":{"@id":"https:\/\/floratiara.com\/#\/schema\/logo\/image\/"}}]}},"_links":{"self":[{"href":"https:\/\/floratiara.com\/fi\/wp-json\/wp\/v2\/product\/688","targetHints":{"allow":["GET"]}}],"collection":[{"href":"https:\/\/floratiara.com\/fi\/wp-json\/wp\/v2\/product"}],"about":[{"href":"https:\/\/floratiara.com\/fi\/wp-json\/wp\/v2\/types\/product"}],"wp:featuredmedia":[{"embeddable":true,"href":"https:\/\/floratiara.com\/fi\/wp-json\/wp\/v2\/media\/687"}],"wp:attachment":[{"href":"https:\/\/floratiara.com\/fi\/wp-json\/wp\/v2\/media?parent=688"}],"wp:term":[{"taxonomy":"product_brand","embeddable":true,"href":"https:\/\/floratiara.com\/fi\/wp-json\/wp\/v2\/product_brand?post=688"},{"taxonomy":"product_cat","embeddable":true,"href":"https:\/\/floratiara.com\/fi\/wp-json\/wp\/v2\/product_cat?post=688"},{"taxonomy":"product_tag","embeddable":true,"href":"https:\/\/floratiara.com\/fi\/wp-json\/wp\/v2\/product_tag?post=688"}],"curies":[{"name":"wp","href":"https:\/\/api.w.org\/{rel}","templated":true}]}}