{"id":860,"date":"2024-03-24T02:46:07","date_gmt":"2024-03-24T02:46:07","guid":{"rendered":"https:\/\/floratiara.com\/?page_id=860"},"modified":"2024-06-11T05:05:40","modified_gmt":"2024-06-11T05:05:40","slug":"politique-de-remboursement-et-de-retour-du-diademe-de-la-flore","status":"publish","type":"page","link":"https:\/\/floratiara.com\/fr\/politique-de-remboursement-et-de-retour-du-diademe-de-la-flore\/","title":{"rendered":"Flora Tiara Politique de remboursement et de retour"},"content":{"rendered":"<h2>Je voudrais <strong>retour<\/strong> ou <strong>\u00e9change<\/strong>\u00a0un article qui ne me convient pas.<\/h2>\r\n<strong>\u00c9tape 1 :<\/strong> Si vous souhaitez <strong>retour<\/strong> ou <strong>\u00e9change<\/strong> pour obtenir une taille ou une couleur diff\u00e9rente), veuillez vous assurer que vous remplissez les conditions suivantes :\r\n<ul>\r\n \t<li>Vous disposez d'un d\u00e9lai de 14 jours \u00e0 compter de la r\u00e9ception de votre colis pour nous le retourner.<\/li>\r\n \t<li>Les articles doivent \u00eatre dans leur \u00e9tat d'origine et non port\u00e9s.<\/li>\r\n<\/ul>\r\n<strong>\u00c9tape 2 :<\/strong> Contactez-nous par courriel \u00e0 l'adresse contact@floratiara.com ou directement via notre formulaire de contact.\r\n\r\nVeillez \u00e0 ce que les informations suivantes apparaissent dans votre courriel : votre\u00a0<strong>num\u00e9ro de commande<\/strong>, <strong>les noms des articles retourn\u00e9s<\/strong>ainsi que <strong>ce que vous souhaitez obtenir du retour<\/strong> (remboursement, bon d'achat ou \u00e9change avec une taille\/couleur diff\u00e9rente).\r\n\r\n<strong>\u00c9tape 3 :<\/strong>\u00a0Nous vous r\u00e9pondrons dans les 48 heures en vous indiquant l'adresse postale \u00e0 laquelle renvoyer les marchandises.\r\n\r\nL'adresse de retour sera probablement en Australie, car nous sommes un <strong>Entreprise australienne<\/strong>.\r\n\r\nSachez que\u00a0<strong>les frais de retour restent \u00e0 votre charge<\/strong>.\r\n\r\n<em>Les articles doivent \u00eatre retourn\u00e9s dans leur \u00e9tat d'origine.<\/em>\r\n\r\n<strong>\u00c9tape 4<\/strong>: Confirmez-nous par e-mail que votre produit a \u00e9t\u00e9 exp\u00e9di\u00e9 et fournissez-nous le num\u00e9ro de t\u00e9l\u00e9phone de l'exp\u00e9diteur.\u00a0<strong>le num\u00e9ro d'exp\u00e9dition du colis<\/strong>.\r\n\r\nCela nous permettra de payer les frais de douane \u00e9ventuels.\u00a0<strong>Si nous ne disposons pas de ces informations, nous ne pourrons pas payer les frais de douane et votre colis vous sera automatiquement renvoy\u00e9.<\/strong>.\r\n\r\n<strong>\u00c9tape 5 :<\/strong> D\u00e8s que nous recevons les articles, ils sont inspect\u00e9s et, selon votre demande, nous les inspectons :\r\n<ul>\r\n \t<li>Remboursement de vos articles : vous recevrez un e-mail confirmant le remboursement de votre commande.<\/li>\r\n \t<li>\u00c9changez vos articles : Les articles seront \u00e9chang\u00e9s par ceux indiqu\u00e9s sur votre formulaire de retour, vous recevrez un email confirmant l'\u00e9change ainsi qu'un nouveau num\u00e9ro de commande.<\/li>\r\n<\/ul>\r\nFlora Tiara se r\u00e9serve le droit de refuser les retours envoy\u00e9s ou communiqu\u00e9s apr\u00e8s le d\u00e9lai de retour, ou les articles qui ne sont pas dans le m\u00eame \u00e9tat que lorsqu'ils ont \u00e9t\u00e9 re\u00e7us. Une fois le retour approuv\u00e9, vous serez rembours\u00e9 par le biais de l'application <strong>le m\u00eame mode de paiement que celui utilis\u00e9 pour effectuer l'achat<\/strong>. Le d\u00e9lai maximum de remboursement est de 10 jours. Veuillez noter que le d\u00e9lai de remboursement sur votre compte bancaire d\u00e9pend toujours de votre banque.","protected":false},"excerpt":{"rendered":"Je souhaite retourner ou \u00e9changer un article qui ne me convient pas. \u00c9tape 1 : Si vous souhaitez retourner ou \u00e9changer votre article (pour obtenir une taille ou une couleur diff\u00e9rente), assurez-vous que vous remplissez les conditions suivantes : Vous disposez d'un d\u00e9lai de 14 jours \u00e0 compter de la r\u00e9ception de votre colis pour le retourner \u00e0 [...]","protected":false},"author":1,"featured_media":0,"parent":0,"menu_order":0,"comment_status":"closed","ping_status":"closed","template":"page-blank-title-center.php","meta":{"footnotes":""},"class_list":["post-860","page","type-page","status-publish","hentry"],"yoast_head":"<!-- This site is optimized with the Yoast SEO plugin v25.9 - https:\/\/yoast.com\/wordpress\/plugins\/seo\/ -->\n<title>Flora Tiara Refund and Returns Policy - Flora Tiara<\/title>\n<meta name=\"robots\" content=\"noindex, follow\" \/>\n<meta property=\"og:locale\" content=\"fr_FR\" \/>\n<meta property=\"og:type\" content=\"article\" \/>\n<meta property=\"og:title\" content=\"Flora Tiara Refund and Returns Policy - Flora Tiara\" \/>\n<meta property=\"og:description\" content=\"I would like to return or exchange\u00a0an item that does not suit me. Step 1: If you would like to return or exchange your item (to get a different size or color), please make sure that you meet the following conditions: You have 14 days following the reception of your package to return it to [...]\" \/>\n<meta property=\"og:url\" content=\"https:\/\/floratiara.com\/fr\/politique-de-remboursement-et-de-retour-du-diademe-de-la-flore\/\" \/>\n<meta property=\"og:site_name\" content=\"Flora Tiara\" \/>\n<meta property=\"article:modified_time\" content=\"2024-06-11T05:05:40+00:00\" \/>\n<meta property=\"og:image\" content=\"https:\/\/floratiara.com\/wp-content\/uploads\/2024\/03\/flower-crown-banner.jpg\" \/>\n\t<meta property=\"og:image:width\" content=\"1755\" \/>\n\t<meta property=\"og:image:height\" content=\"1024\" \/>\n\t<meta property=\"og:image:type\" content=\"image\/jpeg\" \/>\n<meta name=\"twitter:card\" content=\"summary_large_image\" \/>\n<meta name=\"twitter:label1\" content=\"Dur\u00e9e de lecture estim\u00e9e\" \/>\n\t<meta name=\"twitter:data1\" content=\"2 minutes\" \/>\n<script type=\"application\/ld+json\" class=\"yoast-schema-graph\">{\"@context\":\"https:\/\/schema.org\",\"@graph\":[{\"@type\":\"WebPage\",\"@id\":\"https:\/\/floratiara.com\/flora-tiara-refund-and-returns-policy\/\",\"url\":\"https:\/\/floratiara.com\/flora-tiara-refund-and-returns-policy\/\",\"name\":\"Flora Tiara Refund and Returns Policy - Flora Tiara\",\"isPartOf\":{\"@id\":\"https:\/\/floratiara.com\/#website\"},\"datePublished\":\"2024-03-24T02:46:07+00:00\",\"dateModified\":\"2024-06-11T05:05:40+00:00\",\"breadcrumb\":{\"@id\":\"https:\/\/floratiara.com\/flora-tiara-refund-and-returns-policy\/#breadcrumb\"},\"inLanguage\":\"fr-FR\",\"potentialAction\":[{\"@type\":\"ReadAction\",\"target\":[\"https:\/\/floratiara.com\/flora-tiara-refund-and-returns-policy\/\"]}]},{\"@type\":\"BreadcrumbList\",\"@id\":\"https:\/\/floratiara.com\/flora-tiara-refund-and-returns-policy\/#breadcrumb\",\"itemListElement\":[{\"@type\":\"ListItem\",\"position\":1,\"name\":\"Home\",\"item\":\"https:\/\/floratiara.com\/\"},{\"@type\":\"ListItem\",\"position\":2,\"name\":\"Flora Tiara Refund and Returns Policy\"}]},{\"@type\":\"WebSite\",\"@id\":\"https:\/\/floratiara.com\/#website\",\"url\":\"https:\/\/floratiara.com\/\",\"name\":\"Flora Tiara\",\"description\":\"\",\"publisher\":{\"@id\":\"https:\/\/floratiara.com\/#organization\"},\"potentialAction\":[{\"@type\":\"SearchAction\",\"target\":{\"@type\":\"EntryPoint\",\"urlTemplate\":\"https:\/\/floratiara.com\/?s={search_term_string}\"},\"query-input\":{\"@type\":\"PropertyValueSpecification\",\"valueRequired\":true,\"valueName\":\"search_term_string\"}}],\"inLanguage\":\"fr-FR\"},{\"@type\":\"Organization\",\"@id\":\"https:\/\/floratiara.com\/#organization\",\"name\":\"Flora Tiara\",\"url\":\"https:\/\/floratiara.com\/\",\"logo\":{\"@type\":\"ImageObject\",\"inLanguage\":\"fr-FR\",\"@id\":\"https:\/\/floratiara.com\/#\/schema\/logo\/image\/\",\"url\":\"https:\/\/floratiara.com\/wp-content\/uploads\/2024\/03\/flora-tiara-logo.png\",\"contentUrl\":\"https:\/\/floratiara.com\/wp-content\/uploads\/2024\/03\/flora-tiara-logo.png\",\"width\":1024,\"height\":274,\"caption\":\"Flora Tiara\"},\"image\":{\"@id\":\"https:\/\/floratiara.com\/#\/schema\/logo\/image\/\"}}]}<\/script>\n<!-- \/ Yoast SEO plugin. -->","yoast_head_json":{"title":"Flora Tiara Politique de remboursement et de retour - Flora Tiara","robots":{"index":"noindex","follow":"follow"},"og_locale":"fr_FR","og_type":"article","og_title":"Flora Tiara Refund and Returns Policy - Flora Tiara","og_description":"I would like to return or exchange\u00a0an item that does not suit me. Step 1: If you would like to return or exchange your item (to get a different size or color), please make sure that you meet the following conditions: You have 14 days following the reception of your package to return it to [...]","og_url":"https:\/\/floratiara.com\/fr\/politique-de-remboursement-et-de-retour-du-diademe-de-la-flore\/","og_site_name":"Flora Tiara","article_modified_time":"2024-06-11T05:05:40+00:00","og_image":[{"width":1755,"height":1024,"url":"https:\/\/floratiara.com\/wp-content\/uploads\/2024\/03\/flower-crown-banner.jpg","type":"image\/jpeg"}],"twitter_card":"summary_large_image","twitter_misc":{"Dur\u00e9e de lecture estim\u00e9e":"2 minutes"},"schema":{"@context":"https:\/\/schema.org","@graph":[{"@type":"WebPage","@id":"https:\/\/floratiara.com\/flora-tiara-refund-and-returns-policy\/","url":"https:\/\/floratiara.com\/flora-tiara-refund-and-returns-policy\/","name":"Flora Tiara Politique de remboursement et de retour - Flora Tiara","isPartOf":{"@id":"https:\/\/floratiara.com\/#website"},"datePublished":"2024-03-24T02:46:07+00:00","dateModified":"2024-06-11T05:05:40+00:00","breadcrumb":{"@id":"https:\/\/floratiara.com\/flora-tiara-refund-and-returns-policy\/#breadcrumb"},"inLanguage":"fr-FR","potentialAction":[{"@type":"ReadAction","target":["https:\/\/floratiara.com\/flora-tiara-refund-and-returns-policy\/"]}]},{"@type":"BreadcrumbList","@id":"https:\/\/floratiara.com\/flora-tiara-refund-and-returns-policy\/#breadcrumb","itemListElement":[{"@type":"ListItem","position":1,"name":"Home","item":"https:\/\/floratiara.com\/"},{"@type":"ListItem","position":2,"name":"Flora Tiara Refund and Returns Policy"}]},{"@type":"WebSite","@id":"https:\/\/floratiara.com\/#website","url":"https:\/\/floratiara.com\/","name":"Flora Tiara","description":"","publisher":{"@id":"https:\/\/floratiara.com\/#organization"},"potentialAction":[{"@type":"SearchAction","target":{"@type":"EntryPoint","urlTemplate":"https:\/\/floratiara.com\/?s={search_term_string}"},"query-input":{"@type":"PropertyValueSpecification","valueRequired":true,"valueName":"search_term_string"}}],"inLanguage":"fr-FR"},{"@type":"Organization","@id":"https:\/\/floratiara.com\/#organization","name":"Flora Tiara","url":"https:\/\/floratiara.com\/","logo":{"@type":"ImageObject","inLanguage":"fr-FR","@id":"https:\/\/floratiara.com\/#\/schema\/logo\/image\/","url":"https:\/\/floratiara.com\/wp-content\/uploads\/2024\/03\/flora-tiara-logo.png","contentUrl":"https:\/\/floratiara.com\/wp-content\/uploads\/2024\/03\/flora-tiara-logo.png","width":1024,"height":274,"caption":"Flora Tiara"},"image":{"@id":"https:\/\/floratiara.com\/#\/schema\/logo\/image\/"}}]}},"_links":{"self":[{"href":"https:\/\/floratiara.com\/fr\/wp-json\/wp\/v2\/pages\/860","targetHints":{"allow":["GET"]}}],"collection":[{"href":"https:\/\/floratiara.com\/fr\/wp-json\/wp\/v2\/pages"}],"about":[{"href":"https:\/\/floratiara.com\/fr\/wp-json\/wp\/v2\/types\/page"}],"author":[{"embeddable":true,"href":"https:\/\/floratiara.com\/fr\/wp-json\/wp\/v2\/users\/1"}],"replies":[{"embeddable":true,"href":"https:\/\/floratiara.com\/fr\/wp-json\/wp\/v2\/comments?post=860"}],"version-history":[{"count":4,"href":"https:\/\/floratiara.com\/fr\/wp-json\/wp\/v2\/pages\/860\/revisions"}],"predecessor-version":[{"id":1008,"href":"https:\/\/floratiara.com\/fr\/wp-json\/wp\/v2\/pages\/860\/revisions\/1008"}],"wp:attachment":[{"href":"https:\/\/floratiara.com\/fr\/wp-json\/wp\/v2\/media?parent=860"}],"curies":[{"name":"wp","href":"https:\/\/api.w.org\/{rel}","templated":true}]}}