{"id":289,"date":"2024-03-16T09:40:13","date_gmt":"2024-03-16T09:40:13","guid":{"rendered":"https:\/\/floratiara.com\/?post_type=product&#038;p=289"},"modified":"2024-12-12T01:46:05","modified_gmt":"2024-12-12T01:46:05","slug":"coiffe-de-mariage-romantique-et-florale","status":"publish","type":"product","link":"https:\/\/floratiara.com\/fr\/p\/coiffe-de-mariage-romantique-et-florale\/","title":{"rendered":"Couronne de fleurs de mari\u00e9e Enchanted Garden"},"content":{"rendered":"<p>Exprimez une gr\u00e2ce intemporelle lors de votre journ\u00e9e sp\u00e9ciale avec notre couronne de fleurs de mari\u00e9e Enchanted Garden. Ce superbe accessoire pr\u00e9sente des roses jaunes ensoleill\u00e9es associ\u00e9es \u00e0 des an\u00e9mones blanches \u00e9th\u00e9r\u00e9es, nich\u00e9es dans un ensemble de feuillage d\u00e9licat et de fleurs blanches fantaisistes. Con\u00e7ue de mani\u00e8re impeccable pour la mari\u00e9e et les amateurs de festivals, cette couronne est ajustable et convient \u00e0 toutes les tailles de t\u00eate. Captivez les spectateurs et impr\u00e9gnez votre look de l'\u00e9l\u00e9gance de la nature, pour faire de votre c\u00e9l\u00e9bration un v\u00e9ritable conte de f\u00e9es. Embrassez le charme de notre couronne de fleurs romantique et polyvalente, et entrez dans votre \u00e9v\u00e9nement avec confiance et style.<\/p><p>Composition : roses jaunes, an\u00e9mones blanches, petites fleurs de remplissage blanches, feuillage vert, avec \u00e9ventuellement quelques baies blanches ou petits bourgeons.<\/p>","protected":false},"excerpt":{"rendered":"<div style=\"width: 90%;text-align: left;margin: auto\"><p style=\"text-align:center\"><b>\ud83d\udc51 De nos mains \u00e0 votre t\u00eate<\/b><br \/><i>Couronnes de fleurs de luxe pour toutes les occasions<\/i><\/p><ul><li>\u2702\ufe0f Fabriqu\u00e9 avec soin au c\u0153ur de l'Europe. <b>France<\/b><\/li><li><b>\ud83d\udc90 Composition : roses jaunes, an\u00e9mones blanches, petites fleurs de remplissage blanches, feuillage vert, avec \u00e9ventuellement quelques baies blanches ou petits bourgeons.<\/b><\/li><\/ul><\/div>","protected":false},"featured_media":288,"template":"","meta":[],"product_brand":[],"product_cat":[61,76,59],"product_tag":[],"class_list":{"0":"post-289","1":"product","2":"type-product","3":"status-publish","4":"has-post-thumbnail","6":"product_cat-bridesmaid-floral-headpiece","7":"product_cat-gold-floral-headpiece","8":"product_cat-bridal-floral-headpiece","10":"first","11":"instock","12":"shipping-taxable","13":"purchasable","14":"product-type-simple"},"yoast_head":"<!-- This site is optimized with the Yoast SEO plugin v25.9 - https:\/\/yoast.com\/wordpress\/plugins\/seo\/ -->\n<title>Enchanted Garden Bridal Flower Crown - Flora Tiara<\/title>\n<meta name=\"description\" content=\"Unique and beautiful: Shop our Enchanted Garden Bridal Flower Crown. Premium high quality headpiece to make the occasion unforgettable.\" \/>\n<meta name=\"robots\" content=\"index, follow, max-snippet:-1, max-image-preview:large, max-video-preview:-1\" \/>\n<link rel=\"canonical\" href=\"https:\/\/floratiara.com\/fr\/p\/coiffe-de-mariage-romantique-et-florale\/\" \/>\n<meta property=\"og:locale\" content=\"fr_FR\" \/>\n<meta property=\"og:type\" content=\"article\" \/>\n<meta property=\"og:title\" content=\"Enchanted Garden Bridal Flower Crown - Flora Tiara\" \/>\n<meta property=\"og:description\" content=\"Unique and beautiful: Shop our Enchanted Garden Bridal Flower Crown. Premium high quality headpiece to make the occasion unforgettable.\" \/>\n<meta property=\"og:url\" content=\"https:\/\/floratiara.com\/fr\/p\/coiffe-de-mariage-romantique-et-florale\/\" \/>\n<meta property=\"og:site_name\" content=\"Flora Tiara\" \/>\n<meta property=\"article:modified_time\" content=\"2024-12-12T01:46:05+00:00\" \/>\n<meta property=\"og:image\" content=\"https:\/\/floratiara.com\/wp-content\/uploads\/2024\/03\/H6faacd821a7c4569b6ac21922e135f8dO.webp\" \/>\n\t<meta property=\"og:image:width\" content=\"1000\" \/>\n\t<meta property=\"og:image:height\" content=\"1000\" \/>\n\t<meta property=\"og:image:type\" content=\"image\/webp\" \/>\n<meta name=\"twitter:card\" content=\"summary_large_image\" \/>\n<meta name=\"twitter:label1\" content=\"Dur\u00e9e de lecture estim\u00e9e\" \/>\n\t<meta name=\"twitter:data1\" content=\"1 minute\" \/>\n<script type=\"application\/ld+json\" class=\"yoast-schema-graph\">{\"@context\":\"https:\/\/schema.org\",\"@graph\":[{\"@type\":\"WebPage\",\"@id\":\"https:\/\/floratiara.com\/p\/romantic-floral-wedding-headpiece\/\",\"url\":\"https:\/\/floratiara.com\/p\/romantic-floral-wedding-headpiece\/\",\"name\":\"Enchanted Garden Bridal Flower Crown - Flora Tiara\",\"isPartOf\":{\"@id\":\"https:\/\/floratiara.com\/#website\"},\"primaryImageOfPage\":{\"@id\":\"https:\/\/floratiara.com\/p\/romantic-floral-wedding-headpiece\/#primaryimage\"},\"image\":{\"@id\":\"https:\/\/floratiara.com\/p\/romantic-floral-wedding-headpiece\/#primaryimage\"},\"thumbnailUrl\":\"https:\/\/floratiara.com\/wp-content\/uploads\/2024\/03\/H6faacd821a7c4569b6ac21922e135f8dO.webp\",\"datePublished\":\"2024-03-16T09:40:13+00:00\",\"dateModified\":\"2024-12-12T01:46:05+00:00\",\"description\":\"Unique and beautiful: Shop our Enchanted Garden Bridal Flower Crown. Premium high quality headpiece to make the occasion unforgettable.\",\"breadcrumb\":{\"@id\":\"https:\/\/floratiara.com\/p\/romantic-floral-wedding-headpiece\/#breadcrumb\"},\"inLanguage\":\"fr-FR\",\"potentialAction\":[{\"@type\":\"ReadAction\",\"target\":[\"https:\/\/floratiara.com\/p\/romantic-floral-wedding-headpiece\/\"]}]},{\"@type\":\"ImageObject\",\"inLanguage\":\"fr-FR\",\"@id\":\"https:\/\/floratiara.com\/p\/romantic-floral-wedding-headpiece\/#primaryimage\",\"url\":\"https:\/\/floratiara.com\/wp-content\/uploads\/2024\/03\/H6faacd821a7c4569b6ac21922e135f8dO.webp\",\"contentUrl\":\"https:\/\/floratiara.com\/wp-content\/uploads\/2024\/03\/H6faacd821a7c4569b6ac21922e135f8dO.webp\",\"width\":1000,\"height\":1000},{\"@type\":\"BreadcrumbList\",\"@id\":\"https:\/\/floratiara.com\/p\/romantic-floral-wedding-headpiece\/#breadcrumb\",\"itemListElement\":[{\"@type\":\"ListItem\",\"position\":1,\"name\":\"Home\",\"item\":\"https:\/\/floratiara.com\/\"},{\"@type\":\"ListItem\",\"position\":2,\"name\":\"Shop\",\"item\":\"https:\/\/floratiara.com\/shop\/\"},{\"@type\":\"ListItem\",\"position\":3,\"name\":\"Enchanted Garden Bridal Flower Crown\"}]},{\"@type\":\"WebSite\",\"@id\":\"https:\/\/floratiara.com\/#website\",\"url\":\"https:\/\/floratiara.com\/\",\"name\":\"Flora Tiara\",\"description\":\"\",\"publisher\":{\"@id\":\"https:\/\/floratiara.com\/#organization\"},\"potentialAction\":[{\"@type\":\"SearchAction\",\"target\":{\"@type\":\"EntryPoint\",\"urlTemplate\":\"https:\/\/floratiara.com\/?s={search_term_string}\"},\"query-input\":{\"@type\":\"PropertyValueSpecification\",\"valueRequired\":true,\"valueName\":\"search_term_string\"}}],\"inLanguage\":\"fr-FR\"},{\"@type\":\"Organization\",\"@id\":\"https:\/\/floratiara.com\/#organization\",\"name\":\"Flora Tiara\",\"url\":\"https:\/\/floratiara.com\/\",\"logo\":{\"@type\":\"ImageObject\",\"inLanguage\":\"fr-FR\",\"@id\":\"https:\/\/floratiara.com\/#\/schema\/logo\/image\/\",\"url\":\"https:\/\/floratiara.com\/wp-content\/uploads\/2024\/03\/flora-tiara-logo.png\",\"contentUrl\":\"https:\/\/floratiara.com\/wp-content\/uploads\/2024\/03\/flora-tiara-logo.png\",\"width\":1024,\"height\":274,\"caption\":\"Flora Tiara\"},\"image\":{\"@id\":\"https:\/\/floratiara.com\/#\/schema\/logo\/image\/\"}}]}<\/script>\n<!-- \/ Yoast SEO plugin. -->","yoast_head_json":{"title":"Couronne de fleurs de mari\u00e9e du jardin enchant\u00e9 - Flora Tiara","description":"Unique et magnifique : Achetez notre couronne de fleurs de mari\u00e9e Enchanted Garden. Une coiffe de qualit\u00e9 sup\u00e9rieure qui rendra l'occasion inoubliable.","robots":{"index":"index","follow":"follow","max-snippet":"max-snippet:-1","max-image-preview":"max-image-preview:large","max-video-preview":"max-video-preview:-1"},"canonical":"https:\/\/floratiara.com\/fr\/p\/coiffe-de-mariage-romantique-et-florale\/","og_locale":"fr_FR","og_type":"article","og_title":"Enchanted Garden Bridal Flower Crown - Flora Tiara","og_description":"Unique and beautiful: Shop our Enchanted Garden Bridal Flower Crown. Premium high quality headpiece to make the occasion unforgettable.","og_url":"https:\/\/floratiara.com\/fr\/p\/coiffe-de-mariage-romantique-et-florale\/","og_site_name":"Flora Tiara","article_modified_time":"2024-12-12T01:46:05+00:00","og_image":[{"width":1000,"height":1000,"url":"https:\/\/floratiara.com\/wp-content\/uploads\/2024\/03\/H6faacd821a7c4569b6ac21922e135f8dO.webp","type":"image\/webp"}],"twitter_card":"summary_large_image","twitter_misc":{"Dur\u00e9e de lecture estim\u00e9e":"1 minute"},"schema":{"@context":"https:\/\/schema.org","@graph":[{"@type":"WebPage","@id":"https:\/\/floratiara.com\/p\/romantic-floral-wedding-headpiece\/","url":"https:\/\/floratiara.com\/p\/romantic-floral-wedding-headpiece\/","name":"Couronne de fleurs de mari\u00e9e du jardin enchant\u00e9 - Flora Tiara","isPartOf":{"@id":"https:\/\/floratiara.com\/#website"},"primaryImageOfPage":{"@id":"https:\/\/floratiara.com\/p\/romantic-floral-wedding-headpiece\/#primaryimage"},"image":{"@id":"https:\/\/floratiara.com\/p\/romantic-floral-wedding-headpiece\/#primaryimage"},"thumbnailUrl":"https:\/\/floratiara.com\/wp-content\/uploads\/2024\/03\/H6faacd821a7c4569b6ac21922e135f8dO.webp","datePublished":"2024-03-16T09:40:13+00:00","dateModified":"2024-12-12T01:46:05+00:00","description":"Unique et magnifique : Achetez notre couronne de fleurs de mari\u00e9e Enchanted Garden. Une coiffe de qualit\u00e9 sup\u00e9rieure qui rendra l'occasion inoubliable.","breadcrumb":{"@id":"https:\/\/floratiara.com\/p\/romantic-floral-wedding-headpiece\/#breadcrumb"},"inLanguage":"fr-FR","potentialAction":[{"@type":"ReadAction","target":["https:\/\/floratiara.com\/p\/romantic-floral-wedding-headpiece\/"]}]},{"@type":"ImageObject","inLanguage":"fr-FR","@id":"https:\/\/floratiara.com\/p\/romantic-floral-wedding-headpiece\/#primaryimage","url":"https:\/\/floratiara.com\/wp-content\/uploads\/2024\/03\/H6faacd821a7c4569b6ac21922e135f8dO.webp","contentUrl":"https:\/\/floratiara.com\/wp-content\/uploads\/2024\/03\/H6faacd821a7c4569b6ac21922e135f8dO.webp","width":1000,"height":1000},{"@type":"BreadcrumbList","@id":"https:\/\/floratiara.com\/p\/romantic-floral-wedding-headpiece\/#breadcrumb","itemListElement":[{"@type":"ListItem","position":1,"name":"Home","item":"https:\/\/floratiara.com\/"},{"@type":"ListItem","position":2,"name":"Shop","item":"https:\/\/floratiara.com\/shop\/"},{"@type":"ListItem","position":3,"name":"Enchanted Garden Bridal Flower Crown"}]},{"@type":"WebSite","@id":"https:\/\/floratiara.com\/#website","url":"https:\/\/floratiara.com\/","name":"Flora Tiara","description":"","publisher":{"@id":"https:\/\/floratiara.com\/#organization"},"potentialAction":[{"@type":"SearchAction","target":{"@type":"EntryPoint","urlTemplate":"https:\/\/floratiara.com\/?s={search_term_string}"},"query-input":{"@type":"PropertyValueSpecification","valueRequired":true,"valueName":"search_term_string"}}],"inLanguage":"fr-FR"},{"@type":"Organization","@id":"https:\/\/floratiara.com\/#organization","name":"Flora Tiara","url":"https:\/\/floratiara.com\/","logo":{"@type":"ImageObject","inLanguage":"fr-FR","@id":"https:\/\/floratiara.com\/#\/schema\/logo\/image\/","url":"https:\/\/floratiara.com\/wp-content\/uploads\/2024\/03\/flora-tiara-logo.png","contentUrl":"https:\/\/floratiara.com\/wp-content\/uploads\/2024\/03\/flora-tiara-logo.png","width":1024,"height":274,"caption":"Flora Tiara"},"image":{"@id":"https:\/\/floratiara.com\/#\/schema\/logo\/image\/"}}]}},"_links":{"self":[{"href":"https:\/\/floratiara.com\/fr\/wp-json\/wp\/v2\/product\/289","targetHints":{"allow":["GET"]}}],"collection":[{"href":"https:\/\/floratiara.com\/fr\/wp-json\/wp\/v2\/product"}],"about":[{"href":"https:\/\/floratiara.com\/fr\/wp-json\/wp\/v2\/types\/product"}],"wp:featuredmedia":[{"embeddable":true,"href":"https:\/\/floratiara.com\/fr\/wp-json\/wp\/v2\/media\/288"}],"wp:attachment":[{"href":"https:\/\/floratiara.com\/fr\/wp-json\/wp\/v2\/media?parent=289"}],"wp:term":[{"taxonomy":"product_brand","embeddable":true,"href":"https:\/\/floratiara.com\/fr\/wp-json\/wp\/v2\/product_brand?post=289"},{"taxonomy":"product_cat","embeddable":true,"href":"https:\/\/floratiara.com\/fr\/wp-json\/wp\/v2\/product_cat?post=289"},{"taxonomy":"product_tag","embeddable":true,"href":"https:\/\/floratiara.com\/fr\/wp-json\/wp\/v2\/product_tag?post=289"}],"curies":[{"name":"wp","href":"https:\/\/api.w.org\/{rel}","templated":true}]}}