{"id":332,"date":"2024-03-16T09:41:13","date_gmt":"2024-03-16T09:41:13","guid":{"rendered":"https:\/\/floratiara.com\/?post_type=product&#038;p=332"},"modified":"2024-12-12T01:45:20","modified_gmt":"2024-12-12T01:45:20","slug":"bandeau-floral-artisanal-elegance-nuptiale","status":"publish","type":"product","link":"https:\/\/floratiara.com\/fr\/p\/bandeau-floral-artisanal-elegance-nuptiale\/","title":{"rendered":"Couronne de fleurs de mari\u00e9e enchanteresse - Accessoire de mariage \u00e9th\u00e9r\u00e9"},"content":{"rendered":"<p>Enflammez le jour de votre mariage avec l'\u00e9l\u00e9gance sublime de notre couronne de fleurs de mari\u00e9e fabriqu\u00e9e \u00e0 la main. Compos\u00e9e d'un \u00e9ventail de roses roses, de cl\u00e9matites blanches ang\u00e9liques et de boutons fantaisistes entrelac\u00e9s de verdure, elle promet une touche \u00e9th\u00e9r\u00e9e \u00e0 n'importe quel look de mari\u00e9e. Son design polyvalent lui conf\u00e8re un charme captivant, qu'il soit associ\u00e9 \u00e0 des ondulations l\u00e2ches ou \u00e0 une coiffure chic. Rehaussez votre ensemble avec cette pi\u00e8ce d'apparat, m\u00e9ticuleusement con\u00e7ue pour apporter une touche naturelle et sophistiqu\u00e9e qui enchantera les spectateurs et rendra vos moments sp\u00e9ciaux inoubliables. Embrassez la romance ; laissez notre couronne florale \u00eatre le couronnement de votre voyage vers l'autel.<\/p><p>Composition : roses roses, cl\u00e9matites blanches, boutons roses et blancs, baies vertes, pied d'alouette rose, fleurs de jasmin ou de jasmin, feuilles vertes.<\/p>","protected":false},"excerpt":{"rendered":"<div style=\"width: 90%;text-align: left;margin: auto\"><p style=\"text-align:center\"><b>\ud83d\udc51 De nos mains \u00e0 votre t\u00eate<\/b><br \/><i>Couronnes de fleurs de luxe pour toutes les occasions<\/i><\/p><ul><li>\u2702\ufe0f Fabriqu\u00e9 avec soin au c\u0153ur de l'Europe. <b>France<\/b><\/li><li><b>Composition : roses roses, cl\u00e9matites blanches, boutons roses et blancs, baies vertes, pieds d'alouette roses, fleurs de jasmin ou de jasmin, et feuilles vertes.<\/b><\/li><\/ul><\/div>","protected":false},"featured_media":331,"template":"","meta":[],"product_brand":[],"product_cat":[61,73,59],"product_tag":[],"class_list":{"0":"post-332","1":"product","2":"type-product","3":"status-publish","4":"has-post-thumbnail","6":"product_cat-bridesmaid-floral-headpiece","7":"product_cat-pink-floral-headpiece","8":"product_cat-bridal-floral-headpiece","10":"first","11":"instock","12":"shipping-taxable","13":"purchasable","14":"product-type-simple"},"yoast_head":"<!-- This site is optimized with the Yoast SEO plugin v25.9 - https:\/\/yoast.com\/wordpress\/plugins\/seo\/ -->\n<title>Enchanting Bridal Flower Crown - Ethereal Wedding Accessory - Flora Tiara<\/title>\n<meta name=\"description\" content=\"Unique and beautiful: Shop our Enchanting Bridal Flower Crown - Ethereal Wedding Accessory. Premium high quality headpiece to make the occasion unforgettable.\" \/>\n<meta name=\"robots\" content=\"index, follow, max-snippet:-1, max-image-preview:large, max-video-preview:-1\" \/>\n<link rel=\"canonical\" href=\"https:\/\/floratiara.com\/fr\/p\/bandeau-floral-artisanal-elegance-nuptiale\/\" \/>\n<meta property=\"og:locale\" content=\"fr_FR\" \/>\n<meta property=\"og:type\" content=\"article\" \/>\n<meta property=\"og:title\" content=\"Enchanting Bridal Flower Crown - Ethereal Wedding Accessory - Flora Tiara\" \/>\n<meta property=\"og:description\" content=\"Unique and beautiful: Shop our Enchanting Bridal Flower Crown - Ethereal Wedding Accessory. Premium high quality headpiece to make the occasion unforgettable.\" \/>\n<meta property=\"og:url\" content=\"https:\/\/floratiara.com\/fr\/p\/bandeau-floral-artisanal-elegance-nuptiale\/\" \/>\n<meta property=\"og:site_name\" content=\"Flora Tiara\" \/>\n<meta property=\"article:modified_time\" content=\"2024-12-12T01:45:20+00:00\" \/>\n<meta property=\"og:image\" content=\"https:\/\/floratiara.com\/wp-content\/uploads\/2024\/03\/H0dddaa233fa84c93a436009732971654L.webp\" \/>\n\t<meta property=\"og:image:width\" content=\"1500\" \/>\n\t<meta property=\"og:image:height\" content=\"1500\" \/>\n\t<meta property=\"og:image:type\" content=\"image\/webp\" \/>\n<meta name=\"twitter:card\" content=\"summary_large_image\" \/>\n<meta name=\"twitter:label1\" content=\"Dur\u00e9e de lecture estim\u00e9e\" \/>\n\t<meta name=\"twitter:data1\" content=\"1 minute\" \/>\n<script type=\"application\/ld+json\" class=\"yoast-schema-graph\">{\"@context\":\"https:\/\/schema.org\",\"@graph\":[{\"@type\":\"WebPage\",\"@id\":\"https:\/\/floratiara.com\/p\/handcrafted-floral-headband-bridal-elegance\/\",\"url\":\"https:\/\/floratiara.com\/p\/handcrafted-floral-headband-bridal-elegance\/\",\"name\":\"Enchanting Bridal Flower Crown - Ethereal Wedding Accessory - Flora Tiara\",\"isPartOf\":{\"@id\":\"https:\/\/floratiara.com\/#website\"},\"primaryImageOfPage\":{\"@id\":\"https:\/\/floratiara.com\/p\/handcrafted-floral-headband-bridal-elegance\/#primaryimage\"},\"image\":{\"@id\":\"https:\/\/floratiara.com\/p\/handcrafted-floral-headband-bridal-elegance\/#primaryimage\"},\"thumbnailUrl\":\"https:\/\/floratiara.com\/wp-content\/uploads\/2024\/03\/H0dddaa233fa84c93a436009732971654L.webp\",\"datePublished\":\"2024-03-16T09:41:13+00:00\",\"dateModified\":\"2024-12-12T01:45:20+00:00\",\"description\":\"Unique and beautiful: Shop our Enchanting Bridal Flower Crown - Ethereal Wedding Accessory. Premium high quality headpiece to make the occasion unforgettable.\",\"breadcrumb\":{\"@id\":\"https:\/\/floratiara.com\/p\/handcrafted-floral-headband-bridal-elegance\/#breadcrumb\"},\"inLanguage\":\"fr-FR\",\"potentialAction\":[{\"@type\":\"ReadAction\",\"target\":[\"https:\/\/floratiara.com\/p\/handcrafted-floral-headband-bridal-elegance\/\"]}]},{\"@type\":\"ImageObject\",\"inLanguage\":\"fr-FR\",\"@id\":\"https:\/\/floratiara.com\/p\/handcrafted-floral-headband-bridal-elegance\/#primaryimage\",\"url\":\"https:\/\/floratiara.com\/wp-content\/uploads\/2024\/03\/H0dddaa233fa84c93a436009732971654L.webp\",\"contentUrl\":\"https:\/\/floratiara.com\/wp-content\/uploads\/2024\/03\/H0dddaa233fa84c93a436009732971654L.webp\",\"width\":1500,\"height\":1500},{\"@type\":\"BreadcrumbList\",\"@id\":\"https:\/\/floratiara.com\/p\/handcrafted-floral-headband-bridal-elegance\/#breadcrumb\",\"itemListElement\":[{\"@type\":\"ListItem\",\"position\":1,\"name\":\"Home\",\"item\":\"https:\/\/floratiara.com\/\"},{\"@type\":\"ListItem\",\"position\":2,\"name\":\"Shop\",\"item\":\"https:\/\/floratiara.com\/shop\/\"},{\"@type\":\"ListItem\",\"position\":3,\"name\":\"Enchanting Bridal Flower Crown &#8211; Ethereal Wedding Accessory\"}]},{\"@type\":\"WebSite\",\"@id\":\"https:\/\/floratiara.com\/#website\",\"url\":\"https:\/\/floratiara.com\/\",\"name\":\"Flora Tiara\",\"description\":\"\",\"publisher\":{\"@id\":\"https:\/\/floratiara.com\/#organization\"},\"potentialAction\":[{\"@type\":\"SearchAction\",\"target\":{\"@type\":\"EntryPoint\",\"urlTemplate\":\"https:\/\/floratiara.com\/?s={search_term_string}\"},\"query-input\":{\"@type\":\"PropertyValueSpecification\",\"valueRequired\":true,\"valueName\":\"search_term_string\"}}],\"inLanguage\":\"fr-FR\"},{\"@type\":\"Organization\",\"@id\":\"https:\/\/floratiara.com\/#organization\",\"name\":\"Flora Tiara\",\"url\":\"https:\/\/floratiara.com\/\",\"logo\":{\"@type\":\"ImageObject\",\"inLanguage\":\"fr-FR\",\"@id\":\"https:\/\/floratiara.com\/#\/schema\/logo\/image\/\",\"url\":\"https:\/\/floratiara.com\/wp-content\/uploads\/2024\/03\/flora-tiara-logo.png\",\"contentUrl\":\"https:\/\/floratiara.com\/wp-content\/uploads\/2024\/03\/flora-tiara-logo.png\",\"width\":1024,\"height\":274,\"caption\":\"Flora Tiara\"},\"image\":{\"@id\":\"https:\/\/floratiara.com\/#\/schema\/logo\/image\/\"}}]}<\/script>\n<!-- \/ Yoast SEO plugin. -->","yoast_head_json":{"title":"Couronne de fleurs de mari\u00e9e enchanteresse - Accessoire de mariage \u00e9th\u00e9r\u00e9 - Flora Tiara","description":"Unique et magnifique : Achetez notre couronne de fleurs de mari\u00e9e enchanteresse - Accessoire de mariage \u00e9th\u00e9r\u00e9. Coiffe de qualit\u00e9 sup\u00e9rieure pour rendre l'occasion inoubliable.","robots":{"index":"index","follow":"follow","max-snippet":"max-snippet:-1","max-image-preview":"max-image-preview:large","max-video-preview":"max-video-preview:-1"},"canonical":"https:\/\/floratiara.com\/fr\/p\/bandeau-floral-artisanal-elegance-nuptiale\/","og_locale":"fr_FR","og_type":"article","og_title":"Enchanting Bridal Flower Crown - Ethereal Wedding Accessory - Flora Tiara","og_description":"Unique and beautiful: Shop our Enchanting Bridal Flower Crown - Ethereal Wedding Accessory. Premium high quality headpiece to make the occasion unforgettable.","og_url":"https:\/\/floratiara.com\/fr\/p\/bandeau-floral-artisanal-elegance-nuptiale\/","og_site_name":"Flora Tiara","article_modified_time":"2024-12-12T01:45:20+00:00","og_image":[{"width":1500,"height":1500,"url":"https:\/\/floratiara.com\/wp-content\/uploads\/2024\/03\/H0dddaa233fa84c93a436009732971654L.webp","type":"image\/webp"}],"twitter_card":"summary_large_image","twitter_misc":{"Dur\u00e9e de lecture estim\u00e9e":"1 minute"},"schema":{"@context":"https:\/\/schema.org","@graph":[{"@type":"WebPage","@id":"https:\/\/floratiara.com\/p\/handcrafted-floral-headband-bridal-elegance\/","url":"https:\/\/floratiara.com\/p\/handcrafted-floral-headband-bridal-elegance\/","name":"Couronne de fleurs de mari\u00e9e enchanteresse - Accessoire de mariage \u00e9th\u00e9r\u00e9 - Flora Tiara","isPartOf":{"@id":"https:\/\/floratiara.com\/#website"},"primaryImageOfPage":{"@id":"https:\/\/floratiara.com\/p\/handcrafted-floral-headband-bridal-elegance\/#primaryimage"},"image":{"@id":"https:\/\/floratiara.com\/p\/handcrafted-floral-headband-bridal-elegance\/#primaryimage"},"thumbnailUrl":"https:\/\/floratiara.com\/wp-content\/uploads\/2024\/03\/H0dddaa233fa84c93a436009732971654L.webp","datePublished":"2024-03-16T09:41:13+00:00","dateModified":"2024-12-12T01:45:20+00:00","description":"Unique et magnifique : Achetez notre couronne de fleurs de mari\u00e9e enchanteresse - Accessoire de mariage \u00e9th\u00e9r\u00e9. Coiffe de qualit\u00e9 sup\u00e9rieure pour rendre l'occasion inoubliable.","breadcrumb":{"@id":"https:\/\/floratiara.com\/p\/handcrafted-floral-headband-bridal-elegance\/#breadcrumb"},"inLanguage":"fr-FR","potentialAction":[{"@type":"ReadAction","target":["https:\/\/floratiara.com\/p\/handcrafted-floral-headband-bridal-elegance\/"]}]},{"@type":"ImageObject","inLanguage":"fr-FR","@id":"https:\/\/floratiara.com\/p\/handcrafted-floral-headband-bridal-elegance\/#primaryimage","url":"https:\/\/floratiara.com\/wp-content\/uploads\/2024\/03\/H0dddaa233fa84c93a436009732971654L.webp","contentUrl":"https:\/\/floratiara.com\/wp-content\/uploads\/2024\/03\/H0dddaa233fa84c93a436009732971654L.webp","width":1500,"height":1500},{"@type":"BreadcrumbList","@id":"https:\/\/floratiara.com\/p\/handcrafted-floral-headband-bridal-elegance\/#breadcrumb","itemListElement":[{"@type":"ListItem","position":1,"name":"Home","item":"https:\/\/floratiara.com\/"},{"@type":"ListItem","position":2,"name":"Shop","item":"https:\/\/floratiara.com\/shop\/"},{"@type":"ListItem","position":3,"name":"Enchanting Bridal Flower Crown &#8211; Ethereal Wedding Accessory"}]},{"@type":"WebSite","@id":"https:\/\/floratiara.com\/#website","url":"https:\/\/floratiara.com\/","name":"Flora Tiara","description":"","publisher":{"@id":"https:\/\/floratiara.com\/#organization"},"potentialAction":[{"@type":"SearchAction","target":{"@type":"EntryPoint","urlTemplate":"https:\/\/floratiara.com\/?s={search_term_string}"},"query-input":{"@type":"PropertyValueSpecification","valueRequired":true,"valueName":"search_term_string"}}],"inLanguage":"fr-FR"},{"@type":"Organization","@id":"https:\/\/floratiara.com\/#organization","name":"Flora Tiara","url":"https:\/\/floratiara.com\/","logo":{"@type":"ImageObject","inLanguage":"fr-FR","@id":"https:\/\/floratiara.com\/#\/schema\/logo\/image\/","url":"https:\/\/floratiara.com\/wp-content\/uploads\/2024\/03\/flora-tiara-logo.png","contentUrl":"https:\/\/floratiara.com\/wp-content\/uploads\/2024\/03\/flora-tiara-logo.png","width":1024,"height":274,"caption":"Flora Tiara"},"image":{"@id":"https:\/\/floratiara.com\/#\/schema\/logo\/image\/"}}]}},"_links":{"self":[{"href":"https:\/\/floratiara.com\/fr\/wp-json\/wp\/v2\/product\/332","targetHints":{"allow":["GET"]}}],"collection":[{"href":"https:\/\/floratiara.com\/fr\/wp-json\/wp\/v2\/product"}],"about":[{"href":"https:\/\/floratiara.com\/fr\/wp-json\/wp\/v2\/types\/product"}],"wp:featuredmedia":[{"embeddable":true,"href":"https:\/\/floratiara.com\/fr\/wp-json\/wp\/v2\/media\/331"}],"wp:attachment":[{"href":"https:\/\/floratiara.com\/fr\/wp-json\/wp\/v2\/media?parent=332"}],"wp:term":[{"taxonomy":"product_brand","embeddable":true,"href":"https:\/\/floratiara.com\/fr\/wp-json\/wp\/v2\/product_brand?post=332"},{"taxonomy":"product_cat","embeddable":true,"href":"https:\/\/floratiara.com\/fr\/wp-json\/wp\/v2\/product_cat?post=332"},{"taxonomy":"product_tag","embeddable":true,"href":"https:\/\/floratiara.com\/fr\/wp-json\/wp\/v2\/product_tag?post=332"}],"curies":[{"name":"wp","href":"https:\/\/api.w.org\/{rel}","templated":true}]}}