{"id":392,"date":"2024-03-16T09:42:23","date_gmt":"2024-03-16T09:42:23","guid":{"rendered":"https:\/\/floratiara.com\/?post_type=product&#038;p=392"},"modified":"2024-12-12T01:44:26","modified_gmt":"2024-12-12T01:44:26","slug":"serre-tete-de-mariage-jardin-enchante","status":"publish","type":"product","link":"https:\/\/floratiara.com\/fr\/p\/serre-tete-de-mariage-jardin-enchante\/","title":{"rendered":"T\u00eate de mari\u00e9e \u00e0 couronne florale Ethereal Elegance"},"content":{"rendered":"<p>Ornez votre journ\u00e9e sp\u00e9ciale avec la couronne florale Ethereal Elegance, un symbole de sophistication. Cette coiffe exquise est compos\u00e9e de lilas blancs, de lavande parfum\u00e9e et de d\u00e9licats mufliers blancs entrelac\u00e9s avec de la verdure ornementale. Agr\u00e9ment\u00e9e d'une pierre pr\u00e9cieuse violette au centre et de filigranes dor\u00e9s, elle ajoute une touche de luxe royal \u00e0 n'importe quelle coiffure. Son design polyvalent s'harmonise parfaitement avec les chignons et les m\u00e8ches libres, rehaussant votre look de mari\u00e9e ou ajoutant de la romance \u00e0 votre tenue de f\u00eate. Embrassez cette couronne de beaut\u00e9 botanique et rendez votre c\u00e9l\u00e9bration inoubliable.<\/p><p>Composition : lilas blanc, lilas lavande, mufliers blancs, verdure ornementale.<\/p>","protected":false},"excerpt":{"rendered":"<div style=\"width: 90%;text-align: left;margin: auto\"><p style=\"text-align:center\"><b>\ud83d\udc51 De nos mains \u00e0 votre t\u00eate<\/b><br \/><i>Couronnes de fleurs de luxe pour toutes les occasions<\/i><\/p><ul><li>\u2702\ufe0f Fabriqu\u00e9 avec soin au c\u0153ur de l'Europe. <b>France<\/b><\/li><li><b>Composition : lilas blanc, lilas lavande, mufliers blancs, verdure ornementale.<\/b><\/li><\/ul><\/div>","protected":false},"featured_media":391,"template":"","meta":[],"product_brand":[],"product_cat":[59],"product_tag":[],"class_list":{"0":"post-392","1":"product","2":"type-product","3":"status-publish","4":"has-post-thumbnail","6":"product_cat-bridal-floral-headpiece","8":"first","9":"instock","10":"shipping-taxable","11":"purchasable","12":"product-type-simple"},"yoast_head":"<!-- This site is optimized with the Yoast SEO plugin v25.9 - https:\/\/yoast.com\/wordpress\/plugins\/seo\/ -->\n<title>Ethereal Elegance Floral Crown Bridal Headpiece - Flora Tiara<\/title>\n<meta name=\"description\" content=\"Unique and beautiful: Shop our Ethereal Elegance Floral Crown Bridal Headpiece. Premium high quality headpiece to make the occasion unforgettable.\" \/>\n<meta name=\"robots\" content=\"index, follow, max-snippet:-1, max-image-preview:large, max-video-preview:-1\" \/>\n<link rel=\"canonical\" href=\"https:\/\/floratiara.com\/fr\/p\/serre-tete-de-mariage-jardin-enchante\/\" \/>\n<meta property=\"og:locale\" content=\"fr_FR\" \/>\n<meta property=\"og:type\" content=\"article\" \/>\n<meta property=\"og:title\" content=\"Ethereal Elegance Floral Crown Bridal Headpiece - Flora Tiara\" \/>\n<meta property=\"og:description\" content=\"Unique and beautiful: Shop our Ethereal Elegance Floral Crown Bridal Headpiece. Premium high quality headpiece to make the occasion unforgettable.\" \/>\n<meta property=\"og:url\" content=\"https:\/\/floratiara.com\/fr\/p\/serre-tete-de-mariage-jardin-enchante\/\" \/>\n<meta property=\"og:site_name\" content=\"Flora Tiara\" \/>\n<meta property=\"article:modified_time\" content=\"2024-12-12T01:44:26+00:00\" \/>\n<meta property=\"og:image\" content=\"https:\/\/floratiara.com\/wp-content\/uploads\/2024\/03\/S051c8cdbfe3f4abeadf88cde01e8453bP.webp\" \/>\n\t<meta property=\"og:image:width\" content=\"1500\" \/>\n\t<meta property=\"og:image:height\" content=\"1500\" \/>\n\t<meta property=\"og:image:type\" content=\"image\/webp\" \/>\n<meta name=\"twitter:card\" content=\"summary_large_image\" \/>\n<meta name=\"twitter:label1\" content=\"Dur\u00e9e de lecture estim\u00e9e\" \/>\n\t<meta name=\"twitter:data1\" content=\"2 minutes\" \/>\n<script type=\"application\/ld+json\" class=\"yoast-schema-graph\">{\"@context\":\"https:\/\/schema.org\",\"@graph\":[{\"@type\":\"WebPage\",\"@id\":\"https:\/\/floratiara.com\/p\/enchanted-garden-wedding-headband\/\",\"url\":\"https:\/\/floratiara.com\/p\/enchanted-garden-wedding-headband\/\",\"name\":\"Ethereal Elegance Floral Crown Bridal Headpiece - Flora Tiara\",\"isPartOf\":{\"@id\":\"https:\/\/floratiara.com\/#website\"},\"primaryImageOfPage\":{\"@id\":\"https:\/\/floratiara.com\/p\/enchanted-garden-wedding-headband\/#primaryimage\"},\"image\":{\"@id\":\"https:\/\/floratiara.com\/p\/enchanted-garden-wedding-headband\/#primaryimage\"},\"thumbnailUrl\":\"https:\/\/floratiara.com\/wp-content\/uploads\/2024\/03\/S051c8cdbfe3f4abeadf88cde01e8453bP.webp\",\"datePublished\":\"2024-03-16T09:42:23+00:00\",\"dateModified\":\"2024-12-12T01:44:26+00:00\",\"description\":\"Unique and beautiful: Shop our Ethereal Elegance Floral Crown Bridal Headpiece. Premium high quality headpiece to make the occasion unforgettable.\",\"breadcrumb\":{\"@id\":\"https:\/\/floratiara.com\/p\/enchanted-garden-wedding-headband\/#breadcrumb\"},\"inLanguage\":\"fr-FR\",\"potentialAction\":[{\"@type\":\"ReadAction\",\"target\":[\"https:\/\/floratiara.com\/p\/enchanted-garden-wedding-headband\/\"]}]},{\"@type\":\"ImageObject\",\"inLanguage\":\"fr-FR\",\"@id\":\"https:\/\/floratiara.com\/p\/enchanted-garden-wedding-headband\/#primaryimage\",\"url\":\"https:\/\/floratiara.com\/wp-content\/uploads\/2024\/03\/S051c8cdbfe3f4abeadf88cde01e8453bP.webp\",\"contentUrl\":\"https:\/\/floratiara.com\/wp-content\/uploads\/2024\/03\/S051c8cdbfe3f4abeadf88cde01e8453bP.webp\",\"width\":1500,\"height\":1500},{\"@type\":\"BreadcrumbList\",\"@id\":\"https:\/\/floratiara.com\/p\/enchanted-garden-wedding-headband\/#breadcrumb\",\"itemListElement\":[{\"@type\":\"ListItem\",\"position\":1,\"name\":\"Home\",\"item\":\"https:\/\/floratiara.com\/\"},{\"@type\":\"ListItem\",\"position\":2,\"name\":\"Shop\",\"item\":\"https:\/\/floratiara.com\/shop\/\"},{\"@type\":\"ListItem\",\"position\":3,\"name\":\"Ethereal Elegance Floral Crown Bridal Headpiece\"}]},{\"@type\":\"WebSite\",\"@id\":\"https:\/\/floratiara.com\/#website\",\"url\":\"https:\/\/floratiara.com\/\",\"name\":\"Flora Tiara\",\"description\":\"\",\"publisher\":{\"@id\":\"https:\/\/floratiara.com\/#organization\"},\"potentialAction\":[{\"@type\":\"SearchAction\",\"target\":{\"@type\":\"EntryPoint\",\"urlTemplate\":\"https:\/\/floratiara.com\/?s={search_term_string}\"},\"query-input\":{\"@type\":\"PropertyValueSpecification\",\"valueRequired\":true,\"valueName\":\"search_term_string\"}}],\"inLanguage\":\"fr-FR\"},{\"@type\":\"Organization\",\"@id\":\"https:\/\/floratiara.com\/#organization\",\"name\":\"Flora Tiara\",\"url\":\"https:\/\/floratiara.com\/\",\"logo\":{\"@type\":\"ImageObject\",\"inLanguage\":\"fr-FR\",\"@id\":\"https:\/\/floratiara.com\/#\/schema\/logo\/image\/\",\"url\":\"https:\/\/floratiara.com\/wp-content\/uploads\/2024\/03\/flora-tiara-logo.png\",\"contentUrl\":\"https:\/\/floratiara.com\/wp-content\/uploads\/2024\/03\/flora-tiara-logo.png\",\"width\":1024,\"height\":274,\"caption\":\"Flora Tiara\"},\"image\":{\"@id\":\"https:\/\/floratiara.com\/#\/schema\/logo\/image\/\"}}]}<\/script>\n<!-- \/ Yoast SEO plugin. -->","yoast_head_json":{"title":"T\u00eate de mari\u00e9e \u00e0 couronne florale Ethereal Elegance - Flora Tiara","description":"Unique et magnifique : Achetez notre coiffe de mari\u00e9e Ethereal Elegance Floral Crown. Une coiffe de qualit\u00e9 sup\u00e9rieure qui rendra l'occasion inoubliable.","robots":{"index":"index","follow":"follow","max-snippet":"max-snippet:-1","max-image-preview":"max-image-preview:large","max-video-preview":"max-video-preview:-1"},"canonical":"https:\/\/floratiara.com\/fr\/p\/serre-tete-de-mariage-jardin-enchante\/","og_locale":"fr_FR","og_type":"article","og_title":"Ethereal Elegance Floral Crown Bridal Headpiece - Flora Tiara","og_description":"Unique and beautiful: Shop our Ethereal Elegance Floral Crown Bridal Headpiece. Premium high quality headpiece to make the occasion unforgettable.","og_url":"https:\/\/floratiara.com\/fr\/p\/serre-tete-de-mariage-jardin-enchante\/","og_site_name":"Flora Tiara","article_modified_time":"2024-12-12T01:44:26+00:00","og_image":[{"width":1500,"height":1500,"url":"https:\/\/floratiara.com\/wp-content\/uploads\/2024\/03\/S051c8cdbfe3f4abeadf88cde01e8453bP.webp","type":"image\/webp"}],"twitter_card":"summary_large_image","twitter_misc":{"Dur\u00e9e de lecture estim\u00e9e":"2 minutes"},"schema":{"@context":"https:\/\/schema.org","@graph":[{"@type":"WebPage","@id":"https:\/\/floratiara.com\/p\/enchanted-garden-wedding-headband\/","url":"https:\/\/floratiara.com\/p\/enchanted-garden-wedding-headband\/","name":"T\u00eate de mari\u00e9e \u00e0 couronne florale Ethereal Elegance - Flora Tiara","isPartOf":{"@id":"https:\/\/floratiara.com\/#website"},"primaryImageOfPage":{"@id":"https:\/\/floratiara.com\/p\/enchanted-garden-wedding-headband\/#primaryimage"},"image":{"@id":"https:\/\/floratiara.com\/p\/enchanted-garden-wedding-headband\/#primaryimage"},"thumbnailUrl":"https:\/\/floratiara.com\/wp-content\/uploads\/2024\/03\/S051c8cdbfe3f4abeadf88cde01e8453bP.webp","datePublished":"2024-03-16T09:42:23+00:00","dateModified":"2024-12-12T01:44:26+00:00","description":"Unique et magnifique : Achetez notre coiffe de mari\u00e9e Ethereal Elegance Floral Crown. Une coiffe de qualit\u00e9 sup\u00e9rieure qui rendra l'occasion inoubliable.","breadcrumb":{"@id":"https:\/\/floratiara.com\/p\/enchanted-garden-wedding-headband\/#breadcrumb"},"inLanguage":"fr-FR","potentialAction":[{"@type":"ReadAction","target":["https:\/\/floratiara.com\/p\/enchanted-garden-wedding-headband\/"]}]},{"@type":"ImageObject","inLanguage":"fr-FR","@id":"https:\/\/floratiara.com\/p\/enchanted-garden-wedding-headband\/#primaryimage","url":"https:\/\/floratiara.com\/wp-content\/uploads\/2024\/03\/S051c8cdbfe3f4abeadf88cde01e8453bP.webp","contentUrl":"https:\/\/floratiara.com\/wp-content\/uploads\/2024\/03\/S051c8cdbfe3f4abeadf88cde01e8453bP.webp","width":1500,"height":1500},{"@type":"BreadcrumbList","@id":"https:\/\/floratiara.com\/p\/enchanted-garden-wedding-headband\/#breadcrumb","itemListElement":[{"@type":"ListItem","position":1,"name":"Home","item":"https:\/\/floratiara.com\/"},{"@type":"ListItem","position":2,"name":"Shop","item":"https:\/\/floratiara.com\/shop\/"},{"@type":"ListItem","position":3,"name":"Ethereal Elegance Floral Crown Bridal Headpiece"}]},{"@type":"WebSite","@id":"https:\/\/floratiara.com\/#website","url":"https:\/\/floratiara.com\/","name":"Flora Tiara","description":"","publisher":{"@id":"https:\/\/floratiara.com\/#organization"},"potentialAction":[{"@type":"SearchAction","target":{"@type":"EntryPoint","urlTemplate":"https:\/\/floratiara.com\/?s={search_term_string}"},"query-input":{"@type":"PropertyValueSpecification","valueRequired":true,"valueName":"search_term_string"}}],"inLanguage":"fr-FR"},{"@type":"Organization","@id":"https:\/\/floratiara.com\/#organization","name":"Flora Tiara","url":"https:\/\/floratiara.com\/","logo":{"@type":"ImageObject","inLanguage":"fr-FR","@id":"https:\/\/floratiara.com\/#\/schema\/logo\/image\/","url":"https:\/\/floratiara.com\/wp-content\/uploads\/2024\/03\/flora-tiara-logo.png","contentUrl":"https:\/\/floratiara.com\/wp-content\/uploads\/2024\/03\/flora-tiara-logo.png","width":1024,"height":274,"caption":"Flora Tiara"},"image":{"@id":"https:\/\/floratiara.com\/#\/schema\/logo\/image\/"}}]}},"_links":{"self":[{"href":"https:\/\/floratiara.com\/fr\/wp-json\/wp\/v2\/product\/392","targetHints":{"allow":["GET"]}}],"collection":[{"href":"https:\/\/floratiara.com\/fr\/wp-json\/wp\/v2\/product"}],"about":[{"href":"https:\/\/floratiara.com\/fr\/wp-json\/wp\/v2\/types\/product"}],"wp:featuredmedia":[{"embeddable":true,"href":"https:\/\/floratiara.com\/fr\/wp-json\/wp\/v2\/media\/391"}],"wp:attachment":[{"href":"https:\/\/floratiara.com\/fr\/wp-json\/wp\/v2\/media?parent=392"}],"wp:term":[{"taxonomy":"product_brand","embeddable":true,"href":"https:\/\/floratiara.com\/fr\/wp-json\/wp\/v2\/product_brand?post=392"},{"taxonomy":"product_cat","embeddable":true,"href":"https:\/\/floratiara.com\/fr\/wp-json\/wp\/v2\/product_cat?post=392"},{"taxonomy":"product_tag","embeddable":true,"href":"https:\/\/floratiara.com\/fr\/wp-json\/wp\/v2\/product_tag?post=392"}],"curies":[{"name":"wp","href":"https:\/\/api.w.org\/{rel}","templated":true}]}}