{"id":409,"date":"2024-03-16T09:42:53","date_gmt":"2024-03-16T09:42:53","guid":{"rendered":"https:\/\/floratiara.com\/?post_type=product&#038;p=409"},"modified":"2024-12-12T01:44:02","modified_gmt":"2024-12-12T01:44:02","slug":"bandeau-de-guirlande-florale-pour-mariage","status":"publish","type":"product","link":"https:\/\/floratiara.com\/fr\/p\/bandeau-de-guirlande-florale-pour-mariage\/","title":{"rendered":"Coiffure \u00e9th\u00e9r\u00e9e de la couronne de fleurs de la mari\u00e9e"},"content":{"rendered":"<p>D\u00e9couvrez la couronne de fleurs Seraphina, un accessoire \u00e9th\u00e9r\u00e9 d\u00e9bordant de la splendeur du printemps. Par\u00e9e de roses roses, de dahlias p\u00eache p\u00e2le et de stephanotis blanc pur, cette coiffe de mari\u00e9e \u00e9voque l'\u00e9l\u00e9gance romantique du jardin. Les baies vert clair et les fleurs blanches d\u00e9licates ajoutent de la fantaisie \u00e0 votre look, ce qui le rend parfait pour les mariages ou les \u00e9v\u00e9nements sp\u00e9ciaux. Rehaussez votre coiffure avec cette guirlande ajustable et de taille unique, et transformez votre moment en un conte de f\u00e9es enchanteur. Laissez-vous s\u00e9duire par son charme intemporel et embrassez l'enchanteresse qui sommeille en vous. La Seraphina Crown attend de vous couronner avec la po\u00e9sie de la nature.<\/p><p>Composition : roses roses p\u00e2les, dahlias p\u00eache p\u00e2le, stephanotis blancs, baies vertes p\u00e2les, et petites fleurs d'accentuation blanches.<\/p>","protected":false},"excerpt":{"rendered":"<div style=\"width: 90%;text-align: left;margin: auto\"><p style=\"text-align:center\"><b>\ud83d\udc51 De nos mains \u00e0 votre t\u00eate<\/b><br \/><i>Couronnes de fleurs de luxe pour toutes les occasions<\/i><\/p><ul><li>\u2702\ufe0f Fabriqu\u00e9 avec soin au c\u0153ur de l'Europe. <b>France<\/b><\/li><li><b>\ud83d\udc90 Composition : roses roses p\u00e2les, dahlias p\u00eache p\u00e2le, stephanotis blanc, baies vertes p\u00e2les, et petites fleurs d'accentuation blanches.<\/b><\/li><\/ul><\/div>","protected":false},"featured_media":408,"template":"","meta":[],"product_brand":[],"product_cat":[61,73,59],"product_tag":[],"class_list":{"0":"post-409","1":"product","2":"type-product","3":"status-publish","4":"has-post-thumbnail","6":"product_cat-bridesmaid-floral-headpiece","7":"product_cat-pink-floral-headpiece","8":"product_cat-bridal-floral-headpiece","10":"first","11":"instock","12":"shipping-taxable","13":"purchasable","14":"product-type-simple"},"yoast_head":"<!-- This site is optimized with the Yoast SEO plugin v25.9 - https:\/\/yoast.com\/wordpress\/plugins\/seo\/ -->\n<title>Ethereal Bridal Flower Crown Headdress - Flora Tiara<\/title>\n<meta name=\"description\" content=\"Unique and beautiful: Shop our Ethereal Bridal Flower Crown Headdress. Premium high quality headpiece to make the occasion unforgettable.\" \/>\n<meta name=\"robots\" content=\"index, follow, max-snippet:-1, max-image-preview:large, max-video-preview:-1\" \/>\n<link rel=\"canonical\" href=\"https:\/\/floratiara.com\/fr\/p\/bandeau-de-guirlande-florale-pour-mariage\/\" \/>\n<meta property=\"og:locale\" content=\"fr_FR\" \/>\n<meta property=\"og:type\" content=\"article\" \/>\n<meta property=\"og:title\" content=\"Ethereal Bridal Flower Crown Headdress - Flora Tiara\" \/>\n<meta property=\"og:description\" content=\"Unique and beautiful: Shop our Ethereal Bridal Flower Crown Headdress. Premium high quality headpiece to make the occasion unforgettable.\" \/>\n<meta property=\"og:url\" content=\"https:\/\/floratiara.com\/fr\/p\/bandeau-de-guirlande-florale-pour-mariage\/\" \/>\n<meta property=\"og:site_name\" content=\"Flora Tiara\" \/>\n<meta property=\"article:modified_time\" content=\"2024-12-12T01:44:02+00:00\" \/>\n<meta property=\"og:image\" content=\"https:\/\/floratiara.com\/wp-content\/uploads\/2024\/03\/Sf0714ef3f64f45f28ecce9ece6229a014.webp\" \/>\n\t<meta property=\"og:image:width\" content=\"1500\" \/>\n\t<meta property=\"og:image:height\" content=\"1500\" \/>\n\t<meta property=\"og:image:type\" content=\"image\/webp\" \/>\n<meta name=\"twitter:card\" content=\"summary_large_image\" \/>\n<meta name=\"twitter:label1\" content=\"Dur\u00e9e de lecture estim\u00e9e\" \/>\n\t<meta name=\"twitter:data1\" content=\"1 minute\" \/>\n<script type=\"application\/ld+json\" class=\"yoast-schema-graph\">{\"@context\":\"https:\/\/schema.org\",\"@graph\":[{\"@type\":\"WebPage\",\"@id\":\"https:\/\/floratiara.com\/p\/wedding-floral-garland-headband\/\",\"url\":\"https:\/\/floratiara.com\/p\/wedding-floral-garland-headband\/\",\"name\":\"Ethereal Bridal Flower Crown Headdress - Flora Tiara\",\"isPartOf\":{\"@id\":\"https:\/\/floratiara.com\/#website\"},\"primaryImageOfPage\":{\"@id\":\"https:\/\/floratiara.com\/p\/wedding-floral-garland-headband\/#primaryimage\"},\"image\":{\"@id\":\"https:\/\/floratiara.com\/p\/wedding-floral-garland-headband\/#primaryimage\"},\"thumbnailUrl\":\"https:\/\/floratiara.com\/wp-content\/uploads\/2024\/03\/Sf0714ef3f64f45f28ecce9ece6229a014.webp\",\"datePublished\":\"2024-03-16T09:42:53+00:00\",\"dateModified\":\"2024-12-12T01:44:02+00:00\",\"description\":\"Unique and beautiful: Shop our Ethereal Bridal Flower Crown Headdress. Premium high quality headpiece to make the occasion unforgettable.\",\"breadcrumb\":{\"@id\":\"https:\/\/floratiara.com\/p\/wedding-floral-garland-headband\/#breadcrumb\"},\"inLanguage\":\"fr-FR\",\"potentialAction\":[{\"@type\":\"ReadAction\",\"target\":[\"https:\/\/floratiara.com\/p\/wedding-floral-garland-headband\/\"]}]},{\"@type\":\"ImageObject\",\"inLanguage\":\"fr-FR\",\"@id\":\"https:\/\/floratiara.com\/p\/wedding-floral-garland-headband\/#primaryimage\",\"url\":\"https:\/\/floratiara.com\/wp-content\/uploads\/2024\/03\/Sf0714ef3f64f45f28ecce9ece6229a014.webp\",\"contentUrl\":\"https:\/\/floratiara.com\/wp-content\/uploads\/2024\/03\/Sf0714ef3f64f45f28ecce9ece6229a014.webp\",\"width\":1500,\"height\":1500},{\"@type\":\"BreadcrumbList\",\"@id\":\"https:\/\/floratiara.com\/p\/wedding-floral-garland-headband\/#breadcrumb\",\"itemListElement\":[{\"@type\":\"ListItem\",\"position\":1,\"name\":\"Home\",\"item\":\"https:\/\/floratiara.com\/\"},{\"@type\":\"ListItem\",\"position\":2,\"name\":\"Shop\",\"item\":\"https:\/\/floratiara.com\/shop\/\"},{\"@type\":\"ListItem\",\"position\":3,\"name\":\"Ethereal Bridal Flower Crown Headdress\"}]},{\"@type\":\"WebSite\",\"@id\":\"https:\/\/floratiara.com\/#website\",\"url\":\"https:\/\/floratiara.com\/\",\"name\":\"Flora Tiara\",\"description\":\"\",\"publisher\":{\"@id\":\"https:\/\/floratiara.com\/#organization\"},\"potentialAction\":[{\"@type\":\"SearchAction\",\"target\":{\"@type\":\"EntryPoint\",\"urlTemplate\":\"https:\/\/floratiara.com\/?s={search_term_string}\"},\"query-input\":{\"@type\":\"PropertyValueSpecification\",\"valueRequired\":true,\"valueName\":\"search_term_string\"}}],\"inLanguage\":\"fr-FR\"},{\"@type\":\"Organization\",\"@id\":\"https:\/\/floratiara.com\/#organization\",\"name\":\"Flora Tiara\",\"url\":\"https:\/\/floratiara.com\/\",\"logo\":{\"@type\":\"ImageObject\",\"inLanguage\":\"fr-FR\",\"@id\":\"https:\/\/floratiara.com\/#\/schema\/logo\/image\/\",\"url\":\"https:\/\/floratiara.com\/wp-content\/uploads\/2024\/03\/flora-tiara-logo.png\",\"contentUrl\":\"https:\/\/floratiara.com\/wp-content\/uploads\/2024\/03\/flora-tiara-logo.png\",\"width\":1024,\"height\":274,\"caption\":\"Flora Tiara\"},\"image\":{\"@id\":\"https:\/\/floratiara.com\/#\/schema\/logo\/image\/\"}}]}<\/script>\n<!-- \/ Yoast SEO plugin. -->","yoast_head_json":{"title":"Couronne de fleurs de mari\u00e9e \u00e9th\u00e9r\u00e9e - Flora Tiara","description":"Unique et magnifique : Magasinez notre coiffe \u00e9th\u00e9r\u00e9e en forme de couronne de fleurs de mari\u00e9e. Une coiffe de qualit\u00e9 sup\u00e9rieure qui rendra l'occasion inoubliable.","robots":{"index":"index","follow":"follow","max-snippet":"max-snippet:-1","max-image-preview":"max-image-preview:large","max-video-preview":"max-video-preview:-1"},"canonical":"https:\/\/floratiara.com\/fr\/p\/bandeau-de-guirlande-florale-pour-mariage\/","og_locale":"fr_FR","og_type":"article","og_title":"Ethereal Bridal Flower Crown Headdress - Flora Tiara","og_description":"Unique and beautiful: Shop our Ethereal Bridal Flower Crown Headdress. Premium high quality headpiece to make the occasion unforgettable.","og_url":"https:\/\/floratiara.com\/fr\/p\/bandeau-de-guirlande-florale-pour-mariage\/","og_site_name":"Flora Tiara","article_modified_time":"2024-12-12T01:44:02+00:00","og_image":[{"width":1500,"height":1500,"url":"https:\/\/floratiara.com\/wp-content\/uploads\/2024\/03\/Sf0714ef3f64f45f28ecce9ece6229a014.webp","type":"image\/webp"}],"twitter_card":"summary_large_image","twitter_misc":{"Dur\u00e9e de lecture estim\u00e9e":"1 minute"},"schema":{"@context":"https:\/\/schema.org","@graph":[{"@type":"WebPage","@id":"https:\/\/floratiara.com\/p\/wedding-floral-garland-headband\/","url":"https:\/\/floratiara.com\/p\/wedding-floral-garland-headband\/","name":"Couronne de fleurs de mari\u00e9e \u00e9th\u00e9r\u00e9e - Flora Tiara","isPartOf":{"@id":"https:\/\/floratiara.com\/#website"},"primaryImageOfPage":{"@id":"https:\/\/floratiara.com\/p\/wedding-floral-garland-headband\/#primaryimage"},"image":{"@id":"https:\/\/floratiara.com\/p\/wedding-floral-garland-headband\/#primaryimage"},"thumbnailUrl":"https:\/\/floratiara.com\/wp-content\/uploads\/2024\/03\/Sf0714ef3f64f45f28ecce9ece6229a014.webp","datePublished":"2024-03-16T09:42:53+00:00","dateModified":"2024-12-12T01:44:02+00:00","description":"Unique et magnifique : Magasinez notre coiffe \u00e9th\u00e9r\u00e9e en forme de couronne de fleurs de mari\u00e9e. Une coiffe de qualit\u00e9 sup\u00e9rieure qui rendra l'occasion inoubliable.","breadcrumb":{"@id":"https:\/\/floratiara.com\/p\/wedding-floral-garland-headband\/#breadcrumb"},"inLanguage":"fr-FR","potentialAction":[{"@type":"ReadAction","target":["https:\/\/floratiara.com\/p\/wedding-floral-garland-headband\/"]}]},{"@type":"ImageObject","inLanguage":"fr-FR","@id":"https:\/\/floratiara.com\/p\/wedding-floral-garland-headband\/#primaryimage","url":"https:\/\/floratiara.com\/wp-content\/uploads\/2024\/03\/Sf0714ef3f64f45f28ecce9ece6229a014.webp","contentUrl":"https:\/\/floratiara.com\/wp-content\/uploads\/2024\/03\/Sf0714ef3f64f45f28ecce9ece6229a014.webp","width":1500,"height":1500},{"@type":"BreadcrumbList","@id":"https:\/\/floratiara.com\/p\/wedding-floral-garland-headband\/#breadcrumb","itemListElement":[{"@type":"ListItem","position":1,"name":"Home","item":"https:\/\/floratiara.com\/"},{"@type":"ListItem","position":2,"name":"Shop","item":"https:\/\/floratiara.com\/shop\/"},{"@type":"ListItem","position":3,"name":"Ethereal Bridal Flower Crown Headdress"}]},{"@type":"WebSite","@id":"https:\/\/floratiara.com\/#website","url":"https:\/\/floratiara.com\/","name":"Flora Tiara","description":"","publisher":{"@id":"https:\/\/floratiara.com\/#organization"},"potentialAction":[{"@type":"SearchAction","target":{"@type":"EntryPoint","urlTemplate":"https:\/\/floratiara.com\/?s={search_term_string}"},"query-input":{"@type":"PropertyValueSpecification","valueRequired":true,"valueName":"search_term_string"}}],"inLanguage":"fr-FR"},{"@type":"Organization","@id":"https:\/\/floratiara.com\/#organization","name":"Flora Tiara","url":"https:\/\/floratiara.com\/","logo":{"@type":"ImageObject","inLanguage":"fr-FR","@id":"https:\/\/floratiara.com\/#\/schema\/logo\/image\/","url":"https:\/\/floratiara.com\/wp-content\/uploads\/2024\/03\/flora-tiara-logo.png","contentUrl":"https:\/\/floratiara.com\/wp-content\/uploads\/2024\/03\/flora-tiara-logo.png","width":1024,"height":274,"caption":"Flora Tiara"},"image":{"@id":"https:\/\/floratiara.com\/#\/schema\/logo\/image\/"}}]}},"_links":{"self":[{"href":"https:\/\/floratiara.com\/fr\/wp-json\/wp\/v2\/product\/409","targetHints":{"allow":["GET"]}}],"collection":[{"href":"https:\/\/floratiara.com\/fr\/wp-json\/wp\/v2\/product"}],"about":[{"href":"https:\/\/floratiara.com\/fr\/wp-json\/wp\/v2\/types\/product"}],"wp:featuredmedia":[{"embeddable":true,"href":"https:\/\/floratiara.com\/fr\/wp-json\/wp\/v2\/media\/408"}],"wp:attachment":[{"href":"https:\/\/floratiara.com\/fr\/wp-json\/wp\/v2\/media?parent=409"}],"wp:term":[{"taxonomy":"product_brand","embeddable":true,"href":"https:\/\/floratiara.com\/fr\/wp-json\/wp\/v2\/product_brand?post=409"},{"taxonomy":"product_cat","embeddable":true,"href":"https:\/\/floratiara.com\/fr\/wp-json\/wp\/v2\/product_cat?post=409"},{"taxonomy":"product_tag","embeddable":true,"href":"https:\/\/floratiara.com\/fr\/wp-json\/wp\/v2\/product_tag?post=409"}],"curies":[{"name":"wp","href":"https:\/\/api.w.org\/{rel}","templated":true}]}}