{"id":535,"date":"2024-03-16T09:46:23","date_gmt":"2024-03-16T09:46:23","guid":{"rendered":"https:\/\/floratiara.com\/?post_type=product&#038;p=535"},"modified":"2024-12-12T01:41:51","modified_gmt":"2024-12-12T01:41:51","slug":"halo-de-fleur-de-mariee-fabrique-a-la-main","status":"publish","type":"product","link":"https:\/\/floratiara.com\/fr\/p\/halo-de-fleur-de-mariee-fabrique-a-la-main\/","title":{"rendered":"Seraphina Ethereal Flower Crown - T\u00eate de mari\u00e9e pour mariage"},"content":{"rendered":"<p>Rehaussez votre journ\u00e9e sp\u00e9ciale avec la couronne de fleurs \u00e9th\u00e9r\u00e9es Seraphina, un symbole artisanal d'\u00e9l\u00e9gance naturelle. Ornez vous de d\u00e9licates baies blanches et de verdure luxuriante, con\u00e7ues pour scintiller d'une ros\u00e9e plus vraie que nature. Parfaite pour les mariages ou les festivals, cette coiffe sereine offre non seulement du style, mais aussi une tenue confortable et durable. Apportez une touche de magie foresti\u00e8re \u00e0 votre ensemble avec cet accessoire l\u00e9ger et captivant. C\u00e9l\u00e9brez la beaut\u00e9 de la nature et la v\u00f4tre avec cette couronne sophistiqu\u00e9e mais libre d'esprit, une fleur \u00e9ternelle \u00e0 ch\u00e9rir et avec laquelle cr\u00e9er des souvenirs.<\/p><p>Composition : baies blanches, feuilles vertes.<\/p>","protected":false},"excerpt":{"rendered":"<div style=\"width: 90%;text-align: left;margin: auto\"><p style=\"text-align:center\"><b>\ud83d\udc51 De nos mains \u00e0 votre t\u00eate<\/b><br \/><i>Couronnes de fleurs de luxe pour toutes les occasions<\/i><\/p><ul><li>\u2702\ufe0f Fabriqu\u00e9 avec soin au c\u0153ur de l'Europe. <b>France<\/b><\/li><li><b>Composition : baies blanches, feuilles vertes.<\/b><\/li><\/ul><\/div>","protected":false},"featured_media":533,"template":"","meta":[],"product_brand":[],"product_cat":[61,62,60,59,71],"product_tag":[],"class_list":{"0":"post-535","1":"product","2":"type-product","3":"status-publish","4":"has-post-thumbnail","6":"product_cat-bridesmaid-floral-headpiece","7":"product_cat-communion-floral-headpiece","8":"product_cat-floral-headpiece-flower-girl","9":"product_cat-bridal-floral-headpiece","10":"product_cat-white-floral-headpiece","12":"first","13":"instock","14":"shipping-taxable","15":"purchasable","16":"product-type-simple"},"yoast_head":"<!-- This site is optimized with the Yoast SEO plugin v25.9 - https:\/\/yoast.com\/wordpress\/plugins\/seo\/ -->\n<title>Seraphina Ethereal Flower Crown - Wedding Bridal Headpiece - Flora Tiara<\/title>\n<meta name=\"description\" content=\"Unique and beautiful: Shop our Seraphina Ethereal Flower Crown - Wedding Bridal Headpiece. Premium high quality headpiece to make the occasion unforgettable.\" \/>\n<meta name=\"robots\" content=\"index, follow, max-snippet:-1, max-image-preview:large, max-video-preview:-1\" \/>\n<link rel=\"canonical\" href=\"https:\/\/floratiara.com\/fr\/p\/halo-de-fleur-de-mariee-fabrique-a-la-main\/\" \/>\n<meta property=\"og:locale\" content=\"fr_FR\" \/>\n<meta property=\"og:type\" content=\"article\" \/>\n<meta property=\"og:title\" content=\"Seraphina Ethereal Flower Crown - Wedding Bridal Headpiece - Flora Tiara\" \/>\n<meta property=\"og:description\" content=\"Unique and beautiful: Shop our Seraphina Ethereal Flower Crown - Wedding Bridal Headpiece. Premium high quality headpiece to make the occasion unforgettable.\" \/>\n<meta property=\"og:url\" content=\"https:\/\/floratiara.com\/fr\/p\/halo-de-fleur-de-mariee-fabrique-a-la-main\/\" \/>\n<meta property=\"og:site_name\" content=\"Flora Tiara\" \/>\n<meta property=\"article:modified_time\" content=\"2024-12-12T01:41:51+00:00\" \/>\n<meta property=\"og:image\" content=\"https:\/\/floratiara.com\/wp-content\/uploads\/2024\/03\/H8342c0efd83a45359c7792be58587414u.webp\" \/>\n\t<meta property=\"og:image:width\" content=\"1500\" \/>\n\t<meta property=\"og:image:height\" content=\"1500\" \/>\n\t<meta property=\"og:image:type\" content=\"image\/webp\" \/>\n<meta name=\"twitter:card\" content=\"summary_large_image\" \/>\n<meta name=\"twitter:label1\" content=\"Dur\u00e9e de lecture estim\u00e9e\" \/>\n\t<meta name=\"twitter:data1\" content=\"4 minutes\" \/>\n<script type=\"application\/ld+json\" class=\"yoast-schema-graph\">{\"@context\":\"https:\/\/schema.org\",\"@graph\":[{\"@type\":\"WebPage\",\"@id\":\"https:\/\/floratiara.com\/p\/handcrafted-bridal-flower-halo\/\",\"url\":\"https:\/\/floratiara.com\/p\/handcrafted-bridal-flower-halo\/\",\"name\":\"Seraphina Ethereal Flower Crown - Wedding Bridal Headpiece - Flora Tiara\",\"isPartOf\":{\"@id\":\"https:\/\/floratiara.com\/#website\"},\"primaryImageOfPage\":{\"@id\":\"https:\/\/floratiara.com\/p\/handcrafted-bridal-flower-halo\/#primaryimage\"},\"image\":{\"@id\":\"https:\/\/floratiara.com\/p\/handcrafted-bridal-flower-halo\/#primaryimage\"},\"thumbnailUrl\":\"https:\/\/floratiara.com\/wp-content\/uploads\/2024\/03\/H8342c0efd83a45359c7792be58587414u.webp\",\"datePublished\":\"2024-03-16T09:46:23+00:00\",\"dateModified\":\"2024-12-12T01:41:51+00:00\",\"description\":\"Unique and beautiful: Shop our Seraphina Ethereal Flower Crown - Wedding Bridal Headpiece. Premium high quality headpiece to make the occasion unforgettable.\",\"breadcrumb\":{\"@id\":\"https:\/\/floratiara.com\/p\/handcrafted-bridal-flower-halo\/#breadcrumb\"},\"inLanguage\":\"fr-FR\",\"potentialAction\":[{\"@type\":\"ReadAction\",\"target\":[\"https:\/\/floratiara.com\/p\/handcrafted-bridal-flower-halo\/\"]}]},{\"@type\":\"ImageObject\",\"inLanguage\":\"fr-FR\",\"@id\":\"https:\/\/floratiara.com\/p\/handcrafted-bridal-flower-halo\/#primaryimage\",\"url\":\"https:\/\/floratiara.com\/wp-content\/uploads\/2024\/03\/H8342c0efd83a45359c7792be58587414u.webp\",\"contentUrl\":\"https:\/\/floratiara.com\/wp-content\/uploads\/2024\/03\/H8342c0efd83a45359c7792be58587414u.webp\",\"width\":1500,\"height\":1500},{\"@type\":\"BreadcrumbList\",\"@id\":\"https:\/\/floratiara.com\/p\/handcrafted-bridal-flower-halo\/#breadcrumb\",\"itemListElement\":[{\"@type\":\"ListItem\",\"position\":1,\"name\":\"Home\",\"item\":\"https:\/\/floratiara.com\/\"},{\"@type\":\"ListItem\",\"position\":2,\"name\":\"Shop\",\"item\":\"https:\/\/floratiara.com\/shop\/\"},{\"@type\":\"ListItem\",\"position\":3,\"name\":\"Seraphina Ethereal Flower Crown &#8211; Wedding Bridal Headpiece\"}]},{\"@type\":\"WebSite\",\"@id\":\"https:\/\/floratiara.com\/#website\",\"url\":\"https:\/\/floratiara.com\/\",\"name\":\"Flora Tiara\",\"description\":\"\",\"publisher\":{\"@id\":\"https:\/\/floratiara.com\/#organization\"},\"potentialAction\":[{\"@type\":\"SearchAction\",\"target\":{\"@type\":\"EntryPoint\",\"urlTemplate\":\"https:\/\/floratiara.com\/?s={search_term_string}\"},\"query-input\":{\"@type\":\"PropertyValueSpecification\",\"valueRequired\":true,\"valueName\":\"search_term_string\"}}],\"inLanguage\":\"fr-FR\"},{\"@type\":\"Organization\",\"@id\":\"https:\/\/floratiara.com\/#organization\",\"name\":\"Flora Tiara\",\"url\":\"https:\/\/floratiara.com\/\",\"logo\":{\"@type\":\"ImageObject\",\"inLanguage\":\"fr-FR\",\"@id\":\"https:\/\/floratiara.com\/#\/schema\/logo\/image\/\",\"url\":\"https:\/\/floratiara.com\/wp-content\/uploads\/2024\/03\/flora-tiara-logo.png\",\"contentUrl\":\"https:\/\/floratiara.com\/wp-content\/uploads\/2024\/03\/flora-tiara-logo.png\",\"width\":1024,\"height\":274,\"caption\":\"Flora Tiara\"},\"image\":{\"@id\":\"https:\/\/floratiara.com\/#\/schema\/logo\/image\/\"}}]}<\/script>\n<!-- \/ Yoast SEO plugin. -->","yoast_head_json":{"title":"Seraphina Couronne de fleurs \u00e9th\u00e9r\u00e9es - T\u00eate de mari\u00e9e - Flora Tiara","description":"Unique et magnifique : Achetez notre Seraphina Ethereal Flower Crown - Wedding Bridal Headpiece. Coiffe de qualit\u00e9 sup\u00e9rieure pour rendre l'occasion inoubliable.","robots":{"index":"index","follow":"follow","max-snippet":"max-snippet:-1","max-image-preview":"max-image-preview:large","max-video-preview":"max-video-preview:-1"},"canonical":"https:\/\/floratiara.com\/fr\/p\/halo-de-fleur-de-mariee-fabrique-a-la-main\/","og_locale":"fr_FR","og_type":"article","og_title":"Seraphina Ethereal Flower Crown - Wedding Bridal Headpiece - Flora Tiara","og_description":"Unique and beautiful: Shop our Seraphina Ethereal Flower Crown - Wedding Bridal Headpiece. Premium high quality headpiece to make the occasion unforgettable.","og_url":"https:\/\/floratiara.com\/fr\/p\/halo-de-fleur-de-mariee-fabrique-a-la-main\/","og_site_name":"Flora Tiara","article_modified_time":"2024-12-12T01:41:51+00:00","og_image":[{"width":1500,"height":1500,"url":"https:\/\/floratiara.com\/wp-content\/uploads\/2024\/03\/H8342c0efd83a45359c7792be58587414u.webp","type":"image\/webp"}],"twitter_card":"summary_large_image","twitter_misc":{"Dur\u00e9e de lecture estim\u00e9e":"4 minutes"},"schema":{"@context":"https:\/\/schema.org","@graph":[{"@type":"WebPage","@id":"https:\/\/floratiara.com\/p\/handcrafted-bridal-flower-halo\/","url":"https:\/\/floratiara.com\/p\/handcrafted-bridal-flower-halo\/","name":"Seraphina Couronne de fleurs \u00e9th\u00e9r\u00e9es - T\u00eate de mari\u00e9e - Flora Tiara","isPartOf":{"@id":"https:\/\/floratiara.com\/#website"},"primaryImageOfPage":{"@id":"https:\/\/floratiara.com\/p\/handcrafted-bridal-flower-halo\/#primaryimage"},"image":{"@id":"https:\/\/floratiara.com\/p\/handcrafted-bridal-flower-halo\/#primaryimage"},"thumbnailUrl":"https:\/\/floratiara.com\/wp-content\/uploads\/2024\/03\/H8342c0efd83a45359c7792be58587414u.webp","datePublished":"2024-03-16T09:46:23+00:00","dateModified":"2024-12-12T01:41:51+00:00","description":"Unique et magnifique : Achetez notre Seraphina Ethereal Flower Crown - Wedding Bridal Headpiece. Coiffe de qualit\u00e9 sup\u00e9rieure pour rendre l'occasion inoubliable.","breadcrumb":{"@id":"https:\/\/floratiara.com\/p\/handcrafted-bridal-flower-halo\/#breadcrumb"},"inLanguage":"fr-FR","potentialAction":[{"@type":"ReadAction","target":["https:\/\/floratiara.com\/p\/handcrafted-bridal-flower-halo\/"]}]},{"@type":"ImageObject","inLanguage":"fr-FR","@id":"https:\/\/floratiara.com\/p\/handcrafted-bridal-flower-halo\/#primaryimage","url":"https:\/\/floratiara.com\/wp-content\/uploads\/2024\/03\/H8342c0efd83a45359c7792be58587414u.webp","contentUrl":"https:\/\/floratiara.com\/wp-content\/uploads\/2024\/03\/H8342c0efd83a45359c7792be58587414u.webp","width":1500,"height":1500},{"@type":"BreadcrumbList","@id":"https:\/\/floratiara.com\/p\/handcrafted-bridal-flower-halo\/#breadcrumb","itemListElement":[{"@type":"ListItem","position":1,"name":"Home","item":"https:\/\/floratiara.com\/"},{"@type":"ListItem","position":2,"name":"Shop","item":"https:\/\/floratiara.com\/shop\/"},{"@type":"ListItem","position":3,"name":"Seraphina Ethereal Flower Crown &#8211; Wedding Bridal Headpiece"}]},{"@type":"WebSite","@id":"https:\/\/floratiara.com\/#website","url":"https:\/\/floratiara.com\/","name":"Flora Tiara","description":"","publisher":{"@id":"https:\/\/floratiara.com\/#organization"},"potentialAction":[{"@type":"SearchAction","target":{"@type":"EntryPoint","urlTemplate":"https:\/\/floratiara.com\/?s={search_term_string}"},"query-input":{"@type":"PropertyValueSpecification","valueRequired":true,"valueName":"search_term_string"}}],"inLanguage":"fr-FR"},{"@type":"Organization","@id":"https:\/\/floratiara.com\/#organization","name":"Flora Tiara","url":"https:\/\/floratiara.com\/","logo":{"@type":"ImageObject","inLanguage":"fr-FR","@id":"https:\/\/floratiara.com\/#\/schema\/logo\/image\/","url":"https:\/\/floratiara.com\/wp-content\/uploads\/2024\/03\/flora-tiara-logo.png","contentUrl":"https:\/\/floratiara.com\/wp-content\/uploads\/2024\/03\/flora-tiara-logo.png","width":1024,"height":274,"caption":"Flora Tiara"},"image":{"@id":"https:\/\/floratiara.com\/#\/schema\/logo\/image\/"}}]}},"_links":{"self":[{"href":"https:\/\/floratiara.com\/fr\/wp-json\/wp\/v2\/product\/535","targetHints":{"allow":["GET"]}}],"collection":[{"href":"https:\/\/floratiara.com\/fr\/wp-json\/wp\/v2\/product"}],"about":[{"href":"https:\/\/floratiara.com\/fr\/wp-json\/wp\/v2\/types\/product"}],"wp:featuredmedia":[{"embeddable":true,"href":"https:\/\/floratiara.com\/fr\/wp-json\/wp\/v2\/media\/533"}],"wp:attachment":[{"href":"https:\/\/floratiara.com\/fr\/wp-json\/wp\/v2\/media?parent=535"}],"wp:term":[{"taxonomy":"product_brand","embeddable":true,"href":"https:\/\/floratiara.com\/fr\/wp-json\/wp\/v2\/product_brand?post=535"},{"taxonomy":"product_cat","embeddable":true,"href":"https:\/\/floratiara.com\/fr\/wp-json\/wp\/v2\/product_cat?post=535"},{"taxonomy":"product_tag","embeddable":true,"href":"https:\/\/floratiara.com\/fr\/wp-json\/wp\/v2\/product_tag?post=535"}],"curies":[{"name":"wp","href":"https:\/\/api.w.org\/{rel}","templated":true}]}}