{"id":579,"date":"2024-03-16T09:47:55","date_gmt":"2024-03-16T09:47:55","guid":{"rendered":"https:\/\/floratiara.com\/?post_type=product&#038;p=579"},"modified":"2024-12-12T01:40:56","modified_gmt":"2024-12-12T01:40:56","slug":"diademe-floral-de-mariage","status":"publish","type":"product","link":"https:\/\/floratiara.com\/fr\/p\/diademe-floral-de-mariage\/","title":{"rendered":"Couronne de fleurs Luxurious Blossom Elegance"},"content":{"rendered":"<p>Entrez dans un monde de majest\u00e9 florale avec la couronne de fleurs \"Blossom Elegance\", con\u00e7ue de mani\u00e8re exquise pour rehausser toute occasion sp\u00e9ciale. Compos\u00e9e de pivoines d'un rouge profond, de roses tendres et de fleurs de cerisier, cette tiare est entrelac\u00e9e avec la beaut\u00e9 sereine de freesias blancs et d'une verdure luxuriante. Assurez-vous des souvenirs \u00e9ternels le jour de votre mariage ou lors de rassemblements festifs gr\u00e2ce \u00e0 cet accessoire haut de gamme et intemporel qui s'\u00e9panouit avec sophistication. Ne vous contentez pas de porter des fleurs ; incarnez l'\u00e9l\u00e9gance avec chaque p\u00e9tale que vous pouvez porter. Parfait pour les mari\u00e9es, les festivals ou pour ajouter une touche de chic botanique \u00e0 votre garde-robe. Embrassez votre moment avec \"Blossom Elegance\".<\/p><p>Composition : pivoines rouge fonc\u00e9, roses tendres, fleurs de cerisier blanches et roses, freesias blancs, feuillage vert.<\/p>","protected":false},"excerpt":{"rendered":"<div style=\"width: 90%;text-align: left;margin: auto\"><p style=\"text-align:center\"><b>\ud83d\udc51 De nos mains \u00e0 votre t\u00eate<\/b><br \/><i>Couronnes de fleurs de luxe pour toutes les occasions<\/i><\/p><ul><li>\u2702\ufe0f Fabriqu\u00e9 avec soin au c\u0153ur de l'Europe. <b>France<\/b><\/li><li><b>\ud83d\udc90 Composition : pivoines rouge fonc\u00e9, roses tendres, fleurs de cerisier blanches et roses, freesias blancs, feuillage vert.<\/b><\/li><\/ul><\/div>","protected":false},"featured_media":578,"template":"","meta":[],"product_brand":[],"product_cat":[61,77,70,59],"product_tag":[],"class_list":{"0":"post-579","1":"product","2":"type-product","3":"status-publish","4":"has-post-thumbnail","6":"product_cat-bridesmaid-floral-headpiece","7":"product_cat-red-floral-headpiece","8":"product_cat-rose-floral-headpiece","9":"product_cat-bridal-floral-headpiece","11":"first","12":"instock","13":"shipping-taxable","14":"purchasable","15":"product-type-simple"},"yoast_head":"<!-- This site is optimized with the Yoast SEO plugin v25.9 - https:\/\/yoast.com\/wordpress\/plugins\/seo\/ -->\n<title>Luxurious Blossom Elegance Flower Crown - Flora Tiara<\/title>\n<meta name=\"description\" content=\"Unique and beautiful: Shop our Luxurious Blossom Elegance Flower Crown. Premium high quality headpiece to make the occasion unforgettable.\" \/>\n<meta name=\"robots\" content=\"index, follow, max-snippet:-1, max-image-preview:large, max-video-preview:-1\" \/>\n<link rel=\"canonical\" href=\"https:\/\/floratiara.com\/fr\/p\/diademe-floral-de-mariage\/\" \/>\n<meta property=\"og:locale\" content=\"fr_FR\" \/>\n<meta property=\"og:type\" content=\"article\" \/>\n<meta property=\"og:title\" content=\"Luxurious Blossom Elegance Flower Crown - Flora Tiara\" \/>\n<meta property=\"og:description\" content=\"Unique and beautiful: Shop our Luxurious Blossom Elegance Flower Crown. Premium high quality headpiece to make the occasion unforgettable.\" \/>\n<meta property=\"og:url\" content=\"https:\/\/floratiara.com\/fr\/p\/diademe-floral-de-mariage\/\" \/>\n<meta property=\"og:site_name\" content=\"Flora Tiara\" \/>\n<meta property=\"article:modified_time\" content=\"2024-12-12T01:40:56+00:00\" \/>\n<meta property=\"og:image\" content=\"https:\/\/floratiara.com\/wp-content\/uploads\/2024\/03\/Sc483d331664a47f6bbfd72be2576bee4j.webp\" \/>\n\t<meta property=\"og:image:width\" content=\"1500\" \/>\n\t<meta property=\"og:image:height\" content=\"1500\" \/>\n\t<meta property=\"og:image:type\" content=\"image\/webp\" \/>\n<meta name=\"twitter:card\" content=\"summary_large_image\" \/>\n<meta name=\"twitter:label1\" content=\"Dur\u00e9e de lecture estim\u00e9e\" \/>\n\t<meta name=\"twitter:data1\" content=\"3 minutes\" \/>\n<script type=\"application\/ld+json\" class=\"yoast-schema-graph\">{\"@context\":\"https:\/\/schema.org\",\"@graph\":[{\"@type\":\"WebPage\",\"@id\":\"https:\/\/floratiara.com\/p\/enchanting-bridal-floral-tiara\/\",\"url\":\"https:\/\/floratiara.com\/p\/enchanting-bridal-floral-tiara\/\",\"name\":\"Luxurious Blossom Elegance Flower Crown - Flora Tiara\",\"isPartOf\":{\"@id\":\"https:\/\/floratiara.com\/#website\"},\"primaryImageOfPage\":{\"@id\":\"https:\/\/floratiara.com\/p\/enchanting-bridal-floral-tiara\/#primaryimage\"},\"image\":{\"@id\":\"https:\/\/floratiara.com\/p\/enchanting-bridal-floral-tiara\/#primaryimage\"},\"thumbnailUrl\":\"https:\/\/floratiara.com\/wp-content\/uploads\/2024\/03\/Sc483d331664a47f6bbfd72be2576bee4j.webp\",\"datePublished\":\"2024-03-16T09:47:55+00:00\",\"dateModified\":\"2024-12-12T01:40:56+00:00\",\"description\":\"Unique and beautiful: Shop our Luxurious Blossom Elegance Flower Crown. Premium high quality headpiece to make the occasion unforgettable.\",\"breadcrumb\":{\"@id\":\"https:\/\/floratiara.com\/p\/enchanting-bridal-floral-tiara\/#breadcrumb\"},\"inLanguage\":\"fr-FR\",\"potentialAction\":[{\"@type\":\"ReadAction\",\"target\":[\"https:\/\/floratiara.com\/p\/enchanting-bridal-floral-tiara\/\"]}]},{\"@type\":\"ImageObject\",\"inLanguage\":\"fr-FR\",\"@id\":\"https:\/\/floratiara.com\/p\/enchanting-bridal-floral-tiara\/#primaryimage\",\"url\":\"https:\/\/floratiara.com\/wp-content\/uploads\/2024\/03\/Sc483d331664a47f6bbfd72be2576bee4j.webp\",\"contentUrl\":\"https:\/\/floratiara.com\/wp-content\/uploads\/2024\/03\/Sc483d331664a47f6bbfd72be2576bee4j.webp\",\"width\":1500,\"height\":1500},{\"@type\":\"BreadcrumbList\",\"@id\":\"https:\/\/floratiara.com\/p\/enchanting-bridal-floral-tiara\/#breadcrumb\",\"itemListElement\":[{\"@type\":\"ListItem\",\"position\":1,\"name\":\"Home\",\"item\":\"https:\/\/floratiara.com\/\"},{\"@type\":\"ListItem\",\"position\":2,\"name\":\"Shop\",\"item\":\"https:\/\/floratiara.com\/shop\/\"},{\"@type\":\"ListItem\",\"position\":3,\"name\":\"Luxurious Blossom Elegance Flower Crown\"}]},{\"@type\":\"WebSite\",\"@id\":\"https:\/\/floratiara.com\/#website\",\"url\":\"https:\/\/floratiara.com\/\",\"name\":\"Flora Tiara\",\"description\":\"\",\"publisher\":{\"@id\":\"https:\/\/floratiara.com\/#organization\"},\"potentialAction\":[{\"@type\":\"SearchAction\",\"target\":{\"@type\":\"EntryPoint\",\"urlTemplate\":\"https:\/\/floratiara.com\/?s={search_term_string}\"},\"query-input\":{\"@type\":\"PropertyValueSpecification\",\"valueRequired\":true,\"valueName\":\"search_term_string\"}}],\"inLanguage\":\"fr-FR\"},{\"@type\":\"Organization\",\"@id\":\"https:\/\/floratiara.com\/#organization\",\"name\":\"Flora Tiara\",\"url\":\"https:\/\/floratiara.com\/\",\"logo\":{\"@type\":\"ImageObject\",\"inLanguage\":\"fr-FR\",\"@id\":\"https:\/\/floratiara.com\/#\/schema\/logo\/image\/\",\"url\":\"https:\/\/floratiara.com\/wp-content\/uploads\/2024\/03\/flora-tiara-logo.png\",\"contentUrl\":\"https:\/\/floratiara.com\/wp-content\/uploads\/2024\/03\/flora-tiara-logo.png\",\"width\":1024,\"height\":274,\"caption\":\"Flora Tiara\"},\"image\":{\"@id\":\"https:\/\/floratiara.com\/#\/schema\/logo\/image\/\"}}]}<\/script>\n<!-- \/ Yoast SEO plugin. -->","yoast_head_json":{"title":"Couronne de fleurs Luxurious Blossom Elegance - Flora Tiara","description":"Unique et magnifique : Achetez notre luxueuse couronne de fleurs Blossom Elegance. Une coiffe de qualit\u00e9 sup\u00e9rieure qui rendra l'occasion inoubliable.","robots":{"index":"index","follow":"follow","max-snippet":"max-snippet:-1","max-image-preview":"max-image-preview:large","max-video-preview":"max-video-preview:-1"},"canonical":"https:\/\/floratiara.com\/fr\/p\/diademe-floral-de-mariage\/","og_locale":"fr_FR","og_type":"article","og_title":"Luxurious Blossom Elegance Flower Crown - Flora Tiara","og_description":"Unique and beautiful: Shop our Luxurious Blossom Elegance Flower Crown. Premium high quality headpiece to make the occasion unforgettable.","og_url":"https:\/\/floratiara.com\/fr\/p\/diademe-floral-de-mariage\/","og_site_name":"Flora Tiara","article_modified_time":"2024-12-12T01:40:56+00:00","og_image":[{"width":1500,"height":1500,"url":"https:\/\/floratiara.com\/wp-content\/uploads\/2024\/03\/Sc483d331664a47f6bbfd72be2576bee4j.webp","type":"image\/webp"}],"twitter_card":"summary_large_image","twitter_misc":{"Dur\u00e9e de lecture estim\u00e9e":"3 minutes"},"schema":{"@context":"https:\/\/schema.org","@graph":[{"@type":"WebPage","@id":"https:\/\/floratiara.com\/p\/enchanting-bridal-floral-tiara\/","url":"https:\/\/floratiara.com\/p\/enchanting-bridal-floral-tiara\/","name":"Couronne de fleurs Luxurious Blossom Elegance - Flora Tiara","isPartOf":{"@id":"https:\/\/floratiara.com\/#website"},"primaryImageOfPage":{"@id":"https:\/\/floratiara.com\/p\/enchanting-bridal-floral-tiara\/#primaryimage"},"image":{"@id":"https:\/\/floratiara.com\/p\/enchanting-bridal-floral-tiara\/#primaryimage"},"thumbnailUrl":"https:\/\/floratiara.com\/wp-content\/uploads\/2024\/03\/Sc483d331664a47f6bbfd72be2576bee4j.webp","datePublished":"2024-03-16T09:47:55+00:00","dateModified":"2024-12-12T01:40:56+00:00","description":"Unique et magnifique : Achetez notre luxueuse couronne de fleurs Blossom Elegance. Une coiffe de qualit\u00e9 sup\u00e9rieure qui rendra l'occasion inoubliable.","breadcrumb":{"@id":"https:\/\/floratiara.com\/p\/enchanting-bridal-floral-tiara\/#breadcrumb"},"inLanguage":"fr-FR","potentialAction":[{"@type":"ReadAction","target":["https:\/\/floratiara.com\/p\/enchanting-bridal-floral-tiara\/"]}]},{"@type":"ImageObject","inLanguage":"fr-FR","@id":"https:\/\/floratiara.com\/p\/enchanting-bridal-floral-tiara\/#primaryimage","url":"https:\/\/floratiara.com\/wp-content\/uploads\/2024\/03\/Sc483d331664a47f6bbfd72be2576bee4j.webp","contentUrl":"https:\/\/floratiara.com\/wp-content\/uploads\/2024\/03\/Sc483d331664a47f6bbfd72be2576bee4j.webp","width":1500,"height":1500},{"@type":"BreadcrumbList","@id":"https:\/\/floratiara.com\/p\/enchanting-bridal-floral-tiara\/#breadcrumb","itemListElement":[{"@type":"ListItem","position":1,"name":"Home","item":"https:\/\/floratiara.com\/"},{"@type":"ListItem","position":2,"name":"Shop","item":"https:\/\/floratiara.com\/shop\/"},{"@type":"ListItem","position":3,"name":"Luxurious Blossom Elegance Flower Crown"}]},{"@type":"WebSite","@id":"https:\/\/floratiara.com\/#website","url":"https:\/\/floratiara.com\/","name":"Flora Tiara","description":"","publisher":{"@id":"https:\/\/floratiara.com\/#organization"},"potentialAction":[{"@type":"SearchAction","target":{"@type":"EntryPoint","urlTemplate":"https:\/\/floratiara.com\/?s={search_term_string}"},"query-input":{"@type":"PropertyValueSpecification","valueRequired":true,"valueName":"search_term_string"}}],"inLanguage":"fr-FR"},{"@type":"Organization","@id":"https:\/\/floratiara.com\/#organization","name":"Flora Tiara","url":"https:\/\/floratiara.com\/","logo":{"@type":"ImageObject","inLanguage":"fr-FR","@id":"https:\/\/floratiara.com\/#\/schema\/logo\/image\/","url":"https:\/\/floratiara.com\/wp-content\/uploads\/2024\/03\/flora-tiara-logo.png","contentUrl":"https:\/\/floratiara.com\/wp-content\/uploads\/2024\/03\/flora-tiara-logo.png","width":1024,"height":274,"caption":"Flora Tiara"},"image":{"@id":"https:\/\/floratiara.com\/#\/schema\/logo\/image\/"}}]}},"_links":{"self":[{"href":"https:\/\/floratiara.com\/fr\/wp-json\/wp\/v2\/product\/579","targetHints":{"allow":["GET"]}}],"collection":[{"href":"https:\/\/floratiara.com\/fr\/wp-json\/wp\/v2\/product"}],"about":[{"href":"https:\/\/floratiara.com\/fr\/wp-json\/wp\/v2\/types\/product"}],"wp:featuredmedia":[{"embeddable":true,"href":"https:\/\/floratiara.com\/fr\/wp-json\/wp\/v2\/media\/578"}],"wp:attachment":[{"href":"https:\/\/floratiara.com\/fr\/wp-json\/wp\/v2\/media?parent=579"}],"wp:term":[{"taxonomy":"product_brand","embeddable":true,"href":"https:\/\/floratiara.com\/fr\/wp-json\/wp\/v2\/product_brand?post=579"},{"taxonomy":"product_cat","embeddable":true,"href":"https:\/\/floratiara.com\/fr\/wp-json\/wp\/v2\/product_cat?post=579"},{"taxonomy":"product_tag","embeddable":true,"href":"https:\/\/floratiara.com\/fr\/wp-json\/wp\/v2\/product_tag?post=579"}],"curies":[{"name":"wp","href":"https:\/\/api.w.org\/{rel}","templated":true}]}}