{"id":607,"date":"2024-03-16T10:24:14","date_gmt":"2024-03-16T10:24:14","guid":{"rendered":"https:\/\/floratiara.com\/?post_type=product&#038;p=607"},"modified":"2025-07-22T03:50:46","modified_gmt":"2025-07-22T03:50:46","slug":"bandeau-floral-dete-accessoire-de-mariage","status":"publish","type":"product","link":"https:\/\/floratiara.com\/fr\/p\/bandeau-floral-dete-accessoire-de-mariage\/","title":{"rendered":"Couronne de fleurs de chrysanth\u00e8me jaune pour les mariages"},"content":{"rendered":"<p>Rehaussez votre coiffure avec notre ravissante couronne de fleurs de chrysanth\u00e8me jaune, parfaite pour un mariage ou une f\u00eate. Cette coiffe artisanale, aux teintes ensoleill\u00e9es de l'\u00e9t\u00e9, ajoute une touche d'\u00e9l\u00e9gance inspir\u00e9e de la nature \u00e0 votre look. Con\u00e7ue pour le confort et dot\u00e9e d'une base r\u00e9glable, elle s'adapte facilement \u00e0 toutes les coiffures. Cet accessoire floral \u00e9poustouflant, qui sera \u00e0 coup s\u00fbr la pi\u00e8ce ma\u00eetresse de votre ensemble, rayonne de sophistication et de joie. C\u00e9l\u00e9brez les moments sp\u00e9ciaux de la vie avec style et captivez l'attention de tous avec cette magnifique couronne.<\/p><p>Composition : Chrysanth\u00e8mes jaunes<\/p>","protected":false},"excerpt":{"rendered":"<div style=\"width: 90%;text-align: left;margin: auto\"><p style=\"text-align:center\"><b>\ud83d\udc51 De nos mains \u00e0 votre t\u00eate<\/b><br \/><i>Couronnes de fleurs de luxe pour toutes les occasions<\/i><\/p><ul><li>\u2702\ufe0f Fabriqu\u00e9 avec soin au c\u0153ur de l'Europe. <b>France<\/b><\/li><li><b>\ud83d\udc90 Composition : Chrysanth\u00e8mes jaunes<\/b><\/li><\/ul><\/div>","protected":false},"featured_media":606,"template":"","meta":[],"product_brand":[],"product_cat":[68],"product_tag":[],"class_list":{"0":"post-607","1":"product","2":"type-product","3":"status-publish","4":"has-post-thumbnail","6":"product_cat-floral-headpiece-headband","8":"first","9":"instock","10":"shipping-taxable","11":"purchasable","12":"product-type-simple"},"yoast_head":"<!-- This site is optimized with the Yoast SEO plugin v25.9 - https:\/\/yoast.com\/wordpress\/plugins\/seo\/ -->\n<title>Yellow Chrysanthemum Flower Crown for Weddings - Flora Tiara<\/title>\n<meta name=\"description\" content=\"Unique and beautiful: Shop our Yellow Chrysanthemum Flower Crown for Weddings. Premium high quality headpiece to make the occasion unforgettable.\" \/>\n<meta name=\"robots\" content=\"index, follow, max-snippet:-1, max-image-preview:large, max-video-preview:-1\" \/>\n<link rel=\"canonical\" href=\"https:\/\/floratiara.com\/fr\/p\/bandeau-floral-dete-accessoire-de-mariage\/\" \/>\n<meta property=\"og:locale\" content=\"fr_FR\" \/>\n<meta property=\"og:type\" content=\"article\" \/>\n<meta property=\"og:title\" content=\"Yellow Chrysanthemum Flower Crown for Weddings - Flora Tiara\" \/>\n<meta property=\"og:description\" content=\"Unique and beautiful: Shop our Yellow Chrysanthemum Flower Crown for Weddings. Premium high quality headpiece to make the occasion unforgettable.\" \/>\n<meta property=\"og:url\" content=\"https:\/\/floratiara.com\/fr\/p\/bandeau-floral-dete-accessoire-de-mariage\/\" \/>\n<meta property=\"og:site_name\" content=\"Flora Tiara\" \/>\n<meta property=\"article:modified_time\" content=\"2025-07-22T03:50:46+00:00\" \/>\n<meta property=\"og:image\" content=\"https:\/\/floratiara.com\/wp-content\/uploads\/2024\/03\/S314cf448100342ee9f464c235d392b82h.webp\" \/>\n\t<meta property=\"og:image:width\" content=\"1000\" \/>\n\t<meta property=\"og:image:height\" content=\"1000\" \/>\n\t<meta property=\"og:image:type\" content=\"image\/webp\" \/>\n<meta name=\"twitter:card\" content=\"summary_large_image\" \/>\n<script type=\"application\/ld+json\" class=\"yoast-schema-graph\">{\"@context\":\"https:\/\/schema.org\",\"@graph\":[{\"@type\":\"WebPage\",\"@id\":\"https:\/\/floratiara.com\/p\/summer-floral-headband-bridal-accessory\/\",\"url\":\"https:\/\/floratiara.com\/p\/summer-floral-headband-bridal-accessory\/\",\"name\":\"Yellow Chrysanthemum Flower Crown for Weddings - Flora Tiara\",\"isPartOf\":{\"@id\":\"https:\/\/floratiara.com\/#website\"},\"primaryImageOfPage\":{\"@id\":\"https:\/\/floratiara.com\/p\/summer-floral-headband-bridal-accessory\/#primaryimage\"},\"image\":{\"@id\":\"https:\/\/floratiara.com\/p\/summer-floral-headband-bridal-accessory\/#primaryimage\"},\"thumbnailUrl\":\"https:\/\/floratiara.com\/wp-content\/uploads\/2024\/03\/S314cf448100342ee9f464c235d392b82h.webp\",\"datePublished\":\"2024-03-16T10:24:14+00:00\",\"dateModified\":\"2025-07-22T03:50:46+00:00\",\"description\":\"Unique and beautiful: Shop our Yellow Chrysanthemum Flower Crown for Weddings. Premium high quality headpiece to make the occasion unforgettable.\",\"breadcrumb\":{\"@id\":\"https:\/\/floratiara.com\/p\/summer-floral-headband-bridal-accessory\/#breadcrumb\"},\"inLanguage\":\"fr-FR\",\"potentialAction\":[{\"@type\":\"ReadAction\",\"target\":[\"https:\/\/floratiara.com\/p\/summer-floral-headband-bridal-accessory\/\"]}]},{\"@type\":\"ImageObject\",\"inLanguage\":\"fr-FR\",\"@id\":\"https:\/\/floratiara.com\/p\/summer-floral-headband-bridal-accessory\/#primaryimage\",\"url\":\"https:\/\/floratiara.com\/wp-content\/uploads\/2024\/03\/S314cf448100342ee9f464c235d392b82h.webp\",\"contentUrl\":\"https:\/\/floratiara.com\/wp-content\/uploads\/2024\/03\/S314cf448100342ee9f464c235d392b82h.webp\",\"width\":1000,\"height\":1000},{\"@type\":\"BreadcrumbList\",\"@id\":\"https:\/\/floratiara.com\/p\/summer-floral-headband-bridal-accessory\/#breadcrumb\",\"itemListElement\":[{\"@type\":\"ListItem\",\"position\":1,\"name\":\"Home\",\"item\":\"https:\/\/floratiara.com\/\"},{\"@type\":\"ListItem\",\"position\":2,\"name\":\"Shop\",\"item\":\"https:\/\/floratiara.com\/shop\/\"},{\"@type\":\"ListItem\",\"position\":3,\"name\":\"Yellow Chrysanthemum Flower Crown for Weddings\"}]},{\"@type\":\"WebSite\",\"@id\":\"https:\/\/floratiara.com\/#website\",\"url\":\"https:\/\/floratiara.com\/\",\"name\":\"Flora Tiara\",\"description\":\"\",\"publisher\":{\"@id\":\"https:\/\/floratiara.com\/#organization\"},\"potentialAction\":[{\"@type\":\"SearchAction\",\"target\":{\"@type\":\"EntryPoint\",\"urlTemplate\":\"https:\/\/floratiara.com\/?s={search_term_string}\"},\"query-input\":{\"@type\":\"PropertyValueSpecification\",\"valueRequired\":true,\"valueName\":\"search_term_string\"}}],\"inLanguage\":\"fr-FR\"},{\"@type\":\"Organization\",\"@id\":\"https:\/\/floratiara.com\/#organization\",\"name\":\"Flora Tiara\",\"url\":\"https:\/\/floratiara.com\/\",\"logo\":{\"@type\":\"ImageObject\",\"inLanguage\":\"fr-FR\",\"@id\":\"https:\/\/floratiara.com\/#\/schema\/logo\/image\/\",\"url\":\"https:\/\/floratiara.com\/wp-content\/uploads\/2024\/03\/flora-tiara-logo.png\",\"contentUrl\":\"https:\/\/floratiara.com\/wp-content\/uploads\/2024\/03\/flora-tiara-logo.png\",\"width\":1024,\"height\":274,\"caption\":\"Flora Tiara\"},\"image\":{\"@id\":\"https:\/\/floratiara.com\/#\/schema\/logo\/image\/\"}}]}<\/script>\n<!-- \/ Yoast SEO plugin. -->","yoast_head_json":{"title":"Couronne de fleurs de chrysanth\u00e8me jaune pour les mariages - Flora Tiara","description":"Unique et magnifique : Achetez notre couronne de fleurs de chrysanth\u00e8me jaune pour les mariages. Coiffe de qualit\u00e9 sup\u00e9rieure pour rendre l'occasion inoubliable.","robots":{"index":"index","follow":"follow","max-snippet":"max-snippet:-1","max-image-preview":"max-image-preview:large","max-video-preview":"max-video-preview:-1"},"canonical":"https:\/\/floratiara.com\/fr\/p\/bandeau-floral-dete-accessoire-de-mariage\/","og_locale":"fr_FR","og_type":"article","og_title":"Yellow Chrysanthemum Flower Crown for Weddings - Flora Tiara","og_description":"Unique and beautiful: Shop our Yellow Chrysanthemum Flower Crown for Weddings. Premium high quality headpiece to make the occasion unforgettable.","og_url":"https:\/\/floratiara.com\/fr\/p\/bandeau-floral-dete-accessoire-de-mariage\/","og_site_name":"Flora Tiara","article_modified_time":"2025-07-22T03:50:46+00:00","og_image":[{"width":1000,"height":1000,"url":"https:\/\/floratiara.com\/wp-content\/uploads\/2024\/03\/S314cf448100342ee9f464c235d392b82h.webp","type":"image\/webp"}],"twitter_card":"summary_large_image","schema":{"@context":"https:\/\/schema.org","@graph":[{"@type":"WebPage","@id":"https:\/\/floratiara.com\/p\/summer-floral-headband-bridal-accessory\/","url":"https:\/\/floratiara.com\/p\/summer-floral-headband-bridal-accessory\/","name":"Couronne de fleurs de chrysanth\u00e8me jaune pour les mariages - Flora Tiara","isPartOf":{"@id":"https:\/\/floratiara.com\/#website"},"primaryImageOfPage":{"@id":"https:\/\/floratiara.com\/p\/summer-floral-headband-bridal-accessory\/#primaryimage"},"image":{"@id":"https:\/\/floratiara.com\/p\/summer-floral-headband-bridal-accessory\/#primaryimage"},"thumbnailUrl":"https:\/\/floratiara.com\/wp-content\/uploads\/2024\/03\/S314cf448100342ee9f464c235d392b82h.webp","datePublished":"2024-03-16T10:24:14+00:00","dateModified":"2025-07-22T03:50:46+00:00","description":"Unique et magnifique : Achetez notre couronne de fleurs de chrysanth\u00e8me jaune pour les mariages. Coiffe de qualit\u00e9 sup\u00e9rieure pour rendre l'occasion inoubliable.","breadcrumb":{"@id":"https:\/\/floratiara.com\/p\/summer-floral-headband-bridal-accessory\/#breadcrumb"},"inLanguage":"fr-FR","potentialAction":[{"@type":"ReadAction","target":["https:\/\/floratiara.com\/p\/summer-floral-headband-bridal-accessory\/"]}]},{"@type":"ImageObject","inLanguage":"fr-FR","@id":"https:\/\/floratiara.com\/p\/summer-floral-headband-bridal-accessory\/#primaryimage","url":"https:\/\/floratiara.com\/wp-content\/uploads\/2024\/03\/S314cf448100342ee9f464c235d392b82h.webp","contentUrl":"https:\/\/floratiara.com\/wp-content\/uploads\/2024\/03\/S314cf448100342ee9f464c235d392b82h.webp","width":1000,"height":1000},{"@type":"BreadcrumbList","@id":"https:\/\/floratiara.com\/p\/summer-floral-headband-bridal-accessory\/#breadcrumb","itemListElement":[{"@type":"ListItem","position":1,"name":"Home","item":"https:\/\/floratiara.com\/"},{"@type":"ListItem","position":2,"name":"Shop","item":"https:\/\/floratiara.com\/shop\/"},{"@type":"ListItem","position":3,"name":"Yellow Chrysanthemum Flower Crown for Weddings"}]},{"@type":"WebSite","@id":"https:\/\/floratiara.com\/#website","url":"https:\/\/floratiara.com\/","name":"Flora Tiara","description":"","publisher":{"@id":"https:\/\/floratiara.com\/#organization"},"potentialAction":[{"@type":"SearchAction","target":{"@type":"EntryPoint","urlTemplate":"https:\/\/floratiara.com\/?s={search_term_string}"},"query-input":{"@type":"PropertyValueSpecification","valueRequired":true,"valueName":"search_term_string"}}],"inLanguage":"fr-FR"},{"@type":"Organization","@id":"https:\/\/floratiara.com\/#organization","name":"Flora Tiara","url":"https:\/\/floratiara.com\/","logo":{"@type":"ImageObject","inLanguage":"fr-FR","@id":"https:\/\/floratiara.com\/#\/schema\/logo\/image\/","url":"https:\/\/floratiara.com\/wp-content\/uploads\/2024\/03\/flora-tiara-logo.png","contentUrl":"https:\/\/floratiara.com\/wp-content\/uploads\/2024\/03\/flora-tiara-logo.png","width":1024,"height":274,"caption":"Flora Tiara"},"image":{"@id":"https:\/\/floratiara.com\/#\/schema\/logo\/image\/"}}]}},"_links":{"self":[{"href":"https:\/\/floratiara.com\/fr\/wp-json\/wp\/v2\/product\/607","targetHints":{"allow":["GET"]}}],"collection":[{"href":"https:\/\/floratiara.com\/fr\/wp-json\/wp\/v2\/product"}],"about":[{"href":"https:\/\/floratiara.com\/fr\/wp-json\/wp\/v2\/types\/product"}],"wp:featuredmedia":[{"embeddable":true,"href":"https:\/\/floratiara.com\/fr\/wp-json\/wp\/v2\/media\/606"}],"wp:attachment":[{"href":"https:\/\/floratiara.com\/fr\/wp-json\/wp\/v2\/media?parent=607"}],"wp:term":[{"taxonomy":"product_brand","embeddable":true,"href":"https:\/\/floratiara.com\/fr\/wp-json\/wp\/v2\/product_brand?post=607"},{"taxonomy":"product_cat","embeddable":true,"href":"https:\/\/floratiara.com\/fr\/wp-json\/wp\/v2\/product_cat?post=607"},{"taxonomy":"product_tag","embeddable":true,"href":"https:\/\/floratiara.com\/fr\/wp-json\/wp\/v2\/product_tag?post=607"}],"curies":[{"name":"wp","href":"https:\/\/api.w.org\/{rel}","templated":true}]}}