{"id":109,"date":"2024-03-16T06:51:04","date_gmt":"2024-03-16T06:51:04","guid":{"rendered":"https:\/\/floratiara.com\/?post_type=product&#038;p=109"},"modified":"2024-12-12T01:49:10","modified_gmt":"2024-12-12T01:49:10","slug":"elegans-eskuvoi-viragos-fejdisz-5","status":"publish","type":"product","link":"https:\/\/floratiara.com\/hu\/p\/elegans-eskuvoi-viragos-fejdisz-5\/","title":{"rendered":"Eleg\u00e1ns menyasszonyi vir\u00e1g korona bazsar\u00f3zsa r\u00f3zsa fejd\u00edsz"},"content":{"rendered":"<p>Alak\u00edtsa \u00e1t k\u00fcl\u00f6nleges napj\u00e1t f\u00e9ny\u0171z\u0151 menyasszonyi vir\u00e1gkoron\u00e1nkkal, amelyet bonyolultan terveztek, hogy romantik\u00e1t \u00e9s kifinomults\u00e1got k\u00f6lcs\u00f6n\u00f6zz\u00f6n. Gy\u00f6ny\u00f6rk\u00f6dj\u00f6n a kr\u00e9msz\u00edn\u0171 \u00e9s r\u00f3zsasz\u00edn r\u00f3zs\u00e1k buja kever\u00e9k\u00e9ben, amelyet gazdag, m\u00e9lyv\u00f6r\u00f6s bazsar\u00f3zs\u00e1k eg\u00e9sz\u00edtenek ki. A feh\u00e9r t\u00f6ltel\u00e9kkel ell\u00e1tott finom piros \u00e9s r\u00f3zsasz\u00edn bogy\u00f3k fokozz\u00e1k a korona sz\u00e9ps\u00e9g\u00e9t, m\u00edg a z\u00f6ld n\u00f6v\u00e9nyzet a term\u00e9szetes b\u00e1j \u00e9rzet\u00e9t foglalja mag\u00e1ba. A selymes piros szalag t\u00f6k\u00e9letes illeszked\u00e9st biztos\u00edt, k\u00e9nyelmet \u00e9s eleganci\u00e1t \u00edg\u00e9rve. Tegyen felejthetetlen kijelent\u00e9st, \u00e9s ragadjon meg minden tekintetet, amikor ezzel a var\u00e1zslatos vir\u00e1gos remekm\u0171vel d\u00edsz\u00edtve s\u00e9t\u00e1l az olt\u00e1rhoz.<\/p><p>\u00d6sszet\u00e9tel: kr\u00e9msz\u00edn\u0171 \u00e9s r\u00f3zsasz\u00edn r\u00f3zs\u00e1k, m\u00e9lyv\u00f6r\u00f6s bazsar\u00f3zs\u00e1k, piros bogy\u00f3k, r\u00f3zsasz\u00edn bogy\u00f3f\u00fcrt\u00f6k, feh\u00e9r t\u00f6ltel\u00e9kek, z\u00f6ld \u00e9s piros szalag.<\/p>","protected":false},"excerpt":{"rendered":"<div style=\"width: 90%;text-align: left;margin: auto\"><p style=\"text-align:center\"><b>\ud83d\udc51 Kez\u00fcnkt\u0151l a fejedig<\/b><br \/><i>Luxus vir\u00e1gkoron\u00e1k minden alkalomra<\/i><\/p><ul><li>\u2702\ufe0f Crafted with Care in the Heart of <b>Magyarorsz\u00e1g<\/b><\/li><li><b>\ud83d\udc90 \u00d6sszet\u00e9tel: kr\u00e9m \u00e9s r\u00f3zsasz\u00edn r\u00f3zs\u00e1k, m\u00e9lyv\u00f6r\u00f6s p\u00fcnk\u00f6sdi r\u00f3zs\u00e1k, piros bogy\u00f3k, r\u00f3zsasz\u00edn bogy\u00f3f\u00fcrt\u00f6k, feh\u00e9r t\u00f6ltel\u00e9kek, z\u00f6ld \u00e9s piros szalag.<\/b><\/li><\/ul><\/div>","protected":false},"featured_media":108,"template":"","meta":[],"product_brand":[],"product_cat":[75,61,77,59],"product_tag":[],"class_list":{"0":"post-109","1":"product","2":"type-product","3":"status-publish","4":"has-post-thumbnail","6":"product_cat-black-floral-headpiece","7":"product_cat-bridesmaid-floral-headpiece","8":"product_cat-red-floral-headpiece","9":"product_cat-bridal-floral-headpiece","11":"first","12":"instock","13":"shipping-taxable","14":"purchasable","15":"product-type-simple"},"yoast_head":"<!-- This site is optimized with the Yoast SEO plugin v25.9 - https:\/\/yoast.com\/wordpress\/plugins\/seo\/ -->\n<title>Elegant Bridal Flower Crown Peony Rose Headdress - Flora Tiara<\/title>\n<meta name=\"description\" content=\"Unique and beautiful: Shop our Elegant Bridal Flower Crown Peony Rose Headdress. Premium high quality headpiece to make the occasion unforgettable.\" \/>\n<meta name=\"robots\" content=\"index, follow, max-snippet:-1, max-image-preview:large, max-video-preview:-1\" \/>\n<link rel=\"canonical\" href=\"https:\/\/floratiara.com\/hu\/p\/elegans-eskuvoi-viragos-fejdisz-5\/\" \/>\n<meta property=\"og:locale\" content=\"hu_HU\" \/>\n<meta property=\"og:type\" content=\"article\" \/>\n<meta property=\"og:title\" content=\"Elegant Bridal Flower Crown Peony Rose Headdress - Flora Tiara\" \/>\n<meta property=\"og:description\" content=\"Unique and beautiful: Shop our Elegant Bridal Flower Crown Peony Rose Headdress. Premium high quality headpiece to make the occasion unforgettable.\" \/>\n<meta property=\"og:url\" content=\"https:\/\/floratiara.com\/hu\/p\/elegans-eskuvoi-viragos-fejdisz-5\/\" \/>\n<meta property=\"og:site_name\" content=\"Flora Tiara\" \/>\n<meta property=\"article:modified_time\" content=\"2024-12-12T01:49:10+00:00\" \/>\n<meta property=\"og:image\" content=\"https:\/\/floratiara.com\/wp-content\/uploads\/2024\/03\/Had76c73ff50f4a1baac5489fc9364dd8C-1.webp\" \/>\n\t<meta property=\"og:image:width\" content=\"1500\" \/>\n\t<meta property=\"og:image:height\" content=\"1500\" \/>\n\t<meta property=\"og:image:type\" content=\"image\/webp\" \/>\n<meta name=\"twitter:card\" content=\"summary_large_image\" \/>\n<meta name=\"twitter:label1\" content=\"Becs\u00fclt olvas\u00e1si id\u0151\" \/>\n\t<meta name=\"twitter:data1\" content=\"1 perc\" \/>\n<script type=\"application\/ld+json\" class=\"yoast-schema-graph\">{\"@context\":\"https:\/\/schema.org\",\"@graph\":[{\"@type\":\"WebPage\",\"@id\":\"https:\/\/floratiara.com\/p\/elegant-wedding-floral-headpiece-5\/\",\"url\":\"https:\/\/floratiara.com\/p\/elegant-wedding-floral-headpiece-5\/\",\"name\":\"Elegant Bridal Flower Crown Peony Rose Headdress - Flora Tiara\",\"isPartOf\":{\"@id\":\"https:\/\/floratiara.com\/#website\"},\"primaryImageOfPage\":{\"@id\":\"https:\/\/floratiara.com\/p\/elegant-wedding-floral-headpiece-5\/#primaryimage\"},\"image\":{\"@id\":\"https:\/\/floratiara.com\/p\/elegant-wedding-floral-headpiece-5\/#primaryimage\"},\"thumbnailUrl\":\"https:\/\/floratiara.com\/wp-content\/uploads\/2024\/03\/Had76c73ff50f4a1baac5489fc9364dd8C-1.webp\",\"datePublished\":\"2024-03-16T06:51:04+00:00\",\"dateModified\":\"2024-12-12T01:49:10+00:00\",\"description\":\"Unique and beautiful: Shop our Elegant Bridal Flower Crown Peony Rose Headdress. Premium high quality headpiece to make the occasion unforgettable.\",\"breadcrumb\":{\"@id\":\"https:\/\/floratiara.com\/p\/elegant-wedding-floral-headpiece-5\/#breadcrumb\"},\"inLanguage\":\"hu\",\"potentialAction\":[{\"@type\":\"ReadAction\",\"target\":[\"https:\/\/floratiara.com\/p\/elegant-wedding-floral-headpiece-5\/\"]}]},{\"@type\":\"ImageObject\",\"inLanguage\":\"hu\",\"@id\":\"https:\/\/floratiara.com\/p\/elegant-wedding-floral-headpiece-5\/#primaryimage\",\"url\":\"https:\/\/floratiara.com\/wp-content\/uploads\/2024\/03\/Had76c73ff50f4a1baac5489fc9364dd8C-1.webp\",\"contentUrl\":\"https:\/\/floratiara.com\/wp-content\/uploads\/2024\/03\/Had76c73ff50f4a1baac5489fc9364dd8C-1.webp\",\"width\":1500,\"height\":1500},{\"@type\":\"BreadcrumbList\",\"@id\":\"https:\/\/floratiara.com\/p\/elegant-wedding-floral-headpiece-5\/#breadcrumb\",\"itemListElement\":[{\"@type\":\"ListItem\",\"position\":1,\"name\":\"Home\",\"item\":\"https:\/\/floratiara.com\/\"},{\"@type\":\"ListItem\",\"position\":2,\"name\":\"Shop\",\"item\":\"https:\/\/floratiara.com\/shop\/\"},{\"@type\":\"ListItem\",\"position\":3,\"name\":\"Elegant Bridal Flower Crown Peony Rose Headdress\"}]},{\"@type\":\"WebSite\",\"@id\":\"https:\/\/floratiara.com\/#website\",\"url\":\"https:\/\/floratiara.com\/\",\"name\":\"Flora Tiara\",\"description\":\"\",\"publisher\":{\"@id\":\"https:\/\/floratiara.com\/#organization\"},\"potentialAction\":[{\"@type\":\"SearchAction\",\"target\":{\"@type\":\"EntryPoint\",\"urlTemplate\":\"https:\/\/floratiara.com\/?s={search_term_string}\"},\"query-input\":{\"@type\":\"PropertyValueSpecification\",\"valueRequired\":true,\"valueName\":\"search_term_string\"}}],\"inLanguage\":\"hu\"},{\"@type\":\"Organization\",\"@id\":\"https:\/\/floratiara.com\/#organization\",\"name\":\"Flora Tiara\",\"url\":\"https:\/\/floratiara.com\/\",\"logo\":{\"@type\":\"ImageObject\",\"inLanguage\":\"hu\",\"@id\":\"https:\/\/floratiara.com\/#\/schema\/logo\/image\/\",\"url\":\"https:\/\/floratiara.com\/wp-content\/uploads\/2024\/03\/flora-tiara-logo.png\",\"contentUrl\":\"https:\/\/floratiara.com\/wp-content\/uploads\/2024\/03\/flora-tiara-logo.png\",\"width\":1024,\"height\":274,\"caption\":\"Flora Tiara\"},\"image\":{\"@id\":\"https:\/\/floratiara.com\/#\/schema\/logo\/image\/\"}}]}<\/script>\n<!-- \/ Yoast SEO plugin. -->","yoast_head_json":{"title":"Eleg\u00e1ns menyasszonyi vir\u00e1gkorona bazsar\u00f3zsa r\u00f3zsa fejd\u00edsz - Flora Tiara","description":"Egyedi \u00e9s gy\u00f6ny\u00f6r\u0171: Eleg\u00e1ns menyasszonyi vir\u00e1gkorona bazsar\u00f3zsa r\u00f3zsa fejd\u00edsz. Pr\u00e9mium min\u0151s\u00e9g\u0171, kiv\u00e1l\u00f3 min\u0151s\u00e9g\u0171 fejd\u00edsz, hogy felejthetetlenn\u00e9 tegye az alkalmat.","robots":{"index":"index","follow":"follow","max-snippet":"max-snippet:-1","max-image-preview":"max-image-preview:large","max-video-preview":"max-video-preview:-1"},"canonical":"https:\/\/floratiara.com\/hu\/p\/elegans-eskuvoi-viragos-fejdisz-5\/","og_locale":"hu_HU","og_type":"article","og_title":"Elegant Bridal Flower Crown Peony Rose Headdress - Flora Tiara","og_description":"Unique and beautiful: Shop our Elegant Bridal Flower Crown Peony Rose Headdress. Premium high quality headpiece to make the occasion unforgettable.","og_url":"https:\/\/floratiara.com\/hu\/p\/elegans-eskuvoi-viragos-fejdisz-5\/","og_site_name":"Flora Tiara","article_modified_time":"2024-12-12T01:49:10+00:00","og_image":[{"width":1500,"height":1500,"url":"https:\/\/floratiara.com\/wp-content\/uploads\/2024\/03\/Had76c73ff50f4a1baac5489fc9364dd8C-1.webp","type":"image\/webp"}],"twitter_card":"summary_large_image","twitter_misc":{"Becs\u00fclt olvas\u00e1si id\u0151":"1 perc"},"schema":{"@context":"https:\/\/schema.org","@graph":[{"@type":"WebPage","@id":"https:\/\/floratiara.com\/p\/elegant-wedding-floral-headpiece-5\/","url":"https:\/\/floratiara.com\/p\/elegant-wedding-floral-headpiece-5\/","name":"Eleg\u00e1ns menyasszonyi vir\u00e1gkorona bazsar\u00f3zsa r\u00f3zsa fejd\u00edsz - Flora Tiara","isPartOf":{"@id":"https:\/\/floratiara.com\/#website"},"primaryImageOfPage":{"@id":"https:\/\/floratiara.com\/p\/elegant-wedding-floral-headpiece-5\/#primaryimage"},"image":{"@id":"https:\/\/floratiara.com\/p\/elegant-wedding-floral-headpiece-5\/#primaryimage"},"thumbnailUrl":"https:\/\/floratiara.com\/wp-content\/uploads\/2024\/03\/Had76c73ff50f4a1baac5489fc9364dd8C-1.webp","datePublished":"2024-03-16T06:51:04+00:00","dateModified":"2024-12-12T01:49:10+00:00","description":"Egyedi \u00e9s gy\u00f6ny\u00f6r\u0171: Eleg\u00e1ns menyasszonyi vir\u00e1gkorona bazsar\u00f3zsa r\u00f3zsa fejd\u00edsz. Pr\u00e9mium min\u0151s\u00e9g\u0171, kiv\u00e1l\u00f3 min\u0151s\u00e9g\u0171 fejd\u00edsz, hogy felejthetetlenn\u00e9 tegye az alkalmat.","breadcrumb":{"@id":"https:\/\/floratiara.com\/p\/elegant-wedding-floral-headpiece-5\/#breadcrumb"},"inLanguage":"hu","potentialAction":[{"@type":"ReadAction","target":["https:\/\/floratiara.com\/p\/elegant-wedding-floral-headpiece-5\/"]}]},{"@type":"ImageObject","inLanguage":"hu","@id":"https:\/\/floratiara.com\/p\/elegant-wedding-floral-headpiece-5\/#primaryimage","url":"https:\/\/floratiara.com\/wp-content\/uploads\/2024\/03\/Had76c73ff50f4a1baac5489fc9364dd8C-1.webp","contentUrl":"https:\/\/floratiara.com\/wp-content\/uploads\/2024\/03\/Had76c73ff50f4a1baac5489fc9364dd8C-1.webp","width":1500,"height":1500},{"@type":"BreadcrumbList","@id":"https:\/\/floratiara.com\/p\/elegant-wedding-floral-headpiece-5\/#breadcrumb","itemListElement":[{"@type":"ListItem","position":1,"name":"Home","item":"https:\/\/floratiara.com\/"},{"@type":"ListItem","position":2,"name":"Shop","item":"https:\/\/floratiara.com\/shop\/"},{"@type":"ListItem","position":3,"name":"Elegant Bridal Flower Crown Peony Rose Headdress"}]},{"@type":"WebSite","@id":"https:\/\/floratiara.com\/#website","url":"https:\/\/floratiara.com\/","name":"Flora Tiara","description":"","publisher":{"@id":"https:\/\/floratiara.com\/#organization"},"potentialAction":[{"@type":"SearchAction","target":{"@type":"EntryPoint","urlTemplate":"https:\/\/floratiara.com\/?s={search_term_string}"},"query-input":{"@type":"PropertyValueSpecification","valueRequired":true,"valueName":"search_term_string"}}],"inLanguage":"hu"},{"@type":"Organization","@id":"https:\/\/floratiara.com\/#organization","name":"Flora Tiara","url":"https:\/\/floratiara.com\/","logo":{"@type":"ImageObject","inLanguage":"hu","@id":"https:\/\/floratiara.com\/#\/schema\/logo\/image\/","url":"https:\/\/floratiara.com\/wp-content\/uploads\/2024\/03\/flora-tiara-logo.png","contentUrl":"https:\/\/floratiara.com\/wp-content\/uploads\/2024\/03\/flora-tiara-logo.png","width":1024,"height":274,"caption":"Flora Tiara"},"image":{"@id":"https:\/\/floratiara.com\/#\/schema\/logo\/image\/"}}]}},"_links":{"self":[{"href":"https:\/\/floratiara.com\/hu\/wp-json\/wp\/v2\/product\/109","targetHints":{"allow":["GET"]}}],"collection":[{"href":"https:\/\/floratiara.com\/hu\/wp-json\/wp\/v2\/product"}],"about":[{"href":"https:\/\/floratiara.com\/hu\/wp-json\/wp\/v2\/types\/product"}],"wp:featuredmedia":[{"embeddable":true,"href":"https:\/\/floratiara.com\/hu\/wp-json\/wp\/v2\/media\/108"}],"wp:attachment":[{"href":"https:\/\/floratiara.com\/hu\/wp-json\/wp\/v2\/media?parent=109"}],"wp:term":[{"taxonomy":"product_brand","embeddable":true,"href":"https:\/\/floratiara.com\/hu\/wp-json\/wp\/v2\/product_brand?post=109"},{"taxonomy":"product_cat","embeddable":true,"href":"https:\/\/floratiara.com\/hu\/wp-json\/wp\/v2\/product_cat?post=109"},{"taxonomy":"product_tag","embeddable":true,"href":"https:\/\/floratiara.com\/hu\/wp-json\/wp\/v2\/product_tag?post=109"}],"curies":[{"name":"wp","href":"https:\/\/api.w.org\/{rel}","templated":true}]}}