{"id":188,"date":"2024-03-16T09:37:52","date_gmt":"2024-03-16T09:37:52","guid":{"rendered":"https:\/\/floratiara.com\/?post_type=product&#038;p=188"},"modified":"2024-12-12T01:47:53","modified_gmt":"2024-12-12T01:47:53","slug":"menyasszonyi-napraforgo-fejpant-kiegeszito","status":"publish","type":"product","link":"https:\/\/floratiara.com\/hu\/p\/menyasszonyi-napraforgo-fejpant-kiegeszito\/","title":{"rendered":"Napcs\u00f3kolta Serena Vir\u00e1gkorona esk\u00fcv\u0151kre"},"content":{"rendered":"<p>Sug\u00e1rozzon \u00f6r\u00f6m\u00f6t a k\u00f6vetkez\u0151 k\u00fcl\u00f6nleges alkalomra a var\u00e1zslatos Serena vir\u00e1gkoron\u00e1val. Ez a k\u00e9zzel k\u00e9sz\u00edtett fejd\u00edsz egy m\u0171alkot\u00e1s, melyben \u00e9l\u00e9nks\u00e1rga sz\u00e1zszorsz\u00e9pek keverednek finom vadvir\u00e1gokkal, buja z\u00f6lddel p\u00e1ros\u00edtva. Ide\u00e1lis menyasszonyok sz\u00e1m\u00e1ra vagy fesztiv\u00e1los darabk\u00e9nt, b\u00e1rmelyik ruh\u00e1t feldobja. \u00c1ll\u00edthat\u00f3 kialak\u00edt\u00e1sa mindenki sz\u00e1m\u00e1ra k\u00e9nyelmes illeszked\u00e9st biztos\u00edt. T\u00f6ltse meg st\u00edlus\u00e1t a term\u00e9szet legjav\u00e1val, \u00e9s szerezzen felejthetetlen eml\u00e9keket ezzel a mag\u00e1val ragad\u00f3 vir\u00e1gos kieg\u00e9sz\u00edt\u0151vel. Eg\u00e9sz\u00edtse ki gy\u0171jtem\u00e9ny\u00e9t m\u00e9g ma, \u00e9s \u00f6lelje mag\u00e1ra a ny\u00e1r melegs\u00e9g\u00e9nek \u00e9s vitalit\u00e1s\u00e1nak esszenci\u00e1j\u00e1t.<\/p><p>\u00d6sszet\u00e9tel: s\u00e1rga margar\u00e9t\u00e1k, kis s\u00e1rga \u00e9s feh\u00e9r vadvir\u00e1gok, z\u00f6ld lombozat.<\/p>","protected":false},"excerpt":{"rendered":"<div style=\"width: 90%;text-align: left;margin: auto\"><p style=\"text-align:center\"><b>\ud83d\udc51 Kez\u00fcnkt\u0151l a fejedig<\/b><br \/><i>Luxus vir\u00e1gkoron\u00e1k minden alkalomra<\/i><\/p><ul><li>\u2702\ufe0f Crafted with Care in the Heart of <b>Magyarorsz\u00e1g<\/b><\/li><li><b>\ud83d\udc90 \u00d6sszet\u00e9tel: s\u00e1rga sz\u00e1zszorsz\u00e9pek, kis s\u00e1rga \u00e9s feh\u00e9r vadvir\u00e1gok, z\u00f6ld lombozat.<\/b><\/li><\/ul><\/div>","protected":false},"featured_media":187,"template":"","meta":[],"product_brand":[],"product_cat":[61,76,79,59],"product_tag":[],"class_list":{"0":"post-188","1":"product","2":"type-product","3":"status-publish","4":"has-post-thumbnail","6":"product_cat-bridesmaid-floral-headpiece","7":"product_cat-gold-floral-headpiece","8":"product_cat-real-floral-headpiece","9":"product_cat-bridal-floral-headpiece","11":"first","12":"instock","13":"shipping-taxable","14":"purchasable","15":"product-type-simple"},"yoast_head":"<!-- This site is optimized with the Yoast SEO plugin v25.9 - https:\/\/yoast.com\/wordpress\/plugins\/seo\/ -->\n<title>Sun-kissed Serena Flower Crown for Weddings - Flora Tiara<\/title>\n<meta name=\"description\" content=\"Unique and beautiful: Shop our Sun-kissed Serena Flower Crown for Weddings. Premium high quality headpiece to make the occasion unforgettable.\" \/>\n<meta name=\"robots\" content=\"index, follow, max-snippet:-1, max-image-preview:large, max-video-preview:-1\" \/>\n<link rel=\"canonical\" href=\"https:\/\/floratiara.com\/hu\/p\/menyasszonyi-napraforgo-fejpant-kiegeszito\/\" \/>\n<meta property=\"og:locale\" content=\"hu_HU\" \/>\n<meta property=\"og:type\" content=\"article\" \/>\n<meta property=\"og:title\" content=\"Sun-kissed Serena Flower Crown for Weddings - Flora Tiara\" \/>\n<meta property=\"og:description\" content=\"Unique and beautiful: Shop our Sun-kissed Serena Flower Crown for Weddings. Premium high quality headpiece to make the occasion unforgettable.\" \/>\n<meta property=\"og:url\" content=\"https:\/\/floratiara.com\/hu\/p\/menyasszonyi-napraforgo-fejpant-kiegeszito\/\" \/>\n<meta property=\"og:site_name\" content=\"Flora Tiara\" \/>\n<meta property=\"article:modified_time\" content=\"2024-12-12T01:47:53+00:00\" \/>\n<meta property=\"og:image\" content=\"https:\/\/floratiara.com\/wp-content\/uploads\/2024\/03\/S911955bcd89344a49eeeb0dd416ec5f4b.webp\" \/>\n\t<meta property=\"og:image:width\" content=\"1500\" \/>\n\t<meta property=\"og:image:height\" content=\"1500\" \/>\n\t<meta property=\"og:image:type\" content=\"image\/webp\" \/>\n<meta name=\"twitter:card\" content=\"summary_large_image\" \/>\n<meta name=\"twitter:label1\" content=\"Becs\u00fclt olvas\u00e1si id\u0151\" \/>\n\t<meta name=\"twitter:data1\" content=\"1 perc\" \/>\n<script type=\"application\/ld+json\" class=\"yoast-schema-graph\">{\"@context\":\"https:\/\/schema.org\",\"@graph\":[{\"@type\":\"WebPage\",\"@id\":\"https:\/\/floratiara.com\/p\/bridal-sunflower-headband-accessory\/\",\"url\":\"https:\/\/floratiara.com\/p\/bridal-sunflower-headband-accessory\/\",\"name\":\"Sun-kissed Serena Flower Crown for Weddings - Flora Tiara\",\"isPartOf\":{\"@id\":\"https:\/\/floratiara.com\/#website\"},\"primaryImageOfPage\":{\"@id\":\"https:\/\/floratiara.com\/p\/bridal-sunflower-headband-accessory\/#primaryimage\"},\"image\":{\"@id\":\"https:\/\/floratiara.com\/p\/bridal-sunflower-headband-accessory\/#primaryimage\"},\"thumbnailUrl\":\"https:\/\/floratiara.com\/wp-content\/uploads\/2024\/03\/S911955bcd89344a49eeeb0dd416ec5f4b.webp\",\"datePublished\":\"2024-03-16T09:37:52+00:00\",\"dateModified\":\"2024-12-12T01:47:53+00:00\",\"description\":\"Unique and beautiful: Shop our Sun-kissed Serena Flower Crown for Weddings. Premium high quality headpiece to make the occasion unforgettable.\",\"breadcrumb\":{\"@id\":\"https:\/\/floratiara.com\/p\/bridal-sunflower-headband-accessory\/#breadcrumb\"},\"inLanguage\":\"hu\",\"potentialAction\":[{\"@type\":\"ReadAction\",\"target\":[\"https:\/\/floratiara.com\/p\/bridal-sunflower-headband-accessory\/\"]}]},{\"@type\":\"ImageObject\",\"inLanguage\":\"hu\",\"@id\":\"https:\/\/floratiara.com\/p\/bridal-sunflower-headband-accessory\/#primaryimage\",\"url\":\"https:\/\/floratiara.com\/wp-content\/uploads\/2024\/03\/S911955bcd89344a49eeeb0dd416ec5f4b.webp\",\"contentUrl\":\"https:\/\/floratiara.com\/wp-content\/uploads\/2024\/03\/S911955bcd89344a49eeeb0dd416ec5f4b.webp\",\"width\":1500,\"height\":1500},{\"@type\":\"BreadcrumbList\",\"@id\":\"https:\/\/floratiara.com\/p\/bridal-sunflower-headband-accessory\/#breadcrumb\",\"itemListElement\":[{\"@type\":\"ListItem\",\"position\":1,\"name\":\"Home\",\"item\":\"https:\/\/floratiara.com\/\"},{\"@type\":\"ListItem\",\"position\":2,\"name\":\"Shop\",\"item\":\"https:\/\/floratiara.com\/shop\/\"},{\"@type\":\"ListItem\",\"position\":3,\"name\":\"Sun-kissed Serena Flower Crown for Weddings\"}]},{\"@type\":\"WebSite\",\"@id\":\"https:\/\/floratiara.com\/#website\",\"url\":\"https:\/\/floratiara.com\/\",\"name\":\"Flora Tiara\",\"description\":\"\",\"publisher\":{\"@id\":\"https:\/\/floratiara.com\/#organization\"},\"potentialAction\":[{\"@type\":\"SearchAction\",\"target\":{\"@type\":\"EntryPoint\",\"urlTemplate\":\"https:\/\/floratiara.com\/?s={search_term_string}\"},\"query-input\":{\"@type\":\"PropertyValueSpecification\",\"valueRequired\":true,\"valueName\":\"search_term_string\"}}],\"inLanguage\":\"hu\"},{\"@type\":\"Organization\",\"@id\":\"https:\/\/floratiara.com\/#organization\",\"name\":\"Flora Tiara\",\"url\":\"https:\/\/floratiara.com\/\",\"logo\":{\"@type\":\"ImageObject\",\"inLanguage\":\"hu\",\"@id\":\"https:\/\/floratiara.com\/#\/schema\/logo\/image\/\",\"url\":\"https:\/\/floratiara.com\/wp-content\/uploads\/2024\/03\/flora-tiara-logo.png\",\"contentUrl\":\"https:\/\/floratiara.com\/wp-content\/uploads\/2024\/03\/flora-tiara-logo.png\",\"width\":1024,\"height\":274,\"caption\":\"Flora Tiara\"},\"image\":{\"@id\":\"https:\/\/floratiara.com\/#\/schema\/logo\/image\/\"}}]}<\/script>\n<!-- \/ Yoast SEO plugin. -->","yoast_head_json":{"title":"Napcs\u00f3kolta Serena Vir\u00e1gkorona esk\u00fcv\u0151kre - Flora Tiara","description":"Egyedi \u00e9s gy\u00f6ny\u00f6r\u0171: Serena vir\u00e1gkorona esk\u00fcv\u0151kre. Pr\u00e9mium min\u0151s\u00e9g\u0171, kiv\u00e1l\u00f3 min\u0151s\u00e9g\u0171 fejd\u00edsz, hogy felejthetetlenn\u00e9 tegye az alkalmat.","robots":{"index":"index","follow":"follow","max-snippet":"max-snippet:-1","max-image-preview":"max-image-preview:large","max-video-preview":"max-video-preview:-1"},"canonical":"https:\/\/floratiara.com\/hu\/p\/menyasszonyi-napraforgo-fejpant-kiegeszito\/","og_locale":"hu_HU","og_type":"article","og_title":"Sun-kissed Serena Flower Crown for Weddings - Flora Tiara","og_description":"Unique and beautiful: Shop our Sun-kissed Serena Flower Crown for Weddings. Premium high quality headpiece to make the occasion unforgettable.","og_url":"https:\/\/floratiara.com\/hu\/p\/menyasszonyi-napraforgo-fejpant-kiegeszito\/","og_site_name":"Flora Tiara","article_modified_time":"2024-12-12T01:47:53+00:00","og_image":[{"width":1500,"height":1500,"url":"https:\/\/floratiara.com\/wp-content\/uploads\/2024\/03\/S911955bcd89344a49eeeb0dd416ec5f4b.webp","type":"image\/webp"}],"twitter_card":"summary_large_image","twitter_misc":{"Becs\u00fclt olvas\u00e1si id\u0151":"1 perc"},"schema":{"@context":"https:\/\/schema.org","@graph":[{"@type":"WebPage","@id":"https:\/\/floratiara.com\/p\/bridal-sunflower-headband-accessory\/","url":"https:\/\/floratiara.com\/p\/bridal-sunflower-headband-accessory\/","name":"Napcs\u00f3kolta Serena Vir\u00e1gkorona esk\u00fcv\u0151kre - Flora Tiara","isPartOf":{"@id":"https:\/\/floratiara.com\/#website"},"primaryImageOfPage":{"@id":"https:\/\/floratiara.com\/p\/bridal-sunflower-headband-accessory\/#primaryimage"},"image":{"@id":"https:\/\/floratiara.com\/p\/bridal-sunflower-headband-accessory\/#primaryimage"},"thumbnailUrl":"https:\/\/floratiara.com\/wp-content\/uploads\/2024\/03\/S911955bcd89344a49eeeb0dd416ec5f4b.webp","datePublished":"2024-03-16T09:37:52+00:00","dateModified":"2024-12-12T01:47:53+00:00","description":"Egyedi \u00e9s gy\u00f6ny\u00f6r\u0171: Serena vir\u00e1gkorona esk\u00fcv\u0151kre. Pr\u00e9mium min\u0151s\u00e9g\u0171, kiv\u00e1l\u00f3 min\u0151s\u00e9g\u0171 fejd\u00edsz, hogy felejthetetlenn\u00e9 tegye az alkalmat.","breadcrumb":{"@id":"https:\/\/floratiara.com\/p\/bridal-sunflower-headband-accessory\/#breadcrumb"},"inLanguage":"hu","potentialAction":[{"@type":"ReadAction","target":["https:\/\/floratiara.com\/p\/bridal-sunflower-headband-accessory\/"]}]},{"@type":"ImageObject","inLanguage":"hu","@id":"https:\/\/floratiara.com\/p\/bridal-sunflower-headband-accessory\/#primaryimage","url":"https:\/\/floratiara.com\/wp-content\/uploads\/2024\/03\/S911955bcd89344a49eeeb0dd416ec5f4b.webp","contentUrl":"https:\/\/floratiara.com\/wp-content\/uploads\/2024\/03\/S911955bcd89344a49eeeb0dd416ec5f4b.webp","width":1500,"height":1500},{"@type":"BreadcrumbList","@id":"https:\/\/floratiara.com\/p\/bridal-sunflower-headband-accessory\/#breadcrumb","itemListElement":[{"@type":"ListItem","position":1,"name":"Home","item":"https:\/\/floratiara.com\/"},{"@type":"ListItem","position":2,"name":"Shop","item":"https:\/\/floratiara.com\/shop\/"},{"@type":"ListItem","position":3,"name":"Sun-kissed Serena Flower Crown for Weddings"}]},{"@type":"WebSite","@id":"https:\/\/floratiara.com\/#website","url":"https:\/\/floratiara.com\/","name":"Flora Tiara","description":"","publisher":{"@id":"https:\/\/floratiara.com\/#organization"},"potentialAction":[{"@type":"SearchAction","target":{"@type":"EntryPoint","urlTemplate":"https:\/\/floratiara.com\/?s={search_term_string}"},"query-input":{"@type":"PropertyValueSpecification","valueRequired":true,"valueName":"search_term_string"}}],"inLanguage":"hu"},{"@type":"Organization","@id":"https:\/\/floratiara.com\/#organization","name":"Flora Tiara","url":"https:\/\/floratiara.com\/","logo":{"@type":"ImageObject","inLanguage":"hu","@id":"https:\/\/floratiara.com\/#\/schema\/logo\/image\/","url":"https:\/\/floratiara.com\/wp-content\/uploads\/2024\/03\/flora-tiara-logo.png","contentUrl":"https:\/\/floratiara.com\/wp-content\/uploads\/2024\/03\/flora-tiara-logo.png","width":1024,"height":274,"caption":"Flora Tiara"},"image":{"@id":"https:\/\/floratiara.com\/#\/schema\/logo\/image\/"}}]}},"_links":{"self":[{"href":"https:\/\/floratiara.com\/hu\/wp-json\/wp\/v2\/product\/188","targetHints":{"allow":["GET"]}}],"collection":[{"href":"https:\/\/floratiara.com\/hu\/wp-json\/wp\/v2\/product"}],"about":[{"href":"https:\/\/floratiara.com\/hu\/wp-json\/wp\/v2\/types\/product"}],"wp:featuredmedia":[{"embeddable":true,"href":"https:\/\/floratiara.com\/hu\/wp-json\/wp\/v2\/media\/187"}],"wp:attachment":[{"href":"https:\/\/floratiara.com\/hu\/wp-json\/wp\/v2\/media?parent=188"}],"wp:term":[{"taxonomy":"product_brand","embeddable":true,"href":"https:\/\/floratiara.com\/hu\/wp-json\/wp\/v2\/product_brand?post=188"},{"taxonomy":"product_cat","embeddable":true,"href":"https:\/\/floratiara.com\/hu\/wp-json\/wp\/v2\/product_cat?post=188"},{"taxonomy":"product_tag","embeddable":true,"href":"https:\/\/floratiara.com\/hu\/wp-json\/wp\/v2\/product_tag?post=188"}],"curies":[{"name":"wp","href":"https:\/\/api.w.org\/{rel}","templated":true}]}}