{"id":197,"date":"2024-03-16T09:38:04","date_gmt":"2024-03-16T09:38:04","guid":{"rendered":"https:\/\/floratiara.com\/?post_type=product&#038;p=197"},"modified":"2025-03-04T04:42:31","modified_gmt":"2025-03-04T04:42:31","slug":"menyasszonyi-viragos-fejdisz-fejdisz-fuzer-fuzer","status":"publish","type":"product","link":"https:\/\/floratiara.com\/hu\/p\/menyasszonyi-viragos-fejdisz-fejdisz-fuzer-fuzer\/","title":{"rendered":"Eleg\u00e1ns feh\u00e9r r\u00f3zsa vir\u00e1gkorona esk\u00fcv\u0151kre"},"content":{"rendered":"<p>Emelje fel k\u00fcl\u00f6nleges napj\u00e1t az Eleg\u00e1ns feh\u00e9r r\u00f3zs\u00e1s vir\u00e1gkoron\u00e1val, amely a kifinomults\u00e1g \u00e9s a term\u00e9szet mesteri kever\u00e9ke. Minden egyes feh\u00e9r r\u00f3zs\u00e1t, fr\u00e9zi\u00e1t \u00e9s hipericum bogy\u00f3t a frissess\u00e9g\u00fck miatt v\u00e1lasztunk ki, \u00e9s \u00fagy rendezz\u00fck el, hogy nyugalmat sug\u00e1rozzon. Ide\u00e1lis menyasszonyok \u00e9s koszor\u00fasl\u00e1nyok sz\u00e1m\u00e1ra, ez a sokoldal\u00fa fejd\u00edsz romantik\u00e1val \u00e9s tisztas\u00e1ggal gazdag\u00edt b\u00e1rmilyen frizur\u00e1t. Alak\u00edtsa \u00e1t esk\u00fcv\u0151i \u00f6lt\u00f6z\u00e9k\u00e9t egy ig\u00e9z\u0151 egy\u00fcttess\u00e9, \u00e9s tegye \u00f6r\u00f6kk\u00e9 tart\u00f3v\u00e1 a megbecs\u00fclt pillanatokat. Vegye fel id\u0151tlen vir\u00e1gkoron\u00e1nkat, \u00e9s j\u00e1rjon a vir\u00e1gz\u00f3 kert kecsess\u00e9g\u00e9vel. V\u00e1s\u00e1roljon most, \u00e9s adjon felejthetetlen eleganci\u00e1t az \u00fcnneps\u00e9g\u00e9nek.<\/p><p>\u00d6sszet\u00e9tel: feh\u00e9r r\u00f3zsa, feh\u00e9r fr\u00e9zia, z\u00f6ld hipericum bogy\u00f3, feh\u00e9r permetr\u00f3zsa, apr\u00f3 feh\u00e9r t\u00f6ltel\u00e9kvir\u00e1gok.<\/p>","protected":false},"excerpt":{"rendered":"<div style=\"width: 90%;text-align: left;margin: auto\"><p style=\"text-align:center\"><b>\ud83d\udc51 Kez\u00fcnkt\u0151l a fejedig<\/b><br \/><i>Luxus vir\u00e1gkoron\u00e1k minden alkalomra<\/i><\/p><ul><li>\u2702\ufe0f Crafted with Care in the Heart of <b>Magyarorsz\u00e1g<\/b><\/li><li><b>\ud83d\udc90 \u00d6sszet\u00e9tel: feh\u00e9r r\u00f3zsa, feh\u00e9r fr\u00e9zia, z\u00f6ld hipericum bogy\u00f3, feh\u00e9r permetr\u00f3zsa, kis feh\u00e9r t\u00f6ltel\u00e9kvir\u00e1gok.<\/b><\/li><\/ul><\/div>","protected":false},"featured_media":196,"template":"","meta":[],"product_brand":[],"product_cat":[62,60,59,71],"product_tag":[],"class_list":{"0":"post-197","1":"product","2":"type-product","3":"status-publish","4":"has-post-thumbnail","6":"product_cat-communion-floral-headpiece","7":"product_cat-floral-headpiece-flower-girl","8":"product_cat-bridal-floral-headpiece","9":"product_cat-white-floral-headpiece","11":"first","12":"instock","13":"shipping-taxable","14":"purchasable","15":"product-type-simple"},"yoast_head":"<!-- This site is optimized with the Yoast SEO plugin v25.9 - https:\/\/yoast.com\/wordpress\/plugins\/seo\/ -->\n<title>Elegant White Rose Flower Crown for Weddings - Flora Tiara<\/title>\n<meta name=\"description\" content=\"Unique and beautiful: Shop our Elegant White Rose Flower Crown for Weddings. Premium high quality headpiece to make the occasion unforgettable.\" \/>\n<meta name=\"robots\" content=\"index, follow, max-snippet:-1, max-image-preview:large, max-video-preview:-1\" \/>\n<link rel=\"canonical\" href=\"https:\/\/floratiara.com\/hu\/p\/menyasszonyi-viragos-fejdisz-fejdisz-fuzer-fuzer\/\" \/>\n<meta property=\"og:locale\" content=\"hu_HU\" \/>\n<meta property=\"og:type\" content=\"article\" \/>\n<meta property=\"og:title\" content=\"Elegant White Rose Flower Crown for Weddings - Flora Tiara\" \/>\n<meta property=\"og:description\" content=\"Unique and beautiful: Shop our Elegant White Rose Flower Crown for Weddings. Premium high quality headpiece to make the occasion unforgettable.\" \/>\n<meta property=\"og:url\" content=\"https:\/\/floratiara.com\/hu\/p\/menyasszonyi-viragos-fejdisz-fejdisz-fuzer-fuzer\/\" \/>\n<meta property=\"og:site_name\" content=\"Flora Tiara\" \/>\n<meta property=\"article:modified_time\" content=\"2025-03-04T04:42:31+00:00\" \/>\n<meta property=\"og:image\" content=\"https:\/\/floratiara.com\/wp-content\/uploads\/2024\/03\/H88aefdbee8ea475b8c9c57baa65f8aa7e.webp\" \/>\n\t<meta property=\"og:image:width\" content=\"1500\" \/>\n\t<meta property=\"og:image:height\" content=\"1500\" \/>\n\t<meta property=\"og:image:type\" content=\"image\/webp\" \/>\n<meta name=\"twitter:card\" content=\"summary_large_image\" \/>\n<meta name=\"twitter:label1\" content=\"Becs\u00fclt olvas\u00e1si id\u0151\" \/>\n\t<meta name=\"twitter:data1\" content=\"8 perc\" \/>\n<script type=\"application\/ld+json\" class=\"yoast-schema-graph\">{\"@context\":\"https:\/\/schema.org\",\"@graph\":[{\"@type\":\"WebPage\",\"@id\":\"https:\/\/floratiara.com\/p\/bridal-floral-headdress-headwear-garland\/\",\"url\":\"https:\/\/floratiara.com\/p\/bridal-floral-headdress-headwear-garland\/\",\"name\":\"Elegant White Rose Flower Crown for Weddings - Flora Tiara\",\"isPartOf\":{\"@id\":\"https:\/\/floratiara.com\/#website\"},\"primaryImageOfPage\":{\"@id\":\"https:\/\/floratiara.com\/p\/bridal-floral-headdress-headwear-garland\/#primaryimage\"},\"image\":{\"@id\":\"https:\/\/floratiara.com\/p\/bridal-floral-headdress-headwear-garland\/#primaryimage\"},\"thumbnailUrl\":\"https:\/\/floratiara.com\/wp-content\/uploads\/2024\/03\/H88aefdbee8ea475b8c9c57baa65f8aa7e.webp\",\"datePublished\":\"2024-03-16T09:38:04+00:00\",\"dateModified\":\"2025-03-04T04:42:31+00:00\",\"description\":\"Unique and beautiful: Shop our Elegant White Rose Flower Crown for Weddings. Premium high quality headpiece to make the occasion unforgettable.\",\"breadcrumb\":{\"@id\":\"https:\/\/floratiara.com\/p\/bridal-floral-headdress-headwear-garland\/#breadcrumb\"},\"inLanguage\":\"hu\",\"potentialAction\":[{\"@type\":\"ReadAction\",\"target\":[\"https:\/\/floratiara.com\/p\/bridal-floral-headdress-headwear-garland\/\"]}]},{\"@type\":\"ImageObject\",\"inLanguage\":\"hu\",\"@id\":\"https:\/\/floratiara.com\/p\/bridal-floral-headdress-headwear-garland\/#primaryimage\",\"url\":\"https:\/\/floratiara.com\/wp-content\/uploads\/2024\/03\/H88aefdbee8ea475b8c9c57baa65f8aa7e.webp\",\"contentUrl\":\"https:\/\/floratiara.com\/wp-content\/uploads\/2024\/03\/H88aefdbee8ea475b8c9c57baa65f8aa7e.webp\",\"width\":1500,\"height\":1500},{\"@type\":\"BreadcrumbList\",\"@id\":\"https:\/\/floratiara.com\/p\/bridal-floral-headdress-headwear-garland\/#breadcrumb\",\"itemListElement\":[{\"@type\":\"ListItem\",\"position\":1,\"name\":\"Home\",\"item\":\"https:\/\/floratiara.com\/\"},{\"@type\":\"ListItem\",\"position\":2,\"name\":\"Shop\",\"item\":\"https:\/\/floratiara.com\/shop\/\"},{\"@type\":\"ListItem\",\"position\":3,\"name\":\"Elegant White Rose Flower Crown for Weddings\"}]},{\"@type\":\"WebSite\",\"@id\":\"https:\/\/floratiara.com\/#website\",\"url\":\"https:\/\/floratiara.com\/\",\"name\":\"Flora Tiara\",\"description\":\"\",\"publisher\":{\"@id\":\"https:\/\/floratiara.com\/#organization\"},\"potentialAction\":[{\"@type\":\"SearchAction\",\"target\":{\"@type\":\"EntryPoint\",\"urlTemplate\":\"https:\/\/floratiara.com\/?s={search_term_string}\"},\"query-input\":{\"@type\":\"PropertyValueSpecification\",\"valueRequired\":true,\"valueName\":\"search_term_string\"}}],\"inLanguage\":\"hu\"},{\"@type\":\"Organization\",\"@id\":\"https:\/\/floratiara.com\/#organization\",\"name\":\"Flora Tiara\",\"url\":\"https:\/\/floratiara.com\/\",\"logo\":{\"@type\":\"ImageObject\",\"inLanguage\":\"hu\",\"@id\":\"https:\/\/floratiara.com\/#\/schema\/logo\/image\/\",\"url\":\"https:\/\/floratiara.com\/wp-content\/uploads\/2024\/03\/flora-tiara-logo.png\",\"contentUrl\":\"https:\/\/floratiara.com\/wp-content\/uploads\/2024\/03\/flora-tiara-logo.png\",\"width\":1024,\"height\":274,\"caption\":\"Flora Tiara\"},\"image\":{\"@id\":\"https:\/\/floratiara.com\/#\/schema\/logo\/image\/\"}}]}<\/script>\n<!-- \/ Yoast SEO plugin. -->","yoast_head_json":{"title":"Eleg\u00e1ns feh\u00e9r r\u00f3zsa vir\u00e1gkorona esk\u00fcv\u0151kre - Flora Tiara","description":"Egyedi \u00e9s gy\u00f6ny\u00f6r\u0171: Eleg\u00e1ns feh\u00e9r r\u00f3zsa vir\u00e1gkorona esk\u00fcv\u0151re. Pr\u00e9mium min\u0151s\u00e9g\u0171, kiv\u00e1l\u00f3 min\u0151s\u00e9g\u0171 fejd\u00edsz, hogy felejthetetlenn\u00e9 tegye az alkalmat.","robots":{"index":"index","follow":"follow","max-snippet":"max-snippet:-1","max-image-preview":"max-image-preview:large","max-video-preview":"max-video-preview:-1"},"canonical":"https:\/\/floratiara.com\/hu\/p\/menyasszonyi-viragos-fejdisz-fejdisz-fuzer-fuzer\/","og_locale":"hu_HU","og_type":"article","og_title":"Elegant White Rose Flower Crown for Weddings - Flora Tiara","og_description":"Unique and beautiful: Shop our Elegant White Rose Flower Crown for Weddings. Premium high quality headpiece to make the occasion unforgettable.","og_url":"https:\/\/floratiara.com\/hu\/p\/menyasszonyi-viragos-fejdisz-fejdisz-fuzer-fuzer\/","og_site_name":"Flora Tiara","article_modified_time":"2025-03-04T04:42:31+00:00","og_image":[{"width":1500,"height":1500,"url":"https:\/\/floratiara.com\/wp-content\/uploads\/2024\/03\/H88aefdbee8ea475b8c9c57baa65f8aa7e.webp","type":"image\/webp"}],"twitter_card":"summary_large_image","twitter_misc":{"Becs\u00fclt olvas\u00e1si id\u0151":"8 perc"},"schema":{"@context":"https:\/\/schema.org","@graph":[{"@type":"WebPage","@id":"https:\/\/floratiara.com\/p\/bridal-floral-headdress-headwear-garland\/","url":"https:\/\/floratiara.com\/p\/bridal-floral-headdress-headwear-garland\/","name":"Eleg\u00e1ns feh\u00e9r r\u00f3zsa vir\u00e1gkorona esk\u00fcv\u0151kre - Flora Tiara","isPartOf":{"@id":"https:\/\/floratiara.com\/#website"},"primaryImageOfPage":{"@id":"https:\/\/floratiara.com\/p\/bridal-floral-headdress-headwear-garland\/#primaryimage"},"image":{"@id":"https:\/\/floratiara.com\/p\/bridal-floral-headdress-headwear-garland\/#primaryimage"},"thumbnailUrl":"https:\/\/floratiara.com\/wp-content\/uploads\/2024\/03\/H88aefdbee8ea475b8c9c57baa65f8aa7e.webp","datePublished":"2024-03-16T09:38:04+00:00","dateModified":"2025-03-04T04:42:31+00:00","description":"Egyedi \u00e9s gy\u00f6ny\u00f6r\u0171: Eleg\u00e1ns feh\u00e9r r\u00f3zsa vir\u00e1gkorona esk\u00fcv\u0151re. Pr\u00e9mium min\u0151s\u00e9g\u0171, kiv\u00e1l\u00f3 min\u0151s\u00e9g\u0171 fejd\u00edsz, hogy felejthetetlenn\u00e9 tegye az alkalmat.","breadcrumb":{"@id":"https:\/\/floratiara.com\/p\/bridal-floral-headdress-headwear-garland\/#breadcrumb"},"inLanguage":"hu","potentialAction":[{"@type":"ReadAction","target":["https:\/\/floratiara.com\/p\/bridal-floral-headdress-headwear-garland\/"]}]},{"@type":"ImageObject","inLanguage":"hu","@id":"https:\/\/floratiara.com\/p\/bridal-floral-headdress-headwear-garland\/#primaryimage","url":"https:\/\/floratiara.com\/wp-content\/uploads\/2024\/03\/H88aefdbee8ea475b8c9c57baa65f8aa7e.webp","contentUrl":"https:\/\/floratiara.com\/wp-content\/uploads\/2024\/03\/H88aefdbee8ea475b8c9c57baa65f8aa7e.webp","width":1500,"height":1500},{"@type":"BreadcrumbList","@id":"https:\/\/floratiara.com\/p\/bridal-floral-headdress-headwear-garland\/#breadcrumb","itemListElement":[{"@type":"ListItem","position":1,"name":"Home","item":"https:\/\/floratiara.com\/"},{"@type":"ListItem","position":2,"name":"Shop","item":"https:\/\/floratiara.com\/shop\/"},{"@type":"ListItem","position":3,"name":"Elegant White Rose Flower Crown for Weddings"}]},{"@type":"WebSite","@id":"https:\/\/floratiara.com\/#website","url":"https:\/\/floratiara.com\/","name":"Flora Tiara","description":"","publisher":{"@id":"https:\/\/floratiara.com\/#organization"},"potentialAction":[{"@type":"SearchAction","target":{"@type":"EntryPoint","urlTemplate":"https:\/\/floratiara.com\/?s={search_term_string}"},"query-input":{"@type":"PropertyValueSpecification","valueRequired":true,"valueName":"search_term_string"}}],"inLanguage":"hu"},{"@type":"Organization","@id":"https:\/\/floratiara.com\/#organization","name":"Flora Tiara","url":"https:\/\/floratiara.com\/","logo":{"@type":"ImageObject","inLanguage":"hu","@id":"https:\/\/floratiara.com\/#\/schema\/logo\/image\/","url":"https:\/\/floratiara.com\/wp-content\/uploads\/2024\/03\/flora-tiara-logo.png","contentUrl":"https:\/\/floratiara.com\/wp-content\/uploads\/2024\/03\/flora-tiara-logo.png","width":1024,"height":274,"caption":"Flora Tiara"},"image":{"@id":"https:\/\/floratiara.com\/#\/schema\/logo\/image\/"}}]}},"_links":{"self":[{"href":"https:\/\/floratiara.com\/hu\/wp-json\/wp\/v2\/product\/197","targetHints":{"allow":["GET"]}}],"collection":[{"href":"https:\/\/floratiara.com\/hu\/wp-json\/wp\/v2\/product"}],"about":[{"href":"https:\/\/floratiara.com\/hu\/wp-json\/wp\/v2\/types\/product"}],"wp:featuredmedia":[{"embeddable":true,"href":"https:\/\/floratiara.com\/hu\/wp-json\/wp\/v2\/media\/196"}],"wp:attachment":[{"href":"https:\/\/floratiara.com\/hu\/wp-json\/wp\/v2\/media?parent=197"}],"wp:term":[{"taxonomy":"product_brand","embeddable":true,"href":"https:\/\/floratiara.com\/hu\/wp-json\/wp\/v2\/product_brand?post=197"},{"taxonomy":"product_cat","embeddable":true,"href":"https:\/\/floratiara.com\/hu\/wp-json\/wp\/v2\/product_cat?post=197"},{"taxonomy":"product_tag","embeddable":true,"href":"https:\/\/floratiara.com\/hu\/wp-json\/wp\/v2\/product_tag?post=197"}],"curies":[{"name":"wp","href":"https:\/\/api.w.org\/{rel}","templated":true}]}}