{"id":205,"date":"2024-03-16T09:38:13","date_gmt":"2024-03-16T09:38:13","guid":{"rendered":"https:\/\/floratiara.com\/?post_type=product&#038;p=205"},"modified":"2024-12-12T01:47:38","modified_gmt":"2024-12-12T01:47:38","slug":"virag-eskuvoi-fejdisz-menyasszonyi-koszoru","status":"publish","type":"product","link":"https:\/\/floratiara.com\/hu\/p\/virag-eskuvoi-fejdisz-menyasszonyi-koszoru\/","title":{"rendered":"Sakura Dreams \u00e9kk\u00f6ves vir\u00e1gkorona esk\u00fcv\u0151kre"},"content":{"rendered":"<p>Dobja fel az esk\u00fcv\u0151i ruhak\u00f6ltem\u00e9ny\u00e9t a Sakura Dreams vir\u00e1gkoron\u00e1val, melyben r\u00f3zsasz\u00edn \u00e9s feh\u00e9r mesters\u00e9ges cseresznyevir\u00e1gok \u00e9s z\u00f6ldell\u0151 n\u00f6v\u00e9nyzet keveredik. A tavasz esszenci\u00e1j\u00e1t megragad\u00f3, leny\u0171g\u00f6z\u0151 kieg\u00e9sz\u00edt\u0151 csillog\u00f3, r\u00f3zsasz\u00edn dr\u00e1gak\u0151vel kirakott, \u00e9kk\u00f6vekkel kirakott k\u00f6z\u00e9ps\u0151 r\u00e9sz\u00e9vel b\u00fcszk\u00e9lkedhet. \u00c1ll\u00edthat\u00f3 kialak\u00edt\u00e1sa szem\u00e9lyre szabott illeszked\u00e9st biztos\u00edt, eg\u00e9sz napos k\u00e9nyelmet \u00e9s eleganci\u00e1t \u00edg\u00e9rve. Tegyen nyilatkozatot az \u00e9teri csillog\u00e1sr\u00f3l, \u00e9s var\u00e1zsolja el vend\u00e9geit ennek a gy\u00f6ny\u00f6r\u0171 menyasszonyi fejd\u00edsznek a romantikus pomp\u00e1j\u00e1val. Engedje \u00e1t mag\u00e1t a kifinomults\u00e1g m\u0171v\u00e9szet\u00e9nek, \u00e9s hagyja, hogy a Sakura Dreams korona legyen a koron\u00e1ja k\u00fcl\u00f6nleges napj\u00e1nak.<\/p><p>\u00d6sszet\u00e9tel: feh\u00e9r \u00e9s r\u00f3zsasz\u00edn\u0171 mesters\u00e9ges cseresznyevir\u00e1gok, z\u00f6ld lombozat, dekorat\u00edv \u00e9kk\u00f6ves k\u00f6z\u00e9ps\u0151 r\u00e9sz r\u00f3zsasz\u00edn dr\u00e1gak\u0151vel.<\/p>","protected":false},"excerpt":{"rendered":"<div style=\"width: 90%;text-align: left;margin: auto\"><p style=\"text-align:center\"><b>\ud83d\udc51 Kez\u00fcnkt\u0151l a fejedig<\/b><br \/><i>Luxus vir\u00e1gkoron\u00e1k minden alkalomra<\/i><\/p><ul><li>\u2702\ufe0f Crafted with Care in the Heart of <b>Magyarorsz\u00e1g<\/b><\/li><li><b>\ud83d\udc90 \u00d6sszet\u00e9tel: feh\u00e9r \u00e9s r\u00f3zsasz\u00edn\u0171 mesters\u00e9ges cseresznyevir\u00e1gok, z\u00f6ld lombozat, dekorat\u00edv \u00e9kk\u00f6ves k\u00f6z\u00e9ps\u0151 darab r\u00f3zsasz\u00edn dr\u00e1gak\u0151vel.<\/b><\/li><\/ul><\/div>","protected":false},"featured_media":204,"template":"","meta":[],"product_brand":[],"product_cat":[59],"product_tag":[],"class_list":{"0":"post-205","1":"product","2":"type-product","3":"status-publish","4":"has-post-thumbnail","6":"product_cat-bridal-floral-headpiece","8":"first","9":"instock","10":"shipping-taxable","11":"purchasable","12":"product-type-simple"},"yoast_head":"<!-- This site is optimized with the Yoast SEO plugin v25.9 - https:\/\/yoast.com\/wordpress\/plugins\/seo\/ -->\n<title>Sakura Dreams Jeweled Flower Crown for Weddings - Flora Tiara<\/title>\n<meta name=\"description\" content=\"Unique and beautiful: Shop our Sakura Dreams Jeweled Flower Crown for Weddings. Premium high quality headpiece to make the occasion unforgettable.\" \/>\n<meta name=\"robots\" content=\"index, follow, max-snippet:-1, max-image-preview:large, max-video-preview:-1\" \/>\n<link rel=\"canonical\" href=\"https:\/\/floratiara.com\/hu\/p\/virag-eskuvoi-fejdisz-menyasszonyi-koszoru\/\" \/>\n<meta property=\"og:locale\" content=\"hu_HU\" \/>\n<meta property=\"og:type\" content=\"article\" \/>\n<meta property=\"og:title\" content=\"Sakura Dreams Jeweled Flower Crown for Weddings - Flora Tiara\" \/>\n<meta property=\"og:description\" content=\"Unique and beautiful: Shop our Sakura Dreams Jeweled Flower Crown for Weddings. Premium high quality headpiece to make the occasion unforgettable.\" \/>\n<meta property=\"og:url\" content=\"https:\/\/floratiara.com\/hu\/p\/virag-eskuvoi-fejdisz-menyasszonyi-koszoru\/\" \/>\n<meta property=\"og:site_name\" content=\"Flora Tiara\" \/>\n<meta property=\"article:modified_time\" content=\"2024-12-12T01:47:38+00:00\" \/>\n<meta property=\"og:image\" content=\"https:\/\/floratiara.com\/wp-content\/uploads\/2024\/03\/S60b6b4275da34d5a8b8b213e005cd7e7g.webp\" \/>\n\t<meta property=\"og:image:width\" content=\"1500\" \/>\n\t<meta property=\"og:image:height\" content=\"1500\" \/>\n\t<meta property=\"og:image:type\" content=\"image\/webp\" \/>\n<meta name=\"twitter:card\" content=\"summary_large_image\" \/>\n<meta name=\"twitter:label1\" content=\"Becs\u00fclt olvas\u00e1si id\u0151\" \/>\n\t<meta name=\"twitter:data1\" content=\"2 perc\" \/>\n<script type=\"application\/ld+json\" class=\"yoast-schema-graph\">{\"@context\":\"https:\/\/schema.org\",\"@graph\":[{\"@type\":\"WebPage\",\"@id\":\"https:\/\/floratiara.com\/p\/blossom-wedding-headpiece-bridal-garland\/\",\"url\":\"https:\/\/floratiara.com\/p\/blossom-wedding-headpiece-bridal-garland\/\",\"name\":\"Sakura Dreams Jeweled Flower Crown for Weddings - Flora Tiara\",\"isPartOf\":{\"@id\":\"https:\/\/floratiara.com\/#website\"},\"primaryImageOfPage\":{\"@id\":\"https:\/\/floratiara.com\/p\/blossom-wedding-headpiece-bridal-garland\/#primaryimage\"},\"image\":{\"@id\":\"https:\/\/floratiara.com\/p\/blossom-wedding-headpiece-bridal-garland\/#primaryimage\"},\"thumbnailUrl\":\"https:\/\/floratiara.com\/wp-content\/uploads\/2024\/03\/S60b6b4275da34d5a8b8b213e005cd7e7g.webp\",\"datePublished\":\"2024-03-16T09:38:13+00:00\",\"dateModified\":\"2024-12-12T01:47:38+00:00\",\"description\":\"Unique and beautiful: Shop our Sakura Dreams Jeweled Flower Crown for Weddings. Premium high quality headpiece to make the occasion unforgettable.\",\"breadcrumb\":{\"@id\":\"https:\/\/floratiara.com\/p\/blossom-wedding-headpiece-bridal-garland\/#breadcrumb\"},\"inLanguage\":\"hu\",\"potentialAction\":[{\"@type\":\"ReadAction\",\"target\":[\"https:\/\/floratiara.com\/p\/blossom-wedding-headpiece-bridal-garland\/\"]}]},{\"@type\":\"ImageObject\",\"inLanguage\":\"hu\",\"@id\":\"https:\/\/floratiara.com\/p\/blossom-wedding-headpiece-bridal-garland\/#primaryimage\",\"url\":\"https:\/\/floratiara.com\/wp-content\/uploads\/2024\/03\/S60b6b4275da34d5a8b8b213e005cd7e7g.webp\",\"contentUrl\":\"https:\/\/floratiara.com\/wp-content\/uploads\/2024\/03\/S60b6b4275da34d5a8b8b213e005cd7e7g.webp\",\"width\":1500,\"height\":1500},{\"@type\":\"BreadcrumbList\",\"@id\":\"https:\/\/floratiara.com\/p\/blossom-wedding-headpiece-bridal-garland\/#breadcrumb\",\"itemListElement\":[{\"@type\":\"ListItem\",\"position\":1,\"name\":\"Home\",\"item\":\"https:\/\/floratiara.com\/\"},{\"@type\":\"ListItem\",\"position\":2,\"name\":\"Shop\",\"item\":\"https:\/\/floratiara.com\/shop\/\"},{\"@type\":\"ListItem\",\"position\":3,\"name\":\"Sakura Dreams Jeweled Flower Crown for Weddings\"}]},{\"@type\":\"WebSite\",\"@id\":\"https:\/\/floratiara.com\/#website\",\"url\":\"https:\/\/floratiara.com\/\",\"name\":\"Flora Tiara\",\"description\":\"\",\"publisher\":{\"@id\":\"https:\/\/floratiara.com\/#organization\"},\"potentialAction\":[{\"@type\":\"SearchAction\",\"target\":{\"@type\":\"EntryPoint\",\"urlTemplate\":\"https:\/\/floratiara.com\/?s={search_term_string}\"},\"query-input\":{\"@type\":\"PropertyValueSpecification\",\"valueRequired\":true,\"valueName\":\"search_term_string\"}}],\"inLanguage\":\"hu\"},{\"@type\":\"Organization\",\"@id\":\"https:\/\/floratiara.com\/#organization\",\"name\":\"Flora Tiara\",\"url\":\"https:\/\/floratiara.com\/\",\"logo\":{\"@type\":\"ImageObject\",\"inLanguage\":\"hu\",\"@id\":\"https:\/\/floratiara.com\/#\/schema\/logo\/image\/\",\"url\":\"https:\/\/floratiara.com\/wp-content\/uploads\/2024\/03\/flora-tiara-logo.png\",\"contentUrl\":\"https:\/\/floratiara.com\/wp-content\/uploads\/2024\/03\/flora-tiara-logo.png\",\"width\":1024,\"height\":274,\"caption\":\"Flora Tiara\"},\"image\":{\"@id\":\"https:\/\/floratiara.com\/#\/schema\/logo\/image\/\"}}]}<\/script>\n<!-- \/ Yoast SEO plugin. -->","yoast_head_json":{"title":"Sakura Dreams \u00e9kk\u00f6ves vir\u00e1gkorona esk\u00fcv\u0151re - Flora Tiara","description":"Egyedi \u00e9s gy\u00f6ny\u00f6r\u0171: Sakura Dreams \u00e9kk\u00f6ves vir\u00e1gkorona esk\u00fcv\u0151re. Pr\u00e9mium min\u0151s\u00e9g\u0171, kiv\u00e1l\u00f3 min\u0151s\u00e9g\u0171 fejd\u00edsz, hogy felejthetetlenn\u00e9 tegye az alkalmat.","robots":{"index":"index","follow":"follow","max-snippet":"max-snippet:-1","max-image-preview":"max-image-preview:large","max-video-preview":"max-video-preview:-1"},"canonical":"https:\/\/floratiara.com\/hu\/p\/virag-eskuvoi-fejdisz-menyasszonyi-koszoru\/","og_locale":"hu_HU","og_type":"article","og_title":"Sakura Dreams Jeweled Flower Crown for Weddings - Flora Tiara","og_description":"Unique and beautiful: Shop our Sakura Dreams Jeweled Flower Crown for Weddings. Premium high quality headpiece to make the occasion unforgettable.","og_url":"https:\/\/floratiara.com\/hu\/p\/virag-eskuvoi-fejdisz-menyasszonyi-koszoru\/","og_site_name":"Flora Tiara","article_modified_time":"2024-12-12T01:47:38+00:00","og_image":[{"width":1500,"height":1500,"url":"https:\/\/floratiara.com\/wp-content\/uploads\/2024\/03\/S60b6b4275da34d5a8b8b213e005cd7e7g.webp","type":"image\/webp"}],"twitter_card":"summary_large_image","twitter_misc":{"Becs\u00fclt olvas\u00e1si id\u0151":"2 perc"},"schema":{"@context":"https:\/\/schema.org","@graph":[{"@type":"WebPage","@id":"https:\/\/floratiara.com\/p\/blossom-wedding-headpiece-bridal-garland\/","url":"https:\/\/floratiara.com\/p\/blossom-wedding-headpiece-bridal-garland\/","name":"Sakura Dreams \u00e9kk\u00f6ves vir\u00e1gkorona esk\u00fcv\u0151re - Flora Tiara","isPartOf":{"@id":"https:\/\/floratiara.com\/#website"},"primaryImageOfPage":{"@id":"https:\/\/floratiara.com\/p\/blossom-wedding-headpiece-bridal-garland\/#primaryimage"},"image":{"@id":"https:\/\/floratiara.com\/p\/blossom-wedding-headpiece-bridal-garland\/#primaryimage"},"thumbnailUrl":"https:\/\/floratiara.com\/wp-content\/uploads\/2024\/03\/S60b6b4275da34d5a8b8b213e005cd7e7g.webp","datePublished":"2024-03-16T09:38:13+00:00","dateModified":"2024-12-12T01:47:38+00:00","description":"Egyedi \u00e9s gy\u00f6ny\u00f6r\u0171: Sakura Dreams \u00e9kk\u00f6ves vir\u00e1gkorona esk\u00fcv\u0151re. Pr\u00e9mium min\u0151s\u00e9g\u0171, kiv\u00e1l\u00f3 min\u0151s\u00e9g\u0171 fejd\u00edsz, hogy felejthetetlenn\u00e9 tegye az alkalmat.","breadcrumb":{"@id":"https:\/\/floratiara.com\/p\/blossom-wedding-headpiece-bridal-garland\/#breadcrumb"},"inLanguage":"hu","potentialAction":[{"@type":"ReadAction","target":["https:\/\/floratiara.com\/p\/blossom-wedding-headpiece-bridal-garland\/"]}]},{"@type":"ImageObject","inLanguage":"hu","@id":"https:\/\/floratiara.com\/p\/blossom-wedding-headpiece-bridal-garland\/#primaryimage","url":"https:\/\/floratiara.com\/wp-content\/uploads\/2024\/03\/S60b6b4275da34d5a8b8b213e005cd7e7g.webp","contentUrl":"https:\/\/floratiara.com\/wp-content\/uploads\/2024\/03\/S60b6b4275da34d5a8b8b213e005cd7e7g.webp","width":1500,"height":1500},{"@type":"BreadcrumbList","@id":"https:\/\/floratiara.com\/p\/blossom-wedding-headpiece-bridal-garland\/#breadcrumb","itemListElement":[{"@type":"ListItem","position":1,"name":"Home","item":"https:\/\/floratiara.com\/"},{"@type":"ListItem","position":2,"name":"Shop","item":"https:\/\/floratiara.com\/shop\/"},{"@type":"ListItem","position":3,"name":"Sakura Dreams Jeweled Flower Crown for Weddings"}]},{"@type":"WebSite","@id":"https:\/\/floratiara.com\/#website","url":"https:\/\/floratiara.com\/","name":"Flora Tiara","description":"","publisher":{"@id":"https:\/\/floratiara.com\/#organization"},"potentialAction":[{"@type":"SearchAction","target":{"@type":"EntryPoint","urlTemplate":"https:\/\/floratiara.com\/?s={search_term_string}"},"query-input":{"@type":"PropertyValueSpecification","valueRequired":true,"valueName":"search_term_string"}}],"inLanguage":"hu"},{"@type":"Organization","@id":"https:\/\/floratiara.com\/#organization","name":"Flora Tiara","url":"https:\/\/floratiara.com\/","logo":{"@type":"ImageObject","inLanguage":"hu","@id":"https:\/\/floratiara.com\/#\/schema\/logo\/image\/","url":"https:\/\/floratiara.com\/wp-content\/uploads\/2024\/03\/flora-tiara-logo.png","contentUrl":"https:\/\/floratiara.com\/wp-content\/uploads\/2024\/03\/flora-tiara-logo.png","width":1024,"height":274,"caption":"Flora Tiara"},"image":{"@id":"https:\/\/floratiara.com\/#\/schema\/logo\/image\/"}}]}},"_links":{"self":[{"href":"https:\/\/floratiara.com\/hu\/wp-json\/wp\/v2\/product\/205","targetHints":{"allow":["GET"]}}],"collection":[{"href":"https:\/\/floratiara.com\/hu\/wp-json\/wp\/v2\/product"}],"about":[{"href":"https:\/\/floratiara.com\/hu\/wp-json\/wp\/v2\/types\/product"}],"wp:featuredmedia":[{"embeddable":true,"href":"https:\/\/floratiara.com\/hu\/wp-json\/wp\/v2\/media\/204"}],"wp:attachment":[{"href":"https:\/\/floratiara.com\/hu\/wp-json\/wp\/v2\/media?parent=205"}],"wp:term":[{"taxonomy":"product_brand","embeddable":true,"href":"https:\/\/floratiara.com\/hu\/wp-json\/wp\/v2\/product_brand?post=205"},{"taxonomy":"product_cat","embeddable":true,"href":"https:\/\/floratiara.com\/hu\/wp-json\/wp\/v2\/product_cat?post=205"},{"taxonomy":"product_tag","embeddable":true,"href":"https:\/\/floratiara.com\/hu\/wp-json\/wp\/v2\/product_tag?post=205"}],"curies":[{"name":"wp","href":"https:\/\/api.w.org\/{rel}","templated":true}]}}