{"id":228,"date":"2024-03-16T09:38:43","date_gmt":"2024-03-16T09:38:43","guid":{"rendered":"https:\/\/floratiara.com\/?post_type=product&#038;p=228"},"modified":"2024-12-12T01:47:14","modified_gmt":"2024-12-12T01:47:14","slug":"eteri-eskuvoi-viragos-fejpant","status":"publish","type":"product","link":"https:\/\/floratiara.com\/hu\/p\/eteri-eskuvoi-viragos-fejpant\/","title":{"rendered":"Elvar\u00e1zsolt Sz\u00e1zszorsz\u00e9p Vir\u00e1g Korona esk\u00fcv\u0151kre"},"content":{"rendered":"<p>Emelje fel k\u00fcl\u00f6nleges alkalmait a var\u00e1zslatos \"Serenity Blossom\" sz\u00e1zszorsz\u00e9p vir\u00e1gkoron\u00e1val. Ez a t\u00f6k\u00e9letes k\u00e9zzel k\u00e9sz\u00edtett kieg\u00e9sz\u00edt\u0151 k\u00e9k \u00e9s lila sz\u00e1zszorsz\u00e9pek, tiszta feh\u00e9r vir\u00e1gok \u00e9s finom lila akcentusok szimf\u00f3ni\u00e1j\u00e1t tartalmazza, buja z\u00f6ldek k\u00f6z\u00f6tt. Sokoldal\u00fa kialak\u00edt\u00e1sa biztos\u00edtja, hogy b\u00e1rmilyen frizur\u00e1hoz k\u00e9nyelmesen illeszkedjen, \u00edgy ide\u00e1lis v\u00e1laszt\u00e1s esk\u00fcv\u0151kre, kerti partikra, vagy b\u00e1rmely egy\u00fcttes eleg\u00e1nsabb\u00e1 t\u00e9tel\u00e9re. K\u00e9nyeztesse mag\u00e1t ennek a kifinomult vir\u00e1gos d\u00edsznek a luxus\u00e1val, \u00e9s alak\u00edtsa \u00e1t megjelen\u00e9s\u00e9t mesebeli b\u00e1j\u00e1val.<\/p><p>\u00d6sszet\u00e9tel: k\u00e9k \u00e9s lila margar\u00e9t\u00e1k, feh\u00e9r vir\u00e1gok kiemelked\u0151 porz\u00f3kkal, kis feh\u00e9r vir\u00e1gok, lila t\u00f6ltel\u00e9kvir\u00e1gok, z\u00f6ld levelek \u00e9s bogy\u00f3szer\u0171 z\u00f6ld akcentusok.<\/p>","protected":false},"excerpt":{"rendered":"<div style=\"width: 90%;text-align: left;margin: auto\"><p style=\"text-align:center\"><b>\ud83d\udc51 Kez\u00fcnkt\u0151l a fejedig<\/b><br \/><i>Luxus vir\u00e1gkoron\u00e1k minden alkalomra<\/i><\/p><ul><li>\u2702\ufe0f Crafted with Care in the Heart of <b>Magyarorsz\u00e1g<\/b><\/li><li><b>\ud83d\udc90 \u00d6sszet\u00e9tel: k\u00e9k \u00e9s lila margar\u00e9t\u00e1k, feh\u00e9r vir\u00e1gok kiemelked\u0151 porz\u00f3kkal, kis feh\u00e9r vir\u00e1gok, lila t\u00f6ltel\u00e9kvir\u00e1gok, z\u00f6ld levelek \u00e9s bogy\u00f3szer\u0171 z\u00f6ld akcentusok.<\/b><\/li><\/ul><\/div>","protected":false},"featured_media":227,"template":"","meta":[],"product_brand":[],"product_cat":[61,69,74,79,59],"product_tag":[],"class_list":{"0":"post-228","1":"product","2":"type-product","3":"status-publish","4":"has-post-thumbnail","6":"product_cat-bridesmaid-floral-headpiece","7":"product_cat-daisy-floral-headpiece","8":"product_cat-purple-floral-headpiece","9":"product_cat-real-floral-headpiece","10":"product_cat-bridal-floral-headpiece","12":"first","13":"instock","14":"shipping-taxable","15":"purchasable","16":"product-type-simple"},"yoast_head":"<!-- This site is optimized with the Yoast SEO plugin v25.9 - https:\/\/yoast.com\/wordpress\/plugins\/seo\/ -->\n<title>Enchanted Daisy Flower Crown for Weddings - Flora Tiara<\/title>\n<meta name=\"description\" content=\"Unique and beautiful: Shop our Enchanted Daisy Flower Crown for Weddings. Premium high quality headpiece to make the occasion unforgettable.\" \/>\n<meta name=\"robots\" content=\"index, follow, max-snippet:-1, max-image-preview:large, max-video-preview:-1\" \/>\n<link rel=\"canonical\" href=\"https:\/\/floratiara.com\/hu\/p\/eteri-eskuvoi-viragos-fejpant\/\" \/>\n<meta property=\"og:locale\" content=\"hu_HU\" \/>\n<meta property=\"og:type\" content=\"article\" \/>\n<meta property=\"og:title\" content=\"Enchanted Daisy Flower Crown for Weddings - Flora Tiara\" \/>\n<meta property=\"og:description\" content=\"Unique and beautiful: Shop our Enchanted Daisy Flower Crown for Weddings. Premium high quality headpiece to make the occasion unforgettable.\" \/>\n<meta property=\"og:url\" content=\"https:\/\/floratiara.com\/hu\/p\/eteri-eskuvoi-viragos-fejpant\/\" \/>\n<meta property=\"og:site_name\" content=\"Flora Tiara\" \/>\n<meta property=\"article:modified_time\" content=\"2024-12-12T01:47:14+00:00\" \/>\n<meta property=\"og:image\" content=\"https:\/\/floratiara.com\/wp-content\/uploads\/2024\/03\/Sb81c2acd4f5942188305bb7a09e6274cm.webp\" \/>\n\t<meta property=\"og:image:width\" content=\"1500\" \/>\n\t<meta property=\"og:image:height\" content=\"1500\" \/>\n\t<meta property=\"og:image:type\" content=\"image\/webp\" \/>\n<meta name=\"twitter:card\" content=\"summary_large_image\" \/>\n<meta name=\"twitter:label1\" content=\"Becs\u00fclt olvas\u00e1si id\u0151\" \/>\n\t<meta name=\"twitter:data1\" content=\"6 perc\" \/>\n<script type=\"application\/ld+json\" class=\"yoast-schema-graph\">{\"@context\":\"https:\/\/schema.org\",\"@graph\":[{\"@type\":\"WebPage\",\"@id\":\"https:\/\/floratiara.com\/p\/ethereal-wedding-floral-headband\/\",\"url\":\"https:\/\/floratiara.com\/p\/ethereal-wedding-floral-headband\/\",\"name\":\"Enchanted Daisy Flower Crown for Weddings - Flora Tiara\",\"isPartOf\":{\"@id\":\"https:\/\/floratiara.com\/#website\"},\"primaryImageOfPage\":{\"@id\":\"https:\/\/floratiara.com\/p\/ethereal-wedding-floral-headband\/#primaryimage\"},\"image\":{\"@id\":\"https:\/\/floratiara.com\/p\/ethereal-wedding-floral-headband\/#primaryimage\"},\"thumbnailUrl\":\"https:\/\/floratiara.com\/wp-content\/uploads\/2024\/03\/Sb81c2acd4f5942188305bb7a09e6274cm.webp\",\"datePublished\":\"2024-03-16T09:38:43+00:00\",\"dateModified\":\"2024-12-12T01:47:14+00:00\",\"description\":\"Unique and beautiful: Shop our Enchanted Daisy Flower Crown for Weddings. Premium high quality headpiece to make the occasion unforgettable.\",\"breadcrumb\":{\"@id\":\"https:\/\/floratiara.com\/p\/ethereal-wedding-floral-headband\/#breadcrumb\"},\"inLanguage\":\"hu\",\"potentialAction\":[{\"@type\":\"ReadAction\",\"target\":[\"https:\/\/floratiara.com\/p\/ethereal-wedding-floral-headband\/\"]}]},{\"@type\":\"ImageObject\",\"inLanguage\":\"hu\",\"@id\":\"https:\/\/floratiara.com\/p\/ethereal-wedding-floral-headband\/#primaryimage\",\"url\":\"https:\/\/floratiara.com\/wp-content\/uploads\/2024\/03\/Sb81c2acd4f5942188305bb7a09e6274cm.webp\",\"contentUrl\":\"https:\/\/floratiara.com\/wp-content\/uploads\/2024\/03\/Sb81c2acd4f5942188305bb7a09e6274cm.webp\",\"width\":1500,\"height\":1500},{\"@type\":\"BreadcrumbList\",\"@id\":\"https:\/\/floratiara.com\/p\/ethereal-wedding-floral-headband\/#breadcrumb\",\"itemListElement\":[{\"@type\":\"ListItem\",\"position\":1,\"name\":\"Home\",\"item\":\"https:\/\/floratiara.com\/\"},{\"@type\":\"ListItem\",\"position\":2,\"name\":\"Shop\",\"item\":\"https:\/\/floratiara.com\/shop\/\"},{\"@type\":\"ListItem\",\"position\":3,\"name\":\"Enchanted Daisy Flower Crown for Weddings\"}]},{\"@type\":\"WebSite\",\"@id\":\"https:\/\/floratiara.com\/#website\",\"url\":\"https:\/\/floratiara.com\/\",\"name\":\"Flora Tiara\",\"description\":\"\",\"publisher\":{\"@id\":\"https:\/\/floratiara.com\/#organization\"},\"potentialAction\":[{\"@type\":\"SearchAction\",\"target\":{\"@type\":\"EntryPoint\",\"urlTemplate\":\"https:\/\/floratiara.com\/?s={search_term_string}\"},\"query-input\":{\"@type\":\"PropertyValueSpecification\",\"valueRequired\":true,\"valueName\":\"search_term_string\"}}],\"inLanguage\":\"hu\"},{\"@type\":\"Organization\",\"@id\":\"https:\/\/floratiara.com\/#organization\",\"name\":\"Flora Tiara\",\"url\":\"https:\/\/floratiara.com\/\",\"logo\":{\"@type\":\"ImageObject\",\"inLanguage\":\"hu\",\"@id\":\"https:\/\/floratiara.com\/#\/schema\/logo\/image\/\",\"url\":\"https:\/\/floratiara.com\/wp-content\/uploads\/2024\/03\/flora-tiara-logo.png\",\"contentUrl\":\"https:\/\/floratiara.com\/wp-content\/uploads\/2024\/03\/flora-tiara-logo.png\",\"width\":1024,\"height\":274,\"caption\":\"Flora Tiara\"},\"image\":{\"@id\":\"https:\/\/floratiara.com\/#\/schema\/logo\/image\/\"}}]}<\/script>\n<!-- \/ Yoast SEO plugin. -->","yoast_head_json":{"title":"Elvar\u00e1zsolt Sz\u00e1zszorsz\u00e9p Vir\u00e1gkorona esk\u00fcv\u0151kre - Flora Tiara","description":"Egyedi \u00e9s gy\u00f6ny\u00f6r\u0171: Elvar\u00e1zsolt sz\u00e1zszorsz\u00e9p vir\u00e1gkorona esk\u00fcv\u0151re. Pr\u00e9mium min\u0151s\u00e9g\u0171, kiv\u00e1l\u00f3 min\u0151s\u00e9g\u0171 fejd\u00edsz, hogy felejthetetlenn\u00e9 tegye az alkalmat.","robots":{"index":"index","follow":"follow","max-snippet":"max-snippet:-1","max-image-preview":"max-image-preview:large","max-video-preview":"max-video-preview:-1"},"canonical":"https:\/\/floratiara.com\/hu\/p\/eteri-eskuvoi-viragos-fejpant\/","og_locale":"hu_HU","og_type":"article","og_title":"Enchanted Daisy Flower Crown for Weddings - Flora Tiara","og_description":"Unique and beautiful: Shop our Enchanted Daisy Flower Crown for Weddings. Premium high quality headpiece to make the occasion unforgettable.","og_url":"https:\/\/floratiara.com\/hu\/p\/eteri-eskuvoi-viragos-fejpant\/","og_site_name":"Flora Tiara","article_modified_time":"2024-12-12T01:47:14+00:00","og_image":[{"width":1500,"height":1500,"url":"https:\/\/floratiara.com\/wp-content\/uploads\/2024\/03\/Sb81c2acd4f5942188305bb7a09e6274cm.webp","type":"image\/webp"}],"twitter_card":"summary_large_image","twitter_misc":{"Becs\u00fclt olvas\u00e1si id\u0151":"6 perc"},"schema":{"@context":"https:\/\/schema.org","@graph":[{"@type":"WebPage","@id":"https:\/\/floratiara.com\/p\/ethereal-wedding-floral-headband\/","url":"https:\/\/floratiara.com\/p\/ethereal-wedding-floral-headband\/","name":"Elvar\u00e1zsolt Sz\u00e1zszorsz\u00e9p Vir\u00e1gkorona esk\u00fcv\u0151kre - Flora Tiara","isPartOf":{"@id":"https:\/\/floratiara.com\/#website"},"primaryImageOfPage":{"@id":"https:\/\/floratiara.com\/p\/ethereal-wedding-floral-headband\/#primaryimage"},"image":{"@id":"https:\/\/floratiara.com\/p\/ethereal-wedding-floral-headband\/#primaryimage"},"thumbnailUrl":"https:\/\/floratiara.com\/wp-content\/uploads\/2024\/03\/Sb81c2acd4f5942188305bb7a09e6274cm.webp","datePublished":"2024-03-16T09:38:43+00:00","dateModified":"2024-12-12T01:47:14+00:00","description":"Egyedi \u00e9s gy\u00f6ny\u00f6r\u0171: Elvar\u00e1zsolt sz\u00e1zszorsz\u00e9p vir\u00e1gkorona esk\u00fcv\u0151re. Pr\u00e9mium min\u0151s\u00e9g\u0171, kiv\u00e1l\u00f3 min\u0151s\u00e9g\u0171 fejd\u00edsz, hogy felejthetetlenn\u00e9 tegye az alkalmat.","breadcrumb":{"@id":"https:\/\/floratiara.com\/p\/ethereal-wedding-floral-headband\/#breadcrumb"},"inLanguage":"hu","potentialAction":[{"@type":"ReadAction","target":["https:\/\/floratiara.com\/p\/ethereal-wedding-floral-headband\/"]}]},{"@type":"ImageObject","inLanguage":"hu","@id":"https:\/\/floratiara.com\/p\/ethereal-wedding-floral-headband\/#primaryimage","url":"https:\/\/floratiara.com\/wp-content\/uploads\/2024\/03\/Sb81c2acd4f5942188305bb7a09e6274cm.webp","contentUrl":"https:\/\/floratiara.com\/wp-content\/uploads\/2024\/03\/Sb81c2acd4f5942188305bb7a09e6274cm.webp","width":1500,"height":1500},{"@type":"BreadcrumbList","@id":"https:\/\/floratiara.com\/p\/ethereal-wedding-floral-headband\/#breadcrumb","itemListElement":[{"@type":"ListItem","position":1,"name":"Home","item":"https:\/\/floratiara.com\/"},{"@type":"ListItem","position":2,"name":"Shop","item":"https:\/\/floratiara.com\/shop\/"},{"@type":"ListItem","position":3,"name":"Enchanted Daisy Flower Crown for Weddings"}]},{"@type":"WebSite","@id":"https:\/\/floratiara.com\/#website","url":"https:\/\/floratiara.com\/","name":"Flora Tiara","description":"","publisher":{"@id":"https:\/\/floratiara.com\/#organization"},"potentialAction":[{"@type":"SearchAction","target":{"@type":"EntryPoint","urlTemplate":"https:\/\/floratiara.com\/?s={search_term_string}"},"query-input":{"@type":"PropertyValueSpecification","valueRequired":true,"valueName":"search_term_string"}}],"inLanguage":"hu"},{"@type":"Organization","@id":"https:\/\/floratiara.com\/#organization","name":"Flora Tiara","url":"https:\/\/floratiara.com\/","logo":{"@type":"ImageObject","inLanguage":"hu","@id":"https:\/\/floratiara.com\/#\/schema\/logo\/image\/","url":"https:\/\/floratiara.com\/wp-content\/uploads\/2024\/03\/flora-tiara-logo.png","contentUrl":"https:\/\/floratiara.com\/wp-content\/uploads\/2024\/03\/flora-tiara-logo.png","width":1024,"height":274,"caption":"Flora Tiara"},"image":{"@id":"https:\/\/floratiara.com\/#\/schema\/logo\/image\/"}}]}},"_links":{"self":[{"href":"https:\/\/floratiara.com\/hu\/wp-json\/wp\/v2\/product\/228","targetHints":{"allow":["GET"]}}],"collection":[{"href":"https:\/\/floratiara.com\/hu\/wp-json\/wp\/v2\/product"}],"about":[{"href":"https:\/\/floratiara.com\/hu\/wp-json\/wp\/v2\/types\/product"}],"wp:featuredmedia":[{"embeddable":true,"href":"https:\/\/floratiara.com\/hu\/wp-json\/wp\/v2\/media\/227"}],"wp:attachment":[{"href":"https:\/\/floratiara.com\/hu\/wp-json\/wp\/v2\/media?parent=228"}],"wp:term":[{"taxonomy":"product_brand","embeddable":true,"href":"https:\/\/floratiara.com\/hu\/wp-json\/wp\/v2\/product_brand?post=228"},{"taxonomy":"product_cat","embeddable":true,"href":"https:\/\/floratiara.com\/hu\/wp-json\/wp\/v2\/product_cat?post=228"},{"taxonomy":"product_tag","embeddable":true,"href":"https:\/\/floratiara.com\/hu\/wp-json\/wp\/v2\/product_tag?post=228"}],"curies":[{"name":"wp","href":"https:\/\/api.w.org\/{rel}","templated":true}]}}