{"id":254,"date":"2024-03-16T09:39:23","date_gmt":"2024-03-16T09:39:23","guid":{"rendered":"https:\/\/floratiara.com\/?post_type=product&#038;p=254"},"modified":"2024-12-12T01:46:43","modified_gmt":"2024-12-12T01:46:43","slug":"menyasszonyi-viragos-fejpant-seraphina-koszoru","status":"publish","type":"product","link":"https:\/\/floratiara.com\/hu\/p\/menyasszonyi-viragos-fejpant-seraphina-koszoru\/","title":{"rendered":"\u00c9teri menyasszonyi vir\u00e1g korona Seraphina"},"content":{"rendered":"<p>Fedezze fel a var\u00e1zslatos Seraphina-t, egy menyasszonyi vir\u00e1gkoron\u00e1t, amely k\u00f6nnyed\u00e9n megragadja a tavaszi romantika l\u00e9nyeg\u00e9t. D\u00edsz\u00edtse haj\u00e1t halv\u00e1ny r\u00f3zsasz\u00edn bazsar\u00f3zs\u00e1k, \u00e1lomsz\u00e9p levendula r\u00f3zs\u00e1k \u00e9s feh\u00e9r babal\u00e9legzet vir\u00e1g\u00e1val, amelyet gy\u00f6ny\u00f6r\u0171en kieg\u00e9sz\u00edt a halv\u00e1ny r\u00f3zsasz\u00edn j\u00e1cint. Az apr\u00f3, z\u00f6ld levelek term\u00e9szetes b\u00e1jt k\u00f6lcs\u00f6n\u00f6znek, \u00e9s t\u00f6k\u00e9letesek a szesz\u00e9lyes, m\u00e9gis eleg\u00e1ns kieg\u00e9sz\u00edt\u0151re v\u00e1gy\u00f3 menyasszony sz\u00e1m\u00e1ra. Tegye felejthetetlenn\u00e9 a k\u00fcl\u00f6nleges napot ezzel az id\u0151tlen fejd\u00edsszel, amely egy \u00f6r\u00f6kbecs\u0171 darab, amely finom \u00e1rnyalataival \u00e9s finom kialak\u00edt\u00e1s\u00e1val minden pillanatot feldob. A Seraphina korona legyen a szerelmi t\u00f6rt\u00e9netetek szimb\u00f3luma.<\/p><p>\u00d6sszet\u00e9tel: vil\u00e1gos r\u00f3zsasz\u00edn bazsar\u00f3zsa, levendula r\u00f3zsa, feh\u00e9r babal\u00e9legzet, halv\u00e1ny r\u00f3zsasz\u00edn j\u00e1cintf\u00fcrt\u00f6k, apr\u00f3 z\u00f6ld levelek \u00e9s bimb\u00f3k.<\/p>","protected":false},"excerpt":{"rendered":"<div style=\"width: 90%;text-align: left;margin: auto\"><p style=\"text-align:center\"><b>\ud83d\udc51 Kez\u00fcnkt\u0151l a fejedig<\/b><br \/><i>Luxus vir\u00e1gkoron\u00e1k minden alkalomra<\/i><\/p><ul><li>\u2702\ufe0f Crafted with Care in the Heart of <b>Magyarorsz\u00e1g<\/b><\/li><li><b>\ud83d\udc90 \u00d6sszet\u00e9tel: vil\u00e1gos r\u00f3zsasz\u00edn bazsar\u00f3zsa, levendula r\u00f3zsa, feh\u00e9r babal\u00e9legzet, halv\u00e1ny r\u00f3zsasz\u00edn j\u00e1cintf\u00fcrt\u00f6k, apr\u00f3 z\u00f6ld levelek \u00e9s bimb\u00f3k.<\/b><\/li><\/ul><\/div>","protected":false},"featured_media":253,"template":"","meta":[],"product_brand":[],"product_cat":[61,78,60,73,59,71],"product_tag":[],"class_list":{"0":"post-254","1":"product","2":"type-product","3":"status-publish","4":"has-post-thumbnail","6":"product_cat-bridesmaid-floral-headpiece","7":"product_cat-dried-floral-headpiece","8":"product_cat-floral-headpiece-flower-girl","9":"product_cat-pink-floral-headpiece","10":"product_cat-bridal-floral-headpiece","11":"product_cat-white-floral-headpiece","13":"first","14":"instock","15":"shipping-taxable","16":"purchasable","17":"product-type-simple"},"yoast_head":"<!-- This site is optimized with the Yoast SEO plugin v25.9 - https:\/\/yoast.com\/wordpress\/plugins\/seo\/ -->\n<title>Ethereal Bridal Flower Crown Seraphina - Flora Tiara<\/title>\n<meta name=\"description\" content=\"Unique and beautiful: Shop our Ethereal Bridal Flower Crown Seraphina. Premium high quality headpiece to make the occasion unforgettable.\" \/>\n<meta name=\"robots\" content=\"index, follow, max-snippet:-1, max-image-preview:large, max-video-preview:-1\" \/>\n<link rel=\"canonical\" href=\"https:\/\/floratiara.com\/hu\/p\/menyasszonyi-viragos-fejpant-seraphina-koszoru\/\" \/>\n<meta property=\"og:locale\" content=\"hu_HU\" \/>\n<meta property=\"og:type\" content=\"article\" \/>\n<meta property=\"og:title\" content=\"Ethereal Bridal Flower Crown Seraphina - Flora Tiara\" \/>\n<meta property=\"og:description\" content=\"Unique and beautiful: Shop our Ethereal Bridal Flower Crown Seraphina. Premium high quality headpiece to make the occasion unforgettable.\" \/>\n<meta property=\"og:url\" content=\"https:\/\/floratiara.com\/hu\/p\/menyasszonyi-viragos-fejpant-seraphina-koszoru\/\" \/>\n<meta property=\"og:site_name\" content=\"Flora Tiara\" \/>\n<meta property=\"article:modified_time\" content=\"2024-12-12T01:46:43+00:00\" \/>\n<meta property=\"og:image\" content=\"https:\/\/floratiara.com\/wp-content\/uploads\/2024\/03\/Sa3223a46cb484947a874a93d1d407b64U.webp\" \/>\n\t<meta property=\"og:image:width\" content=\"1500\" \/>\n\t<meta property=\"og:image:height\" content=\"1500\" \/>\n\t<meta property=\"og:image:type\" content=\"image\/webp\" \/>\n<meta name=\"twitter:card\" content=\"summary_large_image\" \/>\n<meta name=\"twitter:label1\" content=\"Becs\u00fclt olvas\u00e1si id\u0151\" \/>\n\t<meta name=\"twitter:data1\" content=\"3 perc\" \/>\n<script type=\"application\/ld+json\" class=\"yoast-schema-graph\">{\"@context\":\"https:\/\/schema.org\",\"@graph\":[{\"@type\":\"WebPage\",\"@id\":\"https:\/\/floratiara.com\/p\/bridal-floral-headband-seraphina-wreath\/\",\"url\":\"https:\/\/floratiara.com\/p\/bridal-floral-headband-seraphina-wreath\/\",\"name\":\"Ethereal Bridal Flower Crown Seraphina - Flora Tiara\",\"isPartOf\":{\"@id\":\"https:\/\/floratiara.com\/#website\"},\"primaryImageOfPage\":{\"@id\":\"https:\/\/floratiara.com\/p\/bridal-floral-headband-seraphina-wreath\/#primaryimage\"},\"image\":{\"@id\":\"https:\/\/floratiara.com\/p\/bridal-floral-headband-seraphina-wreath\/#primaryimage\"},\"thumbnailUrl\":\"https:\/\/floratiara.com\/wp-content\/uploads\/2024\/03\/Sa3223a46cb484947a874a93d1d407b64U.webp\",\"datePublished\":\"2024-03-16T09:39:23+00:00\",\"dateModified\":\"2024-12-12T01:46:43+00:00\",\"description\":\"Unique and beautiful: Shop our Ethereal Bridal Flower Crown Seraphina. Premium high quality headpiece to make the occasion unforgettable.\",\"breadcrumb\":{\"@id\":\"https:\/\/floratiara.com\/p\/bridal-floral-headband-seraphina-wreath\/#breadcrumb\"},\"inLanguage\":\"hu\",\"potentialAction\":[{\"@type\":\"ReadAction\",\"target\":[\"https:\/\/floratiara.com\/p\/bridal-floral-headband-seraphina-wreath\/\"]}]},{\"@type\":\"ImageObject\",\"inLanguage\":\"hu\",\"@id\":\"https:\/\/floratiara.com\/p\/bridal-floral-headband-seraphina-wreath\/#primaryimage\",\"url\":\"https:\/\/floratiara.com\/wp-content\/uploads\/2024\/03\/Sa3223a46cb484947a874a93d1d407b64U.webp\",\"contentUrl\":\"https:\/\/floratiara.com\/wp-content\/uploads\/2024\/03\/Sa3223a46cb484947a874a93d1d407b64U.webp\",\"width\":1500,\"height\":1500},{\"@type\":\"BreadcrumbList\",\"@id\":\"https:\/\/floratiara.com\/p\/bridal-floral-headband-seraphina-wreath\/#breadcrumb\",\"itemListElement\":[{\"@type\":\"ListItem\",\"position\":1,\"name\":\"Home\",\"item\":\"https:\/\/floratiara.com\/\"},{\"@type\":\"ListItem\",\"position\":2,\"name\":\"Shop\",\"item\":\"https:\/\/floratiara.com\/shop\/\"},{\"@type\":\"ListItem\",\"position\":3,\"name\":\"Ethereal Bridal Flower Crown Seraphina\"}]},{\"@type\":\"WebSite\",\"@id\":\"https:\/\/floratiara.com\/#website\",\"url\":\"https:\/\/floratiara.com\/\",\"name\":\"Flora Tiara\",\"description\":\"\",\"publisher\":{\"@id\":\"https:\/\/floratiara.com\/#organization\"},\"potentialAction\":[{\"@type\":\"SearchAction\",\"target\":{\"@type\":\"EntryPoint\",\"urlTemplate\":\"https:\/\/floratiara.com\/?s={search_term_string}\"},\"query-input\":{\"@type\":\"PropertyValueSpecification\",\"valueRequired\":true,\"valueName\":\"search_term_string\"}}],\"inLanguage\":\"hu\"},{\"@type\":\"Organization\",\"@id\":\"https:\/\/floratiara.com\/#organization\",\"name\":\"Flora Tiara\",\"url\":\"https:\/\/floratiara.com\/\",\"logo\":{\"@type\":\"ImageObject\",\"inLanguage\":\"hu\",\"@id\":\"https:\/\/floratiara.com\/#\/schema\/logo\/image\/\",\"url\":\"https:\/\/floratiara.com\/wp-content\/uploads\/2024\/03\/flora-tiara-logo.png\",\"contentUrl\":\"https:\/\/floratiara.com\/wp-content\/uploads\/2024\/03\/flora-tiara-logo.png\",\"width\":1024,\"height\":274,\"caption\":\"Flora Tiara\"},\"image\":{\"@id\":\"https:\/\/floratiara.com\/#\/schema\/logo\/image\/\"}}]}<\/script>\n<!-- \/ Yoast SEO plugin. -->","yoast_head_json":{"title":"\u00c9teri menyasszonyi vir\u00e1gkorona Seraphina - Flora Tiara","description":"Egyedi \u00e9s gy\u00f6ny\u00f6r\u0171: V\u00e1s\u00e1rolja meg \u00e9teri menyasszonyi vir\u00e1gkoron\u00e1nkat Seraphina. Pr\u00e9mium min\u0151s\u00e9g\u0171, kiv\u00e1l\u00f3 min\u0151s\u00e9g\u0171 fejd\u00edsz, hogy felejthetetlenn\u00e9 tegye az alkalmat.","robots":{"index":"index","follow":"follow","max-snippet":"max-snippet:-1","max-image-preview":"max-image-preview:large","max-video-preview":"max-video-preview:-1"},"canonical":"https:\/\/floratiara.com\/hu\/p\/menyasszonyi-viragos-fejpant-seraphina-koszoru\/","og_locale":"hu_HU","og_type":"article","og_title":"Ethereal Bridal Flower Crown Seraphina - Flora Tiara","og_description":"Unique and beautiful: Shop our Ethereal Bridal Flower Crown Seraphina. Premium high quality headpiece to make the occasion unforgettable.","og_url":"https:\/\/floratiara.com\/hu\/p\/menyasszonyi-viragos-fejpant-seraphina-koszoru\/","og_site_name":"Flora Tiara","article_modified_time":"2024-12-12T01:46:43+00:00","og_image":[{"width":1500,"height":1500,"url":"https:\/\/floratiara.com\/wp-content\/uploads\/2024\/03\/Sa3223a46cb484947a874a93d1d407b64U.webp","type":"image\/webp"}],"twitter_card":"summary_large_image","twitter_misc":{"Becs\u00fclt olvas\u00e1si id\u0151":"3 perc"},"schema":{"@context":"https:\/\/schema.org","@graph":[{"@type":"WebPage","@id":"https:\/\/floratiara.com\/p\/bridal-floral-headband-seraphina-wreath\/","url":"https:\/\/floratiara.com\/p\/bridal-floral-headband-seraphina-wreath\/","name":"\u00c9teri menyasszonyi vir\u00e1gkorona Seraphina - Flora Tiara","isPartOf":{"@id":"https:\/\/floratiara.com\/#website"},"primaryImageOfPage":{"@id":"https:\/\/floratiara.com\/p\/bridal-floral-headband-seraphina-wreath\/#primaryimage"},"image":{"@id":"https:\/\/floratiara.com\/p\/bridal-floral-headband-seraphina-wreath\/#primaryimage"},"thumbnailUrl":"https:\/\/floratiara.com\/wp-content\/uploads\/2024\/03\/Sa3223a46cb484947a874a93d1d407b64U.webp","datePublished":"2024-03-16T09:39:23+00:00","dateModified":"2024-12-12T01:46:43+00:00","description":"Egyedi \u00e9s gy\u00f6ny\u00f6r\u0171: V\u00e1s\u00e1rolja meg \u00e9teri menyasszonyi vir\u00e1gkoron\u00e1nkat Seraphina. Pr\u00e9mium min\u0151s\u00e9g\u0171, kiv\u00e1l\u00f3 min\u0151s\u00e9g\u0171 fejd\u00edsz, hogy felejthetetlenn\u00e9 tegye az alkalmat.","breadcrumb":{"@id":"https:\/\/floratiara.com\/p\/bridal-floral-headband-seraphina-wreath\/#breadcrumb"},"inLanguage":"hu","potentialAction":[{"@type":"ReadAction","target":["https:\/\/floratiara.com\/p\/bridal-floral-headband-seraphina-wreath\/"]}]},{"@type":"ImageObject","inLanguage":"hu","@id":"https:\/\/floratiara.com\/p\/bridal-floral-headband-seraphina-wreath\/#primaryimage","url":"https:\/\/floratiara.com\/wp-content\/uploads\/2024\/03\/Sa3223a46cb484947a874a93d1d407b64U.webp","contentUrl":"https:\/\/floratiara.com\/wp-content\/uploads\/2024\/03\/Sa3223a46cb484947a874a93d1d407b64U.webp","width":1500,"height":1500},{"@type":"BreadcrumbList","@id":"https:\/\/floratiara.com\/p\/bridal-floral-headband-seraphina-wreath\/#breadcrumb","itemListElement":[{"@type":"ListItem","position":1,"name":"Home","item":"https:\/\/floratiara.com\/"},{"@type":"ListItem","position":2,"name":"Shop","item":"https:\/\/floratiara.com\/shop\/"},{"@type":"ListItem","position":3,"name":"Ethereal Bridal Flower Crown Seraphina"}]},{"@type":"WebSite","@id":"https:\/\/floratiara.com\/#website","url":"https:\/\/floratiara.com\/","name":"Flora Tiara","description":"","publisher":{"@id":"https:\/\/floratiara.com\/#organization"},"potentialAction":[{"@type":"SearchAction","target":{"@type":"EntryPoint","urlTemplate":"https:\/\/floratiara.com\/?s={search_term_string}"},"query-input":{"@type":"PropertyValueSpecification","valueRequired":true,"valueName":"search_term_string"}}],"inLanguage":"hu"},{"@type":"Organization","@id":"https:\/\/floratiara.com\/#organization","name":"Flora Tiara","url":"https:\/\/floratiara.com\/","logo":{"@type":"ImageObject","inLanguage":"hu","@id":"https:\/\/floratiara.com\/#\/schema\/logo\/image\/","url":"https:\/\/floratiara.com\/wp-content\/uploads\/2024\/03\/flora-tiara-logo.png","contentUrl":"https:\/\/floratiara.com\/wp-content\/uploads\/2024\/03\/flora-tiara-logo.png","width":1024,"height":274,"caption":"Flora Tiara"},"image":{"@id":"https:\/\/floratiara.com\/#\/schema\/logo\/image\/"}}]}},"_links":{"self":[{"href":"https:\/\/floratiara.com\/hu\/wp-json\/wp\/v2\/product\/254","targetHints":{"allow":["GET"]}}],"collection":[{"href":"https:\/\/floratiara.com\/hu\/wp-json\/wp\/v2\/product"}],"about":[{"href":"https:\/\/floratiara.com\/hu\/wp-json\/wp\/v2\/types\/product"}],"wp:featuredmedia":[{"embeddable":true,"href":"https:\/\/floratiara.com\/hu\/wp-json\/wp\/v2\/media\/253"}],"wp:attachment":[{"href":"https:\/\/floratiara.com\/hu\/wp-json\/wp\/v2\/media?parent=254"}],"wp:term":[{"taxonomy":"product_brand","embeddable":true,"href":"https:\/\/floratiara.com\/hu\/wp-json\/wp\/v2\/product_brand?post=254"},{"taxonomy":"product_cat","embeddable":true,"href":"https:\/\/floratiara.com\/hu\/wp-json\/wp\/v2\/product_cat?post=254"},{"taxonomy":"product_tag","embeddable":true,"href":"https:\/\/floratiara.com\/hu\/wp-json\/wp\/v2\/product_tag?post=254"}],"curies":[{"name":"wp","href":"https:\/\/api.w.org\/{rel}","templated":true}]}}