{"id":262,"date":"2024-03-16T09:39:33","date_gmt":"2024-03-16T09:39:33","guid":{"rendered":"https:\/\/floratiara.com\/?post_type=product&#038;p=262"},"modified":"2024-12-12T01:46:36","modified_gmt":"2024-12-12T01:46:36","slug":"nyugodt-menyasszonyi-viragos-fejdisz","status":"publish","type":"product","link":"https:\/\/floratiara.com\/hu\/p\/nyugodt-menyasszonyi-viragos-fejdisz\/","title":{"rendered":"Eleg\u00e1ns Seraphina vir\u00e1gkorona menyasszonyi fejfed\u0151"},"content":{"rendered":"<p>Defini\u00e1lja az eleganci\u00e1t \u00e9s a kecsess\u00e9get a k\u00fcl\u00f6nleges napon a Seraphina vir\u00e1gkoron\u00e1val, amely egy mennyei elrendez\u00e9s feh\u00e9r \u00e1llom\u00e1nyb\u00f3l, permetr\u00f3zs\u00e1b\u00f3l \u00e9s babalev\u00e9lb\u0151l, d\u00fas lombokkal hangs\u00falyozva. Ez a k\u00e9zzel k\u00e9sz\u00edtett fejd\u00edsz azt \u00edg\u00e9ri, hogy a nyugalom aur\u00e1j\u00e1val koron\u00e1zza meg \u00d6nt, \u00e9s b\u00e1rmilyen menyasszonyi megjelen\u00e9st a sz\u00e9ps\u00e9g k\u00f6lt\u0151i nyilatkozat\u00e1v\u00e1 var\u00e1zsol. Sokoldal\u00fas\u00e1ga egyar\u00e1nt kieg\u00e9sz\u00edti a hull\u00e1mos f\u00fcrt\u00f6ket \u00e9s a kifinomult frizur\u00e1kat, biztos\u00edtva, hogy a tisztas\u00e1g l\u00e1tom\u00e1sak\u00e9nt var\u00e1zsoljon el az esk\u00fcv\u0151k\u00f6n vagy eleg\u00e1ns esem\u00e9nyeken. Fogadja be a Seraphina Crown var\u00e1zs\u00e1t, \u00e9s hagyja, hogy term\u00e9szetes kisug\u00e1rz\u00e1sa kivir\u00e1gozzon.<\/p><p>\u00d6sszet\u00e9tel: feh\u00e9r \u00e1llom\u00e1ny (matthiola), feh\u00e9r permetr\u00f3zsa, babal\u00e9legzet (gypsophila), z\u00f6ld.<\/p>","protected":false},"excerpt":{"rendered":"<div style=\"width: 90%;text-align: left;margin: auto\"><p style=\"text-align:center\"><b>\ud83d\udc51 Kez\u00fcnkt\u0151l a fejedig<\/b><br \/><i>Luxus vir\u00e1gkoron\u00e1k minden alkalomra<\/i><\/p><ul><li>\u2702\ufe0f Crafted with Care in the Heart of <b>Magyarorsz\u00e1g<\/b><\/li><li><b>\ud83d\udc90 \u00d6sszet\u00e9tel: feh\u00e9r \u00e1llom\u00e1ny (matthiola), feh\u00e9r permetr\u00f3zsa, csecsem\u0151 lehelet (gypsophila), z\u00f6ld.<\/b><\/li><\/ul><\/div>","protected":false},"featured_media":261,"template":"","meta":[],"product_brand":[],"product_cat":[59,71],"product_tag":[],"class_list":{"0":"post-262","1":"product","2":"type-product","3":"status-publish","4":"has-post-thumbnail","6":"product_cat-bridal-floral-headpiece","7":"product_cat-white-floral-headpiece","9":"first","10":"instock","11":"shipping-taxable","12":"purchasable","13":"product-type-simple"},"yoast_head":"<!-- This site is optimized with the Yoast SEO plugin v25.9 - https:\/\/yoast.com\/wordpress\/plugins\/seo\/ -->\n<title>Elegant Seraphina Flower Crown Bridal Headwear - Flora Tiara<\/title>\n<meta name=\"description\" content=\"Unique and beautiful: Shop our Elegant Seraphina Flower Crown Bridal Headwear. Premium high quality headpiece to make the occasion unforgettable.\" \/>\n<meta name=\"robots\" content=\"index, follow, max-snippet:-1, max-image-preview:large, max-video-preview:-1\" \/>\n<link rel=\"canonical\" href=\"https:\/\/floratiara.com\/hu\/p\/nyugodt-menyasszonyi-viragos-fejdisz\/\" \/>\n<meta property=\"og:locale\" content=\"hu_HU\" \/>\n<meta property=\"og:type\" content=\"article\" \/>\n<meta property=\"og:title\" content=\"Elegant Seraphina Flower Crown Bridal Headwear - Flora Tiara\" \/>\n<meta property=\"og:description\" content=\"Unique and beautiful: Shop our Elegant Seraphina Flower Crown Bridal Headwear. Premium high quality headpiece to make the occasion unforgettable.\" \/>\n<meta property=\"og:url\" content=\"https:\/\/floratiara.com\/hu\/p\/nyugodt-menyasszonyi-viragos-fejdisz\/\" \/>\n<meta property=\"og:site_name\" content=\"Flora Tiara\" \/>\n<meta property=\"article:modified_time\" content=\"2024-12-12T01:46:36+00:00\" \/>\n<meta property=\"og:image\" content=\"https:\/\/floratiara.com\/wp-content\/uploads\/2024\/03\/S3696ac2079f6466a800987bd6388ce75t.webp\" \/>\n\t<meta property=\"og:image:width\" content=\"1500\" \/>\n\t<meta property=\"og:image:height\" content=\"1500\" \/>\n\t<meta property=\"og:image:type\" content=\"image\/webp\" \/>\n<meta name=\"twitter:card\" content=\"summary_large_image\" \/>\n<meta name=\"twitter:label1\" content=\"Becs\u00fclt olvas\u00e1si id\u0151\" \/>\n\t<meta name=\"twitter:data1\" content=\"2 perc\" \/>\n<script type=\"application\/ld+json\" class=\"yoast-schema-graph\">{\"@context\":\"https:\/\/schema.org\",\"@graph\":[{\"@type\":\"WebPage\",\"@id\":\"https:\/\/floratiara.com\/p\/serene-bridal-floral-headpiece\/\",\"url\":\"https:\/\/floratiara.com\/p\/serene-bridal-floral-headpiece\/\",\"name\":\"Elegant Seraphina Flower Crown Bridal Headwear - Flora Tiara\",\"isPartOf\":{\"@id\":\"https:\/\/floratiara.com\/#website\"},\"primaryImageOfPage\":{\"@id\":\"https:\/\/floratiara.com\/p\/serene-bridal-floral-headpiece\/#primaryimage\"},\"image\":{\"@id\":\"https:\/\/floratiara.com\/p\/serene-bridal-floral-headpiece\/#primaryimage\"},\"thumbnailUrl\":\"https:\/\/floratiara.com\/wp-content\/uploads\/2024\/03\/S3696ac2079f6466a800987bd6388ce75t.webp\",\"datePublished\":\"2024-03-16T09:39:33+00:00\",\"dateModified\":\"2024-12-12T01:46:36+00:00\",\"description\":\"Unique and beautiful: Shop our Elegant Seraphina Flower Crown Bridal Headwear. Premium high quality headpiece to make the occasion unforgettable.\",\"breadcrumb\":{\"@id\":\"https:\/\/floratiara.com\/p\/serene-bridal-floral-headpiece\/#breadcrumb\"},\"inLanguage\":\"hu\",\"potentialAction\":[{\"@type\":\"ReadAction\",\"target\":[\"https:\/\/floratiara.com\/p\/serene-bridal-floral-headpiece\/\"]}]},{\"@type\":\"ImageObject\",\"inLanguage\":\"hu\",\"@id\":\"https:\/\/floratiara.com\/p\/serene-bridal-floral-headpiece\/#primaryimage\",\"url\":\"https:\/\/floratiara.com\/wp-content\/uploads\/2024\/03\/S3696ac2079f6466a800987bd6388ce75t.webp\",\"contentUrl\":\"https:\/\/floratiara.com\/wp-content\/uploads\/2024\/03\/S3696ac2079f6466a800987bd6388ce75t.webp\",\"width\":1500,\"height\":1500},{\"@type\":\"BreadcrumbList\",\"@id\":\"https:\/\/floratiara.com\/p\/serene-bridal-floral-headpiece\/#breadcrumb\",\"itemListElement\":[{\"@type\":\"ListItem\",\"position\":1,\"name\":\"Home\",\"item\":\"https:\/\/floratiara.com\/\"},{\"@type\":\"ListItem\",\"position\":2,\"name\":\"Shop\",\"item\":\"https:\/\/floratiara.com\/shop\/\"},{\"@type\":\"ListItem\",\"position\":3,\"name\":\"Elegant Seraphina Flower Crown Bridal Headwear\"}]},{\"@type\":\"WebSite\",\"@id\":\"https:\/\/floratiara.com\/#website\",\"url\":\"https:\/\/floratiara.com\/\",\"name\":\"Flora Tiara\",\"description\":\"\",\"publisher\":{\"@id\":\"https:\/\/floratiara.com\/#organization\"},\"potentialAction\":[{\"@type\":\"SearchAction\",\"target\":{\"@type\":\"EntryPoint\",\"urlTemplate\":\"https:\/\/floratiara.com\/?s={search_term_string}\"},\"query-input\":{\"@type\":\"PropertyValueSpecification\",\"valueRequired\":true,\"valueName\":\"search_term_string\"}}],\"inLanguage\":\"hu\"},{\"@type\":\"Organization\",\"@id\":\"https:\/\/floratiara.com\/#organization\",\"name\":\"Flora Tiara\",\"url\":\"https:\/\/floratiara.com\/\",\"logo\":{\"@type\":\"ImageObject\",\"inLanguage\":\"hu\",\"@id\":\"https:\/\/floratiara.com\/#\/schema\/logo\/image\/\",\"url\":\"https:\/\/floratiara.com\/wp-content\/uploads\/2024\/03\/flora-tiara-logo.png\",\"contentUrl\":\"https:\/\/floratiara.com\/wp-content\/uploads\/2024\/03\/flora-tiara-logo.png\",\"width\":1024,\"height\":274,\"caption\":\"Flora Tiara\"},\"image\":{\"@id\":\"https:\/\/floratiara.com\/#\/schema\/logo\/image\/\"}}]}<\/script>\n<!-- \/ Yoast SEO plugin. -->","yoast_head_json":{"title":"Eleg\u00e1ns Seraphina vir\u00e1gkorona menyasszonyi fejfed\u0151 - Flora Tiara","description":"Egyedi \u00e9s gy\u00f6ny\u00f6r\u0171: Eleg\u00e1ns Seraphina vir\u00e1gkorona menyasszonyi fejfed\u0151. Pr\u00e9mium min\u0151s\u00e9g\u0171, kiv\u00e1l\u00f3 min\u0151s\u00e9g\u0171 fejd\u00edsz, hogy felejthetetlenn\u00e9 tegye az alkalmat.","robots":{"index":"index","follow":"follow","max-snippet":"max-snippet:-1","max-image-preview":"max-image-preview:large","max-video-preview":"max-video-preview:-1"},"canonical":"https:\/\/floratiara.com\/hu\/p\/nyugodt-menyasszonyi-viragos-fejdisz\/","og_locale":"hu_HU","og_type":"article","og_title":"Elegant Seraphina Flower Crown Bridal Headwear - Flora Tiara","og_description":"Unique and beautiful: Shop our Elegant Seraphina Flower Crown Bridal Headwear. Premium high quality headpiece to make the occasion unforgettable.","og_url":"https:\/\/floratiara.com\/hu\/p\/nyugodt-menyasszonyi-viragos-fejdisz\/","og_site_name":"Flora Tiara","article_modified_time":"2024-12-12T01:46:36+00:00","og_image":[{"width":1500,"height":1500,"url":"https:\/\/floratiara.com\/wp-content\/uploads\/2024\/03\/S3696ac2079f6466a800987bd6388ce75t.webp","type":"image\/webp"}],"twitter_card":"summary_large_image","twitter_misc":{"Becs\u00fclt olvas\u00e1si id\u0151":"2 perc"},"schema":{"@context":"https:\/\/schema.org","@graph":[{"@type":"WebPage","@id":"https:\/\/floratiara.com\/p\/serene-bridal-floral-headpiece\/","url":"https:\/\/floratiara.com\/p\/serene-bridal-floral-headpiece\/","name":"Eleg\u00e1ns Seraphina vir\u00e1gkorona menyasszonyi fejfed\u0151 - Flora Tiara","isPartOf":{"@id":"https:\/\/floratiara.com\/#website"},"primaryImageOfPage":{"@id":"https:\/\/floratiara.com\/p\/serene-bridal-floral-headpiece\/#primaryimage"},"image":{"@id":"https:\/\/floratiara.com\/p\/serene-bridal-floral-headpiece\/#primaryimage"},"thumbnailUrl":"https:\/\/floratiara.com\/wp-content\/uploads\/2024\/03\/S3696ac2079f6466a800987bd6388ce75t.webp","datePublished":"2024-03-16T09:39:33+00:00","dateModified":"2024-12-12T01:46:36+00:00","description":"Egyedi \u00e9s gy\u00f6ny\u00f6r\u0171: Eleg\u00e1ns Seraphina vir\u00e1gkorona menyasszonyi fejfed\u0151. Pr\u00e9mium min\u0151s\u00e9g\u0171, kiv\u00e1l\u00f3 min\u0151s\u00e9g\u0171 fejd\u00edsz, hogy felejthetetlenn\u00e9 tegye az alkalmat.","breadcrumb":{"@id":"https:\/\/floratiara.com\/p\/serene-bridal-floral-headpiece\/#breadcrumb"},"inLanguage":"hu","potentialAction":[{"@type":"ReadAction","target":["https:\/\/floratiara.com\/p\/serene-bridal-floral-headpiece\/"]}]},{"@type":"ImageObject","inLanguage":"hu","@id":"https:\/\/floratiara.com\/p\/serene-bridal-floral-headpiece\/#primaryimage","url":"https:\/\/floratiara.com\/wp-content\/uploads\/2024\/03\/S3696ac2079f6466a800987bd6388ce75t.webp","contentUrl":"https:\/\/floratiara.com\/wp-content\/uploads\/2024\/03\/S3696ac2079f6466a800987bd6388ce75t.webp","width":1500,"height":1500},{"@type":"BreadcrumbList","@id":"https:\/\/floratiara.com\/p\/serene-bridal-floral-headpiece\/#breadcrumb","itemListElement":[{"@type":"ListItem","position":1,"name":"Home","item":"https:\/\/floratiara.com\/"},{"@type":"ListItem","position":2,"name":"Shop","item":"https:\/\/floratiara.com\/shop\/"},{"@type":"ListItem","position":3,"name":"Elegant Seraphina Flower Crown Bridal Headwear"}]},{"@type":"WebSite","@id":"https:\/\/floratiara.com\/#website","url":"https:\/\/floratiara.com\/","name":"Flora Tiara","description":"","publisher":{"@id":"https:\/\/floratiara.com\/#organization"},"potentialAction":[{"@type":"SearchAction","target":{"@type":"EntryPoint","urlTemplate":"https:\/\/floratiara.com\/?s={search_term_string}"},"query-input":{"@type":"PropertyValueSpecification","valueRequired":true,"valueName":"search_term_string"}}],"inLanguage":"hu"},{"@type":"Organization","@id":"https:\/\/floratiara.com\/#organization","name":"Flora Tiara","url":"https:\/\/floratiara.com\/","logo":{"@type":"ImageObject","inLanguage":"hu","@id":"https:\/\/floratiara.com\/#\/schema\/logo\/image\/","url":"https:\/\/floratiara.com\/wp-content\/uploads\/2024\/03\/flora-tiara-logo.png","contentUrl":"https:\/\/floratiara.com\/wp-content\/uploads\/2024\/03\/flora-tiara-logo.png","width":1024,"height":274,"caption":"Flora Tiara"},"image":{"@id":"https:\/\/floratiara.com\/#\/schema\/logo\/image\/"}}]}},"_links":{"self":[{"href":"https:\/\/floratiara.com\/hu\/wp-json\/wp\/v2\/product\/262","targetHints":{"allow":["GET"]}}],"collection":[{"href":"https:\/\/floratiara.com\/hu\/wp-json\/wp\/v2\/product"}],"about":[{"href":"https:\/\/floratiara.com\/hu\/wp-json\/wp\/v2\/types\/product"}],"wp:featuredmedia":[{"embeddable":true,"href":"https:\/\/floratiara.com\/hu\/wp-json\/wp\/v2\/media\/261"}],"wp:attachment":[{"href":"https:\/\/floratiara.com\/hu\/wp-json\/wp\/v2\/media?parent=262"}],"wp:term":[{"taxonomy":"product_brand","embeddable":true,"href":"https:\/\/floratiara.com\/hu\/wp-json\/wp\/v2\/product_brand?post=262"},{"taxonomy":"product_cat","embeddable":true,"href":"https:\/\/floratiara.com\/hu\/wp-json\/wp\/v2\/product_cat?post=262"},{"taxonomy":"product_tag","embeddable":true,"href":"https:\/\/floratiara.com\/hu\/wp-json\/wp\/v2\/product_tag?post=262"}],"curies":[{"name":"wp","href":"https:\/\/api.w.org\/{rel}","templated":true}]}}