{"id":318,"date":"2024-03-16T09:40:53","date_gmt":"2024-03-16T09:40:53","guid":{"rendered":"https:\/\/floratiara.com\/?post_type=product&#038;p=318"},"modified":"2024-12-12T01:45:35","modified_gmt":"2024-12-12T01:45:35","slug":"menyasszonyi-viragos-fejdisz-elegans-koszoru","status":"publish","type":"product","link":"https:\/\/floratiara.com\/hu\/p\/menyasszonyi-viragos-fejdisz-elegans-koszoru\/","title":{"rendered":"Serenity Vir\u00e1g Korona - Esk\u00fcv\u0151i menyasszonyi fejfed\u0151"},"content":{"rendered":"<p>Dobja fel k\u00fcl\u00f6nleges napj\u00e1t a Serenity vir\u00e1gkoron\u00e1val, amely egy gy\u00f6ny\u00f6r\u0171en \u00f6ssze\u00e1ll\u00edtott kieg\u00e9sz\u00edt\u0151, amely a romantik\u00e1t \u00e9s az eleganci\u00e1t testes\u00edti meg. Minden egyes vir\u00e1got szeretettel v\u00e1logattunk \u00f6ssze, hogy a r\u00f3zsasz\u00edn \u00e9s a feh\u00e9r \u00e1rnyalatok harmonikus kever\u00e9k\u00e9t hozzuk l\u00e9tre, gazdag z\u00f6ld lombok h\u00e1tter\u00e9ben. T\u00f6k\u00e9letes menyasszonyok \u00e9s koszor\u00fasl\u00e1nyok sz\u00e1m\u00e1ra, ez a vir\u00e1gf\u00fcz\u00e9r b\u00e1rmilyen frizur\u00e1t kieg\u00e9sz\u00edt, egy csipetnyi kifinomults\u00e1got \u00e9s term\u00e9szetes kecsess\u00e9get k\u00f6lcs\u00f6n\u00f6zve. A sokoldal\u00fa kialak\u00edt\u00e1s a boh\u00e9mt\u0151l a klasszikus sikkig sokf\u00e9le megjelen\u00e9snek megfelel. D\u00edsz\u00edtse haj\u00e1t ezzel a var\u00e1zslatos koron\u00e1val, \u00e9s szerezzen maradand\u00f3 eml\u00e9keket a botanikus sz\u00e9ps\u00e9g leveg\u0151j\u00e9vel.<\/p><p>\u00d6sszet\u00e9tel: r\u00f3zsasz\u00edn \u00e9s feh\u00e9r mini r\u00f3zs\u00e1k, feh\u00e9r sz\u00e1zszorsz\u00e9pek, r\u00f3zsasz\u00edn csillagvir\u00e1gok, z\u00f6ld lombozat \u00e9s apr\u00f3 t\u00f6ltel\u00e9kvir\u00e1gok.<\/p>","protected":false},"excerpt":{"rendered":"<div style=\"width: 90%;text-align: left;margin: auto\"><p style=\"text-align:center\"><b>\ud83d\udc51 Kez\u00fcnkt\u0151l a fejedig<\/b><br \/><i>Luxus vir\u00e1gkoron\u00e1k minden alkalomra<\/i><\/p><ul><li>\u2702\ufe0f Crafted with Care in the Heart of <b>Magyarorsz\u00e1g<\/b><\/li><li><b>\ud83d\udc90 \u00d6sszet\u00e9tel: r\u00f3zsasz\u00edn \u00e9s feh\u00e9r mini r\u00f3zs\u00e1k, feh\u00e9r sz\u00e1zszorsz\u00e9pek, r\u00f3zsasz\u00edn csillagvir\u00e1gok, z\u00f6ld lombozat \u00e9s apr\u00f3 t\u00f6ltel\u00e9kvir\u00e1gok.<\/b><\/li><\/ul><\/div>","protected":false},"featured_media":317,"template":"","meta":[],"product_brand":[],"product_cat":[61,78,73,77,59],"product_tag":[],"class_list":{"0":"post-318","1":"product","2":"type-product","3":"status-publish","4":"has-post-thumbnail","6":"product_cat-bridesmaid-floral-headpiece","7":"product_cat-dried-floral-headpiece","8":"product_cat-pink-floral-headpiece","9":"product_cat-red-floral-headpiece","10":"product_cat-bridal-floral-headpiece","12":"first","13":"instock","14":"shipping-taxable","15":"purchasable","16":"product-type-simple"},"yoast_head":"<!-- This site is optimized with the Yoast SEO plugin v25.9 - https:\/\/yoast.com\/wordpress\/plugins\/seo\/ -->\n<title>Serenity Flower Crown - Wedding Bridal Headwear - Flora Tiara<\/title>\n<meta name=\"description\" content=\"Unique and beautiful: Shop our Serenity Flower Crown - Wedding Bridal Headwear. Premium high quality headpiece to make the occasion unforgettable.\" \/>\n<meta name=\"robots\" content=\"index, follow, max-snippet:-1, max-image-preview:large, max-video-preview:-1\" \/>\n<link rel=\"canonical\" href=\"https:\/\/floratiara.com\/hu\/p\/menyasszonyi-viragos-fejdisz-elegans-koszoru\/\" \/>\n<meta property=\"og:locale\" content=\"hu_HU\" \/>\n<meta property=\"og:type\" content=\"article\" \/>\n<meta property=\"og:title\" content=\"Serenity Flower Crown - Wedding Bridal Headwear - Flora Tiara\" \/>\n<meta property=\"og:description\" content=\"Unique and beautiful: Shop our Serenity Flower Crown - Wedding Bridal Headwear. Premium high quality headpiece to make the occasion unforgettable.\" \/>\n<meta property=\"og:url\" content=\"https:\/\/floratiara.com\/hu\/p\/menyasszonyi-viragos-fejdisz-elegans-koszoru\/\" \/>\n<meta property=\"og:site_name\" content=\"Flora Tiara\" \/>\n<meta property=\"article:modified_time\" content=\"2024-12-12T01:45:35+00:00\" \/>\n<meta property=\"og:image\" content=\"https:\/\/floratiara.com\/wp-content\/uploads\/2024\/03\/S796a10f38561496d9596a9aa9122794fP.webp\" \/>\n\t<meta property=\"og:image:width\" content=\"1500\" \/>\n\t<meta property=\"og:image:height\" content=\"1500\" \/>\n\t<meta property=\"og:image:type\" content=\"image\/webp\" \/>\n<meta name=\"twitter:card\" content=\"summary_large_image\" \/>\n<meta name=\"twitter:label1\" content=\"Becs\u00fclt olvas\u00e1si id\u0151\" \/>\n\t<meta name=\"twitter:data1\" content=\"3 perc\" \/>\n<script type=\"application\/ld+json\" class=\"yoast-schema-graph\">{\"@context\":\"https:\/\/schema.org\",\"@graph\":[{\"@type\":\"WebPage\",\"@id\":\"https:\/\/floratiara.com\/p\/bridal-floral-headpiece-elegant-garland\/\",\"url\":\"https:\/\/floratiara.com\/p\/bridal-floral-headpiece-elegant-garland\/\",\"name\":\"Serenity Flower Crown - Wedding Bridal Headwear - Flora Tiara\",\"isPartOf\":{\"@id\":\"https:\/\/floratiara.com\/#website\"},\"primaryImageOfPage\":{\"@id\":\"https:\/\/floratiara.com\/p\/bridal-floral-headpiece-elegant-garland\/#primaryimage\"},\"image\":{\"@id\":\"https:\/\/floratiara.com\/p\/bridal-floral-headpiece-elegant-garland\/#primaryimage\"},\"thumbnailUrl\":\"https:\/\/floratiara.com\/wp-content\/uploads\/2024\/03\/S796a10f38561496d9596a9aa9122794fP.webp\",\"datePublished\":\"2024-03-16T09:40:53+00:00\",\"dateModified\":\"2024-12-12T01:45:35+00:00\",\"description\":\"Unique and beautiful: Shop our Serenity Flower Crown - Wedding Bridal Headwear. Premium high quality headpiece to make the occasion unforgettable.\",\"breadcrumb\":{\"@id\":\"https:\/\/floratiara.com\/p\/bridal-floral-headpiece-elegant-garland\/#breadcrumb\"},\"inLanguage\":\"hu\",\"potentialAction\":[{\"@type\":\"ReadAction\",\"target\":[\"https:\/\/floratiara.com\/p\/bridal-floral-headpiece-elegant-garland\/\"]}]},{\"@type\":\"ImageObject\",\"inLanguage\":\"hu\",\"@id\":\"https:\/\/floratiara.com\/p\/bridal-floral-headpiece-elegant-garland\/#primaryimage\",\"url\":\"https:\/\/floratiara.com\/wp-content\/uploads\/2024\/03\/S796a10f38561496d9596a9aa9122794fP.webp\",\"contentUrl\":\"https:\/\/floratiara.com\/wp-content\/uploads\/2024\/03\/S796a10f38561496d9596a9aa9122794fP.webp\",\"width\":1500,\"height\":1500},{\"@type\":\"BreadcrumbList\",\"@id\":\"https:\/\/floratiara.com\/p\/bridal-floral-headpiece-elegant-garland\/#breadcrumb\",\"itemListElement\":[{\"@type\":\"ListItem\",\"position\":1,\"name\":\"Home\",\"item\":\"https:\/\/floratiara.com\/\"},{\"@type\":\"ListItem\",\"position\":2,\"name\":\"Shop\",\"item\":\"https:\/\/floratiara.com\/shop\/\"},{\"@type\":\"ListItem\",\"position\":3,\"name\":\"Serenity Flower Crown &#8211; Wedding Bridal Headwear\"}]},{\"@type\":\"WebSite\",\"@id\":\"https:\/\/floratiara.com\/#website\",\"url\":\"https:\/\/floratiara.com\/\",\"name\":\"Flora Tiara\",\"description\":\"\",\"publisher\":{\"@id\":\"https:\/\/floratiara.com\/#organization\"},\"potentialAction\":[{\"@type\":\"SearchAction\",\"target\":{\"@type\":\"EntryPoint\",\"urlTemplate\":\"https:\/\/floratiara.com\/?s={search_term_string}\"},\"query-input\":{\"@type\":\"PropertyValueSpecification\",\"valueRequired\":true,\"valueName\":\"search_term_string\"}}],\"inLanguage\":\"hu\"},{\"@type\":\"Organization\",\"@id\":\"https:\/\/floratiara.com\/#organization\",\"name\":\"Flora Tiara\",\"url\":\"https:\/\/floratiara.com\/\",\"logo\":{\"@type\":\"ImageObject\",\"inLanguage\":\"hu\",\"@id\":\"https:\/\/floratiara.com\/#\/schema\/logo\/image\/\",\"url\":\"https:\/\/floratiara.com\/wp-content\/uploads\/2024\/03\/flora-tiara-logo.png\",\"contentUrl\":\"https:\/\/floratiara.com\/wp-content\/uploads\/2024\/03\/flora-tiara-logo.png\",\"width\":1024,\"height\":274,\"caption\":\"Flora Tiara\"},\"image\":{\"@id\":\"https:\/\/floratiara.com\/#\/schema\/logo\/image\/\"}}]}<\/script>\n<!-- \/ Yoast SEO plugin. -->","yoast_head_json":{"title":"Serenity Vir\u00e1g Korona - esk\u00fcv\u0151i menyasszonyi fejfed\u0151 - Flora Tiara","description":"Egyedi \u00e9s gy\u00f6ny\u00f6r\u0171: Serenity Flower Crown - esk\u00fcv\u0151i menyasszonyi fejfed\u0151. Pr\u00e9mium min\u0151s\u00e9g\u0171, kiv\u00e1l\u00f3 min\u0151s\u00e9g\u0171 fejd\u00edsz, hogy felejthetetlenn\u00e9 tegye az alkalmat.","robots":{"index":"index","follow":"follow","max-snippet":"max-snippet:-1","max-image-preview":"max-image-preview:large","max-video-preview":"max-video-preview:-1"},"canonical":"https:\/\/floratiara.com\/hu\/p\/menyasszonyi-viragos-fejdisz-elegans-koszoru\/","og_locale":"hu_HU","og_type":"article","og_title":"Serenity Flower Crown - Wedding Bridal Headwear - Flora Tiara","og_description":"Unique and beautiful: Shop our Serenity Flower Crown - Wedding Bridal Headwear. Premium high quality headpiece to make the occasion unforgettable.","og_url":"https:\/\/floratiara.com\/hu\/p\/menyasszonyi-viragos-fejdisz-elegans-koszoru\/","og_site_name":"Flora Tiara","article_modified_time":"2024-12-12T01:45:35+00:00","og_image":[{"width":1500,"height":1500,"url":"https:\/\/floratiara.com\/wp-content\/uploads\/2024\/03\/S796a10f38561496d9596a9aa9122794fP.webp","type":"image\/webp"}],"twitter_card":"summary_large_image","twitter_misc":{"Becs\u00fclt olvas\u00e1si id\u0151":"3 perc"},"schema":{"@context":"https:\/\/schema.org","@graph":[{"@type":"WebPage","@id":"https:\/\/floratiara.com\/p\/bridal-floral-headpiece-elegant-garland\/","url":"https:\/\/floratiara.com\/p\/bridal-floral-headpiece-elegant-garland\/","name":"Serenity Vir\u00e1g Korona - esk\u00fcv\u0151i menyasszonyi fejfed\u0151 - Flora Tiara","isPartOf":{"@id":"https:\/\/floratiara.com\/#website"},"primaryImageOfPage":{"@id":"https:\/\/floratiara.com\/p\/bridal-floral-headpiece-elegant-garland\/#primaryimage"},"image":{"@id":"https:\/\/floratiara.com\/p\/bridal-floral-headpiece-elegant-garland\/#primaryimage"},"thumbnailUrl":"https:\/\/floratiara.com\/wp-content\/uploads\/2024\/03\/S796a10f38561496d9596a9aa9122794fP.webp","datePublished":"2024-03-16T09:40:53+00:00","dateModified":"2024-12-12T01:45:35+00:00","description":"Egyedi \u00e9s gy\u00f6ny\u00f6r\u0171: Serenity Flower Crown - esk\u00fcv\u0151i menyasszonyi fejfed\u0151. Pr\u00e9mium min\u0151s\u00e9g\u0171, kiv\u00e1l\u00f3 min\u0151s\u00e9g\u0171 fejd\u00edsz, hogy felejthetetlenn\u00e9 tegye az alkalmat.","breadcrumb":{"@id":"https:\/\/floratiara.com\/p\/bridal-floral-headpiece-elegant-garland\/#breadcrumb"},"inLanguage":"hu","potentialAction":[{"@type":"ReadAction","target":["https:\/\/floratiara.com\/p\/bridal-floral-headpiece-elegant-garland\/"]}]},{"@type":"ImageObject","inLanguage":"hu","@id":"https:\/\/floratiara.com\/p\/bridal-floral-headpiece-elegant-garland\/#primaryimage","url":"https:\/\/floratiara.com\/wp-content\/uploads\/2024\/03\/S796a10f38561496d9596a9aa9122794fP.webp","contentUrl":"https:\/\/floratiara.com\/wp-content\/uploads\/2024\/03\/S796a10f38561496d9596a9aa9122794fP.webp","width":1500,"height":1500},{"@type":"BreadcrumbList","@id":"https:\/\/floratiara.com\/p\/bridal-floral-headpiece-elegant-garland\/#breadcrumb","itemListElement":[{"@type":"ListItem","position":1,"name":"Home","item":"https:\/\/floratiara.com\/"},{"@type":"ListItem","position":2,"name":"Shop","item":"https:\/\/floratiara.com\/shop\/"},{"@type":"ListItem","position":3,"name":"Serenity Flower Crown &#8211; Wedding Bridal Headwear"}]},{"@type":"WebSite","@id":"https:\/\/floratiara.com\/#website","url":"https:\/\/floratiara.com\/","name":"Flora Tiara","description":"","publisher":{"@id":"https:\/\/floratiara.com\/#organization"},"potentialAction":[{"@type":"SearchAction","target":{"@type":"EntryPoint","urlTemplate":"https:\/\/floratiara.com\/?s={search_term_string}"},"query-input":{"@type":"PropertyValueSpecification","valueRequired":true,"valueName":"search_term_string"}}],"inLanguage":"hu"},{"@type":"Organization","@id":"https:\/\/floratiara.com\/#organization","name":"Flora Tiara","url":"https:\/\/floratiara.com\/","logo":{"@type":"ImageObject","inLanguage":"hu","@id":"https:\/\/floratiara.com\/#\/schema\/logo\/image\/","url":"https:\/\/floratiara.com\/wp-content\/uploads\/2024\/03\/flora-tiara-logo.png","contentUrl":"https:\/\/floratiara.com\/wp-content\/uploads\/2024\/03\/flora-tiara-logo.png","width":1024,"height":274,"caption":"Flora Tiara"},"image":{"@id":"https:\/\/floratiara.com\/#\/schema\/logo\/image\/"}}]}},"_links":{"self":[{"href":"https:\/\/floratiara.com\/hu\/wp-json\/wp\/v2\/product\/318","targetHints":{"allow":["GET"]}}],"collection":[{"href":"https:\/\/floratiara.com\/hu\/wp-json\/wp\/v2\/product"}],"about":[{"href":"https:\/\/floratiara.com\/hu\/wp-json\/wp\/v2\/types\/product"}],"wp:featuredmedia":[{"embeddable":true,"href":"https:\/\/floratiara.com\/hu\/wp-json\/wp\/v2\/media\/317"}],"wp:attachment":[{"href":"https:\/\/floratiara.com\/hu\/wp-json\/wp\/v2\/media?parent=318"}],"wp:term":[{"taxonomy":"product_brand","embeddable":true,"href":"https:\/\/floratiara.com\/hu\/wp-json\/wp\/v2\/product_brand?post=318"},{"taxonomy":"product_cat","embeddable":true,"href":"https:\/\/floratiara.com\/hu\/wp-json\/wp\/v2\/product_cat?post=318"},{"taxonomy":"product_tag","embeddable":true,"href":"https:\/\/floratiara.com\/hu\/wp-json\/wp\/v2\/product_tag?post=318"}],"curies":[{"name":"wp","href":"https:\/\/api.w.org\/{rel}","templated":true}]}}