{"id":392,"date":"2024-03-16T09:42:23","date_gmt":"2024-03-16T09:42:23","guid":{"rendered":"https:\/\/floratiara.com\/?post_type=product&#038;p=392"},"modified":"2024-12-12T01:44:26","modified_gmt":"2024-12-12T01:44:26","slug":"elvarazsolt-kert-eskuvoi-hajpant","status":"publish","type":"product","link":"https:\/\/floratiara.com\/hu\/p\/elvarazsolt-kert-eskuvoi-hajpant\/","title":{"rendered":"\u00c9teri elegancia vir\u00e1gos korona menyasszonyi fejd\u00edsz"},"content":{"rendered":"<p>D\u00edsz\u00edtse k\u00fcl\u00f6nleges napj\u00e1t az Ethereal Elegance vir\u00e1gos koron\u00e1val, a kifinomults\u00e1g szimb\u00f3lum\u00e1val. Ez a gy\u00f6ny\u00f6r\u0171 fejd\u00edsz k\u00e9zzel k\u00e9sz\u00edtett feh\u00e9r lil\u00e1t, illatos levendul\u00e1t \u00e9s finom feh\u00e9r snapdragonokat tartalmaz, d\u00edszz\u00f6lds\u00e9ggel \u00f6sszefon\u00f3dva. A lila dr\u00e1gak\u0151-k\u00f6z\u00e9pd\u00edsszel \u00e9s arany filigr\u00e1nnal \u00e9kes\u00edtve, egy csipetnyi kir\u00e1lyi luxust k\u00f6lcs\u00f6n\u00f6z b\u00e1rmely frizur\u00e1nak. A sokoldal\u00fa kialak\u00edt\u00e1s t\u00f6k\u00e9letes harm\u00f3ni\u00e1t biztos\u00edt mind a felt\u00f6lt\u00f6tt frizur\u00e1khoz, mind a laza f\u00fcrt\u00f6kh\u00f6z, feldobva a menyasszonyi megjelen\u00e9st, vagy romantik\u00e1t k\u00f6lcs\u00f6n\u00f6zve a kerti parti \u00f6lt\u00f6z\u00e9k\u00e9nek. \u00d6lelje mag\u00e1ra a botanikus sz\u00e9ps\u00e9g e koron\u00e1j\u00e1t, \u00e9s tegye felejthetetlenn\u00e9 az \u00fcnneps\u00e9g\u00e9t.<\/p><p>\u00d6sszet\u00e9tel: feh\u00e9r lila, levendulasz\u00edn\u0171 lila, feh\u00e9r snapdragon, d\u00edszz\u00f6lds\u00e9g.<\/p>","protected":false},"excerpt":{"rendered":"<div style=\"width: 90%;text-align: left;margin: auto\"><p style=\"text-align:center\"><b>\ud83d\udc51 Kez\u00fcnkt\u0151l a fejedig<\/b><br \/><i>Luxus vir\u00e1gkoron\u00e1k minden alkalomra<\/i><\/p><ul><li>\u2702\ufe0f Crafted with Care in the Heart of <b>Magyarorsz\u00e1g<\/b><\/li><li><b>\ud83d\udc90 \u00d6sszet\u00e9tel: feh\u00e9r lila, levendulasz\u00edn\u0171 lila, feh\u00e9r snapdragon, d\u00edszz\u00f6lds\u00e9g.<\/b><\/li><\/ul><\/div>","protected":false},"featured_media":391,"template":"","meta":[],"product_brand":[],"product_cat":[59],"product_tag":[],"class_list":{"0":"post-392","1":"product","2":"type-product","3":"status-publish","4":"has-post-thumbnail","6":"product_cat-bridal-floral-headpiece","8":"first","9":"instock","10":"shipping-taxable","11":"purchasable","12":"product-type-simple"},"yoast_head":"<!-- This site is optimized with the Yoast SEO plugin v25.9 - https:\/\/yoast.com\/wordpress\/plugins\/seo\/ -->\n<title>Ethereal Elegance Floral Crown Bridal Headpiece - Flora Tiara<\/title>\n<meta name=\"description\" content=\"Unique and beautiful: Shop our Ethereal Elegance Floral Crown Bridal Headpiece. Premium high quality headpiece to make the occasion unforgettable.\" \/>\n<meta name=\"robots\" content=\"index, follow, max-snippet:-1, max-image-preview:large, max-video-preview:-1\" \/>\n<link rel=\"canonical\" href=\"https:\/\/floratiara.com\/hu\/p\/elvarazsolt-kert-eskuvoi-hajpant\/\" \/>\n<meta property=\"og:locale\" content=\"hu_HU\" \/>\n<meta property=\"og:type\" content=\"article\" \/>\n<meta property=\"og:title\" content=\"Ethereal Elegance Floral Crown Bridal Headpiece - Flora Tiara\" \/>\n<meta property=\"og:description\" content=\"Unique and beautiful: Shop our Ethereal Elegance Floral Crown Bridal Headpiece. Premium high quality headpiece to make the occasion unforgettable.\" \/>\n<meta property=\"og:url\" content=\"https:\/\/floratiara.com\/hu\/p\/elvarazsolt-kert-eskuvoi-hajpant\/\" \/>\n<meta property=\"og:site_name\" content=\"Flora Tiara\" \/>\n<meta property=\"article:modified_time\" content=\"2024-12-12T01:44:26+00:00\" \/>\n<meta property=\"og:image\" content=\"https:\/\/floratiara.com\/wp-content\/uploads\/2024\/03\/S051c8cdbfe3f4abeadf88cde01e8453bP.webp\" \/>\n\t<meta property=\"og:image:width\" content=\"1500\" \/>\n\t<meta property=\"og:image:height\" content=\"1500\" \/>\n\t<meta property=\"og:image:type\" content=\"image\/webp\" \/>\n<meta name=\"twitter:card\" content=\"summary_large_image\" \/>\n<meta name=\"twitter:label1\" content=\"Becs\u00fclt olvas\u00e1si id\u0151\" \/>\n\t<meta name=\"twitter:data1\" content=\"2 perc\" \/>\n<script type=\"application\/ld+json\" class=\"yoast-schema-graph\">{\"@context\":\"https:\/\/schema.org\",\"@graph\":[{\"@type\":\"WebPage\",\"@id\":\"https:\/\/floratiara.com\/p\/enchanted-garden-wedding-headband\/\",\"url\":\"https:\/\/floratiara.com\/p\/enchanted-garden-wedding-headband\/\",\"name\":\"Ethereal Elegance Floral Crown Bridal Headpiece - Flora Tiara\",\"isPartOf\":{\"@id\":\"https:\/\/floratiara.com\/#website\"},\"primaryImageOfPage\":{\"@id\":\"https:\/\/floratiara.com\/p\/enchanted-garden-wedding-headband\/#primaryimage\"},\"image\":{\"@id\":\"https:\/\/floratiara.com\/p\/enchanted-garden-wedding-headband\/#primaryimage\"},\"thumbnailUrl\":\"https:\/\/floratiara.com\/wp-content\/uploads\/2024\/03\/S051c8cdbfe3f4abeadf88cde01e8453bP.webp\",\"datePublished\":\"2024-03-16T09:42:23+00:00\",\"dateModified\":\"2024-12-12T01:44:26+00:00\",\"description\":\"Unique and beautiful: Shop our Ethereal Elegance Floral Crown Bridal Headpiece. Premium high quality headpiece to make the occasion unforgettable.\",\"breadcrumb\":{\"@id\":\"https:\/\/floratiara.com\/p\/enchanted-garden-wedding-headband\/#breadcrumb\"},\"inLanguage\":\"hu\",\"potentialAction\":[{\"@type\":\"ReadAction\",\"target\":[\"https:\/\/floratiara.com\/p\/enchanted-garden-wedding-headband\/\"]}]},{\"@type\":\"ImageObject\",\"inLanguage\":\"hu\",\"@id\":\"https:\/\/floratiara.com\/p\/enchanted-garden-wedding-headband\/#primaryimage\",\"url\":\"https:\/\/floratiara.com\/wp-content\/uploads\/2024\/03\/S051c8cdbfe3f4abeadf88cde01e8453bP.webp\",\"contentUrl\":\"https:\/\/floratiara.com\/wp-content\/uploads\/2024\/03\/S051c8cdbfe3f4abeadf88cde01e8453bP.webp\",\"width\":1500,\"height\":1500},{\"@type\":\"BreadcrumbList\",\"@id\":\"https:\/\/floratiara.com\/p\/enchanted-garden-wedding-headband\/#breadcrumb\",\"itemListElement\":[{\"@type\":\"ListItem\",\"position\":1,\"name\":\"Home\",\"item\":\"https:\/\/floratiara.com\/\"},{\"@type\":\"ListItem\",\"position\":2,\"name\":\"Shop\",\"item\":\"https:\/\/floratiara.com\/shop\/\"},{\"@type\":\"ListItem\",\"position\":3,\"name\":\"Ethereal Elegance Floral Crown Bridal Headpiece\"}]},{\"@type\":\"WebSite\",\"@id\":\"https:\/\/floratiara.com\/#website\",\"url\":\"https:\/\/floratiara.com\/\",\"name\":\"Flora Tiara\",\"description\":\"\",\"publisher\":{\"@id\":\"https:\/\/floratiara.com\/#organization\"},\"potentialAction\":[{\"@type\":\"SearchAction\",\"target\":{\"@type\":\"EntryPoint\",\"urlTemplate\":\"https:\/\/floratiara.com\/?s={search_term_string}\"},\"query-input\":{\"@type\":\"PropertyValueSpecification\",\"valueRequired\":true,\"valueName\":\"search_term_string\"}}],\"inLanguage\":\"hu\"},{\"@type\":\"Organization\",\"@id\":\"https:\/\/floratiara.com\/#organization\",\"name\":\"Flora Tiara\",\"url\":\"https:\/\/floratiara.com\/\",\"logo\":{\"@type\":\"ImageObject\",\"inLanguage\":\"hu\",\"@id\":\"https:\/\/floratiara.com\/#\/schema\/logo\/image\/\",\"url\":\"https:\/\/floratiara.com\/wp-content\/uploads\/2024\/03\/flora-tiara-logo.png\",\"contentUrl\":\"https:\/\/floratiara.com\/wp-content\/uploads\/2024\/03\/flora-tiara-logo.png\",\"width\":1024,\"height\":274,\"caption\":\"Flora Tiara\"},\"image\":{\"@id\":\"https:\/\/floratiara.com\/#\/schema\/logo\/image\/\"}}]}<\/script>\n<!-- \/ Yoast SEO plugin. -->","yoast_head_json":{"title":"\u00c9teri elegancia vir\u00e1gos korona menyasszonyi fejd\u00edsz - Flora Tiara","description":"Egyedi \u00e9s gy\u00f6ny\u00f6r\u0171: V\u00e1s\u00e1rolja meg Ethereal Elegance vir\u00e1gos korona menyasszonyi fejd\u00edsz\u00fcnket. Pr\u00e9mium min\u0151s\u00e9g\u0171, kiv\u00e1l\u00f3 min\u0151s\u00e9g\u0171 fejd\u00edsz, hogy felejthetetlenn\u00e9 tegye az alkalmat.","robots":{"index":"index","follow":"follow","max-snippet":"max-snippet:-1","max-image-preview":"max-image-preview:large","max-video-preview":"max-video-preview:-1"},"canonical":"https:\/\/floratiara.com\/hu\/p\/elvarazsolt-kert-eskuvoi-hajpant\/","og_locale":"hu_HU","og_type":"article","og_title":"Ethereal Elegance Floral Crown Bridal Headpiece - Flora Tiara","og_description":"Unique and beautiful: Shop our Ethereal Elegance Floral Crown Bridal Headpiece. Premium high quality headpiece to make the occasion unforgettable.","og_url":"https:\/\/floratiara.com\/hu\/p\/elvarazsolt-kert-eskuvoi-hajpant\/","og_site_name":"Flora Tiara","article_modified_time":"2024-12-12T01:44:26+00:00","og_image":[{"width":1500,"height":1500,"url":"https:\/\/floratiara.com\/wp-content\/uploads\/2024\/03\/S051c8cdbfe3f4abeadf88cde01e8453bP.webp","type":"image\/webp"}],"twitter_card":"summary_large_image","twitter_misc":{"Becs\u00fclt olvas\u00e1si id\u0151":"2 perc"},"schema":{"@context":"https:\/\/schema.org","@graph":[{"@type":"WebPage","@id":"https:\/\/floratiara.com\/p\/enchanted-garden-wedding-headband\/","url":"https:\/\/floratiara.com\/p\/enchanted-garden-wedding-headband\/","name":"\u00c9teri elegancia vir\u00e1gos korona menyasszonyi fejd\u00edsz - Flora Tiara","isPartOf":{"@id":"https:\/\/floratiara.com\/#website"},"primaryImageOfPage":{"@id":"https:\/\/floratiara.com\/p\/enchanted-garden-wedding-headband\/#primaryimage"},"image":{"@id":"https:\/\/floratiara.com\/p\/enchanted-garden-wedding-headband\/#primaryimage"},"thumbnailUrl":"https:\/\/floratiara.com\/wp-content\/uploads\/2024\/03\/S051c8cdbfe3f4abeadf88cde01e8453bP.webp","datePublished":"2024-03-16T09:42:23+00:00","dateModified":"2024-12-12T01:44:26+00:00","description":"Egyedi \u00e9s gy\u00f6ny\u00f6r\u0171: V\u00e1s\u00e1rolja meg Ethereal Elegance vir\u00e1gos korona menyasszonyi fejd\u00edsz\u00fcnket. Pr\u00e9mium min\u0151s\u00e9g\u0171, kiv\u00e1l\u00f3 min\u0151s\u00e9g\u0171 fejd\u00edsz, hogy felejthetetlenn\u00e9 tegye az alkalmat.","breadcrumb":{"@id":"https:\/\/floratiara.com\/p\/enchanted-garden-wedding-headband\/#breadcrumb"},"inLanguage":"hu","potentialAction":[{"@type":"ReadAction","target":["https:\/\/floratiara.com\/p\/enchanted-garden-wedding-headband\/"]}]},{"@type":"ImageObject","inLanguage":"hu","@id":"https:\/\/floratiara.com\/p\/enchanted-garden-wedding-headband\/#primaryimage","url":"https:\/\/floratiara.com\/wp-content\/uploads\/2024\/03\/S051c8cdbfe3f4abeadf88cde01e8453bP.webp","contentUrl":"https:\/\/floratiara.com\/wp-content\/uploads\/2024\/03\/S051c8cdbfe3f4abeadf88cde01e8453bP.webp","width":1500,"height":1500},{"@type":"BreadcrumbList","@id":"https:\/\/floratiara.com\/p\/enchanted-garden-wedding-headband\/#breadcrumb","itemListElement":[{"@type":"ListItem","position":1,"name":"Home","item":"https:\/\/floratiara.com\/"},{"@type":"ListItem","position":2,"name":"Shop","item":"https:\/\/floratiara.com\/shop\/"},{"@type":"ListItem","position":3,"name":"Ethereal Elegance Floral Crown Bridal Headpiece"}]},{"@type":"WebSite","@id":"https:\/\/floratiara.com\/#website","url":"https:\/\/floratiara.com\/","name":"Flora Tiara","description":"","publisher":{"@id":"https:\/\/floratiara.com\/#organization"},"potentialAction":[{"@type":"SearchAction","target":{"@type":"EntryPoint","urlTemplate":"https:\/\/floratiara.com\/?s={search_term_string}"},"query-input":{"@type":"PropertyValueSpecification","valueRequired":true,"valueName":"search_term_string"}}],"inLanguage":"hu"},{"@type":"Organization","@id":"https:\/\/floratiara.com\/#organization","name":"Flora Tiara","url":"https:\/\/floratiara.com\/","logo":{"@type":"ImageObject","inLanguage":"hu","@id":"https:\/\/floratiara.com\/#\/schema\/logo\/image\/","url":"https:\/\/floratiara.com\/wp-content\/uploads\/2024\/03\/flora-tiara-logo.png","contentUrl":"https:\/\/floratiara.com\/wp-content\/uploads\/2024\/03\/flora-tiara-logo.png","width":1024,"height":274,"caption":"Flora Tiara"},"image":{"@id":"https:\/\/floratiara.com\/#\/schema\/logo\/image\/"}}]}},"_links":{"self":[{"href":"https:\/\/floratiara.com\/hu\/wp-json\/wp\/v2\/product\/392","targetHints":{"allow":["GET"]}}],"collection":[{"href":"https:\/\/floratiara.com\/hu\/wp-json\/wp\/v2\/product"}],"about":[{"href":"https:\/\/floratiara.com\/hu\/wp-json\/wp\/v2\/types\/product"}],"wp:featuredmedia":[{"embeddable":true,"href":"https:\/\/floratiara.com\/hu\/wp-json\/wp\/v2\/media\/391"}],"wp:attachment":[{"href":"https:\/\/floratiara.com\/hu\/wp-json\/wp\/v2\/media?parent=392"}],"wp:term":[{"taxonomy":"product_brand","embeddable":true,"href":"https:\/\/floratiara.com\/hu\/wp-json\/wp\/v2\/product_brand?post=392"},{"taxonomy":"product_cat","embeddable":true,"href":"https:\/\/floratiara.com\/hu\/wp-json\/wp\/v2\/product_cat?post=392"},{"taxonomy":"product_tag","embeddable":true,"href":"https:\/\/floratiara.com\/hu\/wp-json\/wp\/v2\/product_tag?post=392"}],"curies":[{"name":"wp","href":"https:\/\/api.w.org\/{rel}","templated":true}]}}