{"id":418,"date":"2024-03-16T09:43:04","date_gmt":"2024-03-16T09:43:04","guid":{"rendered":"https:\/\/floratiara.com\/?post_type=product&#038;p=418"},"modified":"2024-12-12T01:43:54","modified_gmt":"2024-12-12T01:43:54","slug":"elegans-eskuvoi-viragos-fejdisz-3","status":"publish","type":"product","link":"https:\/\/floratiara.com\/hu\/p\/elegans-eskuvoi-viragos-fejdisz-3\/","title":{"rendered":"F\u00e9ny\u0171z\u0151 menyasszonyi feh\u00e9r lila vir\u00e1g korona"},"content":{"rendered":"<p>Emelje fel k\u00fcl\u00f6nleges napj\u00e1t a luxus menyasszonyi feh\u00e9r lila vir\u00e1gkoron\u00e1val, amely a kifinomults\u00e1g \u00e9s a term\u00e9szet var\u00e1zs\u00e1nak megtestes\u00edt\u0151je. Ez a k\u00e9zzel k\u00e9sz\u00edtett fejd\u00edsz t\u00f6k\u00e9letes esk\u00fcv\u0151re vagy csillog\u00f3 esem\u00e9nyekre, \u00e9s friss, \u00e9teri vir\u00e1gokkal \u00e9s csillog\u00f3 dr\u00e1gak\u00f6ves r\u00e9szletekkel teli. \u00c1ll\u00edthat\u00f3 kialak\u00edt\u00e1sa k\u00e9nyelmes illeszked\u00e9st biztos\u00edt, \u00edgy sokoldal\u00fa v\u00e1laszt\u00e1s feln\u0151ttek \u00e9s gyermekek sz\u00e1m\u00e1ra egyar\u00e1nt. A korona csillog\u00f3 levelei \u00e9s feh\u00e9r vir\u00e1gai harmonikusan keverednek egym\u00e1ssal, hogy \u00e1lomsz\u00e9p, var\u00e1zslatos hat\u00e1st keltsenek. Jelentse ki a tiszta eleganci\u00e1t \u00e9s kecsess\u00e9get - ez a vir\u00e1gkorona a t\u00f6k\u00e9letes kieg\u00e9sz\u00edt\u0151 a mesebeli megjelen\u00e9sed teljess\u00e9 t\u00e9tel\u00e9hez. V\u00e1s\u00e1roljon most, \u00e9s v\u00e1ljon a menyasszonyi t\u00f6k\u00e9letess\u00e9g l\u00e1tom\u00e1s\u00e1v\u00e1.<\/p><p>\u00d6sszet\u00e9tel: feh\u00e9r lila, z\u00f6ld hypericum bogy\u00f3k, feh\u00e9r cs\u00f6ves vir\u00e1gok, csillog\u00f3 z\u00f6ld levelek \u00e9s dr\u00e1gak\u0151 d\u00edsz\u00edt\u00e9sek.<\/p>","protected":false},"excerpt":{"rendered":"<div style=\"width: 90%;text-align: left;margin: auto\"><p style=\"text-align:center\"><b>\ud83d\udc51 Kez\u00fcnkt\u0151l a fejedig<\/b><br \/><i>Luxus vir\u00e1gkoron\u00e1k minden alkalomra<\/i><\/p><ul><li>\u2702\ufe0f Crafted with Care in the Heart of <b>Magyarorsz\u00e1g<\/b><\/li><li><b>\ud83d\udc90 \u00d6sszet\u00e9tel: feh\u00e9r lila, z\u00f6ld hypericum bogy\u00f3k, feh\u00e9r cs\u00f6ves vir\u00e1gok, csillog\u00f3 z\u00f6ld levelek \u00e9s dr\u00e1gak\u0151 d\u00edszek.<\/b><\/li><\/ul><\/div>","protected":false},"featured_media":417,"template":"","meta":[],"product_brand":[],"product_cat":[59],"product_tag":[],"class_list":{"0":"post-418","1":"product","2":"type-product","3":"status-publish","4":"has-post-thumbnail","6":"product_cat-bridal-floral-headpiece","8":"first","9":"instock","10":"shipping-taxable","11":"purchasable","12":"product-type-simple"},"yoast_head":"<!-- This site is optimized with the Yoast SEO plugin v25.9 - https:\/\/yoast.com\/wordpress\/plugins\/seo\/ -->\n<title>Luxurious Bridal White Lilac Flower Crown - Flora Tiara<\/title>\n<meta name=\"description\" content=\"Unique and beautiful: Shop our Luxurious Bridal White Lilac Flower Crown. Premium high quality headpiece to make the occasion unforgettable.\" \/>\n<meta name=\"robots\" content=\"index, follow, max-snippet:-1, max-image-preview:large, max-video-preview:-1\" \/>\n<link rel=\"canonical\" href=\"https:\/\/floratiara.com\/hu\/p\/elegans-eskuvoi-viragos-fejdisz-3\/\" \/>\n<meta property=\"og:locale\" content=\"hu_HU\" \/>\n<meta property=\"og:type\" content=\"article\" \/>\n<meta property=\"og:title\" content=\"Luxurious Bridal White Lilac Flower Crown - Flora Tiara\" \/>\n<meta property=\"og:description\" content=\"Unique and beautiful: Shop our Luxurious Bridal White Lilac Flower Crown. Premium high quality headpiece to make the occasion unforgettable.\" \/>\n<meta property=\"og:url\" content=\"https:\/\/floratiara.com\/hu\/p\/elegans-eskuvoi-viragos-fejdisz-3\/\" \/>\n<meta property=\"og:site_name\" content=\"Flora Tiara\" \/>\n<meta property=\"article:modified_time\" content=\"2024-12-12T01:43:54+00:00\" \/>\n<meta property=\"og:image\" content=\"https:\/\/floratiara.com\/wp-content\/uploads\/2024\/03\/Secb4693470c4447db901cb3c0b76c467m.webp\" \/>\n\t<meta property=\"og:image:width\" content=\"1500\" \/>\n\t<meta property=\"og:image:height\" content=\"1500\" \/>\n\t<meta property=\"og:image:type\" content=\"image\/webp\" \/>\n<meta name=\"twitter:card\" content=\"summary_large_image\" \/>\n<meta name=\"twitter:label1\" content=\"Becs\u00fclt olvas\u00e1si id\u0151\" \/>\n\t<meta name=\"twitter:data1\" content=\"2 perc\" \/>\n<script type=\"application\/ld+json\" class=\"yoast-schema-graph\">{\"@context\":\"https:\/\/schema.org\",\"@graph\":[{\"@type\":\"WebPage\",\"@id\":\"https:\/\/floratiara.com\/p\/elegant-wedding-floral-headpiece-3\/\",\"url\":\"https:\/\/floratiara.com\/p\/elegant-wedding-floral-headpiece-3\/\",\"name\":\"Luxurious Bridal White Lilac Flower Crown - Flora Tiara\",\"isPartOf\":{\"@id\":\"https:\/\/floratiara.com\/#website\"},\"primaryImageOfPage\":{\"@id\":\"https:\/\/floratiara.com\/p\/elegant-wedding-floral-headpiece-3\/#primaryimage\"},\"image\":{\"@id\":\"https:\/\/floratiara.com\/p\/elegant-wedding-floral-headpiece-3\/#primaryimage\"},\"thumbnailUrl\":\"https:\/\/floratiara.com\/wp-content\/uploads\/2024\/03\/Secb4693470c4447db901cb3c0b76c467m.webp\",\"datePublished\":\"2024-03-16T09:43:04+00:00\",\"dateModified\":\"2024-12-12T01:43:54+00:00\",\"description\":\"Unique and beautiful: Shop our Luxurious Bridal White Lilac Flower Crown. Premium high quality headpiece to make the occasion unforgettable.\",\"breadcrumb\":{\"@id\":\"https:\/\/floratiara.com\/p\/elegant-wedding-floral-headpiece-3\/#breadcrumb\"},\"inLanguage\":\"hu\",\"potentialAction\":[{\"@type\":\"ReadAction\",\"target\":[\"https:\/\/floratiara.com\/p\/elegant-wedding-floral-headpiece-3\/\"]}]},{\"@type\":\"ImageObject\",\"inLanguage\":\"hu\",\"@id\":\"https:\/\/floratiara.com\/p\/elegant-wedding-floral-headpiece-3\/#primaryimage\",\"url\":\"https:\/\/floratiara.com\/wp-content\/uploads\/2024\/03\/Secb4693470c4447db901cb3c0b76c467m.webp\",\"contentUrl\":\"https:\/\/floratiara.com\/wp-content\/uploads\/2024\/03\/Secb4693470c4447db901cb3c0b76c467m.webp\",\"width\":1500,\"height\":1500},{\"@type\":\"BreadcrumbList\",\"@id\":\"https:\/\/floratiara.com\/p\/elegant-wedding-floral-headpiece-3\/#breadcrumb\",\"itemListElement\":[{\"@type\":\"ListItem\",\"position\":1,\"name\":\"Home\",\"item\":\"https:\/\/floratiara.com\/\"},{\"@type\":\"ListItem\",\"position\":2,\"name\":\"Shop\",\"item\":\"https:\/\/floratiara.com\/shop\/\"},{\"@type\":\"ListItem\",\"position\":3,\"name\":\"Luxurious Bridal White Lilac Flower Crown\"}]},{\"@type\":\"WebSite\",\"@id\":\"https:\/\/floratiara.com\/#website\",\"url\":\"https:\/\/floratiara.com\/\",\"name\":\"Flora Tiara\",\"description\":\"\",\"publisher\":{\"@id\":\"https:\/\/floratiara.com\/#organization\"},\"potentialAction\":[{\"@type\":\"SearchAction\",\"target\":{\"@type\":\"EntryPoint\",\"urlTemplate\":\"https:\/\/floratiara.com\/?s={search_term_string}\"},\"query-input\":{\"@type\":\"PropertyValueSpecification\",\"valueRequired\":true,\"valueName\":\"search_term_string\"}}],\"inLanguage\":\"hu\"},{\"@type\":\"Organization\",\"@id\":\"https:\/\/floratiara.com\/#organization\",\"name\":\"Flora Tiara\",\"url\":\"https:\/\/floratiara.com\/\",\"logo\":{\"@type\":\"ImageObject\",\"inLanguage\":\"hu\",\"@id\":\"https:\/\/floratiara.com\/#\/schema\/logo\/image\/\",\"url\":\"https:\/\/floratiara.com\/wp-content\/uploads\/2024\/03\/flora-tiara-logo.png\",\"contentUrl\":\"https:\/\/floratiara.com\/wp-content\/uploads\/2024\/03\/flora-tiara-logo.png\",\"width\":1024,\"height\":274,\"caption\":\"Flora Tiara\"},\"image\":{\"@id\":\"https:\/\/floratiara.com\/#\/schema\/logo\/image\/\"}}]}<\/script>\n<!-- \/ Yoast SEO plugin. -->","yoast_head_json":{"title":"Luxus menyasszonyi feh\u00e9r lila vir\u00e1gkorona - Flora Tiara","description":"Egyedi \u00e9s gy\u00f6ny\u00f6r\u0171: F\u00e9ny\u0171z\u0151 menyasszonyi feh\u00e9r lila vir\u00e1gkorona. Pr\u00e9mium min\u0151s\u00e9g\u0171, kiv\u00e1l\u00f3 min\u0151s\u00e9g\u0171 fejd\u00edsz, hogy felejthetetlenn\u00e9 tegye az alkalmat.","robots":{"index":"index","follow":"follow","max-snippet":"max-snippet:-1","max-image-preview":"max-image-preview:large","max-video-preview":"max-video-preview:-1"},"canonical":"https:\/\/floratiara.com\/hu\/p\/elegans-eskuvoi-viragos-fejdisz-3\/","og_locale":"hu_HU","og_type":"article","og_title":"Luxurious Bridal White Lilac Flower Crown - Flora Tiara","og_description":"Unique and beautiful: Shop our Luxurious Bridal White Lilac Flower Crown. Premium high quality headpiece to make the occasion unforgettable.","og_url":"https:\/\/floratiara.com\/hu\/p\/elegans-eskuvoi-viragos-fejdisz-3\/","og_site_name":"Flora Tiara","article_modified_time":"2024-12-12T01:43:54+00:00","og_image":[{"width":1500,"height":1500,"url":"https:\/\/floratiara.com\/wp-content\/uploads\/2024\/03\/Secb4693470c4447db901cb3c0b76c467m.webp","type":"image\/webp"}],"twitter_card":"summary_large_image","twitter_misc":{"Becs\u00fclt olvas\u00e1si id\u0151":"2 perc"},"schema":{"@context":"https:\/\/schema.org","@graph":[{"@type":"WebPage","@id":"https:\/\/floratiara.com\/p\/elegant-wedding-floral-headpiece-3\/","url":"https:\/\/floratiara.com\/p\/elegant-wedding-floral-headpiece-3\/","name":"Luxus menyasszonyi feh\u00e9r lila vir\u00e1gkorona - Flora Tiara","isPartOf":{"@id":"https:\/\/floratiara.com\/#website"},"primaryImageOfPage":{"@id":"https:\/\/floratiara.com\/p\/elegant-wedding-floral-headpiece-3\/#primaryimage"},"image":{"@id":"https:\/\/floratiara.com\/p\/elegant-wedding-floral-headpiece-3\/#primaryimage"},"thumbnailUrl":"https:\/\/floratiara.com\/wp-content\/uploads\/2024\/03\/Secb4693470c4447db901cb3c0b76c467m.webp","datePublished":"2024-03-16T09:43:04+00:00","dateModified":"2024-12-12T01:43:54+00:00","description":"Egyedi \u00e9s gy\u00f6ny\u00f6r\u0171: F\u00e9ny\u0171z\u0151 menyasszonyi feh\u00e9r lila vir\u00e1gkorona. Pr\u00e9mium min\u0151s\u00e9g\u0171, kiv\u00e1l\u00f3 min\u0151s\u00e9g\u0171 fejd\u00edsz, hogy felejthetetlenn\u00e9 tegye az alkalmat.","breadcrumb":{"@id":"https:\/\/floratiara.com\/p\/elegant-wedding-floral-headpiece-3\/#breadcrumb"},"inLanguage":"hu","potentialAction":[{"@type":"ReadAction","target":["https:\/\/floratiara.com\/p\/elegant-wedding-floral-headpiece-3\/"]}]},{"@type":"ImageObject","inLanguage":"hu","@id":"https:\/\/floratiara.com\/p\/elegant-wedding-floral-headpiece-3\/#primaryimage","url":"https:\/\/floratiara.com\/wp-content\/uploads\/2024\/03\/Secb4693470c4447db901cb3c0b76c467m.webp","contentUrl":"https:\/\/floratiara.com\/wp-content\/uploads\/2024\/03\/Secb4693470c4447db901cb3c0b76c467m.webp","width":1500,"height":1500},{"@type":"BreadcrumbList","@id":"https:\/\/floratiara.com\/p\/elegant-wedding-floral-headpiece-3\/#breadcrumb","itemListElement":[{"@type":"ListItem","position":1,"name":"Home","item":"https:\/\/floratiara.com\/"},{"@type":"ListItem","position":2,"name":"Shop","item":"https:\/\/floratiara.com\/shop\/"},{"@type":"ListItem","position":3,"name":"Luxurious Bridal White Lilac Flower Crown"}]},{"@type":"WebSite","@id":"https:\/\/floratiara.com\/#website","url":"https:\/\/floratiara.com\/","name":"Flora Tiara","description":"","publisher":{"@id":"https:\/\/floratiara.com\/#organization"},"potentialAction":[{"@type":"SearchAction","target":{"@type":"EntryPoint","urlTemplate":"https:\/\/floratiara.com\/?s={search_term_string}"},"query-input":{"@type":"PropertyValueSpecification","valueRequired":true,"valueName":"search_term_string"}}],"inLanguage":"hu"},{"@type":"Organization","@id":"https:\/\/floratiara.com\/#organization","name":"Flora Tiara","url":"https:\/\/floratiara.com\/","logo":{"@type":"ImageObject","inLanguage":"hu","@id":"https:\/\/floratiara.com\/#\/schema\/logo\/image\/","url":"https:\/\/floratiara.com\/wp-content\/uploads\/2024\/03\/flora-tiara-logo.png","contentUrl":"https:\/\/floratiara.com\/wp-content\/uploads\/2024\/03\/flora-tiara-logo.png","width":1024,"height":274,"caption":"Flora Tiara"},"image":{"@id":"https:\/\/floratiara.com\/#\/schema\/logo\/image\/"}}]}},"_links":{"self":[{"href":"https:\/\/floratiara.com\/hu\/wp-json\/wp\/v2\/product\/418","targetHints":{"allow":["GET"]}}],"collection":[{"href":"https:\/\/floratiara.com\/hu\/wp-json\/wp\/v2\/product"}],"about":[{"href":"https:\/\/floratiara.com\/hu\/wp-json\/wp\/v2\/types\/product"}],"wp:featuredmedia":[{"embeddable":true,"href":"https:\/\/floratiara.com\/hu\/wp-json\/wp\/v2\/media\/417"}],"wp:attachment":[{"href":"https:\/\/floratiara.com\/hu\/wp-json\/wp\/v2\/media?parent=418"}],"wp:term":[{"taxonomy":"product_brand","embeddable":true,"href":"https:\/\/floratiara.com\/hu\/wp-json\/wp\/v2\/product_brand?post=418"},{"taxonomy":"product_cat","embeddable":true,"href":"https:\/\/floratiara.com\/hu\/wp-json\/wp\/v2\/product_cat?post=418"},{"taxonomy":"product_tag","embeddable":true,"href":"https:\/\/floratiara.com\/hu\/wp-json\/wp\/v2\/product_tag?post=418"}],"curies":[{"name":"wp","href":"https:\/\/api.w.org\/{rel}","templated":true}]}}