{"id":497,"date":"2024-03-16T09:45:33","date_gmt":"2024-03-16T09:45:33","guid":{"rendered":"https:\/\/floratiara.com\/?post_type=product&#038;p=497"},"modified":"2024-12-12T01:42:30","modified_gmt":"2024-12-12T01:42:30","slug":"menyasszonyi-rozsa-virag-fejpant-elegancia","status":"publish","type":"product","link":"https:\/\/floratiara.com\/hu\/p\/menyasszonyi-rozsa-virag-fejpant-elegancia\/","title":{"rendered":"Var\u00e1zslatos vir\u00e1gos elegancia korona esk\u00fcv\u0151kre"},"content":{"rendered":"<p>Tapasztalja meg a Floral Elegance Crown var\u00e1zs\u00e1t, amely szenved\u00e9lyes v\u00f6r\u00f6s \u00e9s tiszta feh\u00e9r r\u00f3zs\u00e1k, gyeng\u00e9d feh\u00e9r \u00e9s r\u00f3zsasz\u00edn astilbe \u00e9s arom\u00e1s feh\u00e9r fr\u00e9zia kever\u00e9ke. Ez a k\u00e9zzel k\u00e9sz\u00edtett kincs kifinomults\u00e1got \u00e9s b\u00e1jt sug\u00e1roz, t\u00f6k\u00e9letes esk\u00fcv\u0151re vagy k\u00fcl\u00f6nleges esem\u00e9nyekre. Emelje fel st\u00edlus\u00e1t ezzel a szemet gy\u00f6ny\u00f6rk\u00f6dtet\u0151 koron\u00e1val, \u00e9s adjon egy csipetnyi mesebeli var\u00e1zslatot megjelen\u00e9s\u00e9hez. Sokoldal\u00fa kialak\u00edt\u00e1sa b\u00e1rmilyen frizur\u00e1t kieg\u00e9sz\u00edt, \u00edgy ide\u00e1lis kieg\u00e9sz\u00edt\u0151je a modern, eleg\u00e1ns n\u0151knek. Tegye felejthetetlenn\u00e9 pillanatait ezzel a kijelent\u0151 darabbal, amely k\u00e1pr\u00e1zatosnak \u00e9s gy\u00f6ny\u00f6rk\u00f6dtet\u0151nek \u00edg\u00e9rkezik. V\u00e1s\u00e1roljon most, hogy \u00e1t\u00f6lelje az id\u0151tlen kecsess\u00e9get \u00e9s romantik\u00e1t.<\/p><p>\u00d6sszet\u00e9tel: v\u00f6r\u00f6s r\u00f3zsa, feh\u00e9r r\u00f3zsa, feh\u00e9r \u00e9s r\u00f3zsasz\u00edn astilbe, feh\u00e9r fr\u00e9zia.<\/p>","protected":false},"excerpt":{"rendered":"<div style=\"width: 90%;text-align: left;margin: auto\"><p style=\"text-align:center\"><b>\ud83d\udc51 Kez\u00fcnkt\u0151l a fejedig<\/b><br \/><i>Luxus vir\u00e1gkoron\u00e1k minden alkalomra<\/i><\/p><ul><li>\u2702\ufe0f Crafted with Care in the Heart of <b>Magyarorsz\u00e1g<\/b><\/li><li><b>\ud83d\udc90 \u00d6sszet\u00e9tel: v\u00f6r\u00f6s r\u00f3zsa, feh\u00e9r r\u00f3zsa, feh\u00e9r \u00e9s r\u00f3zsasz\u00edn astilbe, feh\u00e9r fr\u00e9zia.<\/b><\/li><\/ul><\/div>","protected":false},"featured_media":496,"template":"","meta":[],"product_brand":[],"product_cat":[61,79,77,70,59],"product_tag":[],"class_list":{"0":"post-497","1":"product","2":"type-product","3":"status-publish","4":"has-post-thumbnail","6":"product_cat-bridesmaid-floral-headpiece","7":"product_cat-real-floral-headpiece","8":"product_cat-red-floral-headpiece","9":"product_cat-rose-floral-headpiece","10":"product_cat-bridal-floral-headpiece","12":"first","13":"instock","14":"shipping-taxable","15":"purchasable","16":"product-type-simple"},"yoast_head":"<!-- This site is optimized with the Yoast SEO plugin v25.9 - https:\/\/yoast.com\/wordpress\/plugins\/seo\/ -->\n<title>Enchanting Floral Elegance Crown for Weddings - Flora Tiara<\/title>\n<meta name=\"description\" content=\"Unique and beautiful: Shop our Enchanting Floral Elegance Crown for Weddings. Premium high quality headpiece to make the occasion unforgettable.\" \/>\n<meta name=\"robots\" content=\"index, follow, max-snippet:-1, max-image-preview:large, max-video-preview:-1\" \/>\n<link rel=\"canonical\" href=\"https:\/\/floratiara.com\/hu\/p\/menyasszonyi-rozsa-virag-fejpant-elegancia\/\" \/>\n<meta property=\"og:locale\" content=\"hu_HU\" \/>\n<meta property=\"og:type\" content=\"article\" \/>\n<meta property=\"og:title\" content=\"Enchanting Floral Elegance Crown for Weddings - Flora Tiara\" \/>\n<meta property=\"og:description\" content=\"Unique and beautiful: Shop our Enchanting Floral Elegance Crown for Weddings. Premium high quality headpiece to make the occasion unforgettable.\" \/>\n<meta property=\"og:url\" content=\"https:\/\/floratiara.com\/hu\/p\/menyasszonyi-rozsa-virag-fejpant-elegancia\/\" \/>\n<meta property=\"og:site_name\" content=\"Flora Tiara\" \/>\n<meta property=\"article:modified_time\" content=\"2024-12-12T01:42:30+00:00\" \/>\n<meta property=\"og:image\" content=\"https:\/\/floratiara.com\/wp-content\/uploads\/2024\/03\/S2ecf2020b6b7442f991e252afc07e6129.webp\" \/>\n\t<meta property=\"og:image:width\" content=\"1500\" \/>\n\t<meta property=\"og:image:height\" content=\"1500\" \/>\n\t<meta property=\"og:image:type\" content=\"image\/webp\" \/>\n<meta name=\"twitter:card\" content=\"summary_large_image\" \/>\n<meta name=\"twitter:label1\" content=\"Becs\u00fclt olvas\u00e1si id\u0151\" \/>\n\t<meta name=\"twitter:data1\" content=\"5 perc\" \/>\n<script type=\"application\/ld+json\" class=\"yoast-schema-graph\">{\"@context\":\"https:\/\/schema.org\",\"@graph\":[{\"@type\":\"WebPage\",\"@id\":\"https:\/\/floratiara.com\/p\/bridal-rose-flower-headband-elegance\/\",\"url\":\"https:\/\/floratiara.com\/p\/bridal-rose-flower-headband-elegance\/\",\"name\":\"Enchanting Floral Elegance Crown for Weddings - Flora Tiara\",\"isPartOf\":{\"@id\":\"https:\/\/floratiara.com\/#website\"},\"primaryImageOfPage\":{\"@id\":\"https:\/\/floratiara.com\/p\/bridal-rose-flower-headband-elegance\/#primaryimage\"},\"image\":{\"@id\":\"https:\/\/floratiara.com\/p\/bridal-rose-flower-headband-elegance\/#primaryimage\"},\"thumbnailUrl\":\"https:\/\/floratiara.com\/wp-content\/uploads\/2024\/03\/S2ecf2020b6b7442f991e252afc07e6129.webp\",\"datePublished\":\"2024-03-16T09:45:33+00:00\",\"dateModified\":\"2024-12-12T01:42:30+00:00\",\"description\":\"Unique and beautiful: Shop our Enchanting Floral Elegance Crown for Weddings. Premium high quality headpiece to make the occasion unforgettable.\",\"breadcrumb\":{\"@id\":\"https:\/\/floratiara.com\/p\/bridal-rose-flower-headband-elegance\/#breadcrumb\"},\"inLanguage\":\"hu\",\"potentialAction\":[{\"@type\":\"ReadAction\",\"target\":[\"https:\/\/floratiara.com\/p\/bridal-rose-flower-headband-elegance\/\"]}]},{\"@type\":\"ImageObject\",\"inLanguage\":\"hu\",\"@id\":\"https:\/\/floratiara.com\/p\/bridal-rose-flower-headband-elegance\/#primaryimage\",\"url\":\"https:\/\/floratiara.com\/wp-content\/uploads\/2024\/03\/S2ecf2020b6b7442f991e252afc07e6129.webp\",\"contentUrl\":\"https:\/\/floratiara.com\/wp-content\/uploads\/2024\/03\/S2ecf2020b6b7442f991e252afc07e6129.webp\",\"width\":1500,\"height\":1500},{\"@type\":\"BreadcrumbList\",\"@id\":\"https:\/\/floratiara.com\/p\/bridal-rose-flower-headband-elegance\/#breadcrumb\",\"itemListElement\":[{\"@type\":\"ListItem\",\"position\":1,\"name\":\"Home\",\"item\":\"https:\/\/floratiara.com\/\"},{\"@type\":\"ListItem\",\"position\":2,\"name\":\"Shop\",\"item\":\"https:\/\/floratiara.com\/shop\/\"},{\"@type\":\"ListItem\",\"position\":3,\"name\":\"Enchanting Floral Elegance Crown for Weddings\"}]},{\"@type\":\"WebSite\",\"@id\":\"https:\/\/floratiara.com\/#website\",\"url\":\"https:\/\/floratiara.com\/\",\"name\":\"Flora Tiara\",\"description\":\"\",\"publisher\":{\"@id\":\"https:\/\/floratiara.com\/#organization\"},\"potentialAction\":[{\"@type\":\"SearchAction\",\"target\":{\"@type\":\"EntryPoint\",\"urlTemplate\":\"https:\/\/floratiara.com\/?s={search_term_string}\"},\"query-input\":{\"@type\":\"PropertyValueSpecification\",\"valueRequired\":true,\"valueName\":\"search_term_string\"}}],\"inLanguage\":\"hu\"},{\"@type\":\"Organization\",\"@id\":\"https:\/\/floratiara.com\/#organization\",\"name\":\"Flora Tiara\",\"url\":\"https:\/\/floratiara.com\/\",\"logo\":{\"@type\":\"ImageObject\",\"inLanguage\":\"hu\",\"@id\":\"https:\/\/floratiara.com\/#\/schema\/logo\/image\/\",\"url\":\"https:\/\/floratiara.com\/wp-content\/uploads\/2024\/03\/flora-tiara-logo.png\",\"contentUrl\":\"https:\/\/floratiara.com\/wp-content\/uploads\/2024\/03\/flora-tiara-logo.png\",\"width\":1024,\"height\":274,\"caption\":\"Flora Tiara\"},\"image\":{\"@id\":\"https:\/\/floratiara.com\/#\/schema\/logo\/image\/\"}}]}<\/script>\n<!-- \/ Yoast SEO plugin. -->","yoast_head_json":{"title":"Var\u00e1zslatos vir\u00e1gos elegancia korona esk\u00fcv\u0151kre - Flora Tiara","description":"Egyedi \u00e9s gy\u00f6ny\u00f6r\u0171: Elb\u0171v\u00f6l\u0151 vir\u00e1gos elegancia korona esk\u00fcv\u0151re. Pr\u00e9mium min\u0151s\u00e9g\u0171, kiv\u00e1l\u00f3 min\u0151s\u00e9g\u0171 fejd\u00edsz, hogy felejthetetlenn\u00e9 tegye az alkalmat.","robots":{"index":"index","follow":"follow","max-snippet":"max-snippet:-1","max-image-preview":"max-image-preview:large","max-video-preview":"max-video-preview:-1"},"canonical":"https:\/\/floratiara.com\/hu\/p\/menyasszonyi-rozsa-virag-fejpant-elegancia\/","og_locale":"hu_HU","og_type":"article","og_title":"Enchanting Floral Elegance Crown for Weddings - Flora Tiara","og_description":"Unique and beautiful: Shop our Enchanting Floral Elegance Crown for Weddings. Premium high quality headpiece to make the occasion unforgettable.","og_url":"https:\/\/floratiara.com\/hu\/p\/menyasszonyi-rozsa-virag-fejpant-elegancia\/","og_site_name":"Flora Tiara","article_modified_time":"2024-12-12T01:42:30+00:00","og_image":[{"width":1500,"height":1500,"url":"https:\/\/floratiara.com\/wp-content\/uploads\/2024\/03\/S2ecf2020b6b7442f991e252afc07e6129.webp","type":"image\/webp"}],"twitter_card":"summary_large_image","twitter_misc":{"Becs\u00fclt olvas\u00e1si id\u0151":"5 perc"},"schema":{"@context":"https:\/\/schema.org","@graph":[{"@type":"WebPage","@id":"https:\/\/floratiara.com\/p\/bridal-rose-flower-headband-elegance\/","url":"https:\/\/floratiara.com\/p\/bridal-rose-flower-headband-elegance\/","name":"Var\u00e1zslatos vir\u00e1gos elegancia korona esk\u00fcv\u0151kre - Flora Tiara","isPartOf":{"@id":"https:\/\/floratiara.com\/#website"},"primaryImageOfPage":{"@id":"https:\/\/floratiara.com\/p\/bridal-rose-flower-headband-elegance\/#primaryimage"},"image":{"@id":"https:\/\/floratiara.com\/p\/bridal-rose-flower-headband-elegance\/#primaryimage"},"thumbnailUrl":"https:\/\/floratiara.com\/wp-content\/uploads\/2024\/03\/S2ecf2020b6b7442f991e252afc07e6129.webp","datePublished":"2024-03-16T09:45:33+00:00","dateModified":"2024-12-12T01:42:30+00:00","description":"Egyedi \u00e9s gy\u00f6ny\u00f6r\u0171: Elb\u0171v\u00f6l\u0151 vir\u00e1gos elegancia korona esk\u00fcv\u0151re. Pr\u00e9mium min\u0151s\u00e9g\u0171, kiv\u00e1l\u00f3 min\u0151s\u00e9g\u0171 fejd\u00edsz, hogy felejthetetlenn\u00e9 tegye az alkalmat.","breadcrumb":{"@id":"https:\/\/floratiara.com\/p\/bridal-rose-flower-headband-elegance\/#breadcrumb"},"inLanguage":"hu","potentialAction":[{"@type":"ReadAction","target":["https:\/\/floratiara.com\/p\/bridal-rose-flower-headband-elegance\/"]}]},{"@type":"ImageObject","inLanguage":"hu","@id":"https:\/\/floratiara.com\/p\/bridal-rose-flower-headband-elegance\/#primaryimage","url":"https:\/\/floratiara.com\/wp-content\/uploads\/2024\/03\/S2ecf2020b6b7442f991e252afc07e6129.webp","contentUrl":"https:\/\/floratiara.com\/wp-content\/uploads\/2024\/03\/S2ecf2020b6b7442f991e252afc07e6129.webp","width":1500,"height":1500},{"@type":"BreadcrumbList","@id":"https:\/\/floratiara.com\/p\/bridal-rose-flower-headband-elegance\/#breadcrumb","itemListElement":[{"@type":"ListItem","position":1,"name":"Home","item":"https:\/\/floratiara.com\/"},{"@type":"ListItem","position":2,"name":"Shop","item":"https:\/\/floratiara.com\/shop\/"},{"@type":"ListItem","position":3,"name":"Enchanting Floral Elegance Crown for Weddings"}]},{"@type":"WebSite","@id":"https:\/\/floratiara.com\/#website","url":"https:\/\/floratiara.com\/","name":"Flora Tiara","description":"","publisher":{"@id":"https:\/\/floratiara.com\/#organization"},"potentialAction":[{"@type":"SearchAction","target":{"@type":"EntryPoint","urlTemplate":"https:\/\/floratiara.com\/?s={search_term_string}"},"query-input":{"@type":"PropertyValueSpecification","valueRequired":true,"valueName":"search_term_string"}}],"inLanguage":"hu"},{"@type":"Organization","@id":"https:\/\/floratiara.com\/#organization","name":"Flora Tiara","url":"https:\/\/floratiara.com\/","logo":{"@type":"ImageObject","inLanguage":"hu","@id":"https:\/\/floratiara.com\/#\/schema\/logo\/image\/","url":"https:\/\/floratiara.com\/wp-content\/uploads\/2024\/03\/flora-tiara-logo.png","contentUrl":"https:\/\/floratiara.com\/wp-content\/uploads\/2024\/03\/flora-tiara-logo.png","width":1024,"height":274,"caption":"Flora Tiara"},"image":{"@id":"https:\/\/floratiara.com\/#\/schema\/logo\/image\/"}}]}},"_links":{"self":[{"href":"https:\/\/floratiara.com\/hu\/wp-json\/wp\/v2\/product\/497","targetHints":{"allow":["GET"]}}],"collection":[{"href":"https:\/\/floratiara.com\/hu\/wp-json\/wp\/v2\/product"}],"about":[{"href":"https:\/\/floratiara.com\/hu\/wp-json\/wp\/v2\/types\/product"}],"wp:featuredmedia":[{"embeddable":true,"href":"https:\/\/floratiara.com\/hu\/wp-json\/wp\/v2\/media\/496"}],"wp:attachment":[{"href":"https:\/\/floratiara.com\/hu\/wp-json\/wp\/v2\/media?parent=497"}],"wp:term":[{"taxonomy":"product_brand","embeddable":true,"href":"https:\/\/floratiara.com\/hu\/wp-json\/wp\/v2\/product_brand?post=497"},{"taxonomy":"product_cat","embeddable":true,"href":"https:\/\/floratiara.com\/hu\/wp-json\/wp\/v2\/product_cat?post=497"},{"taxonomy":"product_tag","embeddable":true,"href":"https:\/\/floratiara.com\/hu\/wp-json\/wp\/v2\/product_tag?post=497"}],"curies":[{"name":"wp","href":"https:\/\/api.w.org\/{rel}","templated":true}]}}