{"id":535,"date":"2024-03-16T09:46:23","date_gmt":"2024-03-16T09:46:23","guid":{"rendered":"https:\/\/floratiara.com\/?post_type=product&#038;p=535"},"modified":"2024-12-12T01:41:51","modified_gmt":"2024-12-12T01:41:51","slug":"kezzel-keszitett-menyasszonyi-virag-gloria","status":"publish","type":"product","link":"https:\/\/floratiara.com\/hu\/p\/kezzel-keszitett-menyasszonyi-virag-gloria\/","title":{"rendered":"Seraphina Ethereal Flower Crown - esk\u00fcv\u0151i menyasszonyi fejd\u00edsz"},"content":{"rendered":"<p>Dobja fel k\u00fcl\u00f6nleges napj\u00e1t a Seraphina Ethereal Flower Crown vir\u00e1gkoron\u00e1val, amely a term\u00e9szetes elegancia k\u00e9zzel k\u00e9sz\u00edtett szimb\u00f3luma. D\u00edsz\u00edtse mag\u00e1t finom feh\u00e9r bogy\u00f3kkal \u00e9s buja z\u00f6lddel, amelyeket \u00fagy terveztek, hogy \u00e9leth\u0171en csillogjanak a harmatt\u00f3l. T\u00f6k\u00e9letes esk\u00fcv\u0151re vagy fesztiv\u00e1lokra, ez a der\u0171s fejd\u00edsz nemcsak st\u00edlust, hanem k\u00e9nyelmes, tart\u00f3s illeszked\u00e9st is k\u00edn\u00e1l. Hozzon egy csipetnyi var\u00e1zslatos erdei var\u00e1zslatot az egy\u00fcttes\u00e9be ezzel a k\u00f6nny\u0171, mag\u00e1val ragad\u00f3 kieg\u00e9sz\u00edt\u0151vel. \u00dcnnepeld a term\u00e9szet \u00e9s a saj\u00e1t sz\u00e9ps\u00e9gedet ezzel a kifinomult, m\u00e9gis szabad szellem\u0171 koron\u00e1val, egy \u00f6r\u00f6k vir\u00e1ggal, amelyet meg\u0151rizhetsz \u00e9s amellyel eml\u00e9keket szerezhetsz.<\/p><p>\u00d6sszet\u00e9tel: feh\u00e9r bogy\u00f3k, z\u00f6ld levelek.<\/p>","protected":false},"excerpt":{"rendered":"<div style=\"width: 90%;text-align: left;margin: auto\"><p style=\"text-align:center\"><b>\ud83d\udc51 Kez\u00fcnkt\u0151l a fejedig<\/b><br \/><i>Luxus vir\u00e1gkoron\u00e1k minden alkalomra<\/i><\/p><ul><li>\u2702\ufe0f Crafted with Care in the Heart of <b>Magyarorsz\u00e1g<\/b><\/li><li><b>\ud83d\udc90 \u00d6sszet\u00e9tel: feh\u00e9r bogy\u00f3k, z\u00f6ld levelek.<\/b><\/li><\/ul><\/div>","protected":false},"featured_media":533,"template":"","meta":[],"product_brand":[],"product_cat":[61,62,60,59,71],"product_tag":[],"class_list":{"0":"post-535","1":"product","2":"type-product","3":"status-publish","4":"has-post-thumbnail","6":"product_cat-bridesmaid-floral-headpiece","7":"product_cat-communion-floral-headpiece","8":"product_cat-floral-headpiece-flower-girl","9":"product_cat-bridal-floral-headpiece","10":"product_cat-white-floral-headpiece","12":"first","13":"instock","14":"shipping-taxable","15":"purchasable","16":"product-type-simple"},"yoast_head":"<!-- This site is optimized with the Yoast SEO plugin v25.9 - https:\/\/yoast.com\/wordpress\/plugins\/seo\/ -->\n<title>Seraphina Ethereal Flower Crown - Wedding Bridal Headpiece - Flora Tiara<\/title>\n<meta name=\"description\" content=\"Unique and beautiful: Shop our Seraphina Ethereal Flower Crown - Wedding Bridal Headpiece. Premium high quality headpiece to make the occasion unforgettable.\" \/>\n<meta name=\"robots\" content=\"index, follow, max-snippet:-1, max-image-preview:large, max-video-preview:-1\" \/>\n<link rel=\"canonical\" href=\"https:\/\/floratiara.com\/hu\/p\/kezzel-keszitett-menyasszonyi-virag-gloria\/\" \/>\n<meta property=\"og:locale\" content=\"hu_HU\" \/>\n<meta property=\"og:type\" content=\"article\" \/>\n<meta property=\"og:title\" content=\"Seraphina Ethereal Flower Crown - Wedding Bridal Headpiece - Flora Tiara\" \/>\n<meta property=\"og:description\" content=\"Unique and beautiful: Shop our Seraphina Ethereal Flower Crown - Wedding Bridal Headpiece. Premium high quality headpiece to make the occasion unforgettable.\" \/>\n<meta property=\"og:url\" content=\"https:\/\/floratiara.com\/hu\/p\/kezzel-keszitett-menyasszonyi-virag-gloria\/\" \/>\n<meta property=\"og:site_name\" content=\"Flora Tiara\" \/>\n<meta property=\"article:modified_time\" content=\"2024-12-12T01:41:51+00:00\" \/>\n<meta property=\"og:image\" content=\"https:\/\/floratiara.com\/wp-content\/uploads\/2024\/03\/H8342c0efd83a45359c7792be58587414u.webp\" \/>\n\t<meta property=\"og:image:width\" content=\"1500\" \/>\n\t<meta property=\"og:image:height\" content=\"1500\" \/>\n\t<meta property=\"og:image:type\" content=\"image\/webp\" \/>\n<meta name=\"twitter:card\" content=\"summary_large_image\" \/>\n<meta name=\"twitter:label1\" content=\"Becs\u00fclt olvas\u00e1si id\u0151\" \/>\n\t<meta name=\"twitter:data1\" content=\"4 perc\" \/>\n<script type=\"application\/ld+json\" class=\"yoast-schema-graph\">{\"@context\":\"https:\/\/schema.org\",\"@graph\":[{\"@type\":\"WebPage\",\"@id\":\"https:\/\/floratiara.com\/p\/handcrafted-bridal-flower-halo\/\",\"url\":\"https:\/\/floratiara.com\/p\/handcrafted-bridal-flower-halo\/\",\"name\":\"Seraphina Ethereal Flower Crown - Wedding Bridal Headpiece - Flora Tiara\",\"isPartOf\":{\"@id\":\"https:\/\/floratiara.com\/#website\"},\"primaryImageOfPage\":{\"@id\":\"https:\/\/floratiara.com\/p\/handcrafted-bridal-flower-halo\/#primaryimage\"},\"image\":{\"@id\":\"https:\/\/floratiara.com\/p\/handcrafted-bridal-flower-halo\/#primaryimage\"},\"thumbnailUrl\":\"https:\/\/floratiara.com\/wp-content\/uploads\/2024\/03\/H8342c0efd83a45359c7792be58587414u.webp\",\"datePublished\":\"2024-03-16T09:46:23+00:00\",\"dateModified\":\"2024-12-12T01:41:51+00:00\",\"description\":\"Unique and beautiful: Shop our Seraphina Ethereal Flower Crown - Wedding Bridal Headpiece. Premium high quality headpiece to make the occasion unforgettable.\",\"breadcrumb\":{\"@id\":\"https:\/\/floratiara.com\/p\/handcrafted-bridal-flower-halo\/#breadcrumb\"},\"inLanguage\":\"hu\",\"potentialAction\":[{\"@type\":\"ReadAction\",\"target\":[\"https:\/\/floratiara.com\/p\/handcrafted-bridal-flower-halo\/\"]}]},{\"@type\":\"ImageObject\",\"inLanguage\":\"hu\",\"@id\":\"https:\/\/floratiara.com\/p\/handcrafted-bridal-flower-halo\/#primaryimage\",\"url\":\"https:\/\/floratiara.com\/wp-content\/uploads\/2024\/03\/H8342c0efd83a45359c7792be58587414u.webp\",\"contentUrl\":\"https:\/\/floratiara.com\/wp-content\/uploads\/2024\/03\/H8342c0efd83a45359c7792be58587414u.webp\",\"width\":1500,\"height\":1500},{\"@type\":\"BreadcrumbList\",\"@id\":\"https:\/\/floratiara.com\/p\/handcrafted-bridal-flower-halo\/#breadcrumb\",\"itemListElement\":[{\"@type\":\"ListItem\",\"position\":1,\"name\":\"Home\",\"item\":\"https:\/\/floratiara.com\/\"},{\"@type\":\"ListItem\",\"position\":2,\"name\":\"Shop\",\"item\":\"https:\/\/floratiara.com\/shop\/\"},{\"@type\":\"ListItem\",\"position\":3,\"name\":\"Seraphina Ethereal Flower Crown &#8211; Wedding Bridal Headpiece\"}]},{\"@type\":\"WebSite\",\"@id\":\"https:\/\/floratiara.com\/#website\",\"url\":\"https:\/\/floratiara.com\/\",\"name\":\"Flora Tiara\",\"description\":\"\",\"publisher\":{\"@id\":\"https:\/\/floratiara.com\/#organization\"},\"potentialAction\":[{\"@type\":\"SearchAction\",\"target\":{\"@type\":\"EntryPoint\",\"urlTemplate\":\"https:\/\/floratiara.com\/?s={search_term_string}\"},\"query-input\":{\"@type\":\"PropertyValueSpecification\",\"valueRequired\":true,\"valueName\":\"search_term_string\"}}],\"inLanguage\":\"hu\"},{\"@type\":\"Organization\",\"@id\":\"https:\/\/floratiara.com\/#organization\",\"name\":\"Flora Tiara\",\"url\":\"https:\/\/floratiara.com\/\",\"logo\":{\"@type\":\"ImageObject\",\"inLanguage\":\"hu\",\"@id\":\"https:\/\/floratiara.com\/#\/schema\/logo\/image\/\",\"url\":\"https:\/\/floratiara.com\/wp-content\/uploads\/2024\/03\/flora-tiara-logo.png\",\"contentUrl\":\"https:\/\/floratiara.com\/wp-content\/uploads\/2024\/03\/flora-tiara-logo.png\",\"width\":1024,\"height\":274,\"caption\":\"Flora Tiara\"},\"image\":{\"@id\":\"https:\/\/floratiara.com\/#\/schema\/logo\/image\/\"}}]}<\/script>\n<!-- \/ Yoast SEO plugin. -->","yoast_head_json":{"title":"Seraphina Ethereal Flower Crown - esk\u00fcv\u0151i menyasszonyi fejd\u00edsz - Flora Tiara","description":"Egyedi \u00e9s gy\u00f6ny\u00f6r\u0171: Seraphina Ethereal Flower Crown - esk\u00fcv\u0151i menyasszonyi fejd\u00edsz. Pr\u00e9mium min\u0151s\u00e9g\u0171, kiv\u00e1l\u00f3 min\u0151s\u00e9g\u0171 fejd\u00edsz, hogy felejthetetlenn\u00e9 tegye az alkalmat.","robots":{"index":"index","follow":"follow","max-snippet":"max-snippet:-1","max-image-preview":"max-image-preview:large","max-video-preview":"max-video-preview:-1"},"canonical":"https:\/\/floratiara.com\/hu\/p\/kezzel-keszitett-menyasszonyi-virag-gloria\/","og_locale":"hu_HU","og_type":"article","og_title":"Seraphina Ethereal Flower Crown - Wedding Bridal Headpiece - Flora Tiara","og_description":"Unique and beautiful: Shop our Seraphina Ethereal Flower Crown - Wedding Bridal Headpiece. Premium high quality headpiece to make the occasion unforgettable.","og_url":"https:\/\/floratiara.com\/hu\/p\/kezzel-keszitett-menyasszonyi-virag-gloria\/","og_site_name":"Flora Tiara","article_modified_time":"2024-12-12T01:41:51+00:00","og_image":[{"width":1500,"height":1500,"url":"https:\/\/floratiara.com\/wp-content\/uploads\/2024\/03\/H8342c0efd83a45359c7792be58587414u.webp","type":"image\/webp"}],"twitter_card":"summary_large_image","twitter_misc":{"Becs\u00fclt olvas\u00e1si id\u0151":"4 perc"},"schema":{"@context":"https:\/\/schema.org","@graph":[{"@type":"WebPage","@id":"https:\/\/floratiara.com\/p\/handcrafted-bridal-flower-halo\/","url":"https:\/\/floratiara.com\/p\/handcrafted-bridal-flower-halo\/","name":"Seraphina Ethereal Flower Crown - esk\u00fcv\u0151i menyasszonyi fejd\u00edsz - Flora Tiara","isPartOf":{"@id":"https:\/\/floratiara.com\/#website"},"primaryImageOfPage":{"@id":"https:\/\/floratiara.com\/p\/handcrafted-bridal-flower-halo\/#primaryimage"},"image":{"@id":"https:\/\/floratiara.com\/p\/handcrafted-bridal-flower-halo\/#primaryimage"},"thumbnailUrl":"https:\/\/floratiara.com\/wp-content\/uploads\/2024\/03\/H8342c0efd83a45359c7792be58587414u.webp","datePublished":"2024-03-16T09:46:23+00:00","dateModified":"2024-12-12T01:41:51+00:00","description":"Egyedi \u00e9s gy\u00f6ny\u00f6r\u0171: Seraphina Ethereal Flower Crown - esk\u00fcv\u0151i menyasszonyi fejd\u00edsz. Pr\u00e9mium min\u0151s\u00e9g\u0171, kiv\u00e1l\u00f3 min\u0151s\u00e9g\u0171 fejd\u00edsz, hogy felejthetetlenn\u00e9 tegye az alkalmat.","breadcrumb":{"@id":"https:\/\/floratiara.com\/p\/handcrafted-bridal-flower-halo\/#breadcrumb"},"inLanguage":"hu","potentialAction":[{"@type":"ReadAction","target":["https:\/\/floratiara.com\/p\/handcrafted-bridal-flower-halo\/"]}]},{"@type":"ImageObject","inLanguage":"hu","@id":"https:\/\/floratiara.com\/p\/handcrafted-bridal-flower-halo\/#primaryimage","url":"https:\/\/floratiara.com\/wp-content\/uploads\/2024\/03\/H8342c0efd83a45359c7792be58587414u.webp","contentUrl":"https:\/\/floratiara.com\/wp-content\/uploads\/2024\/03\/H8342c0efd83a45359c7792be58587414u.webp","width":1500,"height":1500},{"@type":"BreadcrumbList","@id":"https:\/\/floratiara.com\/p\/handcrafted-bridal-flower-halo\/#breadcrumb","itemListElement":[{"@type":"ListItem","position":1,"name":"Home","item":"https:\/\/floratiara.com\/"},{"@type":"ListItem","position":2,"name":"Shop","item":"https:\/\/floratiara.com\/shop\/"},{"@type":"ListItem","position":3,"name":"Seraphina Ethereal Flower Crown &#8211; Wedding Bridal Headpiece"}]},{"@type":"WebSite","@id":"https:\/\/floratiara.com\/#website","url":"https:\/\/floratiara.com\/","name":"Flora Tiara","description":"","publisher":{"@id":"https:\/\/floratiara.com\/#organization"},"potentialAction":[{"@type":"SearchAction","target":{"@type":"EntryPoint","urlTemplate":"https:\/\/floratiara.com\/?s={search_term_string}"},"query-input":{"@type":"PropertyValueSpecification","valueRequired":true,"valueName":"search_term_string"}}],"inLanguage":"hu"},{"@type":"Organization","@id":"https:\/\/floratiara.com\/#organization","name":"Flora Tiara","url":"https:\/\/floratiara.com\/","logo":{"@type":"ImageObject","inLanguage":"hu","@id":"https:\/\/floratiara.com\/#\/schema\/logo\/image\/","url":"https:\/\/floratiara.com\/wp-content\/uploads\/2024\/03\/flora-tiara-logo.png","contentUrl":"https:\/\/floratiara.com\/wp-content\/uploads\/2024\/03\/flora-tiara-logo.png","width":1024,"height":274,"caption":"Flora Tiara"},"image":{"@id":"https:\/\/floratiara.com\/#\/schema\/logo\/image\/"}}]}},"_links":{"self":[{"href":"https:\/\/floratiara.com\/hu\/wp-json\/wp\/v2\/product\/535","targetHints":{"allow":["GET"]}}],"collection":[{"href":"https:\/\/floratiara.com\/hu\/wp-json\/wp\/v2\/product"}],"about":[{"href":"https:\/\/floratiara.com\/hu\/wp-json\/wp\/v2\/types\/product"}],"wp:featuredmedia":[{"embeddable":true,"href":"https:\/\/floratiara.com\/hu\/wp-json\/wp\/v2\/media\/533"}],"wp:attachment":[{"href":"https:\/\/floratiara.com\/hu\/wp-json\/wp\/v2\/media?parent=535"}],"wp:term":[{"taxonomy":"product_brand","embeddable":true,"href":"https:\/\/floratiara.com\/hu\/wp-json\/wp\/v2\/product_brand?post=535"},{"taxonomy":"product_cat","embeddable":true,"href":"https:\/\/floratiara.com\/hu\/wp-json\/wp\/v2\/product_cat?post=535"},{"taxonomy":"product_tag","embeddable":true,"href":"https:\/\/floratiara.com\/hu\/wp-json\/wp\/v2\/product_tag?post=535"}],"curies":[{"name":"wp","href":"https:\/\/api.w.org\/{rel}","templated":true}]}}