{"id":553,"date":"2024-03-16T09:46:53","date_gmt":"2024-03-16T09:46:53","guid":{"rendered":"https:\/\/floratiara.com\/?post_type=product&#038;p=553"},"modified":"2024-12-12T01:41:27","modified_gmt":"2024-12-12T01:41:27","slug":"eskuvoi-party-viragos-tiara-fejpant","status":"publish","type":"product","link":"https:\/\/floratiara.com\/hu\/p\/eskuvoi-party-viragos-tiara-fejpant\/","title":{"rendered":"R\u00f3zsasz\u00edn vir\u00e1g Pr\u00e9mium vir\u00e1gkorona rendezv\u00e9nyekre"},"content":{"rendered":"<p>Emelje fel b\u00e1rmelyik egy\u00fcttes\u00e9t a Pink Blossom vir\u00e1gkoron\u00e1val, amely a v\u00e9gs\u0151 kieg\u00e9sz\u00edt\u0151je a leny\u0171g\u00f6z\u0151 \u00e9s kifinomult nyilatkozat megteremt\u00e9s\u00e9hez. Ez a k\u00e9zzel k\u00e9sz\u00edtett fejd\u00edsz buja, forr\u00f3 r\u00f3zsasz\u00edn r\u00f3zs\u00e1kkal, gyeng\u00e9d r\u00f3zsasz\u00edn asztilb\u00e1val \u00e9s tiszta feh\u00e9r tubar\u00f3zs\u00e1val van tele, mindez z\u00f6ldell\u0151 z\u00f6ldek k\u00f6z\u00e9 \u00e1gyazva. Ak\u00e1r leend\u0151 menyasszony, ak\u00e1r fesztiv\u00e1loz\u00f3, vagy csak az \u00e9let k\u00fcl\u00f6nleges alkalmait szeretn\u00e9 meg\u00fcnnepelni, ezt a f\u00e9ny\u0171z\u0151 vir\u00e1gf\u00fcz\u00e9rt \u00fagy tervezt\u00e9k, hogy ragyogni tudjon. L\u00e9pjen a reflektorf\u00e9nybe, \u00e9s hagyja, hogy a \"Pink Blossom\" korona kihozza bels\u0151 kisug\u00e1rz\u00e1s\u00e1t, \u00e9s minden pillanatot felejthetetlenn\u00e9 tegyen. \u00d6lelje mag\u00e1hoz az eleganci\u00e1t m\u00e9g ma!<\/p><p>\u00d6sszet\u00e9tel: r\u00f3zsasz\u00edn r\u00f3zsa, r\u00f3zsasz\u00edn astilbe, feh\u00e9r tubar\u00f3zsa, z\u00f6ld lombozat.<\/p>","protected":false},"excerpt":{"rendered":"<div style=\"width: 90%;text-align: left;margin: auto\"><p style=\"text-align:center\"><b>\ud83d\udc51 Kez\u00fcnkt\u0151l a fejedig<\/b><br \/><i>Luxus vir\u00e1gkoron\u00e1k minden alkalomra<\/i><\/p><ul><li>\u2702\ufe0f Crafted with Care in the Heart of <b>Magyarorsz\u00e1g<\/b><\/li><li><b>\ud83d\udc90 \u00d6sszet\u00e9tel: r\u00f3zsasz\u00edn r\u00f3zs\u00e1k, r\u00f3zsasz\u00edn astilbe, feh\u00e9r tubar\u00f3zsa, z\u00f6ld lombozat.<\/b><\/li><\/ul><\/div>","protected":false},"featured_media":552,"template":"","meta":[],"product_brand":[],"product_cat":[61,73,79,70,59],"product_tag":[],"class_list":{"0":"post-553","1":"product","2":"type-product","3":"status-publish","4":"has-post-thumbnail","6":"product_cat-bridesmaid-floral-headpiece","7":"product_cat-pink-floral-headpiece","8":"product_cat-real-floral-headpiece","9":"product_cat-rose-floral-headpiece","10":"product_cat-bridal-floral-headpiece","12":"first","13":"instock","14":"shipping-taxable","15":"purchasable","16":"product-type-simple"},"yoast_head":"<!-- This site is optimized with the Yoast SEO plugin v25.9 - https:\/\/yoast.com\/wordpress\/plugins\/seo\/ -->\n<title>Pink Blossom Premium Flower Crown for Events - Flora Tiara<\/title>\n<meta name=\"description\" content=\"Unique and beautiful: Shop our Pink Blossom Premium Flower Crown for Events. Premium high quality headpiece to make the occasion unforgettable.\" \/>\n<meta name=\"robots\" content=\"index, follow, max-snippet:-1, max-image-preview:large, max-video-preview:-1\" \/>\n<link rel=\"canonical\" href=\"https:\/\/floratiara.com\/hu\/p\/eskuvoi-party-viragos-tiara-fejpant\/\" \/>\n<meta property=\"og:locale\" content=\"hu_HU\" \/>\n<meta property=\"og:type\" content=\"article\" \/>\n<meta property=\"og:title\" content=\"Pink Blossom Premium Flower Crown for Events - Flora Tiara\" \/>\n<meta property=\"og:description\" content=\"Unique and beautiful: Shop our Pink Blossom Premium Flower Crown for Events. Premium high quality headpiece to make the occasion unforgettable.\" \/>\n<meta property=\"og:url\" content=\"https:\/\/floratiara.com\/hu\/p\/eskuvoi-party-viragos-tiara-fejpant\/\" \/>\n<meta property=\"og:site_name\" content=\"Flora Tiara\" \/>\n<meta property=\"article:modified_time\" content=\"2024-12-12T01:41:27+00:00\" \/>\n<meta property=\"og:image\" content=\"https:\/\/floratiara.com\/wp-content\/uploads\/2024\/03\/S4436c52248bb45acab40813e8766e10cr.webp\" \/>\n\t<meta property=\"og:image:width\" content=\"1500\" \/>\n\t<meta property=\"og:image:height\" content=\"1500\" \/>\n\t<meta property=\"og:image:type\" content=\"image\/webp\" \/>\n<meta name=\"twitter:card\" content=\"summary_large_image\" \/>\n<meta name=\"twitter:label1\" content=\"Becs\u00fclt olvas\u00e1si id\u0151\" \/>\n\t<meta name=\"twitter:data1\" content=\"5 perc\" \/>\n<script type=\"application\/ld+json\" class=\"yoast-schema-graph\">{\"@context\":\"https:\/\/schema.org\",\"@graph\":[{\"@type\":\"WebPage\",\"@id\":\"https:\/\/floratiara.com\/p\/wedding-party-floral-tiara-headband\/\",\"url\":\"https:\/\/floratiara.com\/p\/wedding-party-floral-tiara-headband\/\",\"name\":\"Pink Blossom Premium Flower Crown for Events - Flora Tiara\",\"isPartOf\":{\"@id\":\"https:\/\/floratiara.com\/#website\"},\"primaryImageOfPage\":{\"@id\":\"https:\/\/floratiara.com\/p\/wedding-party-floral-tiara-headband\/#primaryimage\"},\"image\":{\"@id\":\"https:\/\/floratiara.com\/p\/wedding-party-floral-tiara-headband\/#primaryimage\"},\"thumbnailUrl\":\"https:\/\/floratiara.com\/wp-content\/uploads\/2024\/03\/S4436c52248bb45acab40813e8766e10cr.webp\",\"datePublished\":\"2024-03-16T09:46:53+00:00\",\"dateModified\":\"2024-12-12T01:41:27+00:00\",\"description\":\"Unique and beautiful: Shop our Pink Blossom Premium Flower Crown for Events. Premium high quality headpiece to make the occasion unforgettable.\",\"breadcrumb\":{\"@id\":\"https:\/\/floratiara.com\/p\/wedding-party-floral-tiara-headband\/#breadcrumb\"},\"inLanguage\":\"hu\",\"potentialAction\":[{\"@type\":\"ReadAction\",\"target\":[\"https:\/\/floratiara.com\/p\/wedding-party-floral-tiara-headband\/\"]}]},{\"@type\":\"ImageObject\",\"inLanguage\":\"hu\",\"@id\":\"https:\/\/floratiara.com\/p\/wedding-party-floral-tiara-headband\/#primaryimage\",\"url\":\"https:\/\/floratiara.com\/wp-content\/uploads\/2024\/03\/S4436c52248bb45acab40813e8766e10cr.webp\",\"contentUrl\":\"https:\/\/floratiara.com\/wp-content\/uploads\/2024\/03\/S4436c52248bb45acab40813e8766e10cr.webp\",\"width\":1500,\"height\":1500},{\"@type\":\"BreadcrumbList\",\"@id\":\"https:\/\/floratiara.com\/p\/wedding-party-floral-tiara-headband\/#breadcrumb\",\"itemListElement\":[{\"@type\":\"ListItem\",\"position\":1,\"name\":\"Home\",\"item\":\"https:\/\/floratiara.com\/\"},{\"@type\":\"ListItem\",\"position\":2,\"name\":\"Shop\",\"item\":\"https:\/\/floratiara.com\/shop\/\"},{\"@type\":\"ListItem\",\"position\":3,\"name\":\"Pink Blossom Premium Flower Crown for Events\"}]},{\"@type\":\"WebSite\",\"@id\":\"https:\/\/floratiara.com\/#website\",\"url\":\"https:\/\/floratiara.com\/\",\"name\":\"Flora Tiara\",\"description\":\"\",\"publisher\":{\"@id\":\"https:\/\/floratiara.com\/#organization\"},\"potentialAction\":[{\"@type\":\"SearchAction\",\"target\":{\"@type\":\"EntryPoint\",\"urlTemplate\":\"https:\/\/floratiara.com\/?s={search_term_string}\"},\"query-input\":{\"@type\":\"PropertyValueSpecification\",\"valueRequired\":true,\"valueName\":\"search_term_string\"}}],\"inLanguage\":\"hu\"},{\"@type\":\"Organization\",\"@id\":\"https:\/\/floratiara.com\/#organization\",\"name\":\"Flora Tiara\",\"url\":\"https:\/\/floratiara.com\/\",\"logo\":{\"@type\":\"ImageObject\",\"inLanguage\":\"hu\",\"@id\":\"https:\/\/floratiara.com\/#\/schema\/logo\/image\/\",\"url\":\"https:\/\/floratiara.com\/wp-content\/uploads\/2024\/03\/flora-tiara-logo.png\",\"contentUrl\":\"https:\/\/floratiara.com\/wp-content\/uploads\/2024\/03\/flora-tiara-logo.png\",\"width\":1024,\"height\":274,\"caption\":\"Flora Tiara\"},\"image\":{\"@id\":\"https:\/\/floratiara.com\/#\/schema\/logo\/image\/\"}}]}<\/script>\n<!-- \/ Yoast SEO plugin. -->","yoast_head_json":{"title":"R\u00f3zsasz\u00edn vir\u00e1g pr\u00e9mium vir\u00e1gkorona rendezv\u00e9nyekre - Flora Tiara","description":"Egyedi \u00e9s gy\u00f6ny\u00f6r\u0171: R\u00f3zsasz\u00edn vir\u00e1gos pr\u00e9mium vir\u00e1gkorona rendezv\u00e9nyekre. Pr\u00e9mium min\u0151s\u00e9g\u0171, kiv\u00e1l\u00f3 min\u0151s\u00e9g\u0171 fejd\u00edsz, hogy felejthetetlenn\u00e9 tegye az alkalmat.","robots":{"index":"index","follow":"follow","max-snippet":"max-snippet:-1","max-image-preview":"max-image-preview:large","max-video-preview":"max-video-preview:-1"},"canonical":"https:\/\/floratiara.com\/hu\/p\/eskuvoi-party-viragos-tiara-fejpant\/","og_locale":"hu_HU","og_type":"article","og_title":"Pink Blossom Premium Flower Crown for Events - Flora Tiara","og_description":"Unique and beautiful: Shop our Pink Blossom Premium Flower Crown for Events. Premium high quality headpiece to make the occasion unforgettable.","og_url":"https:\/\/floratiara.com\/hu\/p\/eskuvoi-party-viragos-tiara-fejpant\/","og_site_name":"Flora Tiara","article_modified_time":"2024-12-12T01:41:27+00:00","og_image":[{"width":1500,"height":1500,"url":"https:\/\/floratiara.com\/wp-content\/uploads\/2024\/03\/S4436c52248bb45acab40813e8766e10cr.webp","type":"image\/webp"}],"twitter_card":"summary_large_image","twitter_misc":{"Becs\u00fclt olvas\u00e1si id\u0151":"5 perc"},"schema":{"@context":"https:\/\/schema.org","@graph":[{"@type":"WebPage","@id":"https:\/\/floratiara.com\/p\/wedding-party-floral-tiara-headband\/","url":"https:\/\/floratiara.com\/p\/wedding-party-floral-tiara-headband\/","name":"R\u00f3zsasz\u00edn vir\u00e1g pr\u00e9mium vir\u00e1gkorona rendezv\u00e9nyekre - Flora Tiara","isPartOf":{"@id":"https:\/\/floratiara.com\/#website"},"primaryImageOfPage":{"@id":"https:\/\/floratiara.com\/p\/wedding-party-floral-tiara-headband\/#primaryimage"},"image":{"@id":"https:\/\/floratiara.com\/p\/wedding-party-floral-tiara-headband\/#primaryimage"},"thumbnailUrl":"https:\/\/floratiara.com\/wp-content\/uploads\/2024\/03\/S4436c52248bb45acab40813e8766e10cr.webp","datePublished":"2024-03-16T09:46:53+00:00","dateModified":"2024-12-12T01:41:27+00:00","description":"Egyedi \u00e9s gy\u00f6ny\u00f6r\u0171: R\u00f3zsasz\u00edn vir\u00e1gos pr\u00e9mium vir\u00e1gkorona rendezv\u00e9nyekre. Pr\u00e9mium min\u0151s\u00e9g\u0171, kiv\u00e1l\u00f3 min\u0151s\u00e9g\u0171 fejd\u00edsz, hogy felejthetetlenn\u00e9 tegye az alkalmat.","breadcrumb":{"@id":"https:\/\/floratiara.com\/p\/wedding-party-floral-tiara-headband\/#breadcrumb"},"inLanguage":"hu","potentialAction":[{"@type":"ReadAction","target":["https:\/\/floratiara.com\/p\/wedding-party-floral-tiara-headband\/"]}]},{"@type":"ImageObject","inLanguage":"hu","@id":"https:\/\/floratiara.com\/p\/wedding-party-floral-tiara-headband\/#primaryimage","url":"https:\/\/floratiara.com\/wp-content\/uploads\/2024\/03\/S4436c52248bb45acab40813e8766e10cr.webp","contentUrl":"https:\/\/floratiara.com\/wp-content\/uploads\/2024\/03\/S4436c52248bb45acab40813e8766e10cr.webp","width":1500,"height":1500},{"@type":"BreadcrumbList","@id":"https:\/\/floratiara.com\/p\/wedding-party-floral-tiara-headband\/#breadcrumb","itemListElement":[{"@type":"ListItem","position":1,"name":"Home","item":"https:\/\/floratiara.com\/"},{"@type":"ListItem","position":2,"name":"Shop","item":"https:\/\/floratiara.com\/shop\/"},{"@type":"ListItem","position":3,"name":"Pink Blossom Premium Flower Crown for Events"}]},{"@type":"WebSite","@id":"https:\/\/floratiara.com\/#website","url":"https:\/\/floratiara.com\/","name":"Flora Tiara","description":"","publisher":{"@id":"https:\/\/floratiara.com\/#organization"},"potentialAction":[{"@type":"SearchAction","target":{"@type":"EntryPoint","urlTemplate":"https:\/\/floratiara.com\/?s={search_term_string}"},"query-input":{"@type":"PropertyValueSpecification","valueRequired":true,"valueName":"search_term_string"}}],"inLanguage":"hu"},{"@type":"Organization","@id":"https:\/\/floratiara.com\/#organization","name":"Flora Tiara","url":"https:\/\/floratiara.com\/","logo":{"@type":"ImageObject","inLanguage":"hu","@id":"https:\/\/floratiara.com\/#\/schema\/logo\/image\/","url":"https:\/\/floratiara.com\/wp-content\/uploads\/2024\/03\/flora-tiara-logo.png","contentUrl":"https:\/\/floratiara.com\/wp-content\/uploads\/2024\/03\/flora-tiara-logo.png","width":1024,"height":274,"caption":"Flora Tiara"},"image":{"@id":"https:\/\/floratiara.com\/#\/schema\/logo\/image\/"}}]}},"_links":{"self":[{"href":"https:\/\/floratiara.com\/hu\/wp-json\/wp\/v2\/product\/553","targetHints":{"allow":["GET"]}}],"collection":[{"href":"https:\/\/floratiara.com\/hu\/wp-json\/wp\/v2\/product"}],"about":[{"href":"https:\/\/floratiara.com\/hu\/wp-json\/wp\/v2\/types\/product"}],"wp:featuredmedia":[{"embeddable":true,"href":"https:\/\/floratiara.com\/hu\/wp-json\/wp\/v2\/media\/552"}],"wp:attachment":[{"href":"https:\/\/floratiara.com\/hu\/wp-json\/wp\/v2\/media?parent=553"}],"wp:term":[{"taxonomy":"product_brand","embeddable":true,"href":"https:\/\/floratiara.com\/hu\/wp-json\/wp\/v2\/product_brand?post=553"},{"taxonomy":"product_cat","embeddable":true,"href":"https:\/\/floratiara.com\/hu\/wp-json\/wp\/v2\/product_cat?post=553"},{"taxonomy":"product_tag","embeddable":true,"href":"https:\/\/floratiara.com\/hu\/wp-json\/wp\/v2\/product_tag?post=553"}],"curies":[{"name":"wp","href":"https:\/\/api.w.org\/{rel}","templated":true}]}}