{"id":561,"date":"2024-03-16T09:47:03","date_gmt":"2024-03-16T09:47:03","guid":{"rendered":"https:\/\/floratiara.com\/?post_type=product&#038;p=561"},"modified":"2024-12-12T01:41:20","modified_gmt":"2024-12-12T01:41:20","slug":"varazslatos-oszi-menyasszonyi-fejdiszek","status":"publish","type":"product","link":"https:\/\/floratiara.com\/hu\/p\/varazslatos-oszi-menyasszonyi-fejdiszek\/","title":{"rendered":"\u0150szi cs\u00e1sz\u00e1rn\u0151 vir\u00e1gos korona - Eleg\u00e1ns esk\u00fcv\u0151i fejd\u00edsz"},"content":{"rendered":"<p>Dobja fel k\u00fcl\u00f6nleges napj\u00e1t az \u0150szi Cs\u00e1sz\u00e1rn\u0151 vir\u00e1gkoron\u00e1val, amely az elegancia \u00e9s a kecsess\u00e9g megtestes\u00edt\u0151je. K\u00e9zzel k\u00e9sz\u00edtett bord\u00f3 margar\u00e9t\u00e1k, finom feh\u00e9r vir\u00e1gok \u00e9s csillog\u00f3 aranyl\u00f3 lombok sokas\u00e1g\u00e1val ez a fens\u00e9ges fejd\u00edsz az \u0151szi sz\u00e9ps\u00e9g esszenci\u00e1j\u00e1t ragadja meg. \u00c1ll\u00edthat\u00f3 kialak\u00edt\u00e1sa t\u00f6k\u00e9letes illeszked\u00e9st \u00edg\u00e9r, biztos\u00edtva a k\u00e9nyelmet \u00e9s a kifinomults\u00e1got minden \u00fcnneps\u00e9gen. Alak\u00edtsa \u00e1t megjelen\u00e9s\u00e9t a kir\u00e1lyi b\u00e1jt sug\u00e1rz\u00f3v\u00e1 ezzel a sokoldal\u00fa kieg\u00e9sz\u00edt\u0151vel, amely ide\u00e1lis esk\u00fcv\u0151re, fesztiv\u00e1lokra vagy b\u00e1rmely olyan pillanatra, amikor ragyogni szeretne. Tegyen nyilatkozatot ezzel a var\u00e1zslatos koron\u00e1val, \u00e9s vigye mag\u00e1val a term\u00e9szet pomp\u00e1j\u00e1t.<\/p><p>\u00d6sszet\u00e9tel: bord\u00f3 margar\u00e9t\u00e1k, kis feh\u00e9r vir\u00e1gok, arany bogy\u00f3k, arany levelek.<\/p>","protected":false},"excerpt":{"rendered":"<div style=\"width: 90%;text-align: left;margin: auto\"><p style=\"text-align:center\"><b>\ud83d\udc51 Kez\u00fcnkt\u0151l a fejedig<\/b><br \/><i>Luxus vir\u00e1gkoron\u00e1k minden alkalomra<\/i><\/p><ul><li>\u2702\ufe0f Crafted with Care in the Heart of <b>Magyarorsz\u00e1g<\/b><\/li><li><b>\ud83d\udc90 \u00d6sszet\u00e9tel: bord\u00f3 margar\u00e9t\u00e1k, kis feh\u00e9r vir\u00e1gok, arany bogy\u00f3k, arany levelek.<\/b><\/li><\/ul><\/div>","protected":false},"featured_media":560,"template":"","meta":[],"product_brand":[],"product_cat":[61,76,77,59],"product_tag":[],"class_list":{"0":"post-561","1":"product","2":"type-product","3":"status-publish","4":"has-post-thumbnail","6":"product_cat-bridesmaid-floral-headpiece","7":"product_cat-gold-floral-headpiece","8":"product_cat-red-floral-headpiece","9":"product_cat-bridal-floral-headpiece","11":"first","12":"instock","13":"shipping-taxable","14":"purchasable","15":"product-type-simple"},"yoast_head":"<!-- This site is optimized with the Yoast SEO plugin v25.9 - https:\/\/yoast.com\/wordpress\/plugins\/seo\/ -->\n<title>Autumn Empress Floral Crown - Elegant Wedding Headpiece - Flora Tiara<\/title>\n<meta name=\"description\" content=\"Unique and beautiful: Shop our Autumn Empress Floral Crown - Elegant Wedding Headpiece. Premium high quality headpiece to make the occasion unforgettable.\" \/>\n<meta name=\"robots\" content=\"index, follow, max-snippet:-1, max-image-preview:large, max-video-preview:-1\" \/>\n<link rel=\"canonical\" href=\"https:\/\/floratiara.com\/hu\/p\/varazslatos-oszi-menyasszonyi-fejdiszek\/\" \/>\n<meta property=\"og:locale\" content=\"hu_HU\" \/>\n<meta property=\"og:type\" content=\"article\" \/>\n<meta property=\"og:title\" content=\"Autumn Empress Floral Crown - Elegant Wedding Headpiece - Flora Tiara\" \/>\n<meta property=\"og:description\" content=\"Unique and beautiful: Shop our Autumn Empress Floral Crown - Elegant Wedding Headpiece. Premium high quality headpiece to make the occasion unforgettable.\" \/>\n<meta property=\"og:url\" content=\"https:\/\/floratiara.com\/hu\/p\/varazslatos-oszi-menyasszonyi-fejdiszek\/\" \/>\n<meta property=\"og:site_name\" content=\"Flora Tiara\" \/>\n<meta property=\"article:modified_time\" content=\"2024-12-12T01:41:20+00:00\" \/>\n<meta property=\"og:image\" content=\"https:\/\/floratiara.com\/wp-content\/uploads\/2024\/03\/Ha9bfc9a8435e40c0910177fe66a8cc65b.webp\" \/>\n\t<meta property=\"og:image:width\" content=\"1500\" \/>\n\t<meta property=\"og:image:height\" content=\"1500\" \/>\n\t<meta property=\"og:image:type\" content=\"image\/webp\" \/>\n<meta name=\"twitter:card\" content=\"summary_large_image\" \/>\n<meta name=\"twitter:label1\" content=\"Becs\u00fclt olvas\u00e1si id\u0151\" \/>\n\t<meta name=\"twitter:data1\" content=\"1 perc\" \/>\n<script type=\"application\/ld+json\" class=\"yoast-schema-graph\">{\"@context\":\"https:\/\/schema.org\",\"@graph\":[{\"@type\":\"WebPage\",\"@id\":\"https:\/\/floratiara.com\/p\/enchanting-fall-bridal-headwear\/\",\"url\":\"https:\/\/floratiara.com\/p\/enchanting-fall-bridal-headwear\/\",\"name\":\"Autumn Empress Floral Crown - Elegant Wedding Headpiece - Flora Tiara\",\"isPartOf\":{\"@id\":\"https:\/\/floratiara.com\/#website\"},\"primaryImageOfPage\":{\"@id\":\"https:\/\/floratiara.com\/p\/enchanting-fall-bridal-headwear\/#primaryimage\"},\"image\":{\"@id\":\"https:\/\/floratiara.com\/p\/enchanting-fall-bridal-headwear\/#primaryimage\"},\"thumbnailUrl\":\"https:\/\/floratiara.com\/wp-content\/uploads\/2024\/03\/Ha9bfc9a8435e40c0910177fe66a8cc65b.webp\",\"datePublished\":\"2024-03-16T09:47:03+00:00\",\"dateModified\":\"2024-12-12T01:41:20+00:00\",\"description\":\"Unique and beautiful: Shop our Autumn Empress Floral Crown - Elegant Wedding Headpiece. Premium high quality headpiece to make the occasion unforgettable.\",\"breadcrumb\":{\"@id\":\"https:\/\/floratiara.com\/p\/enchanting-fall-bridal-headwear\/#breadcrumb\"},\"inLanguage\":\"hu\",\"potentialAction\":[{\"@type\":\"ReadAction\",\"target\":[\"https:\/\/floratiara.com\/p\/enchanting-fall-bridal-headwear\/\"]}]},{\"@type\":\"ImageObject\",\"inLanguage\":\"hu\",\"@id\":\"https:\/\/floratiara.com\/p\/enchanting-fall-bridal-headwear\/#primaryimage\",\"url\":\"https:\/\/floratiara.com\/wp-content\/uploads\/2024\/03\/Ha9bfc9a8435e40c0910177fe66a8cc65b.webp\",\"contentUrl\":\"https:\/\/floratiara.com\/wp-content\/uploads\/2024\/03\/Ha9bfc9a8435e40c0910177fe66a8cc65b.webp\",\"width\":1500,\"height\":1500},{\"@type\":\"BreadcrumbList\",\"@id\":\"https:\/\/floratiara.com\/p\/enchanting-fall-bridal-headwear\/#breadcrumb\",\"itemListElement\":[{\"@type\":\"ListItem\",\"position\":1,\"name\":\"Home\",\"item\":\"https:\/\/floratiara.com\/\"},{\"@type\":\"ListItem\",\"position\":2,\"name\":\"Shop\",\"item\":\"https:\/\/floratiara.com\/shop\/\"},{\"@type\":\"ListItem\",\"position\":3,\"name\":\"Autumn Empress Floral Crown &#8211; Elegant Wedding Headpiece\"}]},{\"@type\":\"WebSite\",\"@id\":\"https:\/\/floratiara.com\/#website\",\"url\":\"https:\/\/floratiara.com\/\",\"name\":\"Flora Tiara\",\"description\":\"\",\"publisher\":{\"@id\":\"https:\/\/floratiara.com\/#organization\"},\"potentialAction\":[{\"@type\":\"SearchAction\",\"target\":{\"@type\":\"EntryPoint\",\"urlTemplate\":\"https:\/\/floratiara.com\/?s={search_term_string}\"},\"query-input\":{\"@type\":\"PropertyValueSpecification\",\"valueRequired\":true,\"valueName\":\"search_term_string\"}}],\"inLanguage\":\"hu\"},{\"@type\":\"Organization\",\"@id\":\"https:\/\/floratiara.com\/#organization\",\"name\":\"Flora Tiara\",\"url\":\"https:\/\/floratiara.com\/\",\"logo\":{\"@type\":\"ImageObject\",\"inLanguage\":\"hu\",\"@id\":\"https:\/\/floratiara.com\/#\/schema\/logo\/image\/\",\"url\":\"https:\/\/floratiara.com\/wp-content\/uploads\/2024\/03\/flora-tiara-logo.png\",\"contentUrl\":\"https:\/\/floratiara.com\/wp-content\/uploads\/2024\/03\/flora-tiara-logo.png\",\"width\":1024,\"height\":274,\"caption\":\"Flora Tiara\"},\"image\":{\"@id\":\"https:\/\/floratiara.com\/#\/schema\/logo\/image\/\"}}]}<\/script>\n<!-- \/ Yoast SEO plugin. -->","yoast_head_json":{"title":"\u0150szi cs\u00e1sz\u00e1rn\u0151 vir\u00e1gos korona - Eleg\u00e1ns esk\u00fcv\u0151i fejd\u00edsz - Flora Tiara","description":"Egyedi \u00e9s gy\u00f6ny\u00f6r\u0171: \u0150szi cs\u00e1sz\u00e1rn\u0151 vir\u00e1gos korona - eleg\u00e1ns esk\u00fcv\u0151i fejd\u00edsz. Pr\u00e9mium min\u0151s\u00e9g\u0171, kiv\u00e1l\u00f3 min\u0151s\u00e9g\u0171 fejd\u00edsz, hogy felejthetetlenn\u00e9 tegye az alkalmat.","robots":{"index":"index","follow":"follow","max-snippet":"max-snippet:-1","max-image-preview":"max-image-preview:large","max-video-preview":"max-video-preview:-1"},"canonical":"https:\/\/floratiara.com\/hu\/p\/varazslatos-oszi-menyasszonyi-fejdiszek\/","og_locale":"hu_HU","og_type":"article","og_title":"Autumn Empress Floral Crown - Elegant Wedding Headpiece - Flora Tiara","og_description":"Unique and beautiful: Shop our Autumn Empress Floral Crown - Elegant Wedding Headpiece. Premium high quality headpiece to make the occasion unforgettable.","og_url":"https:\/\/floratiara.com\/hu\/p\/varazslatos-oszi-menyasszonyi-fejdiszek\/","og_site_name":"Flora Tiara","article_modified_time":"2024-12-12T01:41:20+00:00","og_image":[{"width":1500,"height":1500,"url":"https:\/\/floratiara.com\/wp-content\/uploads\/2024\/03\/Ha9bfc9a8435e40c0910177fe66a8cc65b.webp","type":"image\/webp"}],"twitter_card":"summary_large_image","twitter_misc":{"Becs\u00fclt olvas\u00e1si id\u0151":"1 perc"},"schema":{"@context":"https:\/\/schema.org","@graph":[{"@type":"WebPage","@id":"https:\/\/floratiara.com\/p\/enchanting-fall-bridal-headwear\/","url":"https:\/\/floratiara.com\/p\/enchanting-fall-bridal-headwear\/","name":"\u0150szi cs\u00e1sz\u00e1rn\u0151 vir\u00e1gos korona - Eleg\u00e1ns esk\u00fcv\u0151i fejd\u00edsz - Flora Tiara","isPartOf":{"@id":"https:\/\/floratiara.com\/#website"},"primaryImageOfPage":{"@id":"https:\/\/floratiara.com\/p\/enchanting-fall-bridal-headwear\/#primaryimage"},"image":{"@id":"https:\/\/floratiara.com\/p\/enchanting-fall-bridal-headwear\/#primaryimage"},"thumbnailUrl":"https:\/\/floratiara.com\/wp-content\/uploads\/2024\/03\/Ha9bfc9a8435e40c0910177fe66a8cc65b.webp","datePublished":"2024-03-16T09:47:03+00:00","dateModified":"2024-12-12T01:41:20+00:00","description":"Egyedi \u00e9s gy\u00f6ny\u00f6r\u0171: \u0150szi cs\u00e1sz\u00e1rn\u0151 vir\u00e1gos korona - eleg\u00e1ns esk\u00fcv\u0151i fejd\u00edsz. Pr\u00e9mium min\u0151s\u00e9g\u0171, kiv\u00e1l\u00f3 min\u0151s\u00e9g\u0171 fejd\u00edsz, hogy felejthetetlenn\u00e9 tegye az alkalmat.","breadcrumb":{"@id":"https:\/\/floratiara.com\/p\/enchanting-fall-bridal-headwear\/#breadcrumb"},"inLanguage":"hu","potentialAction":[{"@type":"ReadAction","target":["https:\/\/floratiara.com\/p\/enchanting-fall-bridal-headwear\/"]}]},{"@type":"ImageObject","inLanguage":"hu","@id":"https:\/\/floratiara.com\/p\/enchanting-fall-bridal-headwear\/#primaryimage","url":"https:\/\/floratiara.com\/wp-content\/uploads\/2024\/03\/Ha9bfc9a8435e40c0910177fe66a8cc65b.webp","contentUrl":"https:\/\/floratiara.com\/wp-content\/uploads\/2024\/03\/Ha9bfc9a8435e40c0910177fe66a8cc65b.webp","width":1500,"height":1500},{"@type":"BreadcrumbList","@id":"https:\/\/floratiara.com\/p\/enchanting-fall-bridal-headwear\/#breadcrumb","itemListElement":[{"@type":"ListItem","position":1,"name":"Home","item":"https:\/\/floratiara.com\/"},{"@type":"ListItem","position":2,"name":"Shop","item":"https:\/\/floratiara.com\/shop\/"},{"@type":"ListItem","position":3,"name":"Autumn Empress Floral Crown &#8211; Elegant Wedding Headpiece"}]},{"@type":"WebSite","@id":"https:\/\/floratiara.com\/#website","url":"https:\/\/floratiara.com\/","name":"Flora Tiara","description":"","publisher":{"@id":"https:\/\/floratiara.com\/#organization"},"potentialAction":[{"@type":"SearchAction","target":{"@type":"EntryPoint","urlTemplate":"https:\/\/floratiara.com\/?s={search_term_string}"},"query-input":{"@type":"PropertyValueSpecification","valueRequired":true,"valueName":"search_term_string"}}],"inLanguage":"hu"},{"@type":"Organization","@id":"https:\/\/floratiara.com\/#organization","name":"Flora Tiara","url":"https:\/\/floratiara.com\/","logo":{"@type":"ImageObject","inLanguage":"hu","@id":"https:\/\/floratiara.com\/#\/schema\/logo\/image\/","url":"https:\/\/floratiara.com\/wp-content\/uploads\/2024\/03\/flora-tiara-logo.png","contentUrl":"https:\/\/floratiara.com\/wp-content\/uploads\/2024\/03\/flora-tiara-logo.png","width":1024,"height":274,"caption":"Flora Tiara"},"image":{"@id":"https:\/\/floratiara.com\/#\/schema\/logo\/image\/"}}]}},"_links":{"self":[{"href":"https:\/\/floratiara.com\/hu\/wp-json\/wp\/v2\/product\/561","targetHints":{"allow":["GET"]}}],"collection":[{"href":"https:\/\/floratiara.com\/hu\/wp-json\/wp\/v2\/product"}],"about":[{"href":"https:\/\/floratiara.com\/hu\/wp-json\/wp\/v2\/types\/product"}],"wp:featuredmedia":[{"embeddable":true,"href":"https:\/\/floratiara.com\/hu\/wp-json\/wp\/v2\/media\/560"}],"wp:attachment":[{"href":"https:\/\/floratiara.com\/hu\/wp-json\/wp\/v2\/media?parent=561"}],"wp:term":[{"taxonomy":"product_brand","embeddable":true,"href":"https:\/\/floratiara.com\/hu\/wp-json\/wp\/v2\/product_brand?post=561"},{"taxonomy":"product_cat","embeddable":true,"href":"https:\/\/floratiara.com\/hu\/wp-json\/wp\/v2\/product_cat?post=561"},{"taxonomy":"product_tag","embeddable":true,"href":"https:\/\/floratiara.com\/hu\/wp-json\/wp\/v2\/product_tag?post=561"}],"curies":[{"name":"wp","href":"https:\/\/api.w.org\/{rel}","templated":true}]}}