{"id":637,"date":"2024-03-16T10:27:20","date_gmt":"2024-03-16T10:27:20","guid":{"rendered":"https:\/\/floratiara.com\/?post_type=product&#038;p=637"},"modified":"2024-12-12T01:39:16","modified_gmt":"2024-12-12T01:39:16","slug":"szines-unnepi-viragos-fejpant","status":"publish","type":"product","link":"https:\/\/floratiara.com\/hu\/p\/szines-unnepi-viragos-fejpant\/","title":{"rendered":"\u00c9l\u00e9nk bazsar\u00f3zsa vir\u00e1g korona fejd\u00edsz n\u0151knek"},"content":{"rendered":"<p>L\u00e9pjen a reflektorf\u00e9nybe az \"Elvar\u00e1zsolt vir\u00e1g\" vir\u00e1gkoron\u00e1val, amely a sz\u00ednek \u00e9s a design remekm\u0171ve. Minden egyes d\u00edszes darab apr\u00f3l\u00e9kosan kidolgozott, gazdag sz\u00edn\u0171 r\u00f3zs\u00e1kkal \u00e9s eleg\u00e1ns d\u00edszes levelekkel, amelyek kifinomults\u00e1got \u00e9s kecsess\u00e9get sug\u00e1roznak. T\u00f6k\u00e9letes fesztiv\u00e1lokra, esk\u00fcv\u0151kre \u00e9s kultur\u00e1lis \u00fcnneps\u00e9gekre, ez az eleg\u00e1ns fejp\u00e1nt b\u00e1rmely ruhat\u00e1r kiemelked\u0151 kieg\u00e9sz\u00edt\u0151je, amely var\u00e1zslatos vonzerej\u00e9vel \u00edg\u00e9ri, hogy \u00e1talak\u00edtja megjelen\u00e9s\u00e9t. Ragadd meg a pillanatot, hogy elk\u00e9nyeztesd magad ezzel a luxus kieg\u00e9sz\u00edt\u0151vel, \u00e9s hagyd, hogy st\u00edlusod magabiztosan \u00e9s magabiztosan vir\u00e1gozzon. Eg\u00e9sz\u00edtse ki gy\u0171jtem\u00e9ny\u00e9t ezzel a kihagyhatatlan d\u00edsz\u00edt\u00e9ssel m\u00e9g ma, \u00e9s gy\u00f6ny\u00f6rk\u00f6dj\u00f6n id\u0151tlen sz\u00e9ps\u00e9g\u00e9ben.<\/p><p>\u00d6sszet\u00e9tel: narancss\u00e1rga r\u00f3zsa, v\u00f6r\u00f6s r\u00f3zsa, fekete d\u00edsz\u00edt\u0151 levelek, z\u00f6ld d\u00edsz\u00edt\u0151 levelek, k\u00e9k r\u00f3zsa \u00e9s r\u00f3zsasz\u00edn r\u00f3zsa.<\/p>","protected":false},"excerpt":{"rendered":"<div style=\"width: 90%;text-align: left;margin: auto\"><p style=\"text-align:center\"><b>\ud83d\udc51 Kez\u00fcnkt\u0151l a fejedig<\/b><br \/><i>Luxus vir\u00e1gkoron\u00e1k minden alkalomra<\/i><\/p><ul><li>\u2702\ufe0f Crafted with Care in the Heart of <b>Magyarorsz\u00e1g<\/b><\/li><li><b>\ud83d\udc90 \u00d6sszet\u00e9tel: narancss\u00e1rga r\u00f3zsa, v\u00f6r\u00f6s r\u00f3zsa, fekete dekorat\u00edv levelek, z\u00f6ld dekorat\u00edv levelek, k\u00e9k r\u00f3zsa \u00e9s r\u00f3zsasz\u00edn r\u00f3zsa.<\/b><\/li><\/ul><\/div>","protected":false},"featured_media":636,"template":"","meta":[],"product_brand":[],"product_cat":[15],"product_tag":[],"class_list":{"0":"post-637","1":"product","2":"type-product","3":"status-publish","4":"has-post-thumbnail","6":"product_cat-uncategorized","8":"first","9":"instock","10":"shipping-taxable","11":"purchasable","12":"product-type-simple"},"yoast_head":"<!-- This site is optimized with the Yoast SEO plugin v25.9 - https:\/\/yoast.com\/wordpress\/plugins\/seo\/ -->\n<title>Vibrant Peony Flower Crown Headpiece for Women - Flora Tiara<\/title>\n<meta name=\"description\" content=\"Unique and beautiful: Shop our Vibrant Peony Flower Crown Headpiece for Women. Premium high quality headpiece to make the occasion unforgettable.\" \/>\n<meta name=\"robots\" content=\"index, follow, max-snippet:-1, max-image-preview:large, max-video-preview:-1\" \/>\n<link rel=\"canonical\" href=\"https:\/\/floratiara.com\/hu\/p\/szines-unnepi-viragos-fejpant\/\" \/>\n<meta property=\"og:locale\" content=\"hu_HU\" \/>\n<meta property=\"og:type\" content=\"article\" \/>\n<meta property=\"og:title\" content=\"Vibrant Peony Flower Crown Headpiece for Women - Flora Tiara\" \/>\n<meta property=\"og:description\" content=\"Unique and beautiful: Shop our Vibrant Peony Flower Crown Headpiece for Women. Premium high quality headpiece to make the occasion unforgettable.\" \/>\n<meta property=\"og:url\" content=\"https:\/\/floratiara.com\/hu\/p\/szines-unnepi-viragos-fejpant\/\" \/>\n<meta property=\"og:site_name\" content=\"Flora Tiara\" \/>\n<meta property=\"article:modified_time\" content=\"2024-12-12T01:39:16+00:00\" \/>\n<meta property=\"og:image\" content=\"https:\/\/floratiara.com\/wp-content\/uploads\/2024\/03\/Sbc72427a6b9d4a818adb99ac986d9d80v.webp\" \/>\n\t<meta property=\"og:image:width\" content=\"800\" \/>\n\t<meta property=\"og:image:height\" content=\"800\" \/>\n\t<meta property=\"og:image:type\" content=\"image\/webp\" \/>\n<meta name=\"twitter:card\" content=\"summary_large_image\" \/>\n<meta name=\"twitter:label1\" content=\"Becs\u00fclt olvas\u00e1si id\u0151\" \/>\n\t<meta name=\"twitter:data1\" content=\"1 perc\" \/>\n<script type=\"application\/ld+json\" class=\"yoast-schema-graph\">{\"@context\":\"https:\/\/schema.org\",\"@graph\":[{\"@type\":\"WebPage\",\"@id\":\"https:\/\/floratiara.com\/p\/colorful-festive-floral-headband\/\",\"url\":\"https:\/\/floratiara.com\/p\/colorful-festive-floral-headband\/\",\"name\":\"Vibrant Peony Flower Crown Headpiece for Women - Flora Tiara\",\"isPartOf\":{\"@id\":\"https:\/\/floratiara.com\/#website\"},\"primaryImageOfPage\":{\"@id\":\"https:\/\/floratiara.com\/p\/colorful-festive-floral-headband\/#primaryimage\"},\"image\":{\"@id\":\"https:\/\/floratiara.com\/p\/colorful-festive-floral-headband\/#primaryimage\"},\"thumbnailUrl\":\"https:\/\/floratiara.com\/wp-content\/uploads\/2024\/03\/Sbc72427a6b9d4a818adb99ac986d9d80v.webp\",\"datePublished\":\"2024-03-16T10:27:20+00:00\",\"dateModified\":\"2024-12-12T01:39:16+00:00\",\"description\":\"Unique and beautiful: Shop our Vibrant Peony Flower Crown Headpiece for Women. Premium high quality headpiece to make the occasion unforgettable.\",\"breadcrumb\":{\"@id\":\"https:\/\/floratiara.com\/p\/colorful-festive-floral-headband\/#breadcrumb\"},\"inLanguage\":\"hu\",\"potentialAction\":[{\"@type\":\"ReadAction\",\"target\":[\"https:\/\/floratiara.com\/p\/colorful-festive-floral-headband\/\"]}]},{\"@type\":\"ImageObject\",\"inLanguage\":\"hu\",\"@id\":\"https:\/\/floratiara.com\/p\/colorful-festive-floral-headband\/#primaryimage\",\"url\":\"https:\/\/floratiara.com\/wp-content\/uploads\/2024\/03\/Sbc72427a6b9d4a818adb99ac986d9d80v.webp\",\"contentUrl\":\"https:\/\/floratiara.com\/wp-content\/uploads\/2024\/03\/Sbc72427a6b9d4a818adb99ac986d9d80v.webp\",\"width\":800,\"height\":800},{\"@type\":\"BreadcrumbList\",\"@id\":\"https:\/\/floratiara.com\/p\/colorful-festive-floral-headband\/#breadcrumb\",\"itemListElement\":[{\"@type\":\"ListItem\",\"position\":1,\"name\":\"Home\",\"item\":\"https:\/\/floratiara.com\/\"},{\"@type\":\"ListItem\",\"position\":2,\"name\":\"Shop\",\"item\":\"https:\/\/floratiara.com\/shop\/\"},{\"@type\":\"ListItem\",\"position\":3,\"name\":\"Vibrant Peony Flower Crown Headpiece for Women\"}]},{\"@type\":\"WebSite\",\"@id\":\"https:\/\/floratiara.com\/#website\",\"url\":\"https:\/\/floratiara.com\/\",\"name\":\"Flora Tiara\",\"description\":\"\",\"publisher\":{\"@id\":\"https:\/\/floratiara.com\/#organization\"},\"potentialAction\":[{\"@type\":\"SearchAction\",\"target\":{\"@type\":\"EntryPoint\",\"urlTemplate\":\"https:\/\/floratiara.com\/?s={search_term_string}\"},\"query-input\":{\"@type\":\"PropertyValueSpecification\",\"valueRequired\":true,\"valueName\":\"search_term_string\"}}],\"inLanguage\":\"hu\"},{\"@type\":\"Organization\",\"@id\":\"https:\/\/floratiara.com\/#organization\",\"name\":\"Flora Tiara\",\"url\":\"https:\/\/floratiara.com\/\",\"logo\":{\"@type\":\"ImageObject\",\"inLanguage\":\"hu\",\"@id\":\"https:\/\/floratiara.com\/#\/schema\/logo\/image\/\",\"url\":\"https:\/\/floratiara.com\/wp-content\/uploads\/2024\/03\/flora-tiara-logo.png\",\"contentUrl\":\"https:\/\/floratiara.com\/wp-content\/uploads\/2024\/03\/flora-tiara-logo.png\",\"width\":1024,\"height\":274,\"caption\":\"Flora Tiara\"},\"image\":{\"@id\":\"https:\/\/floratiara.com\/#\/schema\/logo\/image\/\"}}]}<\/script>\n<!-- \/ Yoast SEO plugin. -->","yoast_head_json":{"title":"\u00c9l\u00e9nk bazsar\u00f3zsa vir\u00e1g korona fejd\u00edsz n\u0151knek - Flora Tiara","description":"Egyedi \u00e9s gy\u00f6ny\u00f6r\u0171: V\u00e1s\u00e1rolja meg \u00e9l\u00e9nk bazsar\u00f3zsa vir\u00e1gkorona fejd\u00edsz\u00fcnket n\u0151knek. Pr\u00e9mium min\u0151s\u00e9g\u0171, kiv\u00e1l\u00f3 min\u0151s\u00e9g\u0171 fejd\u00edsz, hogy felejthetetlenn\u00e9 tegye az alkalmat.","robots":{"index":"index","follow":"follow","max-snippet":"max-snippet:-1","max-image-preview":"max-image-preview:large","max-video-preview":"max-video-preview:-1"},"canonical":"https:\/\/floratiara.com\/hu\/p\/szines-unnepi-viragos-fejpant\/","og_locale":"hu_HU","og_type":"article","og_title":"Vibrant Peony Flower Crown Headpiece for Women - Flora Tiara","og_description":"Unique and beautiful: Shop our Vibrant Peony Flower Crown Headpiece for Women. Premium high quality headpiece to make the occasion unforgettable.","og_url":"https:\/\/floratiara.com\/hu\/p\/szines-unnepi-viragos-fejpant\/","og_site_name":"Flora Tiara","article_modified_time":"2024-12-12T01:39:16+00:00","og_image":[{"width":800,"height":800,"url":"https:\/\/floratiara.com\/wp-content\/uploads\/2024\/03\/Sbc72427a6b9d4a818adb99ac986d9d80v.webp","type":"image\/webp"}],"twitter_card":"summary_large_image","twitter_misc":{"Becs\u00fclt olvas\u00e1si id\u0151":"1 perc"},"schema":{"@context":"https:\/\/schema.org","@graph":[{"@type":"WebPage","@id":"https:\/\/floratiara.com\/p\/colorful-festive-floral-headband\/","url":"https:\/\/floratiara.com\/p\/colorful-festive-floral-headband\/","name":"\u00c9l\u00e9nk bazsar\u00f3zsa vir\u00e1g korona fejd\u00edsz n\u0151knek - Flora Tiara","isPartOf":{"@id":"https:\/\/floratiara.com\/#website"},"primaryImageOfPage":{"@id":"https:\/\/floratiara.com\/p\/colorful-festive-floral-headband\/#primaryimage"},"image":{"@id":"https:\/\/floratiara.com\/p\/colorful-festive-floral-headband\/#primaryimage"},"thumbnailUrl":"https:\/\/floratiara.com\/wp-content\/uploads\/2024\/03\/Sbc72427a6b9d4a818adb99ac986d9d80v.webp","datePublished":"2024-03-16T10:27:20+00:00","dateModified":"2024-12-12T01:39:16+00:00","description":"Egyedi \u00e9s gy\u00f6ny\u00f6r\u0171: V\u00e1s\u00e1rolja meg \u00e9l\u00e9nk bazsar\u00f3zsa vir\u00e1gkorona fejd\u00edsz\u00fcnket n\u0151knek. Pr\u00e9mium min\u0151s\u00e9g\u0171, kiv\u00e1l\u00f3 min\u0151s\u00e9g\u0171 fejd\u00edsz, hogy felejthetetlenn\u00e9 tegye az alkalmat.","breadcrumb":{"@id":"https:\/\/floratiara.com\/p\/colorful-festive-floral-headband\/#breadcrumb"},"inLanguage":"hu","potentialAction":[{"@type":"ReadAction","target":["https:\/\/floratiara.com\/p\/colorful-festive-floral-headband\/"]}]},{"@type":"ImageObject","inLanguage":"hu","@id":"https:\/\/floratiara.com\/p\/colorful-festive-floral-headband\/#primaryimage","url":"https:\/\/floratiara.com\/wp-content\/uploads\/2024\/03\/Sbc72427a6b9d4a818adb99ac986d9d80v.webp","contentUrl":"https:\/\/floratiara.com\/wp-content\/uploads\/2024\/03\/Sbc72427a6b9d4a818adb99ac986d9d80v.webp","width":800,"height":800},{"@type":"BreadcrumbList","@id":"https:\/\/floratiara.com\/p\/colorful-festive-floral-headband\/#breadcrumb","itemListElement":[{"@type":"ListItem","position":1,"name":"Home","item":"https:\/\/floratiara.com\/"},{"@type":"ListItem","position":2,"name":"Shop","item":"https:\/\/floratiara.com\/shop\/"},{"@type":"ListItem","position":3,"name":"Vibrant Peony Flower Crown Headpiece for Women"}]},{"@type":"WebSite","@id":"https:\/\/floratiara.com\/#website","url":"https:\/\/floratiara.com\/","name":"Flora Tiara","description":"","publisher":{"@id":"https:\/\/floratiara.com\/#organization"},"potentialAction":[{"@type":"SearchAction","target":{"@type":"EntryPoint","urlTemplate":"https:\/\/floratiara.com\/?s={search_term_string}"},"query-input":{"@type":"PropertyValueSpecification","valueRequired":true,"valueName":"search_term_string"}}],"inLanguage":"hu"},{"@type":"Organization","@id":"https:\/\/floratiara.com\/#organization","name":"Flora Tiara","url":"https:\/\/floratiara.com\/","logo":{"@type":"ImageObject","inLanguage":"hu","@id":"https:\/\/floratiara.com\/#\/schema\/logo\/image\/","url":"https:\/\/floratiara.com\/wp-content\/uploads\/2024\/03\/flora-tiara-logo.png","contentUrl":"https:\/\/floratiara.com\/wp-content\/uploads\/2024\/03\/flora-tiara-logo.png","width":1024,"height":274,"caption":"Flora Tiara"},"image":{"@id":"https:\/\/floratiara.com\/#\/schema\/logo\/image\/"}}]}},"_links":{"self":[{"href":"https:\/\/floratiara.com\/hu\/wp-json\/wp\/v2\/product\/637","targetHints":{"allow":["GET"]}}],"collection":[{"href":"https:\/\/floratiara.com\/hu\/wp-json\/wp\/v2\/product"}],"about":[{"href":"https:\/\/floratiara.com\/hu\/wp-json\/wp\/v2\/types\/product"}],"wp:featuredmedia":[{"embeddable":true,"href":"https:\/\/floratiara.com\/hu\/wp-json\/wp\/v2\/media\/636"}],"wp:attachment":[{"href":"https:\/\/floratiara.com\/hu\/wp-json\/wp\/v2\/media?parent=637"}],"wp:term":[{"taxonomy":"product_brand","embeddable":true,"href":"https:\/\/floratiara.com\/hu\/wp-json\/wp\/v2\/product_brand?post=637"},{"taxonomy":"product_cat","embeddable":true,"href":"https:\/\/floratiara.com\/hu\/wp-json\/wp\/v2\/product_cat?post=637"},{"taxonomy":"product_tag","embeddable":true,"href":"https:\/\/floratiara.com\/hu\/wp-json\/wp\/v2\/product_tag?post=637"}],"curies":[{"name":"wp","href":"https:\/\/api.w.org\/{rel}","templated":true}]}}