{"id":645,"date":"2024-03-16T10:30:19","date_gmt":"2024-03-16T10:30:19","guid":{"rendered":"https:\/\/floratiara.com\/?post_type=product&#038;p=645"},"modified":"2025-07-22T03:50:46","modified_gmt":"2025-07-22T03:50:46","slug":"bohem-stilusu-menyasszonyi-virag-fejdisz","status":"publish","type":"product","link":"https:\/\/floratiara.com\/hu\/p\/bohem-stilusu-menyasszonyi-virag-fejdisz\/","title":{"rendered":"Boho Chic vir\u00e1gos korona fejp\u00e1nt esk\u00fcv\u0151kre"},"content":{"rendered":"<p>K\u00e9pzelje el, hogy a Boho Chic vir\u00e1gos koron\u00e1s fejp\u00e1ntunkkal d\u00edsz\u00edtve s\u00e9t\u00e1l az olt\u00e1rhoz, amely egy gy\u00f6ny\u00f6r\u0171 kieg\u00e9sz\u00edt\u0151je a k\u00fcl\u00f6nleges napj\u00e1nak. Minden korona szeretettel k\u00e9zzel k\u00e9sz\u00edtett, \u00e9l\u00e9nk kr\u00e9msz\u00edn\u0171 \u00e9s r\u00f3zsasz\u00edn\u0171 p\u00fcnk\u00f6sdi r\u00f3zs\u00e1kb\u00f3l, piros kam\u00e9li\u00e1kb\u00f3l \u00e9s r\u00f3zsasz\u00edn cseresznyevir\u00e1gokb\u00f3l \u00e1ll, amelyeket szesz\u00e9lyes piros bogy\u00f3k \u00e9s buja z\u00f6ld levelek eg\u00e9sz\u00edtenek ki. Ez a var\u00e1zslatos fejd\u00edsz sokoldal\u00fa b\u00e1jt k\u00edn\u00e1l, amely b\u00e1rmilyen frizur\u00e1hoz z\u00f6kken\u0151mentesen illeszkedik. T\u00f6k\u00e9letes besz\u00e9lget\u00e9sind\u00edt\u00f3, egy csipetnyi eleganci\u00e1t \u00e9s sz\u00ednt ad, amely teljess\u00e9 teszi esk\u00fcv\u0151i megjelen\u00e9s\u00e9t. Tegye felejthetetlenn\u00e9 az \u00fcnneps\u00e9get ezzel az eleg\u00e1ns, pr\u00e9mium min\u0151s\u00e9g\u0171 vir\u00e1gos hajkieg\u00e9sz\u00edt\u0151vel.<\/p><p>\u00d6sszet\u00e9tel: kr\u00e9msz\u00edn\u0171 bazsar\u00f3zsa, r\u00f3zsasz\u00edn\u0171 bazsar\u00f3zsa, piros kam\u00e9lia, r\u00f3zsasz\u00edn\u0171 cseresznyevir\u00e1g, kis piros bogy\u00f3k \u00e9s z\u00f6ld levelek.<\/p>","protected":false},"excerpt":{"rendered":"<div style=\"width: 90%;text-align: left;margin: auto\"><p style=\"text-align:center\"><b>\ud83d\udc51 Kez\u00fcnkt\u0151l a fejedig<\/b><br \/><i>Luxus vir\u00e1gkoron\u00e1k minden alkalomra<\/i><\/p><ul><li>\u2702\ufe0f Crafted with Care in the Heart of <b>Magyarorsz\u00e1g<\/b><\/li><li><b>\ud83d\udc90 \u00d6sszet\u00e9tel: kr\u00e9msz\u00edn\u0171 p\u00fcnk\u00f6sdi r\u00f3zsasz\u00edn p\u00fcnk\u00f6sdi r\u00f3zs\u00e1k, piros kam\u00e9li\u00e1k, r\u00f3zsasz\u00edn cseresznyevir\u00e1gok, kis piros bogy\u00f3k \u00e9s z\u00f6ld levelek.<\/b><\/li><\/ul><\/div>","protected":false},"featured_media":644,"template":"","meta":[],"product_brand":[],"product_cat":[68],"product_tag":[],"class_list":{"0":"post-645","1":"product","2":"type-product","3":"status-publish","4":"has-post-thumbnail","6":"product_cat-floral-headpiece-headband","8":"first","9":"instock","10":"shipping-taxable","11":"purchasable","12":"product-type-simple"},"yoast_head":"<!-- This site is optimized with the Yoast SEO plugin v25.9 - https:\/\/yoast.com\/wordpress\/plugins\/seo\/ -->\n<title>Boho Chic Floral Crown Headband for Weddings - Flora Tiara<\/title>\n<meta name=\"description\" content=\"Unique and beautiful: Shop our Boho Chic Floral Crown Headband for Weddings. Premium high quality headpiece to make the occasion unforgettable.\" \/>\n<meta name=\"robots\" content=\"index, follow, max-snippet:-1, max-image-preview:large, max-video-preview:-1\" \/>\n<link rel=\"canonical\" href=\"https:\/\/floratiara.com\/hu\/p\/bohem-stilusu-menyasszonyi-virag-fejdisz\/\" \/>\n<meta property=\"og:locale\" content=\"hu_HU\" \/>\n<meta property=\"og:type\" content=\"article\" \/>\n<meta property=\"og:title\" content=\"Boho Chic Floral Crown Headband for Weddings - Flora Tiara\" \/>\n<meta property=\"og:description\" content=\"Unique and beautiful: Shop our Boho Chic Floral Crown Headband for Weddings. Premium high quality headpiece to make the occasion unforgettable.\" \/>\n<meta property=\"og:url\" content=\"https:\/\/floratiara.com\/hu\/p\/bohem-stilusu-menyasszonyi-virag-fejdisz\/\" \/>\n<meta property=\"og:site_name\" content=\"Flora Tiara\" \/>\n<meta property=\"article:modified_time\" content=\"2025-07-22T03:50:46+00:00\" \/>\n<meta property=\"og:image\" content=\"https:\/\/floratiara.com\/wp-content\/uploads\/2024\/03\/S43ecedcc7745403dbc459d1bcd79154eQ.webp\" \/>\n\t<meta property=\"og:image:width\" content=\"900\" \/>\n\t<meta property=\"og:image:height\" content=\"900\" \/>\n\t<meta property=\"og:image:type\" content=\"image\/webp\" \/>\n<meta name=\"twitter:card\" content=\"summary_large_image\" \/>\n<meta name=\"twitter:label1\" content=\"Becs\u00fclt olvas\u00e1si id\u0151\" \/>\n\t<meta name=\"twitter:data1\" content=\"1 perc\" \/>\n<script type=\"application\/ld+json\" class=\"yoast-schema-graph\">{\"@context\":\"https:\/\/schema.org\",\"@graph\":[{\"@type\":\"WebPage\",\"@id\":\"https:\/\/floratiara.com\/p\/bohemian-style-bridal-flower-headpiece\/\",\"url\":\"https:\/\/floratiara.com\/p\/bohemian-style-bridal-flower-headpiece\/\",\"name\":\"Boho Chic Floral Crown Headband for Weddings - Flora Tiara\",\"isPartOf\":{\"@id\":\"https:\/\/floratiara.com\/#website\"},\"primaryImageOfPage\":{\"@id\":\"https:\/\/floratiara.com\/p\/bohemian-style-bridal-flower-headpiece\/#primaryimage\"},\"image\":{\"@id\":\"https:\/\/floratiara.com\/p\/bohemian-style-bridal-flower-headpiece\/#primaryimage\"},\"thumbnailUrl\":\"https:\/\/floratiara.com\/wp-content\/uploads\/2024\/03\/S43ecedcc7745403dbc459d1bcd79154eQ.webp\",\"datePublished\":\"2024-03-16T10:30:19+00:00\",\"dateModified\":\"2025-07-22T03:50:46+00:00\",\"description\":\"Unique and beautiful: Shop our Boho Chic Floral Crown Headband for Weddings. Premium high quality headpiece to make the occasion unforgettable.\",\"breadcrumb\":{\"@id\":\"https:\/\/floratiara.com\/p\/bohemian-style-bridal-flower-headpiece\/#breadcrumb\"},\"inLanguage\":\"hu\",\"potentialAction\":[{\"@type\":\"ReadAction\",\"target\":[\"https:\/\/floratiara.com\/p\/bohemian-style-bridal-flower-headpiece\/\"]}]},{\"@type\":\"ImageObject\",\"inLanguage\":\"hu\",\"@id\":\"https:\/\/floratiara.com\/p\/bohemian-style-bridal-flower-headpiece\/#primaryimage\",\"url\":\"https:\/\/floratiara.com\/wp-content\/uploads\/2024\/03\/S43ecedcc7745403dbc459d1bcd79154eQ.webp\",\"contentUrl\":\"https:\/\/floratiara.com\/wp-content\/uploads\/2024\/03\/S43ecedcc7745403dbc459d1bcd79154eQ.webp\",\"width\":900,\"height\":900},{\"@type\":\"BreadcrumbList\",\"@id\":\"https:\/\/floratiara.com\/p\/bohemian-style-bridal-flower-headpiece\/#breadcrumb\",\"itemListElement\":[{\"@type\":\"ListItem\",\"position\":1,\"name\":\"Home\",\"item\":\"https:\/\/floratiara.com\/\"},{\"@type\":\"ListItem\",\"position\":2,\"name\":\"Shop\",\"item\":\"https:\/\/floratiara.com\/shop\/\"},{\"@type\":\"ListItem\",\"position\":3,\"name\":\"Boho Chic Floral Crown Headband for Weddings\"}]},{\"@type\":\"WebSite\",\"@id\":\"https:\/\/floratiara.com\/#website\",\"url\":\"https:\/\/floratiara.com\/\",\"name\":\"Flora Tiara\",\"description\":\"\",\"publisher\":{\"@id\":\"https:\/\/floratiara.com\/#organization\"},\"potentialAction\":[{\"@type\":\"SearchAction\",\"target\":{\"@type\":\"EntryPoint\",\"urlTemplate\":\"https:\/\/floratiara.com\/?s={search_term_string}\"},\"query-input\":{\"@type\":\"PropertyValueSpecification\",\"valueRequired\":true,\"valueName\":\"search_term_string\"}}],\"inLanguage\":\"hu\"},{\"@type\":\"Organization\",\"@id\":\"https:\/\/floratiara.com\/#organization\",\"name\":\"Flora Tiara\",\"url\":\"https:\/\/floratiara.com\/\",\"logo\":{\"@type\":\"ImageObject\",\"inLanguage\":\"hu\",\"@id\":\"https:\/\/floratiara.com\/#\/schema\/logo\/image\/\",\"url\":\"https:\/\/floratiara.com\/wp-content\/uploads\/2024\/03\/flora-tiara-logo.png\",\"contentUrl\":\"https:\/\/floratiara.com\/wp-content\/uploads\/2024\/03\/flora-tiara-logo.png\",\"width\":1024,\"height\":274,\"caption\":\"Flora Tiara\"},\"image\":{\"@id\":\"https:\/\/floratiara.com\/#\/schema\/logo\/image\/\"}}]}<\/script>\n<!-- \/ Yoast SEO plugin. -->","yoast_head_json":{"title":"Boho Chic vir\u00e1gos korona fejp\u00e1nt esk\u00fcv\u0151kre - Flora Tiara","description":"Egyedi \u00e9s gy\u00f6ny\u00f6r\u0171: Bolti Boho Chic vir\u00e1gos koron\u00e1s fejp\u00e1nt esk\u00fcv\u0151re. Pr\u00e9mium min\u0151s\u00e9g\u0171, kiv\u00e1l\u00f3 min\u0151s\u00e9g\u0171 fejd\u00edsz, hogy felejthetetlenn\u00e9 tegye az alkalmat.","robots":{"index":"index","follow":"follow","max-snippet":"max-snippet:-1","max-image-preview":"max-image-preview:large","max-video-preview":"max-video-preview:-1"},"canonical":"https:\/\/floratiara.com\/hu\/p\/bohem-stilusu-menyasszonyi-virag-fejdisz\/","og_locale":"hu_HU","og_type":"article","og_title":"Boho Chic Floral Crown Headband for Weddings - Flora Tiara","og_description":"Unique and beautiful: Shop our Boho Chic Floral Crown Headband for Weddings. Premium high quality headpiece to make the occasion unforgettable.","og_url":"https:\/\/floratiara.com\/hu\/p\/bohem-stilusu-menyasszonyi-virag-fejdisz\/","og_site_name":"Flora Tiara","article_modified_time":"2025-07-22T03:50:46+00:00","og_image":[{"width":900,"height":900,"url":"https:\/\/floratiara.com\/wp-content\/uploads\/2024\/03\/S43ecedcc7745403dbc459d1bcd79154eQ.webp","type":"image\/webp"}],"twitter_card":"summary_large_image","twitter_misc":{"Becs\u00fclt olvas\u00e1si id\u0151":"1 perc"},"schema":{"@context":"https:\/\/schema.org","@graph":[{"@type":"WebPage","@id":"https:\/\/floratiara.com\/p\/bohemian-style-bridal-flower-headpiece\/","url":"https:\/\/floratiara.com\/p\/bohemian-style-bridal-flower-headpiece\/","name":"Boho Chic vir\u00e1gos korona fejp\u00e1nt esk\u00fcv\u0151kre - Flora Tiara","isPartOf":{"@id":"https:\/\/floratiara.com\/#website"},"primaryImageOfPage":{"@id":"https:\/\/floratiara.com\/p\/bohemian-style-bridal-flower-headpiece\/#primaryimage"},"image":{"@id":"https:\/\/floratiara.com\/p\/bohemian-style-bridal-flower-headpiece\/#primaryimage"},"thumbnailUrl":"https:\/\/floratiara.com\/wp-content\/uploads\/2024\/03\/S43ecedcc7745403dbc459d1bcd79154eQ.webp","datePublished":"2024-03-16T10:30:19+00:00","dateModified":"2025-07-22T03:50:46+00:00","description":"Egyedi \u00e9s gy\u00f6ny\u00f6r\u0171: Bolti Boho Chic vir\u00e1gos koron\u00e1s fejp\u00e1nt esk\u00fcv\u0151re. Pr\u00e9mium min\u0151s\u00e9g\u0171, kiv\u00e1l\u00f3 min\u0151s\u00e9g\u0171 fejd\u00edsz, hogy felejthetetlenn\u00e9 tegye az alkalmat.","breadcrumb":{"@id":"https:\/\/floratiara.com\/p\/bohemian-style-bridal-flower-headpiece\/#breadcrumb"},"inLanguage":"hu","potentialAction":[{"@type":"ReadAction","target":["https:\/\/floratiara.com\/p\/bohemian-style-bridal-flower-headpiece\/"]}]},{"@type":"ImageObject","inLanguage":"hu","@id":"https:\/\/floratiara.com\/p\/bohemian-style-bridal-flower-headpiece\/#primaryimage","url":"https:\/\/floratiara.com\/wp-content\/uploads\/2024\/03\/S43ecedcc7745403dbc459d1bcd79154eQ.webp","contentUrl":"https:\/\/floratiara.com\/wp-content\/uploads\/2024\/03\/S43ecedcc7745403dbc459d1bcd79154eQ.webp","width":900,"height":900},{"@type":"BreadcrumbList","@id":"https:\/\/floratiara.com\/p\/bohemian-style-bridal-flower-headpiece\/#breadcrumb","itemListElement":[{"@type":"ListItem","position":1,"name":"Home","item":"https:\/\/floratiara.com\/"},{"@type":"ListItem","position":2,"name":"Shop","item":"https:\/\/floratiara.com\/shop\/"},{"@type":"ListItem","position":3,"name":"Boho Chic Floral Crown Headband for Weddings"}]},{"@type":"WebSite","@id":"https:\/\/floratiara.com\/#website","url":"https:\/\/floratiara.com\/","name":"Flora Tiara","description":"","publisher":{"@id":"https:\/\/floratiara.com\/#organization"},"potentialAction":[{"@type":"SearchAction","target":{"@type":"EntryPoint","urlTemplate":"https:\/\/floratiara.com\/?s={search_term_string}"},"query-input":{"@type":"PropertyValueSpecification","valueRequired":true,"valueName":"search_term_string"}}],"inLanguage":"hu"},{"@type":"Organization","@id":"https:\/\/floratiara.com\/#organization","name":"Flora Tiara","url":"https:\/\/floratiara.com\/","logo":{"@type":"ImageObject","inLanguage":"hu","@id":"https:\/\/floratiara.com\/#\/schema\/logo\/image\/","url":"https:\/\/floratiara.com\/wp-content\/uploads\/2024\/03\/flora-tiara-logo.png","contentUrl":"https:\/\/floratiara.com\/wp-content\/uploads\/2024\/03\/flora-tiara-logo.png","width":1024,"height":274,"caption":"Flora Tiara"},"image":{"@id":"https:\/\/floratiara.com\/#\/schema\/logo\/image\/"}}]}},"_links":{"self":[{"href":"https:\/\/floratiara.com\/hu\/wp-json\/wp\/v2\/product\/645","targetHints":{"allow":["GET"]}}],"collection":[{"href":"https:\/\/floratiara.com\/hu\/wp-json\/wp\/v2\/product"}],"about":[{"href":"https:\/\/floratiara.com\/hu\/wp-json\/wp\/v2\/types\/product"}],"wp:featuredmedia":[{"embeddable":true,"href":"https:\/\/floratiara.com\/hu\/wp-json\/wp\/v2\/media\/644"}],"wp:attachment":[{"href":"https:\/\/floratiara.com\/hu\/wp-json\/wp\/v2\/media?parent=645"}],"wp:term":[{"taxonomy":"product_brand","embeddable":true,"href":"https:\/\/floratiara.com\/hu\/wp-json\/wp\/v2\/product_brand?post=645"},{"taxonomy":"product_cat","embeddable":true,"href":"https:\/\/floratiara.com\/hu\/wp-json\/wp\/v2\/product_cat?post=645"},{"taxonomy":"product_tag","embeddable":true,"href":"https:\/\/floratiara.com\/hu\/wp-json\/wp\/v2\/product_tag?post=645"}],"curies":[{"name":"wp","href":"https:\/\/api.w.org\/{rel}","templated":true}]}}