{"id":650,"date":"2024-03-16T10:30:27","date_gmt":"2024-03-16T10:30:27","guid":{"rendered":"https:\/\/floratiara.com\/?post_type=product&#038;p=650"},"modified":"2025-07-22T03:50:46","modified_gmt":"2025-07-22T03:50:46","slug":"elegans-viragos-hajkiegeszito","status":"publish","type":"product","link":"https:\/\/floratiara.com\/hu\/p\/elegans-viragos-hajkiegeszito\/","title":{"rendered":"Tavaszi szeren\u00e1d vir\u00e1gkorona fejp\u00e1nt"},"content":{"rendered":"<p>Emelje fel st\u00edlus\u00e1t a Spring Serenade vir\u00e1gkoron\u00e1val, amely a t\u00f6k\u00e9letes fejd\u00edsz minden k\u00fcl\u00f6nleges alkalomra. D\u00edsz\u00edtse mag\u00e1t buja z\u00f6ld bazsar\u00f3zs\u00e1kkal, finom r\u00f3zsasz\u00edn cseresznyevir\u00e1gokkal, valamint a fr\u00e9zi\u00e1k, j\u00e1cintok \u00e9s j\u00e1zminok sz\u00ednes v\u00e1laszt\u00e9k\u00e1val. Ez a t\u00f6k\u00e9letesen k\u00e9zzel k\u00e9sz\u00edtett korona k\u00e9nyelmes illeszked\u00e9st \u00e9s sokoldal\u00fa viseletet biztos\u00edt. Tegyen kifinomult nyilatkozatot, \u00e9s var\u00e1zsoljon tavaszi sz\u00e9ps\u00e9get megjelen\u00e9s\u00e9be ezzel a var\u00e1zslatos vir\u00e1gos kieg\u00e9sz\u00edt\u0151vel. Itt az ideje, hogy eleganci\u00e1val t\u00fcnd\u00f6k\u00f6lj\u00f6n - biztos\u00edtsa a Spring Serenade vir\u00e1gkoron\u00e1t m\u00e9g ma, \u00e9s legyen minden esem\u00e9ny k\u00f6z\u00e9ppontj\u00e1ban!<\/p><p>\u00d6sszet\u00e9tel: z\u00f6ld bazsar\u00f3zsa, r\u00f3zsasz\u00edn cseresznyevir\u00e1g, narancss\u00e1rga \u00e9s s\u00e1rga fr\u00e9zia, r\u00f3zsasz\u00edn j\u00e1cint, feh\u00e9r j\u00e1zminvir\u00e1g.<\/p>","protected":false},"excerpt":{"rendered":"<div style=\"width: 90%;text-align: left;margin: auto\"><p style=\"text-align:center\"><b>\ud83d\udc51 Kez\u00fcnkt\u0151l a fejedig<\/b><br \/><i>Luxus vir\u00e1gkoron\u00e1k minden alkalomra<\/i><\/p><ul><li>\u2702\ufe0f Crafted with Care in the Heart of <b>Magyarorsz\u00e1g<\/b><\/li><li><b>\ud83d\udc90 \u00d6sszet\u00e9tel: z\u00f6ld bazsar\u00f3zsa, r\u00f3zsasz\u00edn cseresznyevir\u00e1g, narancss\u00e1rga \u00e9s s\u00e1rga fr\u00e9zia, r\u00f3zsasz\u00edn j\u00e1cint, feh\u00e9r j\u00e1zminvir\u00e1g.<\/b><\/li><\/ul><\/div>","protected":false},"featured_media":649,"template":"","meta":[],"product_brand":[],"product_cat":[68],"product_tag":[],"class_list":{"0":"post-650","1":"product","2":"type-product","3":"status-publish","4":"has-post-thumbnail","6":"product_cat-floral-headpiece-headband","8":"first","9":"instock","10":"shipping-taxable","11":"purchasable","12":"product-type-simple"},"yoast_head":"<!-- This site is optimized with the Yoast SEO plugin v25.9 - https:\/\/yoast.com\/wordpress\/plugins\/seo\/ -->\n<title>Spring Serenade Flower Crown Headband - Flora Tiara<\/title>\n<meta name=\"description\" content=\"Unique and beautiful: Shop our Spring Serenade Flower Crown Headband. Premium high quality headpiece to make the occasion unforgettable.\" \/>\n<meta name=\"robots\" content=\"index, follow, max-snippet:-1, max-image-preview:large, max-video-preview:-1\" \/>\n<link rel=\"canonical\" href=\"https:\/\/floratiara.com\/hu\/p\/elegans-viragos-hajkiegeszito\/\" \/>\n<meta property=\"og:locale\" content=\"hu_HU\" \/>\n<meta property=\"og:type\" content=\"article\" \/>\n<meta property=\"og:title\" content=\"Spring Serenade Flower Crown Headband - Flora Tiara\" \/>\n<meta property=\"og:description\" content=\"Unique and beautiful: Shop our Spring Serenade Flower Crown Headband. Premium high quality headpiece to make the occasion unforgettable.\" \/>\n<meta property=\"og:url\" content=\"https:\/\/floratiara.com\/hu\/p\/elegans-viragos-hajkiegeszito\/\" \/>\n<meta property=\"og:site_name\" content=\"Flora Tiara\" \/>\n<meta property=\"article:modified_time\" content=\"2025-07-22T03:50:46+00:00\" \/>\n<meta property=\"og:image\" content=\"https:\/\/floratiara.com\/wp-content\/uploads\/2024\/03\/S5d2e408a1d6d4908a01934ab23f830627.webp\" \/>\n\t<meta property=\"og:image:width\" content=\"900\" \/>\n\t<meta property=\"og:image:height\" content=\"900\" \/>\n\t<meta property=\"og:image:type\" content=\"image\/webp\" \/>\n<meta name=\"twitter:card\" content=\"summary_large_image\" \/>\n<meta name=\"twitter:label1\" content=\"Becs\u00fclt olvas\u00e1si id\u0151\" \/>\n\t<meta name=\"twitter:data1\" content=\"1 perc\" \/>\n<script type=\"application\/ld+json\" class=\"yoast-schema-graph\">{\"@context\":\"https:\/\/schema.org\",\"@graph\":[{\"@type\":\"WebPage\",\"@id\":\"https:\/\/floratiara.com\/p\/elegant-floral-hair-accessory\/\",\"url\":\"https:\/\/floratiara.com\/p\/elegant-floral-hair-accessory\/\",\"name\":\"Spring Serenade Flower Crown Headband - Flora Tiara\",\"isPartOf\":{\"@id\":\"https:\/\/floratiara.com\/#website\"},\"primaryImageOfPage\":{\"@id\":\"https:\/\/floratiara.com\/p\/elegant-floral-hair-accessory\/#primaryimage\"},\"image\":{\"@id\":\"https:\/\/floratiara.com\/p\/elegant-floral-hair-accessory\/#primaryimage\"},\"thumbnailUrl\":\"https:\/\/floratiara.com\/wp-content\/uploads\/2024\/03\/S5d2e408a1d6d4908a01934ab23f830627.webp\",\"datePublished\":\"2024-03-16T10:30:27+00:00\",\"dateModified\":\"2025-07-22T03:50:46+00:00\",\"description\":\"Unique and beautiful: Shop our Spring Serenade Flower Crown Headband. Premium high quality headpiece to make the occasion unforgettable.\",\"breadcrumb\":{\"@id\":\"https:\/\/floratiara.com\/p\/elegant-floral-hair-accessory\/#breadcrumb\"},\"inLanguage\":\"hu\",\"potentialAction\":[{\"@type\":\"ReadAction\",\"target\":[\"https:\/\/floratiara.com\/p\/elegant-floral-hair-accessory\/\"]}]},{\"@type\":\"ImageObject\",\"inLanguage\":\"hu\",\"@id\":\"https:\/\/floratiara.com\/p\/elegant-floral-hair-accessory\/#primaryimage\",\"url\":\"https:\/\/floratiara.com\/wp-content\/uploads\/2024\/03\/S5d2e408a1d6d4908a01934ab23f830627.webp\",\"contentUrl\":\"https:\/\/floratiara.com\/wp-content\/uploads\/2024\/03\/S5d2e408a1d6d4908a01934ab23f830627.webp\",\"width\":900,\"height\":900},{\"@type\":\"BreadcrumbList\",\"@id\":\"https:\/\/floratiara.com\/p\/elegant-floral-hair-accessory\/#breadcrumb\",\"itemListElement\":[{\"@type\":\"ListItem\",\"position\":1,\"name\":\"Home\",\"item\":\"https:\/\/floratiara.com\/\"},{\"@type\":\"ListItem\",\"position\":2,\"name\":\"Shop\",\"item\":\"https:\/\/floratiara.com\/shop\/\"},{\"@type\":\"ListItem\",\"position\":3,\"name\":\"Spring Serenade Flower Crown Headband\"}]},{\"@type\":\"WebSite\",\"@id\":\"https:\/\/floratiara.com\/#website\",\"url\":\"https:\/\/floratiara.com\/\",\"name\":\"Flora Tiara\",\"description\":\"\",\"publisher\":{\"@id\":\"https:\/\/floratiara.com\/#organization\"},\"potentialAction\":[{\"@type\":\"SearchAction\",\"target\":{\"@type\":\"EntryPoint\",\"urlTemplate\":\"https:\/\/floratiara.com\/?s={search_term_string}\"},\"query-input\":{\"@type\":\"PropertyValueSpecification\",\"valueRequired\":true,\"valueName\":\"search_term_string\"}}],\"inLanguage\":\"hu\"},{\"@type\":\"Organization\",\"@id\":\"https:\/\/floratiara.com\/#organization\",\"name\":\"Flora Tiara\",\"url\":\"https:\/\/floratiara.com\/\",\"logo\":{\"@type\":\"ImageObject\",\"inLanguage\":\"hu\",\"@id\":\"https:\/\/floratiara.com\/#\/schema\/logo\/image\/\",\"url\":\"https:\/\/floratiara.com\/wp-content\/uploads\/2024\/03\/flora-tiara-logo.png\",\"contentUrl\":\"https:\/\/floratiara.com\/wp-content\/uploads\/2024\/03\/flora-tiara-logo.png\",\"width\":1024,\"height\":274,\"caption\":\"Flora Tiara\"},\"image\":{\"@id\":\"https:\/\/floratiara.com\/#\/schema\/logo\/image\/\"}}]}<\/script>\n<!-- \/ Yoast SEO plugin. -->","yoast_head_json":{"title":"Tavaszi szeren\u00e1d vir\u00e1gkorona fejp\u00e1nt - Flora Tiara","description":"Egyedi \u00e9s gy\u00f6ny\u00f6r\u0171: V\u00e1s\u00e1rolja meg a Tavaszi szeren\u00e1d vir\u00e1gkorona fejp\u00e1ntunkat. Pr\u00e9mium min\u0151s\u00e9g\u0171, kiv\u00e1l\u00f3 min\u0151s\u00e9g\u0171 fejd\u00edsz, hogy felejthetetlenn\u00e9 tegye az alkalmat.","robots":{"index":"index","follow":"follow","max-snippet":"max-snippet:-1","max-image-preview":"max-image-preview:large","max-video-preview":"max-video-preview:-1"},"canonical":"https:\/\/floratiara.com\/hu\/p\/elegans-viragos-hajkiegeszito\/","og_locale":"hu_HU","og_type":"article","og_title":"Spring Serenade Flower Crown Headband - Flora Tiara","og_description":"Unique and beautiful: Shop our Spring Serenade Flower Crown Headband. Premium high quality headpiece to make the occasion unforgettable.","og_url":"https:\/\/floratiara.com\/hu\/p\/elegans-viragos-hajkiegeszito\/","og_site_name":"Flora Tiara","article_modified_time":"2025-07-22T03:50:46+00:00","og_image":[{"width":900,"height":900,"url":"https:\/\/floratiara.com\/wp-content\/uploads\/2024\/03\/S5d2e408a1d6d4908a01934ab23f830627.webp","type":"image\/webp"}],"twitter_card":"summary_large_image","twitter_misc":{"Becs\u00fclt olvas\u00e1si id\u0151":"1 perc"},"schema":{"@context":"https:\/\/schema.org","@graph":[{"@type":"WebPage","@id":"https:\/\/floratiara.com\/p\/elegant-floral-hair-accessory\/","url":"https:\/\/floratiara.com\/p\/elegant-floral-hair-accessory\/","name":"Tavaszi szeren\u00e1d vir\u00e1gkorona fejp\u00e1nt - Flora Tiara","isPartOf":{"@id":"https:\/\/floratiara.com\/#website"},"primaryImageOfPage":{"@id":"https:\/\/floratiara.com\/p\/elegant-floral-hair-accessory\/#primaryimage"},"image":{"@id":"https:\/\/floratiara.com\/p\/elegant-floral-hair-accessory\/#primaryimage"},"thumbnailUrl":"https:\/\/floratiara.com\/wp-content\/uploads\/2024\/03\/S5d2e408a1d6d4908a01934ab23f830627.webp","datePublished":"2024-03-16T10:30:27+00:00","dateModified":"2025-07-22T03:50:46+00:00","description":"Egyedi \u00e9s gy\u00f6ny\u00f6r\u0171: V\u00e1s\u00e1rolja meg a Tavaszi szeren\u00e1d vir\u00e1gkorona fejp\u00e1ntunkat. Pr\u00e9mium min\u0151s\u00e9g\u0171, kiv\u00e1l\u00f3 min\u0151s\u00e9g\u0171 fejd\u00edsz, hogy felejthetetlenn\u00e9 tegye az alkalmat.","breadcrumb":{"@id":"https:\/\/floratiara.com\/p\/elegant-floral-hair-accessory\/#breadcrumb"},"inLanguage":"hu","potentialAction":[{"@type":"ReadAction","target":["https:\/\/floratiara.com\/p\/elegant-floral-hair-accessory\/"]}]},{"@type":"ImageObject","inLanguage":"hu","@id":"https:\/\/floratiara.com\/p\/elegant-floral-hair-accessory\/#primaryimage","url":"https:\/\/floratiara.com\/wp-content\/uploads\/2024\/03\/S5d2e408a1d6d4908a01934ab23f830627.webp","contentUrl":"https:\/\/floratiara.com\/wp-content\/uploads\/2024\/03\/S5d2e408a1d6d4908a01934ab23f830627.webp","width":900,"height":900},{"@type":"BreadcrumbList","@id":"https:\/\/floratiara.com\/p\/elegant-floral-hair-accessory\/#breadcrumb","itemListElement":[{"@type":"ListItem","position":1,"name":"Home","item":"https:\/\/floratiara.com\/"},{"@type":"ListItem","position":2,"name":"Shop","item":"https:\/\/floratiara.com\/shop\/"},{"@type":"ListItem","position":3,"name":"Spring Serenade Flower Crown Headband"}]},{"@type":"WebSite","@id":"https:\/\/floratiara.com\/#website","url":"https:\/\/floratiara.com\/","name":"Flora Tiara","description":"","publisher":{"@id":"https:\/\/floratiara.com\/#organization"},"potentialAction":[{"@type":"SearchAction","target":{"@type":"EntryPoint","urlTemplate":"https:\/\/floratiara.com\/?s={search_term_string}"},"query-input":{"@type":"PropertyValueSpecification","valueRequired":true,"valueName":"search_term_string"}}],"inLanguage":"hu"},{"@type":"Organization","@id":"https:\/\/floratiara.com\/#organization","name":"Flora Tiara","url":"https:\/\/floratiara.com\/","logo":{"@type":"ImageObject","inLanguage":"hu","@id":"https:\/\/floratiara.com\/#\/schema\/logo\/image\/","url":"https:\/\/floratiara.com\/wp-content\/uploads\/2024\/03\/flora-tiara-logo.png","contentUrl":"https:\/\/floratiara.com\/wp-content\/uploads\/2024\/03\/flora-tiara-logo.png","width":1024,"height":274,"caption":"Flora Tiara"},"image":{"@id":"https:\/\/floratiara.com\/#\/schema\/logo\/image\/"}}]}},"_links":{"self":[{"href":"https:\/\/floratiara.com\/hu\/wp-json\/wp\/v2\/product\/650","targetHints":{"allow":["GET"]}}],"collection":[{"href":"https:\/\/floratiara.com\/hu\/wp-json\/wp\/v2\/product"}],"about":[{"href":"https:\/\/floratiara.com\/hu\/wp-json\/wp\/v2\/types\/product"}],"wp:featuredmedia":[{"embeddable":true,"href":"https:\/\/floratiara.com\/hu\/wp-json\/wp\/v2\/media\/649"}],"wp:attachment":[{"href":"https:\/\/floratiara.com\/hu\/wp-json\/wp\/v2\/media?parent=650"}],"wp:term":[{"taxonomy":"product_brand","embeddable":true,"href":"https:\/\/floratiara.com\/hu\/wp-json\/wp\/v2\/product_brand?post=650"},{"taxonomy":"product_cat","embeddable":true,"href":"https:\/\/floratiara.com\/hu\/wp-json\/wp\/v2\/product_cat?post=650"},{"taxonomy":"product_tag","embeddable":true,"href":"https:\/\/floratiara.com\/hu\/wp-json\/wp\/v2\/product_tag?post=650"}],"curies":[{"name":"wp","href":"https:\/\/api.w.org\/{rel}","templated":true}]}}