{"id":660,"date":"2024-03-16T10:30:43","date_gmt":"2024-03-16T10:30:43","guid":{"rendered":"https:\/\/floratiara.com\/?post_type=product&#038;p=660"},"modified":"2025-07-22T03:50:46","modified_gmt":"2025-07-22T03:50:46","slug":"viragos-hajpant-kerti-stilusu-kiegeszito","status":"publish","type":"product","link":"https:\/\/floratiara.com\/hu\/p\/viragos-hajpant-kerti-stilusu-kiegeszito\/","title":{"rendered":"Boh\u00e9m vir\u00e1gkorona - Esk\u00fcv\u0151i &amp; m\u0171v\u00e9szi fot\u00f3z\u00e1s"},"content":{"rendered":"<p>\u00d6lelje mag\u00e1hoz az eleganci\u00e1t a Boh\u00e9m vir\u00e1gkoron\u00e1nkkal, amely a legbecsesebb pillanatokra val\u00f3 kecsess\u00e9get sug\u00e1rozza. Minden egyes gondosan kiv\u00e1lasztott vir\u00e1g a sz\u00ednek l\u00e9legzetel\u00e1ll\u00edt\u00f3 kombin\u00e1ci\u00f3j\u00e1t alkotja, a ranunculus \u00fcd\u00edt\u0151 z\u00f6ldj\u00e9t\u0151l az orchide\u00e1k m\u00e9ly bord\u00f3 sz\u00edn\u00e9ig. K\u00e9nyelmes illeszked\u00e9se b\u00e1rmilyen frizur\u00e1t kieg\u00e9sz\u00edt, biztos\u00edtva, hogy minden esk\u00fcv\u0151n vagy kerti partin kit\u0171nj. Ide\u00e1lis azok sz\u00e1m\u00e1ra, akik a term\u00e9szet sz\u00e9ps\u00e9g\u00e9nek esszenci\u00e1j\u00e1t szeretn\u00e9k megragadni, ez a f\u00e9ny\u0171z\u0151 fejd\u00edsz nem csup\u00e1n egy kieg\u00e9sz\u00edt\u0151; ez egy kapu a sz\u00edvek megh\u00f3d\u00edt\u00e1s\u00e1hoz \u00e9s a kert var\u00e1zs\u00e1nak megtestes\u00edt\u00e9s\u00e9hez minden viselet\u00e9vel.<\/p><p>\u00d6sszet\u00e9tel: lime z\u00f6ld ranunculus, narancss\u00e1rga r\u00f3zsa, feh\u00e9r fr\u00e9zia, halv\u00e1ny barack szegf\u0171, bord\u00f3 orchidea, r\u00f3zsasz\u00edn snapdragon.<\/p>","protected":false},"excerpt":{"rendered":"<div style=\"width: 90%;text-align: left;margin: auto\"><p style=\"text-align:center\"><b>\ud83d\udc51 Kez\u00fcnkt\u0151l a fejedig<\/b><br \/><i>Luxus vir\u00e1gkoron\u00e1k minden alkalomra<\/i><\/p><ul><li>\u2702\ufe0f Crafted with Care in the Heart of <b>Magyarorsz\u00e1g<\/b><\/li><li><b>\ud83d\udc90 \u00d6sszet\u00e9tel: lime z\u00f6ld ranunculus, narancss\u00e1rga r\u00f3zsa, feh\u00e9r fr\u00e9zia, halv\u00e1ny baracksz\u00edn\u0171 szegf\u0171, bord\u00f3 orchidea, r\u00f3zsasz\u00edn snapdragon.<\/b><\/li><\/ul><\/div>","protected":false},"featured_media":659,"template":"","meta":[],"product_brand":[],"product_cat":[68],"product_tag":[],"class_list":{"0":"post-660","1":"product","2":"type-product","3":"status-publish","4":"has-post-thumbnail","6":"product_cat-floral-headpiece-headband","8":"first","9":"instock","10":"shipping-taxable","11":"purchasable","12":"product-type-simple"},"yoast_head":"<!-- This site is optimized with the Yoast SEO plugin v25.9 - https:\/\/yoast.com\/wordpress\/plugins\/seo\/ -->\n<title>Bohemian Flower Crown - Wedding &amp; Artful Photography - Flora Tiara<\/title>\n<meta name=\"description\" content=\"Unique and beautiful: Shop our Bohemian Flower Crown - Wedding &amp; Artful Photography. Premium high quality headpiece to make the occasion unforgettable.\" \/>\n<meta name=\"robots\" content=\"index, follow, max-snippet:-1, max-image-preview:large, max-video-preview:-1\" \/>\n<link rel=\"canonical\" href=\"https:\/\/floratiara.com\/hu\/p\/viragos-hajpant-kerti-stilusu-kiegeszito\/\" \/>\n<meta property=\"og:locale\" content=\"hu_HU\" \/>\n<meta property=\"og:type\" content=\"article\" \/>\n<meta property=\"og:title\" content=\"Bohemian Flower Crown - Wedding &amp; Artful Photography - Flora Tiara\" \/>\n<meta property=\"og:description\" content=\"Unique and beautiful: Shop our Bohemian Flower Crown - Wedding &amp; Artful Photography. Premium high quality headpiece to make the occasion unforgettable.\" \/>\n<meta property=\"og:url\" content=\"https:\/\/floratiara.com\/hu\/p\/viragos-hajpant-kerti-stilusu-kiegeszito\/\" \/>\n<meta property=\"og:site_name\" content=\"Flora Tiara\" \/>\n<meta property=\"article:modified_time\" content=\"2025-07-22T03:50:46+00:00\" \/>\n<meta property=\"og:image\" content=\"https:\/\/floratiara.com\/wp-content\/uploads\/2024\/03\/S57b6ed593c1f43809f30e3dbf3b29065V.webp\" \/>\n\t<meta property=\"og:image:width\" content=\"900\" \/>\n\t<meta property=\"og:image:height\" content=\"900\" \/>\n\t<meta property=\"og:image:type\" content=\"image\/webp\" \/>\n<meta name=\"twitter:card\" content=\"summary_large_image\" \/>\n<meta name=\"twitter:label1\" content=\"Becs\u00fclt olvas\u00e1si id\u0151\" \/>\n\t<meta name=\"twitter:data1\" content=\"1 perc\" \/>\n<script type=\"application\/ld+json\" class=\"yoast-schema-graph\">{\"@context\":\"https:\/\/schema.org\",\"@graph\":[{\"@type\":\"WebPage\",\"@id\":\"https:\/\/floratiara.com\/p\/floral-hairband-garden-style-accessory\/\",\"url\":\"https:\/\/floratiara.com\/p\/floral-hairband-garden-style-accessory\/\",\"name\":\"Bohemian Flower Crown - Wedding &amp; Artful Photography - Flora Tiara\",\"isPartOf\":{\"@id\":\"https:\/\/floratiara.com\/#website\"},\"primaryImageOfPage\":{\"@id\":\"https:\/\/floratiara.com\/p\/floral-hairband-garden-style-accessory\/#primaryimage\"},\"image\":{\"@id\":\"https:\/\/floratiara.com\/p\/floral-hairband-garden-style-accessory\/#primaryimage\"},\"thumbnailUrl\":\"https:\/\/floratiara.com\/wp-content\/uploads\/2024\/03\/S57b6ed593c1f43809f30e3dbf3b29065V.webp\",\"datePublished\":\"2024-03-16T10:30:43+00:00\",\"dateModified\":\"2025-07-22T03:50:46+00:00\",\"description\":\"Unique and beautiful: Shop our Bohemian Flower Crown - Wedding &amp; Artful Photography. Premium high quality headpiece to make the occasion unforgettable.\",\"breadcrumb\":{\"@id\":\"https:\/\/floratiara.com\/p\/floral-hairband-garden-style-accessory\/#breadcrumb\"},\"inLanguage\":\"hu\",\"potentialAction\":[{\"@type\":\"ReadAction\",\"target\":[\"https:\/\/floratiara.com\/p\/floral-hairband-garden-style-accessory\/\"]}]},{\"@type\":\"ImageObject\",\"inLanguage\":\"hu\",\"@id\":\"https:\/\/floratiara.com\/p\/floral-hairband-garden-style-accessory\/#primaryimage\",\"url\":\"https:\/\/floratiara.com\/wp-content\/uploads\/2024\/03\/S57b6ed593c1f43809f30e3dbf3b29065V.webp\",\"contentUrl\":\"https:\/\/floratiara.com\/wp-content\/uploads\/2024\/03\/S57b6ed593c1f43809f30e3dbf3b29065V.webp\",\"width\":900,\"height\":900},{\"@type\":\"BreadcrumbList\",\"@id\":\"https:\/\/floratiara.com\/p\/floral-hairband-garden-style-accessory\/#breadcrumb\",\"itemListElement\":[{\"@type\":\"ListItem\",\"position\":1,\"name\":\"Home\",\"item\":\"https:\/\/floratiara.com\/\"},{\"@type\":\"ListItem\",\"position\":2,\"name\":\"Shop\",\"item\":\"https:\/\/floratiara.com\/shop\/\"},{\"@type\":\"ListItem\",\"position\":3,\"name\":\"Bohemian Flower Crown &#8211; Wedding &amp; Artful Photography\"}]},{\"@type\":\"WebSite\",\"@id\":\"https:\/\/floratiara.com\/#website\",\"url\":\"https:\/\/floratiara.com\/\",\"name\":\"Flora Tiara\",\"description\":\"\",\"publisher\":{\"@id\":\"https:\/\/floratiara.com\/#organization\"},\"potentialAction\":[{\"@type\":\"SearchAction\",\"target\":{\"@type\":\"EntryPoint\",\"urlTemplate\":\"https:\/\/floratiara.com\/?s={search_term_string}\"},\"query-input\":{\"@type\":\"PropertyValueSpecification\",\"valueRequired\":true,\"valueName\":\"search_term_string\"}}],\"inLanguage\":\"hu\"},{\"@type\":\"Organization\",\"@id\":\"https:\/\/floratiara.com\/#organization\",\"name\":\"Flora Tiara\",\"url\":\"https:\/\/floratiara.com\/\",\"logo\":{\"@type\":\"ImageObject\",\"inLanguage\":\"hu\",\"@id\":\"https:\/\/floratiara.com\/#\/schema\/logo\/image\/\",\"url\":\"https:\/\/floratiara.com\/wp-content\/uploads\/2024\/03\/flora-tiara-logo.png\",\"contentUrl\":\"https:\/\/floratiara.com\/wp-content\/uploads\/2024\/03\/flora-tiara-logo.png\",\"width\":1024,\"height\":274,\"caption\":\"Flora Tiara\"},\"image\":{\"@id\":\"https:\/\/floratiara.com\/#\/schema\/logo\/image\/\"}}]}<\/script>\n<!-- \/ Yoast SEO plugin. -->","yoast_head_json":{"title":"Boh\u00e9m vir\u00e1gkorona - Esk\u00fcv\u0151i \u00e9s m\u0171v\u00e9szi fot\u00f3z\u00e1s - Flora Tiara","description":"Egyedi \u00e9s gy\u00f6ny\u00f6r\u0171: Esk\u00fcv\u0151i \u00e9s m\u0171v\u00e9szi fot\u00f3z\u00e1s. Pr\u00e9mium min\u0151s\u00e9g\u0171, kiv\u00e1l\u00f3 min\u0151s\u00e9g\u0171 fejd\u00edsz, hogy felejthetetlenn\u00e9 tegye az alkalmat.","robots":{"index":"index","follow":"follow","max-snippet":"max-snippet:-1","max-image-preview":"max-image-preview:large","max-video-preview":"max-video-preview:-1"},"canonical":"https:\/\/floratiara.com\/hu\/p\/viragos-hajpant-kerti-stilusu-kiegeszito\/","og_locale":"hu_HU","og_type":"article","og_title":"Bohemian Flower Crown - Wedding &amp; Artful Photography - Flora Tiara","og_description":"Unique and beautiful: Shop our Bohemian Flower Crown - Wedding &amp; Artful Photography. Premium high quality headpiece to make the occasion unforgettable.","og_url":"https:\/\/floratiara.com\/hu\/p\/viragos-hajpant-kerti-stilusu-kiegeszito\/","og_site_name":"Flora Tiara","article_modified_time":"2025-07-22T03:50:46+00:00","og_image":[{"width":900,"height":900,"url":"https:\/\/floratiara.com\/wp-content\/uploads\/2024\/03\/S57b6ed593c1f43809f30e3dbf3b29065V.webp","type":"image\/webp"}],"twitter_card":"summary_large_image","twitter_misc":{"Becs\u00fclt olvas\u00e1si id\u0151":"1 perc"},"schema":{"@context":"https:\/\/schema.org","@graph":[{"@type":"WebPage","@id":"https:\/\/floratiara.com\/p\/floral-hairband-garden-style-accessory\/","url":"https:\/\/floratiara.com\/p\/floral-hairband-garden-style-accessory\/","name":"Boh\u00e9m vir\u00e1gkorona - Esk\u00fcv\u0151i \u00e9s m\u0171v\u00e9szi fot\u00f3z\u00e1s - Flora Tiara","isPartOf":{"@id":"https:\/\/floratiara.com\/#website"},"primaryImageOfPage":{"@id":"https:\/\/floratiara.com\/p\/floral-hairband-garden-style-accessory\/#primaryimage"},"image":{"@id":"https:\/\/floratiara.com\/p\/floral-hairband-garden-style-accessory\/#primaryimage"},"thumbnailUrl":"https:\/\/floratiara.com\/wp-content\/uploads\/2024\/03\/S57b6ed593c1f43809f30e3dbf3b29065V.webp","datePublished":"2024-03-16T10:30:43+00:00","dateModified":"2025-07-22T03:50:46+00:00","description":"Egyedi \u00e9s gy\u00f6ny\u00f6r\u0171: Esk\u00fcv\u0151i \u00e9s m\u0171v\u00e9szi fot\u00f3z\u00e1s. Pr\u00e9mium min\u0151s\u00e9g\u0171, kiv\u00e1l\u00f3 min\u0151s\u00e9g\u0171 fejd\u00edsz, hogy felejthetetlenn\u00e9 tegye az alkalmat.","breadcrumb":{"@id":"https:\/\/floratiara.com\/p\/floral-hairband-garden-style-accessory\/#breadcrumb"},"inLanguage":"hu","potentialAction":[{"@type":"ReadAction","target":["https:\/\/floratiara.com\/p\/floral-hairband-garden-style-accessory\/"]}]},{"@type":"ImageObject","inLanguage":"hu","@id":"https:\/\/floratiara.com\/p\/floral-hairband-garden-style-accessory\/#primaryimage","url":"https:\/\/floratiara.com\/wp-content\/uploads\/2024\/03\/S57b6ed593c1f43809f30e3dbf3b29065V.webp","contentUrl":"https:\/\/floratiara.com\/wp-content\/uploads\/2024\/03\/S57b6ed593c1f43809f30e3dbf3b29065V.webp","width":900,"height":900},{"@type":"BreadcrumbList","@id":"https:\/\/floratiara.com\/p\/floral-hairband-garden-style-accessory\/#breadcrumb","itemListElement":[{"@type":"ListItem","position":1,"name":"Home","item":"https:\/\/floratiara.com\/"},{"@type":"ListItem","position":2,"name":"Shop","item":"https:\/\/floratiara.com\/shop\/"},{"@type":"ListItem","position":3,"name":"Bohemian Flower Crown &#8211; Wedding &amp; Artful Photography"}]},{"@type":"WebSite","@id":"https:\/\/floratiara.com\/#website","url":"https:\/\/floratiara.com\/","name":"Flora Tiara","description":"","publisher":{"@id":"https:\/\/floratiara.com\/#organization"},"potentialAction":[{"@type":"SearchAction","target":{"@type":"EntryPoint","urlTemplate":"https:\/\/floratiara.com\/?s={search_term_string}"},"query-input":{"@type":"PropertyValueSpecification","valueRequired":true,"valueName":"search_term_string"}}],"inLanguage":"hu"},{"@type":"Organization","@id":"https:\/\/floratiara.com\/#organization","name":"Flora Tiara","url":"https:\/\/floratiara.com\/","logo":{"@type":"ImageObject","inLanguage":"hu","@id":"https:\/\/floratiara.com\/#\/schema\/logo\/image\/","url":"https:\/\/floratiara.com\/wp-content\/uploads\/2024\/03\/flora-tiara-logo.png","contentUrl":"https:\/\/floratiara.com\/wp-content\/uploads\/2024\/03\/flora-tiara-logo.png","width":1024,"height":274,"caption":"Flora Tiara"},"image":{"@id":"https:\/\/floratiara.com\/#\/schema\/logo\/image\/"}}]}},"_links":{"self":[{"href":"https:\/\/floratiara.com\/hu\/wp-json\/wp\/v2\/product\/660","targetHints":{"allow":["GET"]}}],"collection":[{"href":"https:\/\/floratiara.com\/hu\/wp-json\/wp\/v2\/product"}],"about":[{"href":"https:\/\/floratiara.com\/hu\/wp-json\/wp\/v2\/types\/product"}],"wp:featuredmedia":[{"embeddable":true,"href":"https:\/\/floratiara.com\/hu\/wp-json\/wp\/v2\/media\/659"}],"wp:attachment":[{"href":"https:\/\/floratiara.com\/hu\/wp-json\/wp\/v2\/media?parent=660"}],"wp:term":[{"taxonomy":"product_brand","embeddable":true,"href":"https:\/\/floratiara.com\/hu\/wp-json\/wp\/v2\/product_brand?post=660"},{"taxonomy":"product_cat","embeddable":true,"href":"https:\/\/floratiara.com\/hu\/wp-json\/wp\/v2\/product_cat?post=660"},{"taxonomy":"product_tag","embeddable":true,"href":"https:\/\/floratiara.com\/hu\/wp-json\/wp\/v2\/product_tag?post=660"}],"curies":[{"name":"wp","href":"https:\/\/api.w.org\/{rel}","templated":true}]}}