{"id":670,"date":"2024-03-16T10:35:39","date_gmt":"2024-03-16T10:35:39","guid":{"rendered":"https:\/\/floratiara.com\/?post_type=product&#038;p=670"},"modified":"2025-04-04T03:59:18","modified_gmt":"2025-04-04T03:59:18","slug":"vintage-ihlette-baba-lanyok-viragos-tiara","status":"publish","type":"product","link":"https:\/\/floratiara.com\/hu\/p\/vintage-ihlette-baba-lanyok-viragos-tiara\/","title":{"rendered":"Var\u00e1zslatos r\u00f3zsasz\u00edn r\u00f3zsa vir\u00e1g korona fejp\u00e1nt"},"content":{"rendered":"<p>Engedje \u00e1t mag\u00e1t a \"Blossom Bliss\" vir\u00e1gkorona var\u00e1zs\u00e1nak, amely t\u00f6k\u00e9letes a kisl\u00e1nya k\u00fcl\u00f6nleges napj\u00e1ra. D\u00edsz\u00edtse \u0151t ezzel a b\u00e1jos, r\u00f3zsasz\u00edn r\u00f3zs\u00e1s fejp\u00e1nttal, ahol a puha sz\u00f6vetvir\u00e1gok mesebeli eleganci\u00e1val keverednek. Az \u00e1ll\u00edthat\u00f3 csipkeszalag biztos\u00edtja a t\u00f6k\u00e9letes illeszked\u00e9st, klasszikus var\u00e1zst k\u00f6lcs\u00f6n\u00f6zve a sz\u00fclet\u00e9snapoknak vagy a fot\u00f3z\u00e1soknak. Var\u00e1zsolja el megjelen\u00e9s\u00e9t ennek a k\u00e9zzel k\u00e9sz\u00edtett kieg\u00e9sz\u00edt\u0151nek az id\u0151tlen sz\u00e9ps\u00e9g\u00e9vel. Biztos\u00edtsa be m\u00e9g ma a gy\u00f6ny\u00f6r\u0171 darabot, \u00e9s hagyja, hogy a l\u00e1ny egy var\u00e1zslatos vir\u00e1gos akcentussal ragyogjon.<\/p><p>\u00d6sszet\u00e9tel: r\u00f3zsasz\u00edn sz\u00f6vet r\u00f3zs\u00e1k, kis r\u00f3zsasz\u00edn \u00e9s elef\u00e1ntcsont sz\u00f6vet vir\u00e1gok, csipke szalag.<\/p>","protected":false},"excerpt":{"rendered":"<div style=\"width: 90%;text-align: left;margin: auto\"><p style=\"text-align:center\"><b>\ud83d\udc51 Kez\u00fcnkt\u0151l a fejedig<\/b><br \/><i>Luxus vir\u00e1gkoron\u00e1k minden alkalomra<\/i><\/p><ul><li>\u2702\ufe0f Crafted with Care in the Heart of <b>Magyarorsz\u00e1g<\/b><\/li><li><b>\ud83d\udc90 \u00d6sszet\u00e9tel: r\u00f3zsasz\u00edn sz\u00f6vet r\u00f3zs\u00e1k, kis r\u00f3zsasz\u00edn \u00e9s elef\u00e1ntcsont sz\u00f6vet vir\u00e1gok, csipke szalag.<\/b><\/li><\/ul><\/div>","protected":false},"featured_media":669,"template":"","meta":[],"product_brand":[],"product_cat":[80],"product_tag":[],"class_list":{"0":"post-670","1":"product","2":"type-product","3":"status-publish","4":"has-post-thumbnail","6":"product_cat-toddler-flower-crown","8":"first","9":"outofstock","10":"shipping-taxable","11":"purchasable","12":"product-type-simple"},"yoast_head":"<!-- This site is optimized with the Yoast SEO plugin v25.9 - https:\/\/yoast.com\/wordpress\/plugins\/seo\/ -->\n<title>Enchanting Pink Rose Flower Crown Headband - Flora Tiara<\/title>\n<meta name=\"description\" content=\"Unique and beautiful: Shop our Enchanting Pink Rose Flower Crown Headband. Premium high quality headpiece to make the occasion unforgettable.\" \/>\n<meta name=\"robots\" content=\"index, follow, max-snippet:-1, max-image-preview:large, max-video-preview:-1\" \/>\n<link rel=\"canonical\" href=\"https:\/\/floratiara.com\/hu\/p\/vintage-ihlette-baba-lanyok-viragos-tiara\/\" \/>\n<meta property=\"og:locale\" content=\"hu_HU\" \/>\n<meta property=\"og:type\" content=\"article\" \/>\n<meta property=\"og:title\" content=\"Enchanting Pink Rose Flower Crown Headband - Flora Tiara\" \/>\n<meta property=\"og:description\" content=\"Unique and beautiful: Shop our Enchanting Pink Rose Flower Crown Headband. Premium high quality headpiece to make the occasion unforgettable.\" \/>\n<meta property=\"og:url\" content=\"https:\/\/floratiara.com\/hu\/p\/vintage-ihlette-baba-lanyok-viragos-tiara\/\" \/>\n<meta property=\"og:site_name\" content=\"Flora Tiara\" \/>\n<meta property=\"article:modified_time\" content=\"2025-04-04T03:59:18+00:00\" \/>\n<meta property=\"og:image\" content=\"https:\/\/floratiara.com\/wp-content\/uploads\/2024\/03\/S758531f3abf74eb8ad7599bdfef95296B.webp\" \/>\n\t<meta property=\"og:image:width\" content=\"800\" \/>\n\t<meta property=\"og:image:height\" content=\"800\" \/>\n\t<meta property=\"og:image:type\" content=\"image\/webp\" \/>\n<meta name=\"twitter:card\" content=\"summary_large_image\" \/>\n<meta name=\"twitter:label1\" content=\"Becs\u00fclt olvas\u00e1si id\u0151\" \/>\n\t<meta name=\"twitter:data1\" content=\"1 perc\" \/>\n<script type=\"application\/ld+json\" class=\"yoast-schema-graph\">{\"@context\":\"https:\/\/schema.org\",\"@graph\":[{\"@type\":\"WebPage\",\"@id\":\"https:\/\/floratiara.com\/p\/vintage-inspired-baby-girls-floral-tiara\/\",\"url\":\"https:\/\/floratiara.com\/p\/vintage-inspired-baby-girls-floral-tiara\/\",\"name\":\"Enchanting Pink Rose Flower Crown Headband - Flora Tiara\",\"isPartOf\":{\"@id\":\"https:\/\/floratiara.com\/#website\"},\"primaryImageOfPage\":{\"@id\":\"https:\/\/floratiara.com\/p\/vintage-inspired-baby-girls-floral-tiara\/#primaryimage\"},\"image\":{\"@id\":\"https:\/\/floratiara.com\/p\/vintage-inspired-baby-girls-floral-tiara\/#primaryimage\"},\"thumbnailUrl\":\"https:\/\/floratiara.com\/wp-content\/uploads\/2024\/03\/S758531f3abf74eb8ad7599bdfef95296B.webp\",\"datePublished\":\"2024-03-16T10:35:39+00:00\",\"dateModified\":\"2025-04-04T03:59:18+00:00\",\"description\":\"Unique and beautiful: Shop our Enchanting Pink Rose Flower Crown Headband. Premium high quality headpiece to make the occasion unforgettable.\",\"breadcrumb\":{\"@id\":\"https:\/\/floratiara.com\/p\/vintage-inspired-baby-girls-floral-tiara\/#breadcrumb\"},\"inLanguage\":\"hu\",\"potentialAction\":[{\"@type\":\"ReadAction\",\"target\":[\"https:\/\/floratiara.com\/p\/vintage-inspired-baby-girls-floral-tiara\/\"]}]},{\"@type\":\"ImageObject\",\"inLanguage\":\"hu\",\"@id\":\"https:\/\/floratiara.com\/p\/vintage-inspired-baby-girls-floral-tiara\/#primaryimage\",\"url\":\"https:\/\/floratiara.com\/wp-content\/uploads\/2024\/03\/S758531f3abf74eb8ad7599bdfef95296B.webp\",\"contentUrl\":\"https:\/\/floratiara.com\/wp-content\/uploads\/2024\/03\/S758531f3abf74eb8ad7599bdfef95296B.webp\",\"width\":800,\"height\":800},{\"@type\":\"BreadcrumbList\",\"@id\":\"https:\/\/floratiara.com\/p\/vintage-inspired-baby-girls-floral-tiara\/#breadcrumb\",\"itemListElement\":[{\"@type\":\"ListItem\",\"position\":1,\"name\":\"Home\",\"item\":\"https:\/\/floratiara.com\/\"},{\"@type\":\"ListItem\",\"position\":2,\"name\":\"Shop\",\"item\":\"https:\/\/floratiara.com\/shop\/\"},{\"@type\":\"ListItem\",\"position\":3,\"name\":\"Enchanting Pink Rose Flower Crown Headband\"}]},{\"@type\":\"WebSite\",\"@id\":\"https:\/\/floratiara.com\/#website\",\"url\":\"https:\/\/floratiara.com\/\",\"name\":\"Flora Tiara\",\"description\":\"\",\"publisher\":{\"@id\":\"https:\/\/floratiara.com\/#organization\"},\"potentialAction\":[{\"@type\":\"SearchAction\",\"target\":{\"@type\":\"EntryPoint\",\"urlTemplate\":\"https:\/\/floratiara.com\/?s={search_term_string}\"},\"query-input\":{\"@type\":\"PropertyValueSpecification\",\"valueRequired\":true,\"valueName\":\"search_term_string\"}}],\"inLanguage\":\"hu\"},{\"@type\":\"Organization\",\"@id\":\"https:\/\/floratiara.com\/#organization\",\"name\":\"Flora Tiara\",\"url\":\"https:\/\/floratiara.com\/\",\"logo\":{\"@type\":\"ImageObject\",\"inLanguage\":\"hu\",\"@id\":\"https:\/\/floratiara.com\/#\/schema\/logo\/image\/\",\"url\":\"https:\/\/floratiara.com\/wp-content\/uploads\/2024\/03\/flora-tiara-logo.png\",\"contentUrl\":\"https:\/\/floratiara.com\/wp-content\/uploads\/2024\/03\/flora-tiara-logo.png\",\"width\":1024,\"height\":274,\"caption\":\"Flora Tiara\"},\"image\":{\"@id\":\"https:\/\/floratiara.com\/#\/schema\/logo\/image\/\"}}]}<\/script>\n<!-- \/ Yoast SEO plugin. -->","yoast_head_json":{"title":"Var\u00e1zslatos r\u00f3zsasz\u00edn r\u00f3zsa vir\u00e1g korona fejp\u00e1nt - Flora Tiara","description":"Egyedi \u00e9s gy\u00f6ny\u00f6r\u0171: V\u00e1s\u00e1rolja meg var\u00e1zslatos r\u00f3zsasz\u00edn r\u00f3zs\u00e1s vir\u00e1gkorona fejp\u00e1ntunkat. Pr\u00e9mium min\u0151s\u00e9g\u0171, kiv\u00e1l\u00f3 min\u0151s\u00e9g\u0171 fejd\u00edsz, hogy felejthetetlenn\u00e9 tegye az alkalmat.","robots":{"index":"index","follow":"follow","max-snippet":"max-snippet:-1","max-image-preview":"max-image-preview:large","max-video-preview":"max-video-preview:-1"},"canonical":"https:\/\/floratiara.com\/hu\/p\/vintage-ihlette-baba-lanyok-viragos-tiara\/","og_locale":"hu_HU","og_type":"article","og_title":"Enchanting Pink Rose Flower Crown Headband - Flora Tiara","og_description":"Unique and beautiful: Shop our Enchanting Pink Rose Flower Crown Headband. Premium high quality headpiece to make the occasion unforgettable.","og_url":"https:\/\/floratiara.com\/hu\/p\/vintage-ihlette-baba-lanyok-viragos-tiara\/","og_site_name":"Flora Tiara","article_modified_time":"2025-04-04T03:59:18+00:00","og_image":[{"width":800,"height":800,"url":"https:\/\/floratiara.com\/wp-content\/uploads\/2024\/03\/S758531f3abf74eb8ad7599bdfef95296B.webp","type":"image\/webp"}],"twitter_card":"summary_large_image","twitter_misc":{"Becs\u00fclt olvas\u00e1si id\u0151":"1 perc"},"schema":{"@context":"https:\/\/schema.org","@graph":[{"@type":"WebPage","@id":"https:\/\/floratiara.com\/p\/vintage-inspired-baby-girls-floral-tiara\/","url":"https:\/\/floratiara.com\/p\/vintage-inspired-baby-girls-floral-tiara\/","name":"Var\u00e1zslatos r\u00f3zsasz\u00edn r\u00f3zsa vir\u00e1g korona fejp\u00e1nt - Flora Tiara","isPartOf":{"@id":"https:\/\/floratiara.com\/#website"},"primaryImageOfPage":{"@id":"https:\/\/floratiara.com\/p\/vintage-inspired-baby-girls-floral-tiara\/#primaryimage"},"image":{"@id":"https:\/\/floratiara.com\/p\/vintage-inspired-baby-girls-floral-tiara\/#primaryimage"},"thumbnailUrl":"https:\/\/floratiara.com\/wp-content\/uploads\/2024\/03\/S758531f3abf74eb8ad7599bdfef95296B.webp","datePublished":"2024-03-16T10:35:39+00:00","dateModified":"2025-04-04T03:59:18+00:00","description":"Egyedi \u00e9s gy\u00f6ny\u00f6r\u0171: V\u00e1s\u00e1rolja meg var\u00e1zslatos r\u00f3zsasz\u00edn r\u00f3zs\u00e1s vir\u00e1gkorona fejp\u00e1ntunkat. Pr\u00e9mium min\u0151s\u00e9g\u0171, kiv\u00e1l\u00f3 min\u0151s\u00e9g\u0171 fejd\u00edsz, hogy felejthetetlenn\u00e9 tegye az alkalmat.","breadcrumb":{"@id":"https:\/\/floratiara.com\/p\/vintage-inspired-baby-girls-floral-tiara\/#breadcrumb"},"inLanguage":"hu","potentialAction":[{"@type":"ReadAction","target":["https:\/\/floratiara.com\/p\/vintage-inspired-baby-girls-floral-tiara\/"]}]},{"@type":"ImageObject","inLanguage":"hu","@id":"https:\/\/floratiara.com\/p\/vintage-inspired-baby-girls-floral-tiara\/#primaryimage","url":"https:\/\/floratiara.com\/wp-content\/uploads\/2024\/03\/S758531f3abf74eb8ad7599bdfef95296B.webp","contentUrl":"https:\/\/floratiara.com\/wp-content\/uploads\/2024\/03\/S758531f3abf74eb8ad7599bdfef95296B.webp","width":800,"height":800},{"@type":"BreadcrumbList","@id":"https:\/\/floratiara.com\/p\/vintage-inspired-baby-girls-floral-tiara\/#breadcrumb","itemListElement":[{"@type":"ListItem","position":1,"name":"Home","item":"https:\/\/floratiara.com\/"},{"@type":"ListItem","position":2,"name":"Shop","item":"https:\/\/floratiara.com\/shop\/"},{"@type":"ListItem","position":3,"name":"Enchanting Pink Rose Flower Crown Headband"}]},{"@type":"WebSite","@id":"https:\/\/floratiara.com\/#website","url":"https:\/\/floratiara.com\/","name":"Flora Tiara","description":"","publisher":{"@id":"https:\/\/floratiara.com\/#organization"},"potentialAction":[{"@type":"SearchAction","target":{"@type":"EntryPoint","urlTemplate":"https:\/\/floratiara.com\/?s={search_term_string}"},"query-input":{"@type":"PropertyValueSpecification","valueRequired":true,"valueName":"search_term_string"}}],"inLanguage":"hu"},{"@type":"Organization","@id":"https:\/\/floratiara.com\/#organization","name":"Flora Tiara","url":"https:\/\/floratiara.com\/","logo":{"@type":"ImageObject","inLanguage":"hu","@id":"https:\/\/floratiara.com\/#\/schema\/logo\/image\/","url":"https:\/\/floratiara.com\/wp-content\/uploads\/2024\/03\/flora-tiara-logo.png","contentUrl":"https:\/\/floratiara.com\/wp-content\/uploads\/2024\/03\/flora-tiara-logo.png","width":1024,"height":274,"caption":"Flora Tiara"},"image":{"@id":"https:\/\/floratiara.com\/#\/schema\/logo\/image\/"}}]}},"_links":{"self":[{"href":"https:\/\/floratiara.com\/hu\/wp-json\/wp\/v2\/product\/670","targetHints":{"allow":["GET"]}}],"collection":[{"href":"https:\/\/floratiara.com\/hu\/wp-json\/wp\/v2\/product"}],"about":[{"href":"https:\/\/floratiara.com\/hu\/wp-json\/wp\/v2\/types\/product"}],"wp:featuredmedia":[{"embeddable":true,"href":"https:\/\/floratiara.com\/hu\/wp-json\/wp\/v2\/media\/669"}],"wp:attachment":[{"href":"https:\/\/floratiara.com\/hu\/wp-json\/wp\/v2\/media?parent=670"}],"wp:term":[{"taxonomy":"product_brand","embeddable":true,"href":"https:\/\/floratiara.com\/hu\/wp-json\/wp\/v2\/product_brand?post=670"},{"taxonomy":"product_cat","embeddable":true,"href":"https:\/\/floratiara.com\/hu\/wp-json\/wp\/v2\/product_cat?post=670"},{"taxonomy":"product_tag","embeddable":true,"href":"https:\/\/floratiara.com\/hu\/wp-json\/wp\/v2\/product_tag?post=670"}],"curies":[{"name":"wp","href":"https:\/\/api.w.org\/{rel}","templated":true}]}}