{"id":688,"date":"2024-03-16T10:35:53","date_gmt":"2024-03-16T10:35:53","guid":{"rendered":"https:\/\/floratiara.com\/?post_type=product&#038;p=688"},"modified":"2025-03-04T04:42:50","modified_gmt":"2025-03-04T04:42:50","slug":"elefantcsont-rozsaszin-rozsa-viragos-karika","status":"publish","type":"product","link":"https:\/\/floratiara.com\/hu\/p\/elefantcsont-rozsaszin-rozsa-viragos-karika\/","title":{"rendered":"Eleg\u00e1ns poros r\u00f3zsasz\u00edn r\u00f3zsa vir\u00e1g korona fejp\u00e1nt"},"content":{"rendered":"<p>Emelje fel st\u00edlus\u00e1t elb\u0171v\u00f6l\u0151 r\u00f3zs\u00e1s vir\u00e1gkoron\u00e1nkkal, egy k\u00e9zzel k\u00e9sz\u00edtett csod\u00e1val, amely az elef\u00e1ntcsont nyugalm\u00e1t a poros r\u00f3zsasz\u00edn visszafogott eleganci\u00e1j\u00e1val \u00f6tv\u00f6zi. T\u00f6k\u00e9letes k\u00fcl\u00f6nleges alkalmakra, egy csipetnyi szesz\u00e9lyes kifinomults\u00e1got k\u00f6lcs\u00f6n\u00f6z b\u00e1rmelyik \u00f6lt\u00f6z\u00e9knek. Sokoldal\u00fa csipkeszalagja a legnagyobb k\u00e9nyelemmel r\u00f6gz\u00edthet\u0151, \u00e9s \u00edg\u00e9retesnek \u00edg\u00e9rkezik, hogy az \u00fcnneps\u00e9geket a legnagyobb kecsess\u00e9ggel k\u00eds\u00e9ri. Jelentse ki a term\u00e9szetes romantik\u00e1t ezzel a gy\u00f6ny\u00f6r\u0171 kieg\u00e9sz\u00edt\u0151vel - ide\u00e1lis kieg\u00e9sz\u00edt\u0151je boh\u00e9m \u00e1lmainak. Fogadd el a b\u00e1jt, \u00e9s tedd ezt a vir\u00e1gkoron\u00e1t ruhat\u00e1rad megkoron\u00e1z\u00f3 \u00e9kszer\u00e9v\u00e9.<\/p><p>\u00d6sszet\u00e9tel: elef\u00e1ntcsont sz\u00f6vet vir\u00e1g, poros r\u00f3zsasz\u00edn r\u00f3zsa, kis elef\u00e1ntcsont bimb\u00f3k, csipke szalag.<\/p>","protected":false},"excerpt":{"rendered":"<div style=\"width: 90%;text-align: left;margin: auto\"><p style=\"text-align:center\"><b>\ud83d\udc51 Kez\u00fcnkt\u0151l a fejedig<\/b><br \/><i>Luxus vir\u00e1gkoron\u00e1k minden alkalomra<\/i><\/p><ul><li>\u2702\ufe0f Crafted with Care in the Heart of <b>Magyarorsz\u00e1g<\/b><\/li><li><b>\ud83d\udc90 \u00d6sszet\u00e9tel: elef\u00e1ntcsont sz\u00f6vet vir\u00e1g, poros r\u00f3zsasz\u00edn r\u00f3zsa, kis elef\u00e1ntcsont bimb\u00f3k, csipke szalag.<\/b><\/li><\/ul><\/div>","protected":false},"featured_media":687,"template":"","meta":[],"product_brand":[],"product_cat":[80],"product_tag":[],"class_list":{"0":"post-688","1":"product","2":"type-product","3":"status-publish","4":"has-post-thumbnail","6":"product_cat-toddler-flower-crown","8":"first","9":"instock","10":"shipping-taxable","11":"purchasable","12":"product-type-simple"},"yoast_head":"<!-- This site is optimized with the Yoast SEO plugin v25.9 - https:\/\/yoast.com\/wordpress\/plugins\/seo\/ -->\n<title>Elegant Dusty Pink Rose Flower Crown Headband - Flora Tiara<\/title>\n<meta name=\"description\" content=\"Unique and beautiful: Shop our Elegant Dusty Pink Rose Flower Crown Headband. Premium high quality headpiece to make the occasion unforgettable.\" \/>\n<meta name=\"robots\" content=\"index, follow, max-snippet:-1, max-image-preview:large, max-video-preview:-1\" \/>\n<link rel=\"canonical\" href=\"https:\/\/floratiara.com\/hu\/p\/elefantcsont-rozsaszin-rozsa-viragos-karika\/\" \/>\n<meta property=\"og:locale\" content=\"hu_HU\" \/>\n<meta property=\"og:type\" content=\"article\" \/>\n<meta property=\"og:title\" content=\"Elegant Dusty Pink Rose Flower Crown Headband - Flora Tiara\" \/>\n<meta property=\"og:description\" content=\"Unique and beautiful: Shop our Elegant Dusty Pink Rose Flower Crown Headband. Premium high quality headpiece to make the occasion unforgettable.\" \/>\n<meta property=\"og:url\" content=\"https:\/\/floratiara.com\/hu\/p\/elefantcsont-rozsaszin-rozsa-viragos-karika\/\" \/>\n<meta property=\"og:site_name\" content=\"Flora Tiara\" \/>\n<meta property=\"article:modified_time\" content=\"2025-03-04T04:42:50+00:00\" \/>\n<meta property=\"og:image\" content=\"https:\/\/floratiara.com\/wp-content\/uploads\/2024\/03\/S7637aad187934dc6b91f54eef69be7c5X.webp\" \/>\n\t<meta property=\"og:image:width\" content=\"800\" \/>\n\t<meta property=\"og:image:height\" content=\"800\" \/>\n\t<meta property=\"og:image:type\" content=\"image\/webp\" \/>\n<meta name=\"twitter:card\" content=\"summary_large_image\" \/>\n<script type=\"application\/ld+json\" class=\"yoast-schema-graph\">{\"@context\":\"https:\/\/schema.org\",\"@graph\":[{\"@type\":\"WebPage\",\"@id\":\"https:\/\/floratiara.com\/p\/ivory-pink-rose-floral-circlet\/\",\"url\":\"https:\/\/floratiara.com\/p\/ivory-pink-rose-floral-circlet\/\",\"name\":\"Elegant Dusty Pink Rose Flower Crown Headband - Flora Tiara\",\"isPartOf\":{\"@id\":\"https:\/\/floratiara.com\/#website\"},\"primaryImageOfPage\":{\"@id\":\"https:\/\/floratiara.com\/p\/ivory-pink-rose-floral-circlet\/#primaryimage\"},\"image\":{\"@id\":\"https:\/\/floratiara.com\/p\/ivory-pink-rose-floral-circlet\/#primaryimage\"},\"thumbnailUrl\":\"https:\/\/floratiara.com\/wp-content\/uploads\/2024\/03\/S7637aad187934dc6b91f54eef69be7c5X.webp\",\"datePublished\":\"2024-03-16T10:35:53+00:00\",\"dateModified\":\"2025-03-04T04:42:50+00:00\",\"description\":\"Unique and beautiful: Shop our Elegant Dusty Pink Rose Flower Crown Headband. Premium high quality headpiece to make the occasion unforgettable.\",\"breadcrumb\":{\"@id\":\"https:\/\/floratiara.com\/p\/ivory-pink-rose-floral-circlet\/#breadcrumb\"},\"inLanguage\":\"hu\",\"potentialAction\":[{\"@type\":\"ReadAction\",\"target\":[\"https:\/\/floratiara.com\/p\/ivory-pink-rose-floral-circlet\/\"]}]},{\"@type\":\"ImageObject\",\"inLanguage\":\"hu\",\"@id\":\"https:\/\/floratiara.com\/p\/ivory-pink-rose-floral-circlet\/#primaryimage\",\"url\":\"https:\/\/floratiara.com\/wp-content\/uploads\/2024\/03\/S7637aad187934dc6b91f54eef69be7c5X.webp\",\"contentUrl\":\"https:\/\/floratiara.com\/wp-content\/uploads\/2024\/03\/S7637aad187934dc6b91f54eef69be7c5X.webp\",\"width\":800,\"height\":800},{\"@type\":\"BreadcrumbList\",\"@id\":\"https:\/\/floratiara.com\/p\/ivory-pink-rose-floral-circlet\/#breadcrumb\",\"itemListElement\":[{\"@type\":\"ListItem\",\"position\":1,\"name\":\"Home\",\"item\":\"https:\/\/floratiara.com\/\"},{\"@type\":\"ListItem\",\"position\":2,\"name\":\"Shop\",\"item\":\"https:\/\/floratiara.com\/shop\/\"},{\"@type\":\"ListItem\",\"position\":3,\"name\":\"Elegant Dusty Pink Rose Flower Crown Headband\"}]},{\"@type\":\"WebSite\",\"@id\":\"https:\/\/floratiara.com\/#website\",\"url\":\"https:\/\/floratiara.com\/\",\"name\":\"Flora Tiara\",\"description\":\"\",\"publisher\":{\"@id\":\"https:\/\/floratiara.com\/#organization\"},\"potentialAction\":[{\"@type\":\"SearchAction\",\"target\":{\"@type\":\"EntryPoint\",\"urlTemplate\":\"https:\/\/floratiara.com\/?s={search_term_string}\"},\"query-input\":{\"@type\":\"PropertyValueSpecification\",\"valueRequired\":true,\"valueName\":\"search_term_string\"}}],\"inLanguage\":\"hu\"},{\"@type\":\"Organization\",\"@id\":\"https:\/\/floratiara.com\/#organization\",\"name\":\"Flora Tiara\",\"url\":\"https:\/\/floratiara.com\/\",\"logo\":{\"@type\":\"ImageObject\",\"inLanguage\":\"hu\",\"@id\":\"https:\/\/floratiara.com\/#\/schema\/logo\/image\/\",\"url\":\"https:\/\/floratiara.com\/wp-content\/uploads\/2024\/03\/flora-tiara-logo.png\",\"contentUrl\":\"https:\/\/floratiara.com\/wp-content\/uploads\/2024\/03\/flora-tiara-logo.png\",\"width\":1024,\"height\":274,\"caption\":\"Flora Tiara\"},\"image\":{\"@id\":\"https:\/\/floratiara.com\/#\/schema\/logo\/image\/\"}}]}<\/script>\n<!-- \/ Yoast SEO plugin. -->","yoast_head_json":{"title":"Eleg\u00e1ns poros r\u00f3zsasz\u00edn\u0171 r\u00f3zs\u00e1s vir\u00e1g korona fejp\u00e1nt - Flora Tiara","description":"Egyedi \u00e9s gy\u00f6ny\u00f6r\u0171: Eleg\u00e1ns poros r\u00f3zsasz\u00edn\u0171 r\u00f3zs\u00e1s vir\u00e1gkorona fejp\u00e1ntunk. Pr\u00e9mium min\u0151s\u00e9g\u0171, kiv\u00e1l\u00f3 min\u0151s\u00e9g\u0171 fejd\u00edsz, hogy felejthetetlenn\u00e9 tegye az alkalmat.","robots":{"index":"index","follow":"follow","max-snippet":"max-snippet:-1","max-image-preview":"max-image-preview:large","max-video-preview":"max-video-preview:-1"},"canonical":"https:\/\/floratiara.com\/hu\/p\/elefantcsont-rozsaszin-rozsa-viragos-karika\/","og_locale":"hu_HU","og_type":"article","og_title":"Elegant Dusty Pink Rose Flower Crown Headband - Flora Tiara","og_description":"Unique and beautiful: Shop our Elegant Dusty Pink Rose Flower Crown Headband. Premium high quality headpiece to make the occasion unforgettable.","og_url":"https:\/\/floratiara.com\/hu\/p\/elefantcsont-rozsaszin-rozsa-viragos-karika\/","og_site_name":"Flora Tiara","article_modified_time":"2025-03-04T04:42:50+00:00","og_image":[{"width":800,"height":800,"url":"https:\/\/floratiara.com\/wp-content\/uploads\/2024\/03\/S7637aad187934dc6b91f54eef69be7c5X.webp","type":"image\/webp"}],"twitter_card":"summary_large_image","schema":{"@context":"https:\/\/schema.org","@graph":[{"@type":"WebPage","@id":"https:\/\/floratiara.com\/p\/ivory-pink-rose-floral-circlet\/","url":"https:\/\/floratiara.com\/p\/ivory-pink-rose-floral-circlet\/","name":"Eleg\u00e1ns poros r\u00f3zsasz\u00edn\u0171 r\u00f3zs\u00e1s vir\u00e1g korona fejp\u00e1nt - Flora Tiara","isPartOf":{"@id":"https:\/\/floratiara.com\/#website"},"primaryImageOfPage":{"@id":"https:\/\/floratiara.com\/p\/ivory-pink-rose-floral-circlet\/#primaryimage"},"image":{"@id":"https:\/\/floratiara.com\/p\/ivory-pink-rose-floral-circlet\/#primaryimage"},"thumbnailUrl":"https:\/\/floratiara.com\/wp-content\/uploads\/2024\/03\/S7637aad187934dc6b91f54eef69be7c5X.webp","datePublished":"2024-03-16T10:35:53+00:00","dateModified":"2025-03-04T04:42:50+00:00","description":"Egyedi \u00e9s gy\u00f6ny\u00f6r\u0171: Eleg\u00e1ns poros r\u00f3zsasz\u00edn\u0171 r\u00f3zs\u00e1s vir\u00e1gkorona fejp\u00e1ntunk. Pr\u00e9mium min\u0151s\u00e9g\u0171, kiv\u00e1l\u00f3 min\u0151s\u00e9g\u0171 fejd\u00edsz, hogy felejthetetlenn\u00e9 tegye az alkalmat.","breadcrumb":{"@id":"https:\/\/floratiara.com\/p\/ivory-pink-rose-floral-circlet\/#breadcrumb"},"inLanguage":"hu","potentialAction":[{"@type":"ReadAction","target":["https:\/\/floratiara.com\/p\/ivory-pink-rose-floral-circlet\/"]}]},{"@type":"ImageObject","inLanguage":"hu","@id":"https:\/\/floratiara.com\/p\/ivory-pink-rose-floral-circlet\/#primaryimage","url":"https:\/\/floratiara.com\/wp-content\/uploads\/2024\/03\/S7637aad187934dc6b91f54eef69be7c5X.webp","contentUrl":"https:\/\/floratiara.com\/wp-content\/uploads\/2024\/03\/S7637aad187934dc6b91f54eef69be7c5X.webp","width":800,"height":800},{"@type":"BreadcrumbList","@id":"https:\/\/floratiara.com\/p\/ivory-pink-rose-floral-circlet\/#breadcrumb","itemListElement":[{"@type":"ListItem","position":1,"name":"Home","item":"https:\/\/floratiara.com\/"},{"@type":"ListItem","position":2,"name":"Shop","item":"https:\/\/floratiara.com\/shop\/"},{"@type":"ListItem","position":3,"name":"Elegant Dusty Pink Rose Flower Crown Headband"}]},{"@type":"WebSite","@id":"https:\/\/floratiara.com\/#website","url":"https:\/\/floratiara.com\/","name":"Flora Tiara","description":"","publisher":{"@id":"https:\/\/floratiara.com\/#organization"},"potentialAction":[{"@type":"SearchAction","target":{"@type":"EntryPoint","urlTemplate":"https:\/\/floratiara.com\/?s={search_term_string}"},"query-input":{"@type":"PropertyValueSpecification","valueRequired":true,"valueName":"search_term_string"}}],"inLanguage":"hu"},{"@type":"Organization","@id":"https:\/\/floratiara.com\/#organization","name":"Flora Tiara","url":"https:\/\/floratiara.com\/","logo":{"@type":"ImageObject","inLanguage":"hu","@id":"https:\/\/floratiara.com\/#\/schema\/logo\/image\/","url":"https:\/\/floratiara.com\/wp-content\/uploads\/2024\/03\/flora-tiara-logo.png","contentUrl":"https:\/\/floratiara.com\/wp-content\/uploads\/2024\/03\/flora-tiara-logo.png","width":1024,"height":274,"caption":"Flora Tiara"},"image":{"@id":"https:\/\/floratiara.com\/#\/schema\/logo\/image\/"}}]}},"_links":{"self":[{"href":"https:\/\/floratiara.com\/hu\/wp-json\/wp\/v2\/product\/688","targetHints":{"allow":["GET"]}}],"collection":[{"href":"https:\/\/floratiara.com\/hu\/wp-json\/wp\/v2\/product"}],"about":[{"href":"https:\/\/floratiara.com\/hu\/wp-json\/wp\/v2\/types\/product"}],"wp:featuredmedia":[{"embeddable":true,"href":"https:\/\/floratiara.com\/hu\/wp-json\/wp\/v2\/media\/687"}],"wp:attachment":[{"href":"https:\/\/floratiara.com\/hu\/wp-json\/wp\/v2\/media?parent=688"}],"wp:term":[{"taxonomy":"product_brand","embeddable":true,"href":"https:\/\/floratiara.com\/hu\/wp-json\/wp\/v2\/product_brand?post=688"},{"taxonomy":"product_cat","embeddable":true,"href":"https:\/\/floratiara.com\/hu\/wp-json\/wp\/v2\/product_cat?post=688"},{"taxonomy":"product_tag","embeddable":true,"href":"https:\/\/floratiara.com\/hu\/wp-json\/wp\/v2\/product_tag?post=688"}],"curies":[{"name":"wp","href":"https:\/\/api.w.org\/{rel}","templated":true}]}}