{"id":70,"date":"2024-03-16T06:43:54","date_gmt":"2024-03-16T06:43:54","guid":{"rendered":"https:\/\/floratiara.com\/?post_type=product&#038;p=70"},"modified":"2025-03-04T04:42:29","modified_gmt":"2025-03-04T04:42:29","slug":"viragos-eskuvoi-fejdisz-elegans-diszites","status":"publish","type":"product","link":"https:\/\/floratiara.com\/hu\/p\/viragos-eskuvoi-fejdisz-elegans-diszites\/","title":{"rendered":"Elvar\u00e1zsolt menyasszonyi vir\u00e1gkorona fejp\u00e1nt"},"content":{"rendered":"<p>Tal\u00e1lkozzon a mesebeli b\u00e1jjal az Elvar\u00e1zsolt menyasszonyi vir\u00e1gkorona fejp\u00e1ntunkkal. Engedje \u00e1t mag\u00e1t a k\u00e9zzel szedett pasztell r\u00f3zsasz\u00edn \u00e9s feh\u00e9r r\u00f3zs\u00e1k var\u00e1zs\u00e1nak, amelyek finoman \u00f6sszefon\u00f3dnak a szesz\u00e9lyes r\u00f3zsasz\u00edn asztilb\u00e1val \u00e9s bogy\u00f3kkal. Az \u00e9teri elef\u00e1ntcsont szalag egy csipetnyi eleganci\u00e1t k\u00f6lcs\u00f6n\u00f6z, biztos\u00edtva a t\u00f6k\u00e9letes illeszked\u00e9st minden k\u00fcl\u00f6nleges alkalomhoz. Ide\u00e1lis leend\u0151 menyasszonyoknak vagy \u00fcnnepi \u00f6lt\u00f6z\u00e9ked befejez\u00e9sek\u00e9nt, ennek a fejd\u00edsznek a romantikus kialak\u00edt\u00e1sa feldobja az \u00f6lt\u00f6z\u00e9kedet, \u00e9s minden pillanatban olyan lesz, mintha egy mesek\u00f6nyv lapjait l\u00e1tn\u00e1d. Emelje fel megjelen\u00e9s\u00e9t a mi gy\u00f6ny\u00f6r\u0171 vir\u00e1gos koron\u00e1nkkal - a kecsess\u00e9g \u00e9s a kifinomults\u00e1g v\u00e9gs\u0151 megnyilv\u00e1nul\u00e1sa.<\/p><p>\u00d6sszet\u00e9tel: r\u00f3zsasz\u00edn \u00e9s feh\u00e9r r\u00f3zsa, r\u00f3zsasz\u00edn astilbe, r\u00f3zsasz\u00edn bogy\u00f3k, elef\u00e1ntcsont szalag.<\/p>","protected":false},"excerpt":{"rendered":"<div style=\"width: 90%;text-align: left;margin: auto\"><p style=\"text-align:center\"><b>\ud83d\udc51 Kez\u00fcnkt\u0151l a fejedig<\/b><br \/><i>Luxus vir\u00e1gkoron\u00e1k minden alkalomra<\/i><\/p><ul><li>\u2702\ufe0f Crafted with Care in the Heart of <b>Magyarorsz\u00e1g<\/b><\/li><li><b>\ud83d\udc90 \u00d6sszet\u00e9tel: r\u00f3zsasz\u00edn \u00e9s feh\u00e9r r\u00f3zsa, r\u00f3zsasz\u00edn astilbe, r\u00f3zsasz\u00edn bogy\u00f3k, elef\u00e1ntcsont szalag.<\/b><\/li><\/ul><\/div>","protected":false},"featured_media":69,"template":"","meta":[],"product_brand":[],"product_cat":[61,78,73,59],"product_tag":[],"class_list":{"0":"post-70","1":"product","2":"type-product","3":"status-publish","4":"has-post-thumbnail","6":"product_cat-bridesmaid-floral-headpiece","7":"product_cat-dried-floral-headpiece","8":"product_cat-pink-floral-headpiece","9":"product_cat-bridal-floral-headpiece","11":"first","12":"instock","13":"shipping-taxable","14":"purchasable","15":"product-type-simple"},"yoast_head":"<!-- This site is optimized with the Yoast SEO plugin v25.9 - https:\/\/yoast.com\/wordpress\/plugins\/seo\/ -->\n<title>Enchanted Bridal Flower Crown Headband - Flora Tiara<\/title>\n<meta name=\"description\" content=\"Unique and beautiful: Shop our Enchanted Bridal Flower Crown Headband. Premium high quality headpiece to make the occasion unforgettable.\" \/>\n<meta name=\"robots\" content=\"index, follow, max-snippet:-1, max-image-preview:large, max-video-preview:-1\" \/>\n<link rel=\"canonical\" href=\"https:\/\/floratiara.com\/hu\/p\/viragos-eskuvoi-fejdisz-elegans-diszites\/\" \/>\n<meta property=\"og:locale\" content=\"hu_HU\" \/>\n<meta property=\"og:type\" content=\"article\" \/>\n<meta property=\"og:title\" content=\"Enchanted Bridal Flower Crown Headband - Flora Tiara\" \/>\n<meta property=\"og:description\" content=\"Unique and beautiful: Shop our Enchanted Bridal Flower Crown Headband. Premium high quality headpiece to make the occasion unforgettable.\" \/>\n<meta property=\"og:url\" content=\"https:\/\/floratiara.com\/hu\/p\/viragos-eskuvoi-fejdisz-elegans-diszites\/\" \/>\n<meta property=\"og:site_name\" content=\"Flora Tiara\" \/>\n<meta property=\"article:modified_time\" content=\"2025-03-04T04:42:29+00:00\" \/>\n<meta property=\"og:image\" content=\"https:\/\/floratiara.com\/wp-content\/uploads\/2024\/03\/S99017d28e3124161b3862d1fef281358m.webp\" \/>\n\t<meta property=\"og:image:width\" content=\"1500\" \/>\n\t<meta property=\"og:image:height\" content=\"1500\" \/>\n\t<meta property=\"og:image:type\" content=\"image\/webp\" \/>\n<meta name=\"twitter:card\" content=\"summary_large_image\" \/>\n<meta name=\"twitter:label1\" content=\"Becs\u00fclt olvas\u00e1si id\u0151\" \/>\n\t<meta name=\"twitter:data1\" content=\"1 perc\" \/>\n<script type=\"application\/ld+json\" class=\"yoast-schema-graph\">{\"@context\":\"https:\/\/schema.org\",\"@graph\":[{\"@type\":\"WebPage\",\"@id\":\"https:\/\/floratiara.com\/p\/floral-wedding-headpiece-elegant-adornment\/\",\"url\":\"https:\/\/floratiara.com\/p\/floral-wedding-headpiece-elegant-adornment\/\",\"name\":\"Enchanted Bridal Flower Crown Headband - Flora Tiara\",\"isPartOf\":{\"@id\":\"https:\/\/floratiara.com\/#website\"},\"primaryImageOfPage\":{\"@id\":\"https:\/\/floratiara.com\/p\/floral-wedding-headpiece-elegant-adornment\/#primaryimage\"},\"image\":{\"@id\":\"https:\/\/floratiara.com\/p\/floral-wedding-headpiece-elegant-adornment\/#primaryimage\"},\"thumbnailUrl\":\"https:\/\/floratiara.com\/wp-content\/uploads\/2024\/03\/S99017d28e3124161b3862d1fef281358m.webp\",\"datePublished\":\"2024-03-16T06:43:54+00:00\",\"dateModified\":\"2025-03-04T04:42:29+00:00\",\"description\":\"Unique and beautiful: Shop our Enchanted Bridal Flower Crown Headband. Premium high quality headpiece to make the occasion unforgettable.\",\"breadcrumb\":{\"@id\":\"https:\/\/floratiara.com\/p\/floral-wedding-headpiece-elegant-adornment\/#breadcrumb\"},\"inLanguage\":\"hu\",\"potentialAction\":[{\"@type\":\"ReadAction\",\"target\":[\"https:\/\/floratiara.com\/p\/floral-wedding-headpiece-elegant-adornment\/\"]}]},{\"@type\":\"ImageObject\",\"inLanguage\":\"hu\",\"@id\":\"https:\/\/floratiara.com\/p\/floral-wedding-headpiece-elegant-adornment\/#primaryimage\",\"url\":\"https:\/\/floratiara.com\/wp-content\/uploads\/2024\/03\/S99017d28e3124161b3862d1fef281358m.webp\",\"contentUrl\":\"https:\/\/floratiara.com\/wp-content\/uploads\/2024\/03\/S99017d28e3124161b3862d1fef281358m.webp\",\"width\":1500,\"height\":1500},{\"@type\":\"BreadcrumbList\",\"@id\":\"https:\/\/floratiara.com\/p\/floral-wedding-headpiece-elegant-adornment\/#breadcrumb\",\"itemListElement\":[{\"@type\":\"ListItem\",\"position\":1,\"name\":\"Home\",\"item\":\"https:\/\/floratiara.com\/\"},{\"@type\":\"ListItem\",\"position\":2,\"name\":\"Shop\",\"item\":\"https:\/\/floratiara.com\/shop\/\"},{\"@type\":\"ListItem\",\"position\":3,\"name\":\"Enchanted Bridal Flower Crown Headband\"}]},{\"@type\":\"WebSite\",\"@id\":\"https:\/\/floratiara.com\/#website\",\"url\":\"https:\/\/floratiara.com\/\",\"name\":\"Flora Tiara\",\"description\":\"\",\"publisher\":{\"@id\":\"https:\/\/floratiara.com\/#organization\"},\"potentialAction\":[{\"@type\":\"SearchAction\",\"target\":{\"@type\":\"EntryPoint\",\"urlTemplate\":\"https:\/\/floratiara.com\/?s={search_term_string}\"},\"query-input\":{\"@type\":\"PropertyValueSpecification\",\"valueRequired\":true,\"valueName\":\"search_term_string\"}}],\"inLanguage\":\"hu\"},{\"@type\":\"Organization\",\"@id\":\"https:\/\/floratiara.com\/#organization\",\"name\":\"Flora Tiara\",\"url\":\"https:\/\/floratiara.com\/\",\"logo\":{\"@type\":\"ImageObject\",\"inLanguage\":\"hu\",\"@id\":\"https:\/\/floratiara.com\/#\/schema\/logo\/image\/\",\"url\":\"https:\/\/floratiara.com\/wp-content\/uploads\/2024\/03\/flora-tiara-logo.png\",\"contentUrl\":\"https:\/\/floratiara.com\/wp-content\/uploads\/2024\/03\/flora-tiara-logo.png\",\"width\":1024,\"height\":274,\"caption\":\"Flora Tiara\"},\"image\":{\"@id\":\"https:\/\/floratiara.com\/#\/schema\/logo\/image\/\"}}]}<\/script>\n<!-- \/ Yoast SEO plugin. -->","yoast_head_json":{"title":"Elvar\u00e1zsolt menyasszonyi vir\u00e1gkorona fejp\u00e1nt - Flora Tiara","description":"Egyedi \u00e9s gy\u00f6ny\u00f6r\u0171: Elvar\u00e1zsolt menyasszonyi vir\u00e1gkorona fejp\u00e1nt. Pr\u00e9mium min\u0151s\u00e9g\u0171, kiv\u00e1l\u00f3 min\u0151s\u00e9g\u0171 fejd\u00edsz, hogy felejthetetlenn\u00e9 tegye az alkalmat.","robots":{"index":"index","follow":"follow","max-snippet":"max-snippet:-1","max-image-preview":"max-image-preview:large","max-video-preview":"max-video-preview:-1"},"canonical":"https:\/\/floratiara.com\/hu\/p\/viragos-eskuvoi-fejdisz-elegans-diszites\/","og_locale":"hu_HU","og_type":"article","og_title":"Enchanted Bridal Flower Crown Headband - Flora Tiara","og_description":"Unique and beautiful: Shop our Enchanted Bridal Flower Crown Headband. Premium high quality headpiece to make the occasion unforgettable.","og_url":"https:\/\/floratiara.com\/hu\/p\/viragos-eskuvoi-fejdisz-elegans-diszites\/","og_site_name":"Flora Tiara","article_modified_time":"2025-03-04T04:42:29+00:00","og_image":[{"width":1500,"height":1500,"url":"https:\/\/floratiara.com\/wp-content\/uploads\/2024\/03\/S99017d28e3124161b3862d1fef281358m.webp","type":"image\/webp"}],"twitter_card":"summary_large_image","twitter_misc":{"Becs\u00fclt olvas\u00e1si id\u0151":"1 perc"},"schema":{"@context":"https:\/\/schema.org","@graph":[{"@type":"WebPage","@id":"https:\/\/floratiara.com\/p\/floral-wedding-headpiece-elegant-adornment\/","url":"https:\/\/floratiara.com\/p\/floral-wedding-headpiece-elegant-adornment\/","name":"Elvar\u00e1zsolt menyasszonyi vir\u00e1gkorona fejp\u00e1nt - Flora Tiara","isPartOf":{"@id":"https:\/\/floratiara.com\/#website"},"primaryImageOfPage":{"@id":"https:\/\/floratiara.com\/p\/floral-wedding-headpiece-elegant-adornment\/#primaryimage"},"image":{"@id":"https:\/\/floratiara.com\/p\/floral-wedding-headpiece-elegant-adornment\/#primaryimage"},"thumbnailUrl":"https:\/\/floratiara.com\/wp-content\/uploads\/2024\/03\/S99017d28e3124161b3862d1fef281358m.webp","datePublished":"2024-03-16T06:43:54+00:00","dateModified":"2025-03-04T04:42:29+00:00","description":"Egyedi \u00e9s gy\u00f6ny\u00f6r\u0171: Elvar\u00e1zsolt menyasszonyi vir\u00e1gkorona fejp\u00e1nt. Pr\u00e9mium min\u0151s\u00e9g\u0171, kiv\u00e1l\u00f3 min\u0151s\u00e9g\u0171 fejd\u00edsz, hogy felejthetetlenn\u00e9 tegye az alkalmat.","breadcrumb":{"@id":"https:\/\/floratiara.com\/p\/floral-wedding-headpiece-elegant-adornment\/#breadcrumb"},"inLanguage":"hu","potentialAction":[{"@type":"ReadAction","target":["https:\/\/floratiara.com\/p\/floral-wedding-headpiece-elegant-adornment\/"]}]},{"@type":"ImageObject","inLanguage":"hu","@id":"https:\/\/floratiara.com\/p\/floral-wedding-headpiece-elegant-adornment\/#primaryimage","url":"https:\/\/floratiara.com\/wp-content\/uploads\/2024\/03\/S99017d28e3124161b3862d1fef281358m.webp","contentUrl":"https:\/\/floratiara.com\/wp-content\/uploads\/2024\/03\/S99017d28e3124161b3862d1fef281358m.webp","width":1500,"height":1500},{"@type":"BreadcrumbList","@id":"https:\/\/floratiara.com\/p\/floral-wedding-headpiece-elegant-adornment\/#breadcrumb","itemListElement":[{"@type":"ListItem","position":1,"name":"Home","item":"https:\/\/floratiara.com\/"},{"@type":"ListItem","position":2,"name":"Shop","item":"https:\/\/floratiara.com\/shop\/"},{"@type":"ListItem","position":3,"name":"Enchanted Bridal Flower Crown Headband"}]},{"@type":"WebSite","@id":"https:\/\/floratiara.com\/#website","url":"https:\/\/floratiara.com\/","name":"Flora Tiara","description":"","publisher":{"@id":"https:\/\/floratiara.com\/#organization"},"potentialAction":[{"@type":"SearchAction","target":{"@type":"EntryPoint","urlTemplate":"https:\/\/floratiara.com\/?s={search_term_string}"},"query-input":{"@type":"PropertyValueSpecification","valueRequired":true,"valueName":"search_term_string"}}],"inLanguage":"hu"},{"@type":"Organization","@id":"https:\/\/floratiara.com\/#organization","name":"Flora Tiara","url":"https:\/\/floratiara.com\/","logo":{"@type":"ImageObject","inLanguage":"hu","@id":"https:\/\/floratiara.com\/#\/schema\/logo\/image\/","url":"https:\/\/floratiara.com\/wp-content\/uploads\/2024\/03\/flora-tiara-logo.png","contentUrl":"https:\/\/floratiara.com\/wp-content\/uploads\/2024\/03\/flora-tiara-logo.png","width":1024,"height":274,"caption":"Flora Tiara"},"image":{"@id":"https:\/\/floratiara.com\/#\/schema\/logo\/image\/"}}]}},"_links":{"self":[{"href":"https:\/\/floratiara.com\/hu\/wp-json\/wp\/v2\/product\/70","targetHints":{"allow":["GET"]}}],"collection":[{"href":"https:\/\/floratiara.com\/hu\/wp-json\/wp\/v2\/product"}],"about":[{"href":"https:\/\/floratiara.com\/hu\/wp-json\/wp\/v2\/types\/product"}],"wp:featuredmedia":[{"embeddable":true,"href":"https:\/\/floratiara.com\/hu\/wp-json\/wp\/v2\/media\/69"}],"wp:attachment":[{"href":"https:\/\/floratiara.com\/hu\/wp-json\/wp\/v2\/media?parent=70"}],"wp:term":[{"taxonomy":"product_brand","embeddable":true,"href":"https:\/\/floratiara.com\/hu\/wp-json\/wp\/v2\/product_brand?post=70"},{"taxonomy":"product_cat","embeddable":true,"href":"https:\/\/floratiara.com\/hu\/wp-json\/wp\/v2\/product_cat?post=70"},{"taxonomy":"product_tag","embeddable":true,"href":"https:\/\/floratiara.com\/hu\/wp-json\/wp\/v2\/product_tag?post=70"}],"curies":[{"name":"wp","href":"https:\/\/api.w.org\/{rel}","templated":true}]}}