{"id":228,"date":"2024-03-16T09:38:43","date_gmt":"2024-03-16T09:38:43","guid":{"rendered":"https:\/\/floratiara.com\/?post_type=product&#038;p=228"},"modified":"2024-12-12T01:47:14","modified_gmt":"2024-12-12T01:47:14","slug":"eterisk-blomsterpanneband-til-bryllup","status":"publish","type":"product","link":"https:\/\/floratiara.com\/nb\/p\/eterisk-blomsterpanneband-til-bryllup\/","title":{"rendered":"Fortryllende tusenfrydblomstkrone til bryllupet"},"content":{"rendered":"<p>L\u00f8ft den spesielle anledningen din med den fortryllende \"Serenity Blossom\" Daisy Flower Crown. Dette tilbeh\u00f8ret er h\u00e5ndlaget til perfeksjon og best\u00e5r av en symfoni av bl\u00e5 og lilla tusenfryd, skinnende hvite blomster og sarte lilla detaljer i frodig gr\u00f8nt. Den allsidige designen sikrer at den passer til enhver frisyre, noe som gj\u00f8r den til et ideelt valg til bryllup, hagefester eller for \u00e5 tilf\u00f8re et snev av eleganse til ethvert antrekk. Unn deg luksusen med denne sofistikerte blomsterdekorasjonen og forvandle looken din med sin eventyrlige sjarm.<\/p><p>Sammensetning: bl\u00e5 og lilla tusenfryd, hvite blomster med fremtredende st\u00f8vb\u00e6rere, sm\u00e5 hvite blomster, lilla fyllblomster, gr\u00f8nne blader og b\u00e6rlignende gr\u00f8nne aksenter.<\/p>","protected":false},"excerpt":{"rendered":"<div style=\"width: 90%;text-align: left;margin: auto\"><p style=\"text-align:center\"><b>\ud83d\udc51 Fra v\u00e5re hender til ditt hode<\/b><br \/><i>Luksuri\u00f8se blomsterkroner for enhver anledning<\/i><\/p><ul><li>\u2702\ufe0f Tilvirket med omhu i hjertet av <b>Norge<\/b><\/li><li><b>\ud83d\udc90 Sammensetning: bl\u00e5 og lilla tusenfryd, hvite blomster med fremtredende st\u00f8vb\u00e6rere, sm\u00e5 hvite blomster, lilla utfyllingsblomster, gr\u00f8nne blader og b\u00e6rlignende gr\u00f8nne aksenter.<\/b><\/li><\/ul><\/div>","protected":false},"featured_media":227,"template":"","meta":[],"product_brand":[],"product_cat":[61,69,74,79,59],"product_tag":[],"class_list":{"0":"post-228","1":"product","2":"type-product","3":"status-publish","4":"has-post-thumbnail","6":"product_cat-bridesmaid-floral-headpiece","7":"product_cat-daisy-floral-headpiece","8":"product_cat-purple-floral-headpiece","9":"product_cat-real-floral-headpiece","10":"product_cat-bridal-floral-headpiece","12":"first","13":"instock","14":"shipping-taxable","15":"purchasable","16":"product-type-simple"},"yoast_head":"<!-- This site is optimized with the Yoast SEO plugin v25.9 - https:\/\/yoast.com\/wordpress\/plugins\/seo\/ -->\n<title>Enchanted Daisy Flower Crown for Weddings - Flora Tiara<\/title>\n<meta name=\"description\" content=\"Unique and beautiful: Shop our Enchanted Daisy Flower Crown for Weddings. Premium high quality headpiece to make the occasion unforgettable.\" \/>\n<meta name=\"robots\" content=\"index, follow, max-snippet:-1, max-image-preview:large, max-video-preview:-1\" \/>\n<link rel=\"canonical\" href=\"https:\/\/floratiara.com\/nb\/p\/eterisk-blomsterpanneband-til-bryllup\/\" \/>\n<meta property=\"og:locale\" content=\"nb_NO\" \/>\n<meta property=\"og:type\" content=\"article\" \/>\n<meta property=\"og:title\" content=\"Enchanted Daisy Flower Crown for Weddings - Flora Tiara\" \/>\n<meta property=\"og:description\" content=\"Unique and beautiful: Shop our Enchanted Daisy Flower Crown for Weddings. Premium high quality headpiece to make the occasion unforgettable.\" \/>\n<meta property=\"og:url\" content=\"https:\/\/floratiara.com\/nb\/p\/eterisk-blomsterpanneband-til-bryllup\/\" \/>\n<meta property=\"og:site_name\" content=\"Flora Tiara\" \/>\n<meta property=\"article:modified_time\" content=\"2024-12-12T01:47:14+00:00\" \/>\n<meta property=\"og:image\" content=\"https:\/\/floratiara.com\/wp-content\/uploads\/2024\/03\/Sb81c2acd4f5942188305bb7a09e6274cm.webp\" \/>\n\t<meta property=\"og:image:width\" content=\"1500\" \/>\n\t<meta property=\"og:image:height\" content=\"1500\" \/>\n\t<meta property=\"og:image:type\" content=\"image\/webp\" \/>\n<meta name=\"twitter:card\" content=\"summary_large_image\" \/>\n<meta name=\"twitter:label1\" content=\"Ansl. lesetid\" \/>\n\t<meta name=\"twitter:data1\" content=\"6 minutter\" \/>\n<script type=\"application\/ld+json\" class=\"yoast-schema-graph\">{\"@context\":\"https:\/\/schema.org\",\"@graph\":[{\"@type\":\"WebPage\",\"@id\":\"https:\/\/floratiara.com\/p\/ethereal-wedding-floral-headband\/\",\"url\":\"https:\/\/floratiara.com\/p\/ethereal-wedding-floral-headband\/\",\"name\":\"Enchanted Daisy Flower Crown for Weddings - Flora Tiara\",\"isPartOf\":{\"@id\":\"https:\/\/floratiara.com\/#website\"},\"primaryImageOfPage\":{\"@id\":\"https:\/\/floratiara.com\/p\/ethereal-wedding-floral-headband\/#primaryimage\"},\"image\":{\"@id\":\"https:\/\/floratiara.com\/p\/ethereal-wedding-floral-headband\/#primaryimage\"},\"thumbnailUrl\":\"https:\/\/floratiara.com\/wp-content\/uploads\/2024\/03\/Sb81c2acd4f5942188305bb7a09e6274cm.webp\",\"datePublished\":\"2024-03-16T09:38:43+00:00\",\"dateModified\":\"2024-12-12T01:47:14+00:00\",\"description\":\"Unique and beautiful: Shop our Enchanted Daisy Flower Crown for Weddings. Premium high quality headpiece to make the occasion unforgettable.\",\"breadcrumb\":{\"@id\":\"https:\/\/floratiara.com\/p\/ethereal-wedding-floral-headband\/#breadcrumb\"},\"inLanguage\":\"nb-NO\",\"potentialAction\":[{\"@type\":\"ReadAction\",\"target\":[\"https:\/\/floratiara.com\/p\/ethereal-wedding-floral-headband\/\"]}]},{\"@type\":\"ImageObject\",\"inLanguage\":\"nb-NO\",\"@id\":\"https:\/\/floratiara.com\/p\/ethereal-wedding-floral-headband\/#primaryimage\",\"url\":\"https:\/\/floratiara.com\/wp-content\/uploads\/2024\/03\/Sb81c2acd4f5942188305bb7a09e6274cm.webp\",\"contentUrl\":\"https:\/\/floratiara.com\/wp-content\/uploads\/2024\/03\/Sb81c2acd4f5942188305bb7a09e6274cm.webp\",\"width\":1500,\"height\":1500},{\"@type\":\"BreadcrumbList\",\"@id\":\"https:\/\/floratiara.com\/p\/ethereal-wedding-floral-headband\/#breadcrumb\",\"itemListElement\":[{\"@type\":\"ListItem\",\"position\":1,\"name\":\"Home\",\"item\":\"https:\/\/floratiara.com\/\"},{\"@type\":\"ListItem\",\"position\":2,\"name\":\"Shop\",\"item\":\"https:\/\/floratiara.com\/shop\/\"},{\"@type\":\"ListItem\",\"position\":3,\"name\":\"Enchanted Daisy Flower Crown for Weddings\"}]},{\"@type\":\"WebSite\",\"@id\":\"https:\/\/floratiara.com\/#website\",\"url\":\"https:\/\/floratiara.com\/\",\"name\":\"Flora Tiara\",\"description\":\"\",\"publisher\":{\"@id\":\"https:\/\/floratiara.com\/#organization\"},\"potentialAction\":[{\"@type\":\"SearchAction\",\"target\":{\"@type\":\"EntryPoint\",\"urlTemplate\":\"https:\/\/floratiara.com\/?s={search_term_string}\"},\"query-input\":{\"@type\":\"PropertyValueSpecification\",\"valueRequired\":true,\"valueName\":\"search_term_string\"}}],\"inLanguage\":\"nb-NO\"},{\"@type\":\"Organization\",\"@id\":\"https:\/\/floratiara.com\/#organization\",\"name\":\"Flora Tiara\",\"url\":\"https:\/\/floratiara.com\/\",\"logo\":{\"@type\":\"ImageObject\",\"inLanguage\":\"nb-NO\",\"@id\":\"https:\/\/floratiara.com\/#\/schema\/logo\/image\/\",\"url\":\"https:\/\/floratiara.com\/wp-content\/uploads\/2024\/03\/flora-tiara-logo.png\",\"contentUrl\":\"https:\/\/floratiara.com\/wp-content\/uploads\/2024\/03\/flora-tiara-logo.png\",\"width\":1024,\"height\":274,\"caption\":\"Flora Tiara\"},\"image\":{\"@id\":\"https:\/\/floratiara.com\/#\/schema\/logo\/image\/\"}}]}<\/script>\n<!-- \/ Yoast SEO plugin. -->","yoast_head_json":{"title":"Enchanted Daisy blomsterkrone til bryllup - Flora Tiara","description":"Unik og vakker: Kj\u00f8p v\u00e5r Enchanted Daisy Flower Crown til bryllup. F\u00f8rsteklasses hodepynt av h\u00f8y kvalitet som gj\u00f8r anledningen uforglemmelig.","robots":{"index":"index","follow":"follow","max-snippet":"max-snippet:-1","max-image-preview":"max-image-preview:large","max-video-preview":"max-video-preview:-1"},"canonical":"https:\/\/floratiara.com\/nb\/p\/eterisk-blomsterpanneband-til-bryllup\/","og_locale":"nb_NO","og_type":"article","og_title":"Enchanted Daisy Flower Crown for Weddings - Flora Tiara","og_description":"Unique and beautiful: Shop our Enchanted Daisy Flower Crown for Weddings. Premium high quality headpiece to make the occasion unforgettable.","og_url":"https:\/\/floratiara.com\/nb\/p\/eterisk-blomsterpanneband-til-bryllup\/","og_site_name":"Flora Tiara","article_modified_time":"2024-12-12T01:47:14+00:00","og_image":[{"width":1500,"height":1500,"url":"https:\/\/floratiara.com\/wp-content\/uploads\/2024\/03\/Sb81c2acd4f5942188305bb7a09e6274cm.webp","type":"image\/webp"}],"twitter_card":"summary_large_image","twitter_misc":{"Ansl. lesetid":"6 minutter"},"schema":{"@context":"https:\/\/schema.org","@graph":[{"@type":"WebPage","@id":"https:\/\/floratiara.com\/p\/ethereal-wedding-floral-headband\/","url":"https:\/\/floratiara.com\/p\/ethereal-wedding-floral-headband\/","name":"Enchanted Daisy blomsterkrone til bryllup - Flora Tiara","isPartOf":{"@id":"https:\/\/floratiara.com\/#website"},"primaryImageOfPage":{"@id":"https:\/\/floratiara.com\/p\/ethereal-wedding-floral-headband\/#primaryimage"},"image":{"@id":"https:\/\/floratiara.com\/p\/ethereal-wedding-floral-headband\/#primaryimage"},"thumbnailUrl":"https:\/\/floratiara.com\/wp-content\/uploads\/2024\/03\/Sb81c2acd4f5942188305bb7a09e6274cm.webp","datePublished":"2024-03-16T09:38:43+00:00","dateModified":"2024-12-12T01:47:14+00:00","description":"Unik og vakker: Kj\u00f8p v\u00e5r Enchanted Daisy Flower Crown til bryllup. F\u00f8rsteklasses hodepynt av h\u00f8y kvalitet som gj\u00f8r anledningen uforglemmelig.","breadcrumb":{"@id":"https:\/\/floratiara.com\/p\/ethereal-wedding-floral-headband\/#breadcrumb"},"inLanguage":"nb-NO","potentialAction":[{"@type":"ReadAction","target":["https:\/\/floratiara.com\/p\/ethereal-wedding-floral-headband\/"]}]},{"@type":"ImageObject","inLanguage":"nb-NO","@id":"https:\/\/floratiara.com\/p\/ethereal-wedding-floral-headband\/#primaryimage","url":"https:\/\/floratiara.com\/wp-content\/uploads\/2024\/03\/Sb81c2acd4f5942188305bb7a09e6274cm.webp","contentUrl":"https:\/\/floratiara.com\/wp-content\/uploads\/2024\/03\/Sb81c2acd4f5942188305bb7a09e6274cm.webp","width":1500,"height":1500},{"@type":"BreadcrumbList","@id":"https:\/\/floratiara.com\/p\/ethereal-wedding-floral-headband\/#breadcrumb","itemListElement":[{"@type":"ListItem","position":1,"name":"Home","item":"https:\/\/floratiara.com\/"},{"@type":"ListItem","position":2,"name":"Shop","item":"https:\/\/floratiara.com\/shop\/"},{"@type":"ListItem","position":3,"name":"Enchanted Daisy Flower Crown for Weddings"}]},{"@type":"WebSite","@id":"https:\/\/floratiara.com\/#website","url":"https:\/\/floratiara.com\/","name":"Flora Tiara","description":"","publisher":{"@id":"https:\/\/floratiara.com\/#organization"},"potentialAction":[{"@type":"SearchAction","target":{"@type":"EntryPoint","urlTemplate":"https:\/\/floratiara.com\/?s={search_term_string}"},"query-input":{"@type":"PropertyValueSpecification","valueRequired":true,"valueName":"search_term_string"}}],"inLanguage":"nb-NO"},{"@type":"Organization","@id":"https:\/\/floratiara.com\/#organization","name":"Flora Tiara","url":"https:\/\/floratiara.com\/","logo":{"@type":"ImageObject","inLanguage":"nb-NO","@id":"https:\/\/floratiara.com\/#\/schema\/logo\/image\/","url":"https:\/\/floratiara.com\/wp-content\/uploads\/2024\/03\/flora-tiara-logo.png","contentUrl":"https:\/\/floratiara.com\/wp-content\/uploads\/2024\/03\/flora-tiara-logo.png","width":1024,"height":274,"caption":"Flora Tiara"},"image":{"@id":"https:\/\/floratiara.com\/#\/schema\/logo\/image\/"}}]}},"_links":{"self":[{"href":"https:\/\/floratiara.com\/nb\/wp-json\/wp\/v2\/product\/228","targetHints":{"allow":["GET"]}}],"collection":[{"href":"https:\/\/floratiara.com\/nb\/wp-json\/wp\/v2\/product"}],"about":[{"href":"https:\/\/floratiara.com\/nb\/wp-json\/wp\/v2\/types\/product"}],"wp:featuredmedia":[{"embeddable":true,"href":"https:\/\/floratiara.com\/nb\/wp-json\/wp\/v2\/media\/227"}],"wp:attachment":[{"href":"https:\/\/floratiara.com\/nb\/wp-json\/wp\/v2\/media?parent=228"}],"wp:term":[{"taxonomy":"product_brand","embeddable":true,"href":"https:\/\/floratiara.com\/nb\/wp-json\/wp\/v2\/product_brand?post=228"},{"taxonomy":"product_cat","embeddable":true,"href":"https:\/\/floratiara.com\/nb\/wp-json\/wp\/v2\/product_cat?post=228"},{"taxonomy":"product_tag","embeddable":true,"href":"https:\/\/floratiara.com\/nb\/wp-json\/wp\/v2\/product_tag?post=228"}],"curies":[{"name":"wp","href":"https:\/\/api.w.org\/{rel}","templated":true}]}}