{"id":285,"date":"2024-03-16T09:40:03","date_gmt":"2024-03-16T09:40:03","guid":{"rendered":"https:\/\/floratiara.com\/?post_type=product&#038;p=285"},"modified":"2024-12-12T01:46:13","modified_gmt":"2024-12-12T01:46:13","slug":"kongelig-blomsterhodeplagg-til-bryllup-med-edelstener","status":"publish","type":"product","link":"https:\/\/floratiara.com\/nb\/p\/kongelig-blomsterhodeplagg-til-bryllup-med-edelstener\/","title":{"rendered":"Fortryllende lilla blomsterkrone for brudens eleganse"},"content":{"rendered":"<p>Pynt lokkene dine med Enchanted Lilac Flower Crown, en fengslende blanding av eleganse og sjarm. Denne h\u00e5ndlagde kronen er perfekt for b\u00e5de bruder og gjester p\u00e5 hagefester, og best\u00e5r av frodige syriner, sarte rosa voksblomster og frodig l\u00f8vverk. Den markante r\u00f8de edelstenen, omkranset av et gyllent filigransm\u00f8nster, l\u00f8fter enhver frisyre fra vakker til fantastisk. L\u00f8ft looken p\u00e5 din spesielle dag med dette statement-smykket som vil fortrylle og skape tidl\u00f8se minner. Omfavn smykkets raffinement og forvandle din tilstedev\u00e6relse til en fortryllende eventyrlig adel.<\/p><p>Sammensetning: hvit og lilla syrin, rosa voksblomster, gr\u00f8nt bladverk, pyntet med en r\u00f8d edelsten og gullfiligran i midten.<\/p>","protected":false},"excerpt":{"rendered":"<div style=\"width: 90%;text-align: left;margin: auto\"><p style=\"text-align:center\"><b>\ud83d\udc51 Fra v\u00e5re hender til ditt hode<\/b><br \/><i>Luksuri\u00f8se blomsterkroner for enhver anledning<\/i><\/p><ul><li>\u2702\ufe0f Tilvirket med omhu i hjertet av <b>Norge<\/b><\/li><li><b>\ud83d\udc90 Sammensetning: hvit og lilla syrin, rosa voksblomster, gr\u00f8nt l\u00f8vverk, pyntet med en r\u00f8d edelsten og gullfiligran i midten.<\/b><\/li><\/ul><\/div>","protected":false},"featured_media":284,"template":"","meta":[],"product_brand":[],"product_cat":[59],"product_tag":[],"class_list":{"0":"post-285","1":"product","2":"type-product","3":"status-publish","4":"has-post-thumbnail","6":"product_cat-bridal-floral-headpiece","8":"first","9":"instock","10":"shipping-taxable","11":"purchasable","12":"product-type-simple"},"yoast_head":"<!-- This site is optimized with the Yoast SEO plugin v25.9 - https:\/\/yoast.com\/wordpress\/plugins\/seo\/ -->\n<title>Enchanted Lilac Flower Crown for Bridal Elegance - Flora Tiara<\/title>\n<meta name=\"description\" content=\"Unique and beautiful: Shop our Enchanted Lilac Flower Crown for Bridal Elegance. Premium high quality headpiece to make the occasion unforgettable.\" \/>\n<meta name=\"robots\" content=\"index, follow, max-snippet:-1, max-image-preview:large, max-video-preview:-1\" \/>\n<link rel=\"canonical\" href=\"https:\/\/floratiara.com\/nb\/p\/kongelig-blomsterhodeplagg-til-bryllup-med-edelstener\/\" \/>\n<meta property=\"og:locale\" content=\"nb_NO\" \/>\n<meta property=\"og:type\" content=\"article\" \/>\n<meta property=\"og:title\" content=\"Enchanted Lilac Flower Crown for Bridal Elegance - Flora Tiara\" \/>\n<meta property=\"og:description\" content=\"Unique and beautiful: Shop our Enchanted Lilac Flower Crown for Bridal Elegance. Premium high quality headpiece to make the occasion unforgettable.\" \/>\n<meta property=\"og:url\" content=\"https:\/\/floratiara.com\/nb\/p\/kongelig-blomsterhodeplagg-til-bryllup-med-edelstener\/\" \/>\n<meta property=\"og:site_name\" content=\"Flora Tiara\" \/>\n<meta property=\"article:modified_time\" content=\"2024-12-12T01:46:13+00:00\" \/>\n<meta property=\"og:image\" content=\"https:\/\/floratiara.com\/wp-content\/uploads\/2024\/03\/Sd34a884bbb6e4c4f983d2cfecff80f86M.webp\" \/>\n\t<meta property=\"og:image:width\" content=\"1500\" \/>\n\t<meta property=\"og:image:height\" content=\"1500\" \/>\n\t<meta property=\"og:image:type\" content=\"image\/webp\" \/>\n<meta name=\"twitter:card\" content=\"summary_large_image\" \/>\n<meta name=\"twitter:label1\" content=\"Ansl. lesetid\" \/>\n\t<meta name=\"twitter:data1\" content=\"2 minutter\" \/>\n<script type=\"application\/ld+json\" class=\"yoast-schema-graph\">{\"@context\":\"https:\/\/schema.org\",\"@graph\":[{\"@type\":\"WebPage\",\"@id\":\"https:\/\/floratiara.com\/p\/regal-wedding-floral-headwear-gemstone\/\",\"url\":\"https:\/\/floratiara.com\/p\/regal-wedding-floral-headwear-gemstone\/\",\"name\":\"Enchanted Lilac Flower Crown for Bridal Elegance - Flora Tiara\",\"isPartOf\":{\"@id\":\"https:\/\/floratiara.com\/#website\"},\"primaryImageOfPage\":{\"@id\":\"https:\/\/floratiara.com\/p\/regal-wedding-floral-headwear-gemstone\/#primaryimage\"},\"image\":{\"@id\":\"https:\/\/floratiara.com\/p\/regal-wedding-floral-headwear-gemstone\/#primaryimage\"},\"thumbnailUrl\":\"https:\/\/floratiara.com\/wp-content\/uploads\/2024\/03\/Sd34a884bbb6e4c4f983d2cfecff80f86M.webp\",\"datePublished\":\"2024-03-16T09:40:03+00:00\",\"dateModified\":\"2024-12-12T01:46:13+00:00\",\"description\":\"Unique and beautiful: Shop our Enchanted Lilac Flower Crown for Bridal Elegance. Premium high quality headpiece to make the occasion unforgettable.\",\"breadcrumb\":{\"@id\":\"https:\/\/floratiara.com\/p\/regal-wedding-floral-headwear-gemstone\/#breadcrumb\"},\"inLanguage\":\"nb-NO\",\"potentialAction\":[{\"@type\":\"ReadAction\",\"target\":[\"https:\/\/floratiara.com\/p\/regal-wedding-floral-headwear-gemstone\/\"]}]},{\"@type\":\"ImageObject\",\"inLanguage\":\"nb-NO\",\"@id\":\"https:\/\/floratiara.com\/p\/regal-wedding-floral-headwear-gemstone\/#primaryimage\",\"url\":\"https:\/\/floratiara.com\/wp-content\/uploads\/2024\/03\/Sd34a884bbb6e4c4f983d2cfecff80f86M.webp\",\"contentUrl\":\"https:\/\/floratiara.com\/wp-content\/uploads\/2024\/03\/Sd34a884bbb6e4c4f983d2cfecff80f86M.webp\",\"width\":1500,\"height\":1500},{\"@type\":\"BreadcrumbList\",\"@id\":\"https:\/\/floratiara.com\/p\/regal-wedding-floral-headwear-gemstone\/#breadcrumb\",\"itemListElement\":[{\"@type\":\"ListItem\",\"position\":1,\"name\":\"Home\",\"item\":\"https:\/\/floratiara.com\/\"},{\"@type\":\"ListItem\",\"position\":2,\"name\":\"Shop\",\"item\":\"https:\/\/floratiara.com\/shop\/\"},{\"@type\":\"ListItem\",\"position\":3,\"name\":\"Enchanted Lilac Flower Crown for Bridal Elegance\"}]},{\"@type\":\"WebSite\",\"@id\":\"https:\/\/floratiara.com\/#website\",\"url\":\"https:\/\/floratiara.com\/\",\"name\":\"Flora Tiara\",\"description\":\"\",\"publisher\":{\"@id\":\"https:\/\/floratiara.com\/#organization\"},\"potentialAction\":[{\"@type\":\"SearchAction\",\"target\":{\"@type\":\"EntryPoint\",\"urlTemplate\":\"https:\/\/floratiara.com\/?s={search_term_string}\"},\"query-input\":{\"@type\":\"PropertyValueSpecification\",\"valueRequired\":true,\"valueName\":\"search_term_string\"}}],\"inLanguage\":\"nb-NO\"},{\"@type\":\"Organization\",\"@id\":\"https:\/\/floratiara.com\/#organization\",\"name\":\"Flora Tiara\",\"url\":\"https:\/\/floratiara.com\/\",\"logo\":{\"@type\":\"ImageObject\",\"inLanguage\":\"nb-NO\",\"@id\":\"https:\/\/floratiara.com\/#\/schema\/logo\/image\/\",\"url\":\"https:\/\/floratiara.com\/wp-content\/uploads\/2024\/03\/flora-tiara-logo.png\",\"contentUrl\":\"https:\/\/floratiara.com\/wp-content\/uploads\/2024\/03\/flora-tiara-logo.png\",\"width\":1024,\"height\":274,\"caption\":\"Flora Tiara\"},\"image\":{\"@id\":\"https:\/\/floratiara.com\/#\/schema\/logo\/image\/\"}}]}<\/script>\n<!-- \/ Yoast SEO plugin. -->","yoast_head_json":{"title":"Fortryllende lilla blomsterkrone til brudens eleganse - Flora Tiara","description":"Unik og vakker: Kj\u00f8p v\u00e5r fortryllende lilla blomsterkrone for brudens eleganse. F\u00f8rsteklasses hodepynt av h\u00f8y kvalitet som gj\u00f8r anledningen uforglemmelig.","robots":{"index":"index","follow":"follow","max-snippet":"max-snippet:-1","max-image-preview":"max-image-preview:large","max-video-preview":"max-video-preview:-1"},"canonical":"https:\/\/floratiara.com\/nb\/p\/kongelig-blomsterhodeplagg-til-bryllup-med-edelstener\/","og_locale":"nb_NO","og_type":"article","og_title":"Enchanted Lilac Flower Crown for Bridal Elegance - Flora Tiara","og_description":"Unique and beautiful: Shop our Enchanted Lilac Flower Crown for Bridal Elegance. Premium high quality headpiece to make the occasion unforgettable.","og_url":"https:\/\/floratiara.com\/nb\/p\/kongelig-blomsterhodeplagg-til-bryllup-med-edelstener\/","og_site_name":"Flora Tiara","article_modified_time":"2024-12-12T01:46:13+00:00","og_image":[{"width":1500,"height":1500,"url":"https:\/\/floratiara.com\/wp-content\/uploads\/2024\/03\/Sd34a884bbb6e4c4f983d2cfecff80f86M.webp","type":"image\/webp"}],"twitter_card":"summary_large_image","twitter_misc":{"Ansl. lesetid":"2 minutter"},"schema":{"@context":"https:\/\/schema.org","@graph":[{"@type":"WebPage","@id":"https:\/\/floratiara.com\/p\/regal-wedding-floral-headwear-gemstone\/","url":"https:\/\/floratiara.com\/p\/regal-wedding-floral-headwear-gemstone\/","name":"Fortryllende lilla blomsterkrone til brudens eleganse - Flora Tiara","isPartOf":{"@id":"https:\/\/floratiara.com\/#website"},"primaryImageOfPage":{"@id":"https:\/\/floratiara.com\/p\/regal-wedding-floral-headwear-gemstone\/#primaryimage"},"image":{"@id":"https:\/\/floratiara.com\/p\/regal-wedding-floral-headwear-gemstone\/#primaryimage"},"thumbnailUrl":"https:\/\/floratiara.com\/wp-content\/uploads\/2024\/03\/Sd34a884bbb6e4c4f983d2cfecff80f86M.webp","datePublished":"2024-03-16T09:40:03+00:00","dateModified":"2024-12-12T01:46:13+00:00","description":"Unik og vakker: Kj\u00f8p v\u00e5r fortryllende lilla blomsterkrone for brudens eleganse. F\u00f8rsteklasses hodepynt av h\u00f8y kvalitet som gj\u00f8r anledningen uforglemmelig.","breadcrumb":{"@id":"https:\/\/floratiara.com\/p\/regal-wedding-floral-headwear-gemstone\/#breadcrumb"},"inLanguage":"nb-NO","potentialAction":[{"@type":"ReadAction","target":["https:\/\/floratiara.com\/p\/regal-wedding-floral-headwear-gemstone\/"]}]},{"@type":"ImageObject","inLanguage":"nb-NO","@id":"https:\/\/floratiara.com\/p\/regal-wedding-floral-headwear-gemstone\/#primaryimage","url":"https:\/\/floratiara.com\/wp-content\/uploads\/2024\/03\/Sd34a884bbb6e4c4f983d2cfecff80f86M.webp","contentUrl":"https:\/\/floratiara.com\/wp-content\/uploads\/2024\/03\/Sd34a884bbb6e4c4f983d2cfecff80f86M.webp","width":1500,"height":1500},{"@type":"BreadcrumbList","@id":"https:\/\/floratiara.com\/p\/regal-wedding-floral-headwear-gemstone\/#breadcrumb","itemListElement":[{"@type":"ListItem","position":1,"name":"Home","item":"https:\/\/floratiara.com\/"},{"@type":"ListItem","position":2,"name":"Shop","item":"https:\/\/floratiara.com\/shop\/"},{"@type":"ListItem","position":3,"name":"Enchanted Lilac Flower Crown for Bridal Elegance"}]},{"@type":"WebSite","@id":"https:\/\/floratiara.com\/#website","url":"https:\/\/floratiara.com\/","name":"Flora Tiara","description":"","publisher":{"@id":"https:\/\/floratiara.com\/#organization"},"potentialAction":[{"@type":"SearchAction","target":{"@type":"EntryPoint","urlTemplate":"https:\/\/floratiara.com\/?s={search_term_string}"},"query-input":{"@type":"PropertyValueSpecification","valueRequired":true,"valueName":"search_term_string"}}],"inLanguage":"nb-NO"},{"@type":"Organization","@id":"https:\/\/floratiara.com\/#organization","name":"Flora Tiara","url":"https:\/\/floratiara.com\/","logo":{"@type":"ImageObject","inLanguage":"nb-NO","@id":"https:\/\/floratiara.com\/#\/schema\/logo\/image\/","url":"https:\/\/floratiara.com\/wp-content\/uploads\/2024\/03\/flora-tiara-logo.png","contentUrl":"https:\/\/floratiara.com\/wp-content\/uploads\/2024\/03\/flora-tiara-logo.png","width":1024,"height":274,"caption":"Flora Tiara"},"image":{"@id":"https:\/\/floratiara.com\/#\/schema\/logo\/image\/"}}]}},"_links":{"self":[{"href":"https:\/\/floratiara.com\/nb\/wp-json\/wp\/v2\/product\/285","targetHints":{"allow":["GET"]}}],"collection":[{"href":"https:\/\/floratiara.com\/nb\/wp-json\/wp\/v2\/product"}],"about":[{"href":"https:\/\/floratiara.com\/nb\/wp-json\/wp\/v2\/types\/product"}],"wp:featuredmedia":[{"embeddable":true,"href":"https:\/\/floratiara.com\/nb\/wp-json\/wp\/v2\/media\/284"}],"wp:attachment":[{"href":"https:\/\/floratiara.com\/nb\/wp-json\/wp\/v2\/media?parent=285"}],"wp:term":[{"taxonomy":"product_brand","embeddable":true,"href":"https:\/\/floratiara.com\/nb\/wp-json\/wp\/v2\/product_brand?post=285"},{"taxonomy":"product_cat","embeddable":true,"href":"https:\/\/floratiara.com\/nb\/wp-json\/wp\/v2\/product_cat?post=285"},{"taxonomy":"product_tag","embeddable":true,"href":"https:\/\/floratiara.com\/nb\/wp-json\/wp\/v2\/product_tag?post=285"}],"curies":[{"name":"wp","href":"https:\/\/api.w.org\/{rel}","templated":true}]}}