{"id":332,"date":"2024-03-16T09:41:13","date_gmt":"2024-03-16T09:41:13","guid":{"rendered":"https:\/\/floratiara.com\/?post_type=product&#038;p=332"},"modified":"2024-12-12T01:45:20","modified_gmt":"2024-12-12T01:45:20","slug":"handlaget-blomsterpanneband-bruden-eleganse","status":"publish","type":"product","link":"https:\/\/floratiara.com\/nb\/p\/handlaget-blomsterpanneband-bruden-eleganse\/","title":{"rendered":"Fortryllende blomsterkrone til bruden - eterisk bryllupstilbeh\u00f8r"},"content":{"rendered":"<p>Sett fyr p\u00e5 bryllupsdagen med den sublime elegansen i v\u00e5r h\u00e5ndlagde blomsterkrone. Den er fylt med en rekke rosa roser, engleaktige hvite klematis og finurlige knopper flettet sammen med gr\u00f8nt, og gir et eterisk preg til enhver brudelook. Den allsidige designen s\u00f8rger for en fengslende sjarm, enten du kombinerer den med l\u00f8se b\u00f8lger eller en elegant oppsatt frisyre. L\u00f8ft ensemblet ditt med dette statement-smykket, som er omhyggelig designet for \u00e5 gi et naturlig og sofistikert uttrykk som vil fortrylle tilskuerne og gj\u00f8re de spesielle \u00f8yeblikkene dine uforglemmelige. Omfavn romantikken, og la v\u00e5r blomsterkrone v\u00e6re kronen p\u00e5 verket p\u00e5 din vei opp kirkegulvet.<\/p><p>Sammensetning: rosa roser, hvit klematis, rosa og hvite knopper, gr\u00f8nne b\u00e6r, rosa lerkespore, jasmin eller jasminlignende blomster og gr\u00f8nne blader.<\/p>","protected":false},"excerpt":{"rendered":"<div style=\"width: 90%;text-align: left;margin: auto\"><p style=\"text-align:center\"><b>\ud83d\udc51 Fra v\u00e5re hender til ditt hode<\/b><br \/><i>Luksuri\u00f8se blomsterkroner for enhver anledning<\/i><\/p><ul><li>\u2702\ufe0f Tilvirket med omhu i hjertet av <b>Norge<\/b><\/li><li><b>\ud83d\udc90 Sammensetning: rosa roser, hvite klematis, rosa og hvite knopper, gr\u00f8nne b\u00e6r, rosa ridderspore, jasmin eller jasminlignende blomster og gr\u00f8nne blader.<\/b><\/li><\/ul><\/div>","protected":false},"featured_media":331,"template":"","meta":[],"product_brand":[],"product_cat":[61,73,59],"product_tag":[],"class_list":{"0":"post-332","1":"product","2":"type-product","3":"status-publish","4":"has-post-thumbnail","6":"product_cat-bridesmaid-floral-headpiece","7":"product_cat-pink-floral-headpiece","8":"product_cat-bridal-floral-headpiece","10":"first","11":"instock","12":"shipping-taxable","13":"purchasable","14":"product-type-simple"},"yoast_head":"<!-- This site is optimized with the Yoast SEO plugin v25.9 - https:\/\/yoast.com\/wordpress\/plugins\/seo\/ -->\n<title>Enchanting Bridal Flower Crown - Ethereal Wedding Accessory - Flora Tiara<\/title>\n<meta name=\"description\" content=\"Unique and beautiful: Shop our Enchanting Bridal Flower Crown - Ethereal Wedding Accessory. Premium high quality headpiece to make the occasion unforgettable.\" \/>\n<meta name=\"robots\" content=\"index, follow, max-snippet:-1, max-image-preview:large, max-video-preview:-1\" \/>\n<link rel=\"canonical\" href=\"https:\/\/floratiara.com\/nb\/p\/handlaget-blomsterpanneband-bruden-eleganse\/\" \/>\n<meta property=\"og:locale\" content=\"nb_NO\" \/>\n<meta property=\"og:type\" content=\"article\" \/>\n<meta property=\"og:title\" content=\"Enchanting Bridal Flower Crown - Ethereal Wedding Accessory - Flora Tiara\" \/>\n<meta property=\"og:description\" content=\"Unique and beautiful: Shop our Enchanting Bridal Flower Crown - Ethereal Wedding Accessory. Premium high quality headpiece to make the occasion unforgettable.\" \/>\n<meta property=\"og:url\" content=\"https:\/\/floratiara.com\/nb\/p\/handlaget-blomsterpanneband-bruden-eleganse\/\" \/>\n<meta property=\"og:site_name\" content=\"Flora Tiara\" \/>\n<meta property=\"article:modified_time\" content=\"2024-12-12T01:45:20+00:00\" \/>\n<meta property=\"og:image\" content=\"https:\/\/floratiara.com\/wp-content\/uploads\/2024\/03\/H0dddaa233fa84c93a436009732971654L.webp\" \/>\n\t<meta property=\"og:image:width\" content=\"1500\" \/>\n\t<meta property=\"og:image:height\" content=\"1500\" \/>\n\t<meta property=\"og:image:type\" content=\"image\/webp\" \/>\n<meta name=\"twitter:card\" content=\"summary_large_image\" \/>\n<meta name=\"twitter:label1\" content=\"Ansl. lesetid\" \/>\n\t<meta name=\"twitter:data1\" content=\"1 minutt\" \/>\n<script type=\"application\/ld+json\" class=\"yoast-schema-graph\">{\"@context\":\"https:\/\/schema.org\",\"@graph\":[{\"@type\":\"WebPage\",\"@id\":\"https:\/\/floratiara.com\/p\/handcrafted-floral-headband-bridal-elegance\/\",\"url\":\"https:\/\/floratiara.com\/p\/handcrafted-floral-headband-bridal-elegance\/\",\"name\":\"Enchanting Bridal Flower Crown - Ethereal Wedding Accessory - Flora Tiara\",\"isPartOf\":{\"@id\":\"https:\/\/floratiara.com\/#website\"},\"primaryImageOfPage\":{\"@id\":\"https:\/\/floratiara.com\/p\/handcrafted-floral-headband-bridal-elegance\/#primaryimage\"},\"image\":{\"@id\":\"https:\/\/floratiara.com\/p\/handcrafted-floral-headband-bridal-elegance\/#primaryimage\"},\"thumbnailUrl\":\"https:\/\/floratiara.com\/wp-content\/uploads\/2024\/03\/H0dddaa233fa84c93a436009732971654L.webp\",\"datePublished\":\"2024-03-16T09:41:13+00:00\",\"dateModified\":\"2024-12-12T01:45:20+00:00\",\"description\":\"Unique and beautiful: Shop our Enchanting Bridal Flower Crown - Ethereal Wedding Accessory. Premium high quality headpiece to make the occasion unforgettable.\",\"breadcrumb\":{\"@id\":\"https:\/\/floratiara.com\/p\/handcrafted-floral-headband-bridal-elegance\/#breadcrumb\"},\"inLanguage\":\"nb-NO\",\"potentialAction\":[{\"@type\":\"ReadAction\",\"target\":[\"https:\/\/floratiara.com\/p\/handcrafted-floral-headband-bridal-elegance\/\"]}]},{\"@type\":\"ImageObject\",\"inLanguage\":\"nb-NO\",\"@id\":\"https:\/\/floratiara.com\/p\/handcrafted-floral-headband-bridal-elegance\/#primaryimage\",\"url\":\"https:\/\/floratiara.com\/wp-content\/uploads\/2024\/03\/H0dddaa233fa84c93a436009732971654L.webp\",\"contentUrl\":\"https:\/\/floratiara.com\/wp-content\/uploads\/2024\/03\/H0dddaa233fa84c93a436009732971654L.webp\",\"width\":1500,\"height\":1500},{\"@type\":\"BreadcrumbList\",\"@id\":\"https:\/\/floratiara.com\/p\/handcrafted-floral-headband-bridal-elegance\/#breadcrumb\",\"itemListElement\":[{\"@type\":\"ListItem\",\"position\":1,\"name\":\"Home\",\"item\":\"https:\/\/floratiara.com\/\"},{\"@type\":\"ListItem\",\"position\":2,\"name\":\"Shop\",\"item\":\"https:\/\/floratiara.com\/shop\/\"},{\"@type\":\"ListItem\",\"position\":3,\"name\":\"Enchanting Bridal Flower Crown &#8211; Ethereal Wedding Accessory\"}]},{\"@type\":\"WebSite\",\"@id\":\"https:\/\/floratiara.com\/#website\",\"url\":\"https:\/\/floratiara.com\/\",\"name\":\"Flora Tiara\",\"description\":\"\",\"publisher\":{\"@id\":\"https:\/\/floratiara.com\/#organization\"},\"potentialAction\":[{\"@type\":\"SearchAction\",\"target\":{\"@type\":\"EntryPoint\",\"urlTemplate\":\"https:\/\/floratiara.com\/?s={search_term_string}\"},\"query-input\":{\"@type\":\"PropertyValueSpecification\",\"valueRequired\":true,\"valueName\":\"search_term_string\"}}],\"inLanguage\":\"nb-NO\"},{\"@type\":\"Organization\",\"@id\":\"https:\/\/floratiara.com\/#organization\",\"name\":\"Flora Tiara\",\"url\":\"https:\/\/floratiara.com\/\",\"logo\":{\"@type\":\"ImageObject\",\"inLanguage\":\"nb-NO\",\"@id\":\"https:\/\/floratiara.com\/#\/schema\/logo\/image\/\",\"url\":\"https:\/\/floratiara.com\/wp-content\/uploads\/2024\/03\/flora-tiara-logo.png\",\"contentUrl\":\"https:\/\/floratiara.com\/wp-content\/uploads\/2024\/03\/flora-tiara-logo.png\",\"width\":1024,\"height\":274,\"caption\":\"Flora Tiara\"},\"image\":{\"@id\":\"https:\/\/floratiara.com\/#\/schema\/logo\/image\/\"}}]}<\/script>\n<!-- \/ Yoast SEO plugin. -->","yoast_head_json":{"title":"Fortryllende brudeblomstkrone - eterisk bryllupstilbeh\u00f8r - Flora Tiara","description":"Unikt og vakkert: Kj\u00f8p v\u00e5r fortryllende brudekrone - eterisk bryllupstilbeh\u00f8r. En f\u00f8rsteklasses hodepynt av h\u00f8y kvalitet som gj\u00f8r anledningen uforglemmelig.","robots":{"index":"index","follow":"follow","max-snippet":"max-snippet:-1","max-image-preview":"max-image-preview:large","max-video-preview":"max-video-preview:-1"},"canonical":"https:\/\/floratiara.com\/nb\/p\/handlaget-blomsterpanneband-bruden-eleganse\/","og_locale":"nb_NO","og_type":"article","og_title":"Enchanting Bridal Flower Crown - Ethereal Wedding Accessory - Flora Tiara","og_description":"Unique and beautiful: Shop our Enchanting Bridal Flower Crown - Ethereal Wedding Accessory. Premium high quality headpiece to make the occasion unforgettable.","og_url":"https:\/\/floratiara.com\/nb\/p\/handlaget-blomsterpanneband-bruden-eleganse\/","og_site_name":"Flora Tiara","article_modified_time":"2024-12-12T01:45:20+00:00","og_image":[{"width":1500,"height":1500,"url":"https:\/\/floratiara.com\/wp-content\/uploads\/2024\/03\/H0dddaa233fa84c93a436009732971654L.webp","type":"image\/webp"}],"twitter_card":"summary_large_image","twitter_misc":{"Ansl. lesetid":"1 minutt"},"schema":{"@context":"https:\/\/schema.org","@graph":[{"@type":"WebPage","@id":"https:\/\/floratiara.com\/p\/handcrafted-floral-headband-bridal-elegance\/","url":"https:\/\/floratiara.com\/p\/handcrafted-floral-headband-bridal-elegance\/","name":"Fortryllende brudeblomstkrone - eterisk bryllupstilbeh\u00f8r - Flora Tiara","isPartOf":{"@id":"https:\/\/floratiara.com\/#website"},"primaryImageOfPage":{"@id":"https:\/\/floratiara.com\/p\/handcrafted-floral-headband-bridal-elegance\/#primaryimage"},"image":{"@id":"https:\/\/floratiara.com\/p\/handcrafted-floral-headband-bridal-elegance\/#primaryimage"},"thumbnailUrl":"https:\/\/floratiara.com\/wp-content\/uploads\/2024\/03\/H0dddaa233fa84c93a436009732971654L.webp","datePublished":"2024-03-16T09:41:13+00:00","dateModified":"2024-12-12T01:45:20+00:00","description":"Unikt og vakkert: Kj\u00f8p v\u00e5r fortryllende brudekrone - eterisk bryllupstilbeh\u00f8r. En f\u00f8rsteklasses hodepynt av h\u00f8y kvalitet som gj\u00f8r anledningen uforglemmelig.","breadcrumb":{"@id":"https:\/\/floratiara.com\/p\/handcrafted-floral-headband-bridal-elegance\/#breadcrumb"},"inLanguage":"nb-NO","potentialAction":[{"@type":"ReadAction","target":["https:\/\/floratiara.com\/p\/handcrafted-floral-headband-bridal-elegance\/"]}]},{"@type":"ImageObject","inLanguage":"nb-NO","@id":"https:\/\/floratiara.com\/p\/handcrafted-floral-headband-bridal-elegance\/#primaryimage","url":"https:\/\/floratiara.com\/wp-content\/uploads\/2024\/03\/H0dddaa233fa84c93a436009732971654L.webp","contentUrl":"https:\/\/floratiara.com\/wp-content\/uploads\/2024\/03\/H0dddaa233fa84c93a436009732971654L.webp","width":1500,"height":1500},{"@type":"BreadcrumbList","@id":"https:\/\/floratiara.com\/p\/handcrafted-floral-headband-bridal-elegance\/#breadcrumb","itemListElement":[{"@type":"ListItem","position":1,"name":"Home","item":"https:\/\/floratiara.com\/"},{"@type":"ListItem","position":2,"name":"Shop","item":"https:\/\/floratiara.com\/shop\/"},{"@type":"ListItem","position":3,"name":"Enchanting Bridal Flower Crown &#8211; Ethereal Wedding Accessory"}]},{"@type":"WebSite","@id":"https:\/\/floratiara.com\/#website","url":"https:\/\/floratiara.com\/","name":"Flora Tiara","description":"","publisher":{"@id":"https:\/\/floratiara.com\/#organization"},"potentialAction":[{"@type":"SearchAction","target":{"@type":"EntryPoint","urlTemplate":"https:\/\/floratiara.com\/?s={search_term_string}"},"query-input":{"@type":"PropertyValueSpecification","valueRequired":true,"valueName":"search_term_string"}}],"inLanguage":"nb-NO"},{"@type":"Organization","@id":"https:\/\/floratiara.com\/#organization","name":"Flora Tiara","url":"https:\/\/floratiara.com\/","logo":{"@type":"ImageObject","inLanguage":"nb-NO","@id":"https:\/\/floratiara.com\/#\/schema\/logo\/image\/","url":"https:\/\/floratiara.com\/wp-content\/uploads\/2024\/03\/flora-tiara-logo.png","contentUrl":"https:\/\/floratiara.com\/wp-content\/uploads\/2024\/03\/flora-tiara-logo.png","width":1024,"height":274,"caption":"Flora Tiara"},"image":{"@id":"https:\/\/floratiara.com\/#\/schema\/logo\/image\/"}}]}},"_links":{"self":[{"href":"https:\/\/floratiara.com\/nb\/wp-json\/wp\/v2\/product\/332","targetHints":{"allow":["GET"]}}],"collection":[{"href":"https:\/\/floratiara.com\/nb\/wp-json\/wp\/v2\/product"}],"about":[{"href":"https:\/\/floratiara.com\/nb\/wp-json\/wp\/v2\/types\/product"}],"wp:featuredmedia":[{"embeddable":true,"href":"https:\/\/floratiara.com\/nb\/wp-json\/wp\/v2\/media\/331"}],"wp:attachment":[{"href":"https:\/\/floratiara.com\/nb\/wp-json\/wp\/v2\/media?parent=332"}],"wp:term":[{"taxonomy":"product_brand","embeddable":true,"href":"https:\/\/floratiara.com\/nb\/wp-json\/wp\/v2\/product_brand?post=332"},{"taxonomy":"product_cat","embeddable":true,"href":"https:\/\/floratiara.com\/nb\/wp-json\/wp\/v2\/product_cat?post=332"},{"taxonomy":"product_tag","embeddable":true,"href":"https:\/\/floratiara.com\/nb\/wp-json\/wp\/v2\/product_tag?post=332"}],"curies":[{"name":"wp","href":"https:\/\/api.w.org\/{rel}","templated":true}]}}