{"id":422,"date":"2024-03-16T09:43:13","date_gmt":"2024-03-16T09:43:13","guid":{"rendered":"https:\/\/floratiara.com\/?post_type=product&#038;p=422"},"modified":"2024-12-12T01:43:47","modified_gmt":"2024-12-12T01:43:47","slug":"elegant-seraphina-blomsterpanneband","status":"publish","type":"product","link":"https:\/\/floratiara.com\/nb\/p\/elegant-seraphina-blomsterpanneband\/","title":{"rendered":"Seraphina brudekrone med blomster - festlig hodeplagg"},"content":{"rendered":"<p>L\u00f8ft stilen p\u00e5 festen din med v\u00e5r Seraphina brudeblomstkrone, et mesterverk av eleganse og naturlig sjarm. Denne h\u00e5ndlagde hodepynten best\u00e5r av hvite anemoner, fresiaer og lejongresblomster, aksentuert av frodige, gr\u00f8nne hyperikumb\u00e6r og l\u00f8vverk. Den er perfekt for bruder, men kan ogs\u00e5 brukes til hagefester og soireer, og gir enhver frisyre et sofistikert preg. Den justerbare designen gj\u00f8r at den passer for alle. B\u00e6r den fortryllende Seraphina Crown for en botanisk eleganse og gj\u00f8r dine spesielle \u00f8yeblikk uforglemmelige.<\/p><p>Sammensetning: hvite anemoner, hvite fresiaer, gr\u00f8nne hypericum-b\u00e6r, hvite lejongap og diverse gr\u00f8nt.<\/p>","protected":false},"excerpt":{"rendered":"<div style=\"width: 90%;text-align: left;margin: auto\"><p style=\"text-align:center\"><b>\ud83d\udc51 Fra v\u00e5re hender til ditt hode<\/b><br \/><i>Luksuri\u00f8se blomsterkroner for enhver anledning<\/i><\/p><ul><li>\u2702\ufe0f Tilvirket med omhu i hjertet av <b>Norge<\/b><\/li><li><b>\ud83d\udc90 Sammensetning: hvite anemoner, hvite fresiaer, gr\u00f8nne hyperikumb\u00e6r, hvite lejongap og diverse gr\u00f8nt.<\/b><\/li><\/ul><\/div>","protected":false},"featured_media":421,"template":"","meta":[],"product_brand":[],"product_cat":[62,60,59,71],"product_tag":[],"class_list":{"0":"post-422","1":"product","2":"type-product","3":"status-publish","4":"has-post-thumbnail","6":"product_cat-communion-floral-headpiece","7":"product_cat-floral-headpiece-flower-girl","8":"product_cat-bridal-floral-headpiece","9":"product_cat-white-floral-headpiece","11":"first","12":"instock","13":"shipping-taxable","14":"purchasable","15":"product-type-simple"},"yoast_head":"<!-- This site is optimized with the Yoast SEO plugin v25.9 - https:\/\/yoast.com\/wordpress\/plugins\/seo\/ -->\n<title>Seraphina Bridal Flower Crown - Festive Headwear - Flora Tiara<\/title>\n<meta name=\"description\" content=\"Unique and beautiful: Shop our Seraphina Bridal Flower Crown - Festive Headwear. Premium high quality headpiece to make the occasion unforgettable.\" \/>\n<meta name=\"robots\" content=\"index, follow, max-snippet:-1, max-image-preview:large, max-video-preview:-1\" \/>\n<link rel=\"canonical\" href=\"https:\/\/floratiara.com\/nb\/p\/elegant-seraphina-blomsterpanneband\/\" \/>\n<meta property=\"og:locale\" content=\"nb_NO\" \/>\n<meta property=\"og:type\" content=\"article\" \/>\n<meta property=\"og:title\" content=\"Seraphina Bridal Flower Crown - Festive Headwear - Flora Tiara\" \/>\n<meta property=\"og:description\" content=\"Unique and beautiful: Shop our Seraphina Bridal Flower Crown - Festive Headwear. Premium high quality headpiece to make the occasion unforgettable.\" \/>\n<meta property=\"og:url\" content=\"https:\/\/floratiara.com\/nb\/p\/elegant-seraphina-blomsterpanneband\/\" \/>\n<meta property=\"og:site_name\" content=\"Flora Tiara\" \/>\n<meta property=\"article:modified_time\" content=\"2024-12-12T01:43:47+00:00\" \/>\n<meta property=\"og:image\" content=\"https:\/\/floratiara.com\/wp-content\/uploads\/2024\/03\/S9ce3d0c9ec5645a2982d0e1cff1053389.webp\" \/>\n\t<meta property=\"og:image:width\" content=\"1500\" \/>\n\t<meta property=\"og:image:height\" content=\"1500\" \/>\n\t<meta property=\"og:image:type\" content=\"image\/webp\" \/>\n<meta name=\"twitter:card\" content=\"summary_large_image\" \/>\n<meta name=\"twitter:label1\" content=\"Ansl. lesetid\" \/>\n\t<meta name=\"twitter:data1\" content=\"5 minutter\" \/>\n<script type=\"application\/ld+json\" class=\"yoast-schema-graph\">{\"@context\":\"https:\/\/schema.org\",\"@graph\":[{\"@type\":\"WebPage\",\"@id\":\"https:\/\/floratiara.com\/p\/elegant-seraphina-floral-headband\/\",\"url\":\"https:\/\/floratiara.com\/p\/elegant-seraphina-floral-headband\/\",\"name\":\"Seraphina Bridal Flower Crown - Festive Headwear - Flora Tiara\",\"isPartOf\":{\"@id\":\"https:\/\/floratiara.com\/#website\"},\"primaryImageOfPage\":{\"@id\":\"https:\/\/floratiara.com\/p\/elegant-seraphina-floral-headband\/#primaryimage\"},\"image\":{\"@id\":\"https:\/\/floratiara.com\/p\/elegant-seraphina-floral-headband\/#primaryimage\"},\"thumbnailUrl\":\"https:\/\/floratiara.com\/wp-content\/uploads\/2024\/03\/S9ce3d0c9ec5645a2982d0e1cff1053389.webp\",\"datePublished\":\"2024-03-16T09:43:13+00:00\",\"dateModified\":\"2024-12-12T01:43:47+00:00\",\"description\":\"Unique and beautiful: Shop our Seraphina Bridal Flower Crown - Festive Headwear. Premium high quality headpiece to make the occasion unforgettable.\",\"breadcrumb\":{\"@id\":\"https:\/\/floratiara.com\/p\/elegant-seraphina-floral-headband\/#breadcrumb\"},\"inLanguage\":\"nb-NO\",\"potentialAction\":[{\"@type\":\"ReadAction\",\"target\":[\"https:\/\/floratiara.com\/p\/elegant-seraphina-floral-headband\/\"]}]},{\"@type\":\"ImageObject\",\"inLanguage\":\"nb-NO\",\"@id\":\"https:\/\/floratiara.com\/p\/elegant-seraphina-floral-headband\/#primaryimage\",\"url\":\"https:\/\/floratiara.com\/wp-content\/uploads\/2024\/03\/S9ce3d0c9ec5645a2982d0e1cff1053389.webp\",\"contentUrl\":\"https:\/\/floratiara.com\/wp-content\/uploads\/2024\/03\/S9ce3d0c9ec5645a2982d0e1cff1053389.webp\",\"width\":1500,\"height\":1500},{\"@type\":\"BreadcrumbList\",\"@id\":\"https:\/\/floratiara.com\/p\/elegant-seraphina-floral-headband\/#breadcrumb\",\"itemListElement\":[{\"@type\":\"ListItem\",\"position\":1,\"name\":\"Home\",\"item\":\"https:\/\/floratiara.com\/\"},{\"@type\":\"ListItem\",\"position\":2,\"name\":\"Shop\",\"item\":\"https:\/\/floratiara.com\/shop\/\"},{\"@type\":\"ListItem\",\"position\":3,\"name\":\"Seraphina Bridal Flower Crown &#8211; Festive Headwear\"}]},{\"@type\":\"WebSite\",\"@id\":\"https:\/\/floratiara.com\/#website\",\"url\":\"https:\/\/floratiara.com\/\",\"name\":\"Flora Tiara\",\"description\":\"\",\"publisher\":{\"@id\":\"https:\/\/floratiara.com\/#organization\"},\"potentialAction\":[{\"@type\":\"SearchAction\",\"target\":{\"@type\":\"EntryPoint\",\"urlTemplate\":\"https:\/\/floratiara.com\/?s={search_term_string}\"},\"query-input\":{\"@type\":\"PropertyValueSpecification\",\"valueRequired\":true,\"valueName\":\"search_term_string\"}}],\"inLanguage\":\"nb-NO\"},{\"@type\":\"Organization\",\"@id\":\"https:\/\/floratiara.com\/#organization\",\"name\":\"Flora Tiara\",\"url\":\"https:\/\/floratiara.com\/\",\"logo\":{\"@type\":\"ImageObject\",\"inLanguage\":\"nb-NO\",\"@id\":\"https:\/\/floratiara.com\/#\/schema\/logo\/image\/\",\"url\":\"https:\/\/floratiara.com\/wp-content\/uploads\/2024\/03\/flora-tiara-logo.png\",\"contentUrl\":\"https:\/\/floratiara.com\/wp-content\/uploads\/2024\/03\/flora-tiara-logo.png\",\"width\":1024,\"height\":274,\"caption\":\"Flora Tiara\"},\"image\":{\"@id\":\"https:\/\/floratiara.com\/#\/schema\/logo\/image\/\"}}]}<\/script>\n<!-- \/ Yoast SEO plugin. -->","yoast_head_json":{"title":"Seraphina blomsterkrone til bruden - festlig hodeplagg - Flora Tiara","description":"Unik og vakker: Handle v\u00e5r Seraphina brudeblomstkrone - festlig hodeplagg. F\u00f8rsteklasses hodeplagg av h\u00f8y kvalitet som gj\u00f8r anledningen uforglemmelig.","robots":{"index":"index","follow":"follow","max-snippet":"max-snippet:-1","max-image-preview":"max-image-preview:large","max-video-preview":"max-video-preview:-1"},"canonical":"https:\/\/floratiara.com\/nb\/p\/elegant-seraphina-blomsterpanneband\/","og_locale":"nb_NO","og_type":"article","og_title":"Seraphina Bridal Flower Crown - Festive Headwear - Flora Tiara","og_description":"Unique and beautiful: Shop our Seraphina Bridal Flower Crown - Festive Headwear. Premium high quality headpiece to make the occasion unforgettable.","og_url":"https:\/\/floratiara.com\/nb\/p\/elegant-seraphina-blomsterpanneband\/","og_site_name":"Flora Tiara","article_modified_time":"2024-12-12T01:43:47+00:00","og_image":[{"width":1500,"height":1500,"url":"https:\/\/floratiara.com\/wp-content\/uploads\/2024\/03\/S9ce3d0c9ec5645a2982d0e1cff1053389.webp","type":"image\/webp"}],"twitter_card":"summary_large_image","twitter_misc":{"Ansl. lesetid":"5 minutter"},"schema":{"@context":"https:\/\/schema.org","@graph":[{"@type":"WebPage","@id":"https:\/\/floratiara.com\/p\/elegant-seraphina-floral-headband\/","url":"https:\/\/floratiara.com\/p\/elegant-seraphina-floral-headband\/","name":"Seraphina blomsterkrone til bruden - festlig hodeplagg - Flora Tiara","isPartOf":{"@id":"https:\/\/floratiara.com\/#website"},"primaryImageOfPage":{"@id":"https:\/\/floratiara.com\/p\/elegant-seraphina-floral-headband\/#primaryimage"},"image":{"@id":"https:\/\/floratiara.com\/p\/elegant-seraphina-floral-headband\/#primaryimage"},"thumbnailUrl":"https:\/\/floratiara.com\/wp-content\/uploads\/2024\/03\/S9ce3d0c9ec5645a2982d0e1cff1053389.webp","datePublished":"2024-03-16T09:43:13+00:00","dateModified":"2024-12-12T01:43:47+00:00","description":"Unik og vakker: Handle v\u00e5r Seraphina brudeblomstkrone - festlig hodeplagg. F\u00f8rsteklasses hodeplagg av h\u00f8y kvalitet som gj\u00f8r anledningen uforglemmelig.","breadcrumb":{"@id":"https:\/\/floratiara.com\/p\/elegant-seraphina-floral-headband\/#breadcrumb"},"inLanguage":"nb-NO","potentialAction":[{"@type":"ReadAction","target":["https:\/\/floratiara.com\/p\/elegant-seraphina-floral-headband\/"]}]},{"@type":"ImageObject","inLanguage":"nb-NO","@id":"https:\/\/floratiara.com\/p\/elegant-seraphina-floral-headband\/#primaryimage","url":"https:\/\/floratiara.com\/wp-content\/uploads\/2024\/03\/S9ce3d0c9ec5645a2982d0e1cff1053389.webp","contentUrl":"https:\/\/floratiara.com\/wp-content\/uploads\/2024\/03\/S9ce3d0c9ec5645a2982d0e1cff1053389.webp","width":1500,"height":1500},{"@type":"BreadcrumbList","@id":"https:\/\/floratiara.com\/p\/elegant-seraphina-floral-headband\/#breadcrumb","itemListElement":[{"@type":"ListItem","position":1,"name":"Home","item":"https:\/\/floratiara.com\/"},{"@type":"ListItem","position":2,"name":"Shop","item":"https:\/\/floratiara.com\/shop\/"},{"@type":"ListItem","position":3,"name":"Seraphina Bridal Flower Crown &#8211; Festive Headwear"}]},{"@type":"WebSite","@id":"https:\/\/floratiara.com\/#website","url":"https:\/\/floratiara.com\/","name":"Flora Tiara","description":"","publisher":{"@id":"https:\/\/floratiara.com\/#organization"},"potentialAction":[{"@type":"SearchAction","target":{"@type":"EntryPoint","urlTemplate":"https:\/\/floratiara.com\/?s={search_term_string}"},"query-input":{"@type":"PropertyValueSpecification","valueRequired":true,"valueName":"search_term_string"}}],"inLanguage":"nb-NO"},{"@type":"Organization","@id":"https:\/\/floratiara.com\/#organization","name":"Flora Tiara","url":"https:\/\/floratiara.com\/","logo":{"@type":"ImageObject","inLanguage":"nb-NO","@id":"https:\/\/floratiara.com\/#\/schema\/logo\/image\/","url":"https:\/\/floratiara.com\/wp-content\/uploads\/2024\/03\/flora-tiara-logo.png","contentUrl":"https:\/\/floratiara.com\/wp-content\/uploads\/2024\/03\/flora-tiara-logo.png","width":1024,"height":274,"caption":"Flora Tiara"},"image":{"@id":"https:\/\/floratiara.com\/#\/schema\/logo\/image\/"}}]}},"_links":{"self":[{"href":"https:\/\/floratiara.com\/nb\/wp-json\/wp\/v2\/product\/422","targetHints":{"allow":["GET"]}}],"collection":[{"href":"https:\/\/floratiara.com\/nb\/wp-json\/wp\/v2\/product"}],"about":[{"href":"https:\/\/floratiara.com\/nb\/wp-json\/wp\/v2\/types\/product"}],"wp:featuredmedia":[{"embeddable":true,"href":"https:\/\/floratiara.com\/nb\/wp-json\/wp\/v2\/media\/421"}],"wp:attachment":[{"href":"https:\/\/floratiara.com\/nb\/wp-json\/wp\/v2\/media?parent=422"}],"wp:term":[{"taxonomy":"product_brand","embeddable":true,"href":"https:\/\/floratiara.com\/nb\/wp-json\/wp\/v2\/product_brand?post=422"},{"taxonomy":"product_cat","embeddable":true,"href":"https:\/\/floratiara.com\/nb\/wp-json\/wp\/v2\/product_cat?post=422"},{"taxonomy":"product_tag","embeddable":true,"href":"https:\/\/floratiara.com\/nb\/wp-json\/wp\/v2\/product_tag?post=422"}],"curies":[{"name":"wp","href":"https:\/\/api.w.org\/{rel}","templated":true}]}}