{"id":624,"date":"2024-03-16T10:24:58","date_gmt":"2024-03-16T10:24:58","guid":{"rendered":"https:\/\/floratiara.com\/?post_type=product&#038;p=624"},"modified":"2025-07-22T03:50:46","modified_gmt":"2025-07-22T03:50:46","slug":"elegant-blomsterhodepynt-til-bryllup","status":"publish","type":"product","link":"https:\/\/floratiara.com\/nb\/p\/elegant-blomsterhodepynt-til-bryllup\/","title":{"rendered":"Elysian Grace brudekrone med blomster"},"content":{"rendered":"<p>Elysian Grace Flower Crown er en sofistikert og sjarmerende blomsterkrone som vil sette prikken over i-en ved spesielle anledninger. Pynt h\u00e5ret ditt med dette h\u00e5ndlagde tilbeh\u00f8ret, som best\u00e5r av en luksuri\u00f8s blanding av hvite og lysegule roser og sart baby's breath. Det gr\u00f8nne bladverket fremhever blomstene og er festet p\u00e5 et elegant svart panneb\u00e5nd for optimal komfort. Denne blomsterkronen er perfekt for bruder, festdeltakere og moteentusiaster, og den vil garantert fortrylle og fange hjerter, og tilf\u00f8re et uimotst\u00e5elig snev av romantikk til ethvert antrekk. Omfavn elegansen og skap varige minner med dette fortryllende hodeplagget.<\/p><p>Komposisjon: hvite og blekgule roser, hvit baby's breath (gypsophila), gr\u00f8nne blader, svart panneb\u00e5nd.<\/p>","protected":false},"excerpt":{"rendered":"<div style=\"width: 90%;text-align: left;margin: auto\"><p style=\"text-align:center\"><b>\ud83d\udc51 Fra v\u00e5re hender til ditt hode<\/b><br \/><i>Luksuri\u00f8se blomsterkroner for enhver anledning<\/i><\/p><ul><li>\u2702\ufe0f Tilvirket med omhu i hjertet av <b>Norge<\/b><\/li><li><b>\ud83d\udc90 Sammensetning: hvite og blekgule roser, hvit baby's breath (gypsophila), gr\u00f8nne blader, svart panneb\u00e5nd.<\/b><\/li><\/ul><\/div>","protected":false},"featured_media":623,"template":"","meta":[],"product_brand":[],"product_cat":[68],"product_tag":[],"class_list":{"0":"post-624","1":"product","2":"type-product","3":"status-publish","4":"has-post-thumbnail","6":"product_cat-floral-headpiece-headband","8":"first","9":"instock","10":"shipping-taxable","11":"purchasable","12":"product-type-simple"},"yoast_head":"<!-- This site is optimized with the Yoast SEO plugin v25.9 - https:\/\/yoast.com\/wordpress\/plugins\/seo\/ -->\n<title>Elysian Grace Bridal Flower Crown - Flora Tiara<\/title>\n<meta name=\"description\" content=\"Unique and beautiful: Shop our Elysian Grace Bridal Flower Crown. Premium high quality headpiece to make the occasion unforgettable.\" \/>\n<meta name=\"robots\" content=\"index, follow, max-snippet:-1, max-image-preview:large, max-video-preview:-1\" \/>\n<link rel=\"canonical\" href=\"https:\/\/floratiara.com\/nb\/p\/elegant-blomsterhodepynt-til-bryllup\/\" \/>\n<meta property=\"og:locale\" content=\"nb_NO\" \/>\n<meta property=\"og:type\" content=\"article\" \/>\n<meta property=\"og:title\" content=\"Elysian Grace Bridal Flower Crown - Flora Tiara\" \/>\n<meta property=\"og:description\" content=\"Unique and beautiful: Shop our Elysian Grace Bridal Flower Crown. Premium high quality headpiece to make the occasion unforgettable.\" \/>\n<meta property=\"og:url\" content=\"https:\/\/floratiara.com\/nb\/p\/elegant-blomsterhodepynt-til-bryllup\/\" \/>\n<meta property=\"og:site_name\" content=\"Flora Tiara\" \/>\n<meta property=\"article:modified_time\" content=\"2025-07-22T03:50:46+00:00\" \/>\n<meta property=\"og:image\" content=\"https:\/\/floratiara.com\/wp-content\/uploads\/2024\/03\/HTB17HZCaffsK1RjSszbq6AqBXXad.webp\" \/>\n\t<meta property=\"og:image:width\" content=\"809\" \/>\n\t<meta property=\"og:image:height\" content=\"809\" \/>\n\t<meta property=\"og:image:type\" content=\"image\/webp\" \/>\n<meta name=\"twitter:card\" content=\"summary_large_image\" \/>\n<meta name=\"twitter:label1\" content=\"Ansl. lesetid\" \/>\n\t<meta name=\"twitter:data1\" content=\"1 minutt\" \/>\n<script type=\"application\/ld+json\" class=\"yoast-schema-graph\">{\"@context\":\"https:\/\/schema.org\",\"@graph\":[{\"@type\":\"WebPage\",\"@id\":\"https:\/\/floratiara.com\/p\/elegant-wedding-floral-headpiece\/\",\"url\":\"https:\/\/floratiara.com\/p\/elegant-wedding-floral-headpiece\/\",\"name\":\"Elysian Grace Bridal Flower Crown - Flora Tiara\",\"isPartOf\":{\"@id\":\"https:\/\/floratiara.com\/#website\"},\"primaryImageOfPage\":{\"@id\":\"https:\/\/floratiara.com\/p\/elegant-wedding-floral-headpiece\/#primaryimage\"},\"image\":{\"@id\":\"https:\/\/floratiara.com\/p\/elegant-wedding-floral-headpiece\/#primaryimage\"},\"thumbnailUrl\":\"https:\/\/floratiara.com\/wp-content\/uploads\/2024\/03\/HTB17HZCaffsK1RjSszbq6AqBXXad.webp\",\"datePublished\":\"2024-03-16T10:24:58+00:00\",\"dateModified\":\"2025-07-22T03:50:46+00:00\",\"description\":\"Unique and beautiful: Shop our Elysian Grace Bridal Flower Crown. Premium high quality headpiece to make the occasion unforgettable.\",\"breadcrumb\":{\"@id\":\"https:\/\/floratiara.com\/p\/elegant-wedding-floral-headpiece\/#breadcrumb\"},\"inLanguage\":\"nb-NO\",\"potentialAction\":[{\"@type\":\"ReadAction\",\"target\":[\"https:\/\/floratiara.com\/p\/elegant-wedding-floral-headpiece\/\"]}]},{\"@type\":\"ImageObject\",\"inLanguage\":\"nb-NO\",\"@id\":\"https:\/\/floratiara.com\/p\/elegant-wedding-floral-headpiece\/#primaryimage\",\"url\":\"https:\/\/floratiara.com\/wp-content\/uploads\/2024\/03\/HTB17HZCaffsK1RjSszbq6AqBXXad.webp\",\"contentUrl\":\"https:\/\/floratiara.com\/wp-content\/uploads\/2024\/03\/HTB17HZCaffsK1RjSszbq6AqBXXad.webp\",\"width\":809,\"height\":809},{\"@type\":\"BreadcrumbList\",\"@id\":\"https:\/\/floratiara.com\/p\/elegant-wedding-floral-headpiece\/#breadcrumb\",\"itemListElement\":[{\"@type\":\"ListItem\",\"position\":1,\"name\":\"Home\",\"item\":\"https:\/\/floratiara.com\/\"},{\"@type\":\"ListItem\",\"position\":2,\"name\":\"Shop\",\"item\":\"https:\/\/floratiara.com\/shop\/\"},{\"@type\":\"ListItem\",\"position\":3,\"name\":\"Elysian Grace Bridal Flower Crown\"}]},{\"@type\":\"WebSite\",\"@id\":\"https:\/\/floratiara.com\/#website\",\"url\":\"https:\/\/floratiara.com\/\",\"name\":\"Flora Tiara\",\"description\":\"\",\"publisher\":{\"@id\":\"https:\/\/floratiara.com\/#organization\"},\"potentialAction\":[{\"@type\":\"SearchAction\",\"target\":{\"@type\":\"EntryPoint\",\"urlTemplate\":\"https:\/\/floratiara.com\/?s={search_term_string}\"},\"query-input\":{\"@type\":\"PropertyValueSpecification\",\"valueRequired\":true,\"valueName\":\"search_term_string\"}}],\"inLanguage\":\"nb-NO\"},{\"@type\":\"Organization\",\"@id\":\"https:\/\/floratiara.com\/#organization\",\"name\":\"Flora Tiara\",\"url\":\"https:\/\/floratiara.com\/\",\"logo\":{\"@type\":\"ImageObject\",\"inLanguage\":\"nb-NO\",\"@id\":\"https:\/\/floratiara.com\/#\/schema\/logo\/image\/\",\"url\":\"https:\/\/floratiara.com\/wp-content\/uploads\/2024\/03\/flora-tiara-logo.png\",\"contentUrl\":\"https:\/\/floratiara.com\/wp-content\/uploads\/2024\/03\/flora-tiara-logo.png\",\"width\":1024,\"height\":274,\"caption\":\"Flora Tiara\"},\"image\":{\"@id\":\"https:\/\/floratiara.com\/#\/schema\/logo\/image\/\"}}]}<\/script>\n<!-- \/ Yoast SEO plugin. -->","yoast_head_json":{"title":"Elysian Grace brudekrone med blomster - Flora Tiara","description":"Unik og vakker: Kj\u00f8p v\u00e5r blomsterkrone Elysian Grace Bridal Flower Crown. F\u00f8rsteklasses hodepynt av h\u00f8y kvalitet som gj\u00f8r anledningen uforglemmelig.","robots":{"index":"index","follow":"follow","max-snippet":"max-snippet:-1","max-image-preview":"max-image-preview:large","max-video-preview":"max-video-preview:-1"},"canonical":"https:\/\/floratiara.com\/nb\/p\/elegant-blomsterhodepynt-til-bryllup\/","og_locale":"nb_NO","og_type":"article","og_title":"Elysian Grace Bridal Flower Crown - Flora Tiara","og_description":"Unique and beautiful: Shop our Elysian Grace Bridal Flower Crown. Premium high quality headpiece to make the occasion unforgettable.","og_url":"https:\/\/floratiara.com\/nb\/p\/elegant-blomsterhodepynt-til-bryllup\/","og_site_name":"Flora Tiara","article_modified_time":"2025-07-22T03:50:46+00:00","og_image":[{"width":809,"height":809,"url":"https:\/\/floratiara.com\/wp-content\/uploads\/2024\/03\/HTB17HZCaffsK1RjSszbq6AqBXXad.webp","type":"image\/webp"}],"twitter_card":"summary_large_image","twitter_misc":{"Ansl. lesetid":"1 minutt"},"schema":{"@context":"https:\/\/schema.org","@graph":[{"@type":"WebPage","@id":"https:\/\/floratiara.com\/p\/elegant-wedding-floral-headpiece\/","url":"https:\/\/floratiara.com\/p\/elegant-wedding-floral-headpiece\/","name":"Elysian Grace brudekrone med blomster - Flora Tiara","isPartOf":{"@id":"https:\/\/floratiara.com\/#website"},"primaryImageOfPage":{"@id":"https:\/\/floratiara.com\/p\/elegant-wedding-floral-headpiece\/#primaryimage"},"image":{"@id":"https:\/\/floratiara.com\/p\/elegant-wedding-floral-headpiece\/#primaryimage"},"thumbnailUrl":"https:\/\/floratiara.com\/wp-content\/uploads\/2024\/03\/HTB17HZCaffsK1RjSszbq6AqBXXad.webp","datePublished":"2024-03-16T10:24:58+00:00","dateModified":"2025-07-22T03:50:46+00:00","description":"Unik og vakker: Kj\u00f8p v\u00e5r blomsterkrone Elysian Grace Bridal Flower Crown. F\u00f8rsteklasses hodepynt av h\u00f8y kvalitet som gj\u00f8r anledningen uforglemmelig.","breadcrumb":{"@id":"https:\/\/floratiara.com\/p\/elegant-wedding-floral-headpiece\/#breadcrumb"},"inLanguage":"nb-NO","potentialAction":[{"@type":"ReadAction","target":["https:\/\/floratiara.com\/p\/elegant-wedding-floral-headpiece\/"]}]},{"@type":"ImageObject","inLanguage":"nb-NO","@id":"https:\/\/floratiara.com\/p\/elegant-wedding-floral-headpiece\/#primaryimage","url":"https:\/\/floratiara.com\/wp-content\/uploads\/2024\/03\/HTB17HZCaffsK1RjSszbq6AqBXXad.webp","contentUrl":"https:\/\/floratiara.com\/wp-content\/uploads\/2024\/03\/HTB17HZCaffsK1RjSszbq6AqBXXad.webp","width":809,"height":809},{"@type":"BreadcrumbList","@id":"https:\/\/floratiara.com\/p\/elegant-wedding-floral-headpiece\/#breadcrumb","itemListElement":[{"@type":"ListItem","position":1,"name":"Home","item":"https:\/\/floratiara.com\/"},{"@type":"ListItem","position":2,"name":"Shop","item":"https:\/\/floratiara.com\/shop\/"},{"@type":"ListItem","position":3,"name":"Elysian Grace Bridal Flower Crown"}]},{"@type":"WebSite","@id":"https:\/\/floratiara.com\/#website","url":"https:\/\/floratiara.com\/","name":"Flora Tiara","description":"","publisher":{"@id":"https:\/\/floratiara.com\/#organization"},"potentialAction":[{"@type":"SearchAction","target":{"@type":"EntryPoint","urlTemplate":"https:\/\/floratiara.com\/?s={search_term_string}"},"query-input":{"@type":"PropertyValueSpecification","valueRequired":true,"valueName":"search_term_string"}}],"inLanguage":"nb-NO"},{"@type":"Organization","@id":"https:\/\/floratiara.com\/#organization","name":"Flora Tiara","url":"https:\/\/floratiara.com\/","logo":{"@type":"ImageObject","inLanguage":"nb-NO","@id":"https:\/\/floratiara.com\/#\/schema\/logo\/image\/","url":"https:\/\/floratiara.com\/wp-content\/uploads\/2024\/03\/flora-tiara-logo.png","contentUrl":"https:\/\/floratiara.com\/wp-content\/uploads\/2024\/03\/flora-tiara-logo.png","width":1024,"height":274,"caption":"Flora Tiara"},"image":{"@id":"https:\/\/floratiara.com\/#\/schema\/logo\/image\/"}}]}},"_links":{"self":[{"href":"https:\/\/floratiara.com\/nb\/wp-json\/wp\/v2\/product\/624","targetHints":{"allow":["GET"]}}],"collection":[{"href":"https:\/\/floratiara.com\/nb\/wp-json\/wp\/v2\/product"}],"about":[{"href":"https:\/\/floratiara.com\/nb\/wp-json\/wp\/v2\/types\/product"}],"wp:featuredmedia":[{"embeddable":true,"href":"https:\/\/floratiara.com\/nb\/wp-json\/wp\/v2\/media\/623"}],"wp:attachment":[{"href":"https:\/\/floratiara.com\/nb\/wp-json\/wp\/v2\/media?parent=624"}],"wp:term":[{"taxonomy":"product_brand","embeddable":true,"href":"https:\/\/floratiara.com\/nb\/wp-json\/wp\/v2\/product_brand?post=624"},{"taxonomy":"product_cat","embeddable":true,"href":"https:\/\/floratiara.com\/nb\/wp-json\/wp\/v2\/product_cat?post=624"},{"taxonomy":"product_tag","embeddable":true,"href":"https:\/\/floratiara.com\/nb\/wp-json\/wp\/v2\/product_tag?post=624"}],"curies":[{"name":"wp","href":"https:\/\/api.w.org\/{rel}","templated":true}]}}