{"id":670,"date":"2024-03-16T10:35:39","date_gmt":"2024-03-16T10:35:39","guid":{"rendered":"https:\/\/floratiara.com\/?post_type=product&#038;p=670"},"modified":"2025-04-04T03:59:18","modified_gmt":"2025-04-04T03:59:18","slug":"vintageinspirert-blomsterdiadem-til-babyjenter","status":"publish","type":"product","link":"https:\/\/floratiara.com\/nb\/p\/vintageinspirert-blomsterdiadem-til-babyjenter\/","title":{"rendered":"Fortryllende panneb\u00e5nd med rosa blomsterkrone"},"content":{"rendered":"<p>La deg begeistre av magien i v\u00e5r blomsterkrone \"Blossom Bliss\", som er perfekt til den lille jentas spesielle dag. Pynt henne med dette sjarmerende, rosa rosepanneb\u00e5ndet, der myke stoffblomster blander seg med eventyrlig eleganse. Det justerbare blondeb\u00e5ndet s\u00f8rger for perfekt passform og tilf\u00f8rer en klassisk stil til bursdager og fotograferinger. Tilf\u00f8r hennes look den tidl\u00f8se skj\u00f8nnheten til dette h\u00e5ndlagde tilbeh\u00f8ret. Sikre deg det uts\u00f8kte smykket i dag, og la henne skinne med en fortryllende blomsteraccent.<\/p><p>Sammensetning: rosa stoffroser, sm\u00e5 rosa og elfenbensfargede stoffblomster, blondeb\u00e5nd.<\/p>","protected":false},"excerpt":{"rendered":"<div style=\"width: 90%;text-align: left;margin: auto\"><p style=\"text-align:center\"><b>\ud83d\udc51 Fra v\u00e5re hender til ditt hode<\/b><br \/><i>Luksuri\u00f8se blomsterkroner for enhver anledning<\/i><\/p><ul><li>\u2702\ufe0f Tilvirket med omhu i hjertet av <b>Norge<\/b><\/li><li><b>\ud83d\udc90 Sammensetning: rosa stoffroser, sm\u00e5 rosa og elfenbensfargede stoffblomster, blondeb\u00e5nd.<\/b><\/li><\/ul><\/div>","protected":false},"featured_media":669,"template":"","meta":[],"product_brand":[],"product_cat":[80],"product_tag":[],"class_list":{"0":"post-670","1":"product","2":"type-product","3":"status-publish","4":"has-post-thumbnail","6":"product_cat-toddler-flower-crown","8":"first","9":"outofstock","10":"shipping-taxable","11":"purchasable","12":"product-type-simple"},"yoast_head":"<!-- This site is optimized with the Yoast SEO plugin v25.9 - https:\/\/yoast.com\/wordpress\/plugins\/seo\/ -->\n<title>Enchanting Pink Rose Flower Crown Headband - Flora Tiara<\/title>\n<meta name=\"description\" content=\"Unique and beautiful: Shop our Enchanting Pink Rose Flower Crown Headband. Premium high quality headpiece to make the occasion unforgettable.\" \/>\n<meta name=\"robots\" content=\"index, follow, max-snippet:-1, max-image-preview:large, max-video-preview:-1\" \/>\n<link rel=\"canonical\" href=\"https:\/\/floratiara.com\/nb\/p\/vintageinspirert-blomsterdiadem-til-babyjenter\/\" \/>\n<meta property=\"og:locale\" content=\"nb_NO\" \/>\n<meta property=\"og:type\" content=\"article\" \/>\n<meta property=\"og:title\" content=\"Enchanting Pink Rose Flower Crown Headband - Flora Tiara\" \/>\n<meta property=\"og:description\" content=\"Unique and beautiful: Shop our Enchanting Pink Rose Flower Crown Headband. Premium high quality headpiece to make the occasion unforgettable.\" \/>\n<meta property=\"og:url\" content=\"https:\/\/floratiara.com\/nb\/p\/vintageinspirert-blomsterdiadem-til-babyjenter\/\" \/>\n<meta property=\"og:site_name\" content=\"Flora Tiara\" \/>\n<meta property=\"article:modified_time\" content=\"2025-04-04T03:59:18+00:00\" \/>\n<meta property=\"og:image\" content=\"https:\/\/floratiara.com\/wp-content\/uploads\/2024\/03\/S758531f3abf74eb8ad7599bdfef95296B.webp\" \/>\n\t<meta property=\"og:image:width\" content=\"800\" \/>\n\t<meta property=\"og:image:height\" content=\"800\" \/>\n\t<meta property=\"og:image:type\" content=\"image\/webp\" \/>\n<meta name=\"twitter:card\" content=\"summary_large_image\" \/>\n<meta name=\"twitter:label1\" content=\"Ansl. lesetid\" \/>\n\t<meta name=\"twitter:data1\" content=\"1 minutt\" \/>\n<script type=\"application\/ld+json\" class=\"yoast-schema-graph\">{\"@context\":\"https:\/\/schema.org\",\"@graph\":[{\"@type\":\"WebPage\",\"@id\":\"https:\/\/floratiara.com\/p\/vintage-inspired-baby-girls-floral-tiara\/\",\"url\":\"https:\/\/floratiara.com\/p\/vintage-inspired-baby-girls-floral-tiara\/\",\"name\":\"Enchanting Pink Rose Flower Crown Headband - Flora Tiara\",\"isPartOf\":{\"@id\":\"https:\/\/floratiara.com\/#website\"},\"primaryImageOfPage\":{\"@id\":\"https:\/\/floratiara.com\/p\/vintage-inspired-baby-girls-floral-tiara\/#primaryimage\"},\"image\":{\"@id\":\"https:\/\/floratiara.com\/p\/vintage-inspired-baby-girls-floral-tiara\/#primaryimage\"},\"thumbnailUrl\":\"https:\/\/floratiara.com\/wp-content\/uploads\/2024\/03\/S758531f3abf74eb8ad7599bdfef95296B.webp\",\"datePublished\":\"2024-03-16T10:35:39+00:00\",\"dateModified\":\"2025-04-04T03:59:18+00:00\",\"description\":\"Unique and beautiful: Shop our Enchanting Pink Rose Flower Crown Headband. Premium high quality headpiece to make the occasion unforgettable.\",\"breadcrumb\":{\"@id\":\"https:\/\/floratiara.com\/p\/vintage-inspired-baby-girls-floral-tiara\/#breadcrumb\"},\"inLanguage\":\"nb-NO\",\"potentialAction\":[{\"@type\":\"ReadAction\",\"target\":[\"https:\/\/floratiara.com\/p\/vintage-inspired-baby-girls-floral-tiara\/\"]}]},{\"@type\":\"ImageObject\",\"inLanguage\":\"nb-NO\",\"@id\":\"https:\/\/floratiara.com\/p\/vintage-inspired-baby-girls-floral-tiara\/#primaryimage\",\"url\":\"https:\/\/floratiara.com\/wp-content\/uploads\/2024\/03\/S758531f3abf74eb8ad7599bdfef95296B.webp\",\"contentUrl\":\"https:\/\/floratiara.com\/wp-content\/uploads\/2024\/03\/S758531f3abf74eb8ad7599bdfef95296B.webp\",\"width\":800,\"height\":800},{\"@type\":\"BreadcrumbList\",\"@id\":\"https:\/\/floratiara.com\/p\/vintage-inspired-baby-girls-floral-tiara\/#breadcrumb\",\"itemListElement\":[{\"@type\":\"ListItem\",\"position\":1,\"name\":\"Home\",\"item\":\"https:\/\/floratiara.com\/\"},{\"@type\":\"ListItem\",\"position\":2,\"name\":\"Shop\",\"item\":\"https:\/\/floratiara.com\/shop\/\"},{\"@type\":\"ListItem\",\"position\":3,\"name\":\"Enchanting Pink Rose Flower Crown Headband\"}]},{\"@type\":\"WebSite\",\"@id\":\"https:\/\/floratiara.com\/#website\",\"url\":\"https:\/\/floratiara.com\/\",\"name\":\"Flora Tiara\",\"description\":\"\",\"publisher\":{\"@id\":\"https:\/\/floratiara.com\/#organization\"},\"potentialAction\":[{\"@type\":\"SearchAction\",\"target\":{\"@type\":\"EntryPoint\",\"urlTemplate\":\"https:\/\/floratiara.com\/?s={search_term_string}\"},\"query-input\":{\"@type\":\"PropertyValueSpecification\",\"valueRequired\":true,\"valueName\":\"search_term_string\"}}],\"inLanguage\":\"nb-NO\"},{\"@type\":\"Organization\",\"@id\":\"https:\/\/floratiara.com\/#organization\",\"name\":\"Flora Tiara\",\"url\":\"https:\/\/floratiara.com\/\",\"logo\":{\"@type\":\"ImageObject\",\"inLanguage\":\"nb-NO\",\"@id\":\"https:\/\/floratiara.com\/#\/schema\/logo\/image\/\",\"url\":\"https:\/\/floratiara.com\/wp-content\/uploads\/2024\/03\/flora-tiara-logo.png\",\"contentUrl\":\"https:\/\/floratiara.com\/wp-content\/uploads\/2024\/03\/flora-tiara-logo.png\",\"width\":1024,\"height\":274,\"caption\":\"Flora Tiara\"},\"image\":{\"@id\":\"https:\/\/floratiara.com\/#\/schema\/logo\/image\/\"}}]}<\/script>\n<!-- \/ Yoast SEO plugin. -->","yoast_head_json":{"title":"Fortryllende rosa blomsterkrans med blomsterkrans - Flora Tiara","description":"Unikt og vakkert: Kj\u00f8p v\u00e5rt fortryllende rosa blomsterkranshodeb\u00e5nd. F\u00f8rsteklasses hodeplagg av h\u00f8y kvalitet som gj\u00f8r anledningen uforglemmelig.","robots":{"index":"index","follow":"follow","max-snippet":"max-snippet:-1","max-image-preview":"max-image-preview:large","max-video-preview":"max-video-preview:-1"},"canonical":"https:\/\/floratiara.com\/nb\/p\/vintageinspirert-blomsterdiadem-til-babyjenter\/","og_locale":"nb_NO","og_type":"article","og_title":"Enchanting Pink Rose Flower Crown Headband - Flora Tiara","og_description":"Unique and beautiful: Shop our Enchanting Pink Rose Flower Crown Headband. Premium high quality headpiece to make the occasion unforgettable.","og_url":"https:\/\/floratiara.com\/nb\/p\/vintageinspirert-blomsterdiadem-til-babyjenter\/","og_site_name":"Flora Tiara","article_modified_time":"2025-04-04T03:59:18+00:00","og_image":[{"width":800,"height":800,"url":"https:\/\/floratiara.com\/wp-content\/uploads\/2024\/03\/S758531f3abf74eb8ad7599bdfef95296B.webp","type":"image\/webp"}],"twitter_card":"summary_large_image","twitter_misc":{"Ansl. lesetid":"1 minutt"},"schema":{"@context":"https:\/\/schema.org","@graph":[{"@type":"WebPage","@id":"https:\/\/floratiara.com\/p\/vintage-inspired-baby-girls-floral-tiara\/","url":"https:\/\/floratiara.com\/p\/vintage-inspired-baby-girls-floral-tiara\/","name":"Fortryllende rosa blomsterkrans med blomsterkrans - Flora Tiara","isPartOf":{"@id":"https:\/\/floratiara.com\/#website"},"primaryImageOfPage":{"@id":"https:\/\/floratiara.com\/p\/vintage-inspired-baby-girls-floral-tiara\/#primaryimage"},"image":{"@id":"https:\/\/floratiara.com\/p\/vintage-inspired-baby-girls-floral-tiara\/#primaryimage"},"thumbnailUrl":"https:\/\/floratiara.com\/wp-content\/uploads\/2024\/03\/S758531f3abf74eb8ad7599bdfef95296B.webp","datePublished":"2024-03-16T10:35:39+00:00","dateModified":"2025-04-04T03:59:18+00:00","description":"Unikt og vakkert: Kj\u00f8p v\u00e5rt fortryllende rosa blomsterkranshodeb\u00e5nd. F\u00f8rsteklasses hodeplagg av h\u00f8y kvalitet som gj\u00f8r anledningen uforglemmelig.","breadcrumb":{"@id":"https:\/\/floratiara.com\/p\/vintage-inspired-baby-girls-floral-tiara\/#breadcrumb"},"inLanguage":"nb-NO","potentialAction":[{"@type":"ReadAction","target":["https:\/\/floratiara.com\/p\/vintage-inspired-baby-girls-floral-tiara\/"]}]},{"@type":"ImageObject","inLanguage":"nb-NO","@id":"https:\/\/floratiara.com\/p\/vintage-inspired-baby-girls-floral-tiara\/#primaryimage","url":"https:\/\/floratiara.com\/wp-content\/uploads\/2024\/03\/S758531f3abf74eb8ad7599bdfef95296B.webp","contentUrl":"https:\/\/floratiara.com\/wp-content\/uploads\/2024\/03\/S758531f3abf74eb8ad7599bdfef95296B.webp","width":800,"height":800},{"@type":"BreadcrumbList","@id":"https:\/\/floratiara.com\/p\/vintage-inspired-baby-girls-floral-tiara\/#breadcrumb","itemListElement":[{"@type":"ListItem","position":1,"name":"Home","item":"https:\/\/floratiara.com\/"},{"@type":"ListItem","position":2,"name":"Shop","item":"https:\/\/floratiara.com\/shop\/"},{"@type":"ListItem","position":3,"name":"Enchanting Pink Rose Flower Crown Headband"}]},{"@type":"WebSite","@id":"https:\/\/floratiara.com\/#website","url":"https:\/\/floratiara.com\/","name":"Flora Tiara","description":"","publisher":{"@id":"https:\/\/floratiara.com\/#organization"},"potentialAction":[{"@type":"SearchAction","target":{"@type":"EntryPoint","urlTemplate":"https:\/\/floratiara.com\/?s={search_term_string}"},"query-input":{"@type":"PropertyValueSpecification","valueRequired":true,"valueName":"search_term_string"}}],"inLanguage":"nb-NO"},{"@type":"Organization","@id":"https:\/\/floratiara.com\/#organization","name":"Flora Tiara","url":"https:\/\/floratiara.com\/","logo":{"@type":"ImageObject","inLanguage":"nb-NO","@id":"https:\/\/floratiara.com\/#\/schema\/logo\/image\/","url":"https:\/\/floratiara.com\/wp-content\/uploads\/2024\/03\/flora-tiara-logo.png","contentUrl":"https:\/\/floratiara.com\/wp-content\/uploads\/2024\/03\/flora-tiara-logo.png","width":1024,"height":274,"caption":"Flora Tiara"},"image":{"@id":"https:\/\/floratiara.com\/#\/schema\/logo\/image\/"}}]}},"_links":{"self":[{"href":"https:\/\/floratiara.com\/nb\/wp-json\/wp\/v2\/product\/670","targetHints":{"allow":["GET"]}}],"collection":[{"href":"https:\/\/floratiara.com\/nb\/wp-json\/wp\/v2\/product"}],"about":[{"href":"https:\/\/floratiara.com\/nb\/wp-json\/wp\/v2\/types\/product"}],"wp:featuredmedia":[{"embeddable":true,"href":"https:\/\/floratiara.com\/nb\/wp-json\/wp\/v2\/media\/669"}],"wp:attachment":[{"href":"https:\/\/floratiara.com\/nb\/wp-json\/wp\/v2\/media?parent=670"}],"wp:term":[{"taxonomy":"product_brand","embeddable":true,"href":"https:\/\/floratiara.com\/nb\/wp-json\/wp\/v2\/product_brand?post=670"},{"taxonomy":"product_cat","embeddable":true,"href":"https:\/\/floratiara.com\/nb\/wp-json\/wp\/v2\/product_cat?post=670"},{"taxonomy":"product_tag","embeddable":true,"href":"https:\/\/floratiara.com\/nb\/wp-json\/wp\/v2\/product_tag?post=670"}],"curies":[{"name":"wp","href":"https:\/\/api.w.org\/{rel}","templated":true}]}}