{"id":688,"date":"2024-03-16T10:35:53","date_gmt":"2024-03-16T10:35:53","guid":{"rendered":"https:\/\/floratiara.com\/?post_type=product&#038;p=688"},"modified":"2025-03-04T04:42:50","modified_gmt":"2025-03-04T04:42:50","slug":"elfenbensrosa-blomsterkrans-med-rosetter","status":"publish","type":"product","link":"https:\/\/floratiara.com\/nb\/p\/elfenbensrosa-blomsterkrans-med-rosetter\/","title":{"rendered":"Elegant panneb\u00e5nd med blomsterkrans i st\u00f8vete rosa"},"content":{"rendered":"<p>L\u00f8ft stilen din med v\u00e5r fortryllende roseblomstkrone, et h\u00e5ndlaget vidunder som forener rolige elfenbenstoner med den dempede elegansen i st\u00f8vete rosa. Kronen er perfekt til spesielle anledninger og tilf\u00f8rer ethvert antrekk et snev av finurlig raffinement. Det allsidige blondeb\u00e5ndet festes med den st\u00f8rste komfort, og lover \u00e5 ledsage feiringen p\u00e5 en elegant m\u00e5te. Dette uts\u00f8kte tilbeh\u00f8ret er et statement av naturlig romantikk - et perfekt supplement til dine bohemske dr\u00f8mmer. Omfavn sjarmen og gj\u00f8r denne blomsterkronen til kronjuvelen i garderoben din.<\/p><p>Sammensetning: elfenbensfargede stoffblomster, st\u00f8vete rosa roser, sm\u00e5 elfenbensknopper, blondeb\u00e5nd.<\/p>","protected":false},"excerpt":{"rendered":"<div style=\"width: 90%;text-align: left;margin: auto\"><p style=\"text-align:center\"><b>\ud83d\udc51 Fra v\u00e5re hender til ditt hode<\/b><br \/><i>Luksuri\u00f8se blomsterkroner for enhver anledning<\/i><\/p><ul><li>\u2702\ufe0f Tilvirket med omhu i hjertet av <b>Norge<\/b><\/li><li><b>\ud83d\udc90 Sammensetning: elfenbensfargede stoffblomster, st\u00f8vete rosa roser, sm\u00e5 elfenbensknopper, blondeb\u00e5nd.<\/b><\/li><\/ul><\/div>","protected":false},"featured_media":687,"template":"","meta":[],"product_brand":[],"product_cat":[80],"product_tag":[],"class_list":{"0":"post-688","1":"product","2":"type-product","3":"status-publish","4":"has-post-thumbnail","6":"product_cat-toddler-flower-crown","8":"first","9":"instock","10":"shipping-taxable","11":"purchasable","12":"product-type-simple"},"yoast_head":"<!-- This site is optimized with the Yoast SEO plugin v25.9 - https:\/\/yoast.com\/wordpress\/plugins\/seo\/ -->\n<title>Elegant Dusty Pink Rose Flower Crown Headband - Flora Tiara<\/title>\n<meta name=\"description\" content=\"Unique and beautiful: Shop our Elegant Dusty Pink Rose Flower Crown Headband. Premium high quality headpiece to make the occasion unforgettable.\" \/>\n<meta name=\"robots\" content=\"index, follow, max-snippet:-1, max-image-preview:large, max-video-preview:-1\" \/>\n<link rel=\"canonical\" href=\"https:\/\/floratiara.com\/nb\/p\/elfenbensrosa-blomsterkrans-med-rosetter\/\" \/>\n<meta property=\"og:locale\" content=\"nb_NO\" \/>\n<meta property=\"og:type\" content=\"article\" \/>\n<meta property=\"og:title\" content=\"Elegant Dusty Pink Rose Flower Crown Headband - Flora Tiara\" \/>\n<meta property=\"og:description\" content=\"Unique and beautiful: Shop our Elegant Dusty Pink Rose Flower Crown Headband. Premium high quality headpiece to make the occasion unforgettable.\" \/>\n<meta property=\"og:url\" content=\"https:\/\/floratiara.com\/nb\/p\/elfenbensrosa-blomsterkrans-med-rosetter\/\" \/>\n<meta property=\"og:site_name\" content=\"Flora Tiara\" \/>\n<meta property=\"article:modified_time\" content=\"2025-03-04T04:42:50+00:00\" \/>\n<meta property=\"og:image\" content=\"https:\/\/floratiara.com\/wp-content\/uploads\/2024\/03\/S7637aad187934dc6b91f54eef69be7c5X.webp\" \/>\n\t<meta property=\"og:image:width\" content=\"800\" \/>\n\t<meta property=\"og:image:height\" content=\"800\" \/>\n\t<meta property=\"og:image:type\" content=\"image\/webp\" \/>\n<meta name=\"twitter:card\" content=\"summary_large_image\" \/>\n<script type=\"application\/ld+json\" class=\"yoast-schema-graph\">{\"@context\":\"https:\/\/schema.org\",\"@graph\":[{\"@type\":\"WebPage\",\"@id\":\"https:\/\/floratiara.com\/p\/ivory-pink-rose-floral-circlet\/\",\"url\":\"https:\/\/floratiara.com\/p\/ivory-pink-rose-floral-circlet\/\",\"name\":\"Elegant Dusty Pink Rose Flower Crown Headband - Flora Tiara\",\"isPartOf\":{\"@id\":\"https:\/\/floratiara.com\/#website\"},\"primaryImageOfPage\":{\"@id\":\"https:\/\/floratiara.com\/p\/ivory-pink-rose-floral-circlet\/#primaryimage\"},\"image\":{\"@id\":\"https:\/\/floratiara.com\/p\/ivory-pink-rose-floral-circlet\/#primaryimage\"},\"thumbnailUrl\":\"https:\/\/floratiara.com\/wp-content\/uploads\/2024\/03\/S7637aad187934dc6b91f54eef69be7c5X.webp\",\"datePublished\":\"2024-03-16T10:35:53+00:00\",\"dateModified\":\"2025-03-04T04:42:50+00:00\",\"description\":\"Unique and beautiful: Shop our Elegant Dusty Pink Rose Flower Crown Headband. Premium high quality headpiece to make the occasion unforgettable.\",\"breadcrumb\":{\"@id\":\"https:\/\/floratiara.com\/p\/ivory-pink-rose-floral-circlet\/#breadcrumb\"},\"inLanguage\":\"nb-NO\",\"potentialAction\":[{\"@type\":\"ReadAction\",\"target\":[\"https:\/\/floratiara.com\/p\/ivory-pink-rose-floral-circlet\/\"]}]},{\"@type\":\"ImageObject\",\"inLanguage\":\"nb-NO\",\"@id\":\"https:\/\/floratiara.com\/p\/ivory-pink-rose-floral-circlet\/#primaryimage\",\"url\":\"https:\/\/floratiara.com\/wp-content\/uploads\/2024\/03\/S7637aad187934dc6b91f54eef69be7c5X.webp\",\"contentUrl\":\"https:\/\/floratiara.com\/wp-content\/uploads\/2024\/03\/S7637aad187934dc6b91f54eef69be7c5X.webp\",\"width\":800,\"height\":800},{\"@type\":\"BreadcrumbList\",\"@id\":\"https:\/\/floratiara.com\/p\/ivory-pink-rose-floral-circlet\/#breadcrumb\",\"itemListElement\":[{\"@type\":\"ListItem\",\"position\":1,\"name\":\"Home\",\"item\":\"https:\/\/floratiara.com\/\"},{\"@type\":\"ListItem\",\"position\":2,\"name\":\"Shop\",\"item\":\"https:\/\/floratiara.com\/shop\/\"},{\"@type\":\"ListItem\",\"position\":3,\"name\":\"Elegant Dusty Pink Rose Flower Crown Headband\"}]},{\"@type\":\"WebSite\",\"@id\":\"https:\/\/floratiara.com\/#website\",\"url\":\"https:\/\/floratiara.com\/\",\"name\":\"Flora Tiara\",\"description\":\"\",\"publisher\":{\"@id\":\"https:\/\/floratiara.com\/#organization\"},\"potentialAction\":[{\"@type\":\"SearchAction\",\"target\":{\"@type\":\"EntryPoint\",\"urlTemplate\":\"https:\/\/floratiara.com\/?s={search_term_string}\"},\"query-input\":{\"@type\":\"PropertyValueSpecification\",\"valueRequired\":true,\"valueName\":\"search_term_string\"}}],\"inLanguage\":\"nb-NO\"},{\"@type\":\"Organization\",\"@id\":\"https:\/\/floratiara.com\/#organization\",\"name\":\"Flora Tiara\",\"url\":\"https:\/\/floratiara.com\/\",\"logo\":{\"@type\":\"ImageObject\",\"inLanguage\":\"nb-NO\",\"@id\":\"https:\/\/floratiara.com\/#\/schema\/logo\/image\/\",\"url\":\"https:\/\/floratiara.com\/wp-content\/uploads\/2024\/03\/flora-tiara-logo.png\",\"contentUrl\":\"https:\/\/floratiara.com\/wp-content\/uploads\/2024\/03\/flora-tiara-logo.png\",\"width\":1024,\"height\":274,\"caption\":\"Flora Tiara\"},\"image\":{\"@id\":\"https:\/\/floratiara.com\/#\/schema\/logo\/image\/\"}}]}<\/script>\n<!-- \/ Yoast SEO plugin. -->","yoast_head_json":{"title":"Elegant panneb\u00e5nd med blomsterkrans i st\u00f8vete rosa rose - Flora Tiara","description":"Unikt og vakkert: Handle v\u00e5rt elegante Dusty Pink Rose Flower Crown panneb\u00e5nd. F\u00f8rsteklasses hodepynt av h\u00f8y kvalitet som gj\u00f8r anledningen uforglemmelig.","robots":{"index":"index","follow":"follow","max-snippet":"max-snippet:-1","max-image-preview":"max-image-preview:large","max-video-preview":"max-video-preview:-1"},"canonical":"https:\/\/floratiara.com\/nb\/p\/elfenbensrosa-blomsterkrans-med-rosetter\/","og_locale":"nb_NO","og_type":"article","og_title":"Elegant Dusty Pink Rose Flower Crown Headband - Flora Tiara","og_description":"Unique and beautiful: Shop our Elegant Dusty Pink Rose Flower Crown Headband. Premium high quality headpiece to make the occasion unforgettable.","og_url":"https:\/\/floratiara.com\/nb\/p\/elfenbensrosa-blomsterkrans-med-rosetter\/","og_site_name":"Flora Tiara","article_modified_time":"2025-03-04T04:42:50+00:00","og_image":[{"width":800,"height":800,"url":"https:\/\/floratiara.com\/wp-content\/uploads\/2024\/03\/S7637aad187934dc6b91f54eef69be7c5X.webp","type":"image\/webp"}],"twitter_card":"summary_large_image","schema":{"@context":"https:\/\/schema.org","@graph":[{"@type":"WebPage","@id":"https:\/\/floratiara.com\/p\/ivory-pink-rose-floral-circlet\/","url":"https:\/\/floratiara.com\/p\/ivory-pink-rose-floral-circlet\/","name":"Elegant panneb\u00e5nd med blomsterkrans i st\u00f8vete rosa rose - Flora Tiara","isPartOf":{"@id":"https:\/\/floratiara.com\/#website"},"primaryImageOfPage":{"@id":"https:\/\/floratiara.com\/p\/ivory-pink-rose-floral-circlet\/#primaryimage"},"image":{"@id":"https:\/\/floratiara.com\/p\/ivory-pink-rose-floral-circlet\/#primaryimage"},"thumbnailUrl":"https:\/\/floratiara.com\/wp-content\/uploads\/2024\/03\/S7637aad187934dc6b91f54eef69be7c5X.webp","datePublished":"2024-03-16T10:35:53+00:00","dateModified":"2025-03-04T04:42:50+00:00","description":"Unikt og vakkert: Handle v\u00e5rt elegante Dusty Pink Rose Flower Crown panneb\u00e5nd. F\u00f8rsteklasses hodepynt av h\u00f8y kvalitet som gj\u00f8r anledningen uforglemmelig.","breadcrumb":{"@id":"https:\/\/floratiara.com\/p\/ivory-pink-rose-floral-circlet\/#breadcrumb"},"inLanguage":"nb-NO","potentialAction":[{"@type":"ReadAction","target":["https:\/\/floratiara.com\/p\/ivory-pink-rose-floral-circlet\/"]}]},{"@type":"ImageObject","inLanguage":"nb-NO","@id":"https:\/\/floratiara.com\/p\/ivory-pink-rose-floral-circlet\/#primaryimage","url":"https:\/\/floratiara.com\/wp-content\/uploads\/2024\/03\/S7637aad187934dc6b91f54eef69be7c5X.webp","contentUrl":"https:\/\/floratiara.com\/wp-content\/uploads\/2024\/03\/S7637aad187934dc6b91f54eef69be7c5X.webp","width":800,"height":800},{"@type":"BreadcrumbList","@id":"https:\/\/floratiara.com\/p\/ivory-pink-rose-floral-circlet\/#breadcrumb","itemListElement":[{"@type":"ListItem","position":1,"name":"Home","item":"https:\/\/floratiara.com\/"},{"@type":"ListItem","position":2,"name":"Shop","item":"https:\/\/floratiara.com\/shop\/"},{"@type":"ListItem","position":3,"name":"Elegant Dusty Pink Rose Flower Crown Headband"}]},{"@type":"WebSite","@id":"https:\/\/floratiara.com\/#website","url":"https:\/\/floratiara.com\/","name":"Flora Tiara","description":"","publisher":{"@id":"https:\/\/floratiara.com\/#organization"},"potentialAction":[{"@type":"SearchAction","target":{"@type":"EntryPoint","urlTemplate":"https:\/\/floratiara.com\/?s={search_term_string}"},"query-input":{"@type":"PropertyValueSpecification","valueRequired":true,"valueName":"search_term_string"}}],"inLanguage":"nb-NO"},{"@type":"Organization","@id":"https:\/\/floratiara.com\/#organization","name":"Flora Tiara","url":"https:\/\/floratiara.com\/","logo":{"@type":"ImageObject","inLanguage":"nb-NO","@id":"https:\/\/floratiara.com\/#\/schema\/logo\/image\/","url":"https:\/\/floratiara.com\/wp-content\/uploads\/2024\/03\/flora-tiara-logo.png","contentUrl":"https:\/\/floratiara.com\/wp-content\/uploads\/2024\/03\/flora-tiara-logo.png","width":1024,"height":274,"caption":"Flora Tiara"},"image":{"@id":"https:\/\/floratiara.com\/#\/schema\/logo\/image\/"}}]}},"_links":{"self":[{"href":"https:\/\/floratiara.com\/nb\/wp-json\/wp\/v2\/product\/688","targetHints":{"allow":["GET"]}}],"collection":[{"href":"https:\/\/floratiara.com\/nb\/wp-json\/wp\/v2\/product"}],"about":[{"href":"https:\/\/floratiara.com\/nb\/wp-json\/wp\/v2\/types\/product"}],"wp:featuredmedia":[{"embeddable":true,"href":"https:\/\/floratiara.com\/nb\/wp-json\/wp\/v2\/media\/687"}],"wp:attachment":[{"href":"https:\/\/floratiara.com\/nb\/wp-json\/wp\/v2\/media?parent=688"}],"wp:term":[{"taxonomy":"product_brand","embeddable":true,"href":"https:\/\/floratiara.com\/nb\/wp-json\/wp\/v2\/product_brand?post=688"},{"taxonomy":"product_cat","embeddable":true,"href":"https:\/\/floratiara.com\/nb\/wp-json\/wp\/v2\/product_cat?post=688"},{"taxonomy":"product_tag","embeddable":true,"href":"https:\/\/floratiara.com\/nb\/wp-json\/wp\/v2\/product_tag?post=688"}],"curies":[{"name":"wp","href":"https:\/\/api.w.org\/{rel}","templated":true}]}}