{"id":171,"date":"2024-03-16T09:37:33","date_gmt":"2024-03-16T09:37:33","guid":{"rendered":"https:\/\/floratiara.com\/?post_type=product&#038;p=171"},"modified":"2025-03-04T04:42:31","modified_gmt":"2025-03-04T04:42:31","slug":"slubny-kwiatowy-wianek-na-glowe-3","status":"publish","type":"product","link":"https:\/\/floratiara.com\/pl\/p\/slubny-kwiatowy-wianek-na-glowe-3\/","title":{"rendered":"Opaska na g\u0142ow\u0119 z kwiatem Enchanted Blossom"},"content":{"rendered":"<p>Podnie\u015b sw\u00f3j wygl\u0105d dzi\u0119ki naszej kwiatowej koronie Enchanted Blossom, arcydzie\u0142u elegancji na ka\u017cd\u0105 specjaln\u0105 okazj\u0119. Ta wykwintna ozdoba g\u0142owy to mieszanka blador\u00f3\u017cowych r\u00f3\u017c i promiennych bia\u0142ych stokrotek, podkre\u015blona kremowymi r\u00f3\u017cami w sprayu w stylu vintage i bujn\u0105 zieleni\u0105. Idealny dla panien m\u0142odych lub uczestnik\u00f3w festiwali, to bajkowy akcent, kt\u00f3ry obiecuje odmieni\u0107 Tw\u00f3j str\u00f3j. Bezpieczny i wygodny, niech ten wysokiej jako\u015bci, artystyczny dodatek zainspiruje kolejn\u0105 niezapomnian\u0105 chwil\u0119 - idealny na wesela, uroczysto\u015bci lub po prostu, aby rozkoszowa\u0107 si\u0119 pi\u0119knem natury.<\/p><p>Kompozycja: jasnor\u00f3\u017cowe r\u00f3\u017ce, bia\u0142e stokrotki, kremowe r\u00f3\u017ce w sprayu, zielone li\u015bcie, bia\u0142e kwiaty wype\u0142niaj\u0105ce.<\/p>","protected":false},"excerpt":{"rendered":"<div style=\"width: 90%;text-align: left;margin: auto\"><p style=\"text-align:center\"><b>Od naszych r\u0105k do twojej g\u0142owy<\/b><br \/><i>Luksusowe korony kwiatowe na ka\u017cd\u0105 okazj\u0119<\/i><\/p><ul><li>\u2702\ufe0f Wykonane z dba\u0142o\u015bci\u0105 w sercu <b>Polska<\/b><\/li><li><b>Kompozycja: jasnor\u00f3\u017cowe r\u00f3\u017ce, bia\u0142e stokrotki, kremowe r\u00f3\u017ce w sprayu, zielone li\u015bcie, bia\u0142e kwiaty wype\u0142niaj\u0105ce.<\/b><\/li><\/ul><\/div>","protected":false},"featured_media":170,"template":"","meta":[],"product_brand":[],"product_cat":[61,73,59],"product_tag":[],"class_list":{"0":"post-171","1":"product","2":"type-product","3":"status-publish","4":"has-post-thumbnail","6":"product_cat-bridesmaid-floral-headpiece","7":"product_cat-pink-floral-headpiece","8":"product_cat-bridal-floral-headpiece","10":"first","11":"instock","12":"shipping-taxable","13":"purchasable","14":"product-type-simple"},"yoast_head":"<!-- This site is optimized with the Yoast SEO plugin v25.9 - https:\/\/yoast.com\/wordpress\/plugins\/seo\/ -->\n<title>Enchanted Blossom Flower Crown Headband - Flora Tiara<\/title>\n<meta name=\"description\" content=\"Unique and beautiful: Shop our Enchanted Blossom Flower Crown Headband. Premium high quality headpiece to make the occasion unforgettable.\" \/>\n<meta name=\"robots\" content=\"index, follow, max-snippet:-1, max-image-preview:large, max-video-preview:-1\" \/>\n<link rel=\"canonical\" href=\"https:\/\/floratiara.com\/pl\/p\/slubny-kwiatowy-wianek-na-glowe-3\/\" \/>\n<meta property=\"og:locale\" content=\"pl_PL\" \/>\n<meta property=\"og:type\" content=\"article\" \/>\n<meta property=\"og:title\" content=\"Enchanted Blossom Flower Crown Headband - Flora Tiara\" \/>\n<meta property=\"og:description\" content=\"Unique and beautiful: Shop our Enchanted Blossom Flower Crown Headband. Premium high quality headpiece to make the occasion unforgettable.\" \/>\n<meta property=\"og:url\" content=\"https:\/\/floratiara.com\/pl\/p\/slubny-kwiatowy-wianek-na-glowe-3\/\" \/>\n<meta property=\"og:site_name\" content=\"Flora Tiara\" \/>\n<meta property=\"article:modified_time\" content=\"2025-03-04T04:42:31+00:00\" \/>\n<meta property=\"og:image\" content=\"https:\/\/floratiara.com\/wp-content\/uploads\/2024\/03\/Hca5dc49eda234772ad7bc8522b1b779dK.webp\" \/>\n\t<meta property=\"og:image:width\" content=\"1500\" \/>\n\t<meta property=\"og:image:height\" content=\"1500\" \/>\n\t<meta property=\"og:image:type\" content=\"image\/webp\" \/>\n<meta name=\"twitter:card\" content=\"summary_large_image\" \/>\n<meta name=\"twitter:label1\" content=\"Szacowany czas czytania\" \/>\n\t<meta name=\"twitter:data1\" content=\"1 minuta\" \/>\n<script type=\"application\/ld+json\" class=\"yoast-schema-graph\">{\"@context\":\"https:\/\/schema.org\",\"@graph\":[{\"@type\":\"WebPage\",\"@id\":\"https:\/\/floratiara.com\/p\/bridal-floral-garland-headpiece-3\/\",\"url\":\"https:\/\/floratiara.com\/p\/bridal-floral-garland-headpiece-3\/\",\"name\":\"Enchanted Blossom Flower Crown Headband - Flora Tiara\",\"isPartOf\":{\"@id\":\"https:\/\/floratiara.com\/#website\"},\"primaryImageOfPage\":{\"@id\":\"https:\/\/floratiara.com\/p\/bridal-floral-garland-headpiece-3\/#primaryimage\"},\"image\":{\"@id\":\"https:\/\/floratiara.com\/p\/bridal-floral-garland-headpiece-3\/#primaryimage\"},\"thumbnailUrl\":\"https:\/\/floratiara.com\/wp-content\/uploads\/2024\/03\/Hca5dc49eda234772ad7bc8522b1b779dK.webp\",\"datePublished\":\"2024-03-16T09:37:33+00:00\",\"dateModified\":\"2025-03-04T04:42:31+00:00\",\"description\":\"Unique and beautiful: Shop our Enchanted Blossom Flower Crown Headband. Premium high quality headpiece to make the occasion unforgettable.\",\"breadcrumb\":{\"@id\":\"https:\/\/floratiara.com\/p\/bridal-floral-garland-headpiece-3\/#breadcrumb\"},\"inLanguage\":\"pl-PL\",\"potentialAction\":[{\"@type\":\"ReadAction\",\"target\":[\"https:\/\/floratiara.com\/p\/bridal-floral-garland-headpiece-3\/\"]}]},{\"@type\":\"ImageObject\",\"inLanguage\":\"pl-PL\",\"@id\":\"https:\/\/floratiara.com\/p\/bridal-floral-garland-headpiece-3\/#primaryimage\",\"url\":\"https:\/\/floratiara.com\/wp-content\/uploads\/2024\/03\/Hca5dc49eda234772ad7bc8522b1b779dK.webp\",\"contentUrl\":\"https:\/\/floratiara.com\/wp-content\/uploads\/2024\/03\/Hca5dc49eda234772ad7bc8522b1b779dK.webp\",\"width\":1500,\"height\":1500},{\"@type\":\"BreadcrumbList\",\"@id\":\"https:\/\/floratiara.com\/p\/bridal-floral-garland-headpiece-3\/#breadcrumb\",\"itemListElement\":[{\"@type\":\"ListItem\",\"position\":1,\"name\":\"Home\",\"item\":\"https:\/\/floratiara.com\/\"},{\"@type\":\"ListItem\",\"position\":2,\"name\":\"Shop\",\"item\":\"https:\/\/floratiara.com\/shop\/\"},{\"@type\":\"ListItem\",\"position\":3,\"name\":\"Enchanted Blossom Flower Crown Headband\"}]},{\"@type\":\"WebSite\",\"@id\":\"https:\/\/floratiara.com\/#website\",\"url\":\"https:\/\/floratiara.com\/\",\"name\":\"Flora Tiara\",\"description\":\"\",\"publisher\":{\"@id\":\"https:\/\/floratiara.com\/#organization\"},\"potentialAction\":[{\"@type\":\"SearchAction\",\"target\":{\"@type\":\"EntryPoint\",\"urlTemplate\":\"https:\/\/floratiara.com\/?s={search_term_string}\"},\"query-input\":{\"@type\":\"PropertyValueSpecification\",\"valueRequired\":true,\"valueName\":\"search_term_string\"}}],\"inLanguage\":\"pl-PL\"},{\"@type\":\"Organization\",\"@id\":\"https:\/\/floratiara.com\/#organization\",\"name\":\"Flora Tiara\",\"url\":\"https:\/\/floratiara.com\/\",\"logo\":{\"@type\":\"ImageObject\",\"inLanguage\":\"pl-PL\",\"@id\":\"https:\/\/floratiara.com\/#\/schema\/logo\/image\/\",\"url\":\"https:\/\/floratiara.com\/wp-content\/uploads\/2024\/03\/flora-tiara-logo.png\",\"contentUrl\":\"https:\/\/floratiara.com\/wp-content\/uploads\/2024\/03\/flora-tiara-logo.png\",\"width\":1024,\"height\":274,\"caption\":\"Flora Tiara\"},\"image\":{\"@id\":\"https:\/\/floratiara.com\/#\/schema\/logo\/image\/\"}}]}<\/script>\n<!-- \/ Yoast SEO plugin. -->","yoast_head_json":{"title":"Opaska na g\u0142ow\u0119 Enchanted Blossom Flower Crown - Flora Tiara","description":"Wyj\u0105tkowa i pi\u0119kna: Kup nasz\u0105 opask\u0119 na g\u0142ow\u0119 Enchanted Blossom Flower Crown. Wysokiej jako\u015bci opaska na g\u0142ow\u0119, kt\u00f3ra sprawi, \u017ce okazja b\u0119dzie niezapomniana.","robots":{"index":"index","follow":"follow","max-snippet":"max-snippet:-1","max-image-preview":"max-image-preview:large","max-video-preview":"max-video-preview:-1"},"canonical":"https:\/\/floratiara.com\/pl\/p\/slubny-kwiatowy-wianek-na-glowe-3\/","og_locale":"pl_PL","og_type":"article","og_title":"Enchanted Blossom Flower Crown Headband - Flora Tiara","og_description":"Unique and beautiful: Shop our Enchanted Blossom Flower Crown Headband. Premium high quality headpiece to make the occasion unforgettable.","og_url":"https:\/\/floratiara.com\/pl\/p\/slubny-kwiatowy-wianek-na-glowe-3\/","og_site_name":"Flora Tiara","article_modified_time":"2025-03-04T04:42:31+00:00","og_image":[{"width":1500,"height":1500,"url":"https:\/\/floratiara.com\/wp-content\/uploads\/2024\/03\/Hca5dc49eda234772ad7bc8522b1b779dK.webp","type":"image\/webp"}],"twitter_card":"summary_large_image","twitter_misc":{"Szacowany czas czytania":"1 minuta"},"schema":{"@context":"https:\/\/schema.org","@graph":[{"@type":"WebPage","@id":"https:\/\/floratiara.com\/p\/bridal-floral-garland-headpiece-3\/","url":"https:\/\/floratiara.com\/p\/bridal-floral-garland-headpiece-3\/","name":"Opaska na g\u0142ow\u0119 Enchanted Blossom Flower Crown - Flora Tiara","isPartOf":{"@id":"https:\/\/floratiara.com\/#website"},"primaryImageOfPage":{"@id":"https:\/\/floratiara.com\/p\/bridal-floral-garland-headpiece-3\/#primaryimage"},"image":{"@id":"https:\/\/floratiara.com\/p\/bridal-floral-garland-headpiece-3\/#primaryimage"},"thumbnailUrl":"https:\/\/floratiara.com\/wp-content\/uploads\/2024\/03\/Hca5dc49eda234772ad7bc8522b1b779dK.webp","datePublished":"2024-03-16T09:37:33+00:00","dateModified":"2025-03-04T04:42:31+00:00","description":"Wyj\u0105tkowa i pi\u0119kna: Kup nasz\u0105 opask\u0119 na g\u0142ow\u0119 Enchanted Blossom Flower Crown. Wysokiej jako\u015bci opaska na g\u0142ow\u0119, kt\u00f3ra sprawi, \u017ce okazja b\u0119dzie niezapomniana.","breadcrumb":{"@id":"https:\/\/floratiara.com\/p\/bridal-floral-garland-headpiece-3\/#breadcrumb"},"inLanguage":"pl-PL","potentialAction":[{"@type":"ReadAction","target":["https:\/\/floratiara.com\/p\/bridal-floral-garland-headpiece-3\/"]}]},{"@type":"ImageObject","inLanguage":"pl-PL","@id":"https:\/\/floratiara.com\/p\/bridal-floral-garland-headpiece-3\/#primaryimage","url":"https:\/\/floratiara.com\/wp-content\/uploads\/2024\/03\/Hca5dc49eda234772ad7bc8522b1b779dK.webp","contentUrl":"https:\/\/floratiara.com\/wp-content\/uploads\/2024\/03\/Hca5dc49eda234772ad7bc8522b1b779dK.webp","width":1500,"height":1500},{"@type":"BreadcrumbList","@id":"https:\/\/floratiara.com\/p\/bridal-floral-garland-headpiece-3\/#breadcrumb","itemListElement":[{"@type":"ListItem","position":1,"name":"Home","item":"https:\/\/floratiara.com\/"},{"@type":"ListItem","position":2,"name":"Shop","item":"https:\/\/floratiara.com\/shop\/"},{"@type":"ListItem","position":3,"name":"Enchanted Blossom Flower Crown Headband"}]},{"@type":"WebSite","@id":"https:\/\/floratiara.com\/#website","url":"https:\/\/floratiara.com\/","name":"Flora Tiara","description":"","publisher":{"@id":"https:\/\/floratiara.com\/#organization"},"potentialAction":[{"@type":"SearchAction","target":{"@type":"EntryPoint","urlTemplate":"https:\/\/floratiara.com\/?s={search_term_string}"},"query-input":{"@type":"PropertyValueSpecification","valueRequired":true,"valueName":"search_term_string"}}],"inLanguage":"pl-PL"},{"@type":"Organization","@id":"https:\/\/floratiara.com\/#organization","name":"Flora Tiara","url":"https:\/\/floratiara.com\/","logo":{"@type":"ImageObject","inLanguage":"pl-PL","@id":"https:\/\/floratiara.com\/#\/schema\/logo\/image\/","url":"https:\/\/floratiara.com\/wp-content\/uploads\/2024\/03\/flora-tiara-logo.png","contentUrl":"https:\/\/floratiara.com\/wp-content\/uploads\/2024\/03\/flora-tiara-logo.png","width":1024,"height":274,"caption":"Flora Tiara"},"image":{"@id":"https:\/\/floratiara.com\/#\/schema\/logo\/image\/"}}]}},"_links":{"self":[{"href":"https:\/\/floratiara.com\/pl\/wp-json\/wp\/v2\/product\/171","targetHints":{"allow":["GET"]}}],"collection":[{"href":"https:\/\/floratiara.com\/pl\/wp-json\/wp\/v2\/product"}],"about":[{"href":"https:\/\/floratiara.com\/pl\/wp-json\/wp\/v2\/types\/product"}],"wp:featuredmedia":[{"embeddable":true,"href":"https:\/\/floratiara.com\/pl\/wp-json\/wp\/v2\/media\/170"}],"wp:attachment":[{"href":"https:\/\/floratiara.com\/pl\/wp-json\/wp\/v2\/media?parent=171"}],"wp:term":[{"taxonomy":"product_brand","embeddable":true,"href":"https:\/\/floratiara.com\/pl\/wp-json\/wp\/v2\/product_brand?post=171"},{"taxonomy":"product_cat","embeddable":true,"href":"https:\/\/floratiara.com\/pl\/wp-json\/wp\/v2\/product_cat?post=171"},{"taxonomy":"product_tag","embeddable":true,"href":"https:\/\/floratiara.com\/pl\/wp-json\/wp\/v2\/product_tag?post=171"}],"curies":[{"name":"wp","href":"https:\/\/api.w.org\/{rel}","templated":true}]}}