{"id":357,"date":"2024-03-16T09:41:44","date_gmt":"2024-03-16T09:41:44","guid":{"rendered":"https:\/\/floratiara.com\/?post_type=product&#038;p=357"},"modified":"2024-12-12T01:44:57","modified_gmt":"2024-12-12T01:44:57","slug":"kwiatowe-nakrycie-glowy-dodatek-slubny","status":"publish","type":"product","link":"https:\/\/floratiara.com\/pl\/p\/kwiatowe-nakrycie-glowy-dodatek-slubny\/","title":{"rendered":"Czaruj\u0105ce nakrycie g\u0142owy dla panny m\u0142odej z kwiatow\u0105 koron\u0105"},"content":{"rendered":"<p>Udekoruj sw\u00f3j wyj\u0105tkowy dzie\u0144 nasz\u0105 czaruj\u0105c\u0105 kwiatow\u0105 koron\u0105, uosobieniem romantyzmu i elegancji. Dopasowana do perfekcji, ka\u017cda korona zawiera r\u0119cznie wykonany wachlarz bujnych czerwonych i r\u00f3\u017cowych r\u00f3\u017c w po\u0142\u0105czeniu z eterycznymi bia\u0142ymi r\u00f3\u017cami i stokrotkami. Dodatek zieleni nadaje \u015bwie\u017cy, organiczny wygl\u0105d, idealny dla panien m\u0142odych i druhen poszukuj\u0105cych odrobiny naturalnego wdzi\u0119ku. \u0141atwa w noszeniu i wszechstronna, ta kwiatowa girlanda to nie tylko dodatek; to deklaracja ponadczasowego pi\u0119kna, kt\u00f3re podkre\u015bli ka\u017cd\u0105 uroczysto\u015b\u0107, przekszta\u0142caj\u0105c ci\u0119 w centralny element w\u0142asnej bajki.<\/p><p>Sk\u0142ad: czerwone r\u00f3\u017ce, pudrowy r\u00f3\u017c, bia\u0142e r\u00f3\u017ce, bia\u0142e stokrotki, bia\u0142e kwiaty wype\u0142niaj\u0105ce, zielone li\u015bcie i zielone wici.<\/p>","protected":false},"excerpt":{"rendered":"<div style=\"width: 90%;text-align: left;margin: auto\"><p style=\"text-align:center\"><b>Od naszych r\u0105k do twojej g\u0142owy<\/b><br \/><i>Luksusowe korony kwiatowe na ka\u017cd\u0105 okazj\u0119<\/i><\/p><ul><li>\u2702\ufe0f Wykonane z dba\u0142o\u015bci\u0105 w sercu <b>Polska<\/b><\/li><li><b>Kompozycja: czerwone r\u00f3\u017ce, pudrowy r\u00f3\u017c, bia\u0142e r\u00f3\u017ce, bia\u0142e stokrotki, bia\u0142e kwiaty wype\u0142niaj\u0105ce, zielone li\u015bcie i zielone w\u0105sy.<\/b><\/li><\/ul><\/div>","protected":false},"featured_media":356,"template":"","meta":[],"product_brand":[],"product_cat":[61,78,60,77,59],"product_tag":[],"class_list":{"0":"post-357","1":"product","2":"type-product","3":"status-publish","4":"has-post-thumbnail","6":"product_cat-bridesmaid-floral-headpiece","7":"product_cat-dried-floral-headpiece","8":"product_cat-floral-headpiece-flower-girl","9":"product_cat-red-floral-headpiece","10":"product_cat-bridal-floral-headpiece","12":"first","13":"instock","14":"shipping-taxable","15":"purchasable","16":"product-type-simple"},"yoast_head":"<!-- This site is optimized with the Yoast SEO plugin v25.9 - https:\/\/yoast.com\/wordpress\/plugins\/seo\/ -->\n<title>Enchanting Flower Crown Bridal Headwear - Flora Tiara<\/title>\n<meta name=\"description\" content=\"Unique and beautiful: Shop our Enchanting Flower Crown Bridal Headwear. Premium high quality headpiece to make the occasion unforgettable.\" \/>\n<meta name=\"robots\" content=\"index, follow, max-snippet:-1, max-image-preview:large, max-video-preview:-1\" \/>\n<link rel=\"canonical\" href=\"https:\/\/floratiara.com\/pl\/p\/kwiatowe-nakrycie-glowy-dodatek-slubny\/\" \/>\n<meta property=\"og:locale\" content=\"pl_PL\" \/>\n<meta property=\"og:type\" content=\"article\" \/>\n<meta property=\"og:title\" content=\"Enchanting Flower Crown Bridal Headwear - Flora Tiara\" \/>\n<meta property=\"og:description\" content=\"Unique and beautiful: Shop our Enchanting Flower Crown Bridal Headwear. Premium high quality headpiece to make the occasion unforgettable.\" \/>\n<meta property=\"og:url\" content=\"https:\/\/floratiara.com\/pl\/p\/kwiatowe-nakrycie-glowy-dodatek-slubny\/\" \/>\n<meta property=\"og:site_name\" content=\"Flora Tiara\" \/>\n<meta property=\"article:modified_time\" content=\"2024-12-12T01:44:57+00:00\" \/>\n<meta property=\"og:image\" content=\"https:\/\/floratiara.com\/wp-content\/uploads\/2024\/03\/S1ca2012cb73f4f74bc832ae5647542c6a.webp\" \/>\n\t<meta property=\"og:image:width\" content=\"1500\" \/>\n\t<meta property=\"og:image:height\" content=\"1500\" \/>\n\t<meta property=\"og:image:type\" content=\"image\/webp\" \/>\n<meta name=\"twitter:card\" content=\"summary_large_image\" \/>\n<meta name=\"twitter:label1\" content=\"Szacowany czas czytania\" \/>\n\t<meta name=\"twitter:data1\" content=\"5 minut\" \/>\n<script type=\"application\/ld+json\" class=\"yoast-schema-graph\">{\"@context\":\"https:\/\/schema.org\",\"@graph\":[{\"@type\":\"WebPage\",\"@id\":\"https:\/\/floratiara.com\/p\/floral-headdress-wedding-accessory\/\",\"url\":\"https:\/\/floratiara.com\/p\/floral-headdress-wedding-accessory\/\",\"name\":\"Enchanting Flower Crown Bridal Headwear - Flora Tiara\",\"isPartOf\":{\"@id\":\"https:\/\/floratiara.com\/#website\"},\"primaryImageOfPage\":{\"@id\":\"https:\/\/floratiara.com\/p\/floral-headdress-wedding-accessory\/#primaryimage\"},\"image\":{\"@id\":\"https:\/\/floratiara.com\/p\/floral-headdress-wedding-accessory\/#primaryimage\"},\"thumbnailUrl\":\"https:\/\/floratiara.com\/wp-content\/uploads\/2024\/03\/S1ca2012cb73f4f74bc832ae5647542c6a.webp\",\"datePublished\":\"2024-03-16T09:41:44+00:00\",\"dateModified\":\"2024-12-12T01:44:57+00:00\",\"description\":\"Unique and beautiful: Shop our Enchanting Flower Crown Bridal Headwear. Premium high quality headpiece to make the occasion unforgettable.\",\"breadcrumb\":{\"@id\":\"https:\/\/floratiara.com\/p\/floral-headdress-wedding-accessory\/#breadcrumb\"},\"inLanguage\":\"pl-PL\",\"potentialAction\":[{\"@type\":\"ReadAction\",\"target\":[\"https:\/\/floratiara.com\/p\/floral-headdress-wedding-accessory\/\"]}]},{\"@type\":\"ImageObject\",\"inLanguage\":\"pl-PL\",\"@id\":\"https:\/\/floratiara.com\/p\/floral-headdress-wedding-accessory\/#primaryimage\",\"url\":\"https:\/\/floratiara.com\/wp-content\/uploads\/2024\/03\/S1ca2012cb73f4f74bc832ae5647542c6a.webp\",\"contentUrl\":\"https:\/\/floratiara.com\/wp-content\/uploads\/2024\/03\/S1ca2012cb73f4f74bc832ae5647542c6a.webp\",\"width\":1500,\"height\":1500},{\"@type\":\"BreadcrumbList\",\"@id\":\"https:\/\/floratiara.com\/p\/floral-headdress-wedding-accessory\/#breadcrumb\",\"itemListElement\":[{\"@type\":\"ListItem\",\"position\":1,\"name\":\"Home\",\"item\":\"https:\/\/floratiara.com\/\"},{\"@type\":\"ListItem\",\"position\":2,\"name\":\"Shop\",\"item\":\"https:\/\/floratiara.com\/shop\/\"},{\"@type\":\"ListItem\",\"position\":3,\"name\":\"Enchanting Flower Crown Bridal Headwear\"}]},{\"@type\":\"WebSite\",\"@id\":\"https:\/\/floratiara.com\/#website\",\"url\":\"https:\/\/floratiara.com\/\",\"name\":\"Flora Tiara\",\"description\":\"\",\"publisher\":{\"@id\":\"https:\/\/floratiara.com\/#organization\"},\"potentialAction\":[{\"@type\":\"SearchAction\",\"target\":{\"@type\":\"EntryPoint\",\"urlTemplate\":\"https:\/\/floratiara.com\/?s={search_term_string}\"},\"query-input\":{\"@type\":\"PropertyValueSpecification\",\"valueRequired\":true,\"valueName\":\"search_term_string\"}}],\"inLanguage\":\"pl-PL\"},{\"@type\":\"Organization\",\"@id\":\"https:\/\/floratiara.com\/#organization\",\"name\":\"Flora Tiara\",\"url\":\"https:\/\/floratiara.com\/\",\"logo\":{\"@type\":\"ImageObject\",\"inLanguage\":\"pl-PL\",\"@id\":\"https:\/\/floratiara.com\/#\/schema\/logo\/image\/\",\"url\":\"https:\/\/floratiara.com\/wp-content\/uploads\/2024\/03\/flora-tiara-logo.png\",\"contentUrl\":\"https:\/\/floratiara.com\/wp-content\/uploads\/2024\/03\/flora-tiara-logo.png\",\"width\":1024,\"height\":274,\"caption\":\"Flora Tiara\"},\"image\":{\"@id\":\"https:\/\/floratiara.com\/#\/schema\/logo\/image\/\"}}]}<\/script>\n<!-- \/ Yoast SEO plugin. -->","yoast_head_json":{"title":"Czaruj\u0105ca \u015blubna korona w kwiaty - Flora Tiara","description":"Wyj\u0105tkowe i pi\u0119kne: Kup nasz\u0105 czaruj\u0105c\u0105 \u015blubn\u0105 koron\u0119 w kwiaty. Wysokiej jako\u015bci nakrycie g\u0142owy, kt\u00f3re sprawi, \u017ce okazja b\u0119dzie niezapomniana.","robots":{"index":"index","follow":"follow","max-snippet":"max-snippet:-1","max-image-preview":"max-image-preview:large","max-video-preview":"max-video-preview:-1"},"canonical":"https:\/\/floratiara.com\/pl\/p\/kwiatowe-nakrycie-glowy-dodatek-slubny\/","og_locale":"pl_PL","og_type":"article","og_title":"Enchanting Flower Crown Bridal Headwear - Flora Tiara","og_description":"Unique and beautiful: Shop our Enchanting Flower Crown Bridal Headwear. Premium high quality headpiece to make the occasion unforgettable.","og_url":"https:\/\/floratiara.com\/pl\/p\/kwiatowe-nakrycie-glowy-dodatek-slubny\/","og_site_name":"Flora Tiara","article_modified_time":"2024-12-12T01:44:57+00:00","og_image":[{"width":1500,"height":1500,"url":"https:\/\/floratiara.com\/wp-content\/uploads\/2024\/03\/S1ca2012cb73f4f74bc832ae5647542c6a.webp","type":"image\/webp"}],"twitter_card":"summary_large_image","twitter_misc":{"Szacowany czas czytania":"5 minut"},"schema":{"@context":"https:\/\/schema.org","@graph":[{"@type":"WebPage","@id":"https:\/\/floratiara.com\/p\/floral-headdress-wedding-accessory\/","url":"https:\/\/floratiara.com\/p\/floral-headdress-wedding-accessory\/","name":"Czaruj\u0105ca \u015blubna korona w kwiaty - Flora Tiara","isPartOf":{"@id":"https:\/\/floratiara.com\/#website"},"primaryImageOfPage":{"@id":"https:\/\/floratiara.com\/p\/floral-headdress-wedding-accessory\/#primaryimage"},"image":{"@id":"https:\/\/floratiara.com\/p\/floral-headdress-wedding-accessory\/#primaryimage"},"thumbnailUrl":"https:\/\/floratiara.com\/wp-content\/uploads\/2024\/03\/S1ca2012cb73f4f74bc832ae5647542c6a.webp","datePublished":"2024-03-16T09:41:44+00:00","dateModified":"2024-12-12T01:44:57+00:00","description":"Wyj\u0105tkowe i pi\u0119kne: Kup nasz\u0105 czaruj\u0105c\u0105 \u015blubn\u0105 koron\u0119 w kwiaty. Wysokiej jako\u015bci nakrycie g\u0142owy, kt\u00f3re sprawi, \u017ce okazja b\u0119dzie niezapomniana.","breadcrumb":{"@id":"https:\/\/floratiara.com\/p\/floral-headdress-wedding-accessory\/#breadcrumb"},"inLanguage":"pl-PL","potentialAction":[{"@type":"ReadAction","target":["https:\/\/floratiara.com\/p\/floral-headdress-wedding-accessory\/"]}]},{"@type":"ImageObject","inLanguage":"pl-PL","@id":"https:\/\/floratiara.com\/p\/floral-headdress-wedding-accessory\/#primaryimage","url":"https:\/\/floratiara.com\/wp-content\/uploads\/2024\/03\/S1ca2012cb73f4f74bc832ae5647542c6a.webp","contentUrl":"https:\/\/floratiara.com\/wp-content\/uploads\/2024\/03\/S1ca2012cb73f4f74bc832ae5647542c6a.webp","width":1500,"height":1500},{"@type":"BreadcrumbList","@id":"https:\/\/floratiara.com\/p\/floral-headdress-wedding-accessory\/#breadcrumb","itemListElement":[{"@type":"ListItem","position":1,"name":"Home","item":"https:\/\/floratiara.com\/"},{"@type":"ListItem","position":2,"name":"Shop","item":"https:\/\/floratiara.com\/shop\/"},{"@type":"ListItem","position":3,"name":"Enchanting Flower Crown Bridal Headwear"}]},{"@type":"WebSite","@id":"https:\/\/floratiara.com\/#website","url":"https:\/\/floratiara.com\/","name":"Flora Tiara","description":"","publisher":{"@id":"https:\/\/floratiara.com\/#organization"},"potentialAction":[{"@type":"SearchAction","target":{"@type":"EntryPoint","urlTemplate":"https:\/\/floratiara.com\/?s={search_term_string}"},"query-input":{"@type":"PropertyValueSpecification","valueRequired":true,"valueName":"search_term_string"}}],"inLanguage":"pl-PL"},{"@type":"Organization","@id":"https:\/\/floratiara.com\/#organization","name":"Flora Tiara","url":"https:\/\/floratiara.com\/","logo":{"@type":"ImageObject","inLanguage":"pl-PL","@id":"https:\/\/floratiara.com\/#\/schema\/logo\/image\/","url":"https:\/\/floratiara.com\/wp-content\/uploads\/2024\/03\/flora-tiara-logo.png","contentUrl":"https:\/\/floratiara.com\/wp-content\/uploads\/2024\/03\/flora-tiara-logo.png","width":1024,"height":274,"caption":"Flora Tiara"},"image":{"@id":"https:\/\/floratiara.com\/#\/schema\/logo\/image\/"}}]}},"_links":{"self":[{"href":"https:\/\/floratiara.com\/pl\/wp-json\/wp\/v2\/product\/357","targetHints":{"allow":["GET"]}}],"collection":[{"href":"https:\/\/floratiara.com\/pl\/wp-json\/wp\/v2\/product"}],"about":[{"href":"https:\/\/floratiara.com\/pl\/wp-json\/wp\/v2\/types\/product"}],"wp:featuredmedia":[{"embeddable":true,"href":"https:\/\/floratiara.com\/pl\/wp-json\/wp\/v2\/media\/356"}],"wp:attachment":[{"href":"https:\/\/floratiara.com\/pl\/wp-json\/wp\/v2\/media?parent=357"}],"wp:term":[{"taxonomy":"product_brand","embeddable":true,"href":"https:\/\/floratiara.com\/pl\/wp-json\/wp\/v2\/product_brand?post=357"},{"taxonomy":"product_cat","embeddable":true,"href":"https:\/\/floratiara.com\/pl\/wp-json\/wp\/v2\/product_cat?post=357"},{"taxonomy":"product_tag","embeddable":true,"href":"https:\/\/floratiara.com\/pl\/wp-json\/wp\/v2\/product_tag?post=357"}],"curies":[{"name":"wp","href":"https:\/\/api.w.org\/{rel}","templated":true}]}}