{"id":375,"date":"2024-03-16T09:42:06","date_gmt":"2024-03-16T09:42:06","guid":{"rendered":"https:\/\/floratiara.com\/?post_type=product&#038;p=375"},"modified":"2024-12-12T01:44:41","modified_gmt":"2024-12-12T01:44:41","slug":"kwiatowy-slubny-wianek-do-wlosow-tiara","status":"publish","type":"product","link":"https:\/\/floratiara.com\/pl\/p\/kwiatowy-slubny-wianek-do-wlosow-tiara\/","title":{"rendered":"Czaruj\u0105ca \u015blubna korona z kwiat\u00f3w r\u00f3\u017cy na g\u0142ow\u0119"},"content":{"rendered":"<p>Odkryj szczyt kwiatowej elegancji dzi\u0119ki naszej wykwintnej \u015blubnej koronie z r\u00f3\u017c. Ta r\u0119cznie wykonana ozdoba g\u0142owy, zawieraj\u0105ca romantyczn\u0105 mieszank\u0119 bordowych i bia\u0142ych r\u00f3\u017c, kwiat\u00f3w powojnika i kapry\u015bnych jag\u00f3d, jest ostatecznym wyrazem \u015blubnego wdzi\u0119ku. Regulowana konstrukcja zapewnia idealne dopasowanie dla ka\u017cdej osoby doros\u0142ej lub dziecka, oferuj\u0105c wszechstronno\u015b\u0107 i wygod\u0119. Idealna na wesela, uroczysto\u015bci i specjalne wydarzenia, ta luksusowa korona wykracza poza zwyczajno\u015b\u0107, przekszta\u0142caj\u0105c Tw\u00f3j styl w osza\u0142amiaj\u0105c\u0105 wizj\u0119 botanicznego pi\u0119kna. Podnie\u015b sw\u00f3j str\u00f3j dzi\u0119ki temu zapieraj\u0105cemu dech w piersiach akcesorium i spraw, by Twoja chwila by\u0142a niezapomniana.<\/p><p>Sk\u0142ad: bordowe r\u00f3\u017ce, bia\u0142e r\u00f3\u017ce, bia\u0142e powojniki, jasnor\u00f3\u017cowe jagody, bia\u0142e p\u0105ki, zielone li\u015bcie.<\/p>","protected":false},"excerpt":{"rendered":"<div style=\"width: 90%;text-align: left;margin: auto\"><p style=\"text-align:center\"><b>Od naszych r\u0105k do twojej g\u0142owy<\/b><br \/><i>Luksusowe korony kwiatowe na ka\u017cd\u0105 okazj\u0119<\/i><\/p><ul><li>\u2702\ufe0f Wykonane z dba\u0142o\u015bci\u0105 w sercu <b>Polska<\/b><\/li><li><b>Sk\u0142ad: bordowe r\u00f3\u017ce, bia\u0142e r\u00f3\u017ce, bia\u0142e powojniki, jasnor\u00f3\u017cowe jagody, bia\u0142e p\u0105ki, zielone li\u015bcie.<\/b><\/li><\/ul><\/div>","protected":false},"featured_media":373,"template":"","meta":[],"product_brand":[],"product_cat":[61,79,77,59],"product_tag":[],"class_list":{"0":"post-375","1":"product","2":"type-product","3":"status-publish","4":"has-post-thumbnail","6":"product_cat-bridesmaid-floral-headpiece","7":"product_cat-real-floral-headpiece","8":"product_cat-red-floral-headpiece","9":"product_cat-bridal-floral-headpiece","11":"first","12":"instock","13":"shipping-taxable","14":"purchasable","15":"product-type-simple"},"yoast_head":"<!-- This site is optimized with the Yoast SEO plugin v25.9 - https:\/\/yoast.com\/wordpress\/plugins\/seo\/ -->\n<title>Enchanting Bridal Rose Flower Crown Headpiece - Flora Tiara<\/title>\n<meta name=\"description\" content=\"Unique and beautiful: Shop our Enchanting Bridal Rose Flower Crown Headpiece. Premium high quality headpiece to make the occasion unforgettable.\" \/>\n<meta name=\"robots\" content=\"index, follow, max-snippet:-1, max-image-preview:large, max-video-preview:-1\" \/>\n<link rel=\"canonical\" href=\"https:\/\/floratiara.com\/pl\/p\/kwiatowy-slubny-wianek-do-wlosow-tiara\/\" \/>\n<meta property=\"og:locale\" content=\"pl_PL\" \/>\n<meta property=\"og:type\" content=\"article\" \/>\n<meta property=\"og:title\" content=\"Enchanting Bridal Rose Flower Crown Headpiece - Flora Tiara\" \/>\n<meta property=\"og:description\" content=\"Unique and beautiful: Shop our Enchanting Bridal Rose Flower Crown Headpiece. Premium high quality headpiece to make the occasion unforgettable.\" \/>\n<meta property=\"og:url\" content=\"https:\/\/floratiara.com\/pl\/p\/kwiatowy-slubny-wianek-do-wlosow-tiara\/\" \/>\n<meta property=\"og:site_name\" content=\"Flora Tiara\" \/>\n<meta property=\"article:modified_time\" content=\"2024-12-12T01:44:41+00:00\" \/>\n<meta property=\"og:image\" content=\"https:\/\/floratiara.com\/wp-content\/uploads\/2024\/03\/H6142e1049a974740a118fac78689a834x.webp\" \/>\n\t<meta property=\"og:image:width\" content=\"1500\" \/>\n\t<meta property=\"og:image:height\" content=\"1500\" \/>\n\t<meta property=\"og:image:type\" content=\"image\/webp\" \/>\n<meta name=\"twitter:card\" content=\"summary_large_image\" \/>\n<meta name=\"twitter:label1\" content=\"Szacowany czas czytania\" \/>\n\t<meta name=\"twitter:data1\" content=\"8 minut\" \/>\n<script type=\"application\/ld+json\" class=\"yoast-schema-graph\">{\"@context\":\"https:\/\/schema.org\",\"@graph\":[{\"@type\":\"WebPage\",\"@id\":\"https:\/\/floratiara.com\/p\/floral-wedding-hair-garland-tiara\/\",\"url\":\"https:\/\/floratiara.com\/p\/floral-wedding-hair-garland-tiara\/\",\"name\":\"Enchanting Bridal Rose Flower Crown Headpiece - Flora Tiara\",\"isPartOf\":{\"@id\":\"https:\/\/floratiara.com\/#website\"},\"primaryImageOfPage\":{\"@id\":\"https:\/\/floratiara.com\/p\/floral-wedding-hair-garland-tiara\/#primaryimage\"},\"image\":{\"@id\":\"https:\/\/floratiara.com\/p\/floral-wedding-hair-garland-tiara\/#primaryimage\"},\"thumbnailUrl\":\"https:\/\/floratiara.com\/wp-content\/uploads\/2024\/03\/H6142e1049a974740a118fac78689a834x.webp\",\"datePublished\":\"2024-03-16T09:42:06+00:00\",\"dateModified\":\"2024-12-12T01:44:41+00:00\",\"description\":\"Unique and beautiful: Shop our Enchanting Bridal Rose Flower Crown Headpiece. Premium high quality headpiece to make the occasion unforgettable.\",\"breadcrumb\":{\"@id\":\"https:\/\/floratiara.com\/p\/floral-wedding-hair-garland-tiara\/#breadcrumb\"},\"inLanguage\":\"pl-PL\",\"potentialAction\":[{\"@type\":\"ReadAction\",\"target\":[\"https:\/\/floratiara.com\/p\/floral-wedding-hair-garland-tiara\/\"]}]},{\"@type\":\"ImageObject\",\"inLanguage\":\"pl-PL\",\"@id\":\"https:\/\/floratiara.com\/p\/floral-wedding-hair-garland-tiara\/#primaryimage\",\"url\":\"https:\/\/floratiara.com\/wp-content\/uploads\/2024\/03\/H6142e1049a974740a118fac78689a834x.webp\",\"contentUrl\":\"https:\/\/floratiara.com\/wp-content\/uploads\/2024\/03\/H6142e1049a974740a118fac78689a834x.webp\",\"width\":1500,\"height\":1500},{\"@type\":\"BreadcrumbList\",\"@id\":\"https:\/\/floratiara.com\/p\/floral-wedding-hair-garland-tiara\/#breadcrumb\",\"itemListElement\":[{\"@type\":\"ListItem\",\"position\":1,\"name\":\"Home\",\"item\":\"https:\/\/floratiara.com\/\"},{\"@type\":\"ListItem\",\"position\":2,\"name\":\"Shop\",\"item\":\"https:\/\/floratiara.com\/shop\/\"},{\"@type\":\"ListItem\",\"position\":3,\"name\":\"Enchanting Bridal Rose Flower Crown Headpiece\"}]},{\"@type\":\"WebSite\",\"@id\":\"https:\/\/floratiara.com\/#website\",\"url\":\"https:\/\/floratiara.com\/\",\"name\":\"Flora Tiara\",\"description\":\"\",\"publisher\":{\"@id\":\"https:\/\/floratiara.com\/#organization\"},\"potentialAction\":[{\"@type\":\"SearchAction\",\"target\":{\"@type\":\"EntryPoint\",\"urlTemplate\":\"https:\/\/floratiara.com\/?s={search_term_string}\"},\"query-input\":{\"@type\":\"PropertyValueSpecification\",\"valueRequired\":true,\"valueName\":\"search_term_string\"}}],\"inLanguage\":\"pl-PL\"},{\"@type\":\"Organization\",\"@id\":\"https:\/\/floratiara.com\/#organization\",\"name\":\"Flora Tiara\",\"url\":\"https:\/\/floratiara.com\/\",\"logo\":{\"@type\":\"ImageObject\",\"inLanguage\":\"pl-PL\",\"@id\":\"https:\/\/floratiara.com\/#\/schema\/logo\/image\/\",\"url\":\"https:\/\/floratiara.com\/wp-content\/uploads\/2024\/03\/flora-tiara-logo.png\",\"contentUrl\":\"https:\/\/floratiara.com\/wp-content\/uploads\/2024\/03\/flora-tiara-logo.png\",\"width\":1024,\"height\":274,\"caption\":\"Flora Tiara\"},\"image\":{\"@id\":\"https:\/\/floratiara.com\/#\/schema\/logo\/image\/\"}}]}<\/script>\n<!-- \/ Yoast SEO plugin. -->","yoast_head_json":{"title":"Czaruj\u0105ca \u015blubna korona z kwiat\u00f3w r\u00f3\u017cy - Flora Tiara","description":"Wyj\u0105tkowa i pi\u0119kna: Kup nasz\u0105 czaruj\u0105c\u0105 \u015blubn\u0105 koron\u0119 z kwiat\u00f3w r\u00f3\u017cy. Wysokiej jako\u015bci nakrycie g\u0142owy, kt\u00f3re sprawi, \u017ce okazja b\u0119dzie niezapomniana.","robots":{"index":"index","follow":"follow","max-snippet":"max-snippet:-1","max-image-preview":"max-image-preview:large","max-video-preview":"max-video-preview:-1"},"canonical":"https:\/\/floratiara.com\/pl\/p\/kwiatowy-slubny-wianek-do-wlosow-tiara\/","og_locale":"pl_PL","og_type":"article","og_title":"Enchanting Bridal Rose Flower Crown Headpiece - Flora Tiara","og_description":"Unique and beautiful: Shop our Enchanting Bridal Rose Flower Crown Headpiece. Premium high quality headpiece to make the occasion unforgettable.","og_url":"https:\/\/floratiara.com\/pl\/p\/kwiatowy-slubny-wianek-do-wlosow-tiara\/","og_site_name":"Flora Tiara","article_modified_time":"2024-12-12T01:44:41+00:00","og_image":[{"width":1500,"height":1500,"url":"https:\/\/floratiara.com\/wp-content\/uploads\/2024\/03\/H6142e1049a974740a118fac78689a834x.webp","type":"image\/webp"}],"twitter_card":"summary_large_image","twitter_misc":{"Szacowany czas czytania":"8 minut"},"schema":{"@context":"https:\/\/schema.org","@graph":[{"@type":"WebPage","@id":"https:\/\/floratiara.com\/p\/floral-wedding-hair-garland-tiara\/","url":"https:\/\/floratiara.com\/p\/floral-wedding-hair-garland-tiara\/","name":"Czaruj\u0105ca \u015blubna korona z kwiat\u00f3w r\u00f3\u017cy - Flora Tiara","isPartOf":{"@id":"https:\/\/floratiara.com\/#website"},"primaryImageOfPage":{"@id":"https:\/\/floratiara.com\/p\/floral-wedding-hair-garland-tiara\/#primaryimage"},"image":{"@id":"https:\/\/floratiara.com\/p\/floral-wedding-hair-garland-tiara\/#primaryimage"},"thumbnailUrl":"https:\/\/floratiara.com\/wp-content\/uploads\/2024\/03\/H6142e1049a974740a118fac78689a834x.webp","datePublished":"2024-03-16T09:42:06+00:00","dateModified":"2024-12-12T01:44:41+00:00","description":"Wyj\u0105tkowa i pi\u0119kna: Kup nasz\u0105 czaruj\u0105c\u0105 \u015blubn\u0105 koron\u0119 z kwiat\u00f3w r\u00f3\u017cy. Wysokiej jako\u015bci nakrycie g\u0142owy, kt\u00f3re sprawi, \u017ce okazja b\u0119dzie niezapomniana.","breadcrumb":{"@id":"https:\/\/floratiara.com\/p\/floral-wedding-hair-garland-tiara\/#breadcrumb"},"inLanguage":"pl-PL","potentialAction":[{"@type":"ReadAction","target":["https:\/\/floratiara.com\/p\/floral-wedding-hair-garland-tiara\/"]}]},{"@type":"ImageObject","inLanguage":"pl-PL","@id":"https:\/\/floratiara.com\/p\/floral-wedding-hair-garland-tiara\/#primaryimage","url":"https:\/\/floratiara.com\/wp-content\/uploads\/2024\/03\/H6142e1049a974740a118fac78689a834x.webp","contentUrl":"https:\/\/floratiara.com\/wp-content\/uploads\/2024\/03\/H6142e1049a974740a118fac78689a834x.webp","width":1500,"height":1500},{"@type":"BreadcrumbList","@id":"https:\/\/floratiara.com\/p\/floral-wedding-hair-garland-tiara\/#breadcrumb","itemListElement":[{"@type":"ListItem","position":1,"name":"Home","item":"https:\/\/floratiara.com\/"},{"@type":"ListItem","position":2,"name":"Shop","item":"https:\/\/floratiara.com\/shop\/"},{"@type":"ListItem","position":3,"name":"Enchanting Bridal Rose Flower Crown Headpiece"}]},{"@type":"WebSite","@id":"https:\/\/floratiara.com\/#website","url":"https:\/\/floratiara.com\/","name":"Flora Tiara","description":"","publisher":{"@id":"https:\/\/floratiara.com\/#organization"},"potentialAction":[{"@type":"SearchAction","target":{"@type":"EntryPoint","urlTemplate":"https:\/\/floratiara.com\/?s={search_term_string}"},"query-input":{"@type":"PropertyValueSpecification","valueRequired":true,"valueName":"search_term_string"}}],"inLanguage":"pl-PL"},{"@type":"Organization","@id":"https:\/\/floratiara.com\/#organization","name":"Flora Tiara","url":"https:\/\/floratiara.com\/","logo":{"@type":"ImageObject","inLanguage":"pl-PL","@id":"https:\/\/floratiara.com\/#\/schema\/logo\/image\/","url":"https:\/\/floratiara.com\/wp-content\/uploads\/2024\/03\/flora-tiara-logo.png","contentUrl":"https:\/\/floratiara.com\/wp-content\/uploads\/2024\/03\/flora-tiara-logo.png","width":1024,"height":274,"caption":"Flora Tiara"},"image":{"@id":"https:\/\/floratiara.com\/#\/schema\/logo\/image\/"}}]}},"_links":{"self":[{"href":"https:\/\/floratiara.com\/pl\/wp-json\/wp\/v2\/product\/375","targetHints":{"allow":["GET"]}}],"collection":[{"href":"https:\/\/floratiara.com\/pl\/wp-json\/wp\/v2\/product"}],"about":[{"href":"https:\/\/floratiara.com\/pl\/wp-json\/wp\/v2\/types\/product"}],"wp:featuredmedia":[{"embeddable":true,"href":"https:\/\/floratiara.com\/pl\/wp-json\/wp\/v2\/media\/373"}],"wp:attachment":[{"href":"https:\/\/floratiara.com\/pl\/wp-json\/wp\/v2\/media?parent=375"}],"wp:term":[{"taxonomy":"product_brand","embeddable":true,"href":"https:\/\/floratiara.com\/pl\/wp-json\/wp\/v2\/product_brand?post=375"},{"taxonomy":"product_cat","embeddable":true,"href":"https:\/\/floratiara.com\/pl\/wp-json\/wp\/v2\/product_cat?post=375"},{"taxonomy":"product_tag","embeddable":true,"href":"https:\/\/floratiara.com\/pl\/wp-json\/wp\/v2\/product_tag?post=375"}],"curies":[{"name":"wp","href":"https:\/\/api.w.org\/{rel}","templated":true}]}}