{"id":475,"date":"2024-03-16T09:45:04","date_gmt":"2024-03-16T09:45:04","guid":{"rendered":"https:\/\/floratiara.com\/?post_type=product&#038;p=475"},"modified":"2025-10-15T03:31:04","modified_gmt":"2025-10-15T03:31:04","slug":"elegancki-kwiatowy-wianek-do-wlosow","status":"publish","type":"product","link":"https:\/\/floratiara.com\/pl\/p\/elegancki-kwiatowy-wianek-do-wlosow\/","title":{"rendered":"Stroik \u015blubny z kwiatow\u0105 koron\u0105 Elysian"},"content":{"rendered":"<p>Do\u015bwiadcz ponadczasowej elegancji dzi\u0119ki naszej kwiatowej koronie Elysian, poetyckiemu akcesorium dla ka\u017cdej panny m\u0142odej lub imprezowiczki szukaj\u0105cej oczarowania. Ka\u017cdy element promieniuje luksusem, zawieraj\u0105c \u017cywe r\u00f3\u017cowe r\u00f3\u017ce, bogate bordowe kosmosy oraz delikatne bia\u0142e i r\u00f3\u017cowe stokrotki, umieszczone w\u015br\u00f3d bujnych go\u017adzik\u00f3w i srebrzystych li\u015bci eukaliptusa. Idealny na wesela lub festiwale, ten wysokiej jako\u015bci stroik na g\u0142ow\u0119 obiecuje podnie\u015b\u0107 sw\u00f3j wygl\u0105d dzi\u0119ki romantycznemu, kapry\u015bnemu urokowi. Dodaj ten r\u0119cznie wykonany element do swojej garderoby, aby uzyska\u0107 natychmiastow\u0105 infuzj\u0119 botanicznego wdzi\u0119ku i wyrafinowania.<\/p><p>Sk\u0142ad: r\u00f3\u017cowe r\u00f3\u017ce, bordowe kosmosy, bia\u0142e i r\u00f3\u017cowe stokrotki, r\u00f3\u017cowe go\u017adziki, srebrny eukaliptus.<\/p>","protected":false},"excerpt":{"rendered":"<div style=\"width: 90%;text-align: left;margin: auto\"><p style=\"text-align:center\"><b>Od naszych r\u0105k do twojej g\u0142owy<\/b><br \/><i>Luksusowe korony kwiatowe na ka\u017cd\u0105 okazj\u0119<\/i><\/p><ul><li>\u2702\ufe0f Wykonane z dba\u0142o\u015bci\u0105 w sercu <b>Polska<\/b><\/li><li><b>Kompozycja: r\u00f3\u017cowe r\u00f3\u017ce, bordowe kosmosy, bia\u0142e i r\u00f3\u017cowe stokrotki, r\u00f3\u017cowe go\u017adziki, srebrny eukaliptus.<\/b><\/li><\/ul><\/div>","protected":false},"featured_media":474,"template":"","meta":[],"product_brand":[],"product_cat":[61,60,73,77,59],"product_tag":[],"class_list":{"0":"post-475","1":"product","2":"type-product","3":"status-publish","4":"has-post-thumbnail","6":"product_cat-bridesmaid-floral-headpiece","7":"product_cat-floral-headpiece-flower-girl","8":"product_cat-pink-floral-headpiece","9":"product_cat-red-floral-headpiece","10":"product_cat-bridal-floral-headpiece","12":"first","13":"outofstock","14":"shipping-taxable","15":"purchasable","16":"product-type-simple"},"yoast_head":"<!-- This site is optimized with the Yoast SEO plugin v25.9 - https:\/\/yoast.com\/wordpress\/plugins\/seo\/ -->\n<title>Elysian Flower Crown Bridal Headpiece - Flora Tiara<\/title>\n<meta name=\"description\" content=\"Unique and beautiful: Shop our Elysian Flower Crown Bridal Headpiece. Premium high quality headpiece to make the occasion unforgettable.\" \/>\n<meta name=\"robots\" content=\"index, follow, max-snippet:-1, max-image-preview:large, max-video-preview:-1\" \/>\n<link rel=\"canonical\" href=\"https:\/\/floratiara.com\/pl\/p\/elegancki-kwiatowy-wianek-do-wlosow\/\" \/>\n<meta property=\"og:locale\" content=\"pl_PL\" \/>\n<meta property=\"og:type\" content=\"article\" \/>\n<meta property=\"og:title\" content=\"Elysian Flower Crown Bridal Headpiece - Flora Tiara\" \/>\n<meta property=\"og:description\" content=\"Unique and beautiful: Shop our Elysian Flower Crown Bridal Headpiece. Premium high quality headpiece to make the occasion unforgettable.\" \/>\n<meta property=\"og:url\" content=\"https:\/\/floratiara.com\/pl\/p\/elegancki-kwiatowy-wianek-do-wlosow\/\" \/>\n<meta property=\"og:site_name\" content=\"Flora Tiara\" \/>\n<meta property=\"article:modified_time\" content=\"2025-10-15T03:31:04+00:00\" \/>\n<meta property=\"og:image\" content=\"https:\/\/floratiara.com\/wp-content\/uploads\/2024\/03\/S5d660647fae44fa3b8876f05c543be7fq.webp\" \/>\n\t<meta property=\"og:image:width\" content=\"1500\" \/>\n\t<meta property=\"og:image:height\" content=\"1500\" \/>\n\t<meta property=\"og:image:type\" content=\"image\/webp\" \/>\n<meta name=\"twitter:card\" content=\"summary_large_image\" \/>\n<meta name=\"twitter:label1\" content=\"Szacowany czas czytania\" \/>\n\t<meta name=\"twitter:data1\" content=\"1 minuta\" \/>\n<script type=\"application\/ld+json\" class=\"yoast-schema-graph\">{\"@context\":\"https:\/\/schema.org\",\"@graph\":[{\"@type\":\"WebPage\",\"@id\":\"https:\/\/floratiara.com\/p\/elegant-floral-hair-garland\/\",\"url\":\"https:\/\/floratiara.com\/p\/elegant-floral-hair-garland\/\",\"name\":\"Elysian Flower Crown Bridal Headpiece - Flora Tiara\",\"isPartOf\":{\"@id\":\"https:\/\/floratiara.com\/#website\"},\"primaryImageOfPage\":{\"@id\":\"https:\/\/floratiara.com\/p\/elegant-floral-hair-garland\/#primaryimage\"},\"image\":{\"@id\":\"https:\/\/floratiara.com\/p\/elegant-floral-hair-garland\/#primaryimage\"},\"thumbnailUrl\":\"https:\/\/floratiara.com\/wp-content\/uploads\/2024\/03\/S5d660647fae44fa3b8876f05c543be7fq.webp\",\"datePublished\":\"2024-03-16T09:45:04+00:00\",\"dateModified\":\"2025-10-15T03:31:04+00:00\",\"description\":\"Unique and beautiful: Shop our Elysian Flower Crown Bridal Headpiece. Premium high quality headpiece to make the occasion unforgettable.\",\"breadcrumb\":{\"@id\":\"https:\/\/floratiara.com\/p\/elegant-floral-hair-garland\/#breadcrumb\"},\"inLanguage\":\"pl-PL\",\"potentialAction\":[{\"@type\":\"ReadAction\",\"target\":[\"https:\/\/floratiara.com\/p\/elegant-floral-hair-garland\/\"]}]},{\"@type\":\"ImageObject\",\"inLanguage\":\"pl-PL\",\"@id\":\"https:\/\/floratiara.com\/p\/elegant-floral-hair-garland\/#primaryimage\",\"url\":\"https:\/\/floratiara.com\/wp-content\/uploads\/2024\/03\/S5d660647fae44fa3b8876f05c543be7fq.webp\",\"contentUrl\":\"https:\/\/floratiara.com\/wp-content\/uploads\/2024\/03\/S5d660647fae44fa3b8876f05c543be7fq.webp\",\"width\":1500,\"height\":1500},{\"@type\":\"BreadcrumbList\",\"@id\":\"https:\/\/floratiara.com\/p\/elegant-floral-hair-garland\/#breadcrumb\",\"itemListElement\":[{\"@type\":\"ListItem\",\"position\":1,\"name\":\"Home\",\"item\":\"https:\/\/floratiara.com\/\"},{\"@type\":\"ListItem\",\"position\":2,\"name\":\"Shop\",\"item\":\"https:\/\/floratiara.com\/shop\/\"},{\"@type\":\"ListItem\",\"position\":3,\"name\":\"Elysian Flower Crown Bridal Headpiece\"}]},{\"@type\":\"WebSite\",\"@id\":\"https:\/\/floratiara.com\/#website\",\"url\":\"https:\/\/floratiara.com\/\",\"name\":\"Flora Tiara\",\"description\":\"\",\"publisher\":{\"@id\":\"https:\/\/floratiara.com\/#organization\"},\"potentialAction\":[{\"@type\":\"SearchAction\",\"target\":{\"@type\":\"EntryPoint\",\"urlTemplate\":\"https:\/\/floratiara.com\/?s={search_term_string}\"},\"query-input\":{\"@type\":\"PropertyValueSpecification\",\"valueRequired\":true,\"valueName\":\"search_term_string\"}}],\"inLanguage\":\"pl-PL\"},{\"@type\":\"Organization\",\"@id\":\"https:\/\/floratiara.com\/#organization\",\"name\":\"Flora Tiara\",\"url\":\"https:\/\/floratiara.com\/\",\"logo\":{\"@type\":\"ImageObject\",\"inLanguage\":\"pl-PL\",\"@id\":\"https:\/\/floratiara.com\/#\/schema\/logo\/image\/\",\"url\":\"https:\/\/floratiara.com\/wp-content\/uploads\/2024\/03\/flora-tiara-logo.png\",\"contentUrl\":\"https:\/\/floratiara.com\/wp-content\/uploads\/2024\/03\/flora-tiara-logo.png\",\"width\":1024,\"height\":274,\"caption\":\"Flora Tiara\"},\"image\":{\"@id\":\"https:\/\/floratiara.com\/#\/schema\/logo\/image\/\"}}]}<\/script>\n<!-- \/ Yoast SEO plugin. -->","yoast_head_json":{"title":"Elysian Flower Crown Bridal Headpiece - Flora Tiara","description":"Wyj\u0105tkowa i pi\u0119kna: Kup nasz\u0105 \u015blubn\u0105 koron\u0119 z kwiat\u00f3w Elysian. Wysokiej jako\u015bci nakrycie g\u0142owy, kt\u00f3re sprawi, \u017ce okazja b\u0119dzie niezapomniana.","robots":{"index":"index","follow":"follow","max-snippet":"max-snippet:-1","max-image-preview":"max-image-preview:large","max-video-preview":"max-video-preview:-1"},"canonical":"https:\/\/floratiara.com\/pl\/p\/elegancki-kwiatowy-wianek-do-wlosow\/","og_locale":"pl_PL","og_type":"article","og_title":"Elysian Flower Crown Bridal Headpiece - Flora Tiara","og_description":"Unique and beautiful: Shop our Elysian Flower Crown Bridal Headpiece. Premium high quality headpiece to make the occasion unforgettable.","og_url":"https:\/\/floratiara.com\/pl\/p\/elegancki-kwiatowy-wianek-do-wlosow\/","og_site_name":"Flora Tiara","article_modified_time":"2025-10-15T03:31:04+00:00","og_image":[{"width":1500,"height":1500,"url":"https:\/\/floratiara.com\/wp-content\/uploads\/2024\/03\/S5d660647fae44fa3b8876f05c543be7fq.webp","type":"image\/webp"}],"twitter_card":"summary_large_image","twitter_misc":{"Szacowany czas czytania":"1 minuta"},"schema":{"@context":"https:\/\/schema.org","@graph":[{"@type":"WebPage","@id":"https:\/\/floratiara.com\/p\/elegant-floral-hair-garland\/","url":"https:\/\/floratiara.com\/p\/elegant-floral-hair-garland\/","name":"Elysian Flower Crown Bridal Headpiece - Flora Tiara","isPartOf":{"@id":"https:\/\/floratiara.com\/#website"},"primaryImageOfPage":{"@id":"https:\/\/floratiara.com\/p\/elegant-floral-hair-garland\/#primaryimage"},"image":{"@id":"https:\/\/floratiara.com\/p\/elegant-floral-hair-garland\/#primaryimage"},"thumbnailUrl":"https:\/\/floratiara.com\/wp-content\/uploads\/2024\/03\/S5d660647fae44fa3b8876f05c543be7fq.webp","datePublished":"2024-03-16T09:45:04+00:00","dateModified":"2025-10-15T03:31:04+00:00","description":"Wyj\u0105tkowa i pi\u0119kna: Kup nasz\u0105 \u015blubn\u0105 koron\u0119 z kwiat\u00f3w Elysian. Wysokiej jako\u015bci nakrycie g\u0142owy, kt\u00f3re sprawi, \u017ce okazja b\u0119dzie niezapomniana.","breadcrumb":{"@id":"https:\/\/floratiara.com\/p\/elegant-floral-hair-garland\/#breadcrumb"},"inLanguage":"pl-PL","potentialAction":[{"@type":"ReadAction","target":["https:\/\/floratiara.com\/p\/elegant-floral-hair-garland\/"]}]},{"@type":"ImageObject","inLanguage":"pl-PL","@id":"https:\/\/floratiara.com\/p\/elegant-floral-hair-garland\/#primaryimage","url":"https:\/\/floratiara.com\/wp-content\/uploads\/2024\/03\/S5d660647fae44fa3b8876f05c543be7fq.webp","contentUrl":"https:\/\/floratiara.com\/wp-content\/uploads\/2024\/03\/S5d660647fae44fa3b8876f05c543be7fq.webp","width":1500,"height":1500},{"@type":"BreadcrumbList","@id":"https:\/\/floratiara.com\/p\/elegant-floral-hair-garland\/#breadcrumb","itemListElement":[{"@type":"ListItem","position":1,"name":"Home","item":"https:\/\/floratiara.com\/"},{"@type":"ListItem","position":2,"name":"Shop","item":"https:\/\/floratiara.com\/shop\/"},{"@type":"ListItem","position":3,"name":"Elysian Flower Crown Bridal Headpiece"}]},{"@type":"WebSite","@id":"https:\/\/floratiara.com\/#website","url":"https:\/\/floratiara.com\/","name":"Flora Tiara","description":"","publisher":{"@id":"https:\/\/floratiara.com\/#organization"},"potentialAction":[{"@type":"SearchAction","target":{"@type":"EntryPoint","urlTemplate":"https:\/\/floratiara.com\/?s={search_term_string}"},"query-input":{"@type":"PropertyValueSpecification","valueRequired":true,"valueName":"search_term_string"}}],"inLanguage":"pl-PL"},{"@type":"Organization","@id":"https:\/\/floratiara.com\/#organization","name":"Flora Tiara","url":"https:\/\/floratiara.com\/","logo":{"@type":"ImageObject","inLanguage":"pl-PL","@id":"https:\/\/floratiara.com\/#\/schema\/logo\/image\/","url":"https:\/\/floratiara.com\/wp-content\/uploads\/2024\/03\/flora-tiara-logo.png","contentUrl":"https:\/\/floratiara.com\/wp-content\/uploads\/2024\/03\/flora-tiara-logo.png","width":1024,"height":274,"caption":"Flora Tiara"},"image":{"@id":"https:\/\/floratiara.com\/#\/schema\/logo\/image\/"}}]}},"_links":{"self":[{"href":"https:\/\/floratiara.com\/pl\/wp-json\/wp\/v2\/product\/475","targetHints":{"allow":["GET"]}}],"collection":[{"href":"https:\/\/floratiara.com\/pl\/wp-json\/wp\/v2\/product"}],"about":[{"href":"https:\/\/floratiara.com\/pl\/wp-json\/wp\/v2\/types\/product"}],"wp:featuredmedia":[{"embeddable":true,"href":"https:\/\/floratiara.com\/pl\/wp-json\/wp\/v2\/media\/474"}],"wp:attachment":[{"href":"https:\/\/floratiara.com\/pl\/wp-json\/wp\/v2\/media?parent=475"}],"wp:term":[{"taxonomy":"product_brand","embeddable":true,"href":"https:\/\/floratiara.com\/pl\/wp-json\/wp\/v2\/product_brand?post=475"},{"taxonomy":"product_cat","embeddable":true,"href":"https:\/\/floratiara.com\/pl\/wp-json\/wp\/v2\/product_cat?post=475"},{"taxonomy":"product_tag","embeddable":true,"href":"https:\/\/floratiara.com\/pl\/wp-json\/wp\/v2\/product_tag?post=475"}],"curies":[{"name":"wp","href":"https:\/\/api.w.org\/{rel}","templated":true}]}}