{"id":553,"date":"2024-03-16T09:46:53","date_gmt":"2024-03-16T09:46:53","guid":{"rendered":"https:\/\/floratiara.com\/?post_type=product&#038;p=553"},"modified":"2024-12-12T01:41:27","modified_gmt":"2024-12-12T01:41:27","slug":"opaska-na-glowe-z-kwiatowa-tiara-na-przyjecie-weselne","status":"publish","type":"product","link":"https:\/\/floratiara.com\/pl\/p\/opaska-na-glowe-z-kwiatowa-tiara-na-przyjecie-weselne\/","title":{"rendered":"Korona kwiatowa Pink Blossom Premium na imprezy"},"content":{"rendered":"<p>Podnie\u015b ka\u017cdy zestaw dzi\u0119ki naszej koronie z kwiat\u00f3w Pink Blossom, najlepszemu akcesorium do tworzenia osza\u0142amiaj\u0105cych i wyrafinowanych o\u015bwiadcze\u0144. Ta r\u0119cznie wykonana korona wype\u0142niona jest soczystymi r\u00f3\u017cowymi r\u00f3\u017cami, delikatnymi r\u00f3\u017cowymi astilbe i czyst\u0105 bia\u0142\u0105 tuberoz\u0105, a wszystko to w otoczeniu zielonej ro\u015blinno\u015bci. Niezale\u017cnie od tego, czy jeste\u015b przysz\u0142\u0105 pann\u0105 m\u0142od\u0105, bywasz na festiwalach, czy po prostu chcesz uczci\u0107 wyj\u0105tkowe okazje w \u017cyciu, ta luksusowa kwiatowa girlanda zosta\u0142a zaprojektowana tak, aby\u015b b\u0142yszcza\u0142a. Wejd\u017a w \u015bwiat\u0142o reflektor\u00f3w i pozw\u00f3l, aby korona \"Pink Blossom\" wydoby\u0142a Tw\u00f3j wewn\u0119trzny blask, czyni\u0105c ka\u017cd\u0105 chwil\u0119 niezapomnian\u0105. Poczuj elegancj\u0119 ju\u017c dzi\u015b!<\/p><p>Sk\u0142ad: gor\u0105ce r\u00f3\u017cowe r\u00f3\u017ce, r\u00f3\u017cowa astilbe, bia\u0142a tuberoza, zielone li\u015bcie.<\/p>","protected":false},"excerpt":{"rendered":"<div style=\"width: 90%;text-align: left;margin: auto\"><p style=\"text-align:center\"><b>Od naszych r\u0105k do twojej g\u0142owy<\/b><br \/><i>Luksusowe korony kwiatowe na ka\u017cd\u0105 okazj\u0119<\/i><\/p><ul><li>\u2702\ufe0f Wykonane z dba\u0142o\u015bci\u0105 w sercu <b>Polska<\/b><\/li><li><b>Kompozycja: gor\u0105ce r\u00f3\u017cowe r\u00f3\u017ce, r\u00f3\u017cowa astilbe, bia\u0142a tuberoza, zielone li\u015bcie.<\/b><\/li><\/ul><\/div>","protected":false},"featured_media":552,"template":"","meta":[],"product_brand":[],"product_cat":[61,73,79,70,59],"product_tag":[],"class_list":{"0":"post-553","1":"product","2":"type-product","3":"status-publish","4":"has-post-thumbnail","6":"product_cat-bridesmaid-floral-headpiece","7":"product_cat-pink-floral-headpiece","8":"product_cat-real-floral-headpiece","9":"product_cat-rose-floral-headpiece","10":"product_cat-bridal-floral-headpiece","12":"first","13":"instock","14":"shipping-taxable","15":"purchasable","16":"product-type-simple"},"yoast_head":"<!-- This site is optimized with the Yoast SEO plugin v25.9 - https:\/\/yoast.com\/wordpress\/plugins\/seo\/ -->\n<title>Pink Blossom Premium Flower Crown for Events - Flora Tiara<\/title>\n<meta name=\"description\" content=\"Unique and beautiful: Shop our Pink Blossom Premium Flower Crown for Events. Premium high quality headpiece to make the occasion unforgettable.\" \/>\n<meta name=\"robots\" content=\"index, follow, max-snippet:-1, max-image-preview:large, max-video-preview:-1\" \/>\n<link rel=\"canonical\" href=\"https:\/\/floratiara.com\/pl\/p\/opaska-na-glowe-z-kwiatowa-tiara-na-przyjecie-weselne\/\" \/>\n<meta property=\"og:locale\" content=\"pl_PL\" \/>\n<meta property=\"og:type\" content=\"article\" \/>\n<meta property=\"og:title\" content=\"Pink Blossom Premium Flower Crown for Events - Flora Tiara\" \/>\n<meta property=\"og:description\" content=\"Unique and beautiful: Shop our Pink Blossom Premium Flower Crown for Events. Premium high quality headpiece to make the occasion unforgettable.\" \/>\n<meta property=\"og:url\" content=\"https:\/\/floratiara.com\/pl\/p\/opaska-na-glowe-z-kwiatowa-tiara-na-przyjecie-weselne\/\" \/>\n<meta property=\"og:site_name\" content=\"Flora Tiara\" \/>\n<meta property=\"article:modified_time\" content=\"2024-12-12T01:41:27+00:00\" \/>\n<meta property=\"og:image\" content=\"https:\/\/floratiara.com\/wp-content\/uploads\/2024\/03\/S4436c52248bb45acab40813e8766e10cr.webp\" \/>\n\t<meta property=\"og:image:width\" content=\"1500\" \/>\n\t<meta property=\"og:image:height\" content=\"1500\" \/>\n\t<meta property=\"og:image:type\" content=\"image\/webp\" \/>\n<meta name=\"twitter:card\" content=\"summary_large_image\" \/>\n<meta name=\"twitter:label1\" content=\"Szacowany czas czytania\" \/>\n\t<meta name=\"twitter:data1\" content=\"5 minut\" \/>\n<script type=\"application\/ld+json\" class=\"yoast-schema-graph\">{\"@context\":\"https:\/\/schema.org\",\"@graph\":[{\"@type\":\"WebPage\",\"@id\":\"https:\/\/floratiara.com\/p\/wedding-party-floral-tiara-headband\/\",\"url\":\"https:\/\/floratiara.com\/p\/wedding-party-floral-tiara-headband\/\",\"name\":\"Pink Blossom Premium Flower Crown for Events - Flora Tiara\",\"isPartOf\":{\"@id\":\"https:\/\/floratiara.com\/#website\"},\"primaryImageOfPage\":{\"@id\":\"https:\/\/floratiara.com\/p\/wedding-party-floral-tiara-headband\/#primaryimage\"},\"image\":{\"@id\":\"https:\/\/floratiara.com\/p\/wedding-party-floral-tiara-headband\/#primaryimage\"},\"thumbnailUrl\":\"https:\/\/floratiara.com\/wp-content\/uploads\/2024\/03\/S4436c52248bb45acab40813e8766e10cr.webp\",\"datePublished\":\"2024-03-16T09:46:53+00:00\",\"dateModified\":\"2024-12-12T01:41:27+00:00\",\"description\":\"Unique and beautiful: Shop our Pink Blossom Premium Flower Crown for Events. Premium high quality headpiece to make the occasion unforgettable.\",\"breadcrumb\":{\"@id\":\"https:\/\/floratiara.com\/p\/wedding-party-floral-tiara-headband\/#breadcrumb\"},\"inLanguage\":\"pl-PL\",\"potentialAction\":[{\"@type\":\"ReadAction\",\"target\":[\"https:\/\/floratiara.com\/p\/wedding-party-floral-tiara-headband\/\"]}]},{\"@type\":\"ImageObject\",\"inLanguage\":\"pl-PL\",\"@id\":\"https:\/\/floratiara.com\/p\/wedding-party-floral-tiara-headband\/#primaryimage\",\"url\":\"https:\/\/floratiara.com\/wp-content\/uploads\/2024\/03\/S4436c52248bb45acab40813e8766e10cr.webp\",\"contentUrl\":\"https:\/\/floratiara.com\/wp-content\/uploads\/2024\/03\/S4436c52248bb45acab40813e8766e10cr.webp\",\"width\":1500,\"height\":1500},{\"@type\":\"BreadcrumbList\",\"@id\":\"https:\/\/floratiara.com\/p\/wedding-party-floral-tiara-headband\/#breadcrumb\",\"itemListElement\":[{\"@type\":\"ListItem\",\"position\":1,\"name\":\"Home\",\"item\":\"https:\/\/floratiara.com\/\"},{\"@type\":\"ListItem\",\"position\":2,\"name\":\"Shop\",\"item\":\"https:\/\/floratiara.com\/shop\/\"},{\"@type\":\"ListItem\",\"position\":3,\"name\":\"Pink Blossom Premium Flower Crown for Events\"}]},{\"@type\":\"WebSite\",\"@id\":\"https:\/\/floratiara.com\/#website\",\"url\":\"https:\/\/floratiara.com\/\",\"name\":\"Flora Tiara\",\"description\":\"\",\"publisher\":{\"@id\":\"https:\/\/floratiara.com\/#organization\"},\"potentialAction\":[{\"@type\":\"SearchAction\",\"target\":{\"@type\":\"EntryPoint\",\"urlTemplate\":\"https:\/\/floratiara.com\/?s={search_term_string}\"},\"query-input\":{\"@type\":\"PropertyValueSpecification\",\"valueRequired\":true,\"valueName\":\"search_term_string\"}}],\"inLanguage\":\"pl-PL\"},{\"@type\":\"Organization\",\"@id\":\"https:\/\/floratiara.com\/#organization\",\"name\":\"Flora Tiara\",\"url\":\"https:\/\/floratiara.com\/\",\"logo\":{\"@type\":\"ImageObject\",\"inLanguage\":\"pl-PL\",\"@id\":\"https:\/\/floratiara.com\/#\/schema\/logo\/image\/\",\"url\":\"https:\/\/floratiara.com\/wp-content\/uploads\/2024\/03\/flora-tiara-logo.png\",\"contentUrl\":\"https:\/\/floratiara.com\/wp-content\/uploads\/2024\/03\/flora-tiara-logo.png\",\"width\":1024,\"height\":274,\"caption\":\"Flora Tiara\"},\"image\":{\"@id\":\"https:\/\/floratiara.com\/#\/schema\/logo\/image\/\"}}]}<\/script>\n<!-- \/ Yoast SEO plugin. -->","yoast_head_json":{"title":"Korona kwiatowa Pink Blossom Premium na imprezy - Flora Tiara","description":"Wyj\u0105tkowa i pi\u0119kna: Kup nasz\u0105 koron\u0119 kwiatow\u0105 Premium Pink Blossom na imprezy. Wysokiej jako\u015bci nakrycie g\u0142owy, kt\u00f3re sprawi, \u017ce okazja b\u0119dzie niezapomniana.","robots":{"index":"index","follow":"follow","max-snippet":"max-snippet:-1","max-image-preview":"max-image-preview:large","max-video-preview":"max-video-preview:-1"},"canonical":"https:\/\/floratiara.com\/pl\/p\/opaska-na-glowe-z-kwiatowa-tiara-na-przyjecie-weselne\/","og_locale":"pl_PL","og_type":"article","og_title":"Pink Blossom Premium Flower Crown for Events - Flora Tiara","og_description":"Unique and beautiful: Shop our Pink Blossom Premium Flower Crown for Events. Premium high quality headpiece to make the occasion unforgettable.","og_url":"https:\/\/floratiara.com\/pl\/p\/opaska-na-glowe-z-kwiatowa-tiara-na-przyjecie-weselne\/","og_site_name":"Flora Tiara","article_modified_time":"2024-12-12T01:41:27+00:00","og_image":[{"width":1500,"height":1500,"url":"https:\/\/floratiara.com\/wp-content\/uploads\/2024\/03\/S4436c52248bb45acab40813e8766e10cr.webp","type":"image\/webp"}],"twitter_card":"summary_large_image","twitter_misc":{"Szacowany czas czytania":"5 minut"},"schema":{"@context":"https:\/\/schema.org","@graph":[{"@type":"WebPage","@id":"https:\/\/floratiara.com\/p\/wedding-party-floral-tiara-headband\/","url":"https:\/\/floratiara.com\/p\/wedding-party-floral-tiara-headband\/","name":"Korona kwiatowa Pink Blossom Premium na imprezy - Flora Tiara","isPartOf":{"@id":"https:\/\/floratiara.com\/#website"},"primaryImageOfPage":{"@id":"https:\/\/floratiara.com\/p\/wedding-party-floral-tiara-headband\/#primaryimage"},"image":{"@id":"https:\/\/floratiara.com\/p\/wedding-party-floral-tiara-headband\/#primaryimage"},"thumbnailUrl":"https:\/\/floratiara.com\/wp-content\/uploads\/2024\/03\/S4436c52248bb45acab40813e8766e10cr.webp","datePublished":"2024-03-16T09:46:53+00:00","dateModified":"2024-12-12T01:41:27+00:00","description":"Wyj\u0105tkowa i pi\u0119kna: Kup nasz\u0105 koron\u0119 kwiatow\u0105 Premium Pink Blossom na imprezy. Wysokiej jako\u015bci nakrycie g\u0142owy, kt\u00f3re sprawi, \u017ce okazja b\u0119dzie niezapomniana.","breadcrumb":{"@id":"https:\/\/floratiara.com\/p\/wedding-party-floral-tiara-headband\/#breadcrumb"},"inLanguage":"pl-PL","potentialAction":[{"@type":"ReadAction","target":["https:\/\/floratiara.com\/p\/wedding-party-floral-tiara-headband\/"]}]},{"@type":"ImageObject","inLanguage":"pl-PL","@id":"https:\/\/floratiara.com\/p\/wedding-party-floral-tiara-headband\/#primaryimage","url":"https:\/\/floratiara.com\/wp-content\/uploads\/2024\/03\/S4436c52248bb45acab40813e8766e10cr.webp","contentUrl":"https:\/\/floratiara.com\/wp-content\/uploads\/2024\/03\/S4436c52248bb45acab40813e8766e10cr.webp","width":1500,"height":1500},{"@type":"BreadcrumbList","@id":"https:\/\/floratiara.com\/p\/wedding-party-floral-tiara-headband\/#breadcrumb","itemListElement":[{"@type":"ListItem","position":1,"name":"Home","item":"https:\/\/floratiara.com\/"},{"@type":"ListItem","position":2,"name":"Shop","item":"https:\/\/floratiara.com\/shop\/"},{"@type":"ListItem","position":3,"name":"Pink Blossom Premium Flower Crown for Events"}]},{"@type":"WebSite","@id":"https:\/\/floratiara.com\/#website","url":"https:\/\/floratiara.com\/","name":"Flora Tiara","description":"","publisher":{"@id":"https:\/\/floratiara.com\/#organization"},"potentialAction":[{"@type":"SearchAction","target":{"@type":"EntryPoint","urlTemplate":"https:\/\/floratiara.com\/?s={search_term_string}"},"query-input":{"@type":"PropertyValueSpecification","valueRequired":true,"valueName":"search_term_string"}}],"inLanguage":"pl-PL"},{"@type":"Organization","@id":"https:\/\/floratiara.com\/#organization","name":"Flora Tiara","url":"https:\/\/floratiara.com\/","logo":{"@type":"ImageObject","inLanguage":"pl-PL","@id":"https:\/\/floratiara.com\/#\/schema\/logo\/image\/","url":"https:\/\/floratiara.com\/wp-content\/uploads\/2024\/03\/flora-tiara-logo.png","contentUrl":"https:\/\/floratiara.com\/wp-content\/uploads\/2024\/03\/flora-tiara-logo.png","width":1024,"height":274,"caption":"Flora Tiara"},"image":{"@id":"https:\/\/floratiara.com\/#\/schema\/logo\/image\/"}}]}},"_links":{"self":[{"href":"https:\/\/floratiara.com\/pl\/wp-json\/wp\/v2\/product\/553","targetHints":{"allow":["GET"]}}],"collection":[{"href":"https:\/\/floratiara.com\/pl\/wp-json\/wp\/v2\/product"}],"about":[{"href":"https:\/\/floratiara.com\/pl\/wp-json\/wp\/v2\/types\/product"}],"wp:featuredmedia":[{"embeddable":true,"href":"https:\/\/floratiara.com\/pl\/wp-json\/wp\/v2\/media\/552"}],"wp:attachment":[{"href":"https:\/\/floratiara.com\/pl\/wp-json\/wp\/v2\/media?parent=553"}],"wp:term":[{"taxonomy":"product_brand","embeddable":true,"href":"https:\/\/floratiara.com\/pl\/wp-json\/wp\/v2\/product_brand?post=553"},{"taxonomy":"product_cat","embeddable":true,"href":"https:\/\/floratiara.com\/pl\/wp-json\/wp\/v2\/product_cat?post=553"},{"taxonomy":"product_tag","embeddable":true,"href":"https:\/\/floratiara.com\/pl\/wp-json\/wp\/v2\/product_tag?post=553"}],"curies":[{"name":"wp","href":"https:\/\/api.w.org\/{rel}","templated":true}]}}