{"id":603,"date":"2024-03-16T10:24:07","date_gmt":"2024-03-16T10:24:07","guid":{"rendered":"https:\/\/floratiara.com\/?post_type=product&#038;p=603"},"modified":"2025-07-22T03:50:46","modified_gmt":"2025-07-22T03:50:46","slug":"slubna-kwiatowa-opaska-na-glowe-3","status":"publish","type":"product","link":"https:\/\/floratiara.com\/pl\/p\/slubna-kwiatowa-opaska-na-glowe-3\/","title":{"rendered":"Elegancka brzoskwiniowo-bordowa korona kwiatowa"},"content":{"rendered":"<p>Nadaj swoim wyj\u0105tkowym chwilom ponadczasowej elegancji dzi\u0119ki naszej urzekaj\u0105cej kwiatowej koronie, ozdobionej bujnymi brzoskwiniowymi i bordowymi r\u00f3\u017cami oraz zielonymi jagodami. Ta luksusowa ozdoba g\u0142owy jest idealnym uzupe\u0142nieniem ka\u017cdego stroju \u015blubnego lub od\u015bwi\u0119tnego, podnosz\u0105c wygl\u0105d dzi\u0119ki czaruj\u0105cej palecie kolor\u00f3w. Korona zosta\u0142a starannie zaprojektowana z my\u015bl\u0105 o trwa\u0142ym pi\u0119knie i wszechstronnej stylizacji, dzi\u0119ki czemu zaspokoi pragnienie eleganckiego, kwiatowego akcentu na ka\u017cd\u0105 okazj\u0119. Niezale\u017cnie od tego, czy jest to wesele, czy festiwal, nasza kwiatowa korona jest przepustk\u0105 do osza\u0142amiaj\u0105cej, nasyconej kwiatami obecno\u015bci, kt\u00f3ra pozostawia niezatarte wra\u017cenie.<\/p><p>Sk\u0142ad: brzoskwiniowe i bordowe sztuczne r\u00f3\u017ce, zielone sztuczne jagody.<\/p>","protected":false},"excerpt":{"rendered":"<div style=\"width: 90%;text-align: left;margin: auto\"><p style=\"text-align:center\"><b>Od naszych r\u0105k do twojej g\u0142owy<\/b><br \/><i>Luksusowe korony kwiatowe na ka\u017cd\u0105 okazj\u0119<\/i><\/p><ul><li>\u2702\ufe0f Wykonane z dba\u0142o\u015bci\u0105 w sercu <b>Polska<\/b><\/li><li><b>Sk\u0142ad: brzoskwiniowe i bordowe sztuczne r\u00f3\u017ce, zielone sztuczne jagody.<\/b><\/li><\/ul><\/div>","protected":false},"featured_media":602,"template":"","meta":[],"product_brand":[],"product_cat":[68],"product_tag":[],"class_list":{"0":"post-603","1":"product","2":"type-product","3":"status-publish","4":"has-post-thumbnail","6":"product_cat-floral-headpiece-headband","8":"first","9":"instock","10":"shipping-taxable","11":"purchasable","12":"product-type-simple"},"yoast_head":"<!-- This site is optimized with the Yoast SEO plugin v25.9 - https:\/\/yoast.com\/wordpress\/plugins\/seo\/ -->\n<title>Elegant Peach &amp; Burgundy Flower Crown - Flora Tiara<\/title>\n<meta name=\"description\" content=\"Unique and beautiful: Shop our Elegant Peach &amp; Burgundy Flower Crown. Premium high quality headpiece to make the occasion unforgettable.\" \/>\n<meta name=\"robots\" content=\"index, follow, max-snippet:-1, max-image-preview:large, max-video-preview:-1\" \/>\n<link rel=\"canonical\" href=\"https:\/\/floratiara.com\/pl\/p\/slubna-kwiatowa-opaska-na-glowe-3\/\" \/>\n<meta property=\"og:locale\" content=\"pl_PL\" \/>\n<meta property=\"og:type\" content=\"article\" \/>\n<meta property=\"og:title\" content=\"Elegant Peach &amp; Burgundy Flower Crown - Flora Tiara\" \/>\n<meta property=\"og:description\" content=\"Unique and beautiful: Shop our Elegant Peach &amp; Burgundy Flower Crown. Premium high quality headpiece to make the occasion unforgettable.\" \/>\n<meta property=\"og:url\" content=\"https:\/\/floratiara.com\/pl\/p\/slubna-kwiatowa-opaska-na-glowe-3\/\" \/>\n<meta property=\"og:site_name\" content=\"Flora Tiara\" \/>\n<meta property=\"article:modified_time\" content=\"2025-07-22T03:50:46+00:00\" \/>\n<meta property=\"og:image\" content=\"https:\/\/floratiara.com\/wp-content\/uploads\/2024\/03\/Sc1e8c7ee585f4df0bb3f90b45e734f7b1.webp\" \/>\n\t<meta property=\"og:image:width\" content=\"1000\" \/>\n\t<meta property=\"og:image:height\" content=\"1000\" \/>\n\t<meta property=\"og:image:type\" content=\"image\/webp\" \/>\n<meta name=\"twitter:card\" content=\"summary_large_image\" \/>\n<meta name=\"twitter:label1\" content=\"Szacowany czas czytania\" \/>\n\t<meta name=\"twitter:data1\" content=\"1 minuta\" \/>\n<script type=\"application\/ld+json\" class=\"yoast-schema-graph\">{\"@context\":\"https:\/\/schema.org\",\"@graph\":[{\"@type\":\"WebPage\",\"@id\":\"https:\/\/floratiara.com\/p\/wedding-floral-headband-accessory\/\",\"url\":\"https:\/\/floratiara.com\/p\/wedding-floral-headband-accessory\/\",\"name\":\"Elegant Peach &amp; Burgundy Flower Crown - Flora Tiara\",\"isPartOf\":{\"@id\":\"https:\/\/floratiara.com\/#website\"},\"primaryImageOfPage\":{\"@id\":\"https:\/\/floratiara.com\/p\/wedding-floral-headband-accessory\/#primaryimage\"},\"image\":{\"@id\":\"https:\/\/floratiara.com\/p\/wedding-floral-headband-accessory\/#primaryimage\"},\"thumbnailUrl\":\"https:\/\/floratiara.com\/wp-content\/uploads\/2024\/03\/Sc1e8c7ee585f4df0bb3f90b45e734f7b1.webp\",\"datePublished\":\"2024-03-16T10:24:07+00:00\",\"dateModified\":\"2025-07-22T03:50:46+00:00\",\"description\":\"Unique and beautiful: Shop our Elegant Peach &amp; Burgundy Flower Crown. Premium high quality headpiece to make the occasion unforgettable.\",\"breadcrumb\":{\"@id\":\"https:\/\/floratiara.com\/p\/wedding-floral-headband-accessory\/#breadcrumb\"},\"inLanguage\":\"pl-PL\",\"potentialAction\":[{\"@type\":\"ReadAction\",\"target\":[\"https:\/\/floratiara.com\/p\/wedding-floral-headband-accessory\/\"]}]},{\"@type\":\"ImageObject\",\"inLanguage\":\"pl-PL\",\"@id\":\"https:\/\/floratiara.com\/p\/wedding-floral-headband-accessory\/#primaryimage\",\"url\":\"https:\/\/floratiara.com\/wp-content\/uploads\/2024\/03\/Sc1e8c7ee585f4df0bb3f90b45e734f7b1.webp\",\"contentUrl\":\"https:\/\/floratiara.com\/wp-content\/uploads\/2024\/03\/Sc1e8c7ee585f4df0bb3f90b45e734f7b1.webp\",\"width\":1000,\"height\":1000},{\"@type\":\"BreadcrumbList\",\"@id\":\"https:\/\/floratiara.com\/p\/wedding-floral-headband-accessory\/#breadcrumb\",\"itemListElement\":[{\"@type\":\"ListItem\",\"position\":1,\"name\":\"Home\",\"item\":\"https:\/\/floratiara.com\/\"},{\"@type\":\"ListItem\",\"position\":2,\"name\":\"Shop\",\"item\":\"https:\/\/floratiara.com\/shop\/\"},{\"@type\":\"ListItem\",\"position\":3,\"name\":\"Elegant Peach &amp; Burgundy Flower Crown\"}]},{\"@type\":\"WebSite\",\"@id\":\"https:\/\/floratiara.com\/#website\",\"url\":\"https:\/\/floratiara.com\/\",\"name\":\"Flora Tiara\",\"description\":\"\",\"publisher\":{\"@id\":\"https:\/\/floratiara.com\/#organization\"},\"potentialAction\":[{\"@type\":\"SearchAction\",\"target\":{\"@type\":\"EntryPoint\",\"urlTemplate\":\"https:\/\/floratiara.com\/?s={search_term_string}\"},\"query-input\":{\"@type\":\"PropertyValueSpecification\",\"valueRequired\":true,\"valueName\":\"search_term_string\"}}],\"inLanguage\":\"pl-PL\"},{\"@type\":\"Organization\",\"@id\":\"https:\/\/floratiara.com\/#organization\",\"name\":\"Flora Tiara\",\"url\":\"https:\/\/floratiara.com\/\",\"logo\":{\"@type\":\"ImageObject\",\"inLanguage\":\"pl-PL\",\"@id\":\"https:\/\/floratiara.com\/#\/schema\/logo\/image\/\",\"url\":\"https:\/\/floratiara.com\/wp-content\/uploads\/2024\/03\/flora-tiara-logo.png\",\"contentUrl\":\"https:\/\/floratiara.com\/wp-content\/uploads\/2024\/03\/flora-tiara-logo.png\",\"width\":1024,\"height\":274,\"caption\":\"Flora Tiara\"},\"image\":{\"@id\":\"https:\/\/floratiara.com\/#\/schema\/logo\/image\/\"}}]}<\/script>\n<!-- \/ Yoast SEO plugin. -->","yoast_head_json":{"title":"Elegancka brzoskwiniowo-bordowa korona w kwiaty - Flora Tiara","description":"Wyj\u0105tkowa i pi\u0119kna: Kup nasz\u0105 eleganck\u0105 brzoskwiniowo-bordow\u0105 koron\u0119 kwiatow\u0105. Wysokiej jako\u015bci nakrycie g\u0142owy, kt\u00f3re sprawi, \u017ce okazja b\u0119dzie niezapomniana.","robots":{"index":"index","follow":"follow","max-snippet":"max-snippet:-1","max-image-preview":"max-image-preview:large","max-video-preview":"max-video-preview:-1"},"canonical":"https:\/\/floratiara.com\/pl\/p\/slubna-kwiatowa-opaska-na-glowe-3\/","og_locale":"pl_PL","og_type":"article","og_title":"Elegant Peach &amp; Burgundy Flower Crown - Flora Tiara","og_description":"Unique and beautiful: Shop our Elegant Peach &amp; Burgundy Flower Crown. Premium high quality headpiece to make the occasion unforgettable.","og_url":"https:\/\/floratiara.com\/pl\/p\/slubna-kwiatowa-opaska-na-glowe-3\/","og_site_name":"Flora Tiara","article_modified_time":"2025-07-22T03:50:46+00:00","og_image":[{"width":1000,"height":1000,"url":"https:\/\/floratiara.com\/wp-content\/uploads\/2024\/03\/Sc1e8c7ee585f4df0bb3f90b45e734f7b1.webp","type":"image\/webp"}],"twitter_card":"summary_large_image","twitter_misc":{"Szacowany czas czytania":"1 minuta"},"schema":{"@context":"https:\/\/schema.org","@graph":[{"@type":"WebPage","@id":"https:\/\/floratiara.com\/p\/wedding-floral-headband-accessory\/","url":"https:\/\/floratiara.com\/p\/wedding-floral-headband-accessory\/","name":"Elegancka brzoskwiniowo-bordowa korona w kwiaty - Flora Tiara","isPartOf":{"@id":"https:\/\/floratiara.com\/#website"},"primaryImageOfPage":{"@id":"https:\/\/floratiara.com\/p\/wedding-floral-headband-accessory\/#primaryimage"},"image":{"@id":"https:\/\/floratiara.com\/p\/wedding-floral-headband-accessory\/#primaryimage"},"thumbnailUrl":"https:\/\/floratiara.com\/wp-content\/uploads\/2024\/03\/Sc1e8c7ee585f4df0bb3f90b45e734f7b1.webp","datePublished":"2024-03-16T10:24:07+00:00","dateModified":"2025-07-22T03:50:46+00:00","description":"Wyj\u0105tkowa i pi\u0119kna: Kup nasz\u0105 eleganck\u0105 brzoskwiniowo-bordow\u0105 koron\u0119 kwiatow\u0105. Wysokiej jako\u015bci nakrycie g\u0142owy, kt\u00f3re sprawi, \u017ce okazja b\u0119dzie niezapomniana.","breadcrumb":{"@id":"https:\/\/floratiara.com\/p\/wedding-floral-headband-accessory\/#breadcrumb"},"inLanguage":"pl-PL","potentialAction":[{"@type":"ReadAction","target":["https:\/\/floratiara.com\/p\/wedding-floral-headband-accessory\/"]}]},{"@type":"ImageObject","inLanguage":"pl-PL","@id":"https:\/\/floratiara.com\/p\/wedding-floral-headband-accessory\/#primaryimage","url":"https:\/\/floratiara.com\/wp-content\/uploads\/2024\/03\/Sc1e8c7ee585f4df0bb3f90b45e734f7b1.webp","contentUrl":"https:\/\/floratiara.com\/wp-content\/uploads\/2024\/03\/Sc1e8c7ee585f4df0bb3f90b45e734f7b1.webp","width":1000,"height":1000},{"@type":"BreadcrumbList","@id":"https:\/\/floratiara.com\/p\/wedding-floral-headband-accessory\/#breadcrumb","itemListElement":[{"@type":"ListItem","position":1,"name":"Home","item":"https:\/\/floratiara.com\/"},{"@type":"ListItem","position":2,"name":"Shop","item":"https:\/\/floratiara.com\/shop\/"},{"@type":"ListItem","position":3,"name":"Elegant Peach &amp; Burgundy Flower Crown"}]},{"@type":"WebSite","@id":"https:\/\/floratiara.com\/#website","url":"https:\/\/floratiara.com\/","name":"Flora Tiara","description":"","publisher":{"@id":"https:\/\/floratiara.com\/#organization"},"potentialAction":[{"@type":"SearchAction","target":{"@type":"EntryPoint","urlTemplate":"https:\/\/floratiara.com\/?s={search_term_string}"},"query-input":{"@type":"PropertyValueSpecification","valueRequired":true,"valueName":"search_term_string"}}],"inLanguage":"pl-PL"},{"@type":"Organization","@id":"https:\/\/floratiara.com\/#organization","name":"Flora Tiara","url":"https:\/\/floratiara.com\/","logo":{"@type":"ImageObject","inLanguage":"pl-PL","@id":"https:\/\/floratiara.com\/#\/schema\/logo\/image\/","url":"https:\/\/floratiara.com\/wp-content\/uploads\/2024\/03\/flora-tiara-logo.png","contentUrl":"https:\/\/floratiara.com\/wp-content\/uploads\/2024\/03\/flora-tiara-logo.png","width":1024,"height":274,"caption":"Flora Tiara"},"image":{"@id":"https:\/\/floratiara.com\/#\/schema\/logo\/image\/"}}]}},"_links":{"self":[{"href":"https:\/\/floratiara.com\/pl\/wp-json\/wp\/v2\/product\/603","targetHints":{"allow":["GET"]}}],"collection":[{"href":"https:\/\/floratiara.com\/pl\/wp-json\/wp\/v2\/product"}],"about":[{"href":"https:\/\/floratiara.com\/pl\/wp-json\/wp\/v2\/types\/product"}],"wp:featuredmedia":[{"embeddable":true,"href":"https:\/\/floratiara.com\/pl\/wp-json\/wp\/v2\/media\/602"}],"wp:attachment":[{"href":"https:\/\/floratiara.com\/pl\/wp-json\/wp\/v2\/media?parent=603"}],"wp:term":[{"taxonomy":"product_brand","embeddable":true,"href":"https:\/\/floratiara.com\/pl\/wp-json\/wp\/v2\/product_brand?post=603"},{"taxonomy":"product_cat","embeddable":true,"href":"https:\/\/floratiara.com\/pl\/wp-json\/wp\/v2\/product_cat?post=603"},{"taxonomy":"product_tag","embeddable":true,"href":"https:\/\/floratiara.com\/pl\/wp-json\/wp\/v2\/product_tag?post=603"}],"curies":[{"name":"wp","href":"https:\/\/api.w.org\/{rel}","templated":true}]}}