{"id":629,"date":"2024-03-16T10:25:12","date_gmt":"2024-03-16T10:25:12","guid":{"rendered":"https:\/\/floratiara.com\/?post_type=product&#038;p=629"},"modified":"2025-07-22T03:50:46","modified_gmt":"2025-07-22T03:50:46","slug":"slubny-slubny-kwiatowy-nakrycie-glowy","status":"publish","type":"product","link":"https:\/\/floratiara.com\/pl\/p\/slubny-slubny-kwiatowy-nakrycie-glowy\/","title":{"rendered":"Elegancka opaska na g\u0142ow\u0119 z kwiatem bia\u0142ej r\u00f3\u017cy"},"content":{"rendered":"<p>Ozd\u00f3b si\u0119 czaruj\u0105cym pi\u0119knem naszej eleganckiej opaski z bia\u0142\u0105 r\u00f3\u017c\u0105. Ka\u017cda delikatna sztuczna r\u00f3\u017ca jest przepleciona zielonymi li\u015b\u0107mi, tworz\u0105c zapieraj\u0105cy dech w piersiach dodatek, kt\u00f3ry uzupe\u0142ni ka\u017cd\u0105 fryzur\u0119. Idealna dla narzeczonych, druhen lub uczestnik\u00f3w uroczysto\u015bci, ta opaska oferuje odrobin\u0119 romantyzmu i kaprysu, aby podnie\u015b\u0107 sw\u00f3j wygl\u0105d. Wszechstronne, bezpieczne dopasowanie zapewnia wygod\u0119 przez ca\u0142y wyj\u0105tkowy dzie\u0144. Zr\u00f3b wra\u017cenie na nast\u0119pnym wydarzeniu dzi\u0119ki tej wykwintnej opasce, kt\u00f3ra obiecuje hipnotyzowa\u0107 i inspirowa\u0107.<\/p><p>Sk\u0142ad: bia\u0142e sztuczne r\u00f3\u017ce, zielone li\u015bcie, czarna opaska na g\u0142ow\u0119<\/p>","protected":false},"excerpt":{"rendered":"<div style=\"width: 90%;text-align: left;margin: auto\"><p style=\"text-align:center\"><b>Od naszych r\u0105k do twojej g\u0142owy<\/b><br \/><i>Luksusowe korony kwiatowe na ka\u017cd\u0105 okazj\u0119<\/i><\/p><ul><li>\u2702\ufe0f Wykonane z dba\u0142o\u015bci\u0105 w sercu <b>Polska<\/b><\/li><li><b>Sk\u0142ad: bia\u0142e sztuczne r\u00f3\u017ce, zielone li\u015bcie, czarna opaska na g\u0142ow\u0119<\/b><\/li><\/ul><\/div>","protected":false},"featured_media":628,"template":"","meta":[],"product_brand":[],"product_cat":[68],"product_tag":[],"class_list":{"0":"post-629","1":"product","2":"type-product","3":"status-publish","4":"has-post-thumbnail","6":"product_cat-floral-headpiece-headband","8":"first","9":"instock","10":"shipping-taxable","11":"purchasable","12":"product-type-simple"},"yoast_head":"<!-- This site is optimized with the Yoast SEO plugin v25.9 - https:\/\/yoast.com\/wordpress\/plugins\/seo\/ -->\n<title>Elegant White Rose Flower Crown Headband - Flora Tiara<\/title>\n<meta name=\"description\" content=\"Unique and beautiful: Shop our Elegant White Rose Flower Crown Headband. Premium high quality headpiece to make the occasion unforgettable.\" \/>\n<meta name=\"robots\" content=\"index, follow, max-snippet:-1, max-image-preview:large, max-video-preview:-1\" \/>\n<link rel=\"canonical\" href=\"https:\/\/floratiara.com\/pl\/p\/slubny-slubny-kwiatowy-nakrycie-glowy\/\" \/>\n<meta property=\"og:locale\" content=\"pl_PL\" \/>\n<meta property=\"og:type\" content=\"article\" \/>\n<meta property=\"og:title\" content=\"Elegant White Rose Flower Crown Headband - Flora Tiara\" \/>\n<meta property=\"og:description\" content=\"Unique and beautiful: Shop our Elegant White Rose Flower Crown Headband. Premium high quality headpiece to make the occasion unforgettable.\" \/>\n<meta property=\"og:url\" content=\"https:\/\/floratiara.com\/pl\/p\/slubny-slubny-kwiatowy-nakrycie-glowy\/\" \/>\n<meta property=\"og:site_name\" content=\"Flora Tiara\" \/>\n<meta property=\"article:modified_time\" content=\"2025-07-22T03:50:46+00:00\" \/>\n<meta property=\"og:image\" content=\"https:\/\/floratiara.com\/wp-content\/uploads\/2024\/03\/HTB1ZccIafvsK1Rjy0Fiq6zwtXXax.webp\" \/>\n\t<meta property=\"og:image:width\" content=\"809\" \/>\n\t<meta property=\"og:image:height\" content=\"809\" \/>\n\t<meta property=\"og:image:type\" content=\"image\/webp\" \/>\n<meta name=\"twitter:card\" content=\"summary_large_image\" \/>\n<script type=\"application\/ld+json\" class=\"yoast-schema-graph\">{\"@context\":\"https:\/\/schema.org\",\"@graph\":[{\"@type\":\"WebPage\",\"@id\":\"https:\/\/floratiara.com\/p\/bridal-wedding-floral-headpiece\/\",\"url\":\"https:\/\/floratiara.com\/p\/bridal-wedding-floral-headpiece\/\",\"name\":\"Elegant White Rose Flower Crown Headband - Flora Tiara\",\"isPartOf\":{\"@id\":\"https:\/\/floratiara.com\/#website\"},\"primaryImageOfPage\":{\"@id\":\"https:\/\/floratiara.com\/p\/bridal-wedding-floral-headpiece\/#primaryimage\"},\"image\":{\"@id\":\"https:\/\/floratiara.com\/p\/bridal-wedding-floral-headpiece\/#primaryimage\"},\"thumbnailUrl\":\"https:\/\/floratiara.com\/wp-content\/uploads\/2024\/03\/HTB1ZccIafvsK1Rjy0Fiq6zwtXXax.webp\",\"datePublished\":\"2024-03-16T10:25:12+00:00\",\"dateModified\":\"2025-07-22T03:50:46+00:00\",\"description\":\"Unique and beautiful: Shop our Elegant White Rose Flower Crown Headband. Premium high quality headpiece to make the occasion unforgettable.\",\"breadcrumb\":{\"@id\":\"https:\/\/floratiara.com\/p\/bridal-wedding-floral-headpiece\/#breadcrumb\"},\"inLanguage\":\"pl-PL\",\"potentialAction\":[{\"@type\":\"ReadAction\",\"target\":[\"https:\/\/floratiara.com\/p\/bridal-wedding-floral-headpiece\/\"]}]},{\"@type\":\"ImageObject\",\"inLanguage\":\"pl-PL\",\"@id\":\"https:\/\/floratiara.com\/p\/bridal-wedding-floral-headpiece\/#primaryimage\",\"url\":\"https:\/\/floratiara.com\/wp-content\/uploads\/2024\/03\/HTB1ZccIafvsK1Rjy0Fiq6zwtXXax.webp\",\"contentUrl\":\"https:\/\/floratiara.com\/wp-content\/uploads\/2024\/03\/HTB1ZccIafvsK1Rjy0Fiq6zwtXXax.webp\",\"width\":809,\"height\":809},{\"@type\":\"BreadcrumbList\",\"@id\":\"https:\/\/floratiara.com\/p\/bridal-wedding-floral-headpiece\/#breadcrumb\",\"itemListElement\":[{\"@type\":\"ListItem\",\"position\":1,\"name\":\"Home\",\"item\":\"https:\/\/floratiara.com\/\"},{\"@type\":\"ListItem\",\"position\":2,\"name\":\"Shop\",\"item\":\"https:\/\/floratiara.com\/shop\/\"},{\"@type\":\"ListItem\",\"position\":3,\"name\":\"Elegant White Rose Flower Crown Headband\"}]},{\"@type\":\"WebSite\",\"@id\":\"https:\/\/floratiara.com\/#website\",\"url\":\"https:\/\/floratiara.com\/\",\"name\":\"Flora Tiara\",\"description\":\"\",\"publisher\":{\"@id\":\"https:\/\/floratiara.com\/#organization\"},\"potentialAction\":[{\"@type\":\"SearchAction\",\"target\":{\"@type\":\"EntryPoint\",\"urlTemplate\":\"https:\/\/floratiara.com\/?s={search_term_string}\"},\"query-input\":{\"@type\":\"PropertyValueSpecification\",\"valueRequired\":true,\"valueName\":\"search_term_string\"}}],\"inLanguage\":\"pl-PL\"},{\"@type\":\"Organization\",\"@id\":\"https:\/\/floratiara.com\/#organization\",\"name\":\"Flora Tiara\",\"url\":\"https:\/\/floratiara.com\/\",\"logo\":{\"@type\":\"ImageObject\",\"inLanguage\":\"pl-PL\",\"@id\":\"https:\/\/floratiara.com\/#\/schema\/logo\/image\/\",\"url\":\"https:\/\/floratiara.com\/wp-content\/uploads\/2024\/03\/flora-tiara-logo.png\",\"contentUrl\":\"https:\/\/floratiara.com\/wp-content\/uploads\/2024\/03\/flora-tiara-logo.png\",\"width\":1024,\"height\":274,\"caption\":\"Flora Tiara\"},\"image\":{\"@id\":\"https:\/\/floratiara.com\/#\/schema\/logo\/image\/\"}}]}<\/script>\n<!-- \/ Yoast SEO plugin. -->","yoast_head_json":{"title":"Elegancka opaska na g\u0142ow\u0119 z kwiatem bia\u0142ej r\u00f3\u017cy - Flora Tiara","description":"Wyj\u0105tkowa i pi\u0119kna: Kup nasz\u0105 eleganck\u0105 opask\u0119 z kwiatami bia\u0142ej r\u00f3\u017cy. Wysokiej jako\u015bci opaska na g\u0142ow\u0119, kt\u00f3ra sprawi, \u017ce okazja b\u0119dzie niezapomniana.","robots":{"index":"index","follow":"follow","max-snippet":"max-snippet:-1","max-image-preview":"max-image-preview:large","max-video-preview":"max-video-preview:-1"},"canonical":"https:\/\/floratiara.com\/pl\/p\/slubny-slubny-kwiatowy-nakrycie-glowy\/","og_locale":"pl_PL","og_type":"article","og_title":"Elegant White Rose Flower Crown Headband - Flora Tiara","og_description":"Unique and beautiful: Shop our Elegant White Rose Flower Crown Headband. Premium high quality headpiece to make the occasion unforgettable.","og_url":"https:\/\/floratiara.com\/pl\/p\/slubny-slubny-kwiatowy-nakrycie-glowy\/","og_site_name":"Flora Tiara","article_modified_time":"2025-07-22T03:50:46+00:00","og_image":[{"width":809,"height":809,"url":"https:\/\/floratiara.com\/wp-content\/uploads\/2024\/03\/HTB1ZccIafvsK1Rjy0Fiq6zwtXXax.webp","type":"image\/webp"}],"twitter_card":"summary_large_image","schema":{"@context":"https:\/\/schema.org","@graph":[{"@type":"WebPage","@id":"https:\/\/floratiara.com\/p\/bridal-wedding-floral-headpiece\/","url":"https:\/\/floratiara.com\/p\/bridal-wedding-floral-headpiece\/","name":"Elegancka opaska na g\u0142ow\u0119 z kwiatem bia\u0142ej r\u00f3\u017cy - Flora Tiara","isPartOf":{"@id":"https:\/\/floratiara.com\/#website"},"primaryImageOfPage":{"@id":"https:\/\/floratiara.com\/p\/bridal-wedding-floral-headpiece\/#primaryimage"},"image":{"@id":"https:\/\/floratiara.com\/p\/bridal-wedding-floral-headpiece\/#primaryimage"},"thumbnailUrl":"https:\/\/floratiara.com\/wp-content\/uploads\/2024\/03\/HTB1ZccIafvsK1Rjy0Fiq6zwtXXax.webp","datePublished":"2024-03-16T10:25:12+00:00","dateModified":"2025-07-22T03:50:46+00:00","description":"Wyj\u0105tkowa i pi\u0119kna: Kup nasz\u0105 eleganck\u0105 opask\u0119 z kwiatami bia\u0142ej r\u00f3\u017cy. Wysokiej jako\u015bci opaska na g\u0142ow\u0119, kt\u00f3ra sprawi, \u017ce okazja b\u0119dzie niezapomniana.","breadcrumb":{"@id":"https:\/\/floratiara.com\/p\/bridal-wedding-floral-headpiece\/#breadcrumb"},"inLanguage":"pl-PL","potentialAction":[{"@type":"ReadAction","target":["https:\/\/floratiara.com\/p\/bridal-wedding-floral-headpiece\/"]}]},{"@type":"ImageObject","inLanguage":"pl-PL","@id":"https:\/\/floratiara.com\/p\/bridal-wedding-floral-headpiece\/#primaryimage","url":"https:\/\/floratiara.com\/wp-content\/uploads\/2024\/03\/HTB1ZccIafvsK1Rjy0Fiq6zwtXXax.webp","contentUrl":"https:\/\/floratiara.com\/wp-content\/uploads\/2024\/03\/HTB1ZccIafvsK1Rjy0Fiq6zwtXXax.webp","width":809,"height":809},{"@type":"BreadcrumbList","@id":"https:\/\/floratiara.com\/p\/bridal-wedding-floral-headpiece\/#breadcrumb","itemListElement":[{"@type":"ListItem","position":1,"name":"Home","item":"https:\/\/floratiara.com\/"},{"@type":"ListItem","position":2,"name":"Shop","item":"https:\/\/floratiara.com\/shop\/"},{"@type":"ListItem","position":3,"name":"Elegant White Rose Flower Crown Headband"}]},{"@type":"WebSite","@id":"https:\/\/floratiara.com\/#website","url":"https:\/\/floratiara.com\/","name":"Flora Tiara","description":"","publisher":{"@id":"https:\/\/floratiara.com\/#organization"},"potentialAction":[{"@type":"SearchAction","target":{"@type":"EntryPoint","urlTemplate":"https:\/\/floratiara.com\/?s={search_term_string}"},"query-input":{"@type":"PropertyValueSpecification","valueRequired":true,"valueName":"search_term_string"}}],"inLanguage":"pl-PL"},{"@type":"Organization","@id":"https:\/\/floratiara.com\/#organization","name":"Flora Tiara","url":"https:\/\/floratiara.com\/","logo":{"@type":"ImageObject","inLanguage":"pl-PL","@id":"https:\/\/floratiara.com\/#\/schema\/logo\/image\/","url":"https:\/\/floratiara.com\/wp-content\/uploads\/2024\/03\/flora-tiara-logo.png","contentUrl":"https:\/\/floratiara.com\/wp-content\/uploads\/2024\/03\/flora-tiara-logo.png","width":1024,"height":274,"caption":"Flora Tiara"},"image":{"@id":"https:\/\/floratiara.com\/#\/schema\/logo\/image\/"}}]}},"_links":{"self":[{"href":"https:\/\/floratiara.com\/pl\/wp-json\/wp\/v2\/product\/629","targetHints":{"allow":["GET"]}}],"collection":[{"href":"https:\/\/floratiara.com\/pl\/wp-json\/wp\/v2\/product"}],"about":[{"href":"https:\/\/floratiara.com\/pl\/wp-json\/wp\/v2\/types\/product"}],"wp:featuredmedia":[{"embeddable":true,"href":"https:\/\/floratiara.com\/pl\/wp-json\/wp\/v2\/media\/628"}],"wp:attachment":[{"href":"https:\/\/floratiara.com\/pl\/wp-json\/wp\/v2\/media?parent=629"}],"wp:term":[{"taxonomy":"product_brand","embeddable":true,"href":"https:\/\/floratiara.com\/pl\/wp-json\/wp\/v2\/product_brand?post=629"},{"taxonomy":"product_cat","embeddable":true,"href":"https:\/\/floratiara.com\/pl\/wp-json\/wp\/v2\/product_cat?post=629"},{"taxonomy":"product_tag","embeddable":true,"href":"https:\/\/floratiara.com\/pl\/wp-json\/wp\/v2\/product_tag?post=629"}],"curies":[{"name":"wp","href":"https:\/\/api.w.org\/{rel}","templated":true}]}}