{"id":670,"date":"2024-03-16T10:35:39","date_gmt":"2024-03-16T10:35:39","guid":{"rendered":"https:\/\/floratiara.com\/?post_type=product&#038;p=670"},"modified":"2025-04-04T03:59:18","modified_gmt":"2025-04-04T03:59:18","slug":"kwiatowa-tiara-dla-dziewczynki-inspirowana-stylem-vintage","status":"publish","type":"product","link":"https:\/\/floratiara.com\/pl\/p\/kwiatowa-tiara-dla-dziewczynki-inspirowana-stylem-vintage\/","title":{"rendered":"Czaruj\u0105ca r\u00f3\u017cowa opaska na g\u0142ow\u0119 z kwiatem r\u00f3\u017cy"},"content":{"rendered":"<p>Zanurz si\u0119 w magii naszej kwiatowej korony \"Blossom Bliss\", idealnej na wyj\u0105tkowy dzie\u0144 Twojego dziecka. Ozd\u00f3b j\u0105 t\u0105 urocz\u0105, r\u00f3\u017cow\u0105 opask\u0105 na g\u0142ow\u0119, w kt\u00f3rej delikatne materia\u0142owe kwiaty \u0142\u0105cz\u0105 si\u0119 z bajkow\u0105 elegancj\u0105. Regulowana koronkowa wst\u0105\u017cka zapewnia idealne dopasowanie, dodaj\u0105c klasycznego uroku urodzinom lub sesjom zdj\u0119ciowym. Nadaj swojemu wygl\u0105dowi ponadczasowe pi\u0119kno tego r\u0119cznie wykonanego akcesorium. Zdob\u0105d\u017a sw\u00f3j wykwintny element ju\u017c dzi\u015b i pozw\u00f3l jej zab\u0142ysn\u0105\u0107 czaruj\u0105cym kwiatowym akcentem.<\/p><p>Sk\u0142ad: r\u00f3\u017cowe r\u00f3\u017ce z tkaniny, ma\u0142e r\u00f3\u017cowe i ko\u015bci s\u0142oniowej kwiaty z tkaniny, koronkowa wst\u0105\u017cka.<\/p>","protected":false},"excerpt":{"rendered":"<div style=\"width: 90%;text-align: left;margin: auto\"><p style=\"text-align:center\"><b>Od naszych r\u0105k do twojej g\u0142owy<\/b><br \/><i>Luksusowe korony kwiatowe na ka\u017cd\u0105 okazj\u0119<\/i><\/p><ul><li>\u2702\ufe0f Wykonane z dba\u0142o\u015bci\u0105 w sercu <b>Polska<\/b><\/li><li><b>Sk\u0142ad: r\u00f3\u017cowe r\u00f3\u017ce z tkaniny, ma\u0142e r\u00f3\u017cowe i ko\u015bci s\u0142oniowej kwiaty z tkaniny, koronkowa wst\u0105\u017cka.<\/b><\/li><\/ul><\/div>","protected":false},"featured_media":669,"template":"","meta":[],"product_brand":[],"product_cat":[80],"product_tag":[],"class_list":{"0":"post-670","1":"product","2":"type-product","3":"status-publish","4":"has-post-thumbnail","6":"product_cat-toddler-flower-crown","8":"first","9":"outofstock","10":"shipping-taxable","11":"purchasable","12":"product-type-simple"},"yoast_head":"<!-- This site is optimized with the Yoast SEO plugin v25.9 - https:\/\/yoast.com\/wordpress\/plugins\/seo\/ -->\n<title>Enchanting Pink Rose Flower Crown Headband - Flora Tiara<\/title>\n<meta name=\"description\" content=\"Unique and beautiful: Shop our Enchanting Pink Rose Flower Crown Headband. Premium high quality headpiece to make the occasion unforgettable.\" \/>\n<meta name=\"robots\" content=\"index, follow, max-snippet:-1, max-image-preview:large, max-video-preview:-1\" \/>\n<link rel=\"canonical\" href=\"https:\/\/floratiara.com\/pl\/p\/kwiatowa-tiara-dla-dziewczynki-inspirowana-stylem-vintage\/\" \/>\n<meta property=\"og:locale\" content=\"pl_PL\" \/>\n<meta property=\"og:type\" content=\"article\" \/>\n<meta property=\"og:title\" content=\"Enchanting Pink Rose Flower Crown Headband - Flora Tiara\" \/>\n<meta property=\"og:description\" content=\"Unique and beautiful: Shop our Enchanting Pink Rose Flower Crown Headband. Premium high quality headpiece to make the occasion unforgettable.\" \/>\n<meta property=\"og:url\" content=\"https:\/\/floratiara.com\/pl\/p\/kwiatowa-tiara-dla-dziewczynki-inspirowana-stylem-vintage\/\" \/>\n<meta property=\"og:site_name\" content=\"Flora Tiara\" \/>\n<meta property=\"article:modified_time\" content=\"2025-04-04T03:59:18+00:00\" \/>\n<meta property=\"og:image\" content=\"https:\/\/floratiara.com\/wp-content\/uploads\/2024\/03\/S758531f3abf74eb8ad7599bdfef95296B.webp\" \/>\n\t<meta property=\"og:image:width\" content=\"800\" \/>\n\t<meta property=\"og:image:height\" content=\"800\" \/>\n\t<meta property=\"og:image:type\" content=\"image\/webp\" \/>\n<meta name=\"twitter:card\" content=\"summary_large_image\" \/>\n<meta name=\"twitter:label1\" content=\"Szacowany czas czytania\" \/>\n\t<meta name=\"twitter:data1\" content=\"1 minuta\" \/>\n<script type=\"application\/ld+json\" class=\"yoast-schema-graph\">{\"@context\":\"https:\/\/schema.org\",\"@graph\":[{\"@type\":\"WebPage\",\"@id\":\"https:\/\/floratiara.com\/p\/vintage-inspired-baby-girls-floral-tiara\/\",\"url\":\"https:\/\/floratiara.com\/p\/vintage-inspired-baby-girls-floral-tiara\/\",\"name\":\"Enchanting Pink Rose Flower Crown Headband - Flora Tiara\",\"isPartOf\":{\"@id\":\"https:\/\/floratiara.com\/#website\"},\"primaryImageOfPage\":{\"@id\":\"https:\/\/floratiara.com\/p\/vintage-inspired-baby-girls-floral-tiara\/#primaryimage\"},\"image\":{\"@id\":\"https:\/\/floratiara.com\/p\/vintage-inspired-baby-girls-floral-tiara\/#primaryimage\"},\"thumbnailUrl\":\"https:\/\/floratiara.com\/wp-content\/uploads\/2024\/03\/S758531f3abf74eb8ad7599bdfef95296B.webp\",\"datePublished\":\"2024-03-16T10:35:39+00:00\",\"dateModified\":\"2025-04-04T03:59:18+00:00\",\"description\":\"Unique and beautiful: Shop our Enchanting Pink Rose Flower Crown Headband. Premium high quality headpiece to make the occasion unforgettable.\",\"breadcrumb\":{\"@id\":\"https:\/\/floratiara.com\/p\/vintage-inspired-baby-girls-floral-tiara\/#breadcrumb\"},\"inLanguage\":\"pl-PL\",\"potentialAction\":[{\"@type\":\"ReadAction\",\"target\":[\"https:\/\/floratiara.com\/p\/vintage-inspired-baby-girls-floral-tiara\/\"]}]},{\"@type\":\"ImageObject\",\"inLanguage\":\"pl-PL\",\"@id\":\"https:\/\/floratiara.com\/p\/vintage-inspired-baby-girls-floral-tiara\/#primaryimage\",\"url\":\"https:\/\/floratiara.com\/wp-content\/uploads\/2024\/03\/S758531f3abf74eb8ad7599bdfef95296B.webp\",\"contentUrl\":\"https:\/\/floratiara.com\/wp-content\/uploads\/2024\/03\/S758531f3abf74eb8ad7599bdfef95296B.webp\",\"width\":800,\"height\":800},{\"@type\":\"BreadcrumbList\",\"@id\":\"https:\/\/floratiara.com\/p\/vintage-inspired-baby-girls-floral-tiara\/#breadcrumb\",\"itemListElement\":[{\"@type\":\"ListItem\",\"position\":1,\"name\":\"Home\",\"item\":\"https:\/\/floratiara.com\/\"},{\"@type\":\"ListItem\",\"position\":2,\"name\":\"Shop\",\"item\":\"https:\/\/floratiara.com\/shop\/\"},{\"@type\":\"ListItem\",\"position\":3,\"name\":\"Enchanting Pink Rose Flower Crown Headband\"}]},{\"@type\":\"WebSite\",\"@id\":\"https:\/\/floratiara.com\/#website\",\"url\":\"https:\/\/floratiara.com\/\",\"name\":\"Flora Tiara\",\"description\":\"\",\"publisher\":{\"@id\":\"https:\/\/floratiara.com\/#organization\"},\"potentialAction\":[{\"@type\":\"SearchAction\",\"target\":{\"@type\":\"EntryPoint\",\"urlTemplate\":\"https:\/\/floratiara.com\/?s={search_term_string}\"},\"query-input\":{\"@type\":\"PropertyValueSpecification\",\"valueRequired\":true,\"valueName\":\"search_term_string\"}}],\"inLanguage\":\"pl-PL\"},{\"@type\":\"Organization\",\"@id\":\"https:\/\/floratiara.com\/#organization\",\"name\":\"Flora Tiara\",\"url\":\"https:\/\/floratiara.com\/\",\"logo\":{\"@type\":\"ImageObject\",\"inLanguage\":\"pl-PL\",\"@id\":\"https:\/\/floratiara.com\/#\/schema\/logo\/image\/\",\"url\":\"https:\/\/floratiara.com\/wp-content\/uploads\/2024\/03\/flora-tiara-logo.png\",\"contentUrl\":\"https:\/\/floratiara.com\/wp-content\/uploads\/2024\/03\/flora-tiara-logo.png\",\"width\":1024,\"height\":274,\"caption\":\"Flora Tiara\"},\"image\":{\"@id\":\"https:\/\/floratiara.com\/#\/schema\/logo\/image\/\"}}]}<\/script>\n<!-- \/ Yoast SEO plugin. -->","yoast_head_json":{"title":"Czaruj\u0105ca r\u00f3\u017cowa opaska na g\u0142ow\u0119 z kwiatem r\u00f3\u017cy - Flora Tiara","description":"Wyj\u0105tkowa i pi\u0119kna: Kup nasz\u0105 czaruj\u0105c\u0105 opask\u0119 na g\u0142ow\u0119 z r\u00f3\u017cowymi r\u00f3\u017cami. Wysokiej jako\u015bci opaska na g\u0142ow\u0119, kt\u00f3ra sprawi, \u017ce okazja b\u0119dzie niezapomniana.","robots":{"index":"index","follow":"follow","max-snippet":"max-snippet:-1","max-image-preview":"max-image-preview:large","max-video-preview":"max-video-preview:-1"},"canonical":"https:\/\/floratiara.com\/pl\/p\/kwiatowa-tiara-dla-dziewczynki-inspirowana-stylem-vintage\/","og_locale":"pl_PL","og_type":"article","og_title":"Enchanting Pink Rose Flower Crown Headband - Flora Tiara","og_description":"Unique and beautiful: Shop our Enchanting Pink Rose Flower Crown Headband. Premium high quality headpiece to make the occasion unforgettable.","og_url":"https:\/\/floratiara.com\/pl\/p\/kwiatowa-tiara-dla-dziewczynki-inspirowana-stylem-vintage\/","og_site_name":"Flora Tiara","article_modified_time":"2025-04-04T03:59:18+00:00","og_image":[{"width":800,"height":800,"url":"https:\/\/floratiara.com\/wp-content\/uploads\/2024\/03\/S758531f3abf74eb8ad7599bdfef95296B.webp","type":"image\/webp"}],"twitter_card":"summary_large_image","twitter_misc":{"Szacowany czas czytania":"1 minuta"},"schema":{"@context":"https:\/\/schema.org","@graph":[{"@type":"WebPage","@id":"https:\/\/floratiara.com\/p\/vintage-inspired-baby-girls-floral-tiara\/","url":"https:\/\/floratiara.com\/p\/vintage-inspired-baby-girls-floral-tiara\/","name":"Czaruj\u0105ca r\u00f3\u017cowa opaska na g\u0142ow\u0119 z kwiatem r\u00f3\u017cy - Flora Tiara","isPartOf":{"@id":"https:\/\/floratiara.com\/#website"},"primaryImageOfPage":{"@id":"https:\/\/floratiara.com\/p\/vintage-inspired-baby-girls-floral-tiara\/#primaryimage"},"image":{"@id":"https:\/\/floratiara.com\/p\/vintage-inspired-baby-girls-floral-tiara\/#primaryimage"},"thumbnailUrl":"https:\/\/floratiara.com\/wp-content\/uploads\/2024\/03\/S758531f3abf74eb8ad7599bdfef95296B.webp","datePublished":"2024-03-16T10:35:39+00:00","dateModified":"2025-04-04T03:59:18+00:00","description":"Wyj\u0105tkowa i pi\u0119kna: Kup nasz\u0105 czaruj\u0105c\u0105 opask\u0119 na g\u0142ow\u0119 z r\u00f3\u017cowymi r\u00f3\u017cami. Wysokiej jako\u015bci opaska na g\u0142ow\u0119, kt\u00f3ra sprawi, \u017ce okazja b\u0119dzie niezapomniana.","breadcrumb":{"@id":"https:\/\/floratiara.com\/p\/vintage-inspired-baby-girls-floral-tiara\/#breadcrumb"},"inLanguage":"pl-PL","potentialAction":[{"@type":"ReadAction","target":["https:\/\/floratiara.com\/p\/vintage-inspired-baby-girls-floral-tiara\/"]}]},{"@type":"ImageObject","inLanguage":"pl-PL","@id":"https:\/\/floratiara.com\/p\/vintage-inspired-baby-girls-floral-tiara\/#primaryimage","url":"https:\/\/floratiara.com\/wp-content\/uploads\/2024\/03\/S758531f3abf74eb8ad7599bdfef95296B.webp","contentUrl":"https:\/\/floratiara.com\/wp-content\/uploads\/2024\/03\/S758531f3abf74eb8ad7599bdfef95296B.webp","width":800,"height":800},{"@type":"BreadcrumbList","@id":"https:\/\/floratiara.com\/p\/vintage-inspired-baby-girls-floral-tiara\/#breadcrumb","itemListElement":[{"@type":"ListItem","position":1,"name":"Home","item":"https:\/\/floratiara.com\/"},{"@type":"ListItem","position":2,"name":"Shop","item":"https:\/\/floratiara.com\/shop\/"},{"@type":"ListItem","position":3,"name":"Enchanting Pink Rose Flower Crown Headband"}]},{"@type":"WebSite","@id":"https:\/\/floratiara.com\/#website","url":"https:\/\/floratiara.com\/","name":"Flora Tiara","description":"","publisher":{"@id":"https:\/\/floratiara.com\/#organization"},"potentialAction":[{"@type":"SearchAction","target":{"@type":"EntryPoint","urlTemplate":"https:\/\/floratiara.com\/?s={search_term_string}"},"query-input":{"@type":"PropertyValueSpecification","valueRequired":true,"valueName":"search_term_string"}}],"inLanguage":"pl-PL"},{"@type":"Organization","@id":"https:\/\/floratiara.com\/#organization","name":"Flora Tiara","url":"https:\/\/floratiara.com\/","logo":{"@type":"ImageObject","inLanguage":"pl-PL","@id":"https:\/\/floratiara.com\/#\/schema\/logo\/image\/","url":"https:\/\/floratiara.com\/wp-content\/uploads\/2024\/03\/flora-tiara-logo.png","contentUrl":"https:\/\/floratiara.com\/wp-content\/uploads\/2024\/03\/flora-tiara-logo.png","width":1024,"height":274,"caption":"Flora Tiara"},"image":{"@id":"https:\/\/floratiara.com\/#\/schema\/logo\/image\/"}}]}},"_links":{"self":[{"href":"https:\/\/floratiara.com\/pl\/wp-json\/wp\/v2\/product\/670","targetHints":{"allow":["GET"]}}],"collection":[{"href":"https:\/\/floratiara.com\/pl\/wp-json\/wp\/v2\/product"}],"about":[{"href":"https:\/\/floratiara.com\/pl\/wp-json\/wp\/v2\/types\/product"}],"wp:featuredmedia":[{"embeddable":true,"href":"https:\/\/floratiara.com\/pl\/wp-json\/wp\/v2\/media\/669"}],"wp:attachment":[{"href":"https:\/\/floratiara.com\/pl\/wp-json\/wp\/v2\/media?parent=670"}],"wp:term":[{"taxonomy":"product_brand","embeddable":true,"href":"https:\/\/floratiara.com\/pl\/wp-json\/wp\/v2\/product_brand?post=670"},{"taxonomy":"product_cat","embeddable":true,"href":"https:\/\/floratiara.com\/pl\/wp-json\/wp\/v2\/product_cat?post=670"},{"taxonomy":"product_tag","embeddable":true,"href":"https:\/\/floratiara.com\/pl\/wp-json\/wp\/v2\/product_tag?post=670"}],"curies":[{"name":"wp","href":"https:\/\/api.w.org\/{rel}","templated":true}]}}