{"id":696,"date":"2024-03-16T10:36:02","date_gmt":"2024-03-16T10:36:02","guid":{"rendered":"https:\/\/floratiara.com\/?post_type=product&#038;p=696"},"modified":"2025-03-04T04:42:47","modified_gmt":"2025-03-04T04:42:47","slug":"elegancka-czapka-z-roza-w-kolorze-kosci-sloniowej","status":"publish","type":"product","link":"https:\/\/floratiara.com\/pl\/p\/elegancka-czapka-z-roza-w-kolorze-kosci-sloniowej\/","title":{"rendered":"Kwiatowa opaska na g\u0142ow\u0119 Ivory Blossom - Elegancka kwiatowa korona"},"content":{"rendered":"<p>Odkryj eteryczny urok dzi\u0119ki naszej koronie kwiatowej z ko\u015bci s\u0142oniowej, r\u0119cznie wykonanemu arcydzie\u0142u zaprojektowanemu, by oczarowa\u0107. Ka\u017cda r\u00f3\u017ca z tkaniny w kolorze ko\u015bci s\u0142oniowej jest kunsztownie u\u0142o\u017cona, aby przywo\u0142ywa\u0107 elegancj\u0119, dzi\u0119ki czemu jest idealnym dodatkiem na wesela, festiwale lub ekskluzywne spotkania. Regulowana, przezroczysta wst\u0105\u017cka zapewnia indywidualne dopasowanie do ka\u017cdego rozmiaru g\u0142owy, oferuj\u0105c komfort i klasyczne wyrafinowanie. Podnie\u015b sw\u00f3j styl za pomoc\u0105 tego wyrazistego elementu, b\u0119d\u0105cego po\u0142\u0105czeniem rzemie\u015blniczego pi\u0119kna i ponadczasowego wdzi\u0119ku. Zr\u00f3b niezapomniane wra\u017cenie i uciele\u015bnij esencj\u0119 czystego szyku - ta kwiatowa korona to nie tylko dodatek, to ukoronowanie ka\u017cdego stroju.<\/p><p>Sk\u0142ad: r\u00f3\u017ce z tkaniny w kolorze ko\u015bci s\u0142oniowej, krawat z czystej wst\u0105\u017cki.<\/p>","protected":false},"excerpt":{"rendered":"<div style=\"width: 90%;text-align: left;margin: auto\"><p style=\"text-align:center\"><b>Od naszych r\u0105k do twojej g\u0142owy<\/b><br \/><i>Luksusowe korony kwiatowe na ka\u017cd\u0105 okazj\u0119<\/i><\/p><ul><li>\u2702\ufe0f Wykonane z dba\u0142o\u015bci\u0105 w sercu <b>Polska<\/b><\/li><li><b>Sk\u0142ad: r\u00f3\u017ce z tkaniny w kolorze ko\u015bci s\u0142oniowej, krawat z przezroczystej wst\u0105\u017cki.<\/b><\/li><\/ul><\/div>","protected":false},"featured_media":695,"template":"","meta":[],"product_brand":[],"product_cat":[80],"product_tag":[],"class_list":{"0":"post-696","1":"product","2":"type-product","3":"status-publish","4":"has-post-thumbnail","6":"product_cat-toddler-flower-crown","8":"first","9":"instock","10":"shipping-taxable","11":"purchasable","12":"product-type-simple"},"yoast_head":"<!-- This site is optimized with the Yoast SEO plugin v25.9 - https:\/\/yoast.com\/wordpress\/plugins\/seo\/ -->\n<title>Ivory Blossom Floral Headband - Elegant Flower Crown - Flora Tiara<\/title>\n<meta name=\"description\" content=\"Unique and beautiful: Shop our Ivory Blossom Floral Headband - Elegant Flower Crown. Premium high quality headpiece to make the occasion unforgettable.\" \/>\n<meta name=\"robots\" content=\"index, follow, max-snippet:-1, max-image-preview:large, max-video-preview:-1\" \/>\n<link rel=\"canonical\" href=\"https:\/\/floratiara.com\/pl\/p\/elegancka-czapka-z-roza-w-kolorze-kosci-sloniowej\/\" \/>\n<meta property=\"og:locale\" content=\"pl_PL\" \/>\n<meta property=\"og:type\" content=\"article\" \/>\n<meta property=\"og:title\" content=\"Ivory Blossom Floral Headband - Elegant Flower Crown - Flora Tiara\" \/>\n<meta property=\"og:description\" content=\"Unique and beautiful: Shop our Ivory Blossom Floral Headband - Elegant Flower Crown. Premium high quality headpiece to make the occasion unforgettable.\" \/>\n<meta property=\"og:url\" content=\"https:\/\/floratiara.com\/pl\/p\/elegancka-czapka-z-roza-w-kolorze-kosci-sloniowej\/\" \/>\n<meta property=\"og:site_name\" content=\"Flora Tiara\" \/>\n<meta property=\"article:modified_time\" content=\"2025-03-04T04:42:47+00:00\" \/>\n<meta property=\"og:image\" content=\"https:\/\/floratiara.com\/wp-content\/uploads\/2024\/03\/Sc87b3acb0c634ecc8c037ab9ed5f68b4w.webp\" \/>\n\t<meta property=\"og:image:width\" content=\"800\" \/>\n\t<meta property=\"og:image:height\" content=\"800\" \/>\n\t<meta property=\"og:image:type\" content=\"image\/webp\" \/>\n<meta name=\"twitter:card\" content=\"summary_large_image\" \/>\n<meta name=\"twitter:label1\" content=\"Szacowany czas czytania\" \/>\n\t<meta name=\"twitter:data1\" content=\"1 minuta\" \/>\n<script type=\"application\/ld+json\" class=\"yoast-schema-graph\">{\"@context\":\"https:\/\/schema.org\",\"@graph\":[{\"@type\":\"WebPage\",\"@id\":\"https:\/\/floratiara.com\/p\/elegant-ivory-rose-headpiece\/\",\"url\":\"https:\/\/floratiara.com\/p\/elegant-ivory-rose-headpiece\/\",\"name\":\"Ivory Blossom Floral Headband - Elegant Flower Crown - Flora Tiara\",\"isPartOf\":{\"@id\":\"https:\/\/floratiara.com\/#website\"},\"primaryImageOfPage\":{\"@id\":\"https:\/\/floratiara.com\/p\/elegant-ivory-rose-headpiece\/#primaryimage\"},\"image\":{\"@id\":\"https:\/\/floratiara.com\/p\/elegant-ivory-rose-headpiece\/#primaryimage\"},\"thumbnailUrl\":\"https:\/\/floratiara.com\/wp-content\/uploads\/2024\/03\/Sc87b3acb0c634ecc8c037ab9ed5f68b4w.webp\",\"datePublished\":\"2024-03-16T10:36:02+00:00\",\"dateModified\":\"2025-03-04T04:42:47+00:00\",\"description\":\"Unique and beautiful: Shop our Ivory Blossom Floral Headband - Elegant Flower Crown. Premium high quality headpiece to make the occasion unforgettable.\",\"breadcrumb\":{\"@id\":\"https:\/\/floratiara.com\/p\/elegant-ivory-rose-headpiece\/#breadcrumb\"},\"inLanguage\":\"pl-PL\",\"potentialAction\":[{\"@type\":\"ReadAction\",\"target\":[\"https:\/\/floratiara.com\/p\/elegant-ivory-rose-headpiece\/\"]}]},{\"@type\":\"ImageObject\",\"inLanguage\":\"pl-PL\",\"@id\":\"https:\/\/floratiara.com\/p\/elegant-ivory-rose-headpiece\/#primaryimage\",\"url\":\"https:\/\/floratiara.com\/wp-content\/uploads\/2024\/03\/Sc87b3acb0c634ecc8c037ab9ed5f68b4w.webp\",\"contentUrl\":\"https:\/\/floratiara.com\/wp-content\/uploads\/2024\/03\/Sc87b3acb0c634ecc8c037ab9ed5f68b4w.webp\",\"width\":800,\"height\":800},{\"@type\":\"BreadcrumbList\",\"@id\":\"https:\/\/floratiara.com\/p\/elegant-ivory-rose-headpiece\/#breadcrumb\",\"itemListElement\":[{\"@type\":\"ListItem\",\"position\":1,\"name\":\"Home\",\"item\":\"https:\/\/floratiara.com\/\"},{\"@type\":\"ListItem\",\"position\":2,\"name\":\"Shop\",\"item\":\"https:\/\/floratiara.com\/shop\/\"},{\"@type\":\"ListItem\",\"position\":3,\"name\":\"Ivory Blossom Floral Headband &#8211; Elegant Flower Crown\"}]},{\"@type\":\"WebSite\",\"@id\":\"https:\/\/floratiara.com\/#website\",\"url\":\"https:\/\/floratiara.com\/\",\"name\":\"Flora Tiara\",\"description\":\"\",\"publisher\":{\"@id\":\"https:\/\/floratiara.com\/#organization\"},\"potentialAction\":[{\"@type\":\"SearchAction\",\"target\":{\"@type\":\"EntryPoint\",\"urlTemplate\":\"https:\/\/floratiara.com\/?s={search_term_string}\"},\"query-input\":{\"@type\":\"PropertyValueSpecification\",\"valueRequired\":true,\"valueName\":\"search_term_string\"}}],\"inLanguage\":\"pl-PL\"},{\"@type\":\"Organization\",\"@id\":\"https:\/\/floratiara.com\/#organization\",\"name\":\"Flora Tiara\",\"url\":\"https:\/\/floratiara.com\/\",\"logo\":{\"@type\":\"ImageObject\",\"inLanguage\":\"pl-PL\",\"@id\":\"https:\/\/floratiara.com\/#\/schema\/logo\/image\/\",\"url\":\"https:\/\/floratiara.com\/wp-content\/uploads\/2024\/03\/flora-tiara-logo.png\",\"contentUrl\":\"https:\/\/floratiara.com\/wp-content\/uploads\/2024\/03\/flora-tiara-logo.png\",\"width\":1024,\"height\":274,\"caption\":\"Flora Tiara\"},\"image\":{\"@id\":\"https:\/\/floratiara.com\/#\/schema\/logo\/image\/\"}}]}<\/script>\n<!-- \/ Yoast SEO plugin. -->","yoast_head_json":{"title":"Kwiatowa opaska na g\u0142ow\u0119 Ivory Blossom - Elegancka kwiatowa korona - Flora Tiara","description":"Wyj\u0105tkowa i pi\u0119kna: Kup nasz\u0105 Kwiatow\u0105 opask\u0119 z ko\u015bci s\u0142oniowej - Eleganck\u0105 kwiatow\u0105 koron\u0119. Wysokiej jako\u015bci opaska na g\u0142ow\u0119, kt\u00f3ra sprawi, \u017ce okazja b\u0119dzie niezapomniana.","robots":{"index":"index","follow":"follow","max-snippet":"max-snippet:-1","max-image-preview":"max-image-preview:large","max-video-preview":"max-video-preview:-1"},"canonical":"https:\/\/floratiara.com\/pl\/p\/elegancka-czapka-z-roza-w-kolorze-kosci-sloniowej\/","og_locale":"pl_PL","og_type":"article","og_title":"Ivory Blossom Floral Headband - Elegant Flower Crown - Flora Tiara","og_description":"Unique and beautiful: Shop our Ivory Blossom Floral Headband - Elegant Flower Crown. Premium high quality headpiece to make the occasion unforgettable.","og_url":"https:\/\/floratiara.com\/pl\/p\/elegancka-czapka-z-roza-w-kolorze-kosci-sloniowej\/","og_site_name":"Flora Tiara","article_modified_time":"2025-03-04T04:42:47+00:00","og_image":[{"width":800,"height":800,"url":"https:\/\/floratiara.com\/wp-content\/uploads\/2024\/03\/Sc87b3acb0c634ecc8c037ab9ed5f68b4w.webp","type":"image\/webp"}],"twitter_card":"summary_large_image","twitter_misc":{"Szacowany czas czytania":"1 minuta"},"schema":{"@context":"https:\/\/schema.org","@graph":[{"@type":"WebPage","@id":"https:\/\/floratiara.com\/p\/elegant-ivory-rose-headpiece\/","url":"https:\/\/floratiara.com\/p\/elegant-ivory-rose-headpiece\/","name":"Kwiatowa opaska na g\u0142ow\u0119 Ivory Blossom - Elegancka kwiatowa korona - Flora Tiara","isPartOf":{"@id":"https:\/\/floratiara.com\/#website"},"primaryImageOfPage":{"@id":"https:\/\/floratiara.com\/p\/elegant-ivory-rose-headpiece\/#primaryimage"},"image":{"@id":"https:\/\/floratiara.com\/p\/elegant-ivory-rose-headpiece\/#primaryimage"},"thumbnailUrl":"https:\/\/floratiara.com\/wp-content\/uploads\/2024\/03\/Sc87b3acb0c634ecc8c037ab9ed5f68b4w.webp","datePublished":"2024-03-16T10:36:02+00:00","dateModified":"2025-03-04T04:42:47+00:00","description":"Wyj\u0105tkowa i pi\u0119kna: Kup nasz\u0105 Kwiatow\u0105 opask\u0119 z ko\u015bci s\u0142oniowej - Eleganck\u0105 kwiatow\u0105 koron\u0119. Wysokiej jako\u015bci opaska na g\u0142ow\u0119, kt\u00f3ra sprawi, \u017ce okazja b\u0119dzie niezapomniana.","breadcrumb":{"@id":"https:\/\/floratiara.com\/p\/elegant-ivory-rose-headpiece\/#breadcrumb"},"inLanguage":"pl-PL","potentialAction":[{"@type":"ReadAction","target":["https:\/\/floratiara.com\/p\/elegant-ivory-rose-headpiece\/"]}]},{"@type":"ImageObject","inLanguage":"pl-PL","@id":"https:\/\/floratiara.com\/p\/elegant-ivory-rose-headpiece\/#primaryimage","url":"https:\/\/floratiara.com\/wp-content\/uploads\/2024\/03\/Sc87b3acb0c634ecc8c037ab9ed5f68b4w.webp","contentUrl":"https:\/\/floratiara.com\/wp-content\/uploads\/2024\/03\/Sc87b3acb0c634ecc8c037ab9ed5f68b4w.webp","width":800,"height":800},{"@type":"BreadcrumbList","@id":"https:\/\/floratiara.com\/p\/elegant-ivory-rose-headpiece\/#breadcrumb","itemListElement":[{"@type":"ListItem","position":1,"name":"Home","item":"https:\/\/floratiara.com\/"},{"@type":"ListItem","position":2,"name":"Shop","item":"https:\/\/floratiara.com\/shop\/"},{"@type":"ListItem","position":3,"name":"Ivory Blossom Floral Headband &#8211; Elegant Flower Crown"}]},{"@type":"WebSite","@id":"https:\/\/floratiara.com\/#website","url":"https:\/\/floratiara.com\/","name":"Flora Tiara","description":"","publisher":{"@id":"https:\/\/floratiara.com\/#organization"},"potentialAction":[{"@type":"SearchAction","target":{"@type":"EntryPoint","urlTemplate":"https:\/\/floratiara.com\/?s={search_term_string}"},"query-input":{"@type":"PropertyValueSpecification","valueRequired":true,"valueName":"search_term_string"}}],"inLanguage":"pl-PL"},{"@type":"Organization","@id":"https:\/\/floratiara.com\/#organization","name":"Flora Tiara","url":"https:\/\/floratiara.com\/","logo":{"@type":"ImageObject","inLanguage":"pl-PL","@id":"https:\/\/floratiara.com\/#\/schema\/logo\/image\/","url":"https:\/\/floratiara.com\/wp-content\/uploads\/2024\/03\/flora-tiara-logo.png","contentUrl":"https:\/\/floratiara.com\/wp-content\/uploads\/2024\/03\/flora-tiara-logo.png","width":1024,"height":274,"caption":"Flora Tiara"},"image":{"@id":"https:\/\/floratiara.com\/#\/schema\/logo\/image\/"}}]}},"_links":{"self":[{"href":"https:\/\/floratiara.com\/pl\/wp-json\/wp\/v2\/product\/696","targetHints":{"allow":["GET"]}}],"collection":[{"href":"https:\/\/floratiara.com\/pl\/wp-json\/wp\/v2\/product"}],"about":[{"href":"https:\/\/floratiara.com\/pl\/wp-json\/wp\/v2\/types\/product"}],"wp:featuredmedia":[{"embeddable":true,"href":"https:\/\/floratiara.com\/pl\/wp-json\/wp\/v2\/media\/695"}],"wp:attachment":[{"href":"https:\/\/floratiara.com\/pl\/wp-json\/wp\/v2\/media?parent=696"}],"wp:term":[{"taxonomy":"product_brand","embeddable":true,"href":"https:\/\/floratiara.com\/pl\/wp-json\/wp\/v2\/product_brand?post=696"},{"taxonomy":"product_cat","embeddable":true,"href":"https:\/\/floratiara.com\/pl\/wp-json\/wp\/v2\/product_cat?post=696"},{"taxonomy":"product_tag","embeddable":true,"href":"https:\/\/floratiara.com\/pl\/wp-json\/wp\/v2\/product_tag?post=696"}],"curies":[{"name":"wp","href":"https:\/\/api.w.org\/{rel}","templated":true}]}}