{"id":70,"date":"2024-03-16T06:43:54","date_gmt":"2024-03-16T06:43:54","guid":{"rendered":"https:\/\/floratiara.com\/?post_type=product&#038;p=70"},"modified":"2025-03-04T04:42:29","modified_gmt":"2025-03-04T04:42:29","slug":"kwiatowy-slubny-stroik-na-glowe-elegancka-ozdoba","status":"publish","type":"product","link":"https:\/\/floratiara.com\/pl\/p\/kwiatowy-slubny-stroik-na-glowe-elegancka-ozdoba\/","title":{"rendered":"Zaczarowana opaska z kwiatow\u0105 koron\u0105 dla panny m\u0142odej"},"content":{"rendered":"<p>Poznaj bajkowy urok naszej opaski Enchanted Bridal Flower Crown. Zanurz si\u0119 w uroku r\u0119cznie zbieranych pastelowych r\u00f3\u017cowych i bia\u0142ych r\u00f3\u017c, delikatnie przeplatanych kapry\u015bnymi r\u00f3\u017cowymi astilbe i jagodami. Eteryczna wst\u0105\u017cka w kolorze ko\u015bci s\u0142oniowej dodaje elegancji, zapewniaj\u0105c idealne dopasowanie na ka\u017cd\u0105 specjaln\u0105 okazj\u0119. Idealna dla przysz\u0142ych panien m\u0142odych lub jako wyko\u0144czenie od\u015bwi\u0119tnego stroju, ta romantyczna ozdoba g\u0142owy sprawi, \u017ce ka\u017cda chwila b\u0119dzie jak z bajki. Podnie\u015b sw\u00f3j wygl\u0105d dzi\u0119ki naszej wykwintnej kwiatowej koronie - ostatecznemu wyrazowi wdzi\u0119ku i wyrafinowania.<\/p><p>Sk\u0142ad: r\u00f3\u017cowe i bia\u0142e r\u00f3\u017ce, r\u00f3\u017cowe astilbe, r\u00f3\u017cowe jagody, wst\u0105\u017cka w kolorze ko\u015bci s\u0142oniowej.<\/p>","protected":false},"excerpt":{"rendered":"<div style=\"width: 90%;text-align: left;margin: auto\"><p style=\"text-align:center\"><b>Od naszych r\u0105k do twojej g\u0142owy<\/b><br \/><i>Luksusowe korony kwiatowe na ka\u017cd\u0105 okazj\u0119<\/i><\/p><ul><li>\u2702\ufe0f Wykonane z dba\u0142o\u015bci\u0105 w sercu <b>Polska<\/b><\/li><li><b>Sk\u0142ad: r\u00f3\u017cowe i bia\u0142e r\u00f3\u017ce, r\u00f3\u017cowe astilbe, r\u00f3\u017cowe jagody, wst\u0105\u017cka w kolorze ko\u015bci s\u0142oniowej.<\/b><\/li><\/ul><\/div>","protected":false},"featured_media":69,"template":"","meta":[],"product_brand":[],"product_cat":[61,78,73,59],"product_tag":[],"class_list":{"0":"post-70","1":"product","2":"type-product","3":"status-publish","4":"has-post-thumbnail","6":"product_cat-bridesmaid-floral-headpiece","7":"product_cat-dried-floral-headpiece","8":"product_cat-pink-floral-headpiece","9":"product_cat-bridal-floral-headpiece","11":"first","12":"instock","13":"shipping-taxable","14":"purchasable","15":"product-type-simple"},"yoast_head":"<!-- This site is optimized with the Yoast SEO plugin v25.9 - https:\/\/yoast.com\/wordpress\/plugins\/seo\/ -->\n<title>Enchanted Bridal Flower Crown Headband - Flora Tiara<\/title>\n<meta name=\"description\" content=\"Unique and beautiful: Shop our Enchanted Bridal Flower Crown Headband. Premium high quality headpiece to make the occasion unforgettable.\" \/>\n<meta name=\"robots\" content=\"index, follow, max-snippet:-1, max-image-preview:large, max-video-preview:-1\" \/>\n<link rel=\"canonical\" href=\"https:\/\/floratiara.com\/pl\/p\/kwiatowy-slubny-stroik-na-glowe-elegancka-ozdoba\/\" \/>\n<meta property=\"og:locale\" content=\"pl_PL\" \/>\n<meta property=\"og:type\" content=\"article\" \/>\n<meta property=\"og:title\" content=\"Enchanted Bridal Flower Crown Headband - Flora Tiara\" \/>\n<meta property=\"og:description\" content=\"Unique and beautiful: Shop our Enchanted Bridal Flower Crown Headband. Premium high quality headpiece to make the occasion unforgettable.\" \/>\n<meta property=\"og:url\" content=\"https:\/\/floratiara.com\/pl\/p\/kwiatowy-slubny-stroik-na-glowe-elegancka-ozdoba\/\" \/>\n<meta property=\"og:site_name\" content=\"Flora Tiara\" \/>\n<meta property=\"article:modified_time\" content=\"2025-03-04T04:42:29+00:00\" \/>\n<meta property=\"og:image\" content=\"https:\/\/floratiara.com\/wp-content\/uploads\/2024\/03\/S99017d28e3124161b3862d1fef281358m.webp\" \/>\n\t<meta property=\"og:image:width\" content=\"1500\" \/>\n\t<meta property=\"og:image:height\" content=\"1500\" \/>\n\t<meta property=\"og:image:type\" content=\"image\/webp\" \/>\n<meta name=\"twitter:card\" content=\"summary_large_image\" \/>\n<meta name=\"twitter:label1\" content=\"Szacowany czas czytania\" \/>\n\t<meta name=\"twitter:data1\" content=\"1 minuta\" \/>\n<script type=\"application\/ld+json\" class=\"yoast-schema-graph\">{\"@context\":\"https:\/\/schema.org\",\"@graph\":[{\"@type\":\"WebPage\",\"@id\":\"https:\/\/floratiara.com\/p\/floral-wedding-headpiece-elegant-adornment\/\",\"url\":\"https:\/\/floratiara.com\/p\/floral-wedding-headpiece-elegant-adornment\/\",\"name\":\"Enchanted Bridal Flower Crown Headband - Flora Tiara\",\"isPartOf\":{\"@id\":\"https:\/\/floratiara.com\/#website\"},\"primaryImageOfPage\":{\"@id\":\"https:\/\/floratiara.com\/p\/floral-wedding-headpiece-elegant-adornment\/#primaryimage\"},\"image\":{\"@id\":\"https:\/\/floratiara.com\/p\/floral-wedding-headpiece-elegant-adornment\/#primaryimage\"},\"thumbnailUrl\":\"https:\/\/floratiara.com\/wp-content\/uploads\/2024\/03\/S99017d28e3124161b3862d1fef281358m.webp\",\"datePublished\":\"2024-03-16T06:43:54+00:00\",\"dateModified\":\"2025-03-04T04:42:29+00:00\",\"description\":\"Unique and beautiful: Shop our Enchanted Bridal Flower Crown Headband. Premium high quality headpiece to make the occasion unforgettable.\",\"breadcrumb\":{\"@id\":\"https:\/\/floratiara.com\/p\/floral-wedding-headpiece-elegant-adornment\/#breadcrumb\"},\"inLanguage\":\"pl-PL\",\"potentialAction\":[{\"@type\":\"ReadAction\",\"target\":[\"https:\/\/floratiara.com\/p\/floral-wedding-headpiece-elegant-adornment\/\"]}]},{\"@type\":\"ImageObject\",\"inLanguage\":\"pl-PL\",\"@id\":\"https:\/\/floratiara.com\/p\/floral-wedding-headpiece-elegant-adornment\/#primaryimage\",\"url\":\"https:\/\/floratiara.com\/wp-content\/uploads\/2024\/03\/S99017d28e3124161b3862d1fef281358m.webp\",\"contentUrl\":\"https:\/\/floratiara.com\/wp-content\/uploads\/2024\/03\/S99017d28e3124161b3862d1fef281358m.webp\",\"width\":1500,\"height\":1500},{\"@type\":\"BreadcrumbList\",\"@id\":\"https:\/\/floratiara.com\/p\/floral-wedding-headpiece-elegant-adornment\/#breadcrumb\",\"itemListElement\":[{\"@type\":\"ListItem\",\"position\":1,\"name\":\"Home\",\"item\":\"https:\/\/floratiara.com\/\"},{\"@type\":\"ListItem\",\"position\":2,\"name\":\"Shop\",\"item\":\"https:\/\/floratiara.com\/shop\/\"},{\"@type\":\"ListItem\",\"position\":3,\"name\":\"Enchanted Bridal Flower Crown Headband\"}]},{\"@type\":\"WebSite\",\"@id\":\"https:\/\/floratiara.com\/#website\",\"url\":\"https:\/\/floratiara.com\/\",\"name\":\"Flora Tiara\",\"description\":\"\",\"publisher\":{\"@id\":\"https:\/\/floratiara.com\/#organization\"},\"potentialAction\":[{\"@type\":\"SearchAction\",\"target\":{\"@type\":\"EntryPoint\",\"urlTemplate\":\"https:\/\/floratiara.com\/?s={search_term_string}\"},\"query-input\":{\"@type\":\"PropertyValueSpecification\",\"valueRequired\":true,\"valueName\":\"search_term_string\"}}],\"inLanguage\":\"pl-PL\"},{\"@type\":\"Organization\",\"@id\":\"https:\/\/floratiara.com\/#organization\",\"name\":\"Flora Tiara\",\"url\":\"https:\/\/floratiara.com\/\",\"logo\":{\"@type\":\"ImageObject\",\"inLanguage\":\"pl-PL\",\"@id\":\"https:\/\/floratiara.com\/#\/schema\/logo\/image\/\",\"url\":\"https:\/\/floratiara.com\/wp-content\/uploads\/2024\/03\/flora-tiara-logo.png\",\"contentUrl\":\"https:\/\/floratiara.com\/wp-content\/uploads\/2024\/03\/flora-tiara-logo.png\",\"width\":1024,\"height\":274,\"caption\":\"Flora Tiara\"},\"image\":{\"@id\":\"https:\/\/floratiara.com\/#\/schema\/logo\/image\/\"}}]}<\/script>\n<!-- \/ Yoast SEO plugin. -->","yoast_head_json":{"title":"Zaczarowana opaska na g\u0142ow\u0119 z kwiatow\u0105 koron\u0105 \u015blubn\u0105 - Flora Tiara","description":"Wyj\u0105tkowa i pi\u0119kna: Kup nasz\u0105 zaczarowan\u0105 opask\u0119 z kwiatami dla panny m\u0142odej. Wysokiej jako\u015bci opaska na g\u0142ow\u0119, kt\u00f3ra sprawi, \u017ce ta okazja b\u0119dzie niezapomniana.","robots":{"index":"index","follow":"follow","max-snippet":"max-snippet:-1","max-image-preview":"max-image-preview:large","max-video-preview":"max-video-preview:-1"},"canonical":"https:\/\/floratiara.com\/pl\/p\/kwiatowy-slubny-stroik-na-glowe-elegancka-ozdoba\/","og_locale":"pl_PL","og_type":"article","og_title":"Enchanted Bridal Flower Crown Headband - Flora Tiara","og_description":"Unique and beautiful: Shop our Enchanted Bridal Flower Crown Headband. Premium high quality headpiece to make the occasion unforgettable.","og_url":"https:\/\/floratiara.com\/pl\/p\/kwiatowy-slubny-stroik-na-glowe-elegancka-ozdoba\/","og_site_name":"Flora Tiara","article_modified_time":"2025-03-04T04:42:29+00:00","og_image":[{"width":1500,"height":1500,"url":"https:\/\/floratiara.com\/wp-content\/uploads\/2024\/03\/S99017d28e3124161b3862d1fef281358m.webp","type":"image\/webp"}],"twitter_card":"summary_large_image","twitter_misc":{"Szacowany czas czytania":"1 minuta"},"schema":{"@context":"https:\/\/schema.org","@graph":[{"@type":"WebPage","@id":"https:\/\/floratiara.com\/p\/floral-wedding-headpiece-elegant-adornment\/","url":"https:\/\/floratiara.com\/p\/floral-wedding-headpiece-elegant-adornment\/","name":"Zaczarowana opaska na g\u0142ow\u0119 z kwiatow\u0105 koron\u0105 \u015blubn\u0105 - Flora Tiara","isPartOf":{"@id":"https:\/\/floratiara.com\/#website"},"primaryImageOfPage":{"@id":"https:\/\/floratiara.com\/p\/floral-wedding-headpiece-elegant-adornment\/#primaryimage"},"image":{"@id":"https:\/\/floratiara.com\/p\/floral-wedding-headpiece-elegant-adornment\/#primaryimage"},"thumbnailUrl":"https:\/\/floratiara.com\/wp-content\/uploads\/2024\/03\/S99017d28e3124161b3862d1fef281358m.webp","datePublished":"2024-03-16T06:43:54+00:00","dateModified":"2025-03-04T04:42:29+00:00","description":"Wyj\u0105tkowa i pi\u0119kna: Kup nasz\u0105 zaczarowan\u0105 opask\u0119 z kwiatami dla panny m\u0142odej. Wysokiej jako\u015bci opaska na g\u0142ow\u0119, kt\u00f3ra sprawi, \u017ce ta okazja b\u0119dzie niezapomniana.","breadcrumb":{"@id":"https:\/\/floratiara.com\/p\/floral-wedding-headpiece-elegant-adornment\/#breadcrumb"},"inLanguage":"pl-PL","potentialAction":[{"@type":"ReadAction","target":["https:\/\/floratiara.com\/p\/floral-wedding-headpiece-elegant-adornment\/"]}]},{"@type":"ImageObject","inLanguage":"pl-PL","@id":"https:\/\/floratiara.com\/p\/floral-wedding-headpiece-elegant-adornment\/#primaryimage","url":"https:\/\/floratiara.com\/wp-content\/uploads\/2024\/03\/S99017d28e3124161b3862d1fef281358m.webp","contentUrl":"https:\/\/floratiara.com\/wp-content\/uploads\/2024\/03\/S99017d28e3124161b3862d1fef281358m.webp","width":1500,"height":1500},{"@type":"BreadcrumbList","@id":"https:\/\/floratiara.com\/p\/floral-wedding-headpiece-elegant-adornment\/#breadcrumb","itemListElement":[{"@type":"ListItem","position":1,"name":"Home","item":"https:\/\/floratiara.com\/"},{"@type":"ListItem","position":2,"name":"Shop","item":"https:\/\/floratiara.com\/shop\/"},{"@type":"ListItem","position":3,"name":"Enchanted Bridal Flower Crown Headband"}]},{"@type":"WebSite","@id":"https:\/\/floratiara.com\/#website","url":"https:\/\/floratiara.com\/","name":"Flora Tiara","description":"","publisher":{"@id":"https:\/\/floratiara.com\/#organization"},"potentialAction":[{"@type":"SearchAction","target":{"@type":"EntryPoint","urlTemplate":"https:\/\/floratiara.com\/?s={search_term_string}"},"query-input":{"@type":"PropertyValueSpecification","valueRequired":true,"valueName":"search_term_string"}}],"inLanguage":"pl-PL"},{"@type":"Organization","@id":"https:\/\/floratiara.com\/#organization","name":"Flora Tiara","url":"https:\/\/floratiara.com\/","logo":{"@type":"ImageObject","inLanguage":"pl-PL","@id":"https:\/\/floratiara.com\/#\/schema\/logo\/image\/","url":"https:\/\/floratiara.com\/wp-content\/uploads\/2024\/03\/flora-tiara-logo.png","contentUrl":"https:\/\/floratiara.com\/wp-content\/uploads\/2024\/03\/flora-tiara-logo.png","width":1024,"height":274,"caption":"Flora Tiara"},"image":{"@id":"https:\/\/floratiara.com\/#\/schema\/logo\/image\/"}}]}},"_links":{"self":[{"href":"https:\/\/floratiara.com\/pl\/wp-json\/wp\/v2\/product\/70","targetHints":{"allow":["GET"]}}],"collection":[{"href":"https:\/\/floratiara.com\/pl\/wp-json\/wp\/v2\/product"}],"about":[{"href":"https:\/\/floratiara.com\/pl\/wp-json\/wp\/v2\/types\/product"}],"wp:featuredmedia":[{"embeddable":true,"href":"https:\/\/floratiara.com\/pl\/wp-json\/wp\/v2\/media\/69"}],"wp:attachment":[{"href":"https:\/\/floratiara.com\/pl\/wp-json\/wp\/v2\/media?parent=70"}],"wp:term":[{"taxonomy":"product_brand","embeddable":true,"href":"https:\/\/floratiara.com\/pl\/wp-json\/wp\/v2\/product_brand?post=70"},{"taxonomy":"product_cat","embeddable":true,"href":"https:\/\/floratiara.com\/pl\/wp-json\/wp\/v2\/product_cat?post=70"},{"taxonomy":"product_tag","embeddable":true,"href":"https:\/\/floratiara.com\/pl\/wp-json\/wp\/v2\/product_tag?post=70"}],"curies":[{"name":"wp","href":"https:\/\/api.w.org\/{rel}","templated":true}]}}